{"id":83,"date":"2018-10-25T06:01:35","date_gmt":"2018-10-24T22:01:35","guid":{"rendered":"http:\/\/www.meatprocessingmachine.org\/?p=83"},"modified":"2026-02-12T16:42:44","modified_gmt":"2026-02-12T08:42:44","slug":"the-rotary-sterilizing-pot","status":"publish","type":"product","link":"https:\/\/www.meatprocessingmachine.org\/pl\/the-rotary-sterilizing-pot.html","title":{"rendered":"Wir\u00f3wka do sterylizacji"},"content":{"rendered":"<div class=\"kk-star-ratings kksr-auto kksr-align-right kksr-valign-top\"     data-payload='{&quot;align&quot;:&quot;right&quot;,&quot;id&quot;:&quot;83&quot;,&quot;slug&quot;:&quot;default&quot;,&quot;valign&quot;:&quot;top&quot;,&quot;ignore&quot;:&quot;&quot;,&quot;reference&quot;:&quot;auto&quot;,&quot;class&quot;:&quot;&quot;,&quot;count&quot;:&quot;0&quot;,&quot;legendonly&quot;:&quot;&quot;,&quot;readonly&quot;:&quot;&quot;,&quot;score&quot;:&quot;0&quot;,&quot;starsonly&quot;:&quot;&quot;,&quot;best&quot;:&quot;5&quot;,&quot;gap&quot;:&quot;5&quot;,&quot;greet&quot;:&quot;Rate this product&quot;,&quot;legend&quot;:&quot;0\\\/5 - (0 votes)&quot;,&quot;size&quot;:&quot;24&quot;,&quot;title&quot;:&quot;Rotary\u00a0Sterilizing\u00a0Pot&quot;,&quot;width&quot;:&quot;0&quot;,&quot;_legend&quot;:&quot;{score}\\\/{best} - ({count} {votes})&quot;,&quot;font_factor&quot;:&quot;1.25&quot;}'>              <div class=\"kksr-stars\">      <div class=\"kksr-stars-inactive\">             <div class=\"kksr-star\" data-star=\"1\" style=\"padding-right: 5px\">               <div class=\"kksr-icon\" style=\"width: 24px; height: 24px;\"><\/div>         <\/div>             <div class=\"kksr-star\" data-star=\"2\" style=\"padding-right: 5px\">               <div class=\"kksr-icon\" style=\"width: 24px; height: 24px;\"><\/div>         <\/div>             <div class=\"kksr-star\" data-star=\"3\" style=\"padding-right: 5px\">               <div class=\"kksr-icon\" style=\"width: 24px; height: 24px;\"><\/div>         <\/div>             <div class=\"kksr-star\" data-star=\"4\" style=\"padding-right: 5px\">               <div class=\"kksr-icon\" style=\"width: 24px; height: 24px;\"><\/div>         <\/div>             <div class=\"kksr-star\" data-star=\"5\" style=\"padding-right: 5px\">               <div class=\"kksr-icon\" style=\"width: 24px; height: 24px;\"><\/div>         <\/div>     <\/div>      <div class=\"kksr-stars-active\" style=\"width: 0px;\">             <div class=\"kksr-star\" style=\"padding-right: 5px\">               <div class=\"kksr-icon\" style=\"width: 24px; height: 24px;\"><\/div>         <\/div>             <div class=\"kksr-star\" style=\"padding-right: 5px\">               <div class=\"kksr-icon\" style=\"width: 24px; height: 24px;\"><\/div>         <\/div>             <div class=\"kksr-star\" style=\"padding-right: 5px\">               <div class=\"kksr-icon\" style=\"width: 24px; height: 24px;\"><\/div>         <\/div>             <div class=\"kksr-star\" style=\"padding-right: 5px\">               <div class=\"kksr-icon\" style=\"width: 24px; height: 24px;\"><\/div>         <\/div>             <div class=\"kksr-star\" style=\"padding-right: 5px\">               <div class=\"kksr-icon\" style=\"width: 24px; height: 24px;\"><\/div>         <\/div>     <\/div> <\/div>                   <div class=\"kksr-legend\" style=\"font-size: 19.2px;\">             <span class=\"kksr-muted\">Oce\u0144 ten produkt<\/span>     <\/div>     <\/div> <p class=\"translation-block\">Urz\u0105dzenie z klatk\u0105 z materia\u0142u wir\u00f3wki sterylizacyjnej  jest sterowane przez zaawansowane mi\u0119dzynarodowe elementy r\u0119czne. Projekt ca\u0142ej maszyny jest rozs\u0105dny. Jest bezpieczne i niezawodne w obs\u0142udze, struktura jest zwarta, obs\u0142uga jest \u0142atwa, konserwacja jest wygodna, a instalacja prosta.<\/p> <p>W procesie ci\u0105g\u0142ej sterylizacji cykl sterylizacji jest po\u0142owiony, co oszcz\u0119dza po\u0142ow\u0119 energii. To idealne urz\u0105dzenie dla ma\u0142ych i \u015brednich producent\u00f3w \u017cywno\u015bci w ekologicznych miastach.<\/p> <p class=\"translation-block\"><strong>Zakres zastosowania wir\u00f3wki sterylizacyjnej:<\/strong><\/p> <p class=\"translation-block\">Jako niezb\u0119dne urz\u0105dzenie do podgrzewania, izolacji, sterylizacji, ch\u0142odzenia, obr\u00f3bki lub przechowywania cieczy, <strong>wir\u00f3wka sterylizacyjna<\/strong> jest szeroko stosowana w przemy\u015ble spo\u017cywczym, sokowym, farmaceutycznym, chemicznym, napojowym i innych.<\/p> <div class=\"col-md-6\"><img decoding=\"async\" style=\"height: 350px;\" src=\"http:\/\/www.meatprocessingmachine.org\/wp-content\/uploads\/2018\/10\/The-rotary-sterilizing-pot12.jpg\" alt=\"\" title=\"\"><\/div> <div class=\"col-md-6\"><img decoding=\"async\" style=\"height: 350px;\" src=\"http:\/\/www.meatprocessingmachine.org\/wp-content\/uploads\/2018\/10\/The-rotary-sterilizing-pot16.jpg\" alt=\"\" title=\"\"><\/div> <p class=\"translation-block\"><strong>Parametry wir\u00f3wki sterylizacyjnej:<\/strong><\/p> <div class=\"table-responsive\"> <table class=\"table\"> <tbody> <tr> <td rowspan=\"2\" width=\"93\">Pozycja<\/td> <td colspan=\"2\" width=\"108\">TZ-1000<\/td> <td colspan=\"2\" width=\"134\">TZ-1200<\/td> <td colspan=\"2\" width=\"138\">TZ-1300<\/td> <td colspan=\"2\" width=\"128\">TZ-1400<\/td> <\/tr> <tr> <td width=\"47\">1<\/td> <td width=\"61\">2<\/td> <td width=\"34\">1<\/td> <td width=\"100\">2<\/td> <td width=\"34\">1<\/td> <td width=\"104\">2<\/td> <td width=\"34\">1<\/td> <td width=\"94\">2<\/td> <\/tr> <tr> <td width=\"93\">\u015arednica wewn\u0119trzna (mm)<\/td> <td colspan=\"2\" width=\"108\">1000<\/td> <td colspan=\"2\" width=\"134\">1200<\/td> <td colspan=\"2\" width=\"138\">1300<\/td> <td colspan=\"2\" width=\"128\">1400<\/td> <\/tr> <tr> <td width=\"93\">D\u0142ugo\u015b\u0107 pojemnika (mm)<\/td> <td width=\"47\">3000<\/td> <td width=\"61\">3600<\/td> <td width=\"34\">3000<\/td> <td width=\"100\">3600<\/td> <td width=\"34\">3000<\/td> <td width=\"104\">3600<\/td> <td width=\"34\">3000<\/td> <td width=\"94\">3600<\/td> <\/tr> <tr> <td width=\"93\">Materia\u0142<\/td> <td colspan=\"8\" width=\"507\">SUS304\/Q235B<\/td> <\/tr> <tr> <td width=\"93\">Zaprojektowana temperatura<\/td> <td colspan=\"8\" width=\"507\">147\u00b0C<\/td> <\/tr> <tr> <td width=\"93\">Ci\u015bnienie testowe<\/td> <td colspan=\"8\" width=\"507\">0,44 MPa<\/td> <\/tr> <tr> <td width=\"93\">Zaprojektowane ci\u015bnienie<\/td> <td colspan=\"8\" width=\"507\">0,35 MPa<\/td> <\/tr> <\/tbody> <\/table> <\/div>","protected":false},"excerpt":{"rendered":"<p>The material cage device of the rotary sterilization pot is controlled by international advanced manual components. The design of the whole machine is reasonable. It is safe and reliable to operate, the structure is compact, the operation is easy, the maintenance is convenient, and the installation is simple. In the process of continuous sterilization, the [&hellip;]<\/p>\n","protected":false},"author":1,"featured_media":177,"parent":0,"template":"","product-type":[598],"class_list":["post-83","product","type-product","status-publish","has-post-thumbnail","hentry","product-type-supporting-auxiliary-equipment"],"_links":{"self":[{"href":"https:\/\/www.meatprocessingmachine.org\/pl\/wp-json\/wp\/v2\/product\/83","targetHints":{"allow":["GET"]}}],"collection":[{"href":"https:\/\/www.meatprocessingmachine.org\/pl\/wp-json\/wp\/v2\/product"}],"about":[{"href":"https:\/\/www.meatprocessingmachine.org\/pl\/wp-json\/wp\/v2\/types\/product"}],"author":[{"embeddable":true,"href":"https:\/\/www.meatprocessingmachine.org\/pl\/wp-json\/wp\/v2\/users\/1"}],"wp:featuredmedia":[{"embeddable":true,"href":"https:\/\/www.meatprocessingmachine.org\/pl\/wp-json\/wp\/v2\/media\/177"}],"wp:attachment":[{"href":"https:\/\/www.meatprocessingmachine.org\/pl\/wp-json\/wp\/v2\/media?parent=83"}],"wp:term":[{"taxonomy":"product-type","embeddable":true,"href":"https:\/\/www.meatprocessingmachine.org\/pl\/wp-json\/wp\/v2\/product-type?post=83"}],"curies":[{"name":"wp","href":"https:\/\/api.w.org\/{rel}","templated":true}]}}