{"id":839,"date":"2020-10-29T15:43:39","date_gmt":"2020-10-29T07:43:39","guid":{"rendered":"http:\/\/www.meatprocessingmachine.org\/?p=839"},"modified":"2026-02-12T16:12:05","modified_gmt":"2026-02-12T08:12:05","slug":"sausage-production-line-for-sausage-making","status":"publish","type":"product","link":"https:\/\/www.meatprocessingmachine.org\/pl\/sausage-production-line-for-sausage-making.html","title":{"rendered":"Linia produkcyjna kie\u0142bas"},"content":{"rendered":"<div class=\"kk-star-ratings kksr-auto kksr-align-right kksr-valign-top\"     data-payload='{&quot;align&quot;:&quot;right&quot;,&quot;id&quot;:&quot;839&quot;,&quot;slug&quot;:&quot;default&quot;,&quot;valign&quot;:&quot;top&quot;,&quot;ignore&quot;:&quot;&quot;,&quot;reference&quot;:&quot;auto&quot;,&quot;class&quot;:&quot;&quot;,&quot;count&quot;:&quot;0&quot;,&quot;legendonly&quot;:&quot;&quot;,&quot;readonly&quot;:&quot;&quot;,&quot;score&quot;:&quot;0&quot;,&quot;starsonly&quot;:&quot;&quot;,&quot;best&quot;:&quot;5&quot;,&quot;gap&quot;:&quot;5&quot;,&quot;greet&quot;:&quot;Rate this product&quot;,&quot;legend&quot;:&quot;0\\\/5 - (0 votes)&quot;,&quot;size&quot;:&quot;24&quot;,&quot;title&quot;:&quot;Sausage Production Line&quot;,&quot;width&quot;:&quot;0&quot;,&quot;_legend&quot;:&quot;{score}\\\/{best} - ({count} {votes})&quot;,&quot;font_factor&quot;:&quot;1.25&quot;}'>              <div class=\"kksr-stars\">      <div class=\"kksr-stars-inactive\">             <div class=\"kksr-star\" data-star=\"1\" style=\"padding-right: 5px\">               <div class=\"kksr-icon\" style=\"width: 24px; height: 24px;\"><\/div>         <\/div>             <div class=\"kksr-star\" data-star=\"2\" style=\"padding-right: 5px\">               <div class=\"kksr-icon\" style=\"width: 24px; height: 24px;\"><\/div>         <\/div>             <div class=\"kksr-star\" data-star=\"3\" style=\"padding-right: 5px\">               <div class=\"kksr-icon\" style=\"width: 24px; height: 24px;\"><\/div>         <\/div>             <div class=\"kksr-star\" data-star=\"4\" style=\"padding-right: 5px\">               <div class=\"kksr-icon\" style=\"width: 24px; height: 24px;\"><\/div>         <\/div>             <div class=\"kksr-star\" data-star=\"5\" style=\"padding-right: 5px\">               <div class=\"kksr-icon\" style=\"width: 24px; height: 24px;\"><\/div>         <\/div>     <\/div>      <div class=\"kksr-stars-active\" style=\"width: 0px;\">             <div class=\"kksr-star\" style=\"padding-right: 5px\">               <div class=\"kksr-icon\" style=\"width: 24px; height: 24px;\"><\/div>         <\/div>             <div class=\"kksr-star\" style=\"padding-right: 5px\">               <div class=\"kksr-icon\" style=\"width: 24px; height: 24px;\"><\/div>         <\/div>             <div class=\"kksr-star\" style=\"padding-right: 5px\">               <div class=\"kksr-icon\" style=\"width: 24px; height: 24px;\"><\/div>         <\/div>             <div class=\"kksr-star\" style=\"padding-right: 5px\">               <div class=\"kksr-icon\" style=\"width: 24px; height: 24px;\"><\/div>         <\/div>             <div class=\"kksr-star\" style=\"padding-right: 5px\">               <div class=\"kksr-icon\" style=\"width: 24px; height: 24px;\"><\/div>         <\/div>     <\/div> <\/div>                   <div class=\"kksr-legend\" style=\"font-size: 19.2px;\">             <span class=\"kksr-muted\">Oce\u0144 ten produkt<\/span>     <\/div>     <\/div>  <p>Linia produkcyjna kie\u0142bas zawiera szereg maszyn do produkcji kie\u0142bas. Obejmuje m\u0142y\u0144k\u0119 do mi\u0119sa, krajalnic\u0119, mieszalnik pr\u00f3\u017cniowy, maszyn\u0119 do nadziewania kie\u0142bas, w\u0119dzarni\u0119 mi\u0119sa, maszyn\u0119 do pakowania pr\u00f3\u017cniowego i inne. Te maszyny do przetw\u00f3rstwa kie\u0142bas maj\u0105 stabiln\u0105 konstrukcj\u0119 i prost\u0105 obs\u0142ug\u0119, s\u0105 najlepszym wyborem do produkcji kie\u0142bas.<\/p>    <h2 class=\"wp-block-heading\" id=\"h-brief-introduction-of-sausage\">Kr\u00f3tki opis kie\u0142basy<\/h2>    <p>Kie\u0142basa to bardzo stara technologia produkcji i konserwacji mi\u0119sa. Powstaje przez wk\u0142adanie mi\u0119sa do os\u0142onek wieprzowych lub owczych, a nast\u0119pnie w\u0119dzenie. W\u0119dzona kie\u0142basa ma jaskrawoczerwony kolor i bogaty smak. Jest bardzo popularnym produktem spo\u017cywczym.<\/p>    <h2 class=\"wp-block-heading\" id=\"h-types-of-sausages\">Rodzaje kie\u0142bas<\/h2>    <p>Na rynku dost\u0119pne s\u0105 dwa popularne rodzaje kie\u0142bas, jedna to kie\u0142basa z t\u0142uczonym mi\u0119sem, druga to kie\u0142basa z cz\u0105stkami mi\u0119sa.<\/p>    <p>G\u0142\u00f3wn\u0105 r\u00f3\u017cnic\u0105 mi\u0119dzy dwoma rodzajami kie\u0142bas jest u\u017cywany surowiec. Gotowe kie\u0142basy r\u00f3wnie\u017c si\u0119 r\u00f3\u017cni\u0105.<\/p>    <div class=\"wp-block-columns is-layout-flex wp-container-core-columns-is-layout-9d6595d7 wp-block-columns-is-layout-flex\"> <div class=\"wp-block-column is-layout-flow wp-block-column-is-layout-flow\"> <figure class=\"wp-block-image size-large\"><img loading=\"lazy\" decoding=\"async\" width=\"550\" height=\"350\" src=\"http:\/\/www.meatprocessingmachine.org\/wp-content\/uploads\/2020\/10\/mashed-meat-sausage.jpg\" alt=\"mashed meat sausage\" class=\"wp-image-851\" title=\"\" srcset=\"https:\/\/www.meatprocessingmachine.org\/wp-content\/uploads\/2020\/10\/mashed-meat-sausage.jpg 550w, https:\/\/www.meatprocessingmachine.org\/wp-content\/uploads\/2020\/10\/mashed-meat-sausage-300x191.jpg 300w\" sizes=\"auto, (max-width: 550px) 100vw, 550px\" \/><figcaption class=\"wp-element-caption\">Kie\u0142basa z t\u0142uczonym mi\u0119sem<\/figcaption><\/figure> <\/div>    <div class=\"wp-block-column is-layout-flow wp-block-column-is-layout-flow\"> <figure class=\"wp-block-image size-large\"><img loading=\"lazy\" decoding=\"async\" width=\"550\" height=\"350\" src=\"http:\/\/www.meatprocessingmachine.org\/wp-content\/uploads\/2020\/10\/pellets-meat-sausage.png\" alt=\"pellets meat sausage\" class=\"wp-image-852\" title=\"\" srcset=\"https:\/\/www.meatprocessingmachine.org\/wp-content\/uploads\/2020\/10\/pellets-meat-sausage.png 550w, https:\/\/www.meatprocessingmachine.org\/wp-content\/uploads\/2020\/10\/pellets-meat-sausage-300x191.png 300w\" sizes=\"auto, (max-width: 550px) 100vw, 550px\" \/><figcaption class=\"wp-element-caption\">Kie\u0142basa z mielonego mi\u0119sa<\/figcaption><\/figure> <\/div> <\/div>    <p>Kie\u0142basy z mi\u0119sa mielonego s\u0105 twardsze ni\u017c kie\u0142basy z t\u0142uczonym mi\u0119sem. W zale\u017cno\u015bci od surowc\u00f3w, kt\u00f3re si\u0119 u\u017cywa, maszyny do produkcji kie\u0142bas dla obu rodzaj\u00f3w s\u0105 nieco r\u00f3\u017cne.<\/p>    <h2 class=\"wp-block-heading\" id=\"h-sausage-processing-steps\">Etapy przetw\u00f3rstwa kie\u0142bas<\/h2>    <div class=\"wp-block-group\"><div class=\"wp-block-group__inner-container is-layout-flow wp-block-group-is-layout-flow\"><\/div><\/div>    <div class=\"wp-block-group\"><div class=\"wp-block-group__inner-container is-layout-flow wp-block-group-is-layout-flow\"> <div class=\"wp-block-columns is-layout-flex wp-container-core-columns-is-layout-9d6595d7 wp-block-columns-is-layout-flex\"> <div class=\"wp-block-column is-layout-flow wp-block-column-is-layout-flow\"> <figure class=\"wp-block-image size-large\"><img loading=\"lazy\" decoding=\"async\" width=\"720\" height=\"540\" src=\"http:\/\/www.meatprocessingmachine.org\/wp-content\/uploads\/2020\/10\/mashed-sausage-making-machines.jpg\" alt=\"mashed sausage making machines\" class=\"wp-image-843\" title=\"\" srcset=\"https:\/\/www.meatprocessingmachine.org\/wp-content\/uploads\/2020\/10\/mashed-sausage-making-machines.jpg 720w, https:\/\/www.meatprocessingmachine.org\/wp-content\/uploads\/2020\/10\/mashed-sausage-making-machines-300x225.jpg 300w\" sizes=\"auto, (max-width: 720px) 100vw, 720px\" \/><figcaption class=\"wp-element-caption\">Maszyny do t\u0142uczonych kie\u0142bas<\/figcaption><\/figure>    <p style=\"font-size:18px\">Etapy t\u0142uczenia kie\u0142bas: mielenie, krojenie, mieszanie, nape\u0142nianie, w\u0119dzenie i pakowanie.<\/p> <\/div>    <div class=\"wp-block-column is-layout-flow wp-block-column-is-layout-flow\"> <figure class=\"wp-block-image size-large\"><img loading=\"lazy\" decoding=\"async\" width=\"720\" height=\"540\" src=\"http:\/\/www.meatprocessingmachine.org\/wp-content\/uploads\/2020\/10\/meat-pellets-sausage-making-machines.jpg\" alt=\"meat pellets sausage making machines\" class=\"wp-image-844\" title=\"\" srcset=\"https:\/\/www.meatprocessingmachine.org\/wp-content\/uploads\/2020\/10\/meat-pellets-sausage-making-machines.jpg 720w, https:\/\/www.meatprocessingmachine.org\/wp-content\/uploads\/2020\/10\/meat-pellets-sausage-making-machines-300x225.jpg 300w\" sizes=\"auto, (max-width: 720px) 100vw, 720px\" \/><figcaption class=\"wp-element-caption\">Maszyny do produkcji kie\u0142bas z mielonego mi\u0119sa<\/figcaption><\/figure>    <p style=\"font-size:18px\">Etapy produkcji kie\u0142bas z mielonego mi\u0119sa: mielenie, mieszanie, nape\u0142nianie, w\u0119dzenie i pakowanie.<\/p> <\/div> <\/div> <\/div><\/div>    <p>Proces produkcji kie\u0142bas t\u0142uczonych jest mniej wi\u0119cej taki sam jak w przypadku kie\u0142bas z pelletami, a kie\u0142basy t\u0142uczone maj\u0105 jeszcze jeden krok: krojenie i emulgowanie mi\u0119sa. Poni\u017cej przyk\u0142ad linii produkcyjnej kie\u0142bas t\u0142uczonych, aby przedstawi\u0107 proces produkcji.<\/p>    <ul class=\"wp-block-list\"> <li><strong>Wyb\u00f3r surowc\u00f3w<\/strong> &nbsp;  Surowce do kie\u0142bas powinny pochodzi\u0107 z wykwalifikowanej wieprzowiny lub wo\u0142owiny.<\/li>    <li><strong>Mielenie mi\u0119sa&nbsp;&nbsp;<\/strong>      W\u0142\u00f3\u017c zamro\u017cone mi\u0119so do m\u0142y\u0144ki do mi\u0119sa, kt\u00f3ra zazwyczaj u\u017cywa tarczy o otworze 6-8mm, aby zrobi\u0107 cienkie paski.<\/li>    <li><strong>maszyna do krojenia wo\u0142owiny<\/strong> &nbsp;        No\u017ce maszyny do krojenia mi\u0119sa kroj\u0105 mi\u0119so na puree z du\u017c\u0105 pr\u0119dko\u015bci\u0105.<\/li>    <li><strong>Mieszanie mi\u0119sa w pr\u00f3\u017cni&nbsp;<\/strong>&nbsp;   W\u0142\u00f3\u017c posiekan\u0105 mas\u0119 mi\u0119sn\u0105 i przyprawy do mieszalnika pr\u00f3\u017cniowego i wymieszaj. W \u015brodowisku pr\u00f3\u017cniowym przyprawy b\u0119d\u0105 si\u0119 wnika\u0107 w mi\u0119so tak g\u0142\u0119boko, jak to mo\u017cliwe, aby zapewni\u0107 jako\u015b\u0107 mi\u0119sa.<\/li>    <li><strong>Nadziewanie kie\u0142bas<\/strong> &nbsp;      &nbsp;Op\u0142ucz wewn\u0119trzn\u0105 \u015bcian\u0119 wybranej suchej os\u0142onki w ciep\u0142ej wodzie o temperaturze 30-35\u2103. Po odprowadzeniu wody, u\u017cyj pr\u00f3\u017cniowej nadziewarki do mi\u0119sa, aby wla\u0107 mi\u0119so do os\u0142onki. Podczas nape\u0142niania mi\u0119sa, upewnij si\u0119, \u017ce enema jest pe\u0142ne, nie ma powietrza w jelicie, a oba ko\u0144ce s\u0105 mocno zawi\u0105zane.<\/li>    <li><strong><a href=\"http:\/\/www.meatprocessingmachine.org\/pl\/sausage-binding-tying-machine.html\/\">Zawi\u0105zywanie kie\u0142bas<\/a><\/strong>          &nbsp;W linii produkcyjnej kie\u0142bas u\u017cywa si\u0119 maszyny do wi\u0105zania, aby zwi\u0105za\u0107 kie\u0142basy w odcinki. Zawi\u0105\u017c sznurek na okre\u015blon\u0105 d\u0142ugo\u015b\u0107, aby zapewni\u0107 r\u00f3wnowag\u0119 kie\u0142basy.<\/li>    <li><strong>W\u0119dzarnia<\/strong>&nbsp;   &nbsp;W\u0119dzarnia ma funkcje pieczenia, parowania i w\u0119dzenia. Mo\u017ce realizowa\u0107 wszystkie etapy w\u0119dzenia kie\u0142bas. W\u0119dzona kie\u0142basa ma b\u0142yszcz\u0105ce cia\u0142o.<\/li>    <li><strong>Pakowanie pr\u00f3\u017cniowe <\/strong>  &nbsp;Zazwyczaj wybiera si\u0119 maszyn\u0119 do pakowania pr\u00f3\u017cniowego do pakowania kie\u0142bas. U\u0142atwia to transport i przechowywanie.<\/li> <\/ul>    <h2 class=\"wp-block-heading\" id=\"h-sausage-making-machines-parameters\">Parametry maszyny do produkcji kie\u0142bas<\/h2>    <figure class=\"wp-block-table\"><table><tbody><tr><td><strong>Numer<\/strong><strong><\/strong><\/td><td><strong>Nazwa<\/strong><strong><\/strong><\/td><td><strong>Zdj\u0119cie<\/strong><strong><\/strong><\/td><td><strong>Parametr<\/strong><strong><\/strong><\/td><\/tr><tr><td>1<\/td><td>Maszyna do mielenia mi\u0119sa<\/td><td>&nbsp;         <img loading=\"lazy\" decoding=\"async\" width=\"150\" height=\"95\" class=\"wp-image-845\" style=\"width: 150px;\" src=\"http:\/\/www.meatprocessingmachine.org\/wp-content\/uploads\/2020\/10\/meat-grinding-machine.jpg\" alt=\"meat grinding machine\" title=\"\" srcset=\"https:\/\/www.meatprocessingmachine.org\/wp-content\/uploads\/2020\/10\/meat-grinding-machine.jpg 550w, https:\/\/www.meatprocessingmachine.org\/wp-content\/uploads\/2020\/10\/meat-grinding-machine-300x191.jpg 300w\" sizes=\"auto, (max-width: 150px) 100vw, 150px\" \/>           <\/td><td>Wydajno\u015b\u0107:500kg\/h<br>Moc:3.0kw<br>Napi\u0119cie:380V\/50Hz<br>Rozmiar:980*580*940mm<br>Waga:180kg&nbsp;<\/td><\/tr><tr><td>2<\/td><td>Maszyna do krojenia mi\u0119sa<\/td><td>&nbsp;<img loading=\"lazy\" decoding=\"async\" width=\"150\" height=\"95\" class=\"wp-image-846\" style=\"width: 150px;\" src=\"http:\/\/www.meatprocessingmachine.org\/wp-content\/uploads\/2020\/10\/meat-cutting-machine.jpg\" alt=\"Du\u017cy krajalnik mi\u0119sa\" title=\"\" srcset=\"https:\/\/www.meatprocessingmachine.org\/wp-content\/uploads\/2020\/10\/meat-cutting-machine.jpg 550w, https:\/\/www.meatprocessingmachine.org\/wp-content\/uploads\/2020\/10\/meat-cutting-machine-300x191.jpg 300w\" sizes=\"auto, (max-width: 150px) 100vw, 150px\" \/><\/td><td>Pojemno\u015b\u0107:40kg\/cykl<br>Moc:13.17kw<br>Napi\u0119cie:380V\/50H<br>Rozmiar:1250*1415*1610mm<br>Waga:480kg&nbsp;<\/td><\/tr><tr><td>3<\/td><td><a href=\"http:\/\/www.meatprocessingmachine.org\/pl\/vacuum-stuffing-machine.html\/\">Mieszalnik mi\u0119sa<\/a><\/td><td>&nbsp;<img loading=\"lazy\" decoding=\"async\" width=\"150\" height=\"95\" class=\"wp-image-847\" style=\"width: 150px;\" src=\"http:\/\/www.meatprocessingmachine.org\/wp-content\/uploads\/2020\/10\/vacuum-meat-mixer-machine.jpg\" alt=\"vacuum meat mixer machine\" title=\"\" srcset=\"https:\/\/www.meatprocessingmachine.org\/wp-content\/uploads\/2020\/10\/vacuum-meat-mixer-machine.jpg 550w, https:\/\/www.meatprocessingmachine.org\/wp-content\/uploads\/2020\/10\/vacuum-meat-mixer-machine-300x191.jpg 300w\" sizes=\"auto, (max-width: 150px) 100vw, 150px\" \/><\/td><td>Pr\u0119dko\u015b\u0107 zginania: 100 razy\/min<br>Produkcja:200-300kg\/h<br>Zakres ilo\u015bciowy: 20-500g<br>Napi\u0119cie:220V \/ 50HZ<br>Wysoko\u015b\u0107 centrum roboczego: 850mm<br>Wymiary og\u00f3lne: 650*640*1430(mm)<br>Waga:145kg&nbsp;<\/td><\/tr><tr><td>4<\/td><td>Maszyna do nadziewania kie\u0142bas<\/td><td>&nbsp;<img loading=\"lazy\" decoding=\"async\" width=\"150\" height=\"95\" class=\"wp-image-848\" style=\"width: 150px;\" src=\"http:\/\/www.meatprocessingmachine.org\/wp-content\/uploads\/2020\/10\/sausage-filling-machine.jpg\" alt=\"hydrauliczna maszyna do lewatywy\" title=\"\" srcset=\"https:\/\/www.meatprocessingmachine.org\/wp-content\/uploads\/2020\/10\/sausage-filling-machine.jpg 550w, https:\/\/www.meatprocessingmachine.org\/wp-content\/uploads\/2020\/10\/sausage-filling-machine-300x191.jpg 300w\" sizes=\"auto, (max-width: 150px) 100vw, 150px\" \/><\/td><td>Pr\u0119dko\u015b\u0107 zginania: 100 razy\/min<br>Produkcja:200-300kg\/h<br>Zakres ilo\u015bciowy: 20-500g<br>Napi\u0119cie:220V \/ 50HZ<br>Wysoko\u015b\u0107 centrum roboczego: 850mm<br>Wymiary og\u00f3lne: 650*640*1430(mm)<br>Waga:145kg&nbsp;<\/td><\/tr><tr><td>5<\/td><td><a href=\"http:\/\/www.meatprocessingmachine.org\/pl\/meat-smoking-oven.html\/\">W\u0119dzarnia kie\u0142bas<\/a><\/td><td>&nbsp;<img loading=\"lazy\" decoding=\"async\" width=\"150\" height=\"95\" class=\"wp-image-849\" style=\"width: 150px;\" src=\"http:\/\/www.meatprocessingmachine.org\/wp-content\/uploads\/2020\/10\/sausage-smoking-machine.jpg\" alt=\"sausage smoking machine\" title=\"\" srcset=\"https:\/\/www.meatprocessingmachine.org\/wp-content\/uploads\/2020\/10\/sausage-smoking-machine.jpg 550w, https:\/\/www.meatprocessingmachine.org\/wp-content\/uploads\/2020\/10\/sausage-smoking-machine-300x191.jpg 300w\" sizes=\"auto, (max-width: 150px) 100vw, 150px\" \/><\/td><td>Wydajno\u015b\u0107:300-400kg\/h<br>Pojemno\u015b\u0107:200L<br>Moc nap\u0119du:2.75kw<br>Napi\u0119cie:380v 50HZ<br>Wymiary og\u00f3lne: 1400*670*1150mm&nbsp;<\/td><\/tr><tr><td>6<\/td><td>Maszyna do pakowania pr\u00f3\u017cniowego<\/td><td>&nbsp;<img loading=\"lazy\" decoding=\"async\" width=\"150\" height=\"95\" class=\"wp-image-850\" style=\"width: 150px;\" src=\"http:\/\/www.meatprocessingmachine.org\/wp-content\/uploads\/2020\/10\/sausage-packaging-machine.jpg\" alt=\"sausage packaging machine\" title=\"\" srcset=\"https:\/\/www.meatprocessingmachine.org\/wp-content\/uploads\/2020\/10\/sausage-packaging-machine.jpg 550w, https:\/\/www.meatprocessingmachine.org\/wp-content\/uploads\/2020\/10\/sausage-packaging-machine-300x191.jpg 300w\" sizes=\"auto, (max-width: 150px) 100vw, 150px\" \/><\/td><td>Moc pompy:2.25KW<br>Moc zgrzewania:1.5KW<br>Rozmiar:1460*750*960mm<br>Waga:185kg<\/td><\/tr><\/tbody><\/table><\/figure>    <h2 class=\"wp-block-heading\" id=\"h-advantages-of-the-sausage-production-line\">Zalety linii produkcyjnej kie\u0142bas<\/h2>    <ol class=\"wp-block-list\"> <li>Zak\u0142ad produkcji kie\u0142bas ma du\u017c\u0105 wydajno\u015b\u0107, prost\u0105 obs\u0142ug\u0119 i wysok\u0105 efektywno\u015b\u0107 inwestycyjn\u0105.<\/li>    <li>Wszystkie maszyny do produkcji kie\u0142bas s\u0105 wykonane ze stali nierdzewnej spo\u017cywczej, spe\u0142niaj\u0105 normy bezpiecze\u0144stwa i higieny \u017cywno\u015bci.<\/li>    <li>Wszystkie maszyny do produkcji kie\u0142bas w linii produkcyjnej s\u0105 sterowane za pomoc\u0105 ekran\u00f3w dotykowych, a elementy elektryczne pochodz\u0105 z importu, co zapewnia trwa\u0142o\u015b\u0107 maszyn.<\/li>    <li>Ko\u0144cowy produkt kie\u0142basy ma dobry kolor i wysok\u0105 jako\u015b\u0107.<\/li>    <li>Maszyna do ci\u0119cia i nadziewania wyposa\u017cona w urz\u0105dzenia ochronne zapewniaj\u0105ce bezpieczn\u0105 prac\u0119.<\/li>    <li>Linia produkcyjna kie\u0142bas ma du\u017c\u0105 wydajno\u015b\u0107, szybkie roz\u0142adunki i du\u017c\u0105 produkcj\u0119. To idealny sprz\u0119t do produkcji kie\u0142bas.<\/li> <\/ol>","protected":false},"excerpt":{"rendered":"<p>Linia produkcyjna kie\u0142bas zawiera szereg maszyn do produkcji kie\u0142bas. Charakteryzuje si\u0119 prost\u0105 obs\u0142ug\u0105, wysok\u0105 wydajno\u015bci\u0105 i niskimi kosztami inwestycji.<\/p>","protected":false},"author":1,"featured_media":853,"parent":0,"template":"","product-type":[597],"class_list":["post-839","product","type-product","status-publish","has-post-thumbnail","hentry","product-type-production-line"],"_links":{"self":[{"href":"https:\/\/www.meatprocessingmachine.org\/pl\/wp-json\/wp\/v2\/product\/839","targetHints":{"allow":["GET"]}}],"collection":[{"href":"https:\/\/www.meatprocessingmachine.org\/pl\/wp-json\/wp\/v2\/product"}],"about":[{"href":"https:\/\/www.meatprocessingmachine.org\/pl\/wp-json\/wp\/v2\/types\/product"}],"author":[{"embeddable":true,"href":"https:\/\/www.meatprocessingmachine.org\/pl\/wp-json\/wp\/v2\/users\/1"}],"wp:featuredmedia":[{"embeddable":true,"href":"https:\/\/www.meatprocessingmachine.org\/pl\/wp-json\/wp\/v2\/media\/853"}],"wp:attachment":[{"href":"https:\/\/www.meatprocessingmachine.org\/pl\/wp-json\/wp\/v2\/media?parent=839"}],"wp:term":[{"taxonomy":"product-type","embeddable":true,"href":"https:\/\/www.meatprocessingmachine.org\/pl\/wp-json\/wp\/v2\/product-type?post=839"}],"curies":[{"name":"wp","href":"https:\/\/api.w.org\/{rel}","templated":true}]}}