{"id":875,"date":"2020-11-04T16:33:10","date_gmt":"2020-11-04T08:33:10","guid":{"rendered":"http:\/\/www.meatprocessingmachine.org\/?p=875"},"modified":"2026-02-12T16:40:19","modified_gmt":"2026-02-12T08:40:19","slug":"industrial-sausage-stuffer-machine-in-sausage-manufacturing","status":"publish","type":"product","link":"https:\/\/www.meatprocessingmachine.org\/pl\/industrial-sausage-stuffer-machine-in-sausage-manufacturing.html","title":{"rendered":"Przemys\u0142owa maszyna do nadziewania kie\u0142bas w produkcji kie\u0142bas"},"content":{"rendered":"<div class=\"kk-star-ratings kksr-auto kksr-align-right kksr-valign-top\"     data-payload='{&quot;align&quot;:&quot;right&quot;,&quot;id&quot;:&quot;875&quot;,&quot;slug&quot;:&quot;default&quot;,&quot;valign&quot;:&quot;top&quot;,&quot;ignore&quot;:&quot;&quot;,&quot;reference&quot;:&quot;auto&quot;,&quot;class&quot;:&quot;&quot;,&quot;count&quot;:&quot;0&quot;,&quot;legendonly&quot;:&quot;&quot;,&quot;readonly&quot;:&quot;&quot;,&quot;score&quot;:&quot;0&quot;,&quot;starsonly&quot;:&quot;&quot;,&quot;best&quot;:&quot;5&quot;,&quot;gap&quot;:&quot;5&quot;,&quot;greet&quot;:&quot;Rate this product&quot;,&quot;legend&quot;:&quot;0\\\/5 - (0 votes)&quot;,&quot;size&quot;:&quot;24&quot;,&quot;title&quot;:&quot;Industrial sausage stuffer machine in sausage manufacturing&quot;,&quot;width&quot;:&quot;0&quot;,&quot;_legend&quot;:&quot;{score}\\\/{best} - ({count} {votes})&quot;,&quot;font_factor&quot;:&quot;1.25&quot;}'>              <div class=\"kksr-stars\">      <div class=\"kksr-stars-inactive\">             <div class=\"kksr-star\" data-star=\"1\" style=\"padding-right: 5px\">               <div class=\"kksr-icon\" style=\"width: 24px; height: 24px;\"><\/div>         <\/div>             <div class=\"kksr-star\" data-star=\"2\" style=\"padding-right: 5px\">               <div class=\"kksr-icon\" style=\"width: 24px; height: 24px;\"><\/div>         <\/div>             <div class=\"kksr-star\" data-star=\"3\" style=\"padding-right: 5px\">               <div class=\"kksr-icon\" style=\"width: 24px; height: 24px;\"><\/div>         <\/div>             <div class=\"kksr-star\" data-star=\"4\" style=\"padding-right: 5px\">               <div class=\"kksr-icon\" style=\"width: 24px; height: 24px;\"><\/div>         <\/div>             <div class=\"kksr-star\" data-star=\"5\" style=\"padding-right: 5px\">               <div class=\"kksr-icon\" style=\"width: 24px; height: 24px;\"><\/div>         <\/div>     <\/div>      <div class=\"kksr-stars-active\" style=\"width: 0px;\">             <div class=\"kksr-star\" style=\"padding-right: 5px\">               <div class=\"kksr-icon\" style=\"width: 24px; height: 24px;\"><\/div>         <\/div>             <div class=\"kksr-star\" style=\"padding-right: 5px\">               <div class=\"kksr-icon\" style=\"width: 24px; height: 24px;\"><\/div>         <\/div>             <div class=\"kksr-star\" style=\"padding-right: 5px\">               <div class=\"kksr-icon\" style=\"width: 24px; height: 24px;\"><\/div>         <\/div>             <div class=\"kksr-star\" style=\"padding-right: 5px\">               <div class=\"kksr-icon\" style=\"width: 24px; height: 24px;\"><\/div>         <\/div>             <div class=\"kksr-star\" style=\"padding-right: 5px\">               <div class=\"kksr-icon\" style=\"width: 24px; height: 24px;\"><\/div>         <\/div>     <\/div> <\/div>                   <div class=\"kksr-legend\" style=\"font-size: 19.2px;\">             <span class=\"kksr-muted\">Oce\u0144 ten produkt<\/span>     <\/div>     <\/div>  <p class=\"translation-block\">The<strong> industrial sausage stuffer machine<\/strong>&nbsp;is used for sausage enema. It is the most important step in the <a href=\"http:\/\/www.meatprocessingmachine.org\/pl\/sausage-production-line-for-sausage-making.html\/\">sausage manufacturing step<\/a>. The sausage meat enters the casing through the sausage stuffer to form sausages with regular shapes and sizes. According to different ways of enema, the sausage stuffing machine is divided into two categories. <strong>Hydraulic enema machine<\/strong> and <strong>pneumatic quantitative sausage stuffer machine<\/strong>. The two machines&#8217; applicable materials and working principles are very different.<\/p>    <h2 class=\"wp-block-heading\" id=\"h-hydraulic-sausage-stuffer-machine\">Hydrauliczna maszyna do nape\u0142niania kie\u0142bas<\/h2>    <p>Hydrauliczna maszyna do nape\u0142niania kie\u0142bas jest odpowiednia do enema drobnoziarnistych, grubozaristych lub emulsji mi\u0119snych. Produkuje r\u00f3\u017cne rodzaje kie\u0142bas, nape\u0142niaj\u0105c kulki mi\u0119sne do os\u0142onek zwierz\u0119cych przez r\u00f3\u017cne \u015brednice rur do enema.<\/p>    <h3 class=\"wp-block-heading\" id=\"h-hydraulic-sausage-filling-machine-working-principle\">Hydrauliczna maszyna do nape\u0142niania kie\u0142bas<strong>&nbsp;<\/strong>zasada dzia\u0142ania<\/h3>    <p>Hydrauliczna maszyna do enema kie\u0142bas korzysta z nap\u0119du t\u0142okowego hydraulicznego. Wyciska mi\u0119so z kosza maszyny za pomoc\u0105 ci\u015bnienia generowanego przez cylinder hydrauliczny. Maszyna jest odpowiednia do szerokiego zakresu materia\u0142\u00f3w i mo\u017ce s\u0142u\u017cy\u0107 do nape\u0142niania kie\u0142bas w kszta\u0142cie mi\u0119sa lub w kszta\u0142cie nape\u0142niania. Automatyczna maszyna do nape\u0142niania kie\u0142bas jest odpowiednia do nape\u0142niania kie\u0142bas du\u017cych, \u015brednich i ma\u0142ych rozmiar\u00f3w.<\/p>    <p>W zale\u017cno\u015bci od r\u00f3\u017cnych wyj\u015b\u0107 i specyfikacji, dost\u0119pne s\u0105 ma\u0142e hydrauliczne maszyny do nape\u0142niania kie\u0142bas, jednorurkowe i dwururkowe hydrauliczne maszyny do nape\u0142niania kie\u0142bas.<\/p>    <h3 class=\"wp-block-heading\" id=\"h-small-hydraulic-sausage-stuffing-machine\">Ma\u0142a hydrauliczna maszyna do nape\u0142niania kie\u0142bas<\/h3>    <figure class=\"wp-block-image size-large\"><img loading=\"lazy\" decoding=\"async\" width=\"607\" height=\"607\" src=\"http:\/\/www.meatprocessingmachine.org\/wp-content\/uploads\/2020\/11\/small-hydraulic-stuffer-machine.png\" alt=\"small hydraulic stuffer machine\" class=\"wp-image-877\" title=\"\" srcset=\"https:\/\/www.meatprocessingmachine.org\/wp-content\/uploads\/2020\/11\/small-hydraulic-stuffer-machine.png 607w, https:\/\/www.meatprocessingmachine.org\/wp-content\/uploads\/2020\/11\/small-hydraulic-stuffer-machine-300x300.png 300w, https:\/\/www.meatprocessingmachine.org\/wp-content\/uploads\/2020\/11\/small-hydraulic-stuffer-machine-150x150.png 150w\" sizes=\"auto, (max-width: 607px) 100vw, 607px\" \/><figcaption>Ma\u0142a hydrauliczna maszyna do nape\u0142niania kie\u0142bas<\/figcaption><\/figure>    <p>Ma\u0142a hydrauliczna maszyna do nape\u0142niania kie\u0142bas ma pojemno\u015b\u0107 100 kg\/h, a zakres \u015brednic nape\u0142niania wynosi 16\/18\/22 mm. Jest odpowiednia dla indywidualnych sprzedawc\u00f3w i ma\u0142ych zak\u0142ad\u00f3w przetw\u00f3rstwa mi\u0119sa. Maszyna korzysta z prze\u0142\u0105cznika zmiany i peda\u0142u, co czyni operacj\u0119 bezpieczniejsz\u0105. Du\u017cy zbiornik zwi\u0119ksza wydajno\u015b\u0107 enema. Maszyna jest mobilna, przeno\u015bna i wygodna, mo\u017cna jej u\u017cywa\u0107 w dowolnym miejscu i czasie.<\/p>    <h3 class=\"wp-block-heading\" id=\"h-single-and-double-tube-hydraulic-sausage-stuffer-machine\">Maszyna do nape\u0142niania kie\u0142bas hydraulicznych z pojedyncz\u0105 i podw\u00f3jn\u0105 rur\u0105<\/h3>    <p>Pojemno\u015b\u0107 pojedynczej maszyny do nape\u0142niania mi\u0119sa wynosi 300 kg\/h, a podw\u00f3jna maszyna do nape\u0142niania ma pojemno\u015b\u0107 500 kg\/h.<\/p>    <figure class=\"wp-block-image size-large\"><img loading=\"lazy\" decoding=\"async\" width=\"607\" height=\"607\" src=\"http:\/\/www.meatprocessingmachine.org\/wp-content\/uploads\/2020\/11\/hydraulic-enema-machine.png\" alt=\"Hydrauliczna maszyna do enema\" class=\"wp-image-878\" title=\"\" srcset=\"https:\/\/www.meatprocessingmachine.org\/wp-content\/uploads\/2020\/11\/hydraulic-enema-machine.png 607w, https:\/\/www.meatprocessingmachine.org\/wp-content\/uploads\/2020\/11\/hydraulic-enema-machine-300x300.png 300w, https:\/\/www.meatprocessingmachine.org\/wp-content\/uploads\/2020\/11\/hydraulic-enema-machine-150x150.png 150w\" sizes=\"auto, (max-width: 607px) 100vw, 607px\" \/><figcaption>Hydrauliczna maszyna do enema<\/figcaption><\/figure>    <p>Zakres \u015brednic nape\u0142niania obu maszyn mo\u017ce wynosi\u0107 12\/18\/30 mm. R\u00f3\u017cnice mi\u0119dzy dwoma przemys\u0142owymi maszynami do enema polegaj\u0105 na liczbie rur do wy\u0142adunku mi\u0119sa. G\u00f3rna cz\u0119\u015b\u0107 maszyny wyposa\u017cona jest w kosz i zaw\u00f3r motylkowy, co umo\u017cliwia ci\u0105g\u0142e nape\u0142nianie. To znacznie zwi\u0119ksza wydajno\u015b\u0107 produkcji. W por\u00f3wnaniu z ma\u0142\u0105 maszyn\u0105 do nape\u0142niania mi\u0119sa, ta maszyna ma wysoki poziom automatyzacji i szybkie tempo wy\u0142adunku, co pozwala na ci\u0105g\u0142\u0105 produkcj\u0119. Dlatego jest odpowiednia dla wszystkich rodzaj\u00f3w przedsi\u0119biorstw.<\/p>    <h2 class=\"wp-block-heading\" id=\"h-pneumatic-quantitative-twist-enema-machine\">Pneumatyczna maszyna do skr\u0119cania kie\u0142bas z enema<\/h2>    <figure class=\"wp-block-image size-large\"><img loading=\"lazy\" decoding=\"async\" width=\"692\" height=\"693\" src=\"http:\/\/www.meatprocessingmachine.org\/wp-content\/uploads\/2020\/11\/pneumatic-quantitative-sausage-stuffing-machine.png\" alt=\"pneumatic quantitative sausage stuffing machine\" class=\"wp-image-879\" title=\"\" srcset=\"https:\/\/www.meatprocessingmachine.org\/wp-content\/uploads\/2020\/11\/pneumatic-quantitative-sausage-stuffing-machine.png 692w, https:\/\/www.meatprocessingmachine.org\/wp-content\/uploads\/2020\/11\/pneumatic-quantitative-sausage-stuffing-machine-300x300.png 300w, https:\/\/www.meatprocessingmachine.org\/wp-content\/uploads\/2020\/11\/pneumatic-quantitative-sausage-stuffing-machine-150x150.png 150w\" sizes=\"auto, (max-width: 692px) 100vw, 692px\" \/><figcaption>Pneumatyczna precyzyjna maszyna do nape\u0142niania kie\u0142bas<\/figcaption><\/figure>    <p>Pneumatyczna maszyna do skr\u0119cania kie\u0142bas z enema jest odpowiednia do nape\u0142niania mi\u0119sa w masie. Maszyna mo\u017ce realizowa\u0107 automatyczne skr\u0119canie, jednocze\u015bnie realizuj\u0105c precyzyjne nape\u0142nianie. Wynagradza brak mo\u017cliwo\u015bci jednorazowego skr\u0119cania w przesz\u0142o\u015bci. Maszyna mo\u017ce precyzyjnie nape\u0142nia\u0107 od 30 do 1000 g, z b\u0142\u0119dem nie przekraczaj\u0105cym 3 g. Mo\u017ce wykonywa\u0107 60 skr\u0119t\u00f3w na minut\u0119, a \u015brednica enema wynosi 10\/12\/14\/17 mm.<\/p>    <h3 class=\"wp-block-heading\" id=\"h-advantages-of-pneumatic-quantitative-filling-machine\">Zalety pneumatycznej maszyny do precyzyjnego nape\u0142niania<\/h3>    <ol class=\"wp-block-list\"><li>Wykorzystuje zaawansowan\u0105 pneumatyczn\u0105, fotoelektryczn\u0105 zasad\u0119 sterowania, co pozwala na automatyczne precyzyjne nape\u0142nianie i zginanie, z wysokim poziomem automatyzacji.<\/li><li>Maszyna do nape\u0142niania mi\u0119sa jest odpowiednia do nape\u0142niania r\u00f3\u017cnych masowych produkt\u00f3w kie\u0142basowych.<\/li><li>Cz\u0119\u015bci maj\u0105ce kontakt z materia\u0142em i opakowanie zewn\u0119trzne wykonane s\u0105 z wysokiej jako\u015bci stali nierdzewnej o estetycznym wygl\u0105dzie.<\/li><li>Mo\u017ce wsp\u00f3\u0142pracowa\u0107 z<strong> maszyna do wi\u0105zania drutem<\/strong>&nbsp;w celu realizacji automatycznej produkcji.<\/li><li>Maszyna ma stabiln\u0105 struktur\u0119, prost\u0105 obs\u0142ug\u0119 i \u0142atwe czyszczenie. Jest odpowiednia dla \u015brednich i ma\u0142ych przedsi\u0119biorstw przetw\u00f3rstwa mi\u0119sa.<\/li><\/ol>    <h3 class=\"wp-block-heading\" id=\"h-precautions\">\u015arodki ostro\u017cno\u015bci<\/h3>    <ol class=\"wp-block-list\"><li>Przemys\u0142owa maszyna do nape\u0142niania kie\u0142bas jest odpowiednia do masowej masy mi\u0119snej.<\/li><li>Aby spe\u0142ni\u0107 wymagania dotycz\u0105ce wagi nape\u0142niania, mo\u017cna to osi\u0105gn\u0105\u0107 poprzez przesuwanie cylindra do przodu.<\/li><li>Mo\u017cesz kontrolowa\u0107 czas zatrzymania i czas pracy skr\u0119tu, steruj\u0105c czasem przesuwu t\u0142oka cylindra do przodu i do ty\u0142u.<\/li><li>Przed wprowadzeniem mi\u0119sa do kosza, powinno si\u0119 je jak najmniej nara\u017ca\u0107 na kontakt z powietrzem, aby zapobiec powstawaniu dziur. Dlatego mo\u017cna u\u017cy\u0107 <strong>Wakuowa maszyna do nape\u0142niania mi\u0119sa<\/strong>&nbsp;zamiast zwyk\u0142ej maszyny do mieszania<\/li><li>\u015arednica os\u0142onek powinna odpowiada\u0107 \u015brednicy rur do enema, ci\u015bnieniu nape\u0142niania mi\u0119sa, liczbie obrot\u00f3w skr\u0119tu.<\/li><\/ol>","protected":false},"excerpt":{"rendered":"<p>Do produkcji kie\u0142bas najwa\u017cniejsz\u0105 maszyn\u0105 jest maszyna do nape\u0142niania kie\u0142bas. Oferujemy hydrauliczne urz\u0105dzenie do enema oraz pneumatyczn\u0105 maszyn\u0119 do precyzyjnego nape\u0142niania kie\u0142bas.<\/p>","protected":false},"author":1,"featured_media":885,"parent":0,"template":"","product-type":[598],"class_list":["post-875","product","type-product","status-publish","has-post-thumbnail","hentry","product-type-supporting-auxiliary-equipment"],"_links":{"self":[{"href":"https:\/\/www.meatprocessingmachine.org\/pl\/wp-json\/wp\/v2\/product\/875","targetHints":{"allow":["GET"]}}],"collection":[{"href":"https:\/\/www.meatprocessingmachine.org\/pl\/wp-json\/wp\/v2\/product"}],"about":[{"href":"https:\/\/www.meatprocessingmachine.org\/pl\/wp-json\/wp\/v2\/types\/product"}],"author":[{"embeddable":true,"href":"https:\/\/www.meatprocessingmachine.org\/pl\/wp-json\/wp\/v2\/users\/1"}],"wp:featuredmedia":[{"embeddable":true,"href":"https:\/\/www.meatprocessingmachine.org\/pl\/wp-json\/wp\/v2\/media\/885"}],"wp:attachment":[{"href":"https:\/\/www.meatprocessingmachine.org\/pl\/wp-json\/wp\/v2\/media?parent=875"}],"wp:term":[{"taxonomy":"product-type","embeddable":true,"href":"https:\/\/www.meatprocessingmachine.org\/pl\/wp-json\/wp\/v2\/product-type?post=875"}],"curies":[{"name":"wp","href":"https:\/\/api.w.org\/{rel}","templated":true}]}}