{"id":899,"date":"2020-11-27T10:07:52","date_gmt":"2020-11-27T02:07:52","guid":{"rendered":"http:\/\/www.meatprocessingmachine.org\/?p=899"},"modified":"2026-04-02T10:14:06","modified_gmt":"2026-04-02T02:14:06","slug":"bone-grinder-machine-meat-and-bone-grinder","status":"publish","type":"product","link":"https:\/\/www.meatprocessingmachine.org\/pl\/bone-grinder-machine-meat-and-bone-grinder.html","title":{"rendered":"Maszyna do mielenia ko\u015bci | Pasta z ko\u015bci rybnych i wo\u0142owych"},"content":{"rendered":"<div class=\"kk-star-ratings kksr-auto kksr-align-right kksr-valign-top\"     data-payload='{&quot;align&quot;:&quot;right&quot;,&quot;id&quot;:&quot;899&quot;,&quot;slug&quot;:&quot;default&quot;,&quot;valign&quot;:&quot;top&quot;,&quot;ignore&quot;:&quot;&quot;,&quot;reference&quot;:&quot;auto&quot;,&quot;class&quot;:&quot;&quot;,&quot;count&quot;:&quot;2&quot;,&quot;legendonly&quot;:&quot;&quot;,&quot;readonly&quot;:&quot;&quot;,&quot;score&quot;:&quot;5&quot;,&quot;starsonly&quot;:&quot;&quot;,&quot;best&quot;:&quot;5&quot;,&quot;gap&quot;:&quot;5&quot;,&quot;greet&quot;:&quot;Rate this product&quot;,&quot;legend&quot;:&quot;5\\\/5 - (2 votes)&quot;,&quot;size&quot;:&quot;24&quot;,&quot;title&quot;:&quot;Bone Grinder Machine | Fish and Beef Bone Paste Grinding Machine&quot;,&quot;width&quot;:&quot;142.5&quot;,&quot;_legend&quot;:&quot;{score}\\\/{best} - ({count} {votes})&quot;,&quot;font_factor&quot;:&quot;1.25&quot;}'>              <div class=\"kksr-stars\">      <div class=\"kksr-stars-inactive\">             <div class=\"kksr-star\" data-star=\"1\" style=\"padding-right: 5px\">               <div class=\"kksr-icon\" style=\"width: 24px; height: 24px;\"><\/div>         <\/div>             <div class=\"kksr-star\" data-star=\"2\" style=\"padding-right: 5px\">               <div class=\"kksr-icon\" style=\"width: 24px; height: 24px;\"><\/div>         <\/div>             <div class=\"kksr-star\" data-star=\"3\" style=\"padding-right: 5px\">               <div class=\"kksr-icon\" style=\"width: 24px; height: 24px;\"><\/div>         <\/div>             <div class=\"kksr-star\" data-star=\"4\" style=\"padding-right: 5px\">               <div class=\"kksr-icon\" style=\"width: 24px; height: 24px;\"><\/div>         <\/div>             <div class=\"kksr-star\" data-star=\"5\" style=\"padding-right: 5px\">               <div class=\"kksr-icon\" style=\"width: 24px; height: 24px;\"><\/div>         <\/div>     <\/div>      <div class=\"kksr-stars-active\" style=\"width: 142.5px;\">             <div class=\"kksr-star\" style=\"padding-right: 5px\">               <div class=\"kksr-icon\" style=\"width: 24px; height: 24px;\"><\/div>         <\/div>             <div class=\"kksr-star\" style=\"padding-right: 5px\">               <div class=\"kksr-icon\" style=\"width: 24px; height: 24px;\"><\/div>         <\/div>             <div class=\"kksr-star\" style=\"padding-right: 5px\">               <div class=\"kksr-icon\" style=\"width: 24px; height: 24px;\"><\/div>         <\/div>             <div class=\"kksr-star\" style=\"padding-right: 5px\">               <div class=\"kksr-icon\" style=\"width: 24px; height: 24px;\"><\/div>         <\/div>             <div class=\"kksr-star\" style=\"padding-right: 5px\">               <div class=\"kksr-icon\" style=\"width: 24px; height: 24px;\"><\/div>         <\/div>     <\/div> <\/div>                   <div class=\"kksr-legend\" style=\"font-size: 19.2px;\">             5\/5 - (2 g\u0142osy)    <\/div>     <\/div>  <p>Maszyna do mielenia ko\u015bci jest specjalnym ulepszonym urz\u0105dzeniem na podstawie m\u0142yna kolidowego. Jest g\u0142\u00f3wnie u\u017cywana do mielenia wody z rozbitych ko\u015bci na zawiesin\u0119, b\u0142oto i mielenia do drobno\u015bci 100-200 siatek. Materia\u0142 jest ultradrobno mielony, co pozwala na mielenie, emulgowanie, homogenizowanie i mieszanie r\u00f3\u017cnych p\u00f3\u0142wilgotnych cia\u0142 i substancji emulsyjnych. G\u0142\u00f3wne wska\u017aniki techniczne osi\u0105gn\u0119\u0142y zaawansowany poziom podobnych produkt\u00f3w zagranicznych.<\/p>    <figure class=\"wp-block-embed is-type-video is-provider-youtube wp-block-embed-youtube wp-embed-aspect-16-9 wp-has-aspect-ratio\"><div class=\"wp-block-embed__wrapper\"> <iframe loading=\"lazy\" title=\"Maszyna do mielenia ko\u015bci | Wysokowydajne urz\u0105dzenie do przetwarzania ko\u015bci w past\u0119\ud83e\udd69\" width=\"500\" height=\"281\" src=\"https:\/\/www.youtube.com\/embed\/GVGE_Dk08ss?feature=oembed\" frameborder=\"0\" allow=\"accelerometer; autoplay; clipboard-write; encrypted-media; gyroscope; picture-in-picture; web-share\" referrerpolicy=\"strict-origin-when-cross-origin\" allowfullscreen><\/iframe> <\/div><\/figure>    <h2 class=\"wp-block-heading\">Jakie surowce mo\u017ce przetwarza\u0107 maszyna do mielenia ko\u015bci?<\/h2>   <div class=\"wp-block-image\"> <figure class=\"aligncenter size-full\"><img loading=\"lazy\" decoding=\"async\" width=\"720\" height=\"540\" src=\"https:\/\/www.meatprocessingmachine.org\/wp-content\/uploads\/2020\/11\/raw-materials-of-the-bone-grinder.png\" alt=\"surowce m\u0142ynka do ko\u015bci\" class=\"wp-image-33064\" title=\"\" srcset=\"https:\/\/www.meatprocessingmachine.org\/wp-content\/uploads\/2020\/11\/raw-materials-of-the-bone-grinder.png 720w, https:\/\/www.meatprocessingmachine.org\/wp-content\/uploads\/2020\/11\/raw-materials-of-the-bone-grinder-300x225.png 300w\" sizes=\"auto, (max-width: 720px) 100vw, 720px\" \/><figcaption class=\"wp-element-caption\">surowce m\u0142ynka do ko\u015bci<\/figcaption><\/figure> <\/div>   <p><br>Maszyna do mielenia ko\u015bci mo\u017ce mieli\u0107 wszystkie rodzaje ko\u015bci, g\u0142\u00f3wnie wszystkie rodzaje ko\u015bci wo\u0142owych, ko\u015bci jagni\u0119cych, ko\u015bci ryb, ko\u015bci kurczaka itp. Do mielenia, je\u015bli ko\u015bci i mi\u0119so s\u0105 zbyt du\u017ce, takie jak du\u017ce kawa\u0142ki ko\u015bci wo\u0142owych, ko\u015bci wieprzowe itp., musz\u0105 by\u0107 najpierw z\u0142amane, a ko\u015bci rozdrobnione na granule, co nie tylko poprawia wydajno\u015b\u0107 pracy, ale tak\u017ce chroni maszyn\u0119 przed uszkodzeniem narz\u0119dzia z powodu nadmiernych ko\u015bci.<\/p>    <h2 class=\"wp-block-heading\" id=\"h-application-of-bone-grinder-machine\">Zastosowanie m\u0142ynka do ko\u015bci<\/h2>    <figure class=\"wp-block-gallery has-nested-images columns-default is-cropped wp-block-gallery-2 is-layout-flex wp-block-gallery-is-layout-flex\"> <figure class=\"wp-block-image size-large\"><img loading=\"lazy\" decoding=\"async\" width=\"720\" height=\"540\" data-id=\"33073\" src=\"https:\/\/www.meatprocessingmachine.org\/wp-content\/uploads\/2020\/11\/pet-food.png\" alt=\"pet food\" class=\"wp-image-33073\" title=\"\" srcset=\"https:\/\/www.meatprocessingmachine.org\/wp-content\/uploads\/2020\/11\/pet-food.png 720w, https:\/\/www.meatprocessingmachine.org\/wp-content\/uploads\/2020\/11\/pet-food-300x225.png 300w\" sizes=\"auto, (max-width: 720px) 100vw, 720px\" \/><figcaption class=\"wp-element-caption\">Karma dla zwierz\u0105t<\/figcaption><\/figure>    <figure class=\"wp-block-image size-large\"><img loading=\"lazy\" decoding=\"async\" width=\"720\" height=\"540\" data-id=\"33074\" src=\"https:\/\/www.meatprocessingmachine.org\/wp-content\/uploads\/2020\/11\/sausage.png\" alt=\"robienie kie\u0142bas\" class=\"wp-image-33074\" title=\"\" srcset=\"https:\/\/www.meatprocessingmachine.org\/wp-content\/uploads\/2020\/11\/sausage.png 720w, https:\/\/www.meatprocessingmachine.org\/wp-content\/uploads\/2020\/11\/sausage-300x225.png 300w\" sizes=\"auto, (max-width: 720px) 100vw, 720px\" \/><figcaption class=\"wp-element-caption\">Kie\u0142basa<\/figcaption><\/figure>    <figure class=\"wp-block-image size-large\"><img loading=\"lazy\" decoding=\"async\" width=\"720\" height=\"540\" data-id=\"33075\" src=\"https:\/\/www.meatprocessingmachine.org\/wp-content\/uploads\/2020\/11\/soup-stock.png\" alt=\"soup stock\" class=\"wp-image-33075\" title=\"\" srcset=\"https:\/\/www.meatprocessingmachine.org\/wp-content\/uploads\/2020\/11\/soup-stock.png 720w, https:\/\/www.meatprocessingmachine.org\/wp-content\/uploads\/2020\/11\/soup-stock-300x225.png 300w\" sizes=\"auto, (max-width: 720px) 100vw, 720px\" \/><figcaption class=\"wp-element-caption\">Bulion<\/figcaption><\/figure> <\/figure>    <p>Zgodnie z kompozycj\u0105 i cechami ko\u015bci zwierz\u0119cych, przyjmuje specjaln\u0105 zasad\u0119 kruszenia, aby uzyska\u0107 b\u0142oto kostne. Ko\u015bci zwierz\u0119ce zawieraj\u0105 wiele sk\u0142adnik\u00f3w od\u017cywczych, takich jak bia\u0142ko i t\u0142uszcz. Jest to produkt o wysokiej warto\u015bci od\u017cywczej i niskiej kaloryczno\u015bci. M\u0105ka kostna i pasta kostna wykonana z ko\u015bci zwierz\u0119cych zawieraj\u0105 wiele sk\u0142adnik\u00f3w od\u017cywczych potrzebnych ludzkiemu organizmowi. Takich jak bia\u0142ko, t\u0142uszcz, witaminy, kolagen, wap\u0144 itp. Obecnie pasta kostna jest g\u0142\u00f3wnie stosowana jako dodatek do \u017cywno\u015bci lub bezpo\u015brednio do produkcji przypraw. Pasta kostna jest szeroko stosowana w Europie, Japonii, Stanach Zjednoczonych i innych krajach do produkcji klopsik\u00f3w, pasztet\u00f3w mi\u0119snych, enema z mi\u0119snym w\u0142\u00f3knem i innych produkt\u00f3w. W Chinach pasta kostna jest r\u00f3wnie\u017c szeroko stosowana w produktach mi\u0119snych o wysokiej temperaturze, \u017cywno\u015bci w puszkach i innych produktach i mo\u017ce by\u0107 r\u00f3wnie\u017c u\u017cywana do robienia zupy.<\/p>    <h2 class=\"wp-block-heading\">Parametry m\u0142ynka do ko\u015bci<\/h2>    <ul class=\"wp-block-list\"> <li>Model: TZ-80 Maszyna do mielenia pasty kostnej<\/li>    <li>Fineness przetwarzania: 2-50\u03bcm<\/li>    <li>Wydajno\u015b\u0107: 50-100kg\/h<\/li>    <li>Moc: 4kw<\/li>    <li>Waga: 150kg<\/li>    <li>Wymiary: 600*410*930mm<\/li> <\/ul>    <h2 class=\"wp-block-heading\" id=\"h-bone-grinder-machine-working-principle\">Zasada dzia\u0142ania m\u0142ynka do ko\u015bci<\/h2>    <p class=\"translation-block\">Je\u015bli Tw\u00f3j surowiec to du\u017ce ko\u015bci, potrzebujesz <a href=\"https:\/\/www.meatprocessingmachine.org\/pl\/animal-bone-crushing-machine.html\/\">maszyny do kruszenia ko\u015bci<\/a>, aby najpierw rozbi\u0107 du\u017ce ko\u015bci na jednorodne granulki ko\u015bci. Nast\u0119pnie zmiel ma\u0142e cz\u0105stki na past\u0119 za pomoc\u0105 maszyny do mielenia mi\u0119sa kostnego. Zmniejszy to uszkodzenia twardych ko\u015bci na z\u0119bach miel\u0105cych maszyny do mielenia ko\u015bci.<\/p>   <div class=\"wp-block-image\"> <figure class=\"aligncenter size-full\"><img loading=\"lazy\" decoding=\"async\" width=\"720\" height=\"540\" src=\"https:\/\/www.meatprocessingmachine.org\/wp-content\/uploads\/2020\/11\/beef-bone-paste-grinding.png\" alt=\"mielenie pasty kostnej wo\u0142owej\" class=\"wp-image-33065\" title=\"\" srcset=\"https:\/\/www.meatprocessingmachine.org\/wp-content\/uploads\/2020\/11\/beef-bone-paste-grinding.png 720w, https:\/\/www.meatprocessingmachine.org\/wp-content\/uploads\/2020\/11\/beef-bone-paste-grinding-300x225.png 300w\" sizes=\"auto, (max-width: 720px) 100vw, 720px\" \/><figcaption class=\"wp-element-caption\">mielenie pasty kostnej wo\u0142owej<\/figcaption><\/figure> <\/div>   <p>Maszyna do mielenia mi\u0119sa i ko\u015bci mieli materia\u0142y dzi\u0119ki wysokiej pr\u0119dko\u015bci ruchu stator\u00f3w i rotor\u00f3w o r\u00f3\u017cnych kszta\u0142tach geometrycznych. Gdy stator i rotor poruszaj\u0105 si\u0119 z du\u017c\u0105 pr\u0119dko\u015bci\u0105, generuj\u0105 kilka si\u0142 z\u0142o\u017conych, takich jak wibracja o wysokiej cz\u0119stotliwo\u015bci, wir o du\u017cej pr\u0119dko\u015bci i si\u0142a \u015bcinaj\u0105ca. Pod wp\u0142ywem tych si\u0142 z\u0142o\u017conych maszyna mieli materia\u0142 i sprawia, \u017ce materia\u0142 jest drobno mielony. Maszyna do mielenia ko\u015bci Taizy przyjmuje proces rafinacji. W komorze krusz\u0105cej maszyny znajduj\u0105 si\u0119 trzy strefy mielenia. Trzy strefy mielenia to strefa mielenia grubo, strefa mielenia drobno i strefa mielenia ultradrobno. Dzi\u0119ki tym trzem strefom mielenia osi\u0105gnie si\u0119 maksymalne rozdrobnienie i spe\u0142ni wymagania dotycz\u0105ce drobno\u015bci i g\u0142adko\u015bci.<\/p>    <h2 class=\"wp-block-heading\" id=\"h-fish-and-beef-bone-paste-grinding-machine-characteristics\">Cechy maszyny do mielenia pasty kostnej z ryb i wo\u0142owiny<\/h2>   <div class=\"wp-block-image\"> <figure class=\"aligncenter size-full\"><img loading=\"lazy\" decoding=\"async\" width=\"720\" height=\"540\" src=\"https:\/\/www.meatprocessingmachine.org\/wp-content\/uploads\/2020\/11\/bone-grinder-machine-1.jpg\" alt=\"maszyna-do-mielenia-ko\u015bci\" class=\"wp-image-33066\" title=\"\" srcset=\"https:\/\/www.meatprocessingmachine.org\/wp-content\/uploads\/2020\/11\/bone-grinder-machine-1.jpg 720w, https:\/\/www.meatprocessingmachine.org\/wp-content\/uploads\/2020\/11\/bone-grinder-machine-1-300x225.jpg 300w\" sizes=\"auto, (max-width: 720px) 100vw, 720px\" \/><figcaption class=\"wp-element-caption\">maszyna-do-mielenia-ko\u015bci<\/figcaption><\/figure> <\/div>   <ol style=\"list-style-type:1\" class=\"wp-block-list\"> <li>Maszyna do mielenia ko\u015bci ma specyfikacje pionowe, poziome, dzielone i inne, a maszyna ma r\u00f3\u017cne wydajno\u015bci.<\/li>    <li>Maszyna sk\u0142ada si\u0119 g\u0142\u00f3wnie z pokrywy, g\u0142owicy miel\u0105cej, uchwytu regulacyjnego, mechanizmu ch\u0142odzenia, silnika i innych cz\u0119\u015bci. Jej g\u0142\u00f3wne cz\u0119\u015bci wykonane s\u0105 ze stali nierdzewnej klasy spo\u017cywczej, kt\u00f3ra jest odporna na korozj\u0119, bezpieczna i wydajna.<\/li>    <li>Ta maszyna mo\u017ce by\u0107 u\u017cywana nie tylko do produkcji pasty kostnej, ale tak\u017ce do produkcji mas\u0142a orzechowego, sosu chili, mleka sojowego i innych bran\u017c spo\u017cywczych. Jest r\u00f3wnie\u017c szeroko stosowana w codziennych artyku\u0142ach, przemy\u015ble chemicznym, przemy\u015ble farmaceutycznym i innych bran\u017cach. W zale\u017cno\u015bci od r\u00f3\u017cnych cech materia\u0142\u00f3w, mo\u017cna wybiera\u0107 maszyny o r\u00f3\u017cnych specyfikacjach i modelach do produkcji.<\/li>    <li>Maszyna do mielenia ko\u015bci ma cechy zwartej konstrukcji, pi\u0119knego wygl\u0105du, stabilnej wydajno\u015bci i wygodnej obs\u0142ugi.<\/li>    <li>Pasta kostna produkowana przez t\u0119 maszyn\u0119 jest idealnym materia\u0142em drobnym. I mo\u017cna kontrolowa\u0107 drobno\u015b\u0107 mielenia, dostosowuj\u0105c uchwyt regulacyjny i zwi\u0119kszaj\u0105c liczb\u0119 mielenia.<\/li>    <li>Tarcza mielenia maszyny do mielenia b\u0142ota kostnego jest wzmocniona, aby zapewni\u0107 dobr\u0105 odporno\u015b\u0107 na korozj\u0119 i zu\u017cycie.<\/li> <\/ol>    <h2 class=\"wp-block-heading\" id=\"h-precautions-of-fish-and-beef-bone-paste-grinding-machine\">\u015arodki ostro\u017cno\u015bci dotycz\u0105ce maszyny do mielenia pasty kostnej z ryb i wo\u0142owiny<\/h2>   <div class=\"wp-block-image\"> <figure class=\"aligncenter size-full\"><img loading=\"lazy\" decoding=\"async\" width=\"720\" height=\"540\" src=\"https:\/\/www.meatprocessingmachine.org\/wp-content\/uploads\/2020\/11\/bone-grinder-machine-1.png\" alt=\"m\u0142ynek do ko\u015bci\" class=\"wp-image-33072\" title=\"\" srcset=\"https:\/\/www.meatprocessingmachine.org\/wp-content\/uploads\/2020\/11\/bone-grinder-machine-1.png 720w, https:\/\/www.meatprocessingmachine.org\/wp-content\/uploads\/2020\/11\/bone-grinder-machine-1-300x225.png 300w\" sizes=\"auto, (max-width: 720px) 100vw, 720px\" \/><figcaption class=\"wp-element-caption\">m\u0142ynek do ko\u015bci<\/figcaption><\/figure> <\/div>   <ol style=\"list-style-type:1\" class=\"wp-block-list\"> <li>Powiniene\u015b zainstalowa\u0107 maszyn\u0119 do mielenia pasty kostnej na r\u00f3wnej powierzchni, aby zapewni\u0107 p\u0142ynne dzia\u0142anie.<\/li>    <li>Maszyna inteligentnie wykonuje przetwarzanie na mokro i nie mo\u017ce przetwarza\u0107 suchych materia\u0142\u00f3w sta\u0142ych.<\/li>    <li>Przed u\u017cyciem maszyny do mielenia sprawd\u017a, czy \u015bruby ka\u017cdej cz\u0119\u015bci maszyny s\u0105 dokr\u0119cone. I sprawd\u017a, czy wirnik styka si\u0119 ze statorem i czy jest zablokowany.<\/li>    <li>&nbsp;Sprawd\u017a, czy w zasobniku i maszynie nie ma zanieczyszcze\u0144. Podczas umieszczania materia\u0142\u00f3w nale\u017cy kontrolowa\u0107 materia\u0142 w granicach 1mm. I surowo zabrania si\u0119 wk\u0142adania \u017celaza i twardych cz\u0105stek do maszyny.<\/li>    <li>Pod\u0142\u0105cz zasilanie i sprawd\u017a, czy kierunek obrotu wirnika jest zgodny z strza\u0142k\u0105 na podstawie.<\/li>    <li>Po uruchomieniu silnika sprawd\u017a, czy nie wyst\u0119puj\u0105 nieprawid\u0142owo\u015bci, takie jak ha\u0142as.<\/li> <\/ol>    <h2 class=\"wp-block-heading\" id=\"h-how-to-adjust-the-bone-grinder-machine-gap\">Jak dostosowa\u0107 szczelin\u0119 maszyny do mielenia ko\u015bci?<\/h2>   <div class=\"wp-block-image\"> <figure class=\"aligncenter size-full\"><img loading=\"lazy\" decoding=\"async\" width=\"720\" height=\"540\" src=\"https:\/\/www.meatprocessingmachine.org\/wp-content\/uploads\/2020\/11\/beef-bone-paste-grinding-machinel.png\" alt=\" maszyna do mielenia pasty kostnej wo\u0142owej\" class=\"wp-image-33090\" title=\"\" srcset=\"https:\/\/www.meatprocessingmachine.org\/wp-content\/uploads\/2020\/11\/beef-bone-paste-grinding-machinel.png 720w, https:\/\/www.meatprocessingmachine.org\/wp-content\/uploads\/2020\/11\/beef-bone-paste-grinding-machinel-300x225.png 300w\" sizes=\"auto, (max-width: 720px) 100vw, 720px\" \/><figcaption class=\"wp-element-caption\"> maszyna do mielenia pasty kostnej wo\u0142owej<\/figcaption><\/figure> <\/div>   <p>Mo\u017ce mie\u0107 r\u00f3\u017cne wymagania dotycz\u0105ce drobno\u015bci mielonej pasty kostnej dla r\u00f3\u017cnych klient\u00f3w. Jak wi\u0119c dostosowa\u0107 maszyn\u0119 do mielenia ko\u015bci, aby uzyska\u0107 po\u017c\u0105dan\u0105 drobno\u015b\u0107? Mo\u017cesz dostosowa\u0107 uchwyt regulacyjny, aby dostosowa\u0107 drobno\u015b\u0107 mielonego b\u0142ota kostnego. Obr\u00f3\u0107 uchwyt regulacyjny zgodnie z ruchem wskaz\u00f3wek zegara, a szczelina mi\u0119dzy statorem a wirnikiem staje si\u0119 mniejsza. A drobno\u015b\u0107 mielenia staje si\u0119 drobniejsza. Podczas regulacji uchwytu, obr\u00f3\u0107 uchwyt regulacyjny zgodnie z ruchem wskaz\u00f3wek zegara. Gdy poczujesz lekkie tarcie, obr\u00f3\u0107 go w przeciwnym kierunku, aby szczelina mi\u0119dzy g\u0142owicami miel\u0105cymi by\u0142a wi\u0119ksza ni\u017c 0. Po dostosowaniu drobno\u015bci dokr\u0119\u0107 uchwyt na pier\u015bcieniu regulacyjnym. Aby spe\u0142ni\u0107 wymagania dotycz\u0105ce drobno\u015bci przetwarzania, nale\u017cy maksymalnie zwi\u0119kszy\u0107 szczelin\u0119 mi\u0119dzy tarczami miel\u0105cymi. To mo\u017ce zwi\u0119kszy\u0107 \u017cywotno\u015b\u0107 g\u0142owicy miel\u0105cej.<\/p>    <h2 class=\"wp-block-heading\">Przyk\u0142ad klienta maszyny do mielenia ko\u015bci<\/h2>   <div class=\"wp-block-image\"> <figure class=\"aligncenter size-full\"><img loading=\"lazy\" decoding=\"async\" width=\"720\" height=\"540\" src=\"https:\/\/www.meatprocessingmachine.org\/wp-content\/uploads\/2020\/11\/bone-grinder-machine.png\" alt=\"maszyna-do-mielenia-ko\u015bci\" class=\"wp-image-33068\" title=\"\" srcset=\"https:\/\/www.meatprocessingmachine.org\/wp-content\/uploads\/2020\/11\/bone-grinder-machine.png 720w, https:\/\/www.meatprocessingmachine.org\/wp-content\/uploads\/2020\/11\/bone-grinder-machine-300x225.png 300w\" sizes=\"auto, (max-width: 720px) 100vw, 720px\" \/><figcaption class=\"wp-element-caption\">maszyna do mielenia ko\u015bci<\/figcaption><\/figure> <\/div>   <p><br>Niedawno wys\u0142ali\u015bmy kruszark\u0119 do ko\u015bci i m\u0142ynek do ko\u015bci i dostarczyli\u015bmy je do klienta. Klient potrzebuje przetwarza\u0107 karm\u0119 dla zwierz\u0105t. Surowcem jest ko\u015b\u0107 wieprzowa, ale ko\u015b\u0107 jest stosunkowo du\u017ca, wi\u0119c najpierw musi by\u0107 z\u0142amana, a nast\u0119pnie zmielona. Ko\u015bci s\u0105 dodawane do karmy dla zwierz\u0105t, co nie tylko zwi\u0119ksza aromat karmy, ale tak\u017ce dostarcza bogatej warto\u015bci od\u017cywczej.<\/p>    <h2 class=\"wp-block-heading\">Film o maszynie do mielenia ko\u015bci<\/h2>    <figure class=\"wp-block-embed aligncenter is-type-video is-provider-youtube wp-block-embed-youtube\"><div class=\"wp-block-embed__wrapper\"> <iframe loading=\"lazy\" title=\"Jaka maszyna mo\u017ce mieli\u0107 ko\u015bci? | maszyna do mielenia ryb i wo\u0142owiny na sprzeda\u017c | maszyna do mielenia ko\u015bci\" width=\"500\" height=\"281\" src=\"https:\/\/www.youtube.com\/embed\/aJFLYTwqDF0?feature=oembed\" frameborder=\"0\" allow=\"accelerometer; autoplay; clipboard-write; encrypted-media; gyroscope; picture-in-picture; web-share\" referrerpolicy=\"strict-origin-when-cross-origin\" allowfullscreen><\/iframe> <\/div><figcaption class=\"wp-element-caption\">maszyna do mielenia ko\u015bci<\/figcaption><\/figure>","protected":false},"excerpt":{"rendered":"<p>Maszyna do mielenia ko\u015bci jest zazwyczaj \u0142\u0105czona z maszyn\u0105 do kruszenia ko\u015bci, aby kruszy\u0107 ko\u015bci zwierz\u0119ce i wytwarza\u0107 b\u0142oto kostne.<\/p>","protected":false},"author":1,"featured_media":33067,"parent":0,"template":"","product-type":[594],"class_list":["post-899","product","type-product","status-publish","has-post-thumbnail","hentry","product-type-bone-processing-equipment"],"_links":{"self":[{"href":"https:\/\/www.meatprocessingmachine.org\/pl\/wp-json\/wp\/v2\/product\/899","targetHints":{"allow":["GET"]}}],"collection":[{"href":"https:\/\/www.meatprocessingmachine.org\/pl\/wp-json\/wp\/v2\/product"}],"about":[{"href":"https:\/\/www.meatprocessingmachine.org\/pl\/wp-json\/wp\/v2\/types\/product"}],"author":[{"embeddable":true,"href":"https:\/\/www.meatprocessingmachine.org\/pl\/wp-json\/wp\/v2\/users\/1"}],"wp:featuredmedia":[{"embeddable":true,"href":"https:\/\/www.meatprocessingmachine.org\/pl\/wp-json\/wp\/v2\/media\/33067"}],"wp:attachment":[{"href":"https:\/\/www.meatprocessingmachine.org\/pl\/wp-json\/wp\/v2\/media?parent=899"}],"wp:term":[{"taxonomy":"product-type","embeddable":true,"href":"https:\/\/www.meatprocessingmachine.org\/pl\/wp-json\/wp\/v2\/product-type?post=899"}],"curies":[{"name":"wp","href":"https:\/\/api.w.org\/{rel}","templated":true}]}}