{"id":925,"date":"2020-12-08T18:03:31","date_gmt":"2020-12-08T10:03:31","guid":{"rendered":"http:\/\/www.meatprocessingmachine.org\/?p=925"},"modified":"2024-06-20T15:56:25","modified_gmt":"2024-06-20T07:56:25","slug":"automatic-fish-scaler-machine-fish-scale-remover-machine","status":"publish","type":"product","link":"https:\/\/www.meatprocessingmachine.org\/pl\/automatic-fish-scaler-machine-fish-scale-remover-machine.html","title":{"rendered":"Maszyna do usuwania \u0142usek rybnych | Maszyna do \u0142uskania i oczyszczania ryb"},"content":{"rendered":"<div class=\"kk-star-ratings kksr-auto kksr-align-right kksr-valign-top\"     data-payload='{&quot;align&quot;:&quot;right&quot;,&quot;id&quot;:&quot;925&quot;,&quot;slug&quot;:&quot;default&quot;,&quot;valign&quot;:&quot;top&quot;,&quot;ignore&quot;:&quot;&quot;,&quot;reference&quot;:&quot;auto&quot;,&quot;class&quot;:&quot;&quot;,&quot;count&quot;:&quot;0&quot;,&quot;legendonly&quot;:&quot;&quot;,&quot;readonly&quot;:&quot;&quot;,&quot;score&quot;:&quot;0&quot;,&quot;starsonly&quot;:&quot;&quot;,&quot;best&quot;:&quot;5&quot;,&quot;gap&quot;:&quot;5&quot;,&quot;greet&quot;:&quot;Rate this product&quot;,&quot;legend&quot;:&quot;0\\\/5 - (0 votes)&quot;,&quot;size&quot;:&quot;24&quot;,&quot;title&quot;:&quot;Fish Scale Remover Machine | Fish Scaling and Gutting Machine&quot;,&quot;width&quot;:&quot;0&quot;,&quot;_legend&quot;:&quot;{score}\\\/{best} - ({count} {votes})&quot;,&quot;font_factor&quot;:&quot;1.25&quot;}'>              <div class=\"kksr-stars\">      <div class=\"kksr-stars-inactive\">             <div class=\"kksr-star\" data-star=\"1\" style=\"padding-right: 5px\">               <div class=\"kksr-icon\" style=\"width: 24px; height: 24px;\"><\/div>         <\/div>             <div class=\"kksr-star\" data-star=\"2\" style=\"padding-right: 5px\">               <div class=\"kksr-icon\" style=\"width: 24px; height: 24px;\"><\/div>         <\/div>             <div class=\"kksr-star\" data-star=\"3\" style=\"padding-right: 5px\">               <div class=\"kksr-icon\" style=\"width: 24px; height: 24px;\"><\/div>         <\/div>             <div class=\"kksr-star\" data-star=\"4\" style=\"padding-right: 5px\">               <div class=\"kksr-icon\" style=\"width: 24px; height: 24px;\"><\/div>         <\/div>             <div class=\"kksr-star\" data-star=\"5\" style=\"padding-right: 5px\">               <div class=\"kksr-icon\" style=\"width: 24px; height: 24px;\"><\/div>         <\/div>     <\/div>      <div class=\"kksr-stars-active\" style=\"width: 0px;\">             <div class=\"kksr-star\" style=\"padding-right: 5px\">               <div class=\"kksr-icon\" style=\"width: 24px; height: 24px;\"><\/div>         <\/div>             <div class=\"kksr-star\" style=\"padding-right: 5px\">               <div class=\"kksr-icon\" style=\"width: 24px; height: 24px;\"><\/div>         <\/div>             <div class=\"kksr-star\" style=\"padding-right: 5px\">               <div class=\"kksr-icon\" style=\"width: 24px; height: 24px;\"><\/div>         <\/div>             <div class=\"kksr-star\" style=\"padding-right: 5px\">               <div class=\"kksr-icon\" style=\"width: 24px; height: 24px;\"><\/div>         <\/div>             <div class=\"kksr-star\" style=\"padding-right: 5px\">               <div class=\"kksr-icon\" style=\"width: 24px; height: 24px;\"><\/div>         <\/div>     <\/div> <\/div>                   <div class=\"kksr-legend\" style=\"font-size: 19.2px;\">             <span class=\"kksr-muted\">Oce\u0144 ten produkt<\/span>     <\/div>     <\/div>  <p class=\"translation-block\"><strong>Maszyna do usuwania \u0142usek ryb<\/strong> nazywana r\u00f3wnie\u017c maszyn\u0105 do skalerowania ryb. Jest profesjonalnie zaprojektowana i mo\u017ce s\u0142u\u017cy\u0107 do usuwania \u0142usek r\u00f3\u017cnych gatunk\u00f3w i rozmiar\u00f3w ryb. Producent maszyn do przetwarzania ryb Taizy oferuje trzy typy maszyn do usuwania \u0142usek ryb. Jeden to automatyczna maszyna do skalerowania, drugi to maszyna do odskalerowania specjalnie dla ma\u0142ych ryb, a trzeci to maszyna do obierania i oczyszczania ryb.<\/p>    <p>Te trzy komercyjne maszyny do skalerowania ryb mog\u0105 dzia\u0142a\u0107 automatycznie. Ponadto, s\u0105 odpowiednie do odskalerowania wielu gatunk\u00f3w ryb. R\u00f3wnie\u017c mo\u017cemy dostosowa\u0107 maszyn\u0119 do potrzeb klienta.<\/p>    <h2 class=\"wp-block-heading\" id=\"h-fish-scale-remover-machine-video\">Wideo z pracy maszyny do usuwania \u0142usek ryb<\/h2>    <figure class=\"wp-block-embed is-type-video is-provider-youtube wp-block-embed-youtube\"><div class=\"wp-block-embed__wrapper\"> <iframe loading=\"lazy\" title=\"Automatyczna maszyna do usuwania \u0142usek ryb, oczyszczania i czyszczenia ryb ma\u0142ych i du\u017cych\" width=\"500\" height=\"281\" src=\"https:\/\/www.youtube.com\/embed\/q-hKcTKzklQ?feature=oembed\" frameborder=\"0\" allow=\"accelerometer; autoplay; clipboard-write; encrypted-media; gyroscope; picture-in-picture; web-share\" referrerpolicy=\"strict-origin-when-cross-origin\" allowfullscreen><\/iframe> <\/div><figcaption class=\"wp-element-caption\">Automatyczna maszyna do obierania \u0142usek ryb<\/figcaption><\/figure>    <h2 class=\"wp-block-heading\" id=\"h-type-1-automatic-fish-scaling-machine\">Typ 1: Automatyczna maszyna do obierania \u0142usek ryb<\/h2>    <p>Automatyczna maszyna do obierania \u0142usek ryb g\u0142\u00f3wnie usuwa \u0142uski ryb poprzez kontakt z we\u0142nian\u0105 szczotk\u0105. Sk\u0142ada si\u0119 g\u0142\u00f3wnie z wlotu ryb, wylotu ryb, panelu sterowania, wlotu wody i innych g\u0142\u00f3wnych struktur. Podczas pracy najpierw pod\u0142\u0105cz rur\u0119 wodn\u0105 do wlotu. Po nape\u0142nieniu maszyny w stanie czuwania wod\u0105, w\u0142\u00f3\u017c ryb\u0119 do maszyny przez wlot ryb. <\/p>    <p>Nast\u0119pnie zamknij pokryw\u0119 i uruchom maszyn\u0119 za pomoc\u0105 panelu sterowania. Wewn\u0105trz maszyny do usuwania \u0142usek ryb szczotka ci\u0105gle si\u0119 obraca, usuwaj\u0105c \u0142uski. Po usuni\u0119ciu \u0142usek, wy\u0142\u0105cz maszyn\u0119 i otw\u00f3rz wylot ryb. Usuni\u0119te ryby b\u0119d\u0105 wyp\u0142ywa\u0107 z wylotu.<\/p>    <figure class=\"wp-block-image size-large\"><img loading=\"lazy\" decoding=\"async\" width=\"720\" height=\"540\" src=\"http:\/\/www.meatprocessingmachine.org\/wp-content\/uploads\/2020\/12\/automatic-fish-descale-machine.jpg\" alt=\"automatyczna maszyna do od\u0142uszczania ryb\" class=\"wp-image-933\" title=\"\" srcset=\"https:\/\/www.meatprocessingmachine.org\/wp-content\/uploads\/2020\/12\/automatic-fish-descale-machine.jpg 720w, https:\/\/www.meatprocessingmachine.org\/wp-content\/uploads\/2020\/12\/automatic-fish-descale-machine-300x225.jpg 300w\" sizes=\"auto, (max-width: 720px) 100vw, 720px\" \/><figcaption class=\"wp-element-caption\">Automatyczna maszyna do usuwania \u0142usek ryb<\/figcaption><\/figure>    <h3 class=\"wp-block-heading\" id=\"tw-target-text\">Szczeg\u00f3\u0142owe parametry automatycznej maszyny do obierania \u0142usek ryb<\/h3>    <figure class=\"wp-block-table\"><table><tbody><tr><td>Model<\/td><td>Rozmiar<\/td><td>zasilanie (V\/Hz): 380\/50<\/td><\/tr><tr><td>TZ-350<\/td><td>0,8*0,4*0,44m<\/td><td>0,75kW<\/td><\/tr><tr><td>TZ-500<\/td><td>1,05*0,55*0,85m<\/td><td>2,2 kW<\/td><\/tr><tr><td>TZ-700<\/td><td>1,25*0,55*0,85m<\/td><td>2,2 kW<\/td><\/tr><tr><td>TZ-800<\/td><td>1,25*0,65*0,85m<\/td><td>3,2kw<\/td><\/tr><tr><td>TZ-1000<\/td><td>1,58*0,55*0,85m<\/td><td>3,0kw<\/td><\/tr><\/tbody><\/table><figcaption class=\"wp-element-caption\">Automatyczna maszyna do obierania \u0142usek ryb na sprzeda\u017c<\/figcaption><\/figure>    <p>Dla Ciebie dost\u0119pnych jest pi\u0119\u0107 modeli automatycznych maszyn do usuwania \u0142usek ryb. R\u00f3\u017cne modele maj\u0105 r\u00f3\u017cne wydajno\u015bci, rozmiary i moc.<\/p>    <h3 class=\"wp-block-heading\" id=\"h-advantages-of-the-machine\">Zalety maszyny <\/h3>    <figure class=\"wp-block-image size-large\"><img loading=\"lazy\" decoding=\"async\" width=\"720\" height=\"540\" src=\"http:\/\/www.meatprocessingmachine.org\/wp-content\/uploads\/2020\/12\/fish-scaling-machine-structure.jpg\" alt=\"fish scaling machine structure\" class=\"wp-image-934\" title=\"\" srcset=\"https:\/\/www.meatprocessingmachine.org\/wp-content\/uploads\/2020\/12\/fish-scaling-machine-structure.jpg 720w, https:\/\/www.meatprocessingmachine.org\/wp-content\/uploads\/2020\/12\/fish-scaling-machine-structure-300x225.jpg 300w\" sizes=\"auto, (max-width: 720px) 100vw, 720px\" \/><figcaption class=\"wp-element-caption\">Struktura maszyny do obierania \u0142usek ryb<\/figcaption><\/figure>    <ol class=\"wp-block-list\" style=\"list-style-type:1\"> <li>Komercyjna maszyna do skalerowania ryb mo\u017ce osi\u0105gn\u0105\u0107 efekt czyszczenia przy jednoczesnym usuwaniu \u0142usek. Efekt usuwania jest wyra\u017any, a ko\u0144cowa ryba jest czysta.<\/li>    <li>Maszyna do czyszczenia ryb u\u017cywa we\u0142nianej tkaniny. Charakteryzuje si\u0119 brakiem utraty w\u0142\u00f3kien, brakiem \u0142amania i brakiem uszkodze\u0144 przy wysokich temperaturach.<\/li>    <li>Obudowa wykonana ze stali nierdzewnej, sterowana za pomoc\u0105 inteligentnego wy\u015bwietlacza. Charakteryzuje si\u0119 \u0142atwo\u015bci\u0105 obs\u0142ugi i wysok\u0105 wydajno\u015bci\u0105 pracy.<\/li>    <li>Automatyczna maszyna do usuwania ryb posiada funkcj\u0119 timera, kt\u00f3ra pozwala ustawi\u0107 r\u00f3\u017cne czasy usuwania \u0142usek ryb w zale\u017cno\u015bci od rodzaju ryb.<\/li>    <li> Maszyna do skalerowania ryb nie uszkadza cia\u0142a ryby, umo\u017cliwia automatyczne oddzielenie cia\u0142a ryby od \u0142usek. Usuni\u0119te \u0142uski mog\u0105 by\u0107 automatycznie odzyskiwane.<\/li> <\/ol>    <h2 class=\"wp-block-heading\" id=\"h-type-2-small-fish-scale-machine\">Typ 2: Ma\u0142a maszyna do \u0142usek ryb<\/h2>    <p><font style=\"vertical-align: inherit;\"><font style=\"vertical-align: inherit;\">Maszyna do skalerowania ryb jest g\u0142\u00f3wnie nap\u0119dzana silnikiem, kt\u00f3ry ci\u0105gle obraca maszyn\u0119. Sk\u0142ada si\u0119 g\u0142\u00f3wnie z pi\u0119ciok\u0105tnej siatki. Gdy \u0142uski s\u0105 usuwane, silnik nap\u0119dza siatk\u0119 do ci\u0105g\u0142ego obracania si\u0119, a ma\u0142e ryby w siatce obracaj\u0105 si\u0119 razem z siatk\u0105. <\/font><\/font><\/p>    <p><font style=\"vertical-align: inherit;\"><font style=\"vertical-align: inherit;\">Podczas obracania si\u0119 ryb w siatce, ryby stale zderzaj\u0105 si\u0119 z siatk\u0105, co powoduje usuwanie \u0142usek. Usuni\u0119te \u0142uski s\u0105 wypychane z otwor\u00f3w siatki pod wp\u0142ywem uderzenia wody. Dlatego korzystanie z tej ma\u0142ej maszyny pozwala na skuteczne usuni\u0119cie \u0142usek i pe\u0142ne odskalerowanie ryb. Rybki s\u0105 czyste i gotowe do dalszej obr\u00f3bki.<\/font><\/font><\/p>    <figure class=\"wp-block-image size-large\"><img loading=\"lazy\" decoding=\"async\" width=\"720\" height=\"540\" src=\"http:\/\/www.meatprocessingmachine.org\/wp-content\/uploads\/2020\/12\/small-fish-scale-remover-machine.jpg\" alt=\"Ma\u0142a maszyna do usuwania \u0142usek ryb\" class=\"wp-image-936\" title=\"\" srcset=\"https:\/\/www.meatprocessingmachine.org\/wp-content\/uploads\/2020\/12\/small-fish-scale-remover-machine.jpg 720w, https:\/\/www.meatprocessingmachine.org\/wp-content\/uploads\/2020\/12\/small-fish-scale-remover-machine-300x225.jpg 300w\" sizes=\"auto, (max-width: 720px) 100vw, 720px\" \/><figcaption class=\"wp-element-caption\">Ma\u0142a maszyna do usuwania \u0142usek ryb<\/figcaption><\/figure>    <h2 class=\"wp-block-heading\" id=\"h-type-3-fish-scaling-and-gutting-machine\">Typ 3: Maszyna do obierania i oczyszczania ryb<\/h2>    <p>W przeciwie\u0144stwie do poprzednich dw\u00f3ch maszyn dedykowanych do usuwania \u0142usek ryb, ta maszyna do obierania i oczyszczania ryb mo\u017ce usuwa\u0107 \u0142uski i oczyszcza\u0107 ryb\u0119 jednocze\u015bnie. Mo\u017ce realizowa\u0107 te dwie funkcje, ale dzia\u0142a tylko na jedn\u0105 ryb\u0119 naraz. W por\u00f3wnaniu z powy\u017cszymi maszynami do usuwania \u0142usek ryb, ma mniejsz\u0105 pojemno\u015b\u0107 do skalerowania ryb.<\/p>    <figure class=\"wp-block-image size-large\"><img loading=\"lazy\" decoding=\"async\" width=\"720\" height=\"540\" src=\"http:\/\/www.meatprocessingmachine.org\/wp-content\/uploads\/2020\/12\/fish-scaling-and-gutting-machine.jpg\" alt=\"Maszyna do skalerowania i oczyszczania ryb\" class=\"wp-image-937\" title=\"\" srcset=\"https:\/\/www.meatprocessingmachine.org\/wp-content\/uploads\/2020\/12\/fish-scaling-and-gutting-machine.jpg 720w, https:\/\/www.meatprocessingmachine.org\/wp-content\/uploads\/2020\/12\/fish-scaling-and-gutting-machine-300x225.jpg 300w\" sizes=\"auto, (max-width: 720px) 100vw, 720px\" \/><figcaption class=\"wp-element-caption\">Maszyna do odskrobania i oczyszczania ryb<\/figcaption><\/figure>    <h3 class=\"wp-block-heading\" id=\"h-type3-machine-introduction\"> Wprowadzenie do maszyny do obierania i oczyszczania ryb<\/h3>    <p class=\"translation-block\">Maszyna \u0142\u0105czy funkcje usuwania \u0142usek, otwierania brzuch\u00f3w ryb, usuwania wn\u0119trzno\u015bci i czyszczenia ryb. Mo\u017ce przetwarza\u0107 karpie, karasie, <a href=\"https:\/\/en.wikipedia.org\/wiki\/Tilapia\" target=\"_blank\" rel=\"noopener\">tilapi\u0119<\/a>, bass morskiego i inne ryby. Panel sterowania maszyny do usuwania \u0142usek ryb pozwala na regulacj\u0119 g\u0142\u0119boko\u015bci operacji. <\/p>    <p>Ryby przetwarzane t\u0105 maszyn\u0105 mog\u0105 by\u0107 oczyszczone z \u0142usek bez uszkodzenia sk\u00f3ry i p\u0142etw. Podczas usuwania \u0142usek, mo\u017cna r\u00f3wnie\u017c czysto usun\u0105\u0107 wn\u0119trzno\u015bci bez uszkodzenia \u017c\u00f3\u0142ci rybnej. Maszyna jest szeroko stosowana w supermarketach, sto\u0142\u00f3wkach, sklepach z grillowanymi rybami, restauracjach hot pot i innych miejscach, cechuje si\u0119 wysok\u0105 wydajno\u015bci\u0105.<\/p>    <h3 class=\"wp-block-heading\">Funkcje kompleksowej maszyny do przetwarzania ryb<\/h3>    <ol class=\"wp-block-list\" style=\"list-style-type:1\"> <li>Maszyna ma pot\u0119\u017cne funkcje, mo\u017ce realizowa\u0107 funkcje usuwania \u0142usek, otwierania, usuwania wn\u0119trzno\u015bci i czyszczenia. Usuwanie \u0142usek i wn\u0119trzno\u015bci jest skuteczne i nie uszkadza sk\u00f3ry ani p\u0142etw.<\/li>    <li>Ca\u0142a maszyna do skalerowania ryb wykonana jest ze stali nierdzewnej, co spe\u0142nia normy bezpiecze\u0144stwa i higieny \u017cywno\u015bci.<\/li>    <li>Sterowanie za pomoc\u0105 inteligentnego ekranu, cechy to prosta obs\u0142uga, bezpiecze\u0144stwo i niezawodno\u015b\u0107 oraz stabilna wydajno\u015b\u0107.<\/li>    <li>Mo\u017cemy przetwarza\u0107 r\u00f3\u017cne gatunki ryb, a maszyn\u0119 mo\u017cemy dostosowa\u0107 do potrzeb klient\u00f3w.<strong>&nbsp;<\/strong><\/li> <\/ol>    <h3 class=\"wp-block-heading\" id=\"h-machine-parameters\">Parametry maszyny do usuwania \u0142usek ryb<\/h3>    <figure class=\"wp-block-table\"><table><tbody><tr><td><strong>Model<\/strong><strong><\/strong><\/td><td><strong>C<\/strong><strong>pojemno\u015b\u0107 <\/strong><strong><\/strong><\/td><td><strong>S<\/strong><strong>rozmiar <\/strong><strong><\/strong><\/td><td><strong>A<\/strong><strong>zakres zastosowania ryb<\/strong><strong><\/strong><\/td><td><strong>W<\/strong><strong>osiem <\/strong><strong><\/strong><\/td><td><strong>C<\/strong><strong>dostosowane <\/strong><strong><\/strong><\/td><\/tr><tr><td>TZ-2000<\/td><td>400-500kg\/h&nbsp;<strong><\/strong><\/td><td>1000x500x700mm&nbsp;<strong><\/strong><\/td><td>0,4-4kg<\/td><td>140kg<\/td><td>Tak <\/td><\/tr><\/tbody><\/table><figcaption class=\"wp-element-caption\">Maszyna do skalerowania i oczyszczania ryb<\/figcaption><\/figure>    <h2 class=\"wp-block-heading\" id=\"h-precautious-of-using-fish-scale-machine\">\u015arodki ostro\u017cno\u015bci podczas korzystania z maszyny do \u0142usek ryb<\/h2>    <ol class=\"wp-block-list\" style=\"list-style-type:1\"> <li>Surowo zabrania si\u0119 d\u0142ugotrwa\u0142ego bezczynnego stania.<\/li>    <li>Regularnie smaruj przek\u0142adnie, \u0142a\u0144cuchy i spr\u0119\u017cyny.<\/li>    <li>It is strictly forbidden to reach into the fish&#8217;s mouth when the machine is working.<\/li>    <li>Wewn\u0119trzna struktura maszyny jest skomplikowana, prosimy nie rozbiera\u0107 jej samodzielnie.<\/li> <\/ol>    <h2 class=\"wp-block-heading\">R\u00f3\u017cne maszyny do przetwarzania ryb na sprzeda\u017c<\/h2>    <p class=\"translation-block\">W Taizy Meat Processing Machinery nie tylko oferujemy r\u00f3\u017cne style maszyn do usuwania \u0142usek ryb na sprzeda\u017c. Posiadamy tak\u017ce przemys\u0142owe <a href=\"https:\/\/www.meatprocessingmachine.org\/pl\/fish-drying-machine-hot-air-circulation-drying-machine.html\/\">maszyny do suszenia ryb<\/a>, <a href=\"https:\/\/www.meatprocessingmachine.org\/pl\/fish-debone-machine-fish-meat-and-bone-separator-machine.html\/\">maszyny do usuwania o\u015bci ryb<\/a>, <a href=\"https:\/\/www.meatprocessingmachine.org\/pl\/fish-fillet-machine-fish-slicing-machine.html\/\">maszyny do filetowania ryb<\/a> itp. Je\u015bli jeste\u015b zainteresowany, skontaktuj si\u0119 z nami.<\/p>    <div class=\"wp-block-columns is-layout-flex wp-container-core-columns-is-layout-9d6595d7 wp-block-columns-is-layout-flex\"> <div class=\"wp-block-column is-layout-flow wp-block-column-is-layout-flow\"> <figure class=\"wp-block-image size-full\"><img loading=\"lazy\" decoding=\"async\" width=\"720\" height=\"540\" src=\"https:\/\/www.meatprocessingmachine.org\/wp-content\/uploads\/2021\/07\/industrial-fish-drying-machine-1.jpg\" alt=\"Przemys\u0142owa maszyna do suszenia ryb\" class=\"wp-image-1505\" title=\"\" srcset=\"https:\/\/www.meatprocessingmachine.org\/wp-content\/uploads\/2021\/07\/industrial-fish-drying-machine-1.jpg 720w, https:\/\/www.meatprocessingmachine.org\/wp-content\/uploads\/2021\/07\/industrial-fish-drying-machine-1-300x225.jpg 300w\" sizes=\"auto, (max-width: 720px) 100vw, 720px\" \/><figcaption class=\"wp-element-caption\">Przemys\u0142owa maszyna do suszenia ryb<\/figcaption><\/figure> <\/div>    <div class=\"wp-block-column is-layout-flow wp-block-column-is-layout-flow\"> <figure class=\"wp-block-image size-full\"><img loading=\"lazy\" decoding=\"async\" width=\"720\" height=\"540\" src=\"https:\/\/www.meatprocessingmachine.org\/wp-content\/uploads\/2020\/12\/fish-deboning-machines-1.webp\" alt=\"maszyny do usuwania o\u015bci ryb\" class=\"wp-image-34181\" title=\"\" srcset=\"https:\/\/www.meatprocessingmachine.org\/wp-content\/uploads\/2020\/12\/fish-deboning-machines-1.webp 720w, https:\/\/www.meatprocessingmachine.org\/wp-content\/uploads\/2020\/12\/fish-deboning-machines-1-300x225.webp 300w\" sizes=\"auto, (max-width: 720px) 100vw, 720px\" \/><figcaption class=\"wp-element-caption\">Maszyny do odszczepiania o\u015bci<\/figcaption><\/figure> <\/div>    <div class=\"wp-block-column is-layout-flow wp-block-column-is-layout-flow\"> <figure class=\"wp-block-image size-full\"><img loading=\"lazy\" decoding=\"async\" width=\"720\" height=\"540\" src=\"https:\/\/www.meatprocessingmachine.org\/wp-content\/uploads\/2020\/12\/fish-fillet-cutting-machine.jpg\" alt=\"maszyna do krojenia filet\u00f3w rybnych\" class=\"wp-image-947\" title=\"\" srcset=\"https:\/\/www.meatprocessingmachine.org\/wp-content\/uploads\/2020\/12\/fish-fillet-cutting-machine.jpg 720w, https:\/\/www.meatprocessingmachine.org\/wp-content\/uploads\/2020\/12\/fish-fillet-cutting-machine-300x225.jpg 300w\" sizes=\"auto, (max-width: 720px) 100vw, 720px\" \/><figcaption class=\"wp-element-caption\">Maszyna do krojenia fileta rybnego<\/figcaption><\/figure> <\/div> <\/div>","protected":false},"excerpt":{"rendered":"<p>The fish scaler machine is suitable for scaling various fish scales. It can achieve continuous, automatic, large-volume fish scale removal.<\/p>","protected":false},"author":1,"featured_media":932,"parent":0,"template":"","product-type":[584],"class_list":["post-925","product","type-product","status-publish","has-post-thumbnail","hentry","product-type-fish"],"_links":{"self":[{"href":"https:\/\/www.meatprocessingmachine.org\/pl\/wp-json\/wp\/v2\/product\/925","targetHints":{"allow":["GET"]}}],"collection":[{"href":"https:\/\/www.meatprocessingmachine.org\/pl\/wp-json\/wp\/v2\/product"}],"about":[{"href":"https:\/\/www.meatprocessingmachine.org\/pl\/wp-json\/wp\/v2\/types\/product"}],"author":[{"embeddable":true,"href":"https:\/\/www.meatprocessingmachine.org\/pl\/wp-json\/wp\/v2\/users\/1"}],"wp:featuredmedia":[{"embeddable":true,"href":"https:\/\/www.meatprocessingmachine.org\/pl\/wp-json\/wp\/v2\/media\/932"}],"wp:attachment":[{"href":"https:\/\/www.meatprocessingmachine.org\/pl\/wp-json\/wp\/v2\/media?parent=925"}],"wp:term":[{"taxonomy":"product-type","embeddable":true,"href":"https:\/\/www.meatprocessingmachine.org\/pl\/wp-json\/wp\/v2\/product-type?post=925"}],"curies":[{"name":"wp","href":"https:\/\/api.w.org\/{rel}","templated":true}]}}