{"id":96,"date":"2018-10-25T06:12:43","date_gmt":"2018-10-24T22:12:43","guid":{"rendered":"http:\/\/www.meatprocessingmachine.org\/?p=96"},"modified":"2024-06-17T10:13:32","modified_gmt":"2024-06-17T02:13:32","slug":"frozen-meat-grinder","status":"publish","type":"product","link":"https:\/\/www.meatprocessingmachine.org\/pl\/frozen-meat-grinder.html","title":{"rendered":"Mro\u017carka do mi\u0119sa | M\u0142yn do mi\u0119sa"},"content":{"rendered":"<div class=\"kk-star-ratings kksr-auto kksr-align-right kksr-valign-top\"     data-payload='{&quot;align&quot;:&quot;right&quot;,&quot;id&quot;:&quot;96&quot;,&quot;slug&quot;:&quot;default&quot;,&quot;valign&quot;:&quot;top&quot;,&quot;ignore&quot;:&quot;&quot;,&quot;reference&quot;:&quot;auto&quot;,&quot;class&quot;:&quot;&quot;,&quot;count&quot;:&quot;0&quot;,&quot;legendonly&quot;:&quot;&quot;,&quot;readonly&quot;:&quot;&quot;,&quot;score&quot;:&quot;0&quot;,&quot;starsonly&quot;:&quot;&quot;,&quot;best&quot;:&quot;5&quot;,&quot;gap&quot;:&quot;5&quot;,&quot;greet&quot;:&quot;Rate this product&quot;,&quot;legend&quot;:&quot;0\\\/5 - (0 votes)&quot;,&quot;size&quot;:&quot;24&quot;,&quot;title&quot;:&quot;Frozen Meat Grinder | Meat Mincer&quot;,&quot;width&quot;:&quot;0&quot;,&quot;_legend&quot;:&quot;{score}\\\/{best} - ({count} {votes})&quot;,&quot;font_factor&quot;:&quot;1.25&quot;}'>              <div class=\"kksr-stars\">      <div class=\"kksr-stars-inactive\">             <div class=\"kksr-star\" data-star=\"1\" style=\"padding-right: 5px\">               <div class=\"kksr-icon\" style=\"width: 24px; height: 24px;\"><\/div>         <\/div>             <div class=\"kksr-star\" data-star=\"2\" style=\"padding-right: 5px\">               <div class=\"kksr-icon\" style=\"width: 24px; height: 24px;\"><\/div>         <\/div>             <div class=\"kksr-star\" data-star=\"3\" style=\"padding-right: 5px\">               <div class=\"kksr-icon\" style=\"width: 24px; height: 24px;\"><\/div>         <\/div>             <div class=\"kksr-star\" data-star=\"4\" style=\"padding-right: 5px\">               <div class=\"kksr-icon\" style=\"width: 24px; height: 24px;\"><\/div>         <\/div>             <div class=\"kksr-star\" data-star=\"5\" style=\"padding-right: 5px\">               <div class=\"kksr-icon\" style=\"width: 24px; height: 24px;\"><\/div>         <\/div>     <\/div>      <div class=\"kksr-stars-active\" style=\"width: 0px;\">             <div class=\"kksr-star\" style=\"padding-right: 5px\">               <div class=\"kksr-icon\" style=\"width: 24px; height: 24px;\"><\/div>         <\/div>             <div class=\"kksr-star\" style=\"padding-right: 5px\">               <div class=\"kksr-icon\" style=\"width: 24px; height: 24px;\"><\/div>         <\/div>             <div class=\"kksr-star\" style=\"padding-right: 5px\">               <div class=\"kksr-icon\" style=\"width: 24px; height: 24px;\"><\/div>         <\/div>             <div class=\"kksr-star\" style=\"padding-right: 5px\">               <div class=\"kksr-icon\" style=\"width: 24px; height: 24px;\"><\/div>         <\/div>             <div class=\"kksr-star\" style=\"padding-right: 5px\">               <div class=\"kksr-icon\" style=\"width: 24px; height: 24px;\"><\/div>         <\/div>     <\/div> <\/div>                   <div class=\"kksr-legend\" style=\"font-size: 19.2px;\">             <span class=\"kksr-muted\">Oce\u0144 ten produkt<\/span>     <\/div>     <\/div>  <p>Taizy zamro\u017cony m\u0142ynek do mi\u0119sa to maszyna, kt\u00f3ra bezpo\u015brednio tnie zamro\u017cone mi\u0119so, tworz\u0105c puree. W zak\u0142adach przetw\u00f3rstwa mi\u0119sa w procesie produkcji surowe mi\u0119so jest przetwarzane na granulki o r\u00f3\u017cnych rozmiarach zgodnie z wymaganiami procesu. Nie wymaga rozmra\u017cania podczas przetwarzania, co zapewnia jako\u015b\u0107 mi\u0119sa. <\/p>    <figure class=\"wp-block-image is-resized alignnone wp-image-1969\"><img loading=\"lazy\" decoding=\"async\" width=\"750\" height=\"750\" src=\"https:\/\/www.meatprocessingmachine.org\/wp-content\/uploads\/2018\/10\/Frozen-Meat-Grinder.jpg\" alt=\"M\u0142ynek do mi\u0119sa mro\u017conego\" class=\"wp-image-1969\" style=\"object-fit:cover;width:720px;height:540px\" title=\"\" srcset=\"https:\/\/www.meatprocessingmachine.org\/wp-content\/uploads\/2018\/10\/Frozen-Meat-Grinder.jpg 750w, https:\/\/www.meatprocessingmachine.org\/wp-content\/uploads\/2018\/10\/Frozen-Meat-Grinder-300x300.jpg 300w, https:\/\/www.meatprocessingmachine.org\/wp-content\/uploads\/2018\/10\/Frozen-Meat-Grinder-150x150.jpg 150w\" sizes=\"auto, (max-width: 750px) 100vw, 750px\" \/><figcaption class=\"wp-element-caption\">M\u0142ynek do mi\u0119sa mro\u017conego<\/figcaption><\/figure>    <p>Jednak mi\u0119so, kt\u00f3re mo\u017cna przetwarza\u0107 zamro\u017conym m\u0142ynkiem do mi\u0119sa, ma r\u00f3wnie\u017c pewne wymagania. Temperatura zamro\u017conego mi\u0119sa powinna wynosi\u0107 oko\u0142o -5\u00b0C do -18\u00b0C. Mi\u0119so nie powinno by\u0107 zbyt du\u017ce, mo\u017ce by\u0107 u\u017cywane w zak\u0142adach przetw\u00f3rstwa mi\u0119sa i u producent\u00f3w \u017cywno\u015bci. Produkcja kie\u0142bas, klopsik\u00f3w i innych wyrob\u00f3w.<\/p>    <h2 class=\"wp-block-heading\">Wy\u015bwietlanie filmu z pracy<\/h2>    <figure class=\"wp-block-embed is-type-video is-provider-youtube wp-block-embed-youtube\"><div class=\"wp-block-embed__wrapper\"> <iframe loading=\"lazy\" title=\"Zamro\u017cony m\u0142ynek do mi\u0119sa | zamro\u017cony m\u0142yn do mi\u0119sa | Maszyna do mielenia zamro\u017conego mi\u0119sa | Komercyjny m\u0142ynek do mi\u0119sa\" width=\"500\" height=\"281\" src=\"https:\/\/www.youtube.com\/embed\/zeO2cgZV7ZI?feature=oembed\" frameborder=\"0\" allow=\"accelerometer; autoplay; clipboard-write; encrypted-media; gyroscope; picture-in-picture; web-share\" referrerpolicy=\"strict-origin-when-cross-origin\" allowfullscreen><\/iframe> <\/div><figcaption class=\"wp-element-caption\"> Wy\u015bwietlanie filmu z pracy <\/figcaption><\/figure>    <h2 class=\"wp-block-heading\" id=\"h-the-advantages-of-frozen-meat-grinder\">Zalety zamro\u017conego m\u0142ynka do mi\u0119sa <\/h2>    <ul class=\"wp-block-list\"> <li>Jego powierzchnia jest g\u0142\u00f3wnie wykonana ze stali nierdzewnej, co spe\u0142nia normy sanitarne, nie zanieczyszcza materia\u0142\u00f3w przetwarzanych.<\/li>    <li>Narz\u0119dzie ma doskona\u0142\u0105 odporno\u015b\u0107 na zu\u017cycie i d\u0142ug\u0105 \u017cywotno\u015b\u0107.<\/li>    <li>\u0141atwy w obs\u0142udze, demonta\u017cu, monta\u017cu i czyszczeniu, szeroki zakres produkt\u00f3w do przetwarzania, a materia\u0142y mog\u0105 by\u0107 przetwarzane w celu zachowania ich pierwotnych sk\u0142adnik\u00f3w od\u017cywczych i dobrego efektu \u015bwie\u017co\u015bci.<\/li>    <li>Narz\u0119dzie mo\u017cna dostosowa\u0107 lub wymieni\u0107 zgodnie z rzeczywistymi potrzebami u\u017cytkowania.<\/li>    <li>Mielenie zamro\u017conego mi\u0119sa jest niezb\u0119dnym wyposa\u017ceniem do przetw\u00f3rstwa mi\u0119sa, mo\u017ce bezpo\u015brednio mieli\u0107 zamro\u017cone mi\u0119so, uzyskuj\u0105c r\u00f3\u017cne kszta\u0142ty mi\u0119sa. Nie uszkadza w\u0142\u00f3kien mi\u0119\u015bniowych.<\/li>    <li>Talerz obrotowy jest obracany przez \u015brub\u0119, co sprawia, \u017ce p\u0142ytka sitowa i m\u0142ynek do mi\u0119sa s\u0105 stosunkowo stabilne, zapewniaj\u0105c jednolito\u015b\u0107 mi\u0119sa. R\u00f3\u017cne rodzaje farszu mi\u0119snego mo\u017cna uzyska\u0107 poprzez r\u00f3\u017cne kombinacje p\u0142ytek sitowych.<\/li>    <li>Kr\u00f3tki czas krojenia i niska temperatura podczas procesu krojenia s\u0105 korzystne dla \u015bwie\u017co\u015bci i przed\u0142u\u017cenia trwa\u0142o\u015bci.<\/li> <\/ul>   <div class=\"wp-block-image\"> <figure class=\"aligncenter size-full\"><img loading=\"lazy\" decoding=\"async\" width=\"720\" height=\"540\" src=\"https:\/\/www.meatprocessingmachine.org\/wp-content\/uploads\/2021\/10\/Frozen-meat-grinder-machine-2.jpg\" alt=\"Zamro\u017cony m\u0142ynek do mi\u0119sa\" class=\"wp-image-2234\" title=\"\" srcset=\"https:\/\/www.meatprocessingmachine.org\/wp-content\/uploads\/2021\/10\/Frozen-meat-grinder-machine-2.jpg 720w, https:\/\/www.meatprocessingmachine.org\/wp-content\/uploads\/2021\/10\/Frozen-meat-grinder-machine-2-300x225.jpg 300w\" sizes=\"auto, (max-width: 720px) 100vw, 720px\" \/><figcaption class=\"wp-element-caption\">Zamro\u017cony m\u0142ynek do mi\u0119sa<\/figcaption><\/figure> <\/div>   <h2 class=\"wp-block-heading\">Potrzeba m\u0142ynka do zamro\u017conego mi\u0119sa<\/h2>    <p>Przede wszystkim podczas procesu przetwarzania mi\u0119sa temperatura nieznacznie wzro\u015bnie. Je\u015bli u\u017cyje si\u0119 \u015bwie\u017cego mi\u0119sa bezpo\u015brednio, jako\u015b\u0107 mi\u0119sa mo\u017ce zosta\u0107 naruszona po przetworzeniu w m\u0142ynku. Dodatkowo, u\u017cycie zamro\u017conego m\u0142ynka do mi\u0119sa jest stosunkowo ostre, a czas mielenia mi\u0119sa jest kr\u00f3tki, co sprzyja zachowaniu mi\u0119sa.<\/p>    <h2 class=\"wp-block-heading src grammarSection\">Zastosowanie zamro\u017conego m\u0142ynka do mi\u0119sa<\/h2>    <p class=\"src grammarSection translation-block\"><span class=\"transSent\" data-group=\"0-0\">Stosowany w r\u00f3\u017cnych <a href=\"https:\/\/en.wikipedia.org\/wiki\/Sausage\" target=\"_blank\" rel=\"noopener\">kie\u0142basach<\/a>, szynkach, mi\u0119sie na lunch, klopsikach, smakach s\u0142onych, karmie dla zwierz\u0105t i innych przemys\u0142ach mi\u0119snych. Wszystkie rodzaje zamro\u017conego mi\u0119sa, \u015bwie\u017cego mi\u0119sa, szkieletu kurczaka, szkieletu kaczki, sk\u00f3ry wieprzowej, sk\u00f3ry wo\u0142owej, sk\u00f3ry kurczaka, ryb, owoc\u00f3w, warzyw i tak dalej.<\/span><\/p>   <div class=\"wp-block-image wp-image-1981\"> <figure class=\"aligncenter size-full\"><img loading=\"lazy\" decoding=\"async\" width=\"720\" height=\"540\" src=\"https:\/\/www.meatprocessingmachine.org\/wp-content\/uploads\/2018\/10\/grozen-meat-grinding-machine.webp\" alt=\"zamro\u017cony m\u0142ynek do mi\u0119sa\" class=\"wp-image-34431\" title=\"\" srcset=\"https:\/\/www.meatprocessingmachine.org\/wp-content\/uploads\/2018\/10\/grozen-meat-grinding-machine.webp 720w, https:\/\/www.meatprocessingmachine.org\/wp-content\/uploads\/2018\/10\/grozen-meat-grinding-machine-300x225.webp 300w, https:\/\/www.meatprocessingmachine.org\/wp-content\/uploads\/2018\/10\/grozen-meat-grinding-machine-16x12.webp 16w\" sizes=\"auto, (max-width: 720px) 100vw, 720px\" \/><figcaption class=\"wp-element-caption\">zamro\u017cony m\u0142ynek do mi\u0119sa<\/figcaption><\/figure> <\/div>   <h2 class=\"wp-block-heading\">Zasada dzia\u0142ania m\u0142ynka do mi\u0119sa<\/h2>    <p>Zasada dzia\u0142ania mielenia mi\u0119sa polega na pchaniu mi\u0119sa do no\u017ca tn\u0105cego za pomoc\u0105 \u015bruby nap\u0119dowej. Aby lepiej radzi\u0107 sobie z twardszym mi\u0119sem i zmniejszy\u0107 uszkodzenia maszyny, zamro\u017cony m\u0142ynek do mi\u0119sa ma stosunkowo drobne ustawienie. Najpierw mi\u0119so jest wst\u0119pnie krojone, nast\u0119pnie drobno krojone, a na ko\u0144cu przez p\u0142ytk\u0119 sitow\u0105. Maszyna dzia\u0142a na zasadzie ekstruzji, a \u015bruba nap\u0119dowa ci\u0105gle usuwa bardzo ma\u0142e kawa\u0142ki mi\u0119sa z maszyny.<\/p>    <figure class=\"wp-block-gallery has-nested-images columns-default is-cropped wp-block-gallery-2 is-layout-flex wp-block-gallery-is-layout-flex\"> <figure class=\"wp-block-image size-large\"><img loading=\"lazy\" decoding=\"async\" width=\"540\" height=\"720\" data-id=\"34433\" src=\"https:\/\/www.meatprocessingmachine.org\/wp-content\/uploads\/2018\/10\/accessories.jpg\" alt=\"accessories\" class=\"wp-image-34433\" title=\"\" srcset=\"https:\/\/www.meatprocessingmachine.org\/wp-content\/uploads\/2018\/10\/accessories.jpg 540w, https:\/\/www.meatprocessingmachine.org\/wp-content\/uploads\/2018\/10\/accessories-225x300.jpg 225w, https:\/\/www.meatprocessingmachine.org\/wp-content\/uploads\/2018\/10\/accessories-9x12.jpg 9w\" sizes=\"auto, (max-width: 540px) 100vw, 540px\" \/><figcaption class=\"wp-element-caption\">Akcesoria<\/figcaption><\/figure>    <figure class=\"wp-block-image size-large\"><img loading=\"lazy\" decoding=\"async\" width=\"540\" height=\"720\" data-id=\"34434\" src=\"https:\/\/www.meatprocessingmachine.org\/wp-content\/uploads\/2018\/10\/interior-structure.jpg\" alt=\"interior structure\" class=\"wp-image-34434\" title=\"\" srcset=\"https:\/\/www.meatprocessingmachine.org\/wp-content\/uploads\/2018\/10\/interior-structure.jpg 540w, https:\/\/www.meatprocessingmachine.org\/wp-content\/uploads\/2018\/10\/interior-structure-225x300.jpg 225w, https:\/\/www.meatprocessingmachine.org\/wp-content\/uploads\/2018\/10\/interior-structure-9x12.jpg 9w\" sizes=\"auto, (max-width: 540px) 100vw, 540px\" \/><figcaption class=\"wp-element-caption\">Struktura wewn\u0119trzna<\/figcaption><\/figure>    <figure class=\"wp-block-image size-large\"><img loading=\"lazy\" decoding=\"async\" width=\"540\" height=\"720\" data-id=\"34435\" src=\"https:\/\/www.meatprocessingmachine.org\/wp-content\/uploads\/2018\/10\/machine-parts.jpg\" alt=\"machine parts\" class=\"wp-image-34435\" title=\"\" srcset=\"https:\/\/www.meatprocessingmachine.org\/wp-content\/uploads\/2018\/10\/machine-parts.jpg 540w, https:\/\/www.meatprocessingmachine.org\/wp-content\/uploads\/2018\/10\/machine-parts-225x300.jpg 225w, https:\/\/www.meatprocessingmachine.org\/wp-content\/uploads\/2018\/10\/machine-parts-9x12.jpg 9w\" sizes=\"auto, (max-width: 540px) 100vw, 540px\" \/><figcaption class=\"wp-element-caption\">Cz\u0119\u015bci maszyny<\/figcaption><\/figure> <\/figure>    <h2 class=\"wp-block-heading\" id=\"h-machine-structure\">Struktura m\u0142ynka do mi\u0119sa zamro\u017conego<\/h2>    <p>&nbsp;1. Rama 2. Reamer 3. Szablon do wyciskania mi\u0119sa 4. Nakr\u0119tka \u015bruby 5. Cylinder ziarna 6. Klatka do wyciskania 7. Zbiornik 8. Reduktor 9. Du\u017ca ko\u0142a pasowe 10. Silnik 11. Pasek tr\u00f3jk\u0105tny 12. Ma\u0142e ko\u0142o pasowe.<\/p>    <h2 class=\"wp-block-heading\" id=\"h-technical-parameter-of-commercial-meat-grinder\">Parametry techniczne komercyjnego m\u0142ynka do mi\u0119sa<\/h2>    <figure class=\"wp-block-table\"><table><tbody><tr><td>TYP<\/td><td>SL-300<\/td><td>SL-120<\/td><td>SL-160<\/td><td>2. Sprawd\u017a, czy \u017cadne obce cia\u0142o nie znajduje si\u0119 w lejku i oczy\u015b\u0107 je w razie potrzeby.<\/td><td>SL-250<\/td><\/tr><tr><td>Pojemno\u015b\u0107 (kg\/h)<\/td><td>500 kg\/h<\/td><td>1500kg\/h<\/td><td>2000-3000kg\/h<\/td><td>3000-5000kg\/h<\/td><td>1t-5t<\/td><\/tr><tr><td>Moc (kW)<\/td><td>5.5<\/td><td>7.5<\/td><td>15<\/td><td>22<\/td><td>37<\/td><\/tr><tr><td>Waga(kg)<\/td><td>182<\/td><td>358<\/td><td>1200<\/td><td>1860<\/td><td>\/<\/td><\/tr><tr><td>Wymiary(mm)<\/td><td>980*550*900<\/td><td>960*550*1080<\/td><td>1630*1100*1450<\/td><td>1780*1000*1580<\/td><td>1962*1106*1620<\/td><\/tr><\/tbody><\/table><figcaption class=\"wp-element-caption\">Parametry komercyjnego m\u0142ynka do mi\u0119sa<\/figcaption><\/figure>    <p>Nasz komercyjny zamro\u017cony m\u0142ynek do mi\u0119sa mo\u017ce produkowa\u0107 do 5 t\/h. Do wyboru 5 najpopularniejszych modeli. Je\u015bli masz inne pytania dotycz\u0105ce tego urz\u0105dzenia, skontaktuj si\u0119 z nami, a odpowiemy tak szybko, jak to mo\u017cliwe.<\/p>    <h2 class=\"wp-block-heading\" id=\"h-model-selection\">Wyb\u00f3r modelu zamro\u017conego m\u0142ynka do mi\u0119sa<\/h2>    <p>Je\u015bli Twoje mi\u0119so i produkcja s\u0105 ma\u0142e, wybierz SL-100 lub SL-120, je\u015bli Twoje mi\u0119so i produkcja s\u0105 du\u017ce, powiniene\u015b wybra\u0107 SL-160, SL-200 lub SL-250.<\/p>   <div class=\"wp-block-image\"> <figure class=\"aligncenter size-full is-resized\"><img loading=\"lazy\" decoding=\"async\" width=\"800\" height=\"600\" src=\"https:\/\/www.meatprocessingmachine.org\/wp-content\/uploads\/2021\/09\/Frozen-Meat-Grinder-5.jpg\" alt=\"\" class=\"wp-image-1980\" style=\"width:720px;height:540px\" title=\"\" srcset=\"https:\/\/www.meatprocessingmachine.org\/wp-content\/uploads\/2021\/09\/Frozen-Meat-Grinder-5.jpg 800w, https:\/\/www.meatprocessingmachine.org\/wp-content\/uploads\/2021\/09\/Frozen-Meat-Grinder-5-300x225.jpg 300w, https:\/\/www.meatprocessingmachine.org\/wp-content\/uploads\/2021\/09\/Frozen-Meat-Grinder-5-768x576.jpg 768w\" sizes=\"auto, (max-width: 800px) 100vw, 800px\" \/><figcaption class=\"wp-element-caption\">M\u0142ynek do mi\u0119sa mro\u017conego<\/figcaption><\/figure> <\/div>   <h2 class=\"wp-block-heading\">Obs\u0142uga surowca przed m\u0142ynkiem<\/h2>    <p>Zamro\u017cony m\u0142ynek do mi\u0119sa mo\u017ce przetwarza\u0107 mi\u0119so zamro\u017cone w zakresie temperatur od -5\u00b0C do -18\u00b0C. Mo\u017ce by\u0107 lekko zamro\u017cone z surowcami podczas u\u017cycia, i powinno by\u0107 umieszczone w zamra\u017carce lod\u00f3wki, nie w ch\u0142odziarce. Po kr\u00f3tkim okresie zamra\u017cania mi\u0119so staje si\u0119 bardziej kruche, mi\u0119kko si\u0119 rozdziela i nie klei si\u0119. <\/p>    <p class=\"translation-block\">Warto zauwa\u017cy\u0107, \u017ce podczas zamra\u017cania mi\u0119so powinno by\u0107 pokrojone na ma\u0142e kawa\u0142ki. Je\u015bli kawa\u0142ki mi\u0119sa s\u0105 stosunkowo du\u017ce, konieczne jest ich rozdrobnienie za pomoc\u0105 <a href=\"https:\/\/www.meatprocessingmachine.org\/pl\/frozen-meat-cutting-machine.html\/\">maszyny do rozdrabniania mi\u0119sa<\/a>.<\/p>    <h2 class=\"wp-block-heading\">Kroki obs\u0142ugi zamro\u017conego m\u0142ynka do mi\u0119sa<\/h2>   <div class=\"wp-block-image\"> <figure class=\"aligncenter size-full is-resized\"><img loading=\"lazy\" decoding=\"async\" width=\"627\" height=\"520\" src=\"https:\/\/www.meatprocessingmachine.org\/wp-content\/uploads\/2021\/09\/Frozen-Meat-Grinder-Operate-step.png\" alt=\"Operate\u00a0step\" class=\"wp-image-1968\" style=\"width:720px;height:540px\" title=\"\" srcset=\"https:\/\/www.meatprocessingmachine.org\/wp-content\/uploads\/2021\/09\/Frozen-Meat-Grinder-Operate-step.png 627w, https:\/\/www.meatprocessingmachine.org\/wp-content\/uploads\/2021\/09\/Frozen-Meat-Grinder-Operate-step-300x249.png 300w\" sizes=\"auto, (max-width: 627px) 100vw, 627px\" \/><figcaption class=\"wp-element-caption\"> Kroki obs\u0142ugi <\/figcaption><\/figure> <\/div>   <ol class=\"wp-block-list\" style=\"list-style-type:1\"> <li>Po pod\u0142\u0105czeniu do zasilania tr\u00f3jfazowego, naci\u015bnij \u201estart\u201d.<\/li>    <li>Po zu\u017cyciu maszyny \/ w przypadku awarii, naci\u015bnij \u201estop\u201d.<\/li>    <li>Gdy materia\u0142 jest zablokowany i maszyna nie mo\u017ce go wy\u0142adowa\u0107, naci\u015bnij \u201eodwrotnie\u201d<\/li> <\/ol>","protected":false},"excerpt":{"rendered":"<p>The frozen meat grinder is a machine that cuts the frozen meat directly to form a puree. In the meat processing enterprises in the production process,the raw meat is processed into granular meat with different specifications according to different process requirements.It does not need to be thawed during the processing process, which ensures the quality of the meat. However, the meat that can be processed by the frozen meat grinder also has certain requirements. The temperature of frozen meat should be around -5\u00b0C&#8211;18\u00b0C. The meat should not be too large, and it can be used in meat processing plants and food manufacturers. . Produce sausages, meatballs and other foods.<\/p>","protected":false},"author":1,"featured_media":1869,"parent":0,"template":"","product-type":[590],"class_list":["post-96","product","type-product","status-publish","has-post-thumbnail","hentry","product-type-meat-grinding-machine"],"_links":{"self":[{"href":"https:\/\/www.meatprocessingmachine.org\/pl\/wp-json\/wp\/v2\/product\/96","targetHints":{"allow":["GET"]}}],"collection":[{"href":"https:\/\/www.meatprocessingmachine.org\/pl\/wp-json\/wp\/v2\/product"}],"about":[{"href":"https:\/\/www.meatprocessingmachine.org\/pl\/wp-json\/wp\/v2\/types\/product"}],"author":[{"embeddable":true,"href":"https:\/\/www.meatprocessingmachine.org\/pl\/wp-json\/wp\/v2\/users\/1"}],"wp:featuredmedia":[{"embeddable":true,"href":"https:\/\/www.meatprocessingmachine.org\/pl\/wp-json\/wp\/v2\/media\/1869"}],"wp:attachment":[{"href":"https:\/\/www.meatprocessingmachine.org\/pl\/wp-json\/wp\/v2\/media?parent=96"}],"wp:term":[{"taxonomy":"product-type","embeddable":true,"href":"https:\/\/www.meatprocessingmachine.org\/pl\/wp-json\/wp\/v2\/product-type?post=96"}],"curies":[{"name":"wp","href":"https:\/\/api.w.org\/{rel}","templated":true}]}}