{"id":11,"date":"2018-10-25T02:48:44","date_gmt":"2018-10-25T02:48:44","guid":{"rendered":"http:\/\/www.meatprocessingmachine.org\/?page_id=11"},"modified":"2026-04-07T17:31:10","modified_gmt":"2026-04-07T09:31:10","slug":"about-us","status":"publish","type":"page","link":"https:\/\/www.meatprocessingmachine.org\/pt\/about-us\/","title":{"rendered":"Sobre n\u00f3s"},"content":{"rendered":"<p class=\"translation-block\"><strong><mark class=\"has-inline-color has-luminous-vivid-amber-color\"><a href=\"https:\/\/www.meatprocessingmachine.org\/pt\/\">Zhengzhou Taizy Machinery Co., Ltd<\/a><\/mark><\/strong> \u00e9 uma fabricante e exportadora profissional especializada em m\u00e1quinas de processamento de carne e solu\u00e7\u00f5es integradas de processamento de alimentos. Localizada na Zona de Desenvolvimento Econ\u00f4mico e Tecnol\u00f3gico de Zhengzhou, combinamos pesquisa, engenharia, fabrica\u00e7\u00e3o e vendas globais em um sistema de opera\u00e7\u00e3o eficiente.<\/p>    <p>Com uma forte base t\u00e9cnica e mais de 100 funcion\u00e1rios qualificados, constru\u00edmos um sistema de produ\u00e7\u00e3o e gest\u00e3o moderno que garante qualidade est\u00e1vel do produto e entrega eficiente para clientes em todo o mundo.<\/p>   <div class=\"wp-block-image\"> <figure class=\"aligncenter size-full\"><img loading=\"lazy\" decoding=\"async\" width=\"720\" height=\"540\" src=\"https:\/\/www.meatprocessingmachine.org\/wp-content\/uploads\/2026\/04\/taizy-factory.webp\" alt=\"f\u00e1brica Taizy\" class=\"wp-image-35273\" title=\"\" srcset=\"https:\/\/www.meatprocessingmachine.org\/wp-content\/uploads\/2026\/04\/taizy-factory.webp 720w, https:\/\/www.meatprocessingmachine.org\/wp-content\/uploads\/2026\/04\/taizy-factory-300x225.webp 300w, https:\/\/www.meatprocessingmachine.org\/wp-content\/uploads\/2026\/04\/taizy-factory-16x12.webp 16w\" sizes=\"auto, (max-width: 720px) 100vw, 720px\" \/><figcaption class=\"wp-element-caption\">f\u00e1brica Taizy<\/figcaption><\/figure> <\/div>   <h2 class=\"wp-block-heading\">O que fazemos<\/h2>    <p>Focamos no desenvolvimento e produ\u00e7\u00e3o de uma gama completa de equipamentos para processamento de carne, incluindo:<\/p>    <ul class=\"wp-block-list\"> <li><strong><a href=\"https:\/\/www.meatprocessingmachine.org\/pt\/products\/meat-cutting-machine\/\">M\u00e1quinas de corte e fatiamento de carne<\/a><\/strong><\/li>    <li>Equipamentos de moagem de carne e processamento de ossos<\/li>    <li>Linhas de produ\u00e7\u00e3o de alm\u00f4ndegas<\/li>    <li><strong><a href=\"https:\/\/www.meatprocessingmachine.org\/pt\/products\/supporting-auxiliary-equipment\/\">Embalagem a v\u00e1cuo e equipamentos auxiliares<\/a><\/strong><\/li> <\/ul>    <p>Nossas m\u00e1quinas s\u00e3o amplamente utilizadas em a\u00e7ougues, f\u00e1bricas de processamento de alimentos, frigor\u00edficos e linhas de produ\u00e7\u00e3o de carne industrial, apoiando tanto pequenas empresas quanto grandes f\u00e1bricas.<\/p>    <figure class=\"wp-block-gallery has-nested-images columns-default is-cropped wp-block-gallery-2 is-layout-flex wp-block-gallery-is-layout-flex\"> <figure class=\"wp-block-image size-large\"><img loading=\"lazy\" decoding=\"async\" width=\"720\" height=\"540\" data-id=\"34581\" src=\"https:\/\/www.meatprocessingmachine.org\/wp-content\/uploads\/2020\/11\/Bone-Crusher-and-Colloid-Mill-Combination.webp\" alt=\"Bone Crusher and Colloid Mill Combination\" class=\"wp-image-34581\" title=\"\" srcset=\"https:\/\/www.meatprocessingmachine.org\/wp-content\/uploads\/2020\/11\/Bone-Crusher-and-Colloid-Mill-Combination.webp 720w, https:\/\/www.meatprocessingmachine.org\/wp-content\/uploads\/2020\/11\/Bone-Crusher-and-Colloid-Mill-Combination-300x225.webp 300w, https:\/\/www.meatprocessingmachine.org\/wp-content\/uploads\/2020\/11\/Bone-Crusher-and-Colloid-Mill-Combination-16x12.webp 16w\" sizes=\"auto, (max-width: 720px) 100vw, 720px\" \/><figcaption class=\"wp-element-caption\">Combina\u00e7\u00e3o de triturador de ossos e moinho de colloide<\/figcaption><\/figure>    <figure class=\"wp-block-image size-large\"><img loading=\"lazy\" decoding=\"async\" width=\"720\" height=\"540\" data-id=\"34788\" src=\"https:\/\/www.meatprocessingmachine.org\/wp-content\/uploads\/2020\/11\/Bone-Crushing-Machine-1.webp\" alt=\"M\u00e1quina de Triturar Ossos\" class=\"wp-image-34788\" title=\"\" srcset=\"https:\/\/www.meatprocessingmachine.org\/wp-content\/uploads\/2020\/11\/Bone-Crushing-Machine-1.webp 720w, https:\/\/www.meatprocessingmachine.org\/wp-content\/uploads\/2020\/11\/Bone-Crushing-Machine-1-300x225.webp 300w, https:\/\/www.meatprocessingmachine.org\/wp-content\/uploads\/2020\/11\/Bone-Crushing-Machine-1-16x12.webp 16w\" sizes=\"auto, (max-width: 720px) 100vw, 720px\" \/><figcaption class=\"wp-element-caption\">M\u00e1quina de Triturar Ossos<\/figcaption><\/figure>    <figure class=\"wp-block-image size-large\"><img loading=\"lazy\" decoding=\"async\" width=\"720\" height=\"540\" data-id=\"34698\" src=\"https:\/\/www.meatprocessingmachine.org\/wp-content\/uploads\/2021\/01\/Fish-Dryer-Machine-Factory.webp\" alt=\"F\u00e1brica de m\u00e1quinas de secar peixe\" class=\"wp-image-34698\" title=\"\" srcset=\"https:\/\/www.meatprocessingmachine.org\/wp-content\/uploads\/2021\/01\/Fish-Dryer-Machine-Factory.webp 720w, https:\/\/www.meatprocessingmachine.org\/wp-content\/uploads\/2021\/01\/Fish-Dryer-Machine-Factory-300x225.webp 300w, https:\/\/www.meatprocessingmachine.org\/wp-content\/uploads\/2021\/01\/Fish-Dryer-Machine-Factory-16x12.webp 16w\" sizes=\"auto, (max-width: 720px) 100vw, 720px\" \/><figcaption class=\"wp-element-caption\">F\u00e1brica de m\u00e1quinas de secar peixe<\/figcaption><\/figure>    <figure class=\"wp-block-image size-large\"><img loading=\"lazy\" decoding=\"async\" width=\"720\" height=\"540\" data-id=\"34650\" src=\"https:\/\/www.meatprocessingmachine.org\/wp-content\/uploads\/2026\/02\/Meat-Slicing-Machine.webp\" alt=\"M\u00e1quina de Fatiar Carne\" class=\"wp-image-34650\" title=\"\" srcset=\"https:\/\/www.meatprocessingmachine.org\/wp-content\/uploads\/2026\/02\/Meat-Slicing-Machine.webp 720w, https:\/\/www.meatprocessingmachine.org\/wp-content\/uploads\/2026\/02\/Meat-Slicing-Machine-300x225.webp 300w, https:\/\/www.meatprocessingmachine.org\/wp-content\/uploads\/2026\/02\/Meat-Slicing-Machine-16x12.webp 16w\" sizes=\"auto, (max-width: 720px) 100vw, 720px\" \/><figcaption class=\"wp-element-caption\">M\u00e1quina de Fatiar Carne<\/figcaption><\/figure>    <figure class=\"wp-block-image size-large\"><img loading=\"lazy\" decoding=\"async\" width=\"720\" height=\"540\" data-id=\"35002\" src=\"https:\/\/www.meatprocessingmachine.org\/wp-content\/uploads\/2021\/11\/Triple-Row-Egg-Processing-Line.webp\" alt=\"Linha de processamento de ovos de tr\u00eas fileiras\" class=\"wp-image-35002\" title=\"\" srcset=\"https:\/\/www.meatprocessingmachine.org\/wp-content\/uploads\/2021\/11\/Triple-Row-Egg-Processing-Line.webp 720w, https:\/\/www.meatprocessingmachine.org\/wp-content\/uploads\/2021\/11\/Triple-Row-Egg-Processing-Line-300x225.webp 300w, https:\/\/www.meatprocessingmachine.org\/wp-content\/uploads\/2021\/11\/Triple-Row-Egg-Processing-Line-16x12.webp 16w\" sizes=\"auto, (max-width: 720px) 100vw, 720px\" \/><figcaption class=\"wp-element-caption\">Linha de processamento de ovos de tr\u00eas fileiras<\/figcaption><\/figure>    <figure class=\"wp-block-image size-large\"><img loading=\"lazy\" decoding=\"async\" width=\"720\" height=\"540\" data-id=\"35130\" src=\"https:\/\/www.meatprocessingmachine.org\/wp-content\/uploads\/2026\/03\/Chicken-Paw-Processing-Machine.webp\" alt=\"M\u00e1quina de processamento de patas de frango\" class=\"wp-image-35130\" title=\"\" srcset=\"https:\/\/www.meatprocessingmachine.org\/wp-content\/uploads\/2026\/03\/Chicken-Paw-Processing-Machine.webp 720w, https:\/\/www.meatprocessingmachine.org\/wp-content\/uploads\/2026\/03\/Chicken-Paw-Processing-Machine-300x225.webp 300w, https:\/\/www.meatprocessingmachine.org\/wp-content\/uploads\/2026\/03\/Chicken-Paw-Processing-Machine-16x12.webp 16w\" sizes=\"auto, (max-width: 720px) 100vw, 720px\" \/><figcaption class=\"wp-element-caption\">M\u00e1quina de processamento de patas de frango<\/figcaption><\/figure> <\/figure>    <h3 class=\"wp-block-heading\">Capacidade forte de P&amp;D e Fabrica\u00e7\u00e3o<\/h3>    <p>A tecnologia impulsiona nosso crescimento. Investimos continuamente em pesquisa e desenvolvimento, trabalhando com engenheiros mec\u00e2nicos experientes e especialistas do setor para melhorar o desempenho dos equipamentos e desenvolver novas solu\u00e7\u00f5es.<\/p>    <p>Desde a sele\u00e7\u00e3o de mat\u00e9ria-prima at\u00e9 a montagem final, cada m\u00e1quina \u00e9 fabricada sob rigorosos padr\u00f5es de controle de qualidade. Nosso processo de produ\u00e7\u00e3o enfatiza durabilidade, higiene e efici\u00eancia operacional para atender aos requisitos internacionais de processamento de alimentos.<\/p>   <div class=\"wp-block-image\"> <figure class=\"aligncenter size-full\"><img loading=\"lazy\" decoding=\"async\" width=\"720\" height=\"540\" src=\"https:\/\/www.meatprocessingmachine.org\/wp-content\/uploads\/2026\/04\/Processing-Workshop.webp\" alt=\"Oficina de processamento\" class=\"wp-image-35277\" title=\"\" srcset=\"https:\/\/www.meatprocessingmachine.org\/wp-content\/uploads\/2026\/04\/Processing-Workshop.webp 720w, https:\/\/www.meatprocessingmachine.org\/wp-content\/uploads\/2026\/04\/Processing-Workshop-300x225.webp 300w, https:\/\/www.meatprocessingmachine.org\/wp-content\/uploads\/2026\/04\/Processing-Workshop-16x12.webp 16w\" sizes=\"auto, (max-width: 720px) 100vw, 720px\" \/><figcaption class=\"wp-element-caption\">Oficina de processamento<\/figcaption><\/figure> <\/div>   <h3 class=\"wp-block-heading\">Presen\u00e7a no Mercado Global<\/h3>    <p class=\"translation-block\">Nossos produtos foram exportados para <strong><a href=\"https:\/\/www.meatprocessingmachine.org\/pt\/Info\/bone-crusher-machine-france\/\">Europa<\/a><\/strong>, <strong><a href=\"https:\/\/www.meatprocessingmachine.org\/pt\/Info\/frozen-meat-dicer-machine-for-sale-in-usa\/\">Am\u00e9rica<\/a><\/strong>, \u00c1frica, Sudeste Asi\u00e1tico e muitas outras regi\u00f5es, conquistando uma forte reputa\u00e7\u00e3o e uma base s\u00f3lida de clientes no mercado internacional. Como subsidi\u00e1ria do Grupo Shuliy, a Taizy aproveita o sistema de fabrica\u00e7\u00e3o maduro do grupo, cadeia de suprimentos bem estabelecida e ampla experi\u00eancia no mercado global para fornecer equipamentos confi\u00e1veis e servi\u00e7os profissionais, construindo parcerias de longo prazo com clientes em todo o mundo.<\/p>   <div class=\"wp-block-image\"> <figure class=\"aligncenter size-full\"><img loading=\"lazy\" decoding=\"async\" width=\"720\" height=\"540\" src=\"https:\/\/www.meatprocessingmachine.org\/wp-content\/uploads\/2026\/04\/Shuliys-customers.webp\" alt=\"Clientes da Shuliy\" class=\"wp-image-35281\" title=\"\" srcset=\"https:\/\/www.meatprocessingmachine.org\/wp-content\/uploads\/2026\/04\/Shuliys-customers.webp 720w, https:\/\/www.meatprocessingmachine.org\/wp-content\/uploads\/2026\/04\/Shuliys-customers-300x225.webp 300w, https:\/\/www.meatprocessingmachine.org\/wp-content\/uploads\/2026\/04\/Shuliys-customers-16x12.webp 16w\" sizes=\"auto, (max-width: 720px) 100vw, 720px\" \/><figcaption class=\"wp-element-caption\">Shuliy&#8217;s customers<\/figcaption><\/figure> <\/div>   <h3 class=\"wp-block-heading\">Garantia de Qualidade e Servi\u00e7o<\/h3>    <p>Seguimos uma filosofia de \u201cqualidade em primeiro lugar, foco no cliente\u201d em todos os projetos.<\/p>    <ul class=\"wp-block-list\"> <li>Inspe\u00e7\u00e3o de qualidade rigorosa antes da entrega<\/li>    <li>Consultoria profissional pr\u00e9-venda e design de solu\u00e7\u00f5es<\/li>    <li>Suporte completo p\u00f3s-venda, incluindo orienta\u00e7\u00e3o de instala\u00e7\u00e3o e servi\u00e7o t\u00e9cnico<\/li> <\/ul>    <p>Nosso objetivo n\u00e3o \u00e9 apenas fornecer m\u00e1quinas, mas oferecer solu\u00e7\u00f5es confi\u00e1veis e de longo prazo que ajudem os clientes a melhorar a efici\u00eancia e a lucratividade.<\/p>   <div class=\"wp-block-image\"> <figure class=\"aligncenter size-full\"><img loading=\"lazy\" decoding=\"async\" width=\"720\" height=\"540\" src=\"https:\/\/www.meatprocessingmachine.org\/wp-content\/uploads\/2026\/03\/Our-Certifications.webp\" alt=\"Nossas certifica\u00e7\u00f5es\" class=\"wp-image-35211\" title=\"\" srcset=\"https:\/\/www.meatprocessingmachine.org\/wp-content\/uploads\/2026\/03\/Our-Certifications.webp 720w, https:\/\/www.meatprocessingmachine.org\/wp-content\/uploads\/2026\/03\/Our-Certifications-300x225.webp 300w, https:\/\/www.meatprocessingmachine.org\/wp-content\/uploads\/2026\/03\/Our-Certifications-16x12.webp 16w\" sizes=\"auto, (max-width: 720px) 100vw, 720px\" \/><figcaption class=\"wp-element-caption\">Nossas certifica\u00e7\u00f5es<\/figcaption><\/figure> <\/div>   <h2 class=\"wp-block-heading\">Certifica\u00e7\u00f5es e Garantia de Qualidade<\/h2>    <p class=\"translation-block\">Damos grande import\u00e2ncia \u00e0 qualidade do produto e ao cumprimento das normas internacionais, seguindo processos de fabrica\u00e7\u00e3o padronizados rigorosos. Muitas de nossas m\u00e1quinas obtiveram <strong>certifica\u00e7\u00e3o CE<\/strong>, atendendo aos requisitos de seguran\u00e7a europeus. Nossa empresa estabeleceu e implementa um sistema de gest\u00e3o de qualidade <strong>ISO<\/strong> completo, com controle rigoroso desde a aquisi\u00e7\u00e3o de mat\u00e9ria-prima at\u00e9 a montagem de produ\u00e7\u00e3o e inspe\u00e7\u00e3o final, garantindo equipamentos est\u00e1veis e dur\u00e1veis. Al\u00e9m disso, apoiamos testes e auditorias de f\u00e1brica por ag\u00eancias internacionais terceirizadas, como <strong>SGS<\/strong> e <strong>T\u00dcV<\/strong>, fornecendo aos clientes garantia de qualidade transparente e confi\u00e1vel.<\/p>    <figure class=\"wp-block-gallery has-nested-images columns-default is-cropped wp-block-gallery-3 is-layout-flex wp-block-gallery-is-layout-flex\"> <figure class=\"wp-block-image size-large\"><img loading=\"lazy\" decoding=\"async\" width=\"540\" height=\"720\" data-id=\"35208\" src=\"https:\/\/www.meatprocessingmachine.org\/wp-content\/uploads\/2026\/03\/CE.webp\" alt=\"CE\" class=\"wp-image-35208\" title=\"\" srcset=\"https:\/\/www.meatprocessingmachine.org\/wp-content\/uploads\/2026\/03\/CE.webp 540w, https:\/\/www.meatprocessingmachine.org\/wp-content\/uploads\/2026\/03\/CE-225x300.webp 225w, https:\/\/www.meatprocessingmachine.org\/wp-content\/uploads\/2026\/03\/CE-9x12.webp 9w\" sizes=\"auto, (max-width: 540px) 100vw, 540px\" \/><figcaption class=\"wp-element-caption\">Ce<\/figcaption><\/figure>    <figure class=\"wp-block-image size-large\"><img loading=\"lazy\" decoding=\"async\" width=\"540\" height=\"720\" data-id=\"35210\" src=\"https:\/\/www.meatprocessingmachine.org\/wp-content\/uploads\/2026\/03\/ISO9001.webp\" alt=\"ISO9001\" class=\"wp-image-35210\" title=\"\" srcset=\"https:\/\/www.meatprocessingmachine.org\/wp-content\/uploads\/2026\/03\/ISO9001.webp 540w, https:\/\/www.meatprocessingmachine.org\/wp-content\/uploads\/2026\/03\/ISO9001-225x300.webp 225w, https:\/\/www.meatprocessingmachine.org\/wp-content\/uploads\/2026\/03\/ISO9001-9x12.webp 9w\" sizes=\"auto, (max-width: 540px) 100vw, 540px\" \/><figcaption class=\"wp-element-caption\">Iso9001<\/figcaption><\/figure>    <figure class=\"wp-block-image size-large\"><img loading=\"lazy\" decoding=\"async\" width=\"540\" height=\"720\" data-id=\"35209\" src=\"https:\/\/www.meatprocessingmachine.org\/wp-content\/uploads\/2026\/03\/EU-Test.webp\" alt=\"EU Test\" class=\"wp-image-35209\" title=\"\" srcset=\"https:\/\/www.meatprocessingmachine.org\/wp-content\/uploads\/2026\/03\/EU-Test.webp 540w, https:\/\/www.meatprocessingmachine.org\/wp-content\/uploads\/2026\/03\/EU-Test-225x300.webp 225w, https:\/\/www.meatprocessingmachine.org\/wp-content\/uploads\/2026\/03\/EU-Test-9x12.webp 9w\" sizes=\"auto, (max-width: 540px) 100vw, 540px\" \/><figcaption class=\"wp-element-caption\">Eu Test<\/figcaption><\/figure> <\/figure>    <h3 class=\"wp-block-heading\">Nossa Miss\u00e3o<\/h3>    <p>Estamos comprometidos em fornecer solu\u00e7\u00f5es de processamento de carne de alta qualidade, eficientes e inovadoras para clientes globais. Atrav\u00e9s de melhorias cont\u00ednuas e fabrica\u00e7\u00e3o respons\u00e1vel, buscamos nos tornar um parceiro confi\u00e1vel na ind\u00fastria de m\u00e1quinas de alimentos.<\/p>    <h2 class=\"wp-block-heading\">Entre em Contato<\/h2>    <div class=\"wp-block-buttons is-layout-flex wp-container-core-buttons-is-layout-6b4e3324 wp-block-buttons-is-layout-flex\"> <div class=\"wp-block-button\"><a class=\"wp-block-button__link wp-element-button\" href=\"https:\/\/wa.me\/+8619139761487\" target=\"_blank\" rel=\"noopener\">WhatsApp:  86 19139761487<\/a><\/div>    <div class=\"wp-block-button\"><a class=\"wp-block-button__link wp-element-button\">Email: info@meatprocessingmachine.org<\/a><\/div> <\/div>    <blockquote class=\"wp-block-quote is-layout-flow wp-block-quote-is-layout-flow\"><\/blockquote>    <div class=\"wp-block-buttons is-layout-flex wp-block-buttons-is-layout-flex\"> <div class=\"wp-block-button\"><a class=\"wp-block-button__link wp-element-button\">Endere\u00e7o: Estrada N\u00e1utica Leste, Zona de Desenvolvimento Econ\u00f4mico de Zhengzhou, China<\/a><\/div> <\/div>    <p><\/p>","protected":false},"excerpt":{"rendered":"<p>Zhengzhou Taizy Machinery Co., Ltd \u00e9 uma fabricante e exportadora profissional especializada em m\u00e1quinas de processamento de carne e solu\u00e7\u00f5es integradas de processamento de alimentos. Localizada na Zona de Desenvolvimento Econ\u00f4mico e Tecnol\u00f3gico de Zhengzhou, combinamos pesquisa, engenharia, fabrica\u00e7\u00e3o e vendas globais em um sistema de opera\u00e7\u00e3o eficiente.<\/p>","protected":false},"author":1,"featured_media":35273,"parent":0,"menu_order":0,"comment_status":"open","ping_status":"closed","template":"","meta":{"footnotes":""},"class_list":["post-11","page","type-page","status-publish","has-post-thumbnail","hentry"],"_links":{"self":[{"href":"https:\/\/www.meatprocessingmachine.org\/pt\/wp-json\/wp\/v2\/pages\/11","targetHints":{"allow":["GET"]}}],"collection":[{"href":"https:\/\/www.meatprocessingmachine.org\/pt\/wp-json\/wp\/v2\/pages"}],"about":[{"href":"https:\/\/www.meatprocessingmachine.org\/pt\/wp-json\/wp\/v2\/types\/page"}],"author":[{"embeddable":true,"href":"https:\/\/www.meatprocessingmachine.org\/pt\/wp-json\/wp\/v2\/users\/1"}],"replies":[{"embeddable":true,"href":"https:\/\/www.meatprocessingmachine.org\/pt\/wp-json\/wp\/v2\/comments?post=11"}],"version-history":[{"count":17,"href":"https:\/\/www.meatprocessingmachine.org\/pt\/wp-json\/wp\/v2\/pages\/11\/revisions"}],"predecessor-version":[{"id":35299,"href":"https:\/\/www.meatprocessingmachine.org\/pt\/wp-json\/wp\/v2\/pages\/11\/revisions\/35299"}],"wp:featuredmedia":[{"embeddable":true,"href":"https:\/\/www.meatprocessingmachine.org\/pt\/wp-json\/wp\/v2\/media\/35273"}],"wp:attachment":[{"href":"https:\/\/www.meatprocessingmachine.org\/pt\/wp-json\/wp\/v2\/media?parent=11"}],"curies":[{"name":"wp","href":"https:\/\/api.w.org\/{rel}","templated":true}]}}