{"id":1018,"date":"2021-01-16T09:49:03","date_gmt":"2021-01-16T01:49:03","guid":{"rendered":"https:\/\/www.meatprocessingmachine.org\/?p=1018"},"modified":"2024-06-14T16:00:42","modified_gmt":"2024-06-14T08:00:42","slug":"commercial-fish-skinning-machine-for-sale","status":"publish","type":"product","link":"https:\/\/www.meatprocessingmachine.org\/pt\/commercial-fish-skinning-machine-for-sale.html","title":{"rendered":"M\u00e1quina de despelar peixe comercial \u00e0 venda"},"content":{"rendered":"<div class=\"kk-star-ratings kksr-auto kksr-align-right kksr-valign-top\"     data-payload='{&quot;align&quot;:&quot;right&quot;,&quot;id&quot;:&quot;1018&quot;,&quot;slug&quot;:&quot;default&quot;,&quot;valign&quot;:&quot;top&quot;,&quot;ignore&quot;:&quot;&quot;,&quot;reference&quot;:&quot;auto&quot;,&quot;class&quot;:&quot;&quot;,&quot;count&quot;:&quot;0&quot;,&quot;legendonly&quot;:&quot;&quot;,&quot;readonly&quot;:&quot;&quot;,&quot;score&quot;:&quot;0&quot;,&quot;starsonly&quot;:&quot;&quot;,&quot;best&quot;:&quot;5&quot;,&quot;gap&quot;:&quot;5&quot;,&quot;greet&quot;:&quot;Rate this product&quot;,&quot;legend&quot;:&quot;0\\\/5 - (0 voto)&quot;,&quot;size&quot;:&quot;24&quot;,&quot;title&quot;:&quot;Commercial fish skinning machine for sale&quot;,&quot;width&quot;:&quot;0&quot;,&quot;_legend&quot;:&quot;{score}\\\/{best} - ({count} {votes})&quot;,&quot;font_factor&quot;:&quot;1.25&quot;}'>              <div class=\"kksr-stars\">      <div class=\"kksr-stars-inactive\">             <div class=\"kksr-star\" data-star=\"1\" style=\"padding-right: 5px\">               <div class=\"kksr-icon\" style=\"width: 24px; height: 24px;\"><\/div>         <\/div>             <div class=\"kksr-star\" data-star=\"2\" style=\"padding-right: 5px\">               <div class=\"kksr-icon\" style=\"width: 24px; height: 24px;\"><\/div>         <\/div>             <div class=\"kksr-star\" data-star=\"3\" style=\"padding-right: 5px\">               <div class=\"kksr-icon\" style=\"width: 24px; height: 24px;\"><\/div>         <\/div>             <div class=\"kksr-star\" data-star=\"4\" style=\"padding-right: 5px\">               <div class=\"kksr-icon\" style=\"width: 24px; height: 24px;\"><\/div>         <\/div>             <div class=\"kksr-star\" data-star=\"5\" style=\"padding-right: 5px\">               <div class=\"kksr-icon\" style=\"width: 24px; height: 24px;\"><\/div>         <\/div>     <\/div>      <div class=\"kksr-stars-active\" style=\"width: 0px;\">             <div class=\"kksr-star\" style=\"padding-right: 5px\">               <div class=\"kksr-icon\" style=\"width: 24px; height: 24px;\"><\/div>         <\/div>             <div class=\"kksr-star\" style=\"padding-right: 5px\">               <div class=\"kksr-icon\" style=\"width: 24px; height: 24px;\"><\/div>         <\/div>             <div class=\"kksr-star\" style=\"padding-right: 5px\">               <div class=\"kksr-icon\" style=\"width: 24px; height: 24px;\"><\/div>         <\/div>             <div class=\"kksr-star\" style=\"padding-right: 5px\">               <div class=\"kksr-icon\" style=\"width: 24px; height: 24px;\"><\/div>         <\/div>             <div class=\"kksr-star\" style=\"padding-right: 5px\">               <div class=\"kksr-icon\" style=\"width: 24px; height: 24px;\"><\/div>         <\/div>     <\/div> <\/div>                   <div class=\"kksr-legend\" style=\"font-size: 19.2px;\">             <span class=\"kksr-muted\">Avalie este produto<\/span>     <\/div>     <\/div>  <p class=\"translation-block\">A <strong>m\u00e1quina descamadora de peixe<\/strong> comercial \u00e9 uma m\u00e1quina el\u00e9trica especialmente projetada para remover a pele de peixe. Esta m\u00e1quina \u00e9 aplicada ap\u00f3s a <a href=\"https:\/\/www.meatprocessingmachine.org\/pt\/automatic-fish-scaler-machine-fish-scale-remover-machine.html\/\">m\u00e1quina removedora de escamas de peixe<\/a>, remo\u00e7\u00e3o da cabe\u00e7a e cauda do peixe, e a <a href=\"https:\/\/www.meatprocessingmachine.org\/pt\/electric-fish-belly-splitting-cutting-machine.html\/\">m\u00e1quina de corte e divis\u00e3o da barriga de peixe<\/a>. A m\u00e1quina de descascar peixe pode realizar descascamento autom\u00e1tico. Ela possui alta produ\u00e7\u00e3o, alta efici\u00eancia de descascamento e alto rendimento.<\/p>    <h2 class=\"wp-block-heading\">V\u00eddeo de uma m\u00e1quina de descascar peixe<\/h2>    <figure class=\"wp-block-embed is-type-video is-provider-youtube wp-block-embed-youtube\"><div class=\"wp-block-embed__wrapper\"> <iframe loading=\"lazy\" title=\"M\u00e1quina de descascar pele de lula, m\u00e1quina de remo\u00e7\u00e3o de pele de peixe.\" width=\"500\" height=\"281\" src=\"https:\/\/www.youtube.com\/embed\/FWiHdkLqavs?feature=oembed\" frameborder=\"0\" allow=\"accelerometer; autoplay; clipboard-write; encrypted-media; gyroscope; picture-in-picture; web-share\" referrerpolicy=\"strict-origin-when-cross-origin\" allowfullscreen><\/iframe> <\/div><figcaption class=\"wp-element-caption\">de despelagem de peixe<\/figcaption><\/figure>    <h2 class=\"wp-block-heading\" id=\"h-features-of-squid-fish-skinner-machine\">Caracter\u00edsticas da m\u00e1quina de descascar lula<\/h2>    <ol class=\"wp-block-list\"> <li>A m\u00e1quina de descascar peixe \u00e9 feita de a\u00e7o inoxid\u00e1vel, a parte central \u00e9 especialmente tratada termicamente, e a l\u00e2mina \u00e9 afiada e dur\u00e1vel.<\/li>    <li>\u00c9 f\u00e1cil de operar e manter e tem uma longa vida \u00fatil.<\/li>    <li>A m\u00e1quina el\u00e9trica de descascar pele de peixe tem uma grande produ\u00e7\u00e3o, alta efici\u00eancia de produ\u00e7\u00e3o e um bom efeito de descascamento.<\/li>    <li>A l\u00e2mina da m\u00e1quina pode ser ajustada, portanto, aplica-se amplamente ao descascamento de v\u00e1rios tipos de peixes.<\/li> <\/ol>    <h2 class=\"wp-block-heading\" id=\"h-fish-skinning-machine-parameters\">Par\u00e2metros da m\u00e1quina de descascar peixe<\/h2>    <ul class=\"wp-block-list\"> <li>Pot\u00eancia: 0,75kW<\/li>    <li>Tens\u00e3o: 380V<\/li>    <li>Peso: 120KG<\/li>    <li>Tamanho: 620*630*900MM<\/li>    <li>Velocidade de processamento: 40-80pcs\/min<\/li>    <li>Capacidade: 2000-2500KG\/H<\/li> <\/ul>    <p>Alimente peixes com espessura de at\u00e9 3 cm, alimente peixes com largura de at\u00e9 40 cm.<\/p>    <h2 class=\"wp-block-heading\" id=\"h-commercial-fish-skinner-machine-application\">Aplica\u00e7\u00e3o da m\u00e1quina despeladora de peixe comercial<\/h2>    <p class=\"translation-block\">A m\u00e1quina descamadora de peixe \u00e9 amplamente aplicada para descascar a pele de peixes como cod, bagre, <a href=\"https:\/\/en.wikipedia.org\/wiki\/Salmon\" target=\"_blank\" rel=\"noopener\">salm\u00e3o<\/a>, linguado e outros peixes. A m\u00e1quina \u00e9 amplamente utilizada para descascar peles de lula. \u00c9 adequada para empresas de pesca, plantas de processamento de alimentos e empresas da ind\u00fastria de catering.<\/p>    <h2 class=\"wp-block-heading\" id=\"h-fish-skinning-machine-parameters\">Como usar a m\u00e1quina para remover a pele do peixe?<\/h2>    <p>A m\u00e1quina autom\u00e1tica de despelar pele de salm\u00e3o \u00e9 f\u00e1cil de operar. Voc\u00ea s\u00f3 precisa colocar o peixe na entrada de alimenta\u00e7\u00e3o e a m\u00e1quina finalizar\u00e1 automaticamente o trabalho de despelar. Antes de usar esta m\u00e1quina para descascar, voc\u00ea deve usar uma m\u00e1quina de processamento de peixe para processar o peixe em segmentos. <\/p>    <p>Se sua mat\u00e9ria-prima \u00e9 o peixe inteiro, voc\u00ea precisa usar uma m\u00e1quina de processamento de peixe para process\u00e1-lo. Isso envolve a m\u00e1quina de remo\u00e7\u00e3o de escamas, a m\u00e1quina de corte de barriga de peixe, e a m\u00e1quina de corte de cabe\u00e7a e cauda de peixe. Atrav\u00e9s das etapas acima, voc\u00ea obter\u00e1 um peda\u00e7o de peixe. Em seguida, coloque o lado da pele para baixo para descascar. <\/p>    <h2 class=\"wp-block-heading\" id=\"h-precautions-when-using-the-fish-skin-peeling-machine\">Precau\u00e7\u00f5es ao usar a m\u00e1quina de descascar pele de peixe.<\/h2>    <ol class=\"wp-block-list\"> <li>Ao usar esta m\u00e1quina de descamar peixes para remover a pele do peixe, isso deve ser feito na presen\u00e7a de \u00e1gua para garantir a efici\u00eancia do descascamento. Conecte o tubo de \u00e1gua \u00e0 v\u00e1lvula de \u00e1gua da m\u00e1quina. Em seguida, ligue a energia para verificar se o abastecimento de \u00e1gua est\u00e1 normal. E certifique-se de ligar o interruptor de abastecimento de \u00e1gua da m\u00e1quina ao descamar.<\/li>    <li>Ap\u00f3s us\u00e1-lo por algum tempo, abra a tampa da l\u00e2mina para confirmar o estado de desgaste da l\u00e2mina. Se precisar substituir a l\u00e2mina, abra a tampa da l\u00e2mina e substitua-a diretamente.<\/li>    <li>Se voc\u00ea precisar ajustar a l\u00e2mina para cima e para baixo, use uma chave para desapertar a porca \u00e0 esquerda e \u00e0 direita do suporte da l\u00e2mina para ajustar a dist\u00e2ncia entre a l\u00e2mina e o tambor. Observe que a dist\u00e2ncia entre a l\u00e2mina e o tambor deve ser adaptada; se for muito grande ou muito pequena, afetar\u00e1 diretamente o efeito de descascamento.<\/li>    <li>Ap\u00f3s usar a m\u00e1quina de descascar peixe cada vez, por favor, limpe a m\u00e1quina com \u00e1gua limpa. Se voc\u00ea n\u00e3o usar a m\u00e1quina por um longo per\u00edodo, por favor, coloque a m\u00e1quina em um local seco e ventilado.<\/li> <\/ol>","protected":false},"excerpt":{"rendered":"<p>A m\u00e1quina comercial de descamar peixes \u00e9 amplamente utilizada para descamar salm\u00e3o, lula e outras esp\u00e9cies de peixes. \u00c9 necess\u00e1rio usar m\u00e1quinas como escamadora, abridor de peixes e outras m\u00e1quinas para processar os peixes em segmentos antes de usar a m\u00e1quina.<\/p>","protected":false},"author":1,"featured_media":1021,"parent":0,"template":"","product-type":[584],"class_list":["post-1018","product","type-product","status-publish","has-post-thumbnail","hentry","product-type-fish"],"_links":{"self":[{"href":"https:\/\/www.meatprocessingmachine.org\/pt\/wp-json\/wp\/v2\/product\/1018","targetHints":{"allow":["GET"]}}],"collection":[{"href":"https:\/\/www.meatprocessingmachine.org\/pt\/wp-json\/wp\/v2\/product"}],"about":[{"href":"https:\/\/www.meatprocessingmachine.org\/pt\/wp-json\/wp\/v2\/types\/product"}],"author":[{"embeddable":true,"href":"https:\/\/www.meatprocessingmachine.org\/pt\/wp-json\/wp\/v2\/users\/1"}],"wp:featuredmedia":[{"embeddable":true,"href":"https:\/\/www.meatprocessingmachine.org\/pt\/wp-json\/wp\/v2\/media\/1021"}],"wp:attachment":[{"href":"https:\/\/www.meatprocessingmachine.org\/pt\/wp-json\/wp\/v2\/media?parent=1018"}],"wp:term":[{"taxonomy":"product-type","embeddable":true,"href":"https:\/\/www.meatprocessingmachine.org\/pt\/wp-json\/wp\/v2\/product-type?post=1018"}],"curies":[{"name":"wp","href":"https:\/\/api.w.org\/{rel}","templated":true}]}}