{"id":103,"date":"2018-10-25T06:18:36","date_gmt":"2018-10-24T22:18:36","guid":{"rendered":"http:\/\/www.meatprocessingmachine.org\/?p=103"},"modified":"2022-08-15T09:50:35","modified_gmt":"2022-08-15T01:50:35","slug":"vegetable-and-meat-cutter-and-mixer","status":"publish","type":"product","link":"https:\/\/www.meatprocessingmachine.org\/pt\/vegetable-and-meat-cutter-and-mixer.html","title":{"rendered":"Cortador de carne em tigela | cortador e misturador de vegetais e carne"},"content":{"rendered":"<div class=\"kk-star-ratings kksr-auto kksr-align-right kksr-valign-top\"     data-payload='{&quot;align&quot;:&quot;right&quot;,&quot;id&quot;:&quot;103&quot;,&quot;slug&quot;:&quot;default&quot;,&quot;valign&quot;:&quot;top&quot;,&quot;ignore&quot;:&quot;&quot;,&quot;reference&quot;:&quot;auto&quot;,&quot;class&quot;:&quot;&quot;,&quot;count&quot;:&quot;0&quot;,&quot;legendonly&quot;:&quot;&quot;,&quot;readonly&quot;:&quot;&quot;,&quot;score&quot;:&quot;0&quot;,&quot;starsonly&quot;:&quot;&quot;,&quot;best&quot;:&quot;5&quot;,&quot;gap&quot;:&quot;5&quot;,&quot;greet&quot;:&quot;Rate this product&quot;,&quot;legend&quot;:&quot;0\\\/5 - (0 voto)&quot;,&quot;size&quot;:&quot;24&quot;,&quot;title&quot;:&quot;Meat bowl chopper | meat vegetable cutter and mixer&quot;,&quot;width&quot;:&quot;0&quot;,&quot;_legend&quot;:&quot;{score}\\\/{best} - ({count} {votes})&quot;,&quot;font_factor&quot;:&quot;1.25&quot;}'>              <div class=\"kksr-stars\">      <div class=\"kksr-stars-inactive\">             <div class=\"kksr-star\" data-star=\"1\" style=\"padding-right: 5px\">               <div class=\"kksr-icon\" style=\"width: 24px; height: 24px;\"><\/div>         <\/div>             <div class=\"kksr-star\" data-star=\"2\" style=\"padding-right: 5px\">               <div class=\"kksr-icon\" style=\"width: 24px; height: 24px;\"><\/div>         <\/div>             <div class=\"kksr-star\" data-star=\"3\" style=\"padding-right: 5px\">               <div class=\"kksr-icon\" style=\"width: 24px; height: 24px;\"><\/div>         <\/div>             <div class=\"kksr-star\" data-star=\"4\" style=\"padding-right: 5px\">               <div class=\"kksr-icon\" style=\"width: 24px; height: 24px;\"><\/div>         <\/div>             <div class=\"kksr-star\" data-star=\"5\" style=\"padding-right: 5px\">               <div class=\"kksr-icon\" style=\"width: 24px; height: 24px;\"><\/div>         <\/div>     <\/div>      <div class=\"kksr-stars-active\" style=\"width: 0px;\">             <div class=\"kksr-star\" style=\"padding-right: 5px\">               <div class=\"kksr-icon\" style=\"width: 24px; height: 24px;\"><\/div>         <\/div>             <div class=\"kksr-star\" style=\"padding-right: 5px\">               <div class=\"kksr-icon\" style=\"width: 24px; height: 24px;\"><\/div>         <\/div>             <div class=\"kksr-star\" style=\"padding-right: 5px\">               <div class=\"kksr-icon\" style=\"width: 24px; height: 24px;\"><\/div>         <\/div>             <div class=\"kksr-star\" style=\"padding-right: 5px\">               <div class=\"kksr-icon\" style=\"width: 24px; height: 24px;\"><\/div>         <\/div>             <div class=\"kksr-star\" style=\"padding-right: 5px\">               <div class=\"kksr-icon\" style=\"width: 24px; height: 24px;\"><\/div>         <\/div>     <\/div> <\/div>                   <div class=\"kksr-legend\" style=\"font-size: 19.2px;\">             <span class=\"kksr-muted\">Avalie este produto<\/span>     <\/div>     <\/div>  <p>O cortador e misturador de carne e vegetais pode cortar vegetais ou carne em part\u00edculas finas, que podem ser usadas para picar vegetais e transformar carne em pur\u00ea. O picador de tigela para carne possui fun\u00e7\u00f5es como cortar, misturar e mexer. Os picadores de tigela para carne podem atuar como ajudantes no processo de processamento de alimentos. Podem ser usados em cantinas, restaurantes, f\u00e1bricas de processamento de salsichas, f\u00e1bricas de hamb\u00fargueres.<\/p>   <h2><strong>Introdu\u00e7\u00e3o do cortador, misturador e moedor de carne e vegetais<\/strong><\/h2> <p>O cortador e misturador de vegetais e carnes \u00e9 um novo design com acionamento por turbina e engrenagem de parafuso, que torna a estrutura mais compacta. A tigela dos cortadores de vegetais e carnes e liquidificadores \u00e9 feita de a\u00e7o inoxid\u00e1vel, dur\u00e1vel e com um formato bonito. O redutor de velocidade do cortador de carne \u00e9 composto por liga de alum\u00ednio de alta qualidade e engrenagens de parafuso do tipo Cooper de alta qualidade.<\/p> <p><span class=\"transSent\" data-group=\"0-1\">Ele pode n\u00e3o apenas picar finamente carne, carne mo\u00edda e outros ingredientes principais, mas tamb\u00e9m outros ingredientes;<\/span><span class=\"transSent\" data-group=\"0-2\">\u00c1gua, gelo, especiarias e acess\u00f3rios (recheios) s\u00e3o misturados com espuma de carne para formar um creme liso.<\/span><span class=\"transSent\" data-group=\"0-3\">Especialmente atrav\u00e9s do tratamento de emulsifica\u00e7\u00e3o, a densidade fina e a elasticidade dos produtos intestinais s\u00e3o grandemente aprimoradas.<\/span><span class=\"transSent\" data-group=\"0-4\">A velocidade da faca pode ser ajustada para alta ou baixa, e a roda de regulagem de velocidade cont\u00ednua permite selecionar a velocidade ideal, tornando o corte e a mistura, carne mo\u00edda, mistura e emulsifica\u00e7\u00e3o completos em um \u00fanico processamento.<\/span><\/p> <figure id=\"attachment_32664\" aria-describedby=\"caption-attachment-32664\" style=\"width: 720px\" class=\"wp-caption alignnone\"><img loading=\"lazy\" decoding=\"async\" class=\"size-full wp-image-32664\" src=\"https:\/\/www.meatprocessingmachine.org\/wp-content\/uploads\/2018\/10\/vegetable-meat-cutter-and-mixer.png\" alt=\"Cortador e Misturador de Carne Vegetal\" width=\"720\" height=\"540\" title=\"\" srcset=\"https:\/\/www.meatprocessingmachine.org\/wp-content\/uploads\/2018\/10\/vegetable-meat-cutter-and-mixer.png 720w, https:\/\/www.meatprocessingmachine.org\/wp-content\/uploads\/2018\/10\/vegetable-meat-cutter-and-mixer-300x225.png 300w\" sizes=\"auto, (max-width: 720px) 100vw, 720px\" \/><figcaption id=\"caption-attachment-32664\" class=\"wp-caption-text\">M\u00e1quina de Corte de Carne Vegetal<\/figcaption><\/figure> <h2>Aplica\u00e7\u00e3o do cortador e misturador de carne vegetal<\/h2> <p class=\"translation-block\">O cortador e misturador de vegetais e carne pode processar carne, peixe, frutas, vegetais, nozes e frutos do mar, especialmente no processamento de carne, o que \u00e9 muito conveniente. Esses alimentos podem ser cortados em gr\u00e2nulos ou pur\u00ea. A espessura do processamento de alimentos est\u00e1 relacionada ao tempo e precisa ser ajustada de acordo com a produ\u00e7\u00e3o. Pode ser usado para fazer salsichas, alm\u00f4ndegas, hamb\u00fargueres e cortadores de vegetais. Claro, voc\u00ea tamb\u00e9m pode usar um <a href=\"https:\/\/www.meatprocessingmachine.org\/pt\/good-quality-meat-food-stuffing-mixer.html\/\">misturador de carne<\/a> se precisar misturar muita carne de uma vez.<\/p>   <figure class=\"wp-block-image\"><img decoding=\"async\" src=\"http:\/\/www.meatprocessingmachine.org\/wp-content\/uploads\/2018\/10\/vegetable-and-meat-cutter09106.jpg\" alt=\"\" title=\"\"><\/figure>    <h2 class=\"wp-block-heading\">Por que usar um picador de carne?<\/h2>    <p>Primeiramente, a efici\u00eancia de trabalho do cortador e misturador de carne vegetal \u00e9 alta. A m\u00e1quina pode completar o trabalho de processamento de carne em poucos minutos, e a efici\u00eancia do trabalho \u00e9 grandemente melhorada ap\u00f3s o uso da m\u00e1quina. Em segundo lugar, a estrutura do cortador de carne \u00e9 refinada. A velocidade da faca, a velocidade da panela e o espa\u00e7o entre o cortador e a panela podem alcan\u00e7ar a melhor combina\u00e7\u00e3o, de modo que a finura dos produtos picados seja boa, o aumento de temperatura seja pequeno e o tempo de corte seja curto, especialmente a finura e elasticidade dos produtos de salsicha. Isso \u00e9 aprimorado para maximizar a elasticidade e a finura dos produtos de carne. Al\u00e9m disso, a m\u00e1quina possui muitas fun\u00e7\u00f5es. A m\u00e1quina pode n\u00e3o apenas cortar carne, mas tamb\u00e9m adicionar temperos e outros condimentos na ordem do processamento dos alimentos. O processo de moagem tamb\u00e9m completa a etapa de marina\u00e7\u00e3o da carne, economizando tempo.<\/p>    <figure class=\"wp-block-gallery has-nested-images columns-default is-cropped wp-block-gallery-2 is-layout-flex wp-block-gallery-is-layout-flex\"> <figure class=\"wp-block-image size-large\"><img loading=\"lazy\" decoding=\"async\" width=\"286\" height=\"220\" data-id=\"32665\" src=\"https:\/\/www.meatprocessingmachine.org\/wp-content\/uploads\/2018\/10\/meat-bowel-chopper-1.png\" alt=\"Picador de Carne em Tigela\" class=\"wp-image-32665\" title=\"\"><figcaption>Cortador de Carne em Tigela <\/figcaption><\/figure>    <figure class=\"wp-block-image size-large\"><img loading=\"lazy\" decoding=\"async\" width=\"286\" height=\"220\" data-id=\"32666\" src=\"https:\/\/www.meatprocessingmachine.org\/wp-content\/uploads\/2018\/10\/meat-bowel-chopper-.png\" alt=\"Picador de Carne em Tigela\" class=\"wp-image-32666\" title=\"\"><figcaption>Cortador de Carne em Tigela<\/figcaption><\/figure> <\/figure>    <h2 class=\"wp-block-heading\" id=\"h-specification-of-meat-vegetable-cutter-and-mixer\">Especifica\u00e7\u00e3o do cortador e misturador de carne vegetal<\/h2>    <figure class=\"wp-block-table\"><table><tbody><tr><td><strong>Modelo<\/strong><\/td><td><strong>SL-20<\/strong><\/td><td><strong>SL-40<\/strong><\/td><td><strong>SL-80<\/strong><\/td><td><strong>SL-125<\/strong><\/td><td><strong>SL-200<\/strong><\/td><\/tr><tr><td><strong>Capacidade de processamento (kg\/por vez)<\/strong><\/td><td><strong>10-15<\/strong><\/td><td><strong>20-30<\/strong><\/td><td><strong>40-50<\/strong><\/td><td><strong>70-80<\/strong><\/td><td><strong>100-140<\/strong><\/td><\/tr><tr><td><strong>Volume do recipiente (L)<\/strong><\/td><td><strong>20<\/strong><\/td><td><strong>40<\/strong><\/td><td><strong>80<\/strong><\/td><td><strong>125<\/strong><\/td><td><strong>200<\/strong><\/td><\/tr><tr><td><strong>Pot\u00eancia(KW)<\/strong><\/td><td><strong>2.55<\/strong><\/td><td><strong>6.25<\/strong><\/td><td><strong>23<\/strong><\/td><td><strong>27<\/strong><\/td><td><strong>63<\/strong><\/td><\/tr><tr><td><strong>Quantidade de arquivos<\/strong><\/td><td><strong>3<\/strong><\/td><td><strong>3<\/strong><\/td><td><strong>6<\/strong><\/td><td><strong>6<\/strong><\/td><td><strong>6<\/strong><\/td><\/tr><tr><td><strong>Velocidade de corte (r\/min)<\/strong><\/td><td><strong>16<\/strong><\/td><td><strong>12<\/strong><\/td><td><strong>8\/12<\/strong><\/td><td><strong>8\/12<\/strong><\/td><td><strong>8\/12\/16<\/strong><\/td><\/tr><tr><td><strong>Velocidade do arquivo (r\/min)<\/strong><\/td><td><strong>1650\/3300<\/strong><\/td><td><strong>1800\/3600<\/strong><\/td><td><strong>126\/1800\/3600<\/strong><\/td><td><strong>126\/1800\/3600<\/strong><\/td><td><strong>200\/1900*3800<\/strong><\/td><\/tr><tr><td><strong>Dimens\u00e3o (r\/min)<\/strong><\/td><td><strong>770*650*980<\/strong><\/td><td><strong>1245*810*1094<\/strong><\/td><td><strong>2300*1020*1195<\/strong><\/td><td><strong>2400*1420*1300<\/strong><\/td><td><strong>2580*2400*1960<\/strong><\/td><\/tr><tr><td><strong>Peso(KG)<\/strong><\/td><td><strong>215<\/strong><\/td><td><strong>480<\/strong><\/td><td><strong>1100<\/strong><\/td><td><strong>1300<\/strong><\/td><td><strong>&nbsp;3800<\/strong><\/td><\/tr><tr><td><strong>Fonte de alimenta\u00e7\u00e3o<\/strong><\/td><td><strong>380V<\/strong><\/td><td><strong>380V<\/strong><\/td><td><strong>380V<\/strong><\/td><td><strong>380V<\/strong><\/td><td><strong>380V<\/strong><\/td><\/tr><\/tbody><\/table><\/figure>    <p>Acima est\u00e1 a tabela de par\u00e2metros da m\u00e1quina de corte. Pode-se ver na tabela que a m\u00e1quina possui cinco modelos. O modelo da m\u00e1quina \u00e9 numerado de acordo com o volume da panela. O menor volume da panela \u00e9 de 20L, e o maior volume \u00e9 de 200L. O tamanho da m\u00e1quina \u00e9 diferente, a velocidade da faca ao cortar a carne tamb\u00e9m \u00e9 diferente, e as m\u00e1quinas de grande porte possuem engrenagens diferentes para ajuste.<\/p>    <figure class=\"wp-block-image is-resized\"><img loading=\"lazy\" decoding=\"async\" src=\"http:\/\/www.meatprocessingmachine.org\/wp-content\/uploads\/2018\/10\/vegetable-and-meat-cutter08105.jpg\" alt=\"Cortador e misturador de carne e vegetais\" width=\"840\" height=\"853\" title=\"\"><figcaption>Cortador e Misturador de Carne e Vegetais<\/figcaption><\/figure>    <h2 class=\"wp-block-heading\">O princ\u00edpio de funcionamento do cortador, misturador e moedor de carne e vegetais <\/h2>    <p>Usando a a\u00e7\u00e3o de corte da rota\u00e7\u00e3o de alta velocidade da faca de corte, os principais ingredientes como carne, carne mo\u00edda e gordura s\u00e3o finamente picados em recheio de carne ou pur\u00ea de carne, e outros ingredientes como \u00e1gua, borneol e materiais auxiliares s\u00e3o misturados uniformemente.<\/p>    <h2 class=\"wp-block-heading\">Caracter\u00edsticas do misturador e moedor de carne vegetal<\/h2>    <p>1. O conversor de frequ\u00eancia e o motor de convers\u00e3o de frequ\u00eancia s\u00e3o selecionados para que a velocidade de corte possa ser ajustada arbitrariamente entre 300-4500 rpm, a l\u00e2mina \u00e9 afiada e a opera\u00e7\u00e3o em alta velocidade \u00e9 est\u00e1vel. A m\u00e1quina tem baixo ru\u00eddo e alta efici\u00eancia.<\/p>    <p>2. O cortador \u00e9 feito de materiais importados e processado por artesanato, e o cortador \u00e9 formado em um \u00fanico lugar pelo centro de usinagem. \u00c9 feito de a\u00e7o inoxid\u00e1vel e possui uma borda de pote \u00e0 prova de transbordamento para evitar vazamento e transbordamento de material.<\/p>    <p>3. O pote de picar tem duas velocidades, que podem ser combinadas com a faca de picar em qualquer velocidade, o tempo de picar e misturar \u00e9 curto, e o aumento de temperatura do material \u00e9 pequeno.<\/p>    <p>4. Em opera\u00e7\u00e3o em alta velocidade, a opera\u00e7\u00e3o \u00e9 est\u00e1vel e sem ru\u00eddo, e a folga entre o cortador e o cortador \u00e9 inferior a 1,5 mm para garantir o efeito do cortador.<\/p>    <p>6. Equipado com um descarregador, o descarregamento \u00e9 conveniente e limpo. O processador pode realizar o processamento profundo de carnes, frutas e vegetais, frutos do mar e condimentos. A rota\u00e7\u00e3o em alta velocidade da l\u00e2mina pode encurtar o tempo de funcionamento, reduzir a gera\u00e7\u00e3o de calor do material e manter a cor do recheio.<\/p>    <figure class=\"wp-block-image size-full\"><img loading=\"lazy\" decoding=\"async\" width=\"720\" height=\"340\" src=\"https:\/\/www.meatprocessingmachine.org\/wp-content\/uploads\/2018\/10\/Meat-vegetable-cutter-and-mixer.png\" alt=\"Cortador e misturador de carne e vegetais\" class=\"wp-image-32668\" title=\"\" srcset=\"https:\/\/www.meatprocessingmachine.org\/wp-content\/uploads\/2018\/10\/Meat-vegetable-cutter-and-mixer.png 720w, https:\/\/www.meatprocessingmachine.org\/wp-content\/uploads\/2018\/10\/Meat-vegetable-cutter-and-mixer-300x142.png 300w\" sizes=\"auto, (max-width: 720px) 100vw, 720px\" \/><figcaption>Cortador e Misturador de Carne e Vegetais<\/figcaption><\/figure>    <h2 class=\"wp-block-heading\">A estrutura do picador de carne<\/h2>    <p>O cortador e misturador de vegetais e carne \u00e9 composto por um picador, um eixo de faca, uma estrutura e um sistema de controle el\u00e9trico. O recipiente de corte \u00e9 girado pelo motor em baixa velocidade atrav\u00e9s do redutor e alimenta continuamente o grupo de facas. O eixo do cortador \u00e9 acionado por um motor de duas velocidades (ou motor de frequ\u00eancia vari\u00e1vel) para girar em alta velocidade atrav\u00e9s da correia. Enquanto os materiais crus est\u00e3o em movimento espiral no recipiente de corte, eles s\u00e3o mexidos e picados pelo grupo de facas para remover o ar da carne mo\u00edda. Devido ao corte em alta velocidade da faca, a taxa de separa\u00e7\u00e3o do l\u00edquido e do suco do produto \u00e9 reduzida, e a elasticidade e a finura do produto s\u00e3o aprimoradas.<\/p>    <h2 class=\"wp-block-heading\">Requisitos de uso do produto cortador e misturador de carne e vegetais<\/h2>    <figure class=\"wp-block-image size-full\"><img loading=\"lazy\" decoding=\"async\" width=\"720\" height=\"540\" src=\"https:\/\/www.meatprocessingmachine.org\/wp-content\/uploads\/2018\/10\/Meat-vegetable-cutter-and-mixer-1.png\" alt=\"Cortador e misturador de carne e vegetais\" class=\"wp-image-32669\" title=\"\" srcset=\"https:\/\/www.meatprocessingmachine.org\/wp-content\/uploads\/2018\/10\/Meat-vegetable-cutter-and-mixer-1.png 720w, https:\/\/www.meatprocessingmachine.org\/wp-content\/uploads\/2018\/10\/Meat-vegetable-cutter-and-mixer-1-300x225.png 300w\" sizes=\"auto, (max-width: 720px) 100vw, 720px\" \/><figcaption>Cortador e Misturador de Carne<\/figcaption><\/figure>    <p>1. Mantenha o interior do recipiente rotativo limpo, e \u00e9 estritamente proibido colocar objetos diversos.&nbsp;<\/p>    <p>2. Cubra o recipiente antes de iniciar o cortador. Caso contr\u00e1rio, o cortador n\u00e3o poder\u00e1 operar normalmente.&nbsp;<\/p>    <p>3. Se houver um plugue de jogo durante a alimenta\u00e7\u00e3o, n\u00e3o entre no pote rotativo para pressionar o material com a m\u00e3o, caso contr\u00e1rio, ser\u00e1 perigoso encontrar a faca rotativa. Se o motor de rota\u00e7\u00e3o do pote estiver claramente sobrecarregado, recomenda-se girar o pote em baixa velocidade e reduzir a velocidade da faca.&nbsp;<\/p>    <p>4. Para evitar o fen\u00f4meno da carne presa na panela rotativa, n\u00e3o adicione muito material de uma s\u00f3 vez ao alimentar. Durante a opera\u00e7\u00e3o, a \u00e1gua deve ser adicionada de forma apropriada.&nbsp;<\/p>    <p>5. Preste aten\u00e7\u00e3o \u00e0 prote\u00e7\u00e3o contra umidade e \u00e1gua, especialmente na caixa de distribui\u00e7\u00e3o, n\u00e3o lave com \u00e1gua sob alta press\u00e3o.<\/p>    <h2 class=\"wp-block-heading\">V\u00eddeo do cortador de carne e vegetais<\/h2>    <figure class=\"wp-block-embed is-type-video is-provider-youtube wp-block-embed-youtube\"><div class=\"wp-block-embed__wrapper\"> <iframe loading=\"lazy\" title=\"Melhor cortador de tigela de carne | cortador e misturador de vegetais e carne | m\u00e1quina cortadora e moedora de pimenta\" width=\"500\" height=\"281\" src=\"https:\/\/www.youtube.com\/embed\/COlE_tG9eAs?feature=oembed\" frameborder=\"0\" allow=\"accelerometer; autoplay; clipboard-write; encrypted-media; gyroscope; picture-in-picture; web-share\" referrerpolicy=\"strict-origin-when-cross-origin\" allowfullscreen><\/iframe> <\/div><figcaption>Cortador e Misturador de Carne e Vegetais<\/figcaption><\/figure>","protected":false},"excerpt":{"rendered":"<p>e para transformar carne em pur\u00ea. O picador de carne tem fun\u00e7\u00f5es como cortar, misturar e mexer. Picadores de carne podem atuar como auxiliares no processo de processamento de alimentos. Podem ser usados em refeit\u00f3rios, restaurantes, f\u00e1bricas de processamento de salsicha, f\u00e1bricas de processamento de hamb\u00farguer.<\/p>","protected":false},"author":1,"featured_media":32707,"parent":0,"template":"","product-type":[589],"class_list":["post-103","product","type-product","status-publish","has-post-thumbnail","hentry","product-type-meat-cutting-machine"],"_links":{"self":[{"href":"https:\/\/www.meatprocessingmachine.org\/pt\/wp-json\/wp\/v2\/product\/103","targetHints":{"allow":["GET"]}}],"collection":[{"href":"https:\/\/www.meatprocessingmachine.org\/pt\/wp-json\/wp\/v2\/product"}],"about":[{"href":"https:\/\/www.meatprocessingmachine.org\/pt\/wp-json\/wp\/v2\/types\/product"}],"author":[{"embeddable":true,"href":"https:\/\/www.meatprocessingmachine.org\/pt\/wp-json\/wp\/v2\/users\/1"}],"wp:featuredmedia":[{"embeddable":true,"href":"https:\/\/www.meatprocessingmachine.org\/pt\/wp-json\/wp\/v2\/media\/32707"}],"wp:attachment":[{"href":"https:\/\/www.meatprocessingmachine.org\/pt\/wp-json\/wp\/v2\/media?parent=103"}],"wp:term":[{"taxonomy":"product-type","embeddable":true,"href":"https:\/\/www.meatprocessingmachine.org\/pt\/wp-json\/wp\/v2\/product-type?post=103"}],"curies":[{"name":"wp","href":"https:\/\/api.w.org\/{rel}","templated":true}]}}