{"id":122,"date":"2018-10-25T06:37:25","date_gmt":"2018-10-24T22:37:25","guid":{"rendered":"http:\/\/www.meatprocessingmachine.org\/?p=122"},"modified":"2026-02-12T16:41:47","modified_gmt":"2026-02-12T08:41:47","slug":"hydraulic-enema-machine","status":"publish","type":"product","link":"https:\/\/www.meatprocessingmachine.org\/pt\/hydraulic-enema-machine.html","title":{"rendered":"M\u00e1quina de Enema Hidr\u00e1ulico"},"content":{"rendered":"<div class=\"kk-star-ratings kksr-auto kksr-align-right kksr-valign-top\"     data-payload='{&quot;align&quot;:&quot;right&quot;,&quot;id&quot;:&quot;122&quot;,&quot;slug&quot;:&quot;default&quot;,&quot;valign&quot;:&quot;top&quot;,&quot;ignore&quot;:&quot;&quot;,&quot;reference&quot;:&quot;auto&quot;,&quot;class&quot;:&quot;&quot;,&quot;count&quot;:&quot;0&quot;,&quot;legendonly&quot;:&quot;&quot;,&quot;readonly&quot;:&quot;&quot;,&quot;score&quot;:&quot;0&quot;,&quot;starsonly&quot;:&quot;&quot;,&quot;best&quot;:&quot;5&quot;,&quot;gap&quot;:&quot;5&quot;,&quot;greet&quot;:&quot;Rate this product&quot;,&quot;legend&quot;:&quot;0\\\/5 - (0 voto)&quot;,&quot;size&quot;:&quot;24&quot;,&quot;title&quot;:&quot;Hydraulic Enema Machine&quot;,&quot;width&quot;:&quot;0&quot;,&quot;_legend&quot;:&quot;{score}\\\/{best} - ({count} {votes})&quot;,&quot;font_factor&quot;:&quot;1.25&quot;}'>              <div class=\"kksr-stars\">      <div class=\"kksr-stars-inactive\">             <div class=\"kksr-star\" data-star=\"1\" style=\"padding-right: 5px\">               <div class=\"kksr-icon\" style=\"width: 24px; height: 24px;\"><\/div>         <\/div>             <div class=\"kksr-star\" data-star=\"2\" style=\"padding-right: 5px\">               <div class=\"kksr-icon\" style=\"width: 24px; height: 24px;\"><\/div>         <\/div>             <div class=\"kksr-star\" data-star=\"3\" style=\"padding-right: 5px\">               <div class=\"kksr-icon\" style=\"width: 24px; height: 24px;\"><\/div>         <\/div>             <div class=\"kksr-star\" data-star=\"4\" style=\"padding-right: 5px\">               <div class=\"kksr-icon\" style=\"width: 24px; height: 24px;\"><\/div>         <\/div>             <div class=\"kksr-star\" data-star=\"5\" style=\"padding-right: 5px\">               <div class=\"kksr-icon\" style=\"width: 24px; height: 24px;\"><\/div>         <\/div>     <\/div>      <div class=\"kksr-stars-active\" style=\"width: 0px;\">             <div class=\"kksr-star\" style=\"padding-right: 5px\">               <div class=\"kksr-icon\" style=\"width: 24px; height: 24px;\"><\/div>         <\/div>             <div class=\"kksr-star\" style=\"padding-right: 5px\">               <div class=\"kksr-icon\" style=\"width: 24px; height: 24px;\"><\/div>         <\/div>             <div class=\"kksr-star\" style=\"padding-right: 5px\">               <div class=\"kksr-icon\" style=\"width: 24px; height: 24px;\"><\/div>         <\/div>             <div class=\"kksr-star\" style=\"padding-right: 5px\">               <div class=\"kksr-icon\" style=\"width: 24px; height: 24px;\"><\/div>         <\/div>             <div class=\"kksr-star\" style=\"padding-right: 5px\">               <div class=\"kksr-icon\" style=\"width: 24px; height: 24px;\"><\/div>         <\/div>     <\/div> <\/div>                   <div class=\"kksr-legend\" style=\"font-size: 19.2px;\">             <span class=\"kksr-muted\">Avalie este produto<\/span>     <\/div>     <\/div> <h2>Introdu\u00e7\u00e3o Breve<\/h2> <p class=\"translation-block\"><strong>M\u00e1quina Hidr\u00e1ulica de Enema<\/strong> \u00e9 um equipamento necess\u00e1rio para enchimento de salsichas. A <strong>M\u00e1quina Enchedora de Salsichas Hidr\u00e1ulica<\/strong> \u00e9 amplamente aplic\u00e1vel a uma variedade de sistemas de enchimento de tripas, especialmente para recheios mais secos e recheios de carne. A parte superior da m\u00e1quina possui um reservat\u00f3rio e v\u00e1lvula de disco, sistema de irriga\u00e7\u00e3o com viragem cont\u00ednua, o que melhora a efici\u00eancia do trabalho.<\/p>   <h2 class=\"wp-block-heading\"><strong>Recursos<\/strong><\/h2>    <p class=\"translation-block\">1.Pode produzir produtos de tripa grandes, m\u00e9dios e pequenos de v\u00e1rias especifica\u00e7\u00f5es.<br>2.Este produto tem uma apar\u00eancia bonita, acabamento fino, opera\u00e7\u00e3o conveniente e opera\u00e7\u00e3o segura e confi\u00e1vel.<br>3.O reservat\u00f3rio, a v\u00e1lvula, o tubo de enema e a embalagem externa da <strong>M\u00e1quina de Salsicha Hidr\u00e1ulica<\/strong> s\u00e3o feitos de a\u00e7o inoxid\u00e1vel de alta qualidade.<br>4.O material do cilindro pode ser escolhido de acordo com os requisitos dos clientes para atender a requisitos mais elevados de higiene alimentar.<br>5.A <strong>M\u00e1quina de Salsicha Hidr\u00e1ulica<\/strong> aplica-se a tripas de ovelha, tripas de porco, tripas de col\u00e1geno, tripas pl\u00e1sticas.<\/p>    <figure class=\"wp-block-image\"><img decoding=\"async\" src=\"http:\/\/www.meatprocessingmachine.org\/wp-content\/uploads\/2018\/10\/hydraulic-sausage-stuffer8136.jpg\" alt=\"\" title=\"\"><\/figure>    <h2 class=\"wp-block-heading\"><strong>Especifica\u00e7\u00f5es<\/strong><\/h2>    <p class=\"translation-block\"><strong> <\/strong>1.M\u00e1quina de salsicha feita de a\u00e7o inoxid\u00e1vel<br>2.Design fino, alta qualidade<br>3.Capacidade: 100~500kg<br>4.Adequado para todas as salsichas<\/p>    <div class=\"wp-block-columns is-layout-flex wp-container-core-columns-is-layout-9d6595d7 wp-block-columns-is-layout-flex\"> <div class=\"wp-block-column is-layout-flow wp-block-column-is-layout-flow\"> <figure class=\"wp-block-image size-large\"><img loading=\"lazy\" decoding=\"async\" width=\"650\" height=\"433\" src=\"http:\/\/www.meatprocessingmachine.org\/wp-content\/uploads\/2020\/06\/details-of-Hydraulic-Enema-Machine.jpg\" alt=\"Detalhes da M\u00e1quina de Enema Hidr\u00e1ulica\" class=\"wp-image-733\" title=\"\" srcset=\"https:\/\/www.meatprocessingmachine.org\/wp-content\/uploads\/2020\/06\/details-of-Hydraulic-Enema-Machine.jpg 650w, https:\/\/www.meatprocessingmachine.org\/wp-content\/uploads\/2020\/06\/details-of-Hydraulic-Enema-Machine-300x200.jpg 300w\" sizes=\"auto, (max-width: 650px) 100vw, 650px\" \/><figcaption><\/figcaption><\/figure> <\/div>    <div class=\"wp-block-column is-layout-flow wp-block-column-is-layout-flow\"> <figure class=\"wp-block-image size-large\"><img loading=\"lazy\" decoding=\"async\" width=\"1024\" height=\"683\" src=\"http:\/\/www.meatprocessingmachine.org\/wp-content\/uploads\/2020\/06\/details-of-Hydraulic-Enema-Machine.-1024x683.jpg\" alt=\"Detalhes da M\u00e1quina de Enema Hidr\u00e1ulica\" class=\"wp-image-734\" title=\"\" srcset=\"https:\/\/www.meatprocessingmachine.org\/wp-content\/uploads\/2020\/06\/details-of-Hydraulic-Enema-Machine.-1024x683.jpg 1024w, https:\/\/www.meatprocessingmachine.org\/wp-content\/uploads\/2020\/06\/details-of-Hydraulic-Enema-Machine.-300x200.jpg 300w, https:\/\/www.meatprocessingmachine.org\/wp-content\/uploads\/2020\/06\/details-of-Hydraulic-Enema-Machine.-768x512.jpg 768w, https:\/\/www.meatprocessingmachine.org\/wp-content\/uploads\/2020\/06\/details-of-Hydraulic-Enema-Machine.-1536x1024.jpg 1536w, https:\/\/www.meatprocessingmachine.org\/wp-content\/uploads\/2020\/06\/details-of-Hydraulic-Enema-Machine.-2048x1365.jpg 2048w\" sizes=\"auto, (max-width: 1024px) 100vw, 1024px\" \/><figcaption><\/figcaption><\/figure>    <p><\/p> <\/div> <\/div>    <h2 class=\"wp-block-heading\"><strong>Par\u00e2metros tecnol\u00f3gicos<\/strong><\/h2>    <figure class=\"wp-block-table\"><table><tbody><tr><td>Modelo<\/td><td>SL-30<\/td><td>SL-50<\/td><\/tr><tr><td>Volume do barril (L)<\/td><td>30L<\/td><td>50L<\/td><\/tr><tr><td>Pot\u00eancia total (kw)<\/td><td>1.5<\/td><td>1.5<\/td><\/tr><tr><td>Di\u00e2metro de enchimento (mm)<\/td><td>12-48<\/td><td>12-48<\/td><\/tr><tr><td>Peso (kg)<\/td><td>360<\/td><td>400<\/td><\/tr><tr><td>Sobredimensionamento (mm)<\/td><td>1050*670*1680<\/td><td>1150*700*1760<\/td><\/tr><\/tbody><\/table><\/figure>    <figure class=\"wp-block-image\"><img decoding=\"async\" src=\"http:\/\/www.meatprocessingmachine.org\/wp-content\/uploads\/2018\/10\/hydraulic-sausage-stuffer1129.jpg\" alt=\"\" title=\"\"><\/figure>    <h2 class=\"wp-block-heading\"><strong>Vantagem<\/strong><\/h2>    <ol class=\"wp-block-list\"><li>Os principais componentes s\u00e3o feitos de a\u00e7o inoxid\u00e1vel 304 de alta qualidade, que \u00e9 confi\u00e1vel e dur\u00e1vel, f\u00e1cil de limpar e atende aos requisitos de seguran\u00e7a alimentar.<\/li><li> Tecnologia avan\u00e7ada, desempenho est\u00e1vel, opera\u00e7\u00e3o f\u00e1cil e manuten\u00e7\u00e3o conveniente. Ap\u00f3s ajustar a press\u00e3o de trabalho da transmiss\u00e3o hidr\u00e1ulica do pist\u00e3o, o material no cilindro \u00e9 alargado sob a a\u00e7\u00e3o do cilindro hidr\u00e1ulico, especialmente o enchimento seco, que \u00e9 mais eficaz do que outras salsichas.<\/li><li>Alto grau de automa\u00e7\u00e3o, economizando tempo e esfor\u00e7o.<\/li><li>Tratamento especial de componentes-chave, durabilidade ao desgaste, pe\u00e7as de controle s\u00e3o componentes importados.<\/li><li>A apar\u00eancia adota tecnologia avan\u00e7ada de tratamento de superf\u00edcie, apar\u00eancia bonita, estrutura compacta, opera\u00e7\u00e3o conveniente e manuten\u00e7\u00e3o f\u00e1cil.<\/li><li>Equipado com prote\u00e7\u00f5es de seguran\u00e7a, <strong>M\u00e1quina de Salsichas Hidr\u00e1ulica<\/strong> \u00e9 ideal para processamento de carne.<\/li><li>A velocidade de descarga \u00e9 r\u00e1pida, o corpo intestinal \u00e9 uniforme, o intestino semelhante \u00e0 carne pode ser preenchido, e o intestino pode ser preenchido, o que \u00e9 flex\u00edvel e conveniente. \u00c9 f\u00e1cil de alimentar, com alta efici\u00eancia e boa capacidade de produ\u00e7\u00e3o cont\u00ednua.<strong>M\u00e1quina de Salsichas Hidr\u00e1ulica\u00a0<\/strong>\u00e9 f\u00e1cil de limpar e \u00e9 adequada para v\u00e1rias empresas de produ\u00e7\u00e3o.<\/li><li>A m\u00e1quina de enchimento de salsichas hidr\u00e1ulica \u00e9 mais poderosa do que a m\u00e1quina de enchimento de salsichas pneum\u00e1tica, que pode facilmente encher a salsicha de carne.<\/li><\/ol>","protected":false},"excerpt":{"rendered":"<p>Brief Introduce Hydraulic Enema Machine is a necessary sausage filling equipment. The Hydraulic Sausage Stuffer Machine is widely applicable to&nbsp; a variety of intestinal filling systems,especially to the drier fillings and meat fillings . The machine upper part has a storage hopper and disc valve,continuously&nbsp; flipping irrigation system, which improve the work efficiency. Features 1.It [&hellip;]<\/p>\n","protected":false},"author":1,"featured_media":43,"parent":0,"template":"","product-type":[598],"class_list":["post-122","product","type-product","status-publish","has-post-thumbnail","hentry","product-type-supporting-auxiliary-equipment"],"_links":{"self":[{"href":"https:\/\/www.meatprocessingmachine.org\/pt\/wp-json\/wp\/v2\/product\/122","targetHints":{"allow":["GET"]}}],"collection":[{"href":"https:\/\/www.meatprocessingmachine.org\/pt\/wp-json\/wp\/v2\/product"}],"about":[{"href":"https:\/\/www.meatprocessingmachine.org\/pt\/wp-json\/wp\/v2\/types\/product"}],"author":[{"embeddable":true,"href":"https:\/\/www.meatprocessingmachine.org\/pt\/wp-json\/wp\/v2\/users\/1"}],"wp:featuredmedia":[{"embeddable":true,"href":"https:\/\/www.meatprocessingmachine.org\/pt\/wp-json\/wp\/v2\/media\/43"}],"wp:attachment":[{"href":"https:\/\/www.meatprocessingmachine.org\/pt\/wp-json\/wp\/v2\/media?parent=122"}],"wp:term":[{"taxonomy":"product-type","embeddable":true,"href":"https:\/\/www.meatprocessingmachine.org\/pt\/wp-json\/wp\/v2\/product-type?post=122"}],"curies":[{"name":"wp","href":"https:\/\/api.w.org\/{rel}","templated":true}]}}