{"id":1291,"date":"2021-05-28T18:15:06","date_gmt":"2021-05-28T10:15:06","guid":{"rendered":"https:\/\/www.meatprocessingmachine.org\/?p=1291"},"modified":"2026-02-12T16:05:54","modified_gmt":"2026-02-12T08:05:54","slug":"chicken-breast-slicer-machine","status":"publish","type":"product","link":"https:\/\/www.meatprocessingmachine.org\/pt\/chicken-breast-slicer-machine.html","title":{"rendered":"M\u00e1quina fatiadora de peito de frango para fatias\/ tiras de carne"},"content":{"rendered":"<div class=\"kk-star-ratings kksr-auto kksr-align-right kksr-valign-top\"     data-payload='{&quot;align&quot;:&quot;right&quot;,&quot;id&quot;:&quot;1291&quot;,&quot;slug&quot;:&quot;default&quot;,&quot;valign&quot;:&quot;top&quot;,&quot;ignore&quot;:&quot;&quot;,&quot;reference&quot;:&quot;auto&quot;,&quot;class&quot;:&quot;&quot;,&quot;count&quot;:&quot;0&quot;,&quot;legendonly&quot;:&quot;&quot;,&quot;readonly&quot;:&quot;&quot;,&quot;score&quot;:&quot;0&quot;,&quot;starsonly&quot;:&quot;&quot;,&quot;best&quot;:&quot;5&quot;,&quot;gap&quot;:&quot;5&quot;,&quot;greet&quot;:&quot;Rate this product&quot;,&quot;legend&quot;:&quot;0\\\/5 - (0 voto)&quot;,&quot;size&quot;:&quot;24&quot;,&quot;title&quot;:&quot;Chicken breast slicer machine for meat slices\\\/strips&quot;,&quot;width&quot;:&quot;0&quot;,&quot;_legend&quot;:&quot;{score}\\\/{best} - ({count} {votes})&quot;,&quot;font_factor&quot;:&quot;1.25&quot;}'>              <div class=\"kksr-stars\">      <div class=\"kksr-stars-inactive\">             <div class=\"kksr-star\" data-star=\"1\" style=\"padding-right: 5px\">               <div class=\"kksr-icon\" style=\"width: 24px; height: 24px;\"><\/div>         <\/div>             <div class=\"kksr-star\" data-star=\"2\" style=\"padding-right: 5px\">               <div class=\"kksr-icon\" style=\"width: 24px; height: 24px;\"><\/div>         <\/div>             <div class=\"kksr-star\" data-star=\"3\" style=\"padding-right: 5px\">               <div class=\"kksr-icon\" style=\"width: 24px; height: 24px;\"><\/div>         <\/div>             <div class=\"kksr-star\" data-star=\"4\" style=\"padding-right: 5px\">               <div class=\"kksr-icon\" style=\"width: 24px; height: 24px;\"><\/div>         <\/div>             <div class=\"kksr-star\" data-star=\"5\" style=\"padding-right: 5px\">               <div class=\"kksr-icon\" style=\"width: 24px; height: 24px;\"><\/div>         <\/div>     <\/div>      <div class=\"kksr-stars-active\" style=\"width: 0px;\">             <div class=\"kksr-star\" style=\"padding-right: 5px\">               <div class=\"kksr-icon\" style=\"width: 24px; height: 24px;\"><\/div>         <\/div>             <div class=\"kksr-star\" style=\"padding-right: 5px\">               <div class=\"kksr-icon\" style=\"width: 24px; height: 24px;\"><\/div>         <\/div>             <div class=\"kksr-star\" style=\"padding-right: 5px\">               <div class=\"kksr-icon\" style=\"width: 24px; height: 24px;\"><\/div>         <\/div>             <div class=\"kksr-star\" style=\"padding-right: 5px\">               <div class=\"kksr-icon\" style=\"width: 24px; height: 24px;\"><\/div>         <\/div>             <div class=\"kksr-star\" style=\"padding-right: 5px\">               <div class=\"kksr-icon\" style=\"width: 24px; height: 24px;\"><\/div>         <\/div>     <\/div> <\/div>                   <div class=\"kksr-legend\" style=\"font-size: 19.2px;\">             <span class=\"kksr-muted\">Avalie este produto<\/span>     <\/div>     <\/div>  <p>A m\u00e1quina fatiadora de peito de frango pode processar carne em fatias, e a maquinaria de corte de carne para tiras de carne processa a carne em tiras. As mat\u00e9rias-primas podem ser peito de frango, carne bovina, carne su\u00edna, etc. As m\u00e1quinas fatiadoras de carne podem processar uma ampla gama de carnes, que s\u00e3o adequadas para a maioria das carnes sem osso. <\/p>    <p>A m\u00e1quina fatiadora de carne utiliza um processo de corte plano durante o processamento para medir com precis\u00e3o o tamanho e a espessura. A espessura das fatias de carne pode ser personalizada. \u00c9 adequada para plantas de processamento de alimentos, cozinhas de restaurantes e grandes refeit\u00f3rios.<\/p>    <figure class=\"wp-block-image size-large\"><img loading=\"lazy\" decoding=\"async\" width=\"720\" height=\"540\" src=\"https:\/\/www.meatprocessingmachine.org\/wp-content\/uploads\/2021\/05\/2-1.jpg\" alt=\"peito de frango fatiado\" class=\"wp-image-1296\" title=\"\" srcset=\"https:\/\/www.meatprocessingmachine.org\/wp-content\/uploads\/2021\/05\/2-1.jpg 720w, https:\/\/www.meatprocessingmachine.org\/wp-content\/uploads\/2021\/05\/2-1-300x225.jpg 300w\" sizes=\"auto, (max-width: 720px) 100vw, 720px\" \/><figcaption class=\"wp-element-caption\">Peito de Frango Fatiado<\/figcaption><\/figure>    <h2 class=\"wp-block-heading\" id=\"h-type-of-meat-cutting-machinery-for-meat-slices-strips\">V\u00eddeo de m\u00e1quinas de corte de carne para fatias\/ tiras de carne<\/h2>    <figure class=\"wp-block-embed is-type-video is-provider-youtube wp-block-embed-youtube\"><div class=\"wp-block-embed__wrapper\"> <iframe loading=\"lazy\" title=\"m\u00e1quina fatiadora de peito de frango \/ M\u00e1quinas de Corte de Carne para Fatias \/ Tiras\" width=\"500\" height=\"281\" src=\"https:\/\/www.youtube.com\/embed\/2jjreRlvCKM?start=19&#038;feature=oembed\" frameborder=\"0\" allow=\"accelerometer; autoplay; clipboard-write; encrypted-media; gyroscope; picture-in-picture; web-share\" referrerpolicy=\"strict-origin-when-cross-origin\" allowfullscreen><\/iframe> <\/div><\/figure>    <h2 class=\"wp-block-heading\" id=\"h-introduction-of-chicken-breast-slicer-machine\">Introdu\u00e7\u00e3o da m\u00e1quina fatiadora de peito de frango<\/h2>    <p class=\"translation-block\"><strong>A m\u00e1quina fatiadora de peito de frango<\/strong> corta a carne diretamente em fatias, como fatias de peito de frango, fatias de carne bovina e fatias de carne su\u00edna. A m\u00e1quina fatiadora de peito de frango \u00e9 uma m\u00e1quina independente que pode concluir o trabalho de fatiamento sozinha. Para usar, coloque a carne na esteira e aguarde alguns segundos. A m\u00e1quina fatiadora de peito de frango pode cortar a espessura das fatias de carne de 2 a 8 mm, e a m\u00e1quina fatiadora pode controlar com precis\u00e3o o tamanho e a espessura. <\/p>    <p class=\"translation-block\">Al\u00e9m disso, a espessura de cada fatia de carne \u00e9 a mesma, a <strong>m\u00e1quina fatiadora de peito de frango<\/strong> \u00e9 muito superior ao manual, portanto a vantagem da m\u00e1quina para cortar \u00e9 muito \u00f3bvia. Al\u00e9m disso, outra vantagem da fatiadora \u00e9 que a velocidade da m\u00e1quina pode ser ajustada. Isso pode corresponder ao fluxo de processamento.<\/p>    <figure class=\"wp-block-image size-full is-resized\"><img loading=\"lazy\" decoding=\"async\" width=\"680\" height=\"480\" src=\"https:\/\/www.meatprocessingmachine.org\/wp-content\/uploads\/2021\/09\/breast-slicer-machine.jpg\" alt=\"m\u00e1quina fatiadora de peito\" class=\"wp-image-1993\" style=\"width:720px;height:540px\" title=\"\" srcset=\"https:\/\/www.meatprocessingmachine.org\/wp-content\/uploads\/2021\/09\/breast-slicer-machine.jpg 680w, https:\/\/www.meatprocessingmachine.org\/wp-content\/uploads\/2021\/09\/breast-slicer-machine-300x212.jpg 300w\" sizes=\"auto, (max-width: 680px) 100vw, 680px\" \/><figcaption class=\"wp-element-caption\"> <strong>m\u00e1quina fatiadora de peito<\/strong> <\/figcaption><\/figure>    <h2 class=\"wp-block-heading\">Par\u00e2metro da m\u00e1quina fatiadora de fil\u00e9 de frango<\/h2>    <figure class=\"wp-block-table\"><table><tbody><tr><td>Modelo<\/td><td>KSQPJ-100<\/td><\/tr><tr><td>Pot\u00eancia (kW)<\/td><td>1,65KW<\/td><\/tr><tr><td>Largura<\/td><td>260mm<\/td><\/tr><tr><td>Faixa de velocidade da correia transportadora<\/td><td>3-15m\/min (Frequ\u00eancia)<\/td><\/tr><tr><td>Tens\u00e3o (V)<strong>)<\/strong><\/td><td>380v<\/td><\/tr><tr><td>Largura m\u00e1xima do produto<\/td><td>80-120mm (Ajust\u00e1vel)<\/td><\/tr><tr><td>Altura de entrada e sa\u00edda<\/td><td>30mm<\/td><\/tr><tr><td>Espessura de corte<\/td><td>4-40mm<\/td><\/tr><tr><td>Tamanho<\/td><td>1800x820x1580mm<\/td><\/tr><\/tbody><\/table><figcaption class=\"wp-element-caption\">M\u00e1quina Fatiadora de Peito de Frango<\/figcaption><\/figure>    <p>O modelo KSQPJ-100 tem uma pot\u00eancia de 1,65kw e uma voltagem de 380v. A espessura do corte pode ser ajustada de 4 a 40mm. Enquanto isso, a velocidade da esteira transportadora tamb\u00e9m \u00e9 ajust\u00e1vel (3-15m\/min). Se voc\u00ea quiser saber mais sobre esta m\u00e1quina cortadora de fil\u00e9 de frango, entre em contato conosco.<\/p>    <h2 class=\"wp-block-heading\" id=\"h-chicken-breast-slicer-machine-principle\">Princ\u00edpio de funcionamento da m\u00e1quina fatiadora de peito de frango<\/h2>    <p>A m\u00e1quina fatiadora de peito de frango transporta a carne para o local de corte atrav\u00e9s da esteira transportadora de alta fric\u00e7\u00e3o da m\u00e1quina. A m\u00e1quina fatiadora de peito de frango \u00e9 composta por v\u00e1rias l\u00e2minas horizontais afiadas. A carne cortada \u00e9 enviada para fora atrav\u00e9s da esteira transportadora. <\/p>    <p>Ent\u00e3o, o corte de fatias de carne. A espessura \u00e9 determinada pela dist\u00e2ncia entre as l\u00e2minas. Essa dist\u00e2ncia pode ser personalizada pela f\u00e1brica de acordo com as necessidades ao sair da f\u00e1brica. Pode atender \u00e0 maioria das necessidades. <\/p>    <p>E a velocidade de transporte da esteira pode ser ajustada, o que \u00e9 muito inteligente. Isso porque, quando estamos trabalhando em outra se\u00e7\u00e3o, pode haver embalagem manual ou produtos acabados. Ent\u00e3o, podemos ajustar a esteira de acordo com a velocidade de trabalho para alcan\u00e7ar um melhor desempenho. Isso tamb\u00e9m \u00e9 um fato que o designer levou em considera\u00e7\u00e3o a situa\u00e7\u00e3o real do trabalho ao projetar, e foi atencioso.<\/p>    <figure class=\"wp-block-image size-large is-resized\"><img loading=\"lazy\" decoding=\"async\" width=\"720\" height=\"353\" src=\"https:\/\/www.meatprocessingmachine.org\/wp-content\/uploads\/2021\/05\/3.jpg\" alt=\"m\u00e1quina fatiadora de peito de frango\" class=\"wp-image-1298\" style=\"width:720px;height:540px\" title=\"\" srcset=\"https:\/\/www.meatprocessingmachine.org\/wp-content\/uploads\/2021\/05\/3.jpg 720w, https:\/\/www.meatprocessingmachine.org\/wp-content\/uploads\/2021\/05\/3-300x147.jpg 300w\" sizes=\"auto, (max-width: 720px) 100vw, 720px\" \/><figcaption><\/figcaption><\/figure>    <h2 class=\"wp-block-heading\" id=\"h-finished-product-effect-of-chicken-breast-slicer-machine\">Efeito do produto final da m\u00e1quina de cortar peito de frango<\/h2>    <figure class=\"wp-block-image size-full is-resized\"><img loading=\"lazy\" decoding=\"async\" width=\"520\" height=\"390\" src=\"https:\/\/www.meatprocessingmachine.org\/wp-content\/uploads\/2021\/09\/chicken-breast-slicer-machine.png\" alt=\"m\u00e1quina fatiadora de peito de frango\" class=\"wp-image-1994\" style=\"width:720px;height:540px\" title=\"\" srcset=\"https:\/\/www.meatprocessingmachine.org\/wp-content\/uploads\/2021\/09\/chicken-breast-slicer-machine.png 520w, https:\/\/www.meatprocessingmachine.org\/wp-content\/uploads\/2021\/09\/chicken-breast-slicer-machine-300x225.png 300w\" sizes=\"auto, (max-width: 520px) 100vw, 520px\" \/><figcaption class=\"wp-element-caption\"> <strong>m\u00e1quina fatiadora de peito de frango<\/strong> <\/figcaption><\/figure>    <p>A m\u00e1quina fatiadora de peito de frango pode cortar fatias de carne de 2 a 8 mm. Essa espessura pode ser explicada ao comprar a m\u00e1quina, para que uma l\u00e2mina de tamanho espec\u00edfico possa ser personalizada. A espessura das fatias de carne cortadas \u00e9 uniforme e a superf\u00edcie \u00e9 muito lisa. A l\u00e2mina \u00e9 muito afiada e n\u00e3o causar\u00e1 nenhum dano \u00e0 carne ap\u00f3s o corte, nem resultar\u00e1 em perda, o que realmente alcan\u00e7a alta efici\u00eancia e alta produtividade.<\/p>    <h2 class=\"wp-block-heading\" id=\"h-meat-cutting-machinery-for-meat-strips-introduction\">Introdu\u00e7\u00e3o \u00e0 maquinaria de corte de carne para tiras de carne<\/h2>    <p class=\"translation-block\">A <strong>Introdu\u00e7\u00e3o de maquin\u00e1rio de corte de carne para tiras de carne<\/strong> tem duas partes. Primeiro, \u00e9 cortada em fatias por uma fatiadora e depois passa por uma cortadora. O produto s\u00e3o v\u00e1rias tiras de carne. A fatiadora \u00e9 cortada em fatias pela fatiadora horizontalmente e cortada verticalmente pela m\u00e1quina subsequente em tiras. A m\u00e1quina de corte de peito de frango \u00e9 transportada diretamente atrav\u00e9s da esteira, sem a necessidade de m\u00e3o de obra no processo de folha para tira. <\/p>    <figure class=\"wp-block-table\"><table><tbody><tr><td>Modelo<\/td><td>KSQTJ-260<\/td><\/tr><tr><td>Pot\u00eancia kW<\/td><td>0,75kw<\/td><\/tr><tr><td>largura<\/td><td>260mm<\/td><\/tr><tr><td>Faixa de velocidade da correia transportadora<\/td><td>3-15m\/min (Frequ\u00eancia)<\/td><\/tr><tr><td>tens\u00e3o de alimenta\u00e7\u00e3o v<\/td><td>380v\/50Hz<\/td><\/tr><tr><td>Tamanho<\/td><td>2200x650x1450mm<\/td><\/tr><\/tbody><\/table><figcaption class=\"wp-element-caption\"> <strong>M\u00e1quina de Corte de Carne para Tirinhas de Carne&nbsp;<\/strong> <\/figcaption><\/figure>    <p>Todo o processo economiza tempo e esfor\u00e7o, sendo eficiente e r\u00e1pido. A esteira transportadora possui um design de faixa especial, que aumenta a fric\u00e7\u00e3o, permitindo que a Maquin\u00e1rio de Corte de Carne para Tiras de Carne seja transportado mesmo que seja relativamente grande. A carne tamb\u00e9m pode ser transportada suavemente com sucesso. A espessura das tiras de carne cortadas tamb\u00e9m pode ser ajustada.<\/p>    <figure class=\"wp-block-image size-full is-resized\"><img loading=\"lazy\" decoding=\"async\" width=\"680\" height=\"480\" src=\"https:\/\/www.meatprocessingmachine.org\/wp-content\/uploads\/2021\/09\/Meat-Cutting-Machinery-for-Meat-Strips-.jpg\" alt=\"M\u00e1quina de Corte de Carne para Tirinhas de Carne\u00a0\" class=\"wp-image-1995\" style=\"width:720px;height:540px\" title=\"\" srcset=\"https:\/\/www.meatprocessingmachine.org\/wp-content\/uploads\/2021\/09\/Meat-Cutting-Machinery-for-Meat-Strips-.jpg 680w, https:\/\/www.meatprocessingmachine.org\/wp-content\/uploads\/2021\/09\/Meat-Cutting-Machinery-for-Meat-Strips--300x212.jpg 300w\" sizes=\"auto, (max-width: 680px) 100vw, 680px\" \/><figcaption class=\"wp-element-caption\"> <strong>M\u00e1quina de Corte de Carne para Tirinhas de Carne&nbsp;<\/strong> <\/figcaption><\/figure>    <h3 class=\"wp-block-heading\" id=\"h-cutting-principle-of-meat-cutting-machinery-for-meat-strips\">Princ\u00edpio de corte da maquinaria de corte de carne para tiras de carne<\/h3>    <p>O fatiador \u00e9 composto por duas partes. A primeira \u00e9 um fatiador. A carne a ser cortada \u00e9 primeiramente fatiada pelo fatiador. A l\u00e2mina do fatiador corta as fatias de carne horizontalmente e, em seguida, continua a ser transportada pela esteira para a pr\u00f3xima m\u00e1quina. O processo de corte \u00e9 realizado pela m\u00e1quina de corte de peito de frango, e o pr\u00f3ximo passo \u00e9 o corte vertical da carne fatiada pela m\u00e1quina de corte, que se torna uma tira de carne.<\/p>    <h3 class=\"wp-block-heading\" id=\"h-features-of-the-machine\">Caracter\u00edsticas da m\u00e1quina de corte de peito de frango<\/h3>    <ol class=\"wp-block-list\"> <li>A m\u00e1quina pode cortar o peito de frango horizontalmente, a espessura da se\u00e7\u00e3o cortada \u00e9 precisa e a superf\u00edcie cortada \u00e9 lisa.<\/li>    <li>A opera\u00e7\u00e3o \u00e9 simples e f\u00e1cil de aprender, e as especifica\u00e7\u00f5es do produto podem ser ajustadas.<\/li>    <li>A m\u00e1quina de cortar peito de frango \u00e9 feita de a\u00e7o, que \u00e9 seguro e confi\u00e1vel e n\u00e3o enferruja quando limpa.<\/li>    <li>A esteira transportadora utiliza um design em listras para aumentar a fric\u00e7\u00e3o e transportar suavemente.<\/li>    <li>O recorte do produto \u00e9 uniforme e conveniente para venda.<\/li> <\/ol>    <h2 class=\"wp-block-heading\" id=\"h-slicing-and-cutting-machine-is-easy-to-operate\">Como usar a m\u00e1quina de fatiar e cortar?<\/h2>    <p>A m\u00e1quina possui um painel de controle, que controla o interruptor da m\u00e1quina e a velocidade da esteira transportadora. Ao fatiar e cortar, \u00e9 necess\u00e1rio colocar manualmente as mat\u00e9rias-primas na m\u00e1quina. A esteira transportadora envia os peitos de frango para fora. <\/p>    <p>A m\u00e1quina funciona muito r\u00e1pido e pode processar os produtos de forma eficiente. As l\u00e2minas da m\u00e1quina s\u00e3o feitas de a\u00e7o, o que pode atender aos requisitos das m\u00e1quinas aliment\u00edcias padr\u00e3o e produzir produtos acabados com seguran\u00e7a.<\/p>    <figure class=\"wp-block-image size-large\"><img loading=\"lazy\" decoding=\"async\" width=\"720\" height=\"540\" src=\"https:\/\/www.meatprocessingmachine.org\/wp-content\/uploads\/2021\/05\/\u672a\u6807\u9898-1.jpg\" alt=\"M\u00e1quina de Corte de Carne para Tirinhas de Carne\" class=\"wp-image-1301\" title=\"\" srcset=\"https:\/\/www.meatprocessingmachine.org\/wp-content\/uploads\/2021\/05\/\u672a\u6807\u9898-1.jpg 720w, https:\/\/www.meatprocessingmachine.org\/wp-content\/uploads\/2021\/05\/\u672a\u6807\u9898-1-300x225.jpg 300w\" sizes=\"auto, (max-width: 720px) 100vw, 720px\" \/><figcaption><\/figcaption><\/figure>    <h2 class=\"wp-block-heading\" id=\"h-some-precautions-for-chicken-breast-slicer-machine\">Algumas precau\u00e7\u00f5es para a m\u00e1quina de fatiar peito de frango<\/h2>    <ul class=\"wp-block-list\"> <li>A m\u00e1quina \u00e9 estritamente proibida de funcionar em vazio por longos per\u00edodos.<\/li>    <li>Quando a m\u00e1quina estiver em funcionamento, \u00e9 estritamente proibido se aprofundar na m\u00e1quina.<\/li>    <li>Preste aten\u00e7\u00e3o \u00e0 manuten\u00e7\u00e3o e conserva\u00e7\u00e3o da m\u00e1quina, como lubrifica\u00e7\u00e3o e limpeza ap\u00f3s o uso.<\/li>    <li>Por favor, n\u00e3o desmonte-a privadamente.<\/li> <\/ul>    <figure class=\"wp-block-image size-large is-resized\"><img loading=\"lazy\" decoding=\"async\" width=\"1024\" height=\"1024\" src=\"https:\/\/www.meatprocessingmachine.org\/wp-content\/uploads\/2021\/09\/Meat-Cutting-Machinery-for-Meat-Strips-2-1024x1024.jpg\" alt=\"\" class=\"wp-image-1996\" style=\"width:720px;height:540px\" title=\"\" srcset=\"https:\/\/www.meatprocessingmachine.org\/wp-content\/uploads\/2021\/09\/Meat-Cutting-Machinery-for-Meat-Strips-2-1024x1024.jpg 1024w, https:\/\/www.meatprocessingmachine.org\/wp-content\/uploads\/2021\/09\/Meat-Cutting-Machinery-for-Meat-Strips-2-300x300.jpg 300w, https:\/\/www.meatprocessingmachine.org\/wp-content\/uploads\/2021\/09\/Meat-Cutting-Machinery-for-Meat-Strips-2-150x150.jpg 150w, https:\/\/www.meatprocessingmachine.org\/wp-content\/uploads\/2021\/09\/Meat-Cutting-Machinery-for-Meat-Strips-2-768x768.jpg 768w, https:\/\/www.meatprocessingmachine.org\/wp-content\/uploads\/2021\/09\/Meat-Cutting-Machinery-for-Meat-Strips-2.jpg 1080w\" sizes=\"auto, (max-width: 1024px) 100vw, 1024px\" \/><figcaption class=\"wp-element-caption\"> <strong>M\u00e1quina de Corte de Carne para Tirinhas de Carne&nbsp;<\/strong> <\/figcaption><\/figure>    <h2 class=\"wp-block-heading\" id=\"h-related-machine-provision\">Fornecimento de m\u00e1quinas relacionadas<\/h2>    <p class=\"translation-block\">No processo real de processamento e corte de carne, pode ser necess\u00e1rio apenas cortar a carne temperada, e as m\u00e1quinas de nossa empresa s\u00e3o muito abrangentes. Tamb\u00e9m podemos fornecer <a href=\"https:\/\/www.meatprocessingmachine.org\/pt\/commercial-frozen-fresh-meat-dicing-machine.html\/\">m\u00e1quinas de corte de carne congelada fresca comercial<\/a>, <a href=\"https:\/\/www.meatprocessingmachine.org\/pt\/bone-grinder-machine-meat-and-bone-grinder.html\/\">moedores de ossos \/ moedores de carne \/ moedores de pasta de osso<\/a>.<\/p>    <div class=\"wp-block-columns is-layout-flex wp-container-core-columns-is-layout-9d6595d7 wp-block-columns-is-layout-flex\"> <div class=\"wp-block-column is-layout-flow wp-block-column-is-layout-flow\"> <figure class=\"wp-block-image size-full\"><a href=\"https:\/\/www.meatprocessingmachine.org\/pt\/commercial-frozen-fresh-meat-dicing-machine.html\/\"><img loading=\"lazy\" decoding=\"async\" width=\"720\" height=\"540\" src=\"https:\/\/www.meatprocessingmachine.org\/wp-content\/uploads\/2022\/01\/beef-dicing-machine.png\" alt=\"m\u00e1quina de corte de carne congelada\" class=\"wp-image-32559\" title=\"\" srcset=\"https:\/\/www.meatprocessingmachine.org\/wp-content\/uploads\/2022\/01\/beef-dicing-machine.png 720w, https:\/\/www.meatprocessingmachine.org\/wp-content\/uploads\/2022\/01\/beef-dicing-machine-300x225.png 300w\" sizes=\"auto, (max-width: 720px) 100vw, 720px\" \/><\/a><figcaption class=\"wp-element-caption\">M\u00e1quina de Corte de Carne Congelada<\/figcaption><\/figure> <\/div>    <div class=\"wp-block-column is-layout-flow wp-block-column-is-layout-flow\"> <figure class=\"wp-block-image size-full\"><a href=\"https:\/\/www.meatprocessingmachine.org\/pt\/bone-grinder-machine-meat-and-bone-grinder.html\/\"><img loading=\"lazy\" decoding=\"async\" width=\"720\" height=\"540\" src=\"https:\/\/www.meatprocessingmachine.org\/wp-content\/uploads\/2020\/11\/bone-grinder-machine.jpg\" alt=\"m\u00e1quina moedora de ossos\" class=\"wp-image-911\" title=\"\" srcset=\"https:\/\/www.meatprocessingmachine.org\/wp-content\/uploads\/2020\/11\/bone-grinder-machine.jpg 720w, https:\/\/www.meatprocessingmachine.org\/wp-content\/uploads\/2020\/11\/bone-grinder-machine-300x225.jpg 300w\" sizes=\"auto, (max-width: 720px) 100vw, 720px\" \/><\/a><figcaption class=\"wp-element-caption\">M\u00e1quina de Moer Ossos<\/figcaption><\/figure> <\/div> <\/div>","protected":false},"excerpt":{"rendered":"<p>A m\u00e1quina fatiadora de peito de frango pode processar carne em fatias. A maquinaria de corte de carne para tiras de carne processa a carne em tiras. Os materiais-prima podem ser peito de frango, carne bovina, carne su\u00edna, etc. A m\u00e1quina fatiadora de carne pode processar uma ampla gama de carnes, sendo adequada para a maioria das carnes sem osso. A m\u00e1quina fatiadora de carne utiliza um processo de corte plano durante o processamento para captar com precis\u00e3o o tamanho e a espessura. <\/p>","protected":false},"author":1,"featured_media":1991,"parent":0,"template":"","product-type":[583],"class_list":["post-1291","product","type-product","status-publish","has-post-thumbnail","hentry","product-type-chicken-turkey"],"_links":{"self":[{"href":"https:\/\/www.meatprocessingmachine.org\/pt\/wp-json\/wp\/v2\/product\/1291","targetHints":{"allow":["GET"]}}],"collection":[{"href":"https:\/\/www.meatprocessingmachine.org\/pt\/wp-json\/wp\/v2\/product"}],"about":[{"href":"https:\/\/www.meatprocessingmachine.org\/pt\/wp-json\/wp\/v2\/types\/product"}],"author":[{"embeddable":true,"href":"https:\/\/www.meatprocessingmachine.org\/pt\/wp-json\/wp\/v2\/users\/1"}],"wp:featuredmedia":[{"embeddable":true,"href":"https:\/\/www.meatprocessingmachine.org\/pt\/wp-json\/wp\/v2\/media\/1991"}],"wp:attachment":[{"href":"https:\/\/www.meatprocessingmachine.org\/pt\/wp-json\/wp\/v2\/media?parent=1291"}],"wp:term":[{"taxonomy":"product-type","embeddable":true,"href":"https:\/\/www.meatprocessingmachine.org\/pt\/wp-json\/wp\/v2\/product-type?post=1291"}],"curies":[{"name":"wp","href":"https:\/\/api.w.org\/{rel}","templated":true}]}}