{"id":1346,"date":"2021-06-10T17:20:03","date_gmt":"2021-06-10T09:20:03","guid":{"rendered":"https:\/\/www.meatprocessingmachine.org\/?p=1346"},"modified":"2026-02-12T16:03:33","modified_gmt":"2026-02-12T08:03:33","slug":"chicken-cutter-machinechicken-cubing-machine","status":"publish","type":"product","link":"https:\/\/www.meatprocessingmachine.org\/pt\/chicken-cutter-machinechicken-cubing-machine.html","title":{"rendered":"M\u00e1quina de corte de frango \u00e0 venda | m\u00e1quina cortadora de carne"},"content":{"rendered":"<div class=\"kk-star-ratings kksr-auto kksr-align-right kksr-valign-top\"     data-payload='{&quot;align&quot;:&quot;right&quot;,&quot;id&quot;:&quot;1346&quot;,&quot;slug&quot;:&quot;default&quot;,&quot;valign&quot;:&quot;top&quot;,&quot;ignore&quot;:&quot;&quot;,&quot;reference&quot;:&quot;auto&quot;,&quot;class&quot;:&quot;&quot;,&quot;count&quot;:&quot;0&quot;,&quot;legendonly&quot;:&quot;&quot;,&quot;readonly&quot;:&quot;&quot;,&quot;score&quot;:&quot;0&quot;,&quot;starsonly&quot;:&quot;&quot;,&quot;best&quot;:&quot;5&quot;,&quot;gap&quot;:&quot;5&quot;,&quot;greet&quot;:&quot;Rate this product&quot;,&quot;legend&quot;:&quot;0\\\/5 - (0 voto)&quot;,&quot;size&quot;:&quot;24&quot;,&quot;title&quot;:&quot;Chicken cutting machine for sale | meat cutter machine&quot;,&quot;width&quot;:&quot;0&quot;,&quot;_legend&quot;:&quot;{score}\\\/{best} - ({count} {votes})&quot;,&quot;font_factor&quot;:&quot;1.25&quot;}'>              <div class=\"kksr-stars\">      <div class=\"kksr-stars-inactive\">             <div class=\"kksr-star\" data-star=\"1\" style=\"padding-right: 5px\">               <div class=\"kksr-icon\" style=\"width: 24px; height: 24px;\"><\/div>         <\/div>             <div class=\"kksr-star\" data-star=\"2\" style=\"padding-right: 5px\">               <div class=\"kksr-icon\" style=\"width: 24px; height: 24px;\"><\/div>         <\/div>             <div class=\"kksr-star\" data-star=\"3\" style=\"padding-right: 5px\">               <div class=\"kksr-icon\" style=\"width: 24px; height: 24px;\"><\/div>         <\/div>             <div class=\"kksr-star\" data-star=\"4\" style=\"padding-right: 5px\">               <div class=\"kksr-icon\" style=\"width: 24px; height: 24px;\"><\/div>         <\/div>             <div class=\"kksr-star\" data-star=\"5\" style=\"padding-right: 5px\">               <div class=\"kksr-icon\" style=\"width: 24px; height: 24px;\"><\/div>         <\/div>     <\/div>      <div class=\"kksr-stars-active\" style=\"width: 0px;\">             <div class=\"kksr-star\" style=\"padding-right: 5px\">               <div class=\"kksr-icon\" style=\"width: 24px; height: 24px;\"><\/div>         <\/div>             <div class=\"kksr-star\" style=\"padding-right: 5px\">               <div class=\"kksr-icon\" style=\"width: 24px; height: 24px;\"><\/div>         <\/div>             <div class=\"kksr-star\" style=\"padding-right: 5px\">               <div class=\"kksr-icon\" style=\"width: 24px; height: 24px;\"><\/div>         <\/div>             <div class=\"kksr-star\" style=\"padding-right: 5px\">               <div class=\"kksr-icon\" style=\"width: 24px; height: 24px;\"><\/div>         <\/div>             <div class=\"kksr-star\" style=\"padding-right: 5px\">               <div class=\"kksr-icon\" style=\"width: 24px; height: 24px;\"><\/div>         <\/div>     <\/div> <\/div>                   <div class=\"kksr-legend\" style=\"font-size: 19.2px;\">             <span class=\"kksr-muted\">Avalie este produto<\/span>     <\/div>     <\/div>  <p>A m\u00e1quina de cortar frango pode cortar frango, pato e peixe em peda\u00e7os. E n\u00e3o apenas corta carne fresca, mas tamb\u00e9m carne congelada. Simulando o estado de corte manual de carne, e n\u00e3o produzir\u00e1 carne mo\u00edda. \u00c9 limpa, higi\u00eanica e simples de operar.<\/p>    <p class=\"translation-block\">Assim, \u00e9 adequado para uso em plantas de processamento de alimentos e grandes refeit\u00f3rios. Matadouros, processamento individual, <a href=\"https:\/\/en.wikipedia.org\/wiki\/Supermarket\" target=\"_blank\" rel=\"noopener\">supermercados<\/a>, restaurantes e outros locais tamb\u00e9m podem ser usados.<\/p>    <h2 class=\"wp-block-heading\">Exibi\u00e7\u00e3o funcional da m\u00e1quina de cortar frango<\/h2>    <figure class=\"wp-block-embed is-type-video is-provider-youtube wp-block-embed-youtube wp-embed-aspect-16-9 wp-has-aspect-ratio\"><div class=\"wp-block-embed__wrapper\"> <iframe loading=\"lazy\" title=\"m\u00e1quina de cortar frango|m\u00e1quina de cortar frango |m\u00e1quina de cubos de frango|fatiador de frango\" width=\"500\" height=\"281\" src=\"https:\/\/www.youtube.com\/embed\/H23aHETKtas?feature=oembed\" frameborder=\"0\" allow=\"accelerometer; autoplay; clipboard-write; encrypted-media; gyroscope; picture-in-picture; web-share\" referrerpolicy=\"strict-origin-when-cross-origin\" allowfullscreen><\/iframe> <\/div><figcaption class=\"wp-element-caption\">M\u00e1quina de Cortar Frango<\/figcaption><\/figure>    <h2 class=\"wp-block-heading\" id=\"h-advantages-of-the-chicken-cutter-machine\">Vantagens da m\u00e1quina de cortar frango<\/h2>    <ol class=\"wp-block-list\"> <li>A m\u00e1quina cortadora de frango pode colocar um frango inteiro, um pato inteiro ou uma ganso inteiro diretamente. Isso proporciona \u00e0 nossa f\u00e1brica de processamento uma grande conveni\u00eancia, economiza custos de processamento e economiza tempo e esfor\u00e7o. Pode fornecer uma grande ajuda no processo de produ\u00e7\u00e3o e processamento.<\/li>    <li>A m\u00e1quina de cortar carne de frango \u00e9 feita de a\u00e7o inoxid\u00e1vel 304, que tem a vantagem de ser robusta e dur\u00e1vel.<\/li>    <li>Esta m\u00e1quina pode cortar n\u00e3o apenas frango, mas tamb\u00e9m cordeiro, porco, carne bovina e muitas outras carnes.<\/li>    <li>O cortador de carne de frango adota tecnologia de corte avan\u00e7ada, que pode cortar rapidamente e com precis\u00e3o a carne de frango em peda\u00e7os de tamanho uniforme.<\/li>    <li>A m\u00e1quina de cortar carne de frango \u00e9 simples de operar e f\u00e1cil de usar. Apenas um operador \u00e9 necess\u00e1rio para colocar manualmente o frango na esteira transportadora, e a m\u00e1quina realizar\u00e1 automaticamente o trabalho de corte e transporte.<\/li>    <li>A parte de corte da m\u00e1quina \u00e9 projetada com prote\u00e7\u00f5es, que podem evitar efetivamente les\u00f5es acidentais durante o uso.<\/li> <\/ol>    <h2 class=\"wp-block-heading\">Par\u00e2metros da m\u00e1quina de cortar frango<\/h2>    <ul class=\"wp-block-list\"> <li>Capacidade: 600-800kg\/h &nbsp;<\/li>    <li>Pot\u00eancia: 2,2kw &nbsp;&nbsp;<\/li>    <li>Tens\u00e3o: 220v &nbsp;<\/li>    <li>Dimens\u00e3o: 1300*600*1050mm &nbsp;&nbsp;<\/li>    <li>Peso: 240 kg<\/li> <\/ul>    <h2 class=\"wp-block-heading\" id=\"h-advantages-of-the-chicken-cutter-machine\">Caracter\u00edsticas da m\u00e1quina de cortar frango em cubos<\/h2>    <figure class=\"wp-block-image size-large is-resized\"><img loading=\"lazy\" decoding=\"async\" width=\"729\" height=\"774\" src=\"https:\/\/www.meatprocessingmachine.org\/wp-content\/uploads\/2021\/06\/d59431659ce79e1ceacf222d82589ce.png\" alt=\"\" class=\"wp-image-1364\" style=\"object-fit:cover;width:720px;height:540px\" title=\"\" srcset=\"https:\/\/www.meatprocessingmachine.org\/wp-content\/uploads\/2021\/06\/d59431659ce79e1ceacf222d82589ce.png 729w, https:\/\/www.meatprocessingmachine.org\/wp-content\/uploads\/2021\/06\/d59431659ce79e1ceacf222d82589ce-283x300.png 283w\" sizes=\"auto, (max-width: 729px) 100vw, 729px\" \/><figcaption><\/figcaption><\/figure>    <p>Quando a m\u00e1quina corta as mat\u00e9rias-primas, n\u00e3o h\u00e1 perda de carne, n\u00e3o h\u00e1 carne mo\u00edda, e a superf\u00edcie cortada \u00e9 muito lisa e organizada. \u00c9 conveniente para vendas diretas ap\u00f3s o processamento. Al\u00e9m disso, a m\u00e1quina de cortar frango simula o corte manual em se\u00e7\u00f5es, a qualidade \u00e9 melhor do que a manual, e o comprimento do corte pode ser ajustado, o que \u00e9 muito conveniente. A velocidade de trabalho da m\u00e1quina de cortar frango \u00e9 de 60 vezes por minuto, o que proporciona uma alta efici\u00eancia de trabalho.<\/p>    <h2 class=\"wp-block-heading\" id=\"h-the-structure-of-the-chicken-cubing-machine\">A estrutura da m\u00e1quina de cortar frango<\/h2>    <figure class=\"wp-block-image size-full is-resized\"><img loading=\"lazy\" decoding=\"async\" width=\"714\" height=\"621\" src=\"https:\/\/www.meatprocessingmachine.org\/wp-content\/uploads\/2021\/09\/Chicken-Cutting-Machine.png\" alt=\"Detalhes da M\u00e1quina de Cortar Frango\" class=\"wp-image-1941\" style=\"object-fit:cover;width:720px;height:540px\" title=\"\" srcset=\"https:\/\/www.meatprocessingmachine.org\/wp-content\/uploads\/2021\/09\/Chicken-Cutting-Machine.png 714w, https:\/\/www.meatprocessingmachine.org\/wp-content\/uploads\/2021\/09\/Chicken-Cutting-Machine-300x261.png 300w\" sizes=\"auto, (max-width: 714px) 100vw, 714px\" \/><figcaption class=\"wp-element-caption\">Detalhes da M\u00e1quina de Cortar Frango<\/figcaption><\/figure>    <p>O produto \u00e9 composto principalmente por um chassi, motor, correia transportadora, facas, etc. O material da faca da m\u00e1quina de cortar frango \u00e9 75cr1. Acima de tudo, esse material \u00e9 seguro e resistente ao desgaste. Por exemplo, pode ser usado por muito tempo sem enferrujar. Existem dois tipos diferentes de correias para m\u00e1quinas de cortar frango.<\/p>    <h2 class=\"wp-block-heading\" id=\"h-chain-conveyor-belt\">Correia transportadora da m\u00e1quina de cortar frango <\/h2>    <p>A correia de contato com alimentos \u00e9 uma placa de PE, que \u00e9 segura quando em contato com alimentos. Al\u00e9m disso, o transportador \u00e9 seccionado, e a carne pode se separar na porta de descarga para evitar a ades\u00e3o.<\/p>    <figure class=\"wp-block-image size-full is-resized\"><img loading=\"lazy\" decoding=\"async\" width=\"720\" height=\"540\" src=\"https:\/\/www.meatprocessingmachine.org\/wp-content\/uploads\/2021\/09\/Chicken-Cutting-Machine-4.jpg\" alt=\"M\u00e1quina de Cortar Frango\" class=\"wp-image-1940\" style=\"object-fit:cover;width:720px;height:540px\" title=\"\" srcset=\"https:\/\/www.meatprocessingmachine.org\/wp-content\/uploads\/2021\/09\/Chicken-Cutting-Machine-4.jpg 720w, https:\/\/www.meatprocessingmachine.org\/wp-content\/uploads\/2021\/09\/Chicken-Cutting-Machine-4-300x225.jpg 300w\" sizes=\"auto, (max-width: 720px) 100vw, 720px\" \/><figcaption class=\"wp-element-caption\">M\u00e1quina de Cortar Frango<\/figcaption><\/figure>    <h2 class=\"wp-block-heading\" id=\"h-what-can-the-chicken-cutter-machine-cut\">O que a m\u00e1quina de cortar frango pode cortar?<\/h2>    <p>A m\u00e1quina cortadora de frango \u00e9 principalmente adequada para cortar carne com cartilagem, como frango inteiro, pato e peixe. Al\u00e9m disso, diversos tipos de carne congelada ou fresca. Portanto, a aplicabilidade da m\u00e1quina de cortar frango \u00e9 muito ampla. Ela pode ser formada diretamente em blocos. Ao economizar m\u00e3o de obra, tamb\u00e9m \u00e9 mais limpa e higi\u00eanica, al\u00e9m de ter alta efici\u00eancia de trabalho.<\/p>    <figure class=\"wp-block-image size-large is-resized\"><img loading=\"lazy\" decoding=\"async\" width=\"1024\" height=\"768\" src=\"https:\/\/www.meatprocessingmachine.org\/wp-content\/uploads\/2021\/09\/Cut-chicken-stock-1024x768.jpg\" alt=\"m\u00e1quina de cortar frango\" class=\"wp-image-1942\" style=\"object-fit:cover;width:720px;height:540px\" title=\"\" srcset=\"https:\/\/www.meatprocessingmachine.org\/wp-content\/uploads\/2021\/09\/Cut-chicken-stock-1024x768.jpg 1024w, https:\/\/www.meatprocessingmachine.org\/wp-content\/uploads\/2021\/09\/Cut-chicken-stock-300x225.jpg 300w, https:\/\/www.meatprocessingmachine.org\/wp-content\/uploads\/2021\/09\/Cut-chicken-stock-768x576.jpg 768w, https:\/\/www.meatprocessingmachine.org\/wp-content\/uploads\/2021\/09\/Cut-chicken-stock-1536x1152.jpg 1536w, https:\/\/www.meatprocessingmachine.org\/wp-content\/uploads\/2021\/09\/Cut-chicken-stock-2048x1536.jpg 2048w\" sizes=\"auto, (max-width: 1024px) 100vw, 1024px\" \/><figcaption class=\"wp-element-caption\">  M\u00e1quina de Cortar Frango <\/figcaption><\/figure>    <h2 class=\"wp-block-heading\" id=\"h-advantages-of-the-chicken-cutter-machine\">A embalagem da m\u00e1quina de cortar frango<\/h2>    <p class=\"translation-block\">M\u00e1quinas de corte de frango s\u00e3o embaladas em caixas de madeira durante o transporte, o que protege o corpo contra danos. Nossa empresa tem muita experi\u00eancia em exporta\u00e7\u00e3o, e pessoal especializado acompanhar\u00e1 o processo de transporte. Em outras, nossa empresa tamb\u00e9m tem muitas outras m\u00e1quinas, como m\u00e1quinas de corte em tiras, <a href=\"https:\/\/www.meatprocessingmachine.org\/pt\/meat-roll-cutting-machine.html\/\" data-type=\"URL\" data-id=\"https:\/\/www.meatprocessingmachine.org\/meat-roll-cutting-machine.html\">m\u00e1quinas de rolo e corte de carne<\/a>, e <a href=\"https:\/\/www.meatprocessingmachine.org\/pt\/sausage-binding-tying-machine.html\/\" data-type=\"URL\" data-id=\"https:\/\/www.meatprocessingmachine.org\/sausage-binding-tying-machine.html\">m\u00e1quinas de salsicha<\/a>. Bem-vindo a entrar em contato conosco.<\/p>","protected":false},"excerpt":{"rendered":"<p>A m\u00e1quina cortadora de frango pode cortar frango, pato, ganso, peixe, v\u00e1rias carnes congeladas e carnes frescas em blocos, simulando o estado de corte manual de carne, e n\u00e3o produzir\u00e1 carne mo\u00edda. \u00c9 limpa e higi\u00eanica, de opera\u00e7\u00e3o simples, e adequada para processamento de alimentos usado em f\u00e1bricas, cantinas grandes, frigor\u00edficos, processamento individual, supermercados, restaurantes e outros lugares.<\/p>","protected":false},"author":1,"featured_media":1938,"parent":0,"template":"","product-type":[583],"class_list":["post-1346","product","type-product","status-publish","has-post-thumbnail","hentry","product-type-chicken-turkey"],"_links":{"self":[{"href":"https:\/\/www.meatprocessingmachine.org\/pt\/wp-json\/wp\/v2\/product\/1346","targetHints":{"allow":["GET"]}}],"collection":[{"href":"https:\/\/www.meatprocessingmachine.org\/pt\/wp-json\/wp\/v2\/product"}],"about":[{"href":"https:\/\/www.meatprocessingmachine.org\/pt\/wp-json\/wp\/v2\/types\/product"}],"author":[{"embeddable":true,"href":"https:\/\/www.meatprocessingmachine.org\/pt\/wp-json\/wp\/v2\/users\/1"}],"wp:featuredmedia":[{"embeddable":true,"href":"https:\/\/www.meatprocessingmachine.org\/pt\/wp-json\/wp\/v2\/media\/1938"}],"wp:attachment":[{"href":"https:\/\/www.meatprocessingmachine.org\/pt\/wp-json\/wp\/v2\/media?parent=1346"}],"wp:term":[{"taxonomy":"product-type","embeddable":true,"href":"https:\/\/www.meatprocessingmachine.org\/pt\/wp-json\/wp\/v2\/product-type?post=1346"}],"curies":[{"name":"wp","href":"https:\/\/api.w.org\/{rel}","templated":true}]}}