{"id":1448,"date":"2021-06-25T09:52:29","date_gmt":"2021-06-25T01:52:29","guid":{"rendered":"https:\/\/www.meatprocessingmachine.org\/?p=1448"},"modified":"2026-02-12T16:44:14","modified_gmt":"2026-02-12T08:44:14","slug":"meatball-making-machinemeatball-forming-machine","status":"publish","type":"product","link":"https:\/\/www.meatprocessingmachine.org\/pt\/meatball-making-machinemeatball-forming-machine.html","title":{"rendered":"M\u00e1quina de Fazer Alm\u00f4ndegas | M\u00e1quina de Formar Alm\u00f4ndegas"},"content":{"rendered":"<div class=\"kk-star-ratings kksr-auto kksr-align-right kksr-valign-top\"     data-payload='{&quot;align&quot;:&quot;right&quot;,&quot;id&quot;:&quot;1448&quot;,&quot;slug&quot;:&quot;default&quot;,&quot;valign&quot;:&quot;top&quot;,&quot;ignore&quot;:&quot;&quot;,&quot;reference&quot;:&quot;auto&quot;,&quot;class&quot;:&quot;&quot;,&quot;count&quot;:&quot;0&quot;,&quot;legendonly&quot;:&quot;&quot;,&quot;readonly&quot;:&quot;&quot;,&quot;score&quot;:&quot;0&quot;,&quot;starsonly&quot;:&quot;&quot;,&quot;best&quot;:&quot;5&quot;,&quot;gap&quot;:&quot;5&quot;,&quot;greet&quot;:&quot;Rate this product&quot;,&quot;legend&quot;:&quot;0\\\/5 - (0 voto)&quot;,&quot;size&quot;:&quot;24&quot;,&quot;title&quot;:&quot;Meatball Making Machine | Meatball Forming Machine&quot;,&quot;width&quot;:&quot;0&quot;,&quot;_legend&quot;:&quot;{score}\\\/{best} - ({count} {votes})&quot;,&quot;font_factor&quot;:&quot;1.25&quot;}'>              <div class=\"kksr-stars\">      <div class=\"kksr-stars-inactive\">             <div class=\"kksr-star\" data-star=\"1\" style=\"padding-right: 5px\">               <div class=\"kksr-icon\" style=\"width: 24px; height: 24px;\"><\/div>         <\/div>             <div class=\"kksr-star\" data-star=\"2\" style=\"padding-right: 5px\">               <div class=\"kksr-icon\" style=\"width: 24px; height: 24px;\"><\/div>         <\/div>             <div class=\"kksr-star\" data-star=\"3\" style=\"padding-right: 5px\">               <div class=\"kksr-icon\" style=\"width: 24px; height: 24px;\"><\/div>         <\/div>             <div class=\"kksr-star\" data-star=\"4\" style=\"padding-right: 5px\">               <div class=\"kksr-icon\" style=\"width: 24px; height: 24px;\"><\/div>         <\/div>             <div class=\"kksr-star\" data-star=\"5\" style=\"padding-right: 5px\">               <div class=\"kksr-icon\" style=\"width: 24px; height: 24px;\"><\/div>         <\/div>     <\/div>      <div class=\"kksr-stars-active\" style=\"width: 0px;\">             <div class=\"kksr-star\" style=\"padding-right: 5px\">               <div class=\"kksr-icon\" style=\"width: 24px; height: 24px;\"><\/div>         <\/div>             <div class=\"kksr-star\" style=\"padding-right: 5px\">               <div class=\"kksr-icon\" style=\"width: 24px; height: 24px;\"><\/div>         <\/div>             <div class=\"kksr-star\" style=\"padding-right: 5px\">               <div class=\"kksr-icon\" style=\"width: 24px; height: 24px;\"><\/div>         <\/div>             <div class=\"kksr-star\" style=\"padding-right: 5px\">               <div class=\"kksr-icon\" style=\"width: 24px; height: 24px;\"><\/div>         <\/div>             <div class=\"kksr-star\" style=\"padding-right: 5px\">               <div class=\"kksr-icon\" style=\"width: 24px; height: 24px;\"><\/div>         <\/div>     <\/div> <\/div>                   <div class=\"kksr-legend\" style=\"font-size: 19.2px;\">             <span class=\"kksr-muted\">Avalie este produto<\/span>     <\/div>     <\/div>  <p>A m\u00e1quina de fazer alm\u00f4ndegas \u00e9 uma m\u00e1quina que pode moldar alm\u00f4ndegas em forma de bola. A m\u00e1quina comercial de alm\u00f4ndegas pode utilizar uma grande quantidade de mat\u00e9rias-primas. Voc\u00ea pode usar v\u00e1rios tipos de carne, como porco, carne bovina, carne de cordeiro, peixe e frutos do mar. E voc\u00ea tamb\u00e9m pode adicionar algumas batatas e outros vegetais. <\/p>    <p>Al\u00e9m disso, a m\u00e1quina de fazer alm\u00f4ndegas simula o princ\u00edpio das alm\u00f4ndegas artificiais. Ap\u00f3s a fabrica\u00e7\u00e3o, elas s\u00e3o fritas ou cozidas no vapor para se tornarem alimentos. Nossa m\u00e1quina comercial de fazer alm\u00f4ndegas pode ajud\u00e1-lo a fazer v\u00e1rios sabores de alm\u00f4ndegas. Descreveremos esta m\u00e1quina em detalhes neste artigo.<\/p>    <figure class=\"wp-block-image size-large\"><img loading=\"lazy\" decoding=\"async\" width=\"750\" height=\"750\" src=\"https:\/\/www.meatprocessingmachine.org\/wp-content\/uploads\/2021\/06\/6-1.jpg\" alt=\"M\u00e1quina de Fazer Alm\u00f4ndegas\" class=\"wp-image-1460\" title=\"\" srcset=\"https:\/\/www.meatprocessingmachine.org\/wp-content\/uploads\/2021\/06\/6-1.jpg 750w, https:\/\/www.meatprocessingmachine.org\/wp-content\/uploads\/2021\/06\/6-1-300x300.jpg 300w, https:\/\/www.meatprocessingmachine.org\/wp-content\/uploads\/2021\/06\/6-1-150x150.jpg 150w\" sizes=\"auto, (max-width: 750px) 100vw, 750px\" \/><figcaption><\/figcaption><\/figure>    <h2 class=\"wp-block-heading\">V\u00eddeo mostrando a m\u00e1quina de formar alm\u00f4ndegas<\/h2>    <figure class=\"wp-block-embed is-type-video is-provider-youtube wp-block-embed-youtube wp-embed-aspect-4-3 wp-has-aspect-ratio\"><div class=\"wp-block-embed__wrapper\"> <iframe loading=\"lazy\" title=\"m\u00e1quina de fazer alm\u00f4ndegasM\u00e1quina de Formar Alm\u00f4ndegasm\u00e1quina de alm\u00f4ndega\" width=\"500\" height=\"375\" src=\"https:\/\/www.youtube.com\/embed\/kp1zxVYV68g?feature=oembed\" frameborder=\"0\" allow=\"accelerometer; autoplay; clipboard-write; encrypted-media; gyroscope; picture-in-picture; web-share\" referrerpolicy=\"strict-origin-when-cross-origin\" allowfullscreen><\/iframe> <\/div><figcaption class=\"wp-element-caption\">Fabrica\u00e7\u00e3o de Alm\u00f4ndegas <\/figcaption><\/figure>    <h2 class=\"wp-block-heading\" id=\"h-advantages-of-meatball-machine\">Vantagens da m\u00e1quina de fazer alm\u00f4ndegas<\/h2>    <ol class=\"wp-block-list\"> <li>As alm\u00f4ndegas t\u00eam boa elasticidade e n\u00e3o se desmanchar\u00e3o ap\u00f3s um longo tempo de fervura<\/li>    <li>O di\u00e2metro das bolas pode ser ajustado<\/li>    <li>A velocidade das bolas saindo \u00e9 ajust\u00e1vel<\/li>    <li>A m\u00e1quina \u00e9 feita de a\u00e7o inoxid\u00e1vel, o que a torna mais segura e dur\u00e1vel<\/li>    <li>A m\u00e1quina ocupa um pequeno espa\u00e7o e pode ser colocada de forma flex\u00edvel<\/li> <\/ol>    <figure class=\"wp-block-image size-large\"><img loading=\"lazy\" decoding=\"async\" width=\"750\" height=\"419\" src=\"https:\/\/www.meatprocessingmachine.org\/wp-content\/uploads\/2021\/06\/meatball-machine-9.jpg\" alt=\"\" class=\"wp-image-1469\" title=\"\" srcset=\"https:\/\/www.meatprocessingmachine.org\/wp-content\/uploads\/2021\/06\/meatball-machine-9.jpg 750w, https:\/\/www.meatprocessingmachine.org\/wp-content\/uploads\/2021\/06\/meatball-machine-9-300x168.jpg 300w\" sizes=\"auto, (max-width: 750px) 100vw, 750px\" \/><figcaption><\/figcaption><\/figure>    <h2 class=\"wp-block-heading\" id=\"h-what-are-the-raw-materials-for-making-meatballs\">Quais s\u00e3o as mat\u00e9rias-primas para fazer alm\u00f4ndegas?<\/h2>    <p class=\"translation-block\">As mat\u00e9rias-primas para fazer alm\u00f4ndegas s\u00e3o muito ricas. Podem ser carne de porco, carne bovina, carne de cordeiro, peixe, etc., como os principais ingredientes. Voc\u00ea tamb\u00e9m pode adicionar alguns ingredientes, como adicionar migalhas de p\u00e3o, cebolas, <a href=\"https:\/\/en.wikipedia.org\/wiki\/Cheese\" target=\"_blank\" rel=\"noopener\">queijo<\/a> ou manteiga. Como as mat\u00e9rias-primas que podem ser adicionadas s\u00e3o relativamente livres, as alm\u00f4ndegas podem ser feitas de acordo com as caracter\u00edsticas locais de cada regi\u00e3o.<\/p>    <h2 class=\"wp-block-heading\" id=\"h-meatball-machine-use-steps\">A m\u00e1quina de fazer alm\u00f4ndegas utiliza etapas<\/h2>    <p>Coloque a mistura de carne preparada no barril da m\u00e1quina de fazer alm\u00f4ndegas e, em seguida, ligue a m\u00e1quina. Assim, as alm\u00f4ndegas sair\u00e3o automaticamente da porta de descarga. Quando as alm\u00f4ndegas sa\u00edrem, podem ser conectadas diretamente \u00e0 panela para fritar ou ferver. Al\u00e9m disso, pode ser conectada ao tanque de \u00e1gua morna para congelamento posterior, etc., o que \u00e9 conveniente para vendas futuras.<\/p>   <div class=\"wp-block-image\"> <figure class=\"aligncenter size-full\"><img loading=\"lazy\" decoding=\"async\" width=\"980\" height=\"375\" src=\"https:\/\/www.meatprocessingmachine.org\/wp-content\/uploads\/2021\/06\/meatball-forming-machine-details.webp\" alt=\"detalhes da m\u00e1quina de formar alm\u00f4ndegas\" class=\"wp-image-34396\" title=\"\" srcset=\"https:\/\/www.meatprocessingmachine.org\/wp-content\/uploads\/2021\/06\/meatball-forming-machine-details.webp 980w, https:\/\/www.meatprocessingmachine.org\/wp-content\/uploads\/2021\/06\/meatball-forming-machine-details-300x115.webp 300w, https:\/\/www.meatprocessingmachine.org\/wp-content\/uploads\/2021\/06\/meatball-forming-machine-details-768x294.webp 768w, https:\/\/www.meatprocessingmachine.org\/wp-content\/uploads\/2021\/06\/meatball-forming-machine-details-18x7.webp 18w\" sizes=\"auto, (max-width: 980px) 100vw, 980px\" \/><figcaption class=\"wp-element-caption\">Detalhes da m\u00e1quina de formar alm\u00f4ndegas<\/figcaption><\/figure> <\/div>   <h2 class=\"wp-block-heading\" id=\"h-two-types-of-meatball-machines\">Dois tipos de m\u00e1quinas formadoras de alm\u00f4ndegas<\/h2>    <h3 class=\"wp-block-heading\" id=\"h-1-sandwich-meatballs\">Alm\u00f4ndegas para sandu\u00edche<\/h3>    <p>A m\u00e1quina de formar alm\u00f4ndegas para sandu\u00edches pode fazer recheios e coloc\u00e1-los nas bolas. A casca das bolas pode ser diferente do recheio no meio. Esse tipo de alm\u00f4ndega tem um sabor mais rico. A m\u00e1quina funciona com duas aberturas ao mesmo tempo, assim pode realizar o recheio.<\/p>    <figure class=\"wp-block-image size-large\"><img loading=\"lazy\" decoding=\"async\" width=\"750\" height=\"617\" src=\"https:\/\/www.meatprocessingmachine.org\/wp-content\/uploads\/2021\/06\/meatball-machine-2.jpg\" alt=\"M\u00e1quina de fazer alm\u00f4ndegas para sandu\u00edches\" class=\"wp-image-1458\" title=\"\" srcset=\"https:\/\/www.meatprocessingmachine.org\/wp-content\/uploads\/2021\/06\/meatball-machine-2.jpg 750w, https:\/\/www.meatprocessingmachine.org\/wp-content\/uploads\/2021\/06\/meatball-machine-2-300x247.jpg 300w\" sizes=\"auto, (max-width: 750px) 100vw, 750px\" \/><figcaption><\/figcaption><\/figure>    <h3 class=\"wp-block-heading\" id=\"h-2-solid-meatball-machine\">M\u00e1quina de alm\u00f4ndega s\u00f3lida<\/h3>    <p>A m\u00e1quina formadora de alm\u00f4ndegas s\u00f3lidas possui apenas um balde. Claro, as alm\u00f4ndegas inteiras produzidas s\u00e3o um tipo de mat\u00e9ria-prima, ent\u00e3o, ao comprar a m\u00e1quina, voc\u00ea pode escolher de acordo com seus produtos.<\/p>    <h2 class=\"wp-block-heading\" id=\"h-meatball-machine-parameters\">Par\u00e2metros da m\u00e1quina de fazer alm\u00f4ndegas<\/h2>    <ul class=\"wp-block-list\"> <li>Tamanho: 850*650*1750mm<\/li>    <li>Peso: 125kg<\/li>    <li>Voltagem: 220v\/380v 50hz<\/li>    <li>Pot\u00eancia: 3kw<\/li>    <li>Di\u00e2metro: menos de 40mm<\/li>    <li>Pode fazer alm\u00f4ndega de carne: capacidade de 500-600pcs\/minuto<\/li>    <li>Tamanho do molde: 18+20+22+24+26 mm (a m\u00e1quina cont\u00e9m 3 pe\u00e7as de molde)<\/li> <\/ul>    <h2 class=\"wp-block-heading\" id=\"h-precautions-for-making-meatballs\">Precau\u00e7\u00f5es para fazer alm\u00f4ndegas<\/h2>    <ul class=\"wp-block-list\"> <li>A m\u00e1quina de fazer alm\u00f4ndegas deve ser colocada em um local est\u00e1vel, e a fonte de energia e o fio de aterramento devem ser instalados para garantir a seguran\u00e7a.<\/li>    <li>Limpe-a antes de usar, ligue a m\u00e1quina vazia primeiro e observe o funcionamento normal antes de come\u00e7ar a trabalhar.<\/li>    <li>Coloque uma bacia grande na boca das alm\u00f4ndegas e depois encha-a com \u00e1gua morna, 60~70 graus Celsius \u00e9 adequado<\/li>    <li>O peso do produto \u00e9 de 8-25 gramas\/pe\u00e7a, e a quantidade de recheio, bem como a velocidade de produ\u00e7\u00e3o, podem ser ajustados automaticamente. A produ\u00e7\u00e3o m\u00e1xima pode atingir 200-300kg\/h, o que equivale \u00e0 efici\u00eancia de 12 a 18 trabalhadores ao mesmo tempo.<\/li>    <li>A estrutura de automa\u00e7\u00e3o \u00e9 razo\u00e1vel e pode ser operada por uma ou duas pessoas.<\/li> <\/ul>    <h2 class=\"wp-block-heading\" id=\"h-related-meat-machines\">M\u00e1quinas relacionadas a carne<\/h2>    <div class=\"wp-block-columns is-layout-flex wp-container-core-columns-is-layout-9d6595d7 wp-block-columns-is-layout-flex\"> <div class=\"wp-block-column is-layout-flow wp-block-column-is-layout-flow\"> <figure class=\"wp-block-image size-full\"><a href=\"https:\/\/www.meatprocessingmachine.org\/pt\/chicken-breast-slicer-machine-meat-cutting-machinery-for-meat-slices-strips.html\/\"><img loading=\"lazy\" decoding=\"async\" width=\"720\" height=\"540\" src=\"https:\/\/www.meatprocessingmachine.org\/wp-content\/uploads\/2021\/12\/Chicken-breast-cutter-machine.png\" alt=\"m\u00e1quina de cortar peito de frango\" class=\"wp-image-32518\" title=\"\" srcset=\"https:\/\/www.meatprocessingmachine.org\/wp-content\/uploads\/2021\/12\/Chicken-breast-cutter-machine.png 720w, https:\/\/www.meatprocessingmachine.org\/wp-content\/uploads\/2021\/12\/Chicken-breast-cutter-machine-300x225.png 300w\" sizes=\"auto, (max-width: 720px) 100vw, 720px\" \/><\/a><figcaption class=\"wp-element-caption\">M\u00e1quina de Cortar Peito de Frango<\/figcaption><\/figure> <\/div>    <div class=\"wp-block-column is-layout-flow wp-block-column-is-layout-flow\"> <figure class=\"wp-block-image size-full\"><a href=\"https:\/\/www.meatprocessingmachine.org\/pt\/how-about-fish-fillet-machine-for-salmon.html\/\"><img loading=\"lazy\" decoding=\"async\" width=\"720\" height=\"540\" src=\"https:\/\/www.meatprocessingmachine.org\/wp-content\/uploads\/2022\/01\/fish-filleting-machine-.png\" alt=\"m\u00e1quina de filetar peixe\" class=\"wp-image-32567\" title=\"\" srcset=\"https:\/\/www.meatprocessingmachine.org\/wp-content\/uploads\/2022\/01\/fish-filleting-machine-.png 720w, https:\/\/www.meatprocessingmachine.org\/wp-content\/uploads\/2022\/01\/fish-filleting-machine--300x225.png 300w\" sizes=\"auto, (max-width: 720px) 100vw, 720px\" \/><\/a><figcaption class=\"wp-element-caption\">M\u00e1quina de filetar peixe<\/figcaption><\/figure> <\/div> <\/div>","protected":false},"excerpt":{"rendered":"<p>A m\u00e1quina de fazer alm\u00f4ndegas \u00e9 uma m\u00e1quina que pode moldar alm\u00f4ndegas em forma de bola. Voc\u00ea pode usar v\u00e1rias carnes e vegetais como mat\u00e9rias-primas.<\/p>","protected":false},"author":1,"featured_media":1660,"parent":0,"template":"","product-type":[582,583,584,598],"class_list":["post-1448","product","type-product","status-publish","has-post-thumbnail","hentry","product-type-cattle-sheep","product-type-chicken-turkey","product-type-fish","product-type-supporting-auxiliary-equipment"],"_links":{"self":[{"href":"https:\/\/www.meatprocessingmachine.org\/pt\/wp-json\/wp\/v2\/product\/1448","targetHints":{"allow":["GET"]}}],"collection":[{"href":"https:\/\/www.meatprocessingmachine.org\/pt\/wp-json\/wp\/v2\/product"}],"about":[{"href":"https:\/\/www.meatprocessingmachine.org\/pt\/wp-json\/wp\/v2\/types\/product"}],"author":[{"embeddable":true,"href":"https:\/\/www.meatprocessingmachine.org\/pt\/wp-json\/wp\/v2\/users\/1"}],"wp:featuredmedia":[{"embeddable":true,"href":"https:\/\/www.meatprocessingmachine.org\/pt\/wp-json\/wp\/v2\/media\/1660"}],"wp:attachment":[{"href":"https:\/\/www.meatprocessingmachine.org\/pt\/wp-json\/wp\/v2\/media?parent=1448"}],"wp:term":[{"taxonomy":"product-type","embeddable":true,"href":"https:\/\/www.meatprocessingmachine.org\/pt\/wp-json\/wp\/v2\/product-type?post=1448"}],"curies":[{"name":"wp","href":"https:\/\/api.w.org\/{rel}","templated":true}]}}