{"id":152,"date":"2018-10-25T06:53:40","date_gmt":"2018-10-24T22:53:40","guid":{"rendered":"http:\/\/www.meatprocessingmachine.org\/?p=152"},"modified":"2026-02-12T16:11:00","modified_gmt":"2026-02-12T08:11:00","slug":"meat-smoking-oven","status":"publish","type":"product","link":"https:\/\/www.meatprocessingmachine.org\/pt\/meat-smoking-oven.html","title":{"rendered":"M\u00e1quina autom\u00e1tica de defuma\u00e7\u00e3o de carne para defumar peixe, lingui\u00e7a"},"content":{"rendered":"<div class=\"kk-star-ratings kksr-auto kksr-align-right kksr-valign-top\"     data-payload='{&quot;align&quot;:&quot;right&quot;,&quot;id&quot;:&quot;152&quot;,&quot;slug&quot;:&quot;default&quot;,&quot;valign&quot;:&quot;top&quot;,&quot;ignore&quot;:&quot;&quot;,&quot;reference&quot;:&quot;auto&quot;,&quot;class&quot;:&quot;&quot;,&quot;count&quot;:&quot;0&quot;,&quot;legendonly&quot;:&quot;&quot;,&quot;readonly&quot;:&quot;&quot;,&quot;score&quot;:&quot;0&quot;,&quot;starsonly&quot;:&quot;&quot;,&quot;best&quot;:&quot;5&quot;,&quot;gap&quot;:&quot;5&quot;,&quot;greet&quot;:&quot;Rate this product&quot;,&quot;legend&quot;:&quot;0\\\/5 - (0 voto)&quot;,&quot;size&quot;:&quot;24&quot;,&quot;title&quot;:&quot;Automatic meat smoking machine for smoking fish, sausage&quot;,&quot;width&quot;:&quot;0&quot;,&quot;_legend&quot;:&quot;{score}\\\/{best} - ({count} {votes})&quot;,&quot;font_factor&quot;:&quot;1.25&quot;}'>              <div class=\"kksr-stars\">      <div class=\"kksr-stars-inactive\">             <div class=\"kksr-star\" data-star=\"1\" style=\"padding-right: 5px\">               <div class=\"kksr-icon\" style=\"width: 24px; height: 24px;\"><\/div>         <\/div>             <div class=\"kksr-star\" data-star=\"2\" style=\"padding-right: 5px\">               <div class=\"kksr-icon\" style=\"width: 24px; height: 24px;\"><\/div>         <\/div>             <div class=\"kksr-star\" data-star=\"3\" style=\"padding-right: 5px\">               <div class=\"kksr-icon\" style=\"width: 24px; height: 24px;\"><\/div>         <\/div>             <div class=\"kksr-star\" data-star=\"4\" style=\"padding-right: 5px\">               <div class=\"kksr-icon\" style=\"width: 24px; height: 24px;\"><\/div>         <\/div>             <div class=\"kksr-star\" data-star=\"5\" style=\"padding-right: 5px\">               <div class=\"kksr-icon\" style=\"width: 24px; height: 24px;\"><\/div>         <\/div>     <\/div>      <div class=\"kksr-stars-active\" style=\"width: 0px;\">             <div class=\"kksr-star\" style=\"padding-right: 5px\">               <div class=\"kksr-icon\" style=\"width: 24px; height: 24px;\"><\/div>         <\/div>             <div class=\"kksr-star\" style=\"padding-right: 5px\">               <div class=\"kksr-icon\" style=\"width: 24px; height: 24px;\"><\/div>         <\/div>             <div class=\"kksr-star\" style=\"padding-right: 5px\">               <div class=\"kksr-icon\" style=\"width: 24px; height: 24px;\"><\/div>         <\/div>             <div class=\"kksr-star\" style=\"padding-right: 5px\">               <div class=\"kksr-icon\" style=\"width: 24px; height: 24px;\"><\/div>         <\/div>             <div class=\"kksr-star\" style=\"padding-right: 5px\">               <div class=\"kksr-icon\" style=\"width: 24px; height: 24px;\"><\/div>         <\/div>     <\/div> <\/div>                   <div class=\"kksr-legend\" style=\"font-size: 19.2px;\">             <span class=\"kksr-muted\">Avalie este produto<\/span>     <\/div>     <\/div>  <p class=\"translation-block\">A <strong>m\u00e1quina autom\u00e1tica de defuma\u00e7\u00e3o de carne<\/strong> tem as fun\u00e7\u00f5es de cozinhar, secar, defumar, limpar e prote\u00e7\u00e3o de seguran\u00e7a. O sistema de circula\u00e7\u00e3o de ar exclusivo do <a href=\"https:\/\/www.meatprocessingmachine.org\/pt\/info\/food-smoking-machine-introduction\/\" data-type=\"URL\" data-id=\"https:\/\/www.meatprocessingmachine.org\/info\/food-smoking-machine-introduction\/\">forno defumador<\/a> garante efetivamente a consist\u00eancia de temperatura e umidade durante o cozimento, secagem, defuma\u00e7\u00e3o e outros processos do produto, garantindo assim a cor e a apar\u00eancia do produto. Esta m\u00e1quina de defuma\u00e7\u00e3o de carne \u00e9 aplicada para defumar peixe, frango, lingui\u00e7a e outras carnes.<\/p>    <h2 class=\"wp-block-heading\" id=\"h-industrial-meat-smoking-machine-overview\">Vis\u00e3o geral da m\u00e1quina industrial de defuma\u00e7\u00e3o de carne<\/h2>    <p class=\"translation-block\"><strong>Aplica\u00e7\u00e3o<\/strong>: A m\u00e1quina de defuma\u00e7\u00e3o de carne \u00e9 usada principalmente para defumar, colorir e dar sabor a v\u00e1rios tipos de carne. <a href=\"https:\/\/www.meatprocessingmachine.org\/pt\/info\/what-food-items-can-you-smoke\/\" data-type=\"URL\" data-id=\"https:\/\/www.meatprocessingmachine.org\/info\/what-food-items-can-you-smoke\/\">Pode ser aplicada a v\u00e1rias lingui\u00e7as, peixes, frangos, queijos e outros produtos.<\/a><\/p>    <p class=\"translation-block\"><strong>M\u00e9todo de aquecimento<\/strong>: aquecimento el\u00e9trico, aquecimento a vapor<\/p>    <p class=\"translation-block\"><strong>M\u00e9todo de fuma\u00e7a<\/strong>: fuma\u00e7a interna, fuma\u00e7a externa<\/p>    <p class=\"translation-block\"><strong>M\u00e9todo de fuma\u00e7a<\/strong>: fuma\u00e7a fria, fuma\u00e7a quente, fuma\u00e7a morna<\/p>    <p class=\"translation-block\"><strong>Estrutura de composi\u00e7\u00e3o<\/strong>: A m\u00e1quina inclui principalmente um corpo de forno, sistema de aquecimento, sistema de ar circulante e sistema de controle el\u00e9trico.<\/p>    <p class=\"translation-block\"><strong>Fun\u00e7\u00e3o<\/strong>: A m\u00e1quina tem as fun\u00e7\u00f5es de aquecimento, secagem, defuma\u00e7\u00e3o, exaust\u00e3o, etc.<\/p>    <figure class=\"wp-block-image size-full\"><img loading=\"lazy\" decoding=\"async\" width=\"750\" height=\"750\" src=\"https:\/\/www.meatprocessingmachine.org\/wp-content\/uploads\/2021\/08\/smoking-machine-2.jpg\" alt=\"m\u00e1quina de fumar\" class=\"wp-image-1791\" title=\"\" srcset=\"https:\/\/www.meatprocessingmachine.org\/wp-content\/uploads\/2021\/08\/smoking-machine-2.jpg 750w, https:\/\/www.meatprocessingmachine.org\/wp-content\/uploads\/2021\/08\/smoking-machine-2-300x300.jpg 300w, https:\/\/www.meatprocessingmachine.org\/wp-content\/uploads\/2021\/08\/smoking-machine-2-150x150.jpg 150w\" sizes=\"auto, (max-width: 750px) 100vw, 750px\" \/><figcaption class=\"wp-element-caption\">M\u00e1quina de defumar<\/figcaption><\/figure>    <h2 class=\"wp-block-heading\" id=\"h-automatic-meat-smoking-oven-working-principle\">princ\u00edpio de funcionamento do forno autom\u00e1tico de defuma\u00e7\u00e3o de carne<\/h2>    <p>O forno de defuma\u00e7\u00e3o de carne \u00e9 controlado por um computador. Ele possui m\u00faltiplos par\u00e2metros para exibir na tela da interface ao mesmo tempo para monitorar o estado de opera\u00e7\u00e3o. Ele pode realizar controle remoto. E h\u00e1 receitas impressas, curvas de temperatura, umidade e armazena 100 processos de receitas dentro da m\u00e1quina.<\/p>    <h2 class=\"wp-block-heading\" id=\"h-commercial-fish-smoking-machine-technical\">Especifica\u00e7\u00f5es t\u00e9cnicas da m\u00e1quina comercial de defuma\u00e7\u00e3o de carne<\/h2>    <figure class=\"wp-block-table\"><table><tbody><tr><td>Modelo<\/td><td>Tamanho<\/td><td>Capacidade<\/td><td>Pot\u00eancia<\/td><td>Peso<\/td><\/tr><tr><td>TZ30<\/td><td>800 * 800 * 1600<\/td><td>30kg<\/td><td>4,75kw<\/td><td>330kg<\/td><\/tr><tr><td>TZ50<\/td><td>1000 * 1000 * 1850<\/td><td>50kg<\/td><td>6,5kw<\/td><td>400kg<\/td><\/tr><tr><td>TZ100<\/td><td>1380 * 1340 * 1950<\/td><td>100kg<\/td><td>12,5kw<\/td><td>750kg<\/td><\/tr><tr><td>TZ250<\/td><td>1350 * 1510 * 3000<\/td><td>250kg<\/td><td>5,5kw<\/td><td>1900kg<\/td><\/tr><tr><td>TZ500<\/td><td>2400 * 1510 * 3000<\/td><td>500kg<\/td><td>10kw<\/td><td>2800kg<\/td><\/tr><\/tbody><\/table><figcaption class=\"wp-element-caption\">m\u00e1quina de defuma\u00e7\u00e3o de carne<\/figcaption><\/figure>    <hr class=\"wp-block-separator has-css-opacity\"\/>    <figure class=\"wp-block-image size-full is-resized\"><img loading=\"lazy\" decoding=\"async\" src=\"https:\/\/www.meatprocessingmachine.org\/wp-content\/uploads\/2021\/08\/smoking-food.jpg\" alt=\"defuma\u00e7\u00e3o de alimentos\" class=\"wp-image-1792\" style=\"width:720px;height:540px\" width=\"720\" height=\"540\" title=\"\"><figcaption class=\"wp-element-caption\">Defuma\u00e7\u00e3o de Alimentos<\/figcaption><\/figure>    <h2 class=\"wp-block-heading\" id=\"h-industrial-meat-smoking-machine-advantages\">Vantagens da m\u00e1quina de defuma\u00e7\u00e3o de carne industrial<\/h2>    <ul class=\"wp-block-list\"> <li>N\u00e3o cont\u00e9m 3, 4-<a href=\"https:\/\/en.wikipedia.org\/wiki\/Benzopyrene\" target=\"_blank\" rel=\"noopener\">benzopireno <\/a>carcin\u00f3genos, tornando a comida defumada segura e confi\u00e1vel;<\/li>    <li>Reduzir o investimento de m\u00e9todos tradicionais em plantas, equipamentos e outros aspectos;<\/li>    <li>O forno de defumar carne pode realizar mecaniza\u00e7\u00e3o, eletrifica\u00e7\u00e3o, opera\u00e7\u00f5es de produ\u00e7\u00e3o cont\u00ednuas e melhorar significativamente a efici\u00eancia da produ\u00e7\u00e3o;<\/li>    <li>O <a href=\"https:\/\/www.meatprocessingmachine.org\/pt\/info\/price-of-meat-smoker-machine\/\">pre\u00e7o da m\u00e1quina de defumar carne<\/a> \u00e9 econ\u00f4mico.<\/li>    <li>Sua tecnologia de produ\u00e7\u00e3o \u00e9 simples, f\u00e1cil de operar, tem um curto tempo de defuma\u00e7\u00e3o e baixa intensidade de trabalho, n\u00e3o polui o meio ambiente. E a carne defumada possui caracter\u00edsticas de anticorros\u00e3o, conserva\u00e7\u00e3o da frescura e preserva\u00e7\u00e3o da qualidade.<\/li> <\/ul>    <h2 class=\"wp-block-heading\" id=\"h-structure-description\">Descri\u00e7\u00e3o da estrutura<\/h2>    <figure class=\"wp-block-image size-large is-resized\"><img loading=\"lazy\" decoding=\"async\" src=\"https:\/\/www.meatprocessingmachine.org\/wp-content\/uploads\/2021\/08\/smoking-machine-details-1-702x1024.jpg\" alt=\"detalhes da m\u00e1quina de defuma\u00e7\u00e3o\" class=\"wp-image-1795\" style=\"width:735px;height:1072px\" width=\"735\" height=\"1072\" title=\"\" srcset=\"https:\/\/www.meatprocessingmachine.org\/wp-content\/uploads\/2021\/08\/smoking-machine-details-1-702x1024.jpg 702w, https:\/\/www.meatprocessingmachine.org\/wp-content\/uploads\/2021\/08\/smoking-machine-details-1-206x300.jpg 206w, https:\/\/www.meatprocessingmachine.org\/wp-content\/uploads\/2021\/08\/smoking-machine-details-1.jpg 750w\" sizes=\"auto, (max-width: 735px) 100vw, 735px\" \/><figcaption class=\"wp-element-caption\">Detalhes da M\u00e1quina de Fumar<\/figcaption><\/figure>    <p>A m\u00e1quina \u00e9 composta por um corpo de forno, sistema de aquecimento el\u00e9trico, sistema de ar circulante, sistema de fuma\u00e7a e sistema de controle el\u00e9trico.<\/p>    <p><br>1. Corpo do forno: todos os componentes no corpo do forno e a parede externa s\u00e3o feitos de a\u00e7o inoxid\u00e1vel, resistente \u00e0 corros\u00e3o.<\/p>    <p>2. Sistema de aquecimento el\u00e9trico: \u00e9 composto por cozimento e secagem. A parte de secagem: liga o aquecimento el\u00e9trico, o g\u00e1s quente troca calor atrav\u00e9s do trocador de calor no forno, e os produtos no forno s\u00e3o assados. Parte de cozimento: \u00e9 alimentada pelo sistema de vapor externo e aquece diretamente os produtos no forno.<\/p>    <p>3. Sistema de ar circulante: a parte superior do forno \u00e9 equipada com um ventilador el\u00e9trico. Alta pot\u00eancia e grande volume de ar garantem o aumento da temperatura no forno, tornam a temperatura uniforme em todos os lugares e garantem que a qualidade dos produtos seja est\u00e1vel e confi\u00e1vel.<\/p>    <p>4. Sistema de fuma\u00e7a: coloque os pellets de madeira defumada na placa de aquecimento na c\u00e2mara de fuma\u00e7a, e a fuma\u00e7a gerada ser\u00e1 enviada para o forno para defumar os produtos atrav\u00e9s do tubo de fuma\u00e7a.<\/p>    <p>5. Sistema de controle el\u00e9trico: adote interface homem-m\u00e1quina avan\u00e7ada e controlador program\u00e1vel, controle e monitoramento totalmente autom\u00e1ticos de cada processo, opera\u00e7\u00e3o confi\u00e1vel e f\u00e1cil opera\u00e7\u00e3o, boa performance \u00e0 prova d'\u00e1gua.<\/p>    <h2 class=\"wp-block-heading\" id=\"h-how-to-smoke-sausage-with-a-sausage-smoker\">Como defumar lingui\u00e7a com um defumador de lingui\u00e7a?<\/h2>    <figure class=\"wp-block-embed is-type-video is-provider-youtube wp-block-embed-youtube\"><div class=\"wp-block-embed__wrapper\"> <iframe loading=\"lazy\" title=\"Voc\u00ea gosta de defumar alimentos | M\u00e1quina autom\u00e1tica de defuma\u00e7\u00e3o de carne para lingui\u00e7a, frango e peixe\" width=\"500\" height=\"281\" src=\"https:\/\/www.youtube.com\/embed\/Cv3rWUK_TEc?start=2&#038;feature=oembed\" frameborder=\"0\" allow=\"accelerometer; autoplay; clipboard-write; encrypted-media; gyroscope; picture-in-picture; web-share\" referrerpolicy=\"strict-origin-when-cross-origin\" allowfullscreen><\/iframe> <\/div><\/figure>    <p>Usar a m\u00e1quina de defumar carne para defumar salsichas envolve principalmente o trabalho de prepara\u00e7\u00e3o e a produ\u00e7\u00e3o formal. O trabalho de prepara\u00e7\u00e3o antes de iniciar o funcionamento desempenha um papel vital na defuma\u00e7\u00e3o de toda a salsicha.<\/p>    <h3 class=\"wp-block-heading\" id=\"h-preparation\">Prepara\u00e7\u00e3o<\/h3>    <ol class=\"wp-block-list\" type=\"1\"> <li>Antes de ligar a m\u00e1quina, verifique se todas as partes da m\u00e1quina est\u00e3o soltas e anormais. Ap\u00f3s confirmar que as partes n\u00e3o est\u00e3o soltas e anormais, pode-se iniciar o trabalho de prepara\u00e7\u00e3o.<\/li>    <li>Coloque a madeira na c\u00e2mara de defuma\u00e7\u00e3o do defumador para acender e certifique-se de que a fuma\u00e7a passe pelo defumador.<\/li>    <li>Adicione \u00e1gua limpa ao sistema de limpeza do defumador, inicie um programa de limpeza e a bomba de limpeza come\u00e7ar\u00e1 a funcionar.<\/li>    <li>Ap\u00f3s limpar toda a parte interna da caixa do defumador, voc\u00ea pode colocar a lingui\u00e7a na caixa do defumador para defumar.<\/li> <\/ol>    <figure class=\"wp-block-image size-full is-resized\"><img loading=\"lazy\" decoding=\"async\" src=\"https:\/\/www.meatprocessingmachine.org\/wp-content\/uploads\/2021\/08\/smoking-machine-shipping.jpg\" alt=\"envio da m\u00e1quina de defuma\u00e7\u00e3o\" class=\"wp-image-1794\" style=\"width:590px;height:673px\" width=\"590\" height=\"673\" title=\"\" srcset=\"https:\/\/www.meatprocessingmachine.org\/wp-content\/uploads\/2021\/08\/smoking-machine-shipping.jpg 750w, https:\/\/www.meatprocessingmachine.org\/wp-content\/uploads\/2021\/08\/smoking-machine-shipping-263x300.jpg 263w\" sizes=\"auto, (max-width: 590px) 100vw, 590px\" \/><figcaption class=\"wp-element-caption\">Envio da M\u00e1quina de Fumar<\/figcaption><\/figure>    <h3 class=\"wp-block-heading\" id=\"h-production-and-processing\">Produ\u00e7\u00e3o e processamento<\/h3>    <p>O defumador utiliza um painel de controle inteligente para operar as v\u00e1rias etapas da m\u00e1quina. Portanto, os clientes podem definir o tempo e a fase de defuma\u00e7\u00e3o de acordo com as caracter\u00edsticas das mat\u00e9rias-primas para defuma\u00e7\u00e3o. Insira o tempo, a temperatura e outros indicadores no painel de controle e a m\u00e1quina funcionar\u00e1 automaticamente. Ap\u00f3s concluir todos os programas de defuma\u00e7\u00e3o definidos, a m\u00e1quina desligar\u00e1 automaticamente.<\/p>","protected":false},"excerpt":{"rendered":"<p>A m\u00e1quina industrial de defuma\u00e7\u00e3o de carne \u00e9 amplamente utilizada no sabor, cor e aroma de salsichas, peixes e outras carnes. Ela utiliza um painel de controle PLC inteligente para controlar todo o processo de defuma\u00e7\u00e3o.<\/p>","protected":false},"author":1,"featured_media":1798,"parent":0,"template":"","product-type":[584],"class_list":["post-152","product","type-product","status-publish","has-post-thumbnail","hentry","product-type-fish"],"_links":{"self":[{"href":"https:\/\/www.meatprocessingmachine.org\/pt\/wp-json\/wp\/v2\/product\/152","targetHints":{"allow":["GET"]}}],"collection":[{"href":"https:\/\/www.meatprocessingmachine.org\/pt\/wp-json\/wp\/v2\/product"}],"about":[{"href":"https:\/\/www.meatprocessingmachine.org\/pt\/wp-json\/wp\/v2\/types\/product"}],"author":[{"embeddable":true,"href":"https:\/\/www.meatprocessingmachine.org\/pt\/wp-json\/wp\/v2\/users\/1"}],"wp:featuredmedia":[{"embeddable":true,"href":"https:\/\/www.meatprocessingmachine.org\/pt\/wp-json\/wp\/v2\/media\/1798"}],"wp:attachment":[{"href":"https:\/\/www.meatprocessingmachine.org\/pt\/wp-json\/wp\/v2\/media?parent=152"}],"wp:term":[{"taxonomy":"product-type","embeddable":true,"href":"https:\/\/www.meatprocessingmachine.org\/pt\/wp-json\/wp\/v2\/product-type?post=152"}],"curies":[{"name":"wp","href":"https:\/\/api.w.org\/{rel}","templated":true}]}}