{"id":1635,"date":"2021-08-10T17:09:29","date_gmt":"2021-08-10T09:09:29","guid":{"rendered":"https:\/\/www.meatprocessingmachine.org\/?p=1635"},"modified":"2026-02-12T16:09:05","modified_gmt":"2026-02-12T08:09:05","slug":"dz-260-desktop-vacuum-packing-machine-for-sealing","status":"publish","type":"product","link":"https:\/\/www.meatprocessingmachine.org\/pt\/dz-260-desktop-vacuum-packing-machine-for-sealing.html","title":{"rendered":"M\u00e1quina de embalagem a v\u00e1cuo de mesa DZ-260 para selagem"},"content":{"rendered":"<div class=\"kk-star-ratings kksr-auto kksr-align-right kksr-valign-top\"     data-payload='{&quot;align&quot;:&quot;right&quot;,&quot;id&quot;:&quot;1635&quot;,&quot;slug&quot;:&quot;default&quot;,&quot;valign&quot;:&quot;top&quot;,&quot;ignore&quot;:&quot;&quot;,&quot;reference&quot;:&quot;auto&quot;,&quot;class&quot;:&quot;&quot;,&quot;count&quot;:&quot;0&quot;,&quot;legendonly&quot;:&quot;&quot;,&quot;readonly&quot;:&quot;&quot;,&quot;score&quot;:&quot;0&quot;,&quot;starsonly&quot;:&quot;&quot;,&quot;best&quot;:&quot;5&quot;,&quot;gap&quot;:&quot;5&quot;,&quot;greet&quot;:&quot;Rate this product&quot;,&quot;legend&quot;:&quot;0\\\/5 - (0 voto)&quot;,&quot;size&quot;:&quot;24&quot;,&quot;title&quot;:&quot;DZ-260 Desktop vacuum packing machine for sealing&quot;,&quot;width&quot;:&quot;0&quot;,&quot;_legend&quot;:&quot;{score}\\\/{best} - ({count} {votes})&quot;,&quot;font_factor&quot;:&quot;1.25&quot;}'>              <div class=\"kksr-stars\">      <div class=\"kksr-stars-inactive\">             <div class=\"kksr-star\" data-star=\"1\" style=\"padding-right: 5px\">               <div class=\"kksr-icon\" style=\"width: 24px; height: 24px;\"><\/div>         <\/div>             <div class=\"kksr-star\" data-star=\"2\" style=\"padding-right: 5px\">               <div class=\"kksr-icon\" style=\"width: 24px; height: 24px;\"><\/div>         <\/div>             <div class=\"kksr-star\" data-star=\"3\" style=\"padding-right: 5px\">               <div class=\"kksr-icon\" style=\"width: 24px; height: 24px;\"><\/div>         <\/div>             <div class=\"kksr-star\" data-star=\"4\" style=\"padding-right: 5px\">               <div class=\"kksr-icon\" style=\"width: 24px; height: 24px;\"><\/div>         <\/div>             <div class=\"kksr-star\" data-star=\"5\" style=\"padding-right: 5px\">               <div class=\"kksr-icon\" style=\"width: 24px; height: 24px;\"><\/div>         <\/div>     <\/div>      <div class=\"kksr-stars-active\" style=\"width: 0px;\">             <div class=\"kksr-star\" style=\"padding-right: 5px\">               <div class=\"kksr-icon\" style=\"width: 24px; height: 24px;\"><\/div>         <\/div>             <div class=\"kksr-star\" style=\"padding-right: 5px\">               <div class=\"kksr-icon\" style=\"width: 24px; height: 24px;\"><\/div>         <\/div>             <div class=\"kksr-star\" style=\"padding-right: 5px\">               <div class=\"kksr-icon\" style=\"width: 24px; height: 24px;\"><\/div>         <\/div>             <div class=\"kksr-star\" style=\"padding-right: 5px\">               <div class=\"kksr-icon\" style=\"width: 24px; height: 24px;\"><\/div>         <\/div>             <div class=\"kksr-star\" style=\"padding-right: 5px\">               <div class=\"kksr-icon\" style=\"width: 24px; height: 24px;\"><\/div>         <\/div>     <\/div> <\/div>                   <div class=\"kksr-legend\" style=\"font-size: 19.2px;\">             <span class=\"kksr-muted\">Avalie este produto<\/span>     <\/div>     <\/div>  <p class=\"translation-block\"> A m\u00e1quina de embalagem a v\u00e1cuo de mesa \u00e9 uma m\u00e1quina que pode vacuar materiais. A m\u00e1quina de embalagem a v\u00e1cuo de mesa pode ser aplicada tanto a produtos secos quanto molhados, para alimentos s\u00f3lidos, l\u00edquidos, em p\u00f3 e em pasta, gr\u00e3os, frutas, frutas em conserva e produtos qu\u00edmicos. Componentes eletr\u00f4nicos, instrumentos de precis\u00e3o, metais raros, etc. para embalagem a v\u00e1cuo. A embalagem a v\u00e1cuo \u00e9 muito comum na vida, esse m\u00e9todo tamb\u00e9m \u00e9 simples e pr\u00e1tico, e \u00e9 amado por muitos fabricantes. Al\u00e9m disso, tamb\u00e9m temos muitos tipos de <a href=\"https:\/\/www.meatprocessingmachine.org\/pt\/vacuum-packing-machine.html\/\">m\u00e1quinas de embalagem a v\u00e1cuo<\/a> para escolher.<\/p>    <h2 class=\"wp-block-heading\" id=\"h-how-to-use-desktop-vacuum-packing-machine\">Como usar a m\u00e1quina de embalagem a v\u00e1cuo de mesa<\/h2>    <figure class=\"wp-block-embed is-type-video is-provider-youtube wp-block-embed-youtube\"><div class=\"wp-block-embed__wrapper\"> <iframe loading=\"lazy\" title=\"m\u00e1quina de embalagem a v\u00e1cuo | seladora a v\u00e1cuo para alimentos\" width=\"500\" height=\"281\" src=\"https:\/\/www.youtube.com\/embed\/2CWP6Zl_GKg?start=8&#038;feature=oembed\" frameborder=\"0\" allow=\"accelerometer; autoplay; clipboard-write; encrypted-media; gyroscope; picture-in-picture; web-share\" referrerpolicy=\"strict-origin-when-cross-origin\" allowfullscreen><\/iframe> <\/div><\/figure>    <p>O uso de embalagens a v\u00e1cuo \u00e9 muito simples. Primeiro de tudo, voc\u00ea precisa colocar os itens a serem embalados dentro do saco de embalagem, posicionar a abertura na seladora da m\u00e1quina e, em seguida, ligar o interruptor. A m\u00e1quina come\u00e7ar\u00e1 a funcionar e completar\u00e1 o processo ap\u00f3s extrair o ar do saco de embalagem at\u00e9 o grau de v\u00e1cuo predeterminado, e finalmente a m\u00e1quina concluir\u00e1 o processo de selagem.<\/p>    <h2 class=\"wp-block-heading\">O papel da embalagem a v\u00e1cuo<\/h2>    <figure class=\"wp-block-image size-full\"><img loading=\"lazy\" decoding=\"async\" width=\"750\" height=\"934\" src=\"https:\/\/www.meatprocessingmachine.org\/wp-content\/uploads\/2021\/08\/product-of-vacuum-packing.jpg\" alt=\"produto de embalagem a v\u00e1cuo\" class=\"wp-image-1639\" title=\"\" srcset=\"https:\/\/www.meatprocessingmachine.org\/wp-content\/uploads\/2021\/08\/product-of-vacuum-packing.jpg 750w, https:\/\/www.meatprocessingmachine.org\/wp-content\/uploads\/2021\/08\/product-of-vacuum-packing-241x300.jpg 241w\" sizes=\"auto, (max-width: 750px) 100vw, 750px\" \/><figcaption>Produto de Embalagem a V\u00e1cuo<\/figcaption><\/figure>    <p>A fun\u00e7\u00e3o principal da embalagem a v\u00e1cuo \u00e9 prolongar a vida \u00fatil dos alimentos e prevenir mofo e deteriora\u00e7\u00e3o. A fun\u00e7\u00e3o principal da embalagem a v\u00e1cuo \u00e9 remover o oxig\u00eanio do saco de embalagem para que os alimentos fiquem expostos ao oxig\u00eanio o m\u00ednimo poss\u00edvel, reduzindo a taxa de oxida\u00e7\u00e3o dos alimentos. O outro aspecto \u00e9 prevenir o crescimento de bact\u00e9rias. Existem muitas bact\u00e9rias no ar. Se um ambiente de crescimento adequado for fornecido, as bact\u00e9rias se multiplicar\u00e3o em um curto per\u00edodo de tempo, acelerando a deteriora\u00e7\u00e3o dos alimentos. Devido \u00e0 boa estanqueidade da embalagem a v\u00e1cuo, ela pode evitar que os alimentos percam umidade at\u00e9 certo ponto e manter o sabor original dos alimentos quando s\u00e3o produzidos pela primeira vez. Portanto, a embalagem a v\u00e1cuo se tornou uma parte essencial da vida.<\/p>    <figure class=\"wp-block-image size-full\"><img loading=\"lazy\" decoding=\"async\" width=\"750\" height=\"750\" src=\"https:\/\/www.meatprocessingmachine.org\/wp-content\/uploads\/2021\/08\/vacuum-packing-machine-2.jpg\" alt=\"m\u00e1quina de embalagem a v\u00e1cuo\" class=\"wp-image-1641\" title=\"\" srcset=\"https:\/\/www.meatprocessingmachine.org\/wp-content\/uploads\/2021\/08\/vacuum-packing-machine-2.jpg 750w, https:\/\/www.meatprocessingmachine.org\/wp-content\/uploads\/2021\/08\/vacuum-packing-machine-2-300x300.jpg 300w, https:\/\/www.meatprocessingmachine.org\/wp-content\/uploads\/2021\/08\/vacuum-packing-machine-2-150x150.jpg 150w\" sizes=\"auto, (max-width: 750px) 100vw, 750px\" \/><figcaption>M\u00e1quina de Embalagem a V\u00e1cuo<\/figcaption><\/figure>    <h2 class=\"wp-block-heading\">Par\u00e2metros da m\u00e1quina de embalagem de mesa<\/h2>    <figure class=\"wp-block-table\"><table><tbody><tr><td>modelo<\/td><td>DZ260<\/td><\/tr><tr><td>Fonte de Alimenta\u00e7\u00e3o<\/td><td>220V \/ 110V 50\/60HZ<\/td><\/tr><tr><td>Pot\u00eancia da bomba de v\u00e1cuo<\/td><td>370W<\/td><\/tr><tr><td>Pot\u00eancia de veda\u00e7\u00e3o<\/td><td>200 mm<\/td><\/tr><tr><td>Menor press\u00e3o absoluta<\/td><td>1Kpa<\/td><\/tr><tr><td>Posi\u00e7\u00e3o de selagem<\/td><td>1 Pe\u00e7a (Fita de veda\u00e7\u00e3o)<\/td><\/tr><tr><td>Tamanho da c\u00e2mara de v\u00e1cuo<\/td><td>340*300*50mm<\/td><\/tr><tr><td>Tamanho da selagem<\/td><td>260*8mm<\/td><\/tr><tr><td>peso<\/td><td>35KG<\/td><\/tr><tr><td>Tamanho da m\u00e1quina<\/td><td>480*330*360mm<\/td><\/tr><\/tbody><\/table><figcaption>M\u00e1quina de embalagem a v\u00e1cuo de mesa<\/figcaption><\/figure>    <h2 class=\"wp-block-heading\">Vantagens da m\u00e1quina de embalagem a v\u00e1cuo de mesa<\/h2>    <figure class=\"wp-block-image size-full\"><img loading=\"lazy\" decoding=\"async\" width=\"750\" height=\"831\" src=\"https:\/\/www.meatprocessingmachine.org\/wp-content\/uploads\/2021\/08\/Vacuum-packaging-machine-details.jpg\" alt=\"Detalhes da m\u00e1quina de embalagem a v\u00e1cuo\" class=\"wp-image-1642\" title=\"\" srcset=\"https:\/\/www.meatprocessingmachine.org\/wp-content\/uploads\/2021\/08\/Vacuum-packaging-machine-details.jpg 750w, https:\/\/www.meatprocessingmachine.org\/wp-content\/uploads\/2021\/08\/Vacuum-packaging-machine-details-271x300.jpg 271w\" sizes=\"auto, (max-width: 750px) 100vw, 750px\" \/><figcaption>Detalhes da m\u00e1quina de embalagem a v\u00e1cuo<\/figcaption><\/figure>    <p>1. Esta s\u00e9rie de m\u00e1quinas de embalagem a v\u00e1cuo pode v\u00e1cuo, selar, imprimir e resfriar ao mesmo tempo. Este produto \u00e9 adequado para embalagem a v\u00e1cuo de alimentos, medicamentos, produtos aqu\u00e1ticos, mat\u00e9rias-primas qu\u00edmicas, componentes eletr\u00f4nicos e outros produtos para prevenir a oxida\u00e7\u00e3o e o mofo do produto. Anticorros\u00e3o, \u00e0 prova de umidade, qualidade e frescor, prolonga o per\u00edodo de armazenamento dos produtos.<\/p>    <p>2. A m\u00e1quina de embalagem a v\u00e1cuo de mesa possui caracter\u00edsticas de tamanho pequeno, baixo consumo de energia, tempo de bombeamento curto, etc., sendo adequada para a embalagem de itens pequenos.<\/p>    <p>3. O sistema possui as vantagens de controle preciso, forte capacidade de anti-interfer\u00eancia e boa estabilidade. Todas as configura\u00e7\u00f5es s\u00e3o feitas diretamente no painel, sem a necessidade de ajustar outros componentes.<\/p>    <p>4. A m\u00e1quina de embalagem a v\u00e1cuo de mesa possui caracter\u00edsticas de tamanho pequeno, baixo consumo de energia, tempo de bombeamento curto, etc., sendo adequada para embalar itens pequenos.<\/p>","protected":false},"excerpt":{"rendered":"<p>A m\u00e1quina de embalagem a v\u00e1cuo de mesa \u00e9 uma m\u00e1quina que pode v\u00e1cuo materiais. A m\u00e1quina de embalagem a v\u00e1cuo de mesa pode ser aplicada a produtos secos e molhados, para alimentos s\u00f3lidos, l\u00edquidos, em p\u00f3 e pastosos, gr\u00e3os, frutas, frutas em conserva e produtos qu\u00edmicos. Componentes eletr\u00f4nicos, instrumentos de precis\u00e3o, metais raros, etc. para embalagem a v\u00e1cuo. A embalagem a v\u00e1cuo \u00e9 muito comum na vida, esse m\u00e9todo tamb\u00e9m \u00e9 simples e pr\u00e1tico, e \u00e9 amado por muitos fabricantes. Al\u00e9m disso, tamb\u00e9m temos muitos tipos de m\u00e1quinas de embalagem a v\u00e1cuo para escolher.<\/p>","protected":false},"author":1,"featured_media":1638,"parent":0,"template":"","product-type":[596],"class_list":["post-1635","product","type-product","status-publish","has-post-thumbnail","hentry","product-type-meat-packaging-equipment"],"_links":{"self":[{"href":"https:\/\/www.meatprocessingmachine.org\/pt\/wp-json\/wp\/v2\/product\/1635","targetHints":{"allow":["GET"]}}],"collection":[{"href":"https:\/\/www.meatprocessingmachine.org\/pt\/wp-json\/wp\/v2\/product"}],"about":[{"href":"https:\/\/www.meatprocessingmachine.org\/pt\/wp-json\/wp\/v2\/types\/product"}],"author":[{"embeddable":true,"href":"https:\/\/www.meatprocessingmachine.org\/pt\/wp-json\/wp\/v2\/users\/1"}],"wp:featuredmedia":[{"embeddable":true,"href":"https:\/\/www.meatprocessingmachine.org\/pt\/wp-json\/wp\/v2\/media\/1638"}],"wp:attachment":[{"href":"https:\/\/www.meatprocessingmachine.org\/pt\/wp-json\/wp\/v2\/media?parent=1635"}],"wp:term":[{"taxonomy":"product-type","embeddable":true,"href":"https:\/\/www.meatprocessingmachine.org\/pt\/wp-json\/wp\/v2\/product-type?post=1635"}],"curies":[{"name":"wp","href":"https:\/\/api.w.org\/{rel}","templated":true}]}}