{"id":1855,"date":"2021-08-31T17:22:25","date_gmt":"2021-08-31T09:22:25","guid":{"rendered":"https:\/\/www.meatprocessingmachine.org\/?p=1855"},"modified":"2023-02-17T15:16:02","modified_gmt":"2023-02-17T07:16:02","slug":"chicken-bone-grinder-best-meat-grinder-for-grinding-bones","status":"publish","type":"product","link":"https:\/\/www.meatprocessingmachine.org\/pt\/chicken-bone-grinder-best-meat-grinder-for-grinding-bones.html","title":{"rendered":"Melhor Moedor de Carne para Moer Ossos | Moedor de Ossos de Frango"},"content":{"rendered":"<div class=\"kk-star-ratings kksr-auto kksr-align-right kksr-valign-top\"     data-payload='{&quot;align&quot;:&quot;right&quot;,&quot;id&quot;:&quot;1855&quot;,&quot;slug&quot;:&quot;default&quot;,&quot;valign&quot;:&quot;top&quot;,&quot;ignore&quot;:&quot;&quot;,&quot;reference&quot;:&quot;auto&quot;,&quot;class&quot;:&quot;&quot;,&quot;count&quot;:&quot;0&quot;,&quot;legendonly&quot;:&quot;&quot;,&quot;readonly&quot;:&quot;&quot;,&quot;score&quot;:&quot;0&quot;,&quot;starsonly&quot;:&quot;&quot;,&quot;best&quot;:&quot;5&quot;,&quot;gap&quot;:&quot;5&quot;,&quot;greet&quot;:&quot;Rate this product&quot;,&quot;legend&quot;:&quot;0\\\/5 - (0 voto)&quot;,&quot;size&quot;:&quot;24&quot;,&quot;title&quot;:&quot;Best Meat Grinder for Grinding Bones | Chicken Bone Grinder&quot;,&quot;width&quot;:&quot;0&quot;,&quot;_legend&quot;:&quot;{score}\\\/{best} - ({count} {votes})&quot;,&quot;font_factor&quot;:&quot;1.25&quot;}'>              <div class=\"kksr-stars\">      <div class=\"kksr-stars-inactive\">             <div class=\"kksr-star\" data-star=\"1\" style=\"padding-right: 5px\">               <div class=\"kksr-icon\" style=\"width: 24px; height: 24px;\"><\/div>         <\/div>             <div class=\"kksr-star\" data-star=\"2\" style=\"padding-right: 5px\">               <div class=\"kksr-icon\" style=\"width: 24px; height: 24px;\"><\/div>         <\/div>             <div class=\"kksr-star\" data-star=\"3\" style=\"padding-right: 5px\">               <div class=\"kksr-icon\" style=\"width: 24px; height: 24px;\"><\/div>         <\/div>             <div class=\"kksr-star\" data-star=\"4\" style=\"padding-right: 5px\">               <div class=\"kksr-icon\" style=\"width: 24px; height: 24px;\"><\/div>         <\/div>             <div class=\"kksr-star\" data-star=\"5\" style=\"padding-right: 5px\">               <div class=\"kksr-icon\" style=\"width: 24px; height: 24px;\"><\/div>         <\/div>     <\/div>      <div class=\"kksr-stars-active\" style=\"width: 0px;\">             <div class=\"kksr-star\" style=\"padding-right: 5px\">               <div class=\"kksr-icon\" style=\"width: 24px; height: 24px;\"><\/div>         <\/div>             <div class=\"kksr-star\" style=\"padding-right: 5px\">               <div class=\"kksr-icon\" style=\"width: 24px; height: 24px;\"><\/div>         <\/div>             <div class=\"kksr-star\" style=\"padding-right: 5px\">               <div class=\"kksr-icon\" style=\"width: 24px; height: 24px;\"><\/div>         <\/div>             <div class=\"kksr-star\" style=\"padding-right: 5px\">               <div class=\"kksr-icon\" style=\"width: 24px; height: 24px;\"><\/div>         <\/div>             <div class=\"kksr-star\" style=\"padding-right: 5px\">               <div class=\"kksr-icon\" style=\"width: 24px; height: 24px;\"><\/div>         <\/div>     <\/div> <\/div>                   <div class=\"kksr-legend\" style=\"font-size: 19.2px;\">             <span class=\"kksr-muted\">Avalie este produto<\/span>     <\/div>     <\/div>  <p>Um moedor de ossos de aves \u00e9 uma m\u00e1quina que pode moer carne com ossos. Podemos colocar diretamente algumas partes de frango, peixe, aves, etc. no moedor de ossos de aves para processamento, a fim de fornecer aos c\u00e3es ou outros suplementos. Para a produ\u00e7\u00e3o de alimentos nutritivos, este moedor de carne \u00e9 muito potente, n\u00e3o sendo adequado para fam\u00edlias com apenas um c\u00e3o de estima\u00e7\u00e3o, mas mais adequado para f\u00e1bricas de processamento de carne, f\u00e1bricas de ra\u00e7\u00e3o para pets, institui\u00e7\u00f5es de cria\u00e7\u00e3o de animais de estima\u00e7\u00e3o, etc.<\/p>    <h2 class=\"wp-block-heading\">Por que escolher um moedor de carne de aves<\/h2>    <p>Existem muitos moedores de carne no mercado, mas a maioria deles s\u00f3 consegue processar carne pura mais macia, ent\u00e3o voc\u00ea n\u00e3o pode fazer nada com carne que tenha ossos, mas alguns animais de estima\u00e7\u00e3o precisam absorver um pouco de gordura e prote\u00edna dos ossos. Para conveni\u00eancia de consumo e preserva\u00e7\u00e3o, moedores de ossos s\u00e3o utilizados. A l\u00e2mina dessa m\u00e1quina \u00e9 dura o suficiente, caso contr\u00e1rio, ela n\u00e3o s\u00f3 n\u00e3o conseguir\u00e1 moer os ossos, mas tamb\u00e9m danificar\u00e1 a ferramenta.<\/p>    <h2 class=\"wp-block-heading\" id=\"h-bone-grinder-parameters\">Par\u00e2metros do moedor de ossos<\/h2>    <p>Modelo: TZ-130<\/p>    <p>Tamanho: 580*580*890mm<\/p>    <p>Voltagem: 220v 50hz<\/p>    <p>Pot\u00eancia: 5,5kw<\/p>    <p>Capacidade: 300-500kg\/h<\/p>    <p>Peso: 130kg<\/p>    <p>Fineness de tritura\u00e7\u00e3o: 5-15mm<\/p>    <h2 class=\"wp-block-heading\">V\u00eddeo de demonstra\u00e7\u00e3o<\/h2>    <figure class=\"wp-block-embed is-type-video is-provider-youtube wp-block-embed-youtube\"><div class=\"wp-block-embed__wrapper\"> <iframe loading=\"lazy\" title=\"Qual Moedor pode moer ossos? | moedor de ossos | Os Moedores de Carne podem moer ossos? | m\u00e1quina de moer ossos\" width=\"500\" height=\"281\" src=\"https:\/\/www.youtube.com\/embed\/tNCGhNMxsIE?feature=oembed\" frameborder=\"0\" allow=\"accelerometer; autoplay; clipboard-write; encrypted-media; gyroscope; picture-in-picture; web-share\" referrerpolicy=\"strict-origin-when-cross-origin\" allowfullscreen><\/iframe> <\/div><figcaption class=\"wp-element-caption\">Como funciona o moedor de ossos<\/figcaption><\/figure>    <h2 class=\"wp-block-heading\">Princ\u00edpio do moedor de carne<\/h2>    <p>O trabalho do triturador de ossos de aves depende principalmente do parafuso rotativo para empurrar as mat\u00e9rias-primas na caixa de alimenta\u00e7\u00e3o at\u00e9 a placa de orif\u00edcio pr\u00e9-cortada, e o efeito de cisalhamento formado pela l\u00e2mina de corte rotativa e a borda perfurada da placa de orif\u00edcio \u00e9 utilizado para triturar as mat\u00e9rias-primas. Sob a a\u00e7\u00e3o da for\u00e7a de compress\u00e3o, as mat\u00e9rias-primas s\u00e3o continuamente descarregadas para fora da m\u00e1quina. Esta m\u00e1quina pode ser equipada com cortadores e placas de orif\u00edcio correspondentes de acordo com as diferentes propriedades dos materiais e requisitos de processamento para processar part\u00edculas de diferentes tamanhos, a fim de atender aos requisitos do processo da pr\u00f3xima etapa.<\/p>    <figure class=\"wp-block-gallery has-nested-images columns-default is-cropped wp-block-gallery-2 is-layout-flex wp-block-gallery-is-layout-flex\"> <figure class=\"wp-block-image size-large\"><img loading=\"lazy\" decoding=\"async\" width=\"289\" height=\"174\" data-id=\"1879\" src=\"https:\/\/www.meatprocessingmachine.org\/wp-content\/uploads\/2021\/08\/Meat-Grider-2-3.jpg\" alt=\"\" class=\"wp-image-1879\" title=\"\"><figcaption class=\"wp-element-caption\">Moedor de carne<\/figcaption><\/figure>    <figure class=\"wp-block-image size-large\"><img loading=\"lazy\" decoding=\"async\" width=\"595\" height=\"599\" data-id=\"1880\" src=\"https:\/\/www.meatprocessingmachine.org\/wp-content\/uploads\/2021\/08\/Meat-Grider-1.jpg\" alt=\"\" class=\"wp-image-1880\" title=\"\" srcset=\"https:\/\/www.meatprocessingmachine.org\/wp-content\/uploads\/2021\/08\/Meat-Grider-1.jpg 595w, https:\/\/www.meatprocessingmachine.org\/wp-content\/uploads\/2021\/08\/Meat-Grider-1-298x300.jpg 298w, https:\/\/www.meatprocessingmachine.org\/wp-content\/uploads\/2021\/08\/Meat-Grider-1-150x150.jpg 150w\" sizes=\"auto, (max-width: 595px) 100vw, 595px\" \/><figcaption class=\"wp-element-caption\">Moedor de carne<\/figcaption><\/figure> <figcaption class=\"blocks-gallery-caption wp-element-caption\">Detalhe do moedor de carne<\/figcaption><\/figure>    <h2 class=\"wp-block-heading\">M\u00e1quinas envolvidas no processamento profundo<\/h2>    <figure class=\"wp-block-gallery has-nested-images columns-default is-cropped wp-block-gallery-3 is-layout-flex wp-block-gallery-is-layout-flex\"> <figure class=\"wp-block-image size-large\"><img loading=\"lazy\" decoding=\"async\" width=\"300\" height=\"168\" data-id=\"1886\" src=\"https:\/\/www.meatprocessingmachine.org\/wp-content\/uploads\/2021\/08\/Application-of-meat-grinder-2.jpg\" alt=\"\" class=\"wp-image-1886\" title=\"\"><figcaption><\/figcaption><\/figure>    <figure class=\"wp-block-image size-large\"><img loading=\"lazy\" decoding=\"async\" width=\"275\" height=\"183\" data-id=\"1887\" src=\"https:\/\/www.meatprocessingmachine.org\/wp-content\/uploads\/2021\/08\/Application-of-meat-grinder.jpg\" alt=\"\" class=\"wp-image-1887\" title=\"\"><figcaption><\/figcaption><\/figure> <figcaption class=\"blocks-gallery-caption wp-element-caption\">Aplica\u00e7\u00e3o do Moedor de Carne<\/figcaption><\/figure>    <h3 class=\"wp-block-heading\">Alm\u00f4ndegas processadas<\/h3>    <p>Voc\u00ea precisa usar um moedor de carne para moer a carne em um pur\u00ea e, em seguida, temper\u00e1-la. Depois, voc\u00ea pode usar uma m\u00e1quina de formar alm\u00f4ndegas para fazer as alm\u00f4ndegas. As alm\u00f4ndegas rec\u00e9m-formadas precisam ser escaldadas, caso contr\u00e1rio, a forma das alm\u00f4ndegas ser\u00e1 deformada. O pr\u00f3ximo passo \u00e9 a m\u00e1quina de escaldar, e ent\u00e3o as alm\u00f4ndegas produzidas podem ser fritas diretamente ou congeladas rapidamente e, em seguida, embaladas a v\u00e1cuo.<\/p>    <h3 class=\"wp-block-heading\">Processamento de peixe<\/h3>    <p class=\"translation-block\">Ap\u00f3s ser removido por um <a href=\"https:\/\/www.meatprocessingmachine.org\/pt\/electric-fish-belly-splitting-cutting-machine.html\/\" data-type=\"URL\" data-id=\"https:\/\/www.meatprocessingmachine.org\/electric-fish-belly-splitting-cutting-machine.html\">removedor de escamas de peixe el\u00e9trico<\/a>, o peixe pode ser colocado diretamente neste moedor de carne para moagem. Este moedor de carne pode moer completamente a carne e os ossos do peixe para obter lama de peixe, que \u00e9 usada para fazer produtos de carne de peixe.<\/p>    <h2 class=\"wp-block-heading\">Vantagem da M\u00e1quina de Moer Ossos<\/h2>    <p>Alta efici\u00eancia de trabalho, at\u00e9 500 kg por hora<\/p>    <p>A m\u00e1quina tem uma apar\u00eancia bonita e uma pequena \u00e1rea ocupada<\/p>    <p>F\u00e1cil de operar, voc\u00ea pode aprender a us\u00e1-la apenas assistindo ao v\u00eddeo<\/p>    <p>Alta mobilidade, a m\u00e1quina vem com rod\u00edzios<\/p>    <h2 class=\"wp-block-heading\">Manuten\u00e7\u00e3o e limpeza p\u00f3s-venda do moedor de carne para moer ossos<\/h2>    <figure class=\"wp-block-image size-full is-resized\"><img loading=\"lazy\" decoding=\"async\" src=\"https:\/\/www.meatprocessingmachine.org\/wp-content\/uploads\/2021\/08\/bone-grinder.png\" alt=\"\" class=\"wp-image-1885\" width=\"757\" height=\"568\" title=\"\"><figcaption class=\"wp-element-caption\"> Moedor de Ossos<\/figcaption><\/figure>    <p>1. Limpar antes de usar<\/p>    <p>2. Para o tipo el\u00e9trico, verifique a voltagem da fonte de alimenta\u00e7\u00e3o, o sinal de dire\u00e7\u00e3o da m\u00e1quina deve atender aos requisitos especificados e deve haver um fio de aterramento firme.<\/p>    <p>3. Se a carne n\u00e3o estiver lisa ou pastosa, pode haver os seguintes motivos<\/p>    <p>(1) A porca de bloqueio frontal est\u00e1 muito solta e deve ser reajustada<\/p>    <p> (2) O prato de carne est\u00e1 bloqueado e deve ser limpo<\/p>    <p>(3) O moedor de ossos est\u00e1 muito cego e deve ser afiado ou substitu\u00eddo<\/p>    <p>4. \u00c9 estritamente proibido alimentar diretamente a cavidade do moedor de carne com a m\u00e3o para garantir a seguran\u00e7a<\/p>    <h2 class=\"wp-block-heading\">Introdu\u00e7\u00e3o da m\u00e1quina relacionada do Moedor de Carne para Moer Ossos<\/h2>    <p class=\"translation-block\">Nossa empresa tamb\u00e9m possui <a href=\"https:\/\/www.meatprocessingmachine.org\/pt\/frozen-meat-grinder.html\/\">moedores de carne congelada <\/a>e cortadores de carne em cubos, que podem ser selecionados de acordo com os produtos acabados e mat\u00e9rias-primas que desejamos obter. Esperamos fornecer aos clientes o melhor servi\u00e7o de qualidade.<\/p>","protected":false},"excerpt":{"rendered":"<p>O moedor de ossos de aves \u00e9 uma m\u00e1quina que pode moer carne com ossos. Podemos colocar diretamente algumas aves, peixes, aves, etc. no moedor de ossos de aves para processamento, a fim de fornecer para c\u00e3es ou outros suplementos. Para a produ\u00e7\u00e3o de alimentos nutritivos, este moedor de carne \u00e9 muito potente, n\u00e3o sendo adequado para fam\u00edlias com apenas um c\u00e3o de estima\u00e7\u00e3o, mas mais adequado para f\u00e1bricas de processamento de carne, f\u00e1bricas de ra\u00e7\u00e3o para animais de estima\u00e7\u00e3o, institui\u00e7\u00f5es de cria\u00e7\u00e3o de animais de estima\u00e7\u00e3o, etc.<\/p>","protected":false},"author":1,"featured_media":1914,"parent":0,"template":"","product-type":[590],"class_list":["post-1855","product","type-product","status-publish","has-post-thumbnail","hentry","product-type-meat-grinding-machine"],"_links":{"self":[{"href":"https:\/\/www.meatprocessingmachine.org\/pt\/wp-json\/wp\/v2\/product\/1855","targetHints":{"allow":["GET"]}}],"collection":[{"href":"https:\/\/www.meatprocessingmachine.org\/pt\/wp-json\/wp\/v2\/product"}],"about":[{"href":"https:\/\/www.meatprocessingmachine.org\/pt\/wp-json\/wp\/v2\/types\/product"}],"author":[{"embeddable":true,"href":"https:\/\/www.meatprocessingmachine.org\/pt\/wp-json\/wp\/v2\/users\/1"}],"wp:featuredmedia":[{"embeddable":true,"href":"https:\/\/www.meatprocessingmachine.org\/pt\/wp-json\/wp\/v2\/media\/1914"}],"wp:attachment":[{"href":"https:\/\/www.meatprocessingmachine.org\/pt\/wp-json\/wp\/v2\/media?parent=1855"}],"wp:term":[{"taxonomy":"product-type","embeddable":true,"href":"https:\/\/www.meatprocessingmachine.org\/pt\/wp-json\/wp\/v2\/product-type?post=1855"}],"curies":[{"name":"wp","href":"https:\/\/api.w.org\/{rel}","templated":true}]}}