{"id":32290,"date":"2021-11-04T11:48:54","date_gmt":"2021-11-04T03:48:54","guid":{"rendered":"https:\/\/www.meatprocessingmachine.org\/?p=32290"},"modified":"2024-06-14T15:33:32","modified_gmt":"2024-06-14T07:33:32","slug":"frozen-block-breaker-for-meat","status":"publish","type":"product","link":"https:\/\/www.meatprocessingmachine.org\/pt\/frozen-block-breaker-for-meat.html","title":{"rendered":"Quebrador de blocos de carne congelada para flocador e triturador de carne"},"content":{"rendered":"<div class=\"kk-star-ratings kksr-auto kksr-align-right kksr-valign-top\"     data-payload='{&quot;align&quot;:&quot;right&quot;,&quot;id&quot;:&quot;32290&quot;,&quot;slug&quot;:&quot;default&quot;,&quot;valign&quot;:&quot;top&quot;,&quot;ignore&quot;:&quot;&quot;,&quot;reference&quot;:&quot;auto&quot;,&quot;class&quot;:&quot;&quot;,&quot;count&quot;:&quot;0&quot;,&quot;legendonly&quot;:&quot;&quot;,&quot;readonly&quot;:&quot;&quot;,&quot;score&quot;:&quot;0&quot;,&quot;starsonly&quot;:&quot;&quot;,&quot;best&quot;:&quot;5&quot;,&quot;gap&quot;:&quot;5&quot;,&quot;greet&quot;:&quot;Rate this product&quot;,&quot;legend&quot;:&quot;0\\\/5 - (0 voto)&quot;,&quot;size&quot;:&quot;24&quot;,&quot;title&quot;:&quot;Frozen meat block breaker for meat flaker and crusher&quot;,&quot;width&quot;:&quot;0&quot;,&quot;_legend&quot;:&quot;{score}\\\/{best} - ({count} {votes})&quot;,&quot;font_factor&quot;:&quot;1.25&quot;}'>              <div class=\"kksr-stars\">      <div class=\"kksr-stars-inactive\">             <div class=\"kksr-star\" data-star=\"1\" style=\"padding-right: 5px\">               <div class=\"kksr-icon\" style=\"width: 24px; height: 24px;\"><\/div>         <\/div>             <div class=\"kksr-star\" data-star=\"2\" style=\"padding-right: 5px\">               <div class=\"kksr-icon\" style=\"width: 24px; height: 24px;\"><\/div>         <\/div>             <div class=\"kksr-star\" data-star=\"3\" style=\"padding-right: 5px\">               <div class=\"kksr-icon\" style=\"width: 24px; height: 24px;\"><\/div>         <\/div>             <div class=\"kksr-star\" data-star=\"4\" style=\"padding-right: 5px\">               <div class=\"kksr-icon\" style=\"width: 24px; height: 24px;\"><\/div>         <\/div>             <div class=\"kksr-star\" data-star=\"5\" style=\"padding-right: 5px\">               <div class=\"kksr-icon\" style=\"width: 24px; height: 24px;\"><\/div>         <\/div>     <\/div>      <div class=\"kksr-stars-active\" style=\"width: 0px;\">             <div class=\"kksr-star\" style=\"padding-right: 5px\">               <div class=\"kksr-icon\" style=\"width: 24px; height: 24px;\"><\/div>         <\/div>             <div class=\"kksr-star\" style=\"padding-right: 5px\">               <div class=\"kksr-icon\" style=\"width: 24px; height: 24px;\"><\/div>         <\/div>             <div class=\"kksr-star\" style=\"padding-right: 5px\">               <div class=\"kksr-icon\" style=\"width: 24px; height: 24px;\"><\/div>         <\/div>             <div class=\"kksr-star\" style=\"padding-right: 5px\">               <div class=\"kksr-icon\" style=\"width: 24px; height: 24px;\"><\/div>         <\/div>             <div class=\"kksr-star\" style=\"padding-right: 5px\">               <div class=\"kksr-icon\" style=\"width: 24px; height: 24px;\"><\/div>         <\/div>     <\/div> <\/div>                   <div class=\"kksr-legend\" style=\"font-size: 19.2px;\">             <span class=\"kksr-muted\">Avalie este produto<\/span>     <\/div>     <\/div>  <p>O quebra-bloco de carne congelada \u00e9 uma m\u00e1quina usada para dividir a pe\u00e7a inteira de carne congelada e cort\u00e1-la em peda\u00e7os. A m\u00e1quina processa carne congelada sem osso. \u00c9 uma ferramenta indispens\u00e1vel no processo de processamento de alimentos \u00e0 base de carne. Pode ser usada para o pr\u00e9-processamento do moedor de carne. No processo de fabrica\u00e7\u00e3o de salsichas e alm\u00f4ndegas, os trituradores de carne congelada s\u00e3o usados para processar as mat\u00e9rias-primas.<\/p>    <h2 class=\"wp-block-heading\" id=\"h-why-use-frozen-meat-block-breaker\">Por que usar um quebrador de bloco de carne congelada?<\/h2>    <p>O triturador de carne congelada pode garantir a frescura da carne, evitar a perda de nutrientes no processo de descongelamento repetido, eliminar a etapa de descongelamento e encurtar o tempo de processamento dos produtos de carne. Al\u00e9m disso, o congelamento repetido aumenta a carga no congelador durante o processamento da carne. Ele pode realizar a conex\u00e3o estreita entre os processos, realizando uma cadeia industrial completa.<\/p>    <h2 class=\"wp-block-heading\">Descri\u00e7\u00e3o do efeito do triturador de carne congelada<\/h2>    <p class=\"translation-block\">O quebrador de blocos de carne congelada pode cortar carne congelada em fatias em um processo de dez segundos. A sa\u00edda da m\u00e1quina \u00e9 muito grande, o que \u00e9 adequado para algumas plantas de processamento de alimentos. Al\u00e9m disso, \u00e9 tamb\u00e9m um equipamento essencial no processo de produ\u00e7\u00e3o de refino de \u00f3leo. As mat\u00e9rias-primas processadas do triturador de carne congelada devem ser carne congelada a -4 \u2103-18 \u2103, que \u00e9 diretamente quebrada em carne mo\u00edda, que \u00e9 o pr\u00e9-processamento do picador e do <a href=\"https:\/\/www.meatprocessingmachine.org\/pt\/frozen-meat-grinder.html\/\">moedor de carne<\/a>.<\/p>   <div class=\"wp-block-image\"> <figure class=\"aligncenter size-full\"><img loading=\"lazy\" decoding=\"async\" width=\"720\" height=\"540\" src=\"https:\/\/www.meatprocessingmachine.org\/wp-content\/uploads\/2021\/11\/meat-flaker-machine.jpg\" alt=\" Quebrador de bloco de carne congelada\" class=\"wp-image-32297\" title=\"\" srcset=\"https:\/\/www.meatprocessingmachine.org\/wp-content\/uploads\/2021\/11\/meat-flaker-machine.jpg 720w, https:\/\/www.meatprocessingmachine.org\/wp-content\/uploads\/2021\/11\/meat-flaker-machine-300x225.jpg 300w\" sizes=\"auto, (max-width: 720px) 100vw, 720px\" \/><figcaption class=\"wp-element-caption\"> Quebrador de bloco de carne congelada<\/figcaption><\/figure> <\/div>   <h2 class=\"wp-block-heading\">Compara\u00e7\u00e3o entre carne congelada e carne fresca<\/h2>    <p>Muitas pessoas pensam que a carne fresca \u00e9 mais nutritiva do que a carne congelada. Na verdade, ap\u00f3s observa\u00e7\u00e3o e pesquisa, a carne fresca n\u00e3o \u00e9 mais nutritiva e saborosa do que a carne congelada. Pelo contr\u00e1rio, se a carne fresca n\u00e3o for cozida ou congelada a tempo, um grande n\u00famero de bact\u00e9rias se multiplicar\u00e1. E a carne fresca congelada \u00e9 armazenada a -18\u00b0C. Ap\u00f3s o descongelamento, n\u00e3o afetar\u00e1 o sabor, mas \u00e9 mais saud\u00e1vel.<\/p>    <h2 class=\"wp-block-heading\">Estrutura e princ\u00edpio do quebrador de carne congelada<\/h2>   <div class=\"wp-block-image\"> <figure class=\"aligncenter size-full\"><img loading=\"lazy\" decoding=\"async\" width=\"720\" height=\"540\" src=\"https:\/\/www.meatprocessingmachine.org\/wp-content\/uploads\/2021\/11\/frozen-meat-breaker.webp\" alt=\"Quebrador de carne congelada\" class=\"wp-image-34149\" title=\"\" srcset=\"https:\/\/www.meatprocessingmachine.org\/wp-content\/uploads\/2021\/11\/frozen-meat-breaker.webp 720w, https:\/\/www.meatprocessingmachine.org\/wp-content\/uploads\/2021\/11\/frozen-meat-breaker-300x225.webp 300w\" sizes=\"auto, (max-width: 720px) 100vw, 720px\" \/><figcaption class=\"wp-element-caption\">Quebrador de carne congelada<\/figcaption><\/figure> <\/div>   <p>O quebra-bloco de carne congelada utiliza press\u00e3o de vapor como pot\u00eancia. O bloco de carne congelada \u00e9 empurrado para frente pelo cilindro, e a faca passa pelo triturador a uma velocidade uniforme. A faca gira em alta velocidade para quebrar a carne. Todo o triturador de carne congelada \u00e9 feito com soldagem. A t\u00e9cnica alcan\u00e7a o efeito anti-vibra\u00e7\u00e3o, o desempenho da m\u00e1quina \u00e9 est\u00e1vel e a taxa de falhas \u00e9 baixa.<\/p>    <h2 class=\"wp-block-heading\">Par\u00e2metros do quebrador de bloco de carne congelada<\/h2>    <p>Tamanho regular da carne: 78*510*180mm<\/p>    <p>Produtividade: 3-5 toneladas\/hora<\/p>    <p>Material: a\u00e7o inoxid\u00e1vel 304<\/p>   <div class=\"wp-block-image\"> <figure class=\"aligncenter size-full\"><img loading=\"lazy\" decoding=\"async\" width=\"720\" height=\"540\" src=\"https:\/\/www.meatprocessingmachine.org\/wp-content\/uploads\/2021\/11\/details-of-frozen-block-breaker.jpg\" alt=\"detalhes do quebrador de bloco de carne congelada \" class=\"wp-image-32298\" title=\"\" srcset=\"https:\/\/www.meatprocessingmachine.org\/wp-content\/uploads\/2021\/11\/details-of-frozen-block-breaker.jpg 720w, https:\/\/www.meatprocessingmachine.org\/wp-content\/uploads\/2021\/11\/details-of-frozen-block-breaker-300x225.jpg 300w\" sizes=\"auto, (max-width: 720px) 100vw, 720px\" \/><figcaption class=\"wp-element-caption\">detalhes do triturador de carne congelada<\/figcaption><\/figure> <\/div>   <p>A efici\u00eancia geral de trabalho do triturador de carne congelada \u00e9 muito alta. A produ\u00e7\u00e3o m\u00e9dia por hora \u00e9 de 4 toneladas. \u00c9 especialmente adequado para algumas f\u00e1bricas de processamento de alimentos e carnes em grande escala. A m\u00e1quina \u00e9 feita de a\u00e7o inoxid\u00e1vel, o que facilita a lavagem e garante uma longa vida \u00fatil.<\/p>    <h2 class=\"wp-block-heading\">Caracter\u00edsticas do fatiador de carne congelada<\/h2>    <p>A m\u00e1quina processa rapidamente, a temperatura da carne \u00e9 baixa e a frescura da carne \u00e9 garantida<\/p>    <p>Alta capacidade de tritura\u00e7\u00e3o, trabalho completo de tritura\u00e7\u00e3o de carne congelada em poucos segundos, 3-5 toneladas por hora<\/p>    <p>O triturador de carne congelada tem baixo n\u00edvel de ru\u00eddo e opera\u00e7\u00e3o est\u00e1vel<\/p>   <div class=\"wp-block-image\"> <figure class=\"aligncenter size-full\"><img loading=\"lazy\" decoding=\"async\" width=\"720\" height=\"540\" src=\"https:\/\/www.meatprocessingmachine.org\/wp-content\/uploads\/2021\/11\/frozen-meat-slicer.jpg\" alt=\" fatiador de carne congelada  \" class=\"wp-image-32299\" title=\"\" srcset=\"https:\/\/www.meatprocessingmachine.org\/wp-content\/uploads\/2021\/11\/frozen-meat-slicer.jpg 720w, https:\/\/www.meatprocessingmachine.org\/wp-content\/uploads\/2021\/11\/frozen-meat-slicer-300x225.jpg 300w\" sizes=\"auto, (max-width: 720px) 100vw, 720px\" \/><figcaption class=\"wp-element-caption\"> fatiador de carne congelada  <\/figcaption><\/figure> <\/div>   <h2 class=\"wp-block-heading\">Precau\u00e7\u00f5es para instala\u00e7\u00e3o e depura\u00e7\u00e3o do triturador de carne congelada<\/h2>    <p>O quebrador de blocos de carne congelada deve ser colocado em um ch\u00e3o plano e est\u00e1vel.<\/p>    <p>O triturador de carne precisa ser equipado com um recipiente para receber a carne<\/p>    <p>Ligue a pot\u00eancia do suporte da faca que se move para cima e para baixo, empurre lentamente a carne congelada para fora da boca de alimenta\u00e7\u00e3o e observe a espessura das fatias de carne.<\/p>    <h2 class=\"wp-block-heading\">V\u00eddeo do triturador de bloco de carne congelada  <\/h2>    <figure class=\"wp-block-embed is-type-video is-provider-youtube wp-block-embed-youtube wp-embed-aspect-16-9 wp-has-aspect-ratio\"><div class=\"wp-block-embed__wrapper\"> <iframe loading=\"lazy\" title=\"linha comercial de tritura\u00e7\u00e3o e moagem de blocos de carne congelada \u00e0 venda | flocador de blocos de carne congelada\" width=\"500\" height=\"281\" src=\"https:\/\/www.youtube.com\/embed\/ZRYqmhxR3_g?start=8&#038;feature=oembed\" frameborder=\"0\" allow=\"accelerometer; autoplay; clipboard-write; encrypted-media; gyroscope; picture-in-picture; web-share\" referrerpolicy=\"strict-origin-when-cross-origin\" allowfullscreen><\/iframe> <\/div><\/figure>","protected":false},"excerpt":{"rendered":"<p>O quebra-bloco de carne congelada \u00e9 uma m\u00e1quina usada para dividir a pe\u00e7a inteira de carne congelada e cort\u00e1-la em peda\u00e7os. A m\u00e1quina processa carne congelada sem osso. \u00c9 uma ferramenta indispens\u00e1vel no processo de processamento de alimentos \u00e0 base de carne. Pode ser usada para o pr\u00e9-processamento do moedor de carne. No processo de fabrica\u00e7\u00e3o de salsichas e alm\u00f4ndegas, os trituradores de carne congelada s\u00e3o usados para processar as mat\u00e9rias-primas.<\/p>","protected":false},"author":1,"featured_media":32296,"parent":0,"template":"","product-type":[589],"class_list":["post-32290","product","type-product","status-publish","has-post-thumbnail","hentry","product-type-meat-cutting-machine"],"_links":{"self":[{"href":"https:\/\/www.meatprocessingmachine.org\/pt\/wp-json\/wp\/v2\/product\/32290","targetHints":{"allow":["GET"]}}],"collection":[{"href":"https:\/\/www.meatprocessingmachine.org\/pt\/wp-json\/wp\/v2\/product"}],"about":[{"href":"https:\/\/www.meatprocessingmachine.org\/pt\/wp-json\/wp\/v2\/types\/product"}],"author":[{"embeddable":true,"href":"https:\/\/www.meatprocessingmachine.org\/pt\/wp-json\/wp\/v2\/users\/1"}],"wp:featuredmedia":[{"embeddable":true,"href":"https:\/\/www.meatprocessingmachine.org\/pt\/wp-json\/wp\/v2\/media\/32296"}],"wp:attachment":[{"href":"https:\/\/www.meatprocessingmachine.org\/pt\/wp-json\/wp\/v2\/media?parent=32290"}],"wp:term":[{"taxonomy":"product-type","embeddable":true,"href":"https:\/\/www.meatprocessingmachine.org\/pt\/wp-json\/wp\/v2\/product-type?post=32290"}],"curies":[{"name":"wp","href":"https:\/\/api.w.org\/{rel}","templated":true}]}}