{"id":32791,"date":"2022-02-08T17:11:53","date_gmt":"2022-02-08T09:11:53","guid":{"rendered":"https:\/\/www.meatprocessingmachine.org\/?p=32791"},"modified":"2024-06-17T10:15:44","modified_gmt":"2024-06-17T02:15:44","slug":"power-scrub-egg-washing-machine","status":"publish","type":"product","link":"https:\/\/www.meatprocessingmachine.org\/pt\/power-scrub-egg-washing-machine.html","title":{"rendered":"M\u00e1quina autom\u00e1tica de lavagem de ovos | m\u00e1quina de limpeza de ovos com escova el\u00e9trica"},"content":{"rendered":"<div class=\"kk-star-ratings kksr-auto kksr-align-right kksr-valign-top\"     data-payload='{&quot;align&quot;:&quot;right&quot;,&quot;id&quot;:&quot;32791&quot;,&quot;slug&quot;:&quot;default&quot;,&quot;valign&quot;:&quot;top&quot;,&quot;ignore&quot;:&quot;&quot;,&quot;reference&quot;:&quot;auto&quot;,&quot;class&quot;:&quot;&quot;,&quot;count&quot;:&quot;0&quot;,&quot;legendonly&quot;:&quot;&quot;,&quot;readonly&quot;:&quot;&quot;,&quot;score&quot;:&quot;0&quot;,&quot;starsonly&quot;:&quot;&quot;,&quot;best&quot;:&quot;5&quot;,&quot;gap&quot;:&quot;5&quot;,&quot;greet&quot;:&quot;Rate this product&quot;,&quot;legend&quot;:&quot;0\\\/5 - (0 voto)&quot;,&quot;size&quot;:&quot;24&quot;,&quot;title&quot;:&quot;Automatic egg washing machine | power scrub egg cleaning machine&quot;,&quot;width&quot;:&quot;0&quot;,&quot;_legend&quot;:&quot;{score}\\\/{best} - ({count} {votes})&quot;,&quot;font_factor&quot;:&quot;1.25&quot;}'>              <div class=\"kksr-stars\">      <div class=\"kksr-stars-inactive\">             <div class=\"kksr-star\" data-star=\"1\" style=\"padding-right: 5px\">               <div class=\"kksr-icon\" style=\"width: 24px; height: 24px;\"><\/div>         <\/div>             <div class=\"kksr-star\" data-star=\"2\" style=\"padding-right: 5px\">               <div class=\"kksr-icon\" style=\"width: 24px; height: 24px;\"><\/div>         <\/div>             <div class=\"kksr-star\" data-star=\"3\" style=\"padding-right: 5px\">               <div class=\"kksr-icon\" style=\"width: 24px; height: 24px;\"><\/div>         <\/div>             <div class=\"kksr-star\" data-star=\"4\" style=\"padding-right: 5px\">               <div class=\"kksr-icon\" style=\"width: 24px; height: 24px;\"><\/div>         <\/div>             <div class=\"kksr-star\" data-star=\"5\" style=\"padding-right: 5px\">               <div class=\"kksr-icon\" style=\"width: 24px; height: 24px;\"><\/div>         <\/div>     <\/div>      <div class=\"kksr-stars-active\" style=\"width: 0px;\">             <div class=\"kksr-star\" style=\"padding-right: 5px\">               <div class=\"kksr-icon\" style=\"width: 24px; height: 24px;\"><\/div>         <\/div>             <div class=\"kksr-star\" style=\"padding-right: 5px\">               <div class=\"kksr-icon\" style=\"width: 24px; height: 24px;\"><\/div>         <\/div>             <div class=\"kksr-star\" style=\"padding-right: 5px\">               <div class=\"kksr-icon\" style=\"width: 24px; height: 24px;\"><\/div>         <\/div>             <div class=\"kksr-star\" style=\"padding-right: 5px\">               <div class=\"kksr-icon\" style=\"width: 24px; height: 24px;\"><\/div>         <\/div>             <div class=\"kksr-star\" style=\"padding-right: 5px\">               <div class=\"kksr-icon\" style=\"width: 24px; height: 24px;\"><\/div>         <\/div>     <\/div> <\/div>                   <div class=\"kksr-legend\" style=\"font-size: 19.2px;\">             <span class=\"kksr-muted\">Avalie este produto<\/span>     <\/div>     <\/div>  <p>A m\u00e1quina de lavar ovos \u00e9 uma m\u00e1quina usada para remover sujeira e lama da superf\u00edcie dos ovos. A limpeza com m\u00e1quina pode atingir o padr\u00e3o de limpeza dos ovos. As lavadoras de ovos podem n\u00e3o apenas limpar ovos de galinha, mas tamb\u00e9m ovos de pato, ovos de ganso e outros ovos de aves. <\/p>    <p class=\"translation-block\">A m\u00e1quina de limpeza de ovos \u00e9 dividida principalmente em duas partes, lavagem de ovos e secagem de ovos, e inspe\u00e7\u00e3o leve. Tamb\u00e9m podemos fornecer <a href=\"https:\/\/www.meatprocessingmachine.org\/pt\/egg-processing-line-for-washing-and-grading.html\/\">equipamentos de pesagem e classifica\u00e7\u00e3o de ovos<\/a> e m\u00e1quinas de codifica\u00e7\u00e3o. Equipamentos de limpeza de ovos s\u00e3o adequados para fazendas, mercados atacadistas de ovos e supermercados.<\/p>    <figure class=\"wp-block-image size-full\"><img loading=\"lazy\" decoding=\"async\" width=\"720\" height=\"540\" src=\"https:\/\/www.meatprocessingmachine.org\/wp-content\/uploads\/2022\/02\/egg-cleaning.png\" alt=\"Escova para m\u00e1quina de lavar ovos\" class=\"wp-image-32797\" title=\"\" srcset=\"https:\/\/www.meatprocessingmachine.org\/wp-content\/uploads\/2022\/02\/egg-cleaning.png 720w, https:\/\/www.meatprocessingmachine.org\/wp-content\/uploads\/2022\/02\/egg-cleaning-300x225.png 300w\" sizes=\"auto, (max-width: 720px) 100vw, 720px\" \/><figcaption class=\"wp-element-caption\">Transportador da m\u00e1quina de lavagem de ovos<\/figcaption><\/figure>    <h2 class=\"wp-block-heading\">V\u00eddeo da m\u00e1quina lavadora de ovos<\/h2>    <figure class=\"wp-block-embed is-type-video is-provider-youtube wp-block-embed-youtube wp-embed-aspect-16-9 wp-has-aspect-ratio\"><div class=\"wp-block-embed__wrapper\"> <iframe loading=\"lazy\" title=\"M\u00e1quina de Lavagem de Ovos Power Scrub | Linha de Produ\u00e7\u00e3o de Limpeza de Ovos | Como Limpamos 5500 ovos por hora?\" width=\"500\" height=\"281\" src=\"https:\/\/www.youtube.com\/embed\/v77eyAo-Vbk?feature=oembed\" frameborder=\"0\" allow=\"accelerometer; autoplay; clipboard-write; encrypted-media; gyroscope; picture-in-picture; web-share\" referrerpolicy=\"strict-origin-when-cross-origin\" allowfullscreen><\/iframe> <\/div><figcaption class=\"wp-element-caption\">V\u00eddeo da M\u00e1quina Lavadora de Ovos<\/figcaption><\/figure>    <h2 class=\"wp-block-heading\">Vantagens do equipamento de lavagem de ovos<\/h2>    <ul class=\"wp-block-list\"> <li>Com limpeza autom\u00e1tica, uma pessoa colocando ovos e alta efici\u00eancia de produ\u00e7\u00e3o.<\/li>    <li>Estrutura s\u00f3lida, desempenho est\u00e1vel, sem entupimento de ovos, sem queda de ovos, longa vida \u00fatil.<\/li>    <li>Usando uma escova de arame de a\u00e7o inoxid\u00e1vel, a m\u00e1quina de lavagem de ovos pode dirigir e limpar automaticamente.<\/li>    <li>Spray e limpeza na caixa, limpa e sem danos.<\/li> <\/ul>    <h2 class=\"wp-block-heading\">Diferentes modelos de m\u00e1quina de lavagem de ovos<\/h2>    <h3 class=\"wp-block-heading\">Modelo 1: lavadora de ovos de linha \u00fanica<\/h3>    <p>A m\u00e1quina de lavar ovos de linha \u00fanica \u00e9 uma m\u00e1quina com uma produ\u00e7\u00e3o pequena, com uma m\u00e9dia de 6.000 pe\u00e7as por hora. A m\u00e1quina de lavar ovos pode completar a fun\u00e7\u00e3o autom\u00e1tica de coloca\u00e7\u00e3o de ovos, economizando m\u00e3o de obra. A roda de borracha para coloca\u00e7\u00e3o de ovos \u00e9 feita de material POM. O produto desse material \u00e9 higi\u00eanico, seguro e com qualidade garantida, al\u00e9m de ser muito resistente ao desgaste.<\/p>    <figure class=\"wp-block-image size-full\"><img loading=\"lazy\" decoding=\"async\" width=\"720\" height=\"540\" src=\"https:\/\/www.meatprocessingmachine.org\/wp-content\/uploads\/2022\/02\/Single-row-egg-washing-machine-visit-factory.png\" alt=\"Visita \u00e0 f\u00e1brica da m\u00e1quina de lavar ovos de uma linha\" class=\"wp-image-32913\" title=\"\" srcset=\"https:\/\/www.meatprocessingmachine.org\/wp-content\/uploads\/2022\/02\/Single-row-egg-washing-machine-visit-factory.png 720w, https:\/\/www.meatprocessingmachine.org\/wp-content\/uploads\/2022\/02\/Single-row-egg-washing-machine-visit-factory-300x225.png 300w\" sizes=\"auto, (max-width: 720px) 100vw, 720px\" \/><figcaption class=\"wp-element-caption\">Visita \u00e0 F\u00e1brica da M\u00e1quina Lavadora de Ovos de Linha \u00danica<\/figcaption><\/figure>    <h4 class=\"wp-block-heading\"><strong>Par\u00e2metros do equipamento de lavagem de ovos de linha \u00fanica<\/strong><\/h4>    <ul class=\"wp-block-list\"> <li>Dimens\u00f5es: 6000*1200*1500 mm<\/li>    <li>Efici\u00eancia: 5000-7000 pe\u00e7as\/hora<\/li>    <li>Tens\u00e3o: 380V<\/li>    <li>Pot\u00eancia total: 6,6kw<\/li> <\/ul>    <h3 class=\"wp-block-heading\">Modelo 2: m\u00e1quina de limpeza de ovos de 2 linhas<\/h3>    <p>Comparado com a m\u00e1quina de lavar ovos de uma fila, a produ\u00e7\u00e3o da m\u00e1quina de lavar ovos de duas filas \u00e9 o dobro, mas o princ\u00edpio e a estrutura da m\u00e1quina de limpeza de ovos s\u00e3o os mesmos, de modo que o modelo da m\u00e1quina pode ser selecionado de acordo com a produ\u00e7\u00e3o que precisa ser processada a cada dia.<\/p>    <figure class=\"wp-block-image size-full\"><img loading=\"lazy\" decoding=\"async\" width=\"720\" height=\"540\" src=\"https:\/\/www.meatprocessingmachine.org\/wp-content\/uploads\/2022\/02\/Double-row-egg-washing-machine-factory-test-machine.png\" alt=\"M\u00e1quina de teste de f\u00e1brica de lavagem de ovos de dupla fileira\" class=\"wp-image-32912\" title=\"\" srcset=\"https:\/\/www.meatprocessingmachine.org\/wp-content\/uploads\/2022\/02\/Double-row-egg-washing-machine-factory-test-machine.png 720w, https:\/\/www.meatprocessingmachine.org\/wp-content\/uploads\/2022\/02\/Double-row-egg-washing-machine-factory-test-machine-300x225.png 300w\" sizes=\"auto, (max-width: 720px) 100vw, 720px\" \/><figcaption class=\"wp-element-caption\">M\u00e1quina de Teste de F\u00e1brica de Lavagem de Ovos de Dupla Linha<\/figcaption><\/figure>    <h4 class=\"wp-block-heading\"><strong>Par\u00e2metros da m\u00e1quina de lavar ovos de dupla fileira<\/strong><\/h4>    <ul class=\"wp-block-list\"> <li>Dimens\u00f5es: 6800*1600*1500 mm<\/li>    <li>Efici\u00eancia: 10000-14000 pe\u00e7as\/hora<\/li>    <li>Tens\u00e3o: 380V<\/li>    <li>Pot\u00eancia total: 12,5kw<\/li> <\/ul>    <h2 class=\"wp-block-heading\" id=\"h-why-use-an-egg-washing-machine\">Por que usar uma m\u00e1quina de lavar ovos?<\/h2>    <p class=\"translation-block\">Como os ovos s\u00e3o produzidos atrav\u00e9s da cloaca do animal, muitos micr\u00f3bios intestinais ficam presos \u00e0 superf\u00edcie do ovo e, em um ambiente t\u00edpico, podem ser infectados por um grande n\u00famero de bact\u00e9rias causadoras de doen\u00e7as. Os experimentos mostraram que 10% dos ovos usados no experimento tinham <a href=\"https:\/\/en.wikipedia.org\/wiki\/Salmonella\" target=\"_blank\" rel=\"noopener\">Salmonella<\/a> na superf\u00edcie, enquanto 64% tinham Escherichia coli na superf\u00edcie. <\/p>    <p>Devido ao grande n\u00famero de est\u00f4matos distribu\u00eddos na superf\u00edcie do ovo, esses microrganismos e pat\u00f3genos entram no interior do ovo atrav\u00e9s dos est\u00f4matos e se multiplicam em grande quantidade. A qualidade dos ovos \u00e9 n\u00e3o apenas severamente afetada, mas tamb\u00e9m representa uma amea\u00e7a \u00e0 sa\u00fade do consumidor.<\/p>    <h2 class=\"wp-block-heading\">Os perigos da venda direta de ovos sujos<\/h2>    <figure class=\"wp-block-image size-full\"><img loading=\"lazy\" decoding=\"async\" width=\"720\" height=\"540\" src=\"https:\/\/www.meatprocessingmachine.org\/wp-content\/uploads\/2022\/02\/dirty-eggs.png\" alt=\"ovos sujos\" class=\"wp-image-32794\" title=\"\" srcset=\"https:\/\/www.meatprocessingmachine.org\/wp-content\/uploads\/2022\/02\/dirty-eggs.png 720w, https:\/\/www.meatprocessingmachine.org\/wp-content\/uploads\/2022\/02\/dirty-eggs-300x225.png 300w\" sizes=\"auto, (max-width: 720px) 100vw, 720px\" \/><figcaption class=\"wp-element-caption\">Ovos sujos<\/figcaption><\/figure>    <ul class=\"wp-block-list\"> <li>Afeta as vendas. Muitos ovos n\u00e3o s\u00e3o limpos e vendidos diretamente, a superf\u00edcie est\u00e1 suja, e muitos consumidores relutam em comprar esses ovos.<\/li>    <li>Tempo de armazenamento curto. Ovos sujos n\u00e3o est\u00e3o limpos e haver\u00e1 um grande n\u00famero de microrganismos na superf\u00edcie. Durante o per\u00edodo de armazenamento, o interior dos ovos \u00e9 continuamente afetado, resultando em um aumento cont\u00ednuo no n\u00famero de ovos estragados. Os ovos s\u00e3o lavados para aumentar sua vida \u00fatil.<\/li>    <li>Ovos sujos s\u00e3o f\u00e1ceis de espalhar doen\u00e7as. Os ovos s\u00e3o diretamente exclu\u00eddos dos \u00f3rg\u00e3os reprodutivos das galinhas. A superf\u00edcie dos ovos \u00e9 geralmente propensa a fezes, manchas de sangue, etc., que podem facilmente poluir o ambiente e espalhar doen\u00e7as.<\/li> <\/ul>    <h2 class=\"wp-block-heading\">Como usar a m\u00e1quina de limpeza de ovos?<\/h2>    <figure class=\"wp-block-image size-full\"><img loading=\"lazy\" decoding=\"async\" width=\"720\" height=\"540\" src=\"https:\/\/www.meatprocessingmachine.org\/wp-content\/uploads\/2022\/02\/egg-washing-machine-2.png\" alt=\"usar m\u00e1quina de lavar ovos\" class=\"wp-image-32795\" title=\"\" srcset=\"https:\/\/www.meatprocessingmachine.org\/wp-content\/uploads\/2022\/02\/egg-washing-machine-2.png 720w, https:\/\/www.meatprocessingmachine.org\/wp-content\/uploads\/2022\/02\/egg-washing-machine-2-300x225.png 300w\" sizes=\"auto, (max-width: 720px) 100vw, 720px\" \/><figcaption class=\"wp-element-caption\">Use a m\u00e1quina de lavar ovos<\/figcaption><\/figure>    <p>A lavadora de ovos \u00e9 uma m\u00e1quina totalmente autom\u00e1tica. H\u00e1 um grande tanque de \u00e1gua na entrada dos ovos, e os ovos podem ser despejados diretamente no tanque de \u00e1gua. Atrav\u00e9s da flutuabilidade da \u00e1gua, a colis\u00e3o entre os ovos pode ser evitada. Os ovos caem na esteira transportadora e s\u00e3o transportados para a parte de limpeza do equipamento, onde s\u00e3o limpos com escovas, secados ao ar e, em seguida, passam por uma inspe\u00e7\u00e3o \u00f3ptica, que requer inspe\u00e7\u00e3o manual.<\/p>    <h2 class=\"wp-block-heading\">Componentes da m\u00e1quina de limpeza de ovos <\/h2>    <figure class=\"wp-block-image size-full\"><img loading=\"lazy\" decoding=\"async\" width=\"720\" height=\"540\" src=\"https:\/\/www.meatprocessingmachine.org\/wp-content\/uploads\/2022\/02\/egg-cleaning-machine-.png\" alt=\"M\u00e1quina de limpeza de ovos \" class=\"wp-image-32796\" title=\"\" srcset=\"https:\/\/www.meatprocessingmachine.org\/wp-content\/uploads\/2022\/02\/egg-cleaning-machine-.png 720w, https:\/\/www.meatprocessingmachine.org\/wp-content\/uploads\/2022\/02\/egg-cleaning-machine--300x225.png 300w\" sizes=\"auto, (max-width: 720px) 100vw, 720px\" \/><figcaption class=\"wp-element-caption\">M\u00e1quina de Limpeza de Ovos <\/figcaption><\/figure>    <p>A m\u00e1quina lavadora de ovos autom\u00e1tica consiste em um tanque de \u00e1gua, um rolo de ovos, uma escova de limpeza e uma esteira transportadora. O material do tanque de \u00e1gua \u00e9 a\u00e7o inoxid\u00e1vel 304, que \u00e9 f\u00e1cil de limpar, resistente \u00e0 corros\u00e3o e f\u00e1cil de limpar. A escova da m\u00e1quina \u00e9 feita de um material curvado e resistente ao desgaste, especialmente projetado. Atrav\u00e9s de muitos experimentos, encontramos um material que pode ter uma certa dureza sem danificar a superf\u00edcie do ovo. Esta escova tem uma boa capacidade de limpeza. A esteira transportadora \u00e9 feita de material PVC de grau aliment\u00edcio. A lavadora de ovos \u00e9, em geral, segura e confi\u00e1vel.<\/p>    <h2 class=\"wp-block-heading\">Os ovos de casca mole podem usar uma lavadora de ovos?<\/h2>    <figure class=\"wp-block-image size-full\"><img loading=\"lazy\" decoding=\"async\" width=\"720\" height=\"540\" src=\"https:\/\/www.meatprocessingmachine.org\/wp-content\/uploads\/2022\/02\/egg-washing-machine-brush.png\" alt=\"Escova para m\u00e1quina de lavar ovos\" class=\"wp-image-32798\" title=\"\" srcset=\"https:\/\/www.meatprocessingmachine.org\/wp-content\/uploads\/2022\/02\/egg-washing-machine-brush.png 720w, https:\/\/www.meatprocessingmachine.org\/wp-content\/uploads\/2022\/02\/egg-washing-machine-brush-300x225.png 300w\" sizes=\"auto, (max-width: 720px) 100vw, 720px\" \/><figcaption class=\"wp-element-caption\">Escova para m\u00e1quina de lavar ovos<\/figcaption><\/figure>    <p>Existem muitos fatores para a forma\u00e7\u00e3o de ovos de pato com casca mole. Se a pata f\u00eamea estiver assustada, a falta de c\u00e1lcio, D3 e outros elementos na ra\u00e7\u00e3o tamb\u00e9m pode causar grandes \u00e1reas de ovos com casca mole. Ent\u00e3o, esse ovo com casca mole pode ser lavado com uma lavadora de ovos? De modo geral, ovos com casca mole s\u00e3o macios, mas o c\u00e1lcio neles \u00e9, de fato, e ainda h\u00e1 alguma resist\u00eancia. No entanto, ao usar a m\u00e1quina de lavar ovos de pato, ainda \u00e9 necess\u00e1rio reduzir a pot\u00eancia para evitar que os ovos de pato quebrem.<\/p>    <p>Os ovos de pato de casca macia s\u00e3o melhor limpos \u00e0 m\u00e3o se a casca for muito fina. Porque a m\u00e1quina de limpeza de ovos de pato usa a dureza do pr\u00f3prio ovo de pato para utilizar o rolo de escova para limpeza, se a casca do ovo for muito macia, \u00e9 prov\u00e1vel que seja perfurada pelas cerdas duras do rolo de escova.<\/p>    <figure class=\"wp-block-image size-full\"><img loading=\"lazy\" decoding=\"async\" width=\"720\" height=\"540\" src=\"https:\/\/www.meatprocessingmachine.org\/wp-content\/uploads\/2022\/02\/soft-skin-eggs.png\" alt=\"ovos de casca macia\" class=\"wp-image-32801\" title=\"\" srcset=\"https:\/\/www.meatprocessingmachine.org\/wp-content\/uploads\/2022\/02\/soft-skin-eggs.png 720w, https:\/\/www.meatprocessingmachine.org\/wp-content\/uploads\/2022\/02\/soft-skin-eggs-300x225.png 300w\" sizes=\"auto, (max-width: 720px) 100vw, 720px\" \/><figcaption class=\"wp-element-caption\">Ovos de casca macia<\/figcaption><\/figure>","protected":false},"excerpt":{"rendered":"<p>A m\u00e1quina de lavar ovos \u00e9 um equipamento utilizado para remover sujeira e lama da superf\u00edcie dos ovos. A limpeza da m\u00e1quina pode alcan\u00e7ar o padr\u00e3o de limpeza dos ovos. As m\u00e1quinas de lavar ovos podem n\u00e3o apenas limpar ovos de galinha, mas tamb\u00e9m ovos de pato, ovos de ganso e outros ovos de aves. A m\u00e1quina \u00e9 dividida principalmente em duas partes: lavagem de ovos e secagem de ovos, al\u00e9m de inspe\u00e7\u00e3o leve. Tamb\u00e9m podemos fornecer equipamentos de pesagem e classifica\u00e7\u00e3o de ovos e m\u00e1quinas de codifica\u00e7\u00e3o. O equipamento de limpeza de ovos \u00e9 adequado para fazendas, mercados atacadistas de ovos e grandes supermercados.<\/p>","protected":false},"author":1,"featured_media":32793,"parent":0,"template":"","product-type":[583],"class_list":["post-32791","product","type-product","status-publish","has-post-thumbnail","hentry","product-type-chicken-turkey"],"_links":{"self":[{"href":"https:\/\/www.meatprocessingmachine.org\/pt\/wp-json\/wp\/v2\/product\/32791","targetHints":{"allow":["GET"]}}],"collection":[{"href":"https:\/\/www.meatprocessingmachine.org\/pt\/wp-json\/wp\/v2\/product"}],"about":[{"href":"https:\/\/www.meatprocessingmachine.org\/pt\/wp-json\/wp\/v2\/types\/product"}],"author":[{"embeddable":true,"href":"https:\/\/www.meatprocessingmachine.org\/pt\/wp-json\/wp\/v2\/users\/1"}],"wp:featuredmedia":[{"embeddable":true,"href":"https:\/\/www.meatprocessingmachine.org\/pt\/wp-json\/wp\/v2\/media\/32793"}],"wp:attachment":[{"href":"https:\/\/www.meatprocessingmachine.org\/pt\/wp-json\/wp\/v2\/media?parent=32791"}],"wp:term":[{"taxonomy":"product-type","embeddable":true,"href":"https:\/\/www.meatprocessingmachine.org\/pt\/wp-json\/wp\/v2\/product-type?post=32791"}],"curies":[{"name":"wp","href":"https:\/\/api.w.org\/{rel}","templated":true}]}}