{"id":33820,"date":"2022-07-05T09:26:10","date_gmt":"2022-07-05T01:26:10","guid":{"rendered":"https:\/\/www.meatprocessingmachine.org\/?p=33820"},"modified":"2026-02-12T16:48:50","modified_gmt":"2026-02-12T08:48:50","slug":"burger-meat-patty-making-machine-meatloaf-forming-machine","status":"publish","type":"product","link":"https:\/\/www.meatprocessingmachine.org\/pt\/burger-meat-patty-making-machine-meatloaf-forming-machine.html","title":{"rendered":"M\u00e1quina de fazer hamb\u00farguer | m\u00e1quina de moldar carne mo\u00edda"},"content":{"rendered":"<div class=\"kk-star-ratings kksr-auto kksr-align-right kksr-valign-top\"     data-payload='{&quot;align&quot;:&quot;right&quot;,&quot;id&quot;:&quot;33820&quot;,&quot;slug&quot;:&quot;default&quot;,&quot;valign&quot;:&quot;top&quot;,&quot;ignore&quot;:&quot;&quot;,&quot;reference&quot;:&quot;auto&quot;,&quot;class&quot;:&quot;&quot;,&quot;count&quot;:&quot;0&quot;,&quot;legendonly&quot;:&quot;&quot;,&quot;readonly&quot;:&quot;&quot;,&quot;score&quot;:&quot;0&quot;,&quot;starsonly&quot;:&quot;&quot;,&quot;best&quot;:&quot;5&quot;,&quot;gap&quot;:&quot;5&quot;,&quot;greet&quot;:&quot;Rate this product&quot;,&quot;legend&quot;:&quot;0\\\/5 - (0 voto)&quot;,&quot;size&quot;:&quot;24&quot;,&quot;title&quot;:&quot;Burger meat patty-making machine | meatloaf forming machine&quot;,&quot;width&quot;:&quot;0&quot;,&quot;_legend&quot;:&quot;{score}\\\/{best} - ({count} {votes})&quot;,&quot;font_factor&quot;:&quot;1.25&quot;}'>              <div class=\"kksr-stars\">      <div class=\"kksr-stars-inactive\">             <div class=\"kksr-star\" data-star=\"1\" style=\"padding-right: 5px\">               <div class=\"kksr-icon\" style=\"width: 24px; height: 24px;\"><\/div>         <\/div>             <div class=\"kksr-star\" data-star=\"2\" style=\"padding-right: 5px\">               <div class=\"kksr-icon\" style=\"width: 24px; height: 24px;\"><\/div>         <\/div>             <div class=\"kksr-star\" data-star=\"3\" style=\"padding-right: 5px\">               <div class=\"kksr-icon\" style=\"width: 24px; height: 24px;\"><\/div>         <\/div>             <div class=\"kksr-star\" data-star=\"4\" style=\"padding-right: 5px\">               <div class=\"kksr-icon\" style=\"width: 24px; height: 24px;\"><\/div>         <\/div>             <div class=\"kksr-star\" data-star=\"5\" style=\"padding-right: 5px\">               <div class=\"kksr-icon\" style=\"width: 24px; height: 24px;\"><\/div>         <\/div>     <\/div>      <div class=\"kksr-stars-active\" style=\"width: 0px;\">             <div class=\"kksr-star\" style=\"padding-right: 5px\">               <div class=\"kksr-icon\" style=\"width: 24px; height: 24px;\"><\/div>         <\/div>             <div class=\"kksr-star\" style=\"padding-right: 5px\">               <div class=\"kksr-icon\" style=\"width: 24px; height: 24px;\"><\/div>         <\/div>             <div class=\"kksr-star\" style=\"padding-right: 5px\">               <div class=\"kksr-icon\" style=\"width: 24px; height: 24px;\"><\/div>         <\/div>             <div class=\"kksr-star\" style=\"padding-right: 5px\">               <div class=\"kksr-icon\" style=\"width: 24px; height: 24px;\"><\/div>         <\/div>             <div class=\"kksr-star\" style=\"padding-right: 5px\">               <div class=\"kksr-icon\" style=\"width: 24px; height: 24px;\"><\/div>         <\/div>     <\/div> <\/div>                   <div class=\"kksr-legend\" style=\"font-size: 19.2px;\">             <span class=\"kksr-muted\">Avalie este produto<\/span>     <\/div>     <\/div>  <p>A m\u00e1quina autom\u00e1tica de moldar hamb\u00fargueres \u00e9 uma m\u00e1quina para formar os discos de hamb\u00farguer. Ela pode formar rapidamente os discos, e sua forma pode ser personalizada. Por exemplo, pode processar discos em forma de estrela e discos em forma de coxa de frango. Isso pode ser realizado trocando o molde da m\u00e1quina. A m\u00e1quina de moldar hamb\u00fargueres pode processar discos de carne bovina, discos de frango, discos de peixe, discos de camar\u00e3o, discos de batata e ab\u00f3bora, e outros ingredientes, sendo adequada para processamento de carne, restaurantes, cantinas, lanchonetes e outros locais. <\/p>    <figure class=\"wp-block-gallery has-nested-images columns-default is-cropped wp-block-gallery-2 is-layout-flex wp-block-gallery-is-layout-flex\"> <figure class=\"wp-block-image size-large\"><img loading=\"lazy\" decoding=\"async\" width=\"720\" height=\"540\" data-id=\"33833\" src=\"https:\/\/www.meatprocessingmachine.org\/wp-content\/uploads\/2022\/07\/SPB51005-raw-stacked-burgers-1.png\" alt=\"\" class=\"wp-image-33833\" title=\"\"><figcaption><\/figcaption><\/figure>    <figure class=\"wp-block-image size-large\"><img loading=\"lazy\" decoding=\"async\" width=\"720\" height=\"540\" data-id=\"33834\" src=\"https:\/\/www.meatprocessingmachine.org\/wp-content\/uploads\/2022\/07\/\u56fe\u72478.png\" alt=\"\" class=\"wp-image-33834\" title=\"\"><figcaption><\/figcaption><\/figure>    <figure class=\"wp-block-image size-large\"><img loading=\"lazy\" decoding=\"async\" width=\"720\" height=\"540\" data-id=\"33835\" src=\"https:\/\/www.meatprocessingmachine.org\/wp-content\/uploads\/2022\/07\/OIP.png\" alt=\"\" class=\"wp-image-33835\" title=\"\"><figcaption><\/figcaption><\/figure>    <figure class=\"wp-block-image size-large\"><img loading=\"lazy\" decoding=\"async\" width=\"720\" height=\"540\" data-id=\"33836\" src=\"https:\/\/www.meatprocessingmachine.org\/wp-content\/uploads\/2022\/07\/O1CN01l84kae1SohFGTSCiS_845992294.jpg_400x400-\u526f\u672c.png\" alt=\"\" class=\"wp-image-33836\" title=\"\"><figcaption><\/figcaption><\/figure>    <figure class=\"wp-block-image size-large\"><img loading=\"lazy\" decoding=\"async\" width=\"720\" height=\"540\" data-id=\"33837\" src=\"https:\/\/www.meatprocessingmachine.org\/wp-content\/uploads\/2022\/07\/\u56fe\u72471.png\" alt=\"\" class=\"wp-image-33837\" title=\"\"><figcaption><\/figcaption><\/figure>    <figure class=\"wp-block-image size-large\"><img loading=\"lazy\" decoding=\"async\" width=\"720\" height=\"540\" data-id=\"33838\" src=\"https:\/\/www.meatprocessingmachine.org\/wp-content\/uploads\/2022\/07\/u2057661609210569391fm199app68fPNG.png\" alt=\"\" class=\"wp-image-33838\" title=\"\"><figcaption><\/figcaption><\/figure> <\/figure>    <h2 class=\"wp-block-heading\" id=\"h-ingredients-for-burger-meat-patty-making-machine\">Ingredientes para a m\u00e1quina de fazer hamb\u00fargueres<\/h2>   <div class=\"wp-block-image\"> <figure class=\"aligncenter size-full is-resized\"><img decoding=\"async\" src=\"https:\/\/www.meatprocessingmachine.org\/wp-content\/uploads\/2022\/07\/058fc544f0069cfd5496d497c978d99.jpg\" alt=\"m\u00e1quina de prensar carne de hamb\u00farguer\" class=\"wp-image-33824\" width=\"720\" title=\"\"><figcaption class=\"wp-element-caption\">M\u00e1quina de Fazer Hamb\u00fargueres<\/figcaption><\/figure> <\/div>   <p>As mat\u00e9rias-primas s\u00e3o adequadas para a m\u00e1quina de moldagem: v\u00e1rios tipos de carne, incluindo frango, carne bovina, carne de cordeiro e carne su\u00edna; produtos do mar, peixe, camar\u00e3o, lula e salm\u00e3o; tamb\u00e9m pode processar bolos de vegetais, como batatas, batatas-doces, ab\u00f3boras, cenouras, feij\u00e3o verde, feij\u00e3o vermelho, feij\u00e3o-fava, soja, para equil\u00edbrio nutricional, tamb\u00e9m pode ser misturado com carne, peixe e vegetais. Os hamb\u00fargueres processados podem ser colocados em hamb\u00fargueres.<\/p>    <h2 class=\"wp-block-heading\">Como usar uma m\u00e1quina de fazer hamb\u00fargueres?<\/h2>   <div class=\"wp-block-image\"> <figure class=\"aligncenter size-full\"><img loading=\"lazy\" decoding=\"async\" width=\"720\" height=\"540\" src=\"https:\/\/www.meatprocessingmachine.org\/wp-content\/uploads\/2022\/07\/u19631668031616309069fm199app68fPNG.png\" alt=\"m\u00e1quina de prensar carne de hamb\u00farguer\" class=\"wp-image-33825\" title=\"\"><figcaption class=\"wp-element-caption\">m\u00e1quina de prensar carne de hamb\u00farguer<\/figcaption><\/figure> <\/div>   <p>Antes que a m\u00e1quina de fazer hamb\u00farguer funcione, primeiro, instale o molde de forma\u00e7\u00e3o do tambor de carne necess\u00e1rio, depois abra a tampa do barril de material, instale a p\u00e1 de prensagem de carne no barril de material e adicione o recheio de carne preparado no barril de material. Finalmente, ligue a m\u00e1quina de moldagem. Ap\u00f3s a m\u00e1quina de moldagem estar em funcionamento, a l\u00e2mina de prensagem de carne no barril de material gira junto com ela e pressiona continuamente o material de carne para baixo no molde de moldagem. O molde \u00e9 ent\u00e3o cortado na esteira transportadora pelo fio de a\u00e7o para formar um ciclo de trabalho de moldagem e sa\u00edda do hamb\u00farguer.<\/p>    <h2 class=\"wp-block-heading\">Equipamento de produ\u00e7\u00e3o de m\u00e1quina de formar hamb\u00farguer<\/h2>   <div class=\"wp-block-image\"> <figure class=\"aligncenter size-full\"><img loading=\"lazy\" decoding=\"async\" width=\"720\" height=\"540\" src=\"https:\/\/www.meatprocessingmachine.org\/wp-content\/uploads\/2022\/07\/u15355109621088436437fm199app68fJPEG.png\" alt=\"m\u00e1quina de fazer hamb\u00fargueres\" class=\"wp-image-33826\" title=\"\"><figcaption class=\"wp-element-caption\">m\u00e1quina de fazer carne de hamb\u00farguer <\/figcaption><\/figure> <\/div>   <p class=\"translation-block\">A m\u00e1quina autom\u00e1tica de moldar hamb\u00farguer processa a carne mo\u00edda na forma e peso desejados, podendo ser processada em produtos triangulares, retangulares, circulares, em forma de cora\u00e7\u00e3o e em formas especiais, e completa automaticamente os processos de preenchimento, moldagem e sa\u00edda da carne. Uma <a href=\"https:\/\/www.meatprocessingmachine.org\/pt\/chicken-bone-grinder-best-meat-grinder-for-grinding-bones.html\/\">moedor de carne<\/a> pode ser colocado na frente da m\u00e1quina de moldagem para moer a carne, e em seguida pode ser colocada na <a href=\"https:\/\/www.meatprocessingmachine.org\/pt\/good-quality-meat-food-stuffing-mixer.html\/\">misturadora de carne<\/a>, e os temperos e outros vegetais podem ser adicionados, permitindo que a m\u00e1quina realize a mistura autom\u00e1tica. Pode ser frita ou congelada rapidamente, e ap\u00f3s a conclus\u00e3o do processamento, tamb\u00e9m pode ser embalada a v\u00e1cuo, e <a href=\"https:\/\/www.meatprocessingmachine.org\/pt\/single-chamber-vacuum-packaging-machine.html\/\">embalagens a v\u00e1cuo<\/a> podem ser usadas para prolongar a vida \u00fatil dos alimentos. Dessa forma, usar m\u00e1quinas em vez de m\u00e3o de obra pode acelerar o processo de produ\u00e7\u00e3o.<\/p>    <h2 class=\"wp-block-heading\">Por que a m\u00e1quina de prensar hamb\u00farguer pode produzir diferentes formas de hamb\u00fargueres<\/h2>    <figure class=\"wp-block-gallery has-nested-images columns-2 is-cropped wp-block-gallery-3 is-layout-flex wp-block-gallery-is-layout-flex\"> <figure class=\"wp-block-image size-large\"><img loading=\"lazy\" decoding=\"async\" width=\"720\" height=\"540\" data-id=\"33827\" src=\"https:\/\/www.meatprocessingmachine.org\/wp-content\/uploads\/2022\/07\/422919056768911247.png\" alt=\"m\u00e1quina formadora de carne mo\u00edda\" class=\"wp-image-33827\" title=\"\"><figcaption class=\"wp-element-caption\">Molde para M\u00e1quina de Formar Alm\u00f4ndega<\/figcaption><\/figure>    <figure class=\"wp-block-image size-large\"><img loading=\"lazy\" decoding=\"async\" width=\"720\" height=\"540\" data-id=\"33828\" src=\"https:\/\/www.meatprocessingmachine.org\/wp-content\/uploads\/2022\/07\/542820201130200308.png\" alt=\"m\u00e1quina formadora de carne mo\u00edda\" class=\"wp-image-33828\" title=\"\"><figcaption class=\"wp-element-caption\">Molde para M\u00e1quina de Formar Alm\u00f4ndega<\/figcaption><\/figure>    <figure class=\"wp-block-image size-large\"><img loading=\"lazy\" decoding=\"async\" width=\"720\" height=\"540\" data-id=\"33829\" src=\"https:\/\/www.meatprocessingmachine.org\/wp-content\/uploads\/2022\/07\/\u5fae\u4fe1\u622a\u56fe_20220704102149.png\" alt=\"hamb\u00farguer em forma de cora\u00e7\u00e3o\" class=\"wp-image-33829\" title=\"\"><figcaption class=\"wp-element-caption\">Hamb\u00farguer em Forma de Cora\u00e7\u00e3o<\/figcaption><\/figure>    <figure class=\"wp-block-image size-large\"><img loading=\"lazy\" decoding=\"async\" width=\"720\" height=\"540\" data-id=\"33830\" src=\"https:\/\/www.meatprocessingmachine.org\/wp-content\/uploads\/2022\/07\/0.147.png\" alt=\"hamb\u00farguer redondo\" class=\"wp-image-33830\" title=\"\"><figcaption class=\"wp-element-caption\">Hamb\u00farguer Redondo<\/figcaption><\/figure> <\/figure>    <p>M\u00e1quinas para fazer hamb\u00fargueres podem produzir hamb\u00fargueres em formato redondo, triangular, quadrado, em forma de cora\u00e7\u00e3o e em forma de estrela. Por que uma m\u00e1quina pode criar tantas formas diferentes de hamb\u00fargueres? A raz\u00e3o \u00e9 que os moldes da m\u00e1quina podem ser trocados por diferentes moldes, e a m\u00e1quina de moldar carne pode fazer hamb\u00fargueres de diferentes formatos.<\/p>    <h2 class=\"wp-block-heading\">Os par\u00e2metros da m\u00e1quina de moldar carne<\/h2>    <p>Tamanho: 850*600*1400mm<\/p>    <p>Peso: 100kg<\/p>    <p>Tens\u00e3o: 380V 50hz eletricidade trif\u00e1sica, a tens\u00e3o de 220V pode ser alterada, trif\u00e1sico deve ser requerido;<\/p>    <p>Pot\u00eancia: 0.55kw<\/p>    <h2 class=\"wp-block-heading\">A vantagem da m\u00e1quina de formar bolo de carne<\/h2>   <div class=\"wp-block-image\"> <figure class=\"aligncenter size-full\"><img loading=\"lazy\" decoding=\"async\" width=\"720\" height=\"540\" src=\"https:\/\/www.meatprocessingmachine.org\/wp-content\/uploads\/2022\/07\/\u5fae\u4fe1\u622a\u56fe_20220704102242.png\" alt=\"m\u00e1quina de processamento de hamb\u00fargueres de carne\" class=\"wp-image-33832\" title=\"\"><figcaption class=\"wp-element-caption\">m\u00e1quina de processamento de hamb\u00fargueres de carne<\/figcaption><\/figure> <\/div>   <p>1. A m\u00e1quina de fazer hamb\u00fargueres adota um controlador plc, que pode alocar fun\u00e7\u00f5es relacionadas por conta pr\u00f3pria.<\/p>    <p>2. Corpo em a\u00e7o inoxid\u00e1vel, n\u00e3o f\u00e1cil de enferrujar, pode ser usado por um longo tempo.<\/p>    <p>3. A m\u00e1quina de prensar hamb\u00fargueres tem alta efici\u00eancia, velocidade est\u00e1vel e forma e tamanho uniformes dos hamb\u00fargueres.<\/p>    <p>4. Molde de hamb\u00farguer personalizado, que pode produzir v\u00e1rias formas, bonitas e criativas.<\/p>   <div class=\"wp-block-image\"> <figure class=\"aligncenter size-full\"><img loading=\"lazy\" decoding=\"async\" width=\"720\" height=\"540\" src=\"https:\/\/www.meatprocessingmachine.org\/wp-content\/uploads\/2022\/07\/\u5fae\u4fe1\u622a\u56fe_20220704102020.png\" alt=\"m\u00e1quina de processamento de hamb\u00fargueres de carne\" class=\"wp-image-33839\" title=\"\"><figcaption class=\"wp-element-caption\">m\u00e1quina de processamento de hamb\u00fargueres de carne<\/figcaption><\/figure> <\/div>   <h2 class=\"wp-block-heading\">V\u00eddeo da m\u00e1quina de fazer hamb\u00fargueres<\/h2>    <figure class=\"wp-block-embed aligncenter is-type-video is-provider-youtube wp-block-embed-youtube\"><div class=\"wp-block-embed__wrapper\"> <iframe loading=\"lazy\" title=\"M\u00e1quina nova de fazer hamb\u00farguer em 2022 | m\u00e1quina autom\u00e1tica de formar hamb\u00farguer | processamento de carne\" width=\"500\" height=\"281\" src=\"https:\/\/www.youtube.com\/embed\/4TSWc6f6DOY?feature=oembed\" frameborder=\"0\" allow=\"accelerometer; autoplay; clipboard-write; encrypted-media; gyroscope; picture-in-picture; web-share\" referrerpolicy=\"strict-origin-when-cross-origin\" allowfullscreen><\/iframe> <\/div><\/figure>","protected":false},"excerpt":{"rendered":"<p>A m\u00e1quina autom\u00e1tica de moldar hamb\u00fargueres \u00e9 uma m\u00e1quina para formar os discos de hamb\u00farguer. Ela pode formar rapidamente os discos, e sua forma pode ser personalizada. Por exemplo, pode processar discos em forma de estrela e discos em forma de coxa de frango. Isso pode ser realizado trocando o molde da m\u00e1quina. A m\u00e1quina de moldar hamb\u00fargueres pode processar discos de carne bovina, discos de frango, discos de peixe, discos de camar\u00e3o, discos de batata e ab\u00f3bora, e outros ingredientes, sendo adequada para processamento de carne, restaurantes, cantinas, lanchonetes e outros locais. <\/p>","protected":false},"author":1,"featured_media":34114,"parent":0,"template":"","product-type":[582,583,584],"class_list":["post-33820","product","type-product","status-publish","has-post-thumbnail","hentry","product-type-cattle-sheep","product-type-chicken-turkey","product-type-fish"],"_links":{"self":[{"href":"https:\/\/www.meatprocessingmachine.org\/pt\/wp-json\/wp\/v2\/product\/33820","targetHints":{"allow":["GET"]}}],"collection":[{"href":"https:\/\/www.meatprocessingmachine.org\/pt\/wp-json\/wp\/v2\/product"}],"about":[{"href":"https:\/\/www.meatprocessingmachine.org\/pt\/wp-json\/wp\/v2\/types\/product"}],"author":[{"embeddable":true,"href":"https:\/\/www.meatprocessingmachine.org\/pt\/wp-json\/wp\/v2\/users\/1"}],"wp:featuredmedia":[{"embeddable":true,"href":"https:\/\/www.meatprocessingmachine.org\/pt\/wp-json\/wp\/v2\/media\/34114"}],"wp:attachment":[{"href":"https:\/\/www.meatprocessingmachine.org\/pt\/wp-json\/wp\/v2\/media?parent=33820"}],"wp:term":[{"taxonomy":"product-type","embeddable":true,"href":"https:\/\/www.meatprocessingmachine.org\/pt\/wp-json\/wp\/v2\/product-type?post=33820"}],"curies":[{"name":"wp","href":"https:\/\/api.w.org\/{rel}","templated":true}]}}