{"id":34646,"date":"2026-02-13T16:04:51","date_gmt":"2026-02-13T08:04:51","guid":{"rendered":"https:\/\/www.meatprocessingmachine.org\/?post_type=product&#038;p=34646"},"modified":"2026-02-27T10:50:04","modified_gmt":"2026-02-27T02:50:04","slug":"meat-slicing-machine","status":"publish","type":"product","link":"https:\/\/www.meatprocessingmachine.org\/pt\/meat-slicing-machine.html","title":{"rendered":"M\u00e1quina de Fatiar Carne | Fatiador de Carne Fresca"},"content":{"rendered":"<div class=\"kk-star-ratings kksr-auto kksr-align-right kksr-valign-top\"     data-payload='{&quot;align&quot;:&quot;right&quot;,&quot;id&quot;:&quot;34646&quot;,&quot;slug&quot;:&quot;default&quot;,&quot;valign&quot;:&quot;top&quot;,&quot;ignore&quot;:&quot;&quot;,&quot;reference&quot;:&quot;auto&quot;,&quot;class&quot;:&quot;&quot;,&quot;count&quot;:&quot;0&quot;,&quot;legendonly&quot;:&quot;&quot;,&quot;readonly&quot;:&quot;&quot;,&quot;score&quot;:&quot;0&quot;,&quot;starsonly&quot;:&quot;&quot;,&quot;best&quot;:&quot;5&quot;,&quot;gap&quot;:&quot;5&quot;,&quot;greet&quot;:&quot;Rate this product&quot;,&quot;legend&quot;:&quot;0\\\/5 - (0 voto)&quot;,&quot;size&quot;:&quot;24&quot;,&quot;title&quot;:&quot;Meat Slicing Machine | Fresh Meat Slicer&quot;,&quot;width&quot;:&quot;0&quot;,&quot;_legend&quot;:&quot;{score}\\\/{best} - ({count} {votes})&quot;,&quot;font_factor&quot;:&quot;1.25&quot;}'>              <div class=\"kksr-stars\">      <div class=\"kksr-stars-inactive\">             <div class=\"kksr-star\" data-star=\"1\" style=\"padding-right: 5px\">               <div class=\"kksr-icon\" style=\"width: 24px; height: 24px;\"><\/div>         <\/div>             <div class=\"kksr-star\" data-star=\"2\" style=\"padding-right: 5px\">               <div class=\"kksr-icon\" style=\"width: 24px; height: 24px;\"><\/div>         <\/div>             <div class=\"kksr-star\" data-star=\"3\" style=\"padding-right: 5px\">               <div class=\"kksr-icon\" style=\"width: 24px; height: 24px;\"><\/div>         <\/div>             <div class=\"kksr-star\" data-star=\"4\" style=\"padding-right: 5px\">               <div class=\"kksr-icon\" style=\"width: 24px; height: 24px;\"><\/div>         <\/div>             <div class=\"kksr-star\" data-star=\"5\" style=\"padding-right: 5px\">               <div class=\"kksr-icon\" style=\"width: 24px; height: 24px;\"><\/div>         <\/div>     <\/div>      <div class=\"kksr-stars-active\" style=\"width: 0px;\">             <div class=\"kksr-star\" style=\"padding-right: 5px\">               <div class=\"kksr-icon\" style=\"width: 24px; height: 24px;\"><\/div>         <\/div>             <div class=\"kksr-star\" style=\"padding-right: 5px\">               <div class=\"kksr-icon\" style=\"width: 24px; height: 24px;\"><\/div>         <\/div>             <div class=\"kksr-star\" style=\"padding-right: 5px\">               <div class=\"kksr-icon\" style=\"width: 24px; height: 24px;\"><\/div>         <\/div>             <div class=\"kksr-star\" style=\"padding-right: 5px\">               <div class=\"kksr-icon\" style=\"width: 24px; height: 24px;\"><\/div>         <\/div>             <div class=\"kksr-star\" style=\"padding-right: 5px\">               <div class=\"kksr-icon\" style=\"width: 24px; height: 24px;\"><\/div>         <\/div>     <\/div> <\/div>                   <div class=\"kksr-legend\" style=\"font-size: 19.2px;\">             <span class=\"kksr-muted\">Avalie este produto<\/span>     <\/div>     <\/div>  <p class=\"translation-block\">A Taizy <strong><mark class=\"has-inline-color has-luminous-vivid-amber-color\">fatiadora de carne<\/mark><\/strong> \u00e9 um dispositivo automatizado projetado para processamento de carne. Ela corta rapidamente carne fresca em fatias finas uniformes, fatias grossas ou tiras, adequadas tanto para produ\u00e7\u00e3o em escala comercial quanto para processamento de pequeno a m\u00e9dio porte. Esta fatiadora autom\u00e1tica de carne \u00e9 ideal para empresas que buscam precis\u00e3o e efici\u00eancia.<\/p>   <div class=\"wp-block-image\"> <figure class=\"aligncenter size-full\"><img loading=\"lazy\" decoding=\"async\" width=\"720\" height=\"540\" src=\"https:\/\/www.meatprocessingmachine.org\/wp-content\/uploads\/2026\/02\/Meat-Slicing-Machine.webp\" alt=\"M\u00e1quina de Fatiar Carne\" class=\"wp-image-34650\" title=\"\" srcset=\"https:\/\/www.meatprocessingmachine.org\/wp-content\/uploads\/2026\/02\/Meat-Slicing-Machine.webp 720w, https:\/\/www.meatprocessingmachine.org\/wp-content\/uploads\/2026\/02\/Meat-Slicing-Machine-300x225.webp 300w, https:\/\/www.meatprocessingmachine.org\/wp-content\/uploads\/2026\/02\/Meat-Slicing-Machine-16x12.webp 16w\" sizes=\"auto, (max-width: 720px) 100vw, 720px\" \/><figcaption class=\"wp-element-caption\">M\u00e1quina de Fatiar Carne<\/figcaption><\/figure> <\/div>   <p class=\"translation-block\">Vem em dois modelos, SYFT-340 e SYFT-500, com espessura de corte ajust\u00e1vel de <strong><mark class=\"has-inline-color has-luminous-vivid-amber-color\">5 a 100 mm<\/mark><\/strong>. A produ\u00e7\u00e3o atinge <strong><mark class=\"has-inline-color has-luminous-vivid-amber-color\">400\u2013500 kg\/h<\/mark><\/strong> para o SYFT-340 e <strong><mark class=\"has-inline-color has-luminous-vivid-amber-color\">600\u2013800 kg\/h<\/mark><\/strong> para o SYFT-500, atendendo a diferentes necessidades de produ\u00e7\u00e3o. <\/p>    <figure class=\"wp-block-gallery has-nested-images columns-default is-cropped wp-block-gallery-2 is-layout-flex wp-block-gallery-is-layout-flex\"> <figure class=\"wp-block-image size-large\"><img loading=\"lazy\" decoding=\"async\" width=\"720\" height=\"540\" data-id=\"34651\" src=\"https:\/\/www.meatprocessingmachine.org\/wp-content\/uploads\/2026\/02\/Fresh-Meat.webp\" alt=\"Carne Fresca\" class=\"wp-image-34651\" title=\"\" srcset=\"https:\/\/www.meatprocessingmachine.org\/wp-content\/uploads\/2026\/02\/Fresh-Meat.webp 720w, https:\/\/www.meatprocessingmachine.org\/wp-content\/uploads\/2026\/02\/Fresh-Meat-300x225.webp 300w, https:\/\/www.meatprocessingmachine.org\/wp-content\/uploads\/2026\/02\/Fresh-Meat-16x12.webp 16w\" sizes=\"auto, (max-width: 720px) 100vw, 720px\" \/><figcaption class=\"wp-element-caption\">Carne Fresca<\/figcaption><\/figure>    <figure class=\"wp-block-image size-large\"><img loading=\"lazy\" decoding=\"async\" width=\"720\" height=\"540\" data-id=\"34652\" src=\"https:\/\/www.meatprocessingmachine.org\/wp-content\/uploads\/2026\/02\/Meat-Slice.webp\" alt=\"Fatias de Carne\" class=\"wp-image-34652\" title=\"\" srcset=\"https:\/\/www.meatprocessingmachine.org\/wp-content\/uploads\/2026\/02\/Meat-Slice.webp 720w, https:\/\/www.meatprocessingmachine.org\/wp-content\/uploads\/2026\/02\/Meat-Slice-300x225.webp 300w, https:\/\/www.meatprocessingmachine.org\/wp-content\/uploads\/2026\/02\/Meat-Slice-16x12.webp 16w\" sizes=\"auto, (max-width: 720px) 100vw, 720px\" \/><figcaption class=\"wp-element-caption\">Fatias de Carne<\/figcaption><\/figure> <\/figure>    <p>A m\u00e1quina apresenta corte preciso, alta efici\u00eancia, opera\u00e7\u00e3o est\u00e1vel, espessura ajust\u00e1vel e tamanho de alimenta\u00e7\u00e3o personaliz\u00e1vel. \u00c9 f\u00e1cil de operar e manter, tornando-a uma fatiadora de carne comercial ideal para melhorar a efici\u00eancia do processamento de carne e a padroniza\u00e7\u00e3o.<\/p>    <figure class=\"wp-block-embed is-type-video is-provider-youtube wp-block-embed-youtube wp-embed-aspect-16-9 wp-has-aspect-ratio\"><div class=\"wp-block-embed__wrapper\"> <iframe loading=\"lazy\" title=\"M\u00e1quina Industrial de Fatiar Carne | Sa\u00edda de 400\u2013800kg\/h com Alto Desempenho de Corte\" width=\"500\" height=\"281\" src=\"https:\/\/www.youtube.com\/embed\/clWkEdqFP-I?feature=oembed\" frameborder=\"0\" allow=\"accelerometer; autoplay; clipboard-write; encrypted-media; gyroscope; picture-in-picture; web-share\" referrerpolicy=\"strict-origin-when-cross-origin\" allowfullscreen><\/iframe> <\/div><\/figure>    <h2 class=\"wp-block-heading\">Fun\u00e7\u00f5es da Fatiadora de Carne<\/h2>    <div class=\"wp-block-columns is-layout-flex wp-container-core-columns-is-layout-9d6595d7 wp-block-columns-is-layout-flex\"> <div class=\"wp-block-column is-layout-flow wp-block-column-is-layout-flow\"> <p class=\"has-text-align-center translation-block\"><strong><mark class=\"has-inline-color has-luminous-vivid-amber-color\">Corte preciso<\/mark><\/strong><\/p>    <p>Equipada com l\u00e2minas de alta qualidade e um sistema de alimenta\u00e7\u00e3o est\u00e1vel, corta com precis\u00e3o sem serrilhados ou ader\u00eancia, garantindo fatias uniformes para processamento padronizado. Esta m\u00e1quina de processamento de carne garante qualidade consistente do produto.<\/p> <\/div>    <div class=\"wp-block-column is-layout-flow wp-block-column-is-layout-flow\"> <p class=\"has-text-align-center translation-block\"><strong><mark class=\"has-inline-color has-luminous-vivid-amber-color\">Espessura Ajust\u00e1vel<\/mark><\/strong><\/p>    <p>Espessura de corte varia de 5 a 100 mm. Diferentes espessuras e formatos podem ser selecionados para atender a v\u00e1rias necessidades de produ\u00e7\u00e3o.<\/p> <\/div> <\/div>    <div class=\"wp-block-columns is-layout-flex wp-container-core-columns-is-layout-9d6595d7 wp-block-columns-is-layout-flex\"> <div class=\"wp-block-column is-layout-flow wp-block-column-is-layout-flow\"> <p class=\"has-text-align-center translation-block\"><strong><mark class=\"has-inline-color has-luminous-vivid-amber-color\">Alta efici\u00eancia<\/mark><\/strong><\/p>    <p>Suporta opera\u00e7\u00e3o cont\u00ednua. O SYFT-340 produz 400\u2013500 kg\/h, enquanto o SYFT-500 alcan\u00e7a 600\u2013800 kg\/h, aumentando significativamente a produtividade e reduzindo a m\u00e3o de obra. Ideal para empresas que buscam uma fatiadora de carne de alta efici\u00eancia.<\/p> <\/div>    <div class=\"wp-block-column is-layout-flow wp-block-column-is-layout-flow\"> <p class=\"has-text-align-center translation-block\"><strong><mark class=\"has-inline-color has-luminous-vivid-amber-color\">Seguro e Conveniente<\/mark><\/strong><\/p>    <p>Vem com prote\u00e7\u00f5es de seguran\u00e7a completas e painel de controle intuitivo. Feito de a\u00e7o inoxid\u00e1vel 304 de grau aliment\u00edcio com design destac\u00e1vel para f\u00e1cil limpeza e manuten\u00e7\u00e3o.<\/p> <\/div> <\/div>    <div class=\"wp-block-columns is-layout-flex wp-container-core-columns-is-layout-9d6595d7 wp-block-columns-is-layout-flex\"> <div class=\"wp-block-column is-layout-flow wp-block-column-is-layout-flow\"> <p class=\"has-text-align-center translation-block\"><strong><mark class=\"has-inline-color has-luminous-vivid-amber-color\">Conserva\u00e7\u00e3o da Frescura<\/mark><\/strong><\/p>    <p>Cortes sem danificar as fibras da carne, retendo sucos naturais e qualidade original, aumentando a apar\u00eancia e a competitividade no mercado.<\/p> <\/div>    <div class=\"wp-block-column is-layout-flow wp-block-column-is-layout-flow\"> <p class=\"has-text-align-center translation-block\"><strong><mark class=\"has-inline-color has-luminous-vivid-amber-color\">Alimenta\u00e7\u00e3o Personaliz\u00e1vel<\/mark><\/strong><\/p>    <p>A largura de alimenta\u00e7\u00e3o pode ser personalizada para combinar com o tamanho da mat\u00e9ria-prima, melhorando a adaptabilidade.<\/p> <\/div> <\/div>   <div class=\"wp-block-image\"> <figure class=\"aligncenter size-full\"><img loading=\"lazy\" decoding=\"async\" width=\"720\" height=\"540\" src=\"https:\/\/www.meatprocessingmachine.org\/wp-content\/uploads\/2026\/02\/Meat-Slicing-Machine-For-Sale.webp\" alt=\"M\u00e1quina de fatiar carne \u00e0 venda\" class=\"wp-image-34649\" title=\"\" srcset=\"https:\/\/www.meatprocessingmachine.org\/wp-content\/uploads\/2026\/02\/Meat-Slicing-Machine-For-Sale.webp 720w, https:\/\/www.meatprocessingmachine.org\/wp-content\/uploads\/2026\/02\/Meat-Slicing-Machine-For-Sale-300x225.webp 300w, https:\/\/www.meatprocessingmachine.org\/wp-content\/uploads\/2026\/02\/Meat-Slicing-Machine-For-Sale-16x12.webp 16w\" sizes=\"auto, (max-width: 720px) 100vw, 720px\" \/><figcaption class=\"wp-element-caption\">M\u00e1quina de fatiar carne \u00e0 venda<\/figcaption><\/figure> <\/div>   <h2 class=\"wp-block-heading\">Mat\u00e9rias-primas adequadas<\/h2>    <p>A fatiadora Taizy lida com v\u00e1rios tipos de carnes frescas sem congelamento. Principais mat\u00e9rias-primas incluem:<\/p>    <ul class=\"wp-block-list\"> <li><strong>Carne Vermelha:<\/strong> Carne fresca de boi, porco, cordeiro, incluindo fil\u00e9 mior, barriga e cortes de perna.<\/li>    <li><strong>Aves de cria\u00e7\u00e3o:<\/strong> Frango, pato, ganso frescos, incluindo peito e carne de perna.<\/li>    <li><strong>Outros:<\/strong> Alguns frutos do mar frescos, como fil\u00e9s de peixe.<\/li> <\/ul>    <p>\u00c9 ideal para fatias de hot pot, fatias de churrasco, carne de fast food e ingredientes de refei\u00e7\u00f5es pr\u00e9-preparadas. Amplamente utilizado em catering, varejo e ind\u00fastrias de processamento de alimentos. Esta fatiadora autom\u00e1tica garante espessura consistente e fatias de alta qualidade.<\/p>    <figure class=\"wp-block-gallery has-nested-images columns-default is-cropped wp-block-gallery-3 is-layout-flex wp-block-gallery-is-layout-flex\"> <figure class=\"wp-block-image size-large\"><img loading=\"lazy\" decoding=\"async\" width=\"720\" height=\"540\" data-id=\"34653\" src=\"https:\/\/www.meatprocessingmachine.org\/wp-content\/uploads\/2026\/02\/Fresh-Beef.webp\" alt=\"Carne de boi fresca\" class=\"wp-image-34653\" title=\"\" srcset=\"https:\/\/www.meatprocessingmachine.org\/wp-content\/uploads\/2026\/02\/Fresh-Beef.webp 720w, https:\/\/www.meatprocessingmachine.org\/wp-content\/uploads\/2026\/02\/Fresh-Beef-300x225.webp 300w, https:\/\/www.meatprocessingmachine.org\/wp-content\/uploads\/2026\/02\/Fresh-Beef-16x12.webp 16w\" sizes=\"auto, (max-width: 720px) 100vw, 720px\" \/><figcaption class=\"wp-element-caption\">Carne de boi fresca<\/figcaption><\/figure>    <figure class=\"wp-block-image size-large\"><img loading=\"lazy\" decoding=\"async\" width=\"720\" height=\"540\" data-id=\"34655\" src=\"https:\/\/www.meatprocessingmachine.org\/wp-content\/uploads\/2026\/02\/Fresh-Pork.webp\" alt=\"Carne de Porco Fresca\" class=\"wp-image-34655\" title=\"\" srcset=\"https:\/\/www.meatprocessingmachine.org\/wp-content\/uploads\/2026\/02\/Fresh-Pork.webp 720w, https:\/\/www.meatprocessingmachine.org\/wp-content\/uploads\/2026\/02\/Fresh-Pork-300x225.webp 300w, https:\/\/www.meatprocessingmachine.org\/wp-content\/uploads\/2026\/02\/Fresh-Pork-16x12.webp 16w\" sizes=\"auto, (max-width: 720px) 100vw, 720px\" \/><figcaption class=\"wp-element-caption\">Carne de Porco Fresca<\/figcaption><\/figure>    <figure class=\"wp-block-image size-large\"><img loading=\"lazy\" decoding=\"async\" width=\"720\" height=\"540\" data-id=\"34654\" src=\"https:\/\/www.meatprocessingmachine.org\/wp-content\/uploads\/2026\/02\/Fresh-Chicken-Breast.webp\" alt=\"Peito de frango fresco\" class=\"wp-image-34654\" title=\"\" srcset=\"https:\/\/www.meatprocessingmachine.org\/wp-content\/uploads\/2026\/02\/Fresh-Chicken-Breast.webp 720w, https:\/\/www.meatprocessingmachine.org\/wp-content\/uploads\/2026\/02\/Fresh-Chicken-Breast-300x225.webp 300w, https:\/\/www.meatprocessingmachine.org\/wp-content\/uploads\/2026\/02\/Fresh-Chicken-Breast-16x12.webp 16w\" sizes=\"auto, (max-width: 720px) 100vw, 720px\" \/><figcaption class=\"wp-element-caption\">Peito de frango fresco<\/figcaption><\/figure> <\/figure>    <h2 class=\"wp-block-heading has-text-align-left\">Vantagens da Fatiadora de Carne<\/h2>    <div class=\"wp-block-columns is-layout-flex wp-container-core-columns-is-layout-9d6595d7 wp-block-columns-is-layout-flex\"> <div class=\"wp-block-column is-layout-flow wp-block-column-is-layout-flow\"> <p class=\"translation-block\"><mark class=\"has-inline-color has-luminous-vivid-amber-color\"><strong>Alta Efici\u00eancia e Economia de M\u00e3o de Obra:<\/strong> <\/mark>Corta 5\u20138 vezes mais r\u00e1pido que o fatiamento manual, reduzindo a necessidade de m\u00e3o de obra e custos de gest\u00e3o, ao mesmo tempo em que melhora a efici\u00eancia geral da produ\u00e7\u00e3o.<\/p> <\/div>    <div class=\"wp-block-column is-layout-flow wp-block-column-is-layout-flow\"> <p class=\"translation-block\"><strong><mark class=\"has-inline-color has-luminous-vivid-amber-color\">Fatias Precisas e Uniformes:<\/mark><\/strong> Varia\u00e7\u00e3o m\u00ednima de espessura e partidas consistentes garantem tamanho uniforme do produto, aumentando a qualidade e a competitividade no mercado.<\/p> <\/div> <\/div>    <div class=\"wp-block-columns is-layout-flex wp-container-core-columns-is-layout-9d6595d7 wp-block-columns-is-layout-flex\"> <div class=\"wp-block-column is-layout-flow wp-block-column-is-layout-flow\"> <p class=\"translation-block\"><strong><mark class=\"has-inline-color has-luminous-vivid-amber-color\">Constru\u00e7\u00e3o Dur\u00e1vel:<\/mark><\/strong> Feita de a\u00e7o inoxid\u00e1vel 304 de grau aliment\u00edcio, resistente \u00e0 corros\u00e3o e f\u00e1cil de limpar. Componentes-chave s\u00e3o confi\u00e1veis, garantindo longa vida \u00fatil.<\/p> <\/div>    <div class=\"wp-block-column is-layout-flow wp-block-column-is-layout-flow\"> <p class=\"translation-block\"><strong><mark class=\"has-inline-color has-luminous-vivid-amber-color\">Manuten\u00e7\u00e3o F\u00e1cil &amp; Opera\u00e7\u00e3o Est\u00e1vel:<\/mark><\/strong> Estrutura bem desenhada proporciona opera\u00e7\u00e3o suave, baixa taxa de falha e manuten\u00e7\u00e3o di\u00e1ria simples, reduzindo custos a longo prazo.<\/p> <\/div> <\/div>    <div class=\"wp-block-columns is-layout-flex wp-container-core-columns-is-layout-9d6595d7 wp-block-columns-is-layout-flex\"> <div class=\"wp-block-column is-layout-flow wp-block-column-is-layout-flow\"> <p class=\"translation-block\"><strong><mark class=\"has-inline-color has-luminous-vivid-amber-color\">Modelos Flex\u00edveis &amp; Ampla Compatibilidade:<\/mark><\/strong> Dispon\u00edvel nos modelos SYFT-340 e SYFT-500 para combinar com a capacidade de produ\u00e7\u00e3o. Adequado para v\u00e1rias carnes e diferentes especifica\u00e7\u00f5es de corte.<\/p> <\/div>    <div class=\"wp-block-column is-layout-flow wp-block-column-is-layout-flow\"> <p class=\"translation-block\"><mark class=\"has-inline-color has-luminous-vivid-amber-color\"><strong>Seguro &amp; F\u00e1cil de Usar:<\/strong> <\/mark>Equipada com parada de emerg\u00eancia e dispositivos de prote\u00e7\u00e3o. Painel de controle intuitivo com configura\u00e7\u00f5es ajust\u00e1veis garante opera\u00e7\u00e3o segura, eficiente e sem preocupa\u00e7\u00f5es. Esta fatiadora de carne comercial \u00e9 uma escolha confi\u00e1vel para opera\u00e7\u00f5es de alto volume.<\/p> <\/div> <\/div>   <div class=\"wp-block-image\"> <figure class=\"aligncenter size-full\"><img loading=\"lazy\" decoding=\"async\" width=\"720\" height=\"540\" src=\"https:\/\/www.meatprocessingmachine.org\/wp-content\/uploads\/2026\/02\/Industrial-Meat-Slicing-Machine.webp\" alt=\"M\u00e1quina de Fatiar Carne Industrial\" class=\"wp-image-34648\" title=\"\" srcset=\"https:\/\/www.meatprocessingmachine.org\/wp-content\/uploads\/2026\/02\/Industrial-Meat-Slicing-Machine.webp 720w, https:\/\/www.meatprocessingmachine.org\/wp-content\/uploads\/2026\/02\/Industrial-Meat-Slicing-Machine-300x225.webp 300w, https:\/\/www.meatprocessingmachine.org\/wp-content\/uploads\/2026\/02\/Industrial-Meat-Slicing-Machine-16x12.webp 16w\" sizes=\"auto, (max-width: 720px) 100vw, 720px\" \/><figcaption class=\"wp-element-caption\">M\u00e1quina de Fatiar Carne Industrial<\/figcaption><\/figure> <\/div>   <h2 class=\"wp-block-heading\">Especifica\u00e7\u00f5es T\u00e9cnicas<\/h2>    <figure class=\"wp-block-table\"><table class=\"has-fixed-layout\"><thead><tr><th>Par\u00e2metro<\/th><th>SYFT-340<\/th><th>SYFT-500<\/th><\/tr><\/thead><tbody><tr><td>Modelo<\/td><td>SYFT-340<\/td><td>SYFT-500<\/td><\/tr><tr><td>Espessura de Corte<\/td><td>5\u2013100 mm<\/td><td>5\u2013100 mm<\/td><\/tr><tr><td>Tamanho de Alimenta\u00e7\u00e3o<\/td><td>340 mm (L) \u00d7 75 mm (A) (personaliz\u00e1vel)<\/td><td>500 mm (L) \u00d7 75 mm (A) (personaliz\u00e1vel)<\/td><\/tr><tr><td>Sa\u00edda<\/td><td>400\u2013500 kg\/h<\/td><td>600\u2013800 kg\/h<\/td><\/tr><tr><td>Tens\u00e3o de Trabalho<\/td><td>380\u202fV<\/td><td>380\u202fV<\/td><\/tr><tr><td>Pot\u00eancia<\/td><td>0,75\u202fkW<\/td><td>1.1 kW<\/td><\/tr><tr><td>Peso<\/td><td>160 kg<\/td><td>206 kg<\/td><\/tr><tr><td>Dimens\u00f5es (L \u00d7 W \u00d7 H)<\/td><td>1980 \u00d7 630 \u00d7 1210 mm<\/td><td>1980 \u00d7 780 \u00d7 1210 mm<\/td><\/tr><\/tbody><\/table><\/figure>   <div class=\"wp-block-image\"> <figure class=\"aligncenter size-full\"><img loading=\"lazy\" decoding=\"async\" width=\"720\" height=\"540\" src=\"https:\/\/www.meatprocessingmachine.org\/wp-content\/uploads\/2026\/02\/Fresh-Meat-Slicer.webp\" alt=\"Fatiador de Carne Fresca\" class=\"wp-image-34647\" title=\"\" srcset=\"https:\/\/www.meatprocessingmachine.org\/wp-content\/uploads\/2026\/02\/Fresh-Meat-Slicer.webp 720w, https:\/\/www.meatprocessingmachine.org\/wp-content\/uploads\/2026\/02\/Fresh-Meat-Slicer-300x225.webp 300w, https:\/\/www.meatprocessingmachine.org\/wp-content\/uploads\/2026\/02\/Fresh-Meat-Slicer-16x12.webp 16w\" sizes=\"auto, (max-width: 720px) 100vw, 720px\" \/><figcaption class=\"wp-element-caption\">Fatiador de Carne Fresca<\/figcaption><\/figure> <\/div>   <h2 class=\"wp-block-heading\">Por que escolher a Taizy?<\/h2>    <p>Escolher Taizy significa mais do que selecionar uma fatiadora de carne\u2014\u00e9 escolher qualidade confi\u00e1vel e suporte profissional. Vantagens principais incluem:<\/p>    <ul class=\"wp-block-list\"> <li><strong>Certifica\u00e7\u00e3o Internacional &amp; Garantia de Qualidade:<\/strong> Certificado ISO9001 e CE, testado pela SGS e TUV, atendendo padr\u00f5es internacionais com desempenho est\u00e1vel e confi\u00e1vel.<\/li>    <li><strong>Garantia de Um Ano e Servi\u00e7o Sem Preocupa\u00e7\u00f5es:<\/strong> Garantia total da m\u00e1quina por um ano, com suporte p\u00f3s-venda de resposta r\u00e1pida para reduzir riscos operacionais.<\/li>    <li><strong>Orienta\u00e7\u00e3o de Instala\u00e7\u00e3o &amp; Suporte Abrangente.<\/strong> Acompanha manual de instala\u00e7\u00e3o, suporta orienta\u00e7\u00e3o remota e engenheiros podem ser providenciados para treinamento no local, se necess\u00e1rio.<\/li>    <li><strong>Fornecimento Direto de F\u00e1brica &amp; Personaliza\u00e7\u00e3o:<\/strong> Anos de experi\u00eancia na ind\u00fastria permitem solu\u00e7\u00f5es personalizadas com base na capacidade de produ\u00e7\u00e3o e nas mat\u00e9rias-primas, adaptadas \u00e0s necessidades reais de produ\u00e7\u00e3o.<\/li> <\/ul>    <p>A fatiadora industrial de carne Taizy oferece solu\u00e7\u00f5es de processamento de carne eficientes, seguras e padronizadas, com qualidade est\u00e1vel, confiabilidade certificada e suporte de servi\u00e7o completo.<\/p>    <h2 class=\"wp-block-heading\">Produtos Relacionados<\/h2>    <p>Para atender \u00e0s diferentes etapas do processamento de carne, a Taizy oferece uma gama de equipamentos complementares de processamento de alimentos que podem ser usados junto com a fatiadora de carne para construir uma linha de produ\u00e7\u00e3o eficiente e padronizada.<\/p>    <p>Estes incluem:<\/p>    <ul class=\"wp-block-list\"> <li><strong>Moedores de carne e m\u00e1quinas de carne mo\u00edda<\/strong> \u2013 para prepara\u00e7\u00e3o e corte de mat\u00e9ria-prima.<\/li>    <li><strong><a href=\"https:\/\/www.meatprocessingmachine.org\/pt\/frozen-block-breaker-for-meat.html\/\">Fatiadores de carne congelada comerciais <\/a><\/strong>\u2013 para processamento de carne congelada.<\/li>    <li><strong>Tumbler de carne, misturadores a v\u00e1cuo e enchimentos autom\u00e1ticos de salsicha<\/strong> \u2013 para melhorar textura, sabor e efici\u00eancia de produ\u00e7\u00e3o.<\/li> <\/ul>    <p>Todo o equipamento \u00e9 feito de materiais de grau aliment\u00edcio com estabilidade de n\u00edvel industrial. Eles supportam combina\u00e7\u00f5es modulares e personaliza\u00e7\u00e3o, ajudando as empresas a automatizar o processo de produ\u00e7\u00e3o do in\u00edcio ao fim, melhorando a capacidade e a consist\u00eancia do produto.<\/p>   <div class=\"wp-block-image\"> <figure class=\"aligncenter size-full\"><img loading=\"lazy\" decoding=\"async\" width=\"720\" height=\"540\" src=\"https:\/\/www.meatprocessingmachine.org\/wp-content\/uploads\/2021\/11\/Frozen-block-breaker.jpg\" alt=\"Quebrador de bloco congelado\" class=\"wp-image-32296\" title=\"\" srcset=\"https:\/\/www.meatprocessingmachine.org\/wp-content\/uploads\/2021\/11\/Frozen-block-breaker.jpg 720w, https:\/\/www.meatprocessingmachine.org\/wp-content\/uploads\/2021\/11\/Frozen-block-breaker-300x225.jpg 300w\" sizes=\"auto, (max-width: 720px) 100vw, 720px\" \/><figcaption class=\"wp-element-caption\">Quebrador de bloco congelado<\/figcaption><\/figure> <\/div>","protected":false},"excerpt":{"rendered":"<p>The Taizy meat slicing machine is an automated device designed for meat processing. It quickly cuts fresh meat into uniform thin slices, thick slices, or strips, suitable for both commercial-scale production and small-to-medium processing. This automatic meat slicer is ideal for businesses looking for precision and efficiency. It comes in two models, SYFT-340 and SYFT-500, [&hellip;]<\/p>\n","protected":false},"author":1,"featured_media":34656,"parent":0,"template":"","product-type":[582,583,589],"class_list":["post-34646","product","type-product","status-publish","has-post-thumbnail","hentry","product-type-cattle-sheep","product-type-chicken-turkey","product-type-meat-cutting-machine"],"_links":{"self":[{"href":"https:\/\/www.meatprocessingmachine.org\/pt\/wp-json\/wp\/v2\/product\/34646","targetHints":{"allow":["GET"]}}],"collection":[{"href":"https:\/\/www.meatprocessingmachine.org\/pt\/wp-json\/wp\/v2\/product"}],"about":[{"href":"https:\/\/www.meatprocessingmachine.org\/pt\/wp-json\/wp\/v2\/types\/product"}],"author":[{"embeddable":true,"href":"https:\/\/www.meatprocessingmachine.org\/pt\/wp-json\/wp\/v2\/users\/1"}],"wp:featuredmedia":[{"embeddable":true,"href":"https:\/\/www.meatprocessingmachine.org\/pt\/wp-json\/wp\/v2\/media\/34656"}],"wp:attachment":[{"href":"https:\/\/www.meatprocessingmachine.org\/pt\/wp-json\/wp\/v2\/media?parent=34646"}],"wp:term":[{"taxonomy":"product-type","embeddable":true,"href":"https:\/\/www.meatprocessingmachine.org\/pt\/wp-json\/wp\/v2\/product-type?post=34646"}],"curies":[{"name":"wp","href":"https:\/\/api.w.org\/{rel}","templated":true}]}}