{"id":34714,"date":"2026-02-24T16:23:05","date_gmt":"2026-02-24T08:23:05","guid":{"rendered":"https:\/\/www.meatprocessingmachine.org\/?post_type=product&#038;p=34714"},"modified":"2026-03-06T09:58:31","modified_gmt":"2026-03-06T01:58:31","slug":"fresh-meat-strip-cutting-machine","status":"publish","type":"product","link":"https:\/\/www.meatprocessingmachine.org\/pt\/fresh-meat-strip-cutting-machine.html","title":{"rendered":"M\u00e1quina de Corte de Tiras de Carne Fresca"},"content":{"rendered":"<div class=\"kk-star-ratings kksr-auto kksr-align-right kksr-valign-top\"     data-payload='{&quot;align&quot;:&quot;right&quot;,&quot;id&quot;:&quot;34714&quot;,&quot;slug&quot;:&quot;default&quot;,&quot;valign&quot;:&quot;top&quot;,&quot;ignore&quot;:&quot;&quot;,&quot;reference&quot;:&quot;auto&quot;,&quot;class&quot;:&quot;&quot;,&quot;count&quot;:&quot;0&quot;,&quot;legendonly&quot;:&quot;&quot;,&quot;readonly&quot;:&quot;&quot;,&quot;score&quot;:&quot;0&quot;,&quot;starsonly&quot;:&quot;&quot;,&quot;best&quot;:&quot;5&quot;,&quot;gap&quot;:&quot;5&quot;,&quot;greet&quot;:&quot;Rate this product&quot;,&quot;legend&quot;:&quot;0\\\/5 - (0 voto)&quot;,&quot;size&quot;:&quot;24&quot;,&quot;title&quot;:&quot;Fresh Meat Strip Cutting Machine&quot;,&quot;width&quot;:&quot;0&quot;,&quot;_legend&quot;:&quot;{score}\\\/{best} - ({count} {votes})&quot;,&quot;font_factor&quot;:&quot;1.25&quot;}'>              <div class=\"kksr-stars\">      <div class=\"kksr-stars-inactive\">             <div class=\"kksr-star\" data-star=\"1\" style=\"padding-right: 5px\">               <div class=\"kksr-icon\" style=\"width: 24px; height: 24px;\"><\/div>         <\/div>             <div class=\"kksr-star\" data-star=\"2\" style=\"padding-right: 5px\">               <div class=\"kksr-icon\" style=\"width: 24px; height: 24px;\"><\/div>         <\/div>             <div class=\"kksr-star\" data-star=\"3\" style=\"padding-right: 5px\">               <div class=\"kksr-icon\" style=\"width: 24px; height: 24px;\"><\/div>         <\/div>             <div class=\"kksr-star\" data-star=\"4\" style=\"padding-right: 5px\">               <div class=\"kksr-icon\" style=\"width: 24px; height: 24px;\"><\/div>         <\/div>             <div class=\"kksr-star\" data-star=\"5\" style=\"padding-right: 5px\">               <div class=\"kksr-icon\" style=\"width: 24px; height: 24px;\"><\/div>         <\/div>     <\/div>      <div class=\"kksr-stars-active\" style=\"width: 0px;\">             <div class=\"kksr-star\" style=\"padding-right: 5px\">               <div class=\"kksr-icon\" style=\"width: 24px; height: 24px;\"><\/div>         <\/div>             <div class=\"kksr-star\" style=\"padding-right: 5px\">               <div class=\"kksr-icon\" style=\"width: 24px; height: 24px;\"><\/div>         <\/div>             <div class=\"kksr-star\" style=\"padding-right: 5px\">               <div class=\"kksr-icon\" style=\"width: 24px; height: 24px;\"><\/div>         <\/div>             <div class=\"kksr-star\" style=\"padding-right: 5px\">               <div class=\"kksr-icon\" style=\"width: 24px; height: 24px;\"><\/div>         <\/div>             <div class=\"kksr-star\" style=\"padding-right: 5px\">               <div class=\"kksr-icon\" style=\"width: 24px; height: 24px;\"><\/div>         <\/div>     <\/div> <\/div>                   <div class=\"kksr-legend\" style=\"font-size: 19.2px;\">             <span class=\"kksr-muted\">Avalie este produto<\/span>     <\/div>     <\/div>  <p class=\"translation-block\">A  m\u00e1quina de corte de carne fresca  \u00e9 uma m\u00e1quina profissional de processamento de carne projetada para cortar carne fresca em  tiras, fatias, cubos ou peda\u00e7os .<\/p>    <figure class=\"wp-block-gallery has-nested-images columns-default is-cropped wp-block-gallery-2 is-layout-flex wp-block-gallery-is-layout-flex\"> <figure class=\"wp-block-image size-large\"><img loading=\"lazy\" decoding=\"async\" width=\"720\" height=\"540\" data-id=\"34716\" src=\"https:\/\/www.meatprocessingmachine.org\/wp-content\/uploads\/2026\/02\/Strip-Cut-Fresh-Meat.webp\" alt=\"Carne fresca em tiras\" class=\"wp-image-34716\" title=\"\" srcset=\"https:\/\/www.meatprocessingmachine.org\/wp-content\/uploads\/2026\/02\/Strip-Cut-Fresh-Meat.webp 720w, https:\/\/www.meatprocessingmachine.org\/wp-content\/uploads\/2026\/02\/Strip-Cut-Fresh-Meat-300x225.webp 300w, https:\/\/www.meatprocessingmachine.org\/wp-content\/uploads\/2026\/02\/Strip-Cut-Fresh-Meat-16x12.webp 16w\" sizes=\"auto, (max-width: 720px) 100vw, 720px\" \/><figcaption class=\"wp-element-caption\">Carne fresca em tiras<\/figcaption><\/figure>    <figure class=\"wp-block-image size-large\"><img loading=\"lazy\" decoding=\"async\" width=\"720\" height=\"540\" data-id=\"34715\" src=\"https:\/\/www.meatprocessingmachine.org\/wp-content\/uploads\/2026\/02\/Chunk-Cut-Fresh-Meat.webp\" alt=\"Carne fresca cortada em peda\u00e7os\" class=\"wp-image-34715\" title=\"\" srcset=\"https:\/\/www.meatprocessingmachine.org\/wp-content\/uploads\/2026\/02\/Chunk-Cut-Fresh-Meat.webp 720w, https:\/\/www.meatprocessingmachine.org\/wp-content\/uploads\/2026\/02\/Chunk-Cut-Fresh-Meat-300x225.webp 300w, https:\/\/www.meatprocessingmachine.org\/wp-content\/uploads\/2026\/02\/Chunk-Cut-Fresh-Meat-16x12.webp 16w\" sizes=\"auto, (max-width: 720px) 100vw, 720px\" \/><figcaption class=\"wp-element-caption\">Carne fresca cortada em peda\u00e7os<\/figcaption><\/figure> <\/figure>    <p class=\"translation-block\">A Taizy oferece os modelos 340 e 500, com capacidades de produ\u00e7\u00e3o ajustadas \u00e0s diferentes necessidades de processamento \u2014 o modelo 340 atinge <strong><mark class=\"has-inline-color has-luminous-vivid-amber-color\">0\u2013600\u202fkg\/h<\/mark><\/strong>, enquanto o modelo 500 pode chegar at\u00e9 <strong><mark class=\"has-inline-color has-luminous-vivid-amber-color\">0\u20131000\u202fkg\/h<\/mark><\/strong>.<\/p>   <div class=\"wp-block-image\"> <figure class=\"aligncenter size-full\"><img loading=\"lazy\" decoding=\"async\" width=\"720\" height=\"540\" src=\"https:\/\/www.meatprocessingmachine.org\/wp-content\/uploads\/2026\/02\/Fresh-Meat-Strip-Cutting-Machine.webp\" alt=\"M\u00e1quina de Corte de Tiras de Carne Fresca\" class=\"wp-image-34721\" title=\"\" srcset=\"https:\/\/www.meatprocessingmachine.org\/wp-content\/uploads\/2026\/02\/Fresh-Meat-Strip-Cutting-Machine.webp 720w, https:\/\/www.meatprocessingmachine.org\/wp-content\/uploads\/2026\/02\/Fresh-Meat-Strip-Cutting-Machine-300x225.webp 300w, https:\/\/www.meatprocessingmachine.org\/wp-content\/uploads\/2026\/02\/Fresh-Meat-Strip-Cutting-Machine-16x12.webp 16w\" sizes=\"auto, (max-width: 720px) 100vw, 720px\" \/><figcaption class=\"wp-element-caption\">M\u00e1quina de Corte de Tiras de Carne Fresca<\/figcaption><\/figure> <\/div>   <p class=\"translation-block\">Feito de a\u00e7o inox de alta qualidade e equipado com l\u00e2minas de a\u00e7o inox <strong><mark class=\"has-inline-color has-luminous-vivid-amber-color\">440C<\/mark><\/strong> de alta dureza, a m\u00e1quina garante cortes afiados e eficientes. O conjunto de l\u00e2minas pode ser trocado rapidamente em 1 minuto, permitindo processamento vers\u00e1til em uma etapa para tiras\/fatiados e uma segunda etapa para cubos\/pedacinhos.<\/p>    <figure class=\"wp-block-embed is-type-video is-provider-youtube wp-block-embed-youtube wp-embed-aspect-16-9 wp-has-aspect-ratio\"><div class=\"wp-block-embed__wrapper\"> <iframe loading=\"lazy\" title=\"M\u00e1quina potente de corte de tiras de carne fresca para processamento eficiente de carne\" width=\"500\" height=\"281\" src=\"https:\/\/www.youtube.com\/embed\/HYhztLgd1_U?feature=oembed\" frameborder=\"0\" allow=\"accelerometer; autoplay; clipboard-write; encrypted-media; gyroscope; picture-in-picture; web-share\" referrerpolicy=\"strict-origin-when-cross-origin\" allowfullscreen><\/iframe> <\/div><\/figure>    <h2 class=\"wp-block-heading\">Fun\u00e7\u00f5es da M\u00e1quina de Corte de Tiras de Carne Fresca<\/h2>    <p class=\"translation-block\"><strong><mark class=\"has-inline-color has-luminous-vivid-amber-color\">Corte de m\u00faltiplos tamanhos, uma m\u00e1quina para m\u00faltiplos usos<\/mark><\/strong><\/p>    <p>A m\u00e1quina pode cortar carne em tiras ou fatias em uma etapa, com tamanho uniforme e superf\u00edcies lisas. Tamb\u00e9m suporta uma segunda etapa para cubar ou dividir em peda\u00e7os, atendendo a diferentes requisitos de produto e melhorando a flexibilidade de produ\u00e7\u00e3o.<\/p>    <p class=\"translation-block\"><strong><mark class=\"has-inline-color has-luminous-vivid-amber-color\">Design de troca r\u00e1pida de l\u00e2minas<\/mark><\/strong><\/p>    <p>O conjunto de l\u00e2minas modular pode ser removido e substitu\u00eddo em 1 minuto, reduzindo significativamente o tempo de inatividade e permitindo troca r\u00e1pida entre diferentes tamanhos de produtos.<\/p>    <p class=\"translation-block\"><strong><mark class=\"has-inline-color has-luminous-vivid-amber-color\">Op\u00e7\u00f5es de Corte Personalizado<\/mark><\/strong><\/p>    <p>Suporta l\u00e2minas personalizadas para lidar com uma variedade de mat\u00e9rias-primas, incluindo carne com osso como frango, pato e peixe, permitindo cortes precisos.<\/p>   <div class=\"wp-block-image\"> <figure class=\"aligncenter size-full\"><img loading=\"lazy\" decoding=\"async\" width=\"720\" height=\"540\" src=\"https:\/\/www.meatprocessingmachine.org\/wp-content\/uploads\/2026\/02\/Meat-Slicing-Cutting-Machine.webp\" alt=\"M\u00e1quina de Corte de Fatiar Carne\" class=\"wp-image-34720\" title=\"\" srcset=\"https:\/\/www.meatprocessingmachine.org\/wp-content\/uploads\/2026\/02\/Meat-Slicing-Cutting-Machine.webp 720w, https:\/\/www.meatprocessingmachine.org\/wp-content\/uploads\/2026\/02\/Meat-Slicing-Cutting-Machine-300x225.webp 300w, https:\/\/www.meatprocessingmachine.org\/wp-content\/uploads\/2026\/02\/Meat-Slicing-Cutting-Machine-16x12.webp 16w\" sizes=\"auto, (max-width: 720px) 100vw, 720px\" \/><figcaption class=\"wp-element-caption\">M\u00e1quina de Corte de Fatiar Carne<\/figcaption><\/figure> <\/div>   <h2 class=\"wp-block-heading\">Mat\u00e9rias-primas adequadas<\/h2>    <p>O cortador de tiras de carne lida com quatro categorias principais de mat\u00e9rias-primas, processando eficientemente produtos sem osso e com osso personalizado:<\/p>    <ul class=\"wp-block-list\"> <li><strong>Carne Fresca:<\/strong> Porco, carne bovina, cordeiro e outras carnes frescas sem osso<\/li>    <li><strong>Massas\/ Massa:<\/strong> Tiras, fatias ou cubos de diversos produtos de massa<\/li>    <li><strong>Vegetais:<\/strong> Legumes de raiz e folhas, como rabanete, batata, raiz de l\u00f3tus e verduras<\/li>    <li><strong>Produtos especiais:<\/strong> Alimentos cozidos, bem como aves e peixes com osso (frango, pato, peixe) com l\u00e2minas personalizadas<\/li> <\/ul>    <figure class=\"wp-block-gallery has-nested-images columns-default is-cropped wp-block-gallery-3 is-layout-flex wp-block-gallery-is-layout-flex\"> <figure class=\"wp-block-image size-large\"><img loading=\"lazy\" decoding=\"async\" width=\"720\" height=\"540\" data-id=\"34724\" src=\"https:\/\/www.meatprocessingmachine.org\/wp-content\/uploads\/2026\/02\/Lamb.webp\" alt=\"Carne de Cordeiro\" class=\"wp-image-34724\" title=\"\" srcset=\"https:\/\/www.meatprocessingmachine.org\/wp-content\/uploads\/2026\/02\/Lamb.webp 720w, https:\/\/www.meatprocessingmachine.org\/wp-content\/uploads\/2026\/02\/Lamb-300x225.webp 300w, https:\/\/www.meatprocessingmachine.org\/wp-content\/uploads\/2026\/02\/Lamb-16x12.webp 16w\" sizes=\"auto, (max-width: 720px) 100vw, 720px\" \/><figcaption class=\"wp-element-caption\">Carne de Cordeiro<\/figcaption><\/figure>    <figure class=\"wp-block-image size-large\"><img loading=\"lazy\" decoding=\"async\" width=\"720\" height=\"540\" data-id=\"34723\" src=\"https:\/\/www.meatprocessingmachine.org\/wp-content\/uploads\/2026\/02\/Beef.webp\" alt=\"Carne bovina\" class=\"wp-image-34723\" title=\"\" srcset=\"https:\/\/www.meatprocessingmachine.org\/wp-content\/uploads\/2026\/02\/Beef.webp 720w, https:\/\/www.meatprocessingmachine.org\/wp-content\/uploads\/2026\/02\/Beef-300x225.webp 300w, https:\/\/www.meatprocessingmachine.org\/wp-content\/uploads\/2026\/02\/Beef-16x12.webp 16w\" sizes=\"auto, (max-width: 720px) 100vw, 720px\" \/><figcaption class=\"wp-element-caption\">Carne bovina<\/figcaption><\/figure>    <figure class=\"wp-block-image size-large\"><img loading=\"lazy\" decoding=\"async\" width=\"720\" height=\"540\" data-id=\"34725\" src=\"https:\/\/www.meatprocessingmachine.org\/wp-content\/uploads\/2026\/02\/Potato-Slices.webp\" alt=\"Fatias de Batata\" class=\"wp-image-34725\" title=\"\" srcset=\"https:\/\/www.meatprocessingmachine.org\/wp-content\/uploads\/2026\/02\/Potato-Slices.webp 720w, https:\/\/www.meatprocessingmachine.org\/wp-content\/uploads\/2026\/02\/Potato-Slices-300x225.webp 300w, https:\/\/www.meatprocessingmachine.org\/wp-content\/uploads\/2026\/02\/Potato-Slices-16x12.webp 16w\" sizes=\"auto, (max-width: 720px) 100vw, 720px\" \/><figcaption class=\"wp-element-caption\">Fatias de Batata<\/figcaption><\/figure> <\/figure>    <h2 class=\"wp-block-heading\">Quais s\u00e3o as vantagens principais da M\u00e1quina de Corte de Tiras de Carne Fresca?<\/h2>    <div class=\"wp-block-columns is-layout-flex wp-container-core-columns-is-layout-9d6595d7 wp-block-columns-is-layout-flex\"> <div class=\"wp-block-column is-layout-flow wp-block-column-is-layout-flow\"> <p class=\"has-text-align-center translation-block\"><strong><mark class=\"has-inline-color has-luminous-vivid-amber-color\">Alta capacidade de produ\u00e7\u00e3o<\/mark><\/strong><\/p>    <p>O modelo 340 atinge 0\u2013600\u202fkg\/h, e o modelo 500 at\u00e9 0\u20131000\u202fkg\/h, atendendo \u00e0s necessidades de pequenas a grandes ind\u00fastrias de processamento e possibilitando processamento em lotes eficiente.<\/p> <\/div>    <div class=\"wp-block-column is-layout-flow wp-block-column-is-layout-flow\"> <p class=\"has-text-align-center translation-block\"><strong><mark class=\"has-inline-color has-luminous-vivid-amber-color\">Sistema de motor potente<\/mark><\/strong><\/p>    <p>Equipado com um motor de 1,5\u202fkW, a m\u00e1quina funciona suavemente com pot\u00eancia suficiente, suportando opera\u00e7\u00e3o cont\u00ednua de longa dura\u00e7\u00e3o e produ\u00e7\u00e3o est\u00e1vel.<\/p> <\/div> <\/div>    <div class=\"wp-block-columns is-layout-flex wp-container-core-columns-is-layout-9d6595d7 wp-block-columns-is-layout-flex\"> <div class=\"wp-block-column is-layout-flow wp-block-column-is-layout-flow\"> <p class=\"has-text-align-center translation-block\"><strong><mark class=\"has-inline-color has-luminous-vivid-amber-color\">Grande capacidade de alimenta\u00e7\u00e3o<\/mark><\/strong><\/p>    <p>Pode lidar facilmente com grandes peda\u00e7os de carne fresca ou massa, melhorando a utiliza\u00e7\u00e3o da mat\u00e9ria-prima.<\/p> <\/div>    <div class=\"wp-block-column is-layout-flow wp-block-column-is-layout-flow\"> <p class=\"has-text-align-center translation-block\"><strong><mark class=\"has-inline-color has-luminous-vivid-amber-color\">Materiais dur\u00e1veis e de alta qualidade<\/mark><\/strong><\/p>    <p>Feita de a\u00e7o inox premium, resistente \u00e0 corros\u00e3o e f\u00e1cil de limpar, atendendo aos padr\u00f5es de higiene alimentar. As l\u00e2minas s\u00e3o de a\u00e7o inox 440C, afiadas e resistentes para desempenho de corte duradouro.<\/p> <\/div> <\/div>    <div class=\"wp-block-columns is-layout-flex wp-container-core-columns-is-layout-9d6595d7 wp-block-columns-is-layout-flex\"> <div class=\"wp-block-column is-layout-flow wp-block-column-is-layout-flow\"> <p class=\"has-text-align-center translation-block\"><strong><mark class=\"has-inline-color has-luminous-vivid-amber-color\">Opera\u00e7\u00e3o f\u00e1cil<\/mark><\/strong><\/p>    <p>Design integrado com troca r\u00e1pida de l\u00e2minas e corte multifuncional reduz passos manuais e melhora a efici\u00eancia do processamento.<\/p> <\/div>    <div class=\"wp-block-column is-layout-flow wp-block-column-is-layout-flow\"> <p class=\"has-text-align-center translation-block\"><strong><mark class=\"has-inline-color has-luminous-vivid-amber-color\">Fun\u00e7\u00f5es de corte vers\u00e1teis<\/mark><\/strong><\/p>    <p>Suporta corte em tiras, fatias, cubos e peda\u00e7os. Corte em uma etapa para tiras ou fatias e uma segunda etapa para cubar, oferecendo op\u00e7\u00f5es de processamento flex\u00edveis para diferentes requisitos de produto.<\/p> <\/div> <\/div>   <div class=\"wp-block-image\"> <figure class=\"aligncenter size-full\"><img loading=\"lazy\" decoding=\"async\" width=\"720\" height=\"540\" src=\"https:\/\/www.meatprocessingmachine.org\/wp-content\/uploads\/2026\/02\/Fresh-Meat-Strip-Cutting-Machine-For-Sale.webp\" alt=\"M\u00e1quina de Corte de Tiras de Carne Fresca \u00e0 Venda\" class=\"wp-image-34718\" title=\"\" srcset=\"https:\/\/www.meatprocessingmachine.org\/wp-content\/uploads\/2026\/02\/Fresh-Meat-Strip-Cutting-Machine-For-Sale.webp 720w, https:\/\/www.meatprocessingmachine.org\/wp-content\/uploads\/2026\/02\/Fresh-Meat-Strip-Cutting-Machine-For-Sale-300x225.webp 300w, https:\/\/www.meatprocessingmachine.org\/wp-content\/uploads\/2026\/02\/Fresh-Meat-Strip-Cutting-Machine-For-Sale-16x12.webp 16w\" sizes=\"auto, (max-width: 720px) 100vw, 720px\" \/><figcaption class=\"wp-element-caption\">M\u00e1quina de Corte de Tiras de Carne Fresca \u00e0 Venda<\/figcaption><\/figure> <\/div>   <h2 class=\"wp-block-heading\">Par\u00e2metros T\u00e9cnicos<\/h2>    <figure class=\"wp-block-table\"><table class=\"has-fixed-layout\"><thead><tr><th>Par\u00e2metro<\/th><th>Modelo 340 de Cortador de Tiras de Carne Fresca<\/th><th>Modelo 500 de Cortador de Tiras de Carne Fresca<\/th><\/tr><\/thead><tbody><tr><td>Pot\u00eancia do motor<\/td><td>1,5\u202fkW<\/td><td>1,5\u202fkW<\/td><\/tr><tr><td>Tens\u00e3o<\/td><td>380\u202fV<\/td><td>380\u202fV<\/td><\/tr><tr><td>Tamanho m\u00e1ximo de alimenta\u00e7\u00e3o<\/td><td>480 \u00d7 70\u202fmm<\/td><td>480 \u00d7 70\u202fmm<\/td><\/tr><tr><td>Capacidade de produ\u00e7\u00e3o<\/td><td>0\u2013600\u202fkg\/h<\/td><td>0\u20131000\u202fkg\/h<\/td><\/tr><tr><td>Peso da m\u00e1quina<\/td><td>180\u202fkg<\/td><td>200\u202fkg<\/td><\/tr><tr><td>Dimens\u00f5es (L \u00d7 W \u00d7 H)<\/td><td>1680 \u00d7 680 \u00d7 1160\u202fmm<\/td><td>1680 \u00d7 860 \u00d7 1160\u202fmm<\/td><\/tr><\/tbody><\/table><\/figure>   <div class=\"wp-block-image\"> <figure class=\"aligncenter size-full\"><img loading=\"lazy\" decoding=\"async\" width=\"720\" height=\"540\" src=\"https:\/\/www.meatprocessingmachine.org\/wp-content\/uploads\/2026\/02\/Fresh-Meat-Strip-Cutter.webp\" alt=\"Cortador de Tiras de Carne Fresca\" class=\"wp-image-34717\" title=\"\" srcset=\"https:\/\/www.meatprocessingmachine.org\/wp-content\/uploads\/2026\/02\/Fresh-Meat-Strip-Cutter.webp 720w, https:\/\/www.meatprocessingmachine.org\/wp-content\/uploads\/2026\/02\/Fresh-Meat-Strip-Cutter-300x225.webp 300w, https:\/\/www.meatprocessingmachine.org\/wp-content\/uploads\/2026\/02\/Fresh-Meat-Strip-Cutter-16x12.webp 16w\" sizes=\"auto, (max-width: 720px) 100vw, 720px\" \/><figcaption class=\"wp-element-caption\">Cortador de Tiras de Carne Fresca<\/figcaption><\/figure> <\/div>   <h2 class=\"wp-block-heading\">Por que escolher a M\u00e1quina de Corte de Tiras de Carne Fresca Taizy?<\/h2>    <p class=\"translation-block\"><strong>Certifica\u00e7\u00e3o confi\u00e1vel, qualidade garantida<\/strong><\/p>    <p>As m\u00e1quinas de corte de tiras de carne fresca Taizy possuem m\u00faltiplas certifica\u00e7\u00f5es internacionais, incluindo ISO9001, CE, e testes realizados pela SGS e TUV. Cada etapa, desde o design e produ\u00e7\u00e3o at\u00e9 a entrega, atende aos padr\u00f5es internacionais de qualidade e seguran\u00e7a, garantindo desempenho reconhecido globalmente.<\/p>    <p class=\"translation-block\"><strong>Servi\u00e7o p\u00f3s-venda abrangente<\/strong><\/p>    <ul class=\"wp-block-list\"> <li><strong>Garantia Estendida:<\/strong> Todas as m\u00e1quinas v\u00eam com garantia gratuita de 1 ano. Danos n\u00e3o causados por humanos s\u00e3o reparados ou substitu\u00eddos sem custo.<\/li>    <li><strong>Orienta\u00e7\u00e3o Completa de Instala\u00e7\u00e3o:<\/strong> Manuais padronizados e suporte remoto profissional ajudam as empresas a configurar rapidamente a m\u00e1quina.<\/li>    <li><strong>Suporte no local:<\/strong> Para instala\u00e7\u00f5es complexas, engenheiros podem ser enviados para lidar com instala\u00e7\u00e3o, comissionamento e treinamento de operadores, garantindo in\u00edcio r\u00e1pido da produ\u00e7\u00e3o.<\/li> <\/ul>    <p>Desde o design central e qualidade certificada at\u00e9 o suporte p\u00f3s-venda completo, as m\u00e1quinas de corte de tiras de carne fresca Taizy capacitam empresas de processamento de alimentos e s\u00e3o a escolha preferida em corte e processamento de carne.<\/p>    <p class=\"translation-block\">Al\u00e9m da m\u00e1quina de corte de tiras de carne fresca, tamb\u00e9m oferecemos <strong><a href=\"https:\/\/www.meatprocessingmachine.org\/pt\/products\/meat-cutting-machine\/\">m\u00e1quinas de fatiar carne<\/a><\/strong> e outros equipamentos de processamento de carne para apoiar suas necessidades de produ\u00e7\u00e3o. Se estiver interessado, entre em contato conosco para mais detalhes.<\/p>   <div class=\"wp-block-image\"> <figure class=\"aligncenter size-full\"><img loading=\"lazy\" decoding=\"async\" width=\"720\" height=\"540\" src=\"https:\/\/www.meatprocessingmachine.org\/wp-content\/uploads\/2026\/02\/Industrial-Meat-Slicing-Machine.webp\" alt=\"M\u00e1quina de Fatiar Carne Industrial\" class=\"wp-image-34648\" title=\"\" srcset=\"https:\/\/www.meatprocessingmachine.org\/wp-content\/uploads\/2026\/02\/Industrial-Meat-Slicing-Machine.webp 720w, https:\/\/www.meatprocessingmachine.org\/wp-content\/uploads\/2026\/02\/Industrial-Meat-Slicing-Machine-300x225.webp 300w, https:\/\/www.meatprocessingmachine.org\/wp-content\/uploads\/2026\/02\/Industrial-Meat-Slicing-Machine-16x12.webp 16w\" sizes=\"auto, (max-width: 720px) 100vw, 720px\" \/><figcaption class=\"wp-element-caption\">M\u00e1quina de Fatiar Carne Industrial<\/figcaption><\/figure> <\/div>","protected":false},"excerpt":{"rendered":"<p>The fresh meat strip cutting machine is a professional meat processing machine designed for cutting fresh meat into strips, slices, cubes, or chunks. Taizy offers the 340 and 500 models, with production capacities tailored to different processing needs \u2014 the 340 model reaches 0\u2013600\u202fkg\/h, while the 500 model can go up to 0\u20131000\u202fkg\/h. Made of [&hellip;]<\/p>\n","protected":false},"author":1,"featured_media":34727,"parent":0,"template":"","product-type":[582,583,589],"class_list":["post-34714","product","type-product","status-publish","has-post-thumbnail","hentry","product-type-cattle-sheep","product-type-chicken-turkey","product-type-meat-cutting-machine"],"_links":{"self":[{"href":"https:\/\/www.meatprocessingmachine.org\/pt\/wp-json\/wp\/v2\/product\/34714","targetHints":{"allow":["GET"]}}],"collection":[{"href":"https:\/\/www.meatprocessingmachine.org\/pt\/wp-json\/wp\/v2\/product"}],"about":[{"href":"https:\/\/www.meatprocessingmachine.org\/pt\/wp-json\/wp\/v2\/types\/product"}],"author":[{"embeddable":true,"href":"https:\/\/www.meatprocessingmachine.org\/pt\/wp-json\/wp\/v2\/users\/1"}],"wp:featuredmedia":[{"embeddable":true,"href":"https:\/\/www.meatprocessingmachine.org\/pt\/wp-json\/wp\/v2\/media\/34727"}],"wp:attachment":[{"href":"https:\/\/www.meatprocessingmachine.org\/pt\/wp-json\/wp\/v2\/media?parent=34714"}],"wp:term":[{"taxonomy":"product-type","embeddable":true,"href":"https:\/\/www.meatprocessingmachine.org\/pt\/wp-json\/wp\/v2\/product-type?post=34714"}],"curies":[{"name":"wp","href":"https:\/\/api.w.org\/{rel}","templated":true}]}}