{"id":53,"date":"2018-10-25T03:50:05","date_gmt":"2018-10-24T19:50:05","guid":{"rendered":"http:\/\/www.meatprocessingmachine.org\/?p=53"},"modified":"2026-02-12T16:43:38","modified_gmt":"2026-02-12T08:43:38","slug":"meat-saline-injection-machine","status":"publish","type":"product","link":"https:\/\/www.meatprocessingmachine.org\/pt\/meat-saline-injection-machine.html","title":{"rendered":"M\u00e1quina injetora de salmoura | m\u00e1quina de inje\u00e7\u00e3o salina"},"content":{"rendered":"<div class=\"kk-star-ratings kksr-auto kksr-align-right kksr-valign-top\"     data-payload='{&quot;align&quot;:&quot;right&quot;,&quot;id&quot;:&quot;53&quot;,&quot;slug&quot;:&quot;default&quot;,&quot;valign&quot;:&quot;top&quot;,&quot;ignore&quot;:&quot;&quot;,&quot;reference&quot;:&quot;auto&quot;,&quot;class&quot;:&quot;&quot;,&quot;count&quot;:&quot;0&quot;,&quot;legendonly&quot;:&quot;&quot;,&quot;readonly&quot;:&quot;&quot;,&quot;score&quot;:&quot;0&quot;,&quot;starsonly&quot;:&quot;&quot;,&quot;best&quot;:&quot;5&quot;,&quot;gap&quot;:&quot;5&quot;,&quot;greet&quot;:&quot;Rate this product&quot;,&quot;legend&quot;:&quot;0\\\/5 - (0 voto)&quot;,&quot;size&quot;:&quot;24&quot;,&quot;title&quot;:&quot;Brine injector machine | saline injection machine&quot;,&quot;width&quot;:&quot;0&quot;,&quot;_legend&quot;:&quot;{score}\\\/{best} - ({count} {votes})&quot;,&quot;font_factor&quot;:&quot;1.25&quot;}'>              <div class=\"kksr-stars\">      <div class=\"kksr-stars-inactive\">             <div class=\"kksr-star\" data-star=\"1\" style=\"padding-right: 5px\">               <div class=\"kksr-icon\" style=\"width: 24px; height: 24px;\"><\/div>         <\/div>             <div class=\"kksr-star\" data-star=\"2\" style=\"padding-right: 5px\">               <div class=\"kksr-icon\" style=\"width: 24px; height: 24px;\"><\/div>         <\/div>             <div class=\"kksr-star\" data-star=\"3\" style=\"padding-right: 5px\">               <div class=\"kksr-icon\" style=\"width: 24px; height: 24px;\"><\/div>         <\/div>             <div class=\"kksr-star\" data-star=\"4\" style=\"padding-right: 5px\">               <div class=\"kksr-icon\" style=\"width: 24px; height: 24px;\"><\/div>         <\/div>             <div class=\"kksr-star\" data-star=\"5\" style=\"padding-right: 5px\">               <div class=\"kksr-icon\" style=\"width: 24px; height: 24px;\"><\/div>         <\/div>     <\/div>      <div class=\"kksr-stars-active\" style=\"width: 0px;\">             <div class=\"kksr-star\" style=\"padding-right: 5px\">               <div class=\"kksr-icon\" style=\"width: 24px; height: 24px;\"><\/div>         <\/div>             <div class=\"kksr-star\" style=\"padding-right: 5px\">               <div class=\"kksr-icon\" style=\"width: 24px; height: 24px;\"><\/div>         <\/div>             <div class=\"kksr-star\" style=\"padding-right: 5px\">               <div class=\"kksr-icon\" style=\"width: 24px; height: 24px;\"><\/div>         <\/div>             <div class=\"kksr-star\" style=\"padding-right: 5px\">               <div class=\"kksr-icon\" style=\"width: 24px; height: 24px;\"><\/div>         <\/div>             <div class=\"kksr-star\" style=\"padding-right: 5px\">               <div class=\"kksr-icon\" style=\"width: 24px; height: 24px;\"><\/div>         <\/div>     <\/div> <\/div>                   <div class=\"kksr-legend\" style=\"font-size: 19.2px;\">             <span class=\"kksr-muted\">Avalie este produto<\/span>     <\/div>     <\/div> <p>Esta m\u00e1quina injetora de salmoura \u00e9 para injetar salmoura, amido, prote\u00edna de soja e outros materiais auxiliares na carne para marinar completamente. Baseada em tecnologia avan\u00e7ada e dispositivos mec\u00e2nicos, ela pode realizar uma r\u00e1pida marinada, melhorar o sabor, manter a nutri\u00e7\u00e3o da carne, etc.<\/p> <h2>Princ\u00edpio de funcionamento do injetor de salmoura autom\u00e1tico<\/h2> <p>\u00a0 1. A m\u00e1quina de inje\u00e7\u00e3o salina adota um sistema de alimenta\u00e7\u00e3o de carne com passo em forma de dente, com dist\u00e2ncia de passo precisa. Os materiais de carne utilizam tr\u00eas barras de grade desmont\u00e1veis para suporte, e a agulha de entrada adota uma mola para controle, a fim de realizar a inje\u00e7\u00e3o da carne com osso.<\/p> <p>\u00a0 2. Esta m\u00e1quina pode ajustar a velocidade de passo, a dist\u00e2ncia de passo, o espa\u00e7o da placa de press\u00e3o da carne e a press\u00e3o de inje\u00e7\u00e3o de acordo com diferentes materiais de carne, para obter o efeito ideal.<\/p> <p>\u00a0 3. Esta m\u00e1quina adota filtragem em quatro n\u00edveis para evitar o bloqueio da agulha, \u00e9 um equipamento ideal para processar carne.<\/p>   <figure class=\"wp-block-image size-large is-resized\"><img loading=\"lazy\" decoding=\"async\" src=\"http:\/\/www.meatprocessingmachine.org\/wp-content\/uploads\/2018\/10\/Brine-injector-machine.jpg\" alt=\"m\u00e1quina de inje\u00e7\u00e3o de salmoura\" class=\"wp-image-702\" width=\"691\" height=\"691\" title=\"\" srcset=\"https:\/\/www.meatprocessingmachine.org\/wp-content\/uploads\/2018\/10\/Brine-injector-machine.jpg 550w, https:\/\/www.meatprocessingmachine.org\/wp-content\/uploads\/2018\/10\/Brine-injector-machine-300x300.jpg 300w, https:\/\/www.meatprocessingmachine.org\/wp-content\/uploads\/2018\/10\/Brine-injector-machine-150x150.jpg 150w\" sizes=\"auto, (max-width: 691px) 100vw, 691px\" \/><figcaption class=\"wp-element-caption\">M\u00e1quina Injetora de Salmoura<\/figcaption><\/figure>    <h2 class=\"wp-block-heading\">Par\u00e2metro t\u00e9cnico da m\u00e1quina de inje\u00e7\u00e3o de salmoura<\/h2>    <figure class=\"wp-block-gallery has-nested-images columns-default is-cropped wp-block-gallery-2 is-layout-flex wp-block-gallery-is-layout-flex\"> <figure class=\"wp-block-image size-large\"><img loading=\"lazy\" decoding=\"async\" width=\"720\" height=\"540\" data-id=\"34217\" src=\"https:\/\/www.meatprocessingmachine.org\/wp-content\/uploads\/2018\/10\/Brine-injector-machine-details.webp\" alt=\"Detalhes da m\u00e1quina injetora de salmoura\" class=\"wp-image-34217\" title=\"\" srcset=\"https:\/\/www.meatprocessingmachine.org\/wp-content\/uploads\/2018\/10\/Brine-injector-machine-details.webp 720w, https:\/\/www.meatprocessingmachine.org\/wp-content\/uploads\/2018\/10\/Brine-injector-machine-details-300x225.webp 300w\" sizes=\"auto, (max-width: 720px) 100vw, 720px\" \/><figcaption class=\"wp-element-caption\">Detalhes da M\u00e1quina de Inje\u00e7\u00e3o de Salmoura<\/figcaption><\/figure>    <figure class=\"wp-block-image size-large\"><img loading=\"lazy\" decoding=\"async\" width=\"720\" height=\"540\" data-id=\"34218\" src=\"https:\/\/www.meatprocessingmachine.org\/wp-content\/uploads\/2018\/10\/Brine-injector-machine-details-1.webp\" alt=\"Detalhes da m\u00e1quina injetora de salmoura\" class=\"wp-image-34218\" title=\"\" srcset=\"https:\/\/www.meatprocessingmachine.org\/wp-content\/uploads\/2018\/10\/Brine-injector-machine-details-1.webp 720w, https:\/\/www.meatprocessingmachine.org\/wp-content\/uploads\/2018\/10\/Brine-injector-machine-details-1-300x225.webp 300w\" sizes=\"auto, (max-width: 720px) 100vw, 720px\" \/><figcaption class=\"wp-element-caption\">Detalhes da M\u00e1quina de Inje\u00e7\u00e3o de Salmoura<\/figcaption><\/figure>    <figure class=\"wp-block-image size-large\"><img loading=\"lazy\" decoding=\"async\" width=\"720\" height=\"540\" data-id=\"34219\" src=\"https:\/\/www.meatprocessingmachine.org\/wp-content\/uploads\/2018\/10\/Brine-injector-machine-details-2.webp\" alt=\"Detalhes da m\u00e1quina injetora de salmoura\" class=\"wp-image-34219\" title=\"\" srcset=\"https:\/\/www.meatprocessingmachine.org\/wp-content\/uploads\/2018\/10\/Brine-injector-machine-details-2.webp 720w, https:\/\/www.meatprocessingmachine.org\/wp-content\/uploads\/2018\/10\/Brine-injector-machine-details-2-300x225.webp 300w\" sizes=\"auto, (max-width: 720px) 100vw, 720px\" \/><figcaption class=\"wp-element-caption\">Detalhes da M\u00e1quina de Inje\u00e7\u00e3o de Salmoura<\/figcaption><\/figure>    <figure class=\"wp-block-image size-large\"><img loading=\"lazy\" decoding=\"async\" width=\"720\" height=\"540\" data-id=\"34220\" src=\"https:\/\/www.meatprocessingmachine.org\/wp-content\/uploads\/2018\/10\/Brine-injector-machine-details-3.webp\" alt=\"Detalhes da m\u00e1quina injetora de salmoura\" class=\"wp-image-34220\" title=\"\" srcset=\"https:\/\/www.meatprocessingmachine.org\/wp-content\/uploads\/2018\/10\/Brine-injector-machine-details-3.webp 720w, https:\/\/www.meatprocessingmachine.org\/wp-content\/uploads\/2018\/10\/Brine-injector-machine-details-3-300x225.webp 300w\" sizes=\"auto, (max-width: 720px) 100vw, 720px\" \/><figcaption class=\"wp-element-caption\">Detalhes da M\u00e1quina de Inje\u00e7\u00e3o de Salmoura<\/figcaption><\/figure> <\/figure>    <figure class=\"wp-block-table\"><table><tbody><tr><td>Modelo<\/td><td>SL-48<\/td><td>SL-60<\/td><td>SL-80<\/td><td>SL-108<\/td><td>SL-180<\/td><\/tr><tr><td>Voltagem (v)<\/td><td>&nbsp;380<\/td><td>&nbsp;380<\/td><td>&nbsp;380<\/td><td>&nbsp;380<\/td><td>&nbsp;380<\/td><\/tr><tr><td>Pot\u00eancia (kW)<\/td><td>&nbsp;4.1<\/td><td>&nbsp;4.1<\/td><td>&nbsp;5.1<\/td><td>&nbsp;6.2<\/td><td>&nbsp;7<\/td><\/tr><tr><td>Capacidade(kg\/h)<\/td><td>&nbsp;200-300<\/td><td>&nbsp;300-500<\/td><td>500-700&nbsp;<\/td><td>700-900&nbsp;<\/td><td>900-1000&nbsp;<\/td><\/tr><tr><td>Press\u00e3o de Inje\u00e7\u00e3o (Mpa)<\/td><td>&nbsp;0.45-0.9<\/td><td>&nbsp;&nbsp;0.45-0.9<\/td><td>&nbsp;&nbsp;0.45-0.9<\/td><td>&nbsp;&nbsp;0.45-0.9<\/td><td>&nbsp;&nbsp;0.45-0.9<\/td><\/tr><tr><td>Tempo de Inje\u00e7\u00e3o<\/td><td>&nbsp;15-40<\/td><td>15-40&nbsp;<\/td><td>15-50&nbsp;<\/td><td>15-50&nbsp;<\/td><td>15-50&nbsp;<\/td><\/tr><tr><td>Taxa de Inje\u00e7\u00e3o<\/td><td>&nbsp;40-80%<\/td><td>40-80%&nbsp;<\/td><td>&nbsp;40-80%<\/td><td>&nbsp;60-90%<\/td><td>&nbsp;60-90%<\/td><\/tr><tr><td>Velocidade de Caminhada<\/td><td>&nbsp;40-70<\/td><td>&nbsp;40-70<\/td><td>&nbsp;40-70<\/td><td>40-70&nbsp;<\/td><td>&nbsp;40-70<\/td><\/tr><tr><td>Dimens\u00e3o<br>(mm)<\/td><td>1350*750<br>*1650&nbsp;<\/td><td>&nbsp;1550*880<br>*1650<\/td><td>&nbsp;1550*1060<br>*1720<\/td><td>&nbsp;1850*1350<br>*1800<\/td><td>&nbsp;1950*1350<br>*1850<\/td><\/tr><tr><td>Peso (kg)<\/td><td>&nbsp;250<\/td><td>320&nbsp;<\/td><td>320&nbsp;<\/td><td>430&nbsp;<\/td><td>520&nbsp;<\/td><\/tr><\/tbody><\/table><figcaption class=\"wp-element-caption\">m\u00e1quina de inje\u00e7\u00e3o salina<\/figcaption><\/figure>    <h2 class=\"wp-block-heading\">Como usar a m\u00e1quina de inje\u00e7\u00e3o salina?<\/h2>    <figure class=\"wp-block-gallery has-nested-images columns-default is-cropped wp-block-gallery-3 is-layout-flex wp-block-gallery-is-layout-flex\"> <figure class=\"wp-block-image size-large\"><img loading=\"lazy\" decoding=\"async\" width=\"720\" height=\"540\" data-id=\"34221\" src=\"https:\/\/www.meatprocessingmachine.org\/wp-content\/uploads\/2018\/10\/saline-injection-machine.webp\" alt=\"m\u00e1quina de inje\u00e7\u00e3o salina\" class=\"wp-image-34221\" title=\"\" srcset=\"https:\/\/www.meatprocessingmachine.org\/wp-content\/uploads\/2018\/10\/saline-injection-machine.webp 720w, https:\/\/www.meatprocessingmachine.org\/wp-content\/uploads\/2018\/10\/saline-injection-machine-300x225.webp 300w\" sizes=\"auto, (max-width: 720px) 100vw, 720px\" \/><figcaption class=\"wp-element-caption\">M\u00e1quina de Inje\u00e7\u00e3o Salina<\/figcaption><\/figure>    <figure class=\"wp-block-image size-large\"><img loading=\"lazy\" decoding=\"async\" width=\"720\" height=\"540\" data-id=\"34223\" src=\"https:\/\/www.meatprocessingmachine.org\/wp-content\/uploads\/2018\/10\/saline-injection-machine-1.webp\" alt=\"m\u00e1quina de inje\u00e7\u00e3o salina\" class=\"wp-image-34223\" title=\"\" srcset=\"https:\/\/www.meatprocessingmachine.org\/wp-content\/uploads\/2018\/10\/saline-injection-machine-1.webp 720w, https:\/\/www.meatprocessingmachine.org\/wp-content\/uploads\/2018\/10\/saline-injection-machine-1-300x225.webp 300w\" sizes=\"auto, (max-width: 720px) 100vw, 720px\" \/><figcaption class=\"wp-element-caption\">M\u00e1quina de Inje\u00e7\u00e3o Salina<\/figcaption><\/figure> <\/figure>    <p class=\"translation-block\">A m\u00e1quina de inje\u00e7\u00e3o salina pode ser combinada com a<a href=\"https:\/\/www.meatprocessingmachine.org\/pt\/vacuum-tumbler-machine.html\/\"> m\u00e1quina tumbler<\/a> para trabalhar, pode reduzir o tempo de processamento do tumbling, e a m\u00e1quina tumbler pode resolver a n\u00e3o uniformidade da salmoura ap\u00f3s a inje\u00e7\u00e3o, elas podem se complementar.<\/p>   <h2>Caracter\u00edsticas da m\u00e1quina de inje\u00e7\u00e3o salina<\/h2> <p>1. Adota materiais de a\u00e7o inoxid\u00e1vel SUS 304 com estrutura simples e opera\u00e7\u00e3o conveniente.<br>2. Design e estrutura razo\u00e1veis, f\u00e1cil de limpar, longa vida \u00fatil.<br>3. Esta m\u00e1quina \u00e9 equipada com um dispositivo de prote\u00e7\u00e3o autom\u00e1tico, se a agulha de entrada tocar em qualquer material duro, ela se elevar\u00e1 sem danos. <br>4. A caixa de distribui\u00e7\u00e3o \u00e9 \u00e0 prova d'\u00e1gua em a\u00e7o inoxid\u00e1vel<\/p>   <figure class=\"wp-block-gallery has-nested-images columns-default is-cropped wp-block-gallery-4 is-layout-flex wp-block-gallery-is-layout-flex\"> <figure class=\"wp-block-image size-large\"><img loading=\"lazy\" decoding=\"async\" width=\"720\" height=\"540\" data-id=\"34215\" src=\"https:\/\/www.meatprocessingmachine.org\/wp-content\/uploads\/2018\/10\/Brine-injector-machine-3.webp\" alt=\"m\u00e1quina de inje\u00e7\u00e3o de salmoura\" class=\"wp-image-34215\" title=\"\" srcset=\"https:\/\/www.meatprocessingmachine.org\/wp-content\/uploads\/2018\/10\/Brine-injector-machine-3.webp 720w, https:\/\/www.meatprocessingmachine.org\/wp-content\/uploads\/2018\/10\/Brine-injector-machine-3-300x225.webp 300w\" sizes=\"auto, (max-width: 720px) 100vw, 720px\" \/><figcaption class=\"wp-element-caption\">M\u00e1quina de Inje\u00e7\u00e3o Salina<\/figcaption><\/figure>    <figure class=\"wp-block-image size-large\"><img loading=\"lazy\" decoding=\"async\" width=\"720\" height=\"540\" data-id=\"34214\" src=\"https:\/\/www.meatprocessingmachine.org\/wp-content\/uploads\/2018\/10\/Brine-injector-machine-2.webp\" alt=\"Detalhes da m\u00e1quina injetora de salmoura\" class=\"wp-image-34214\" title=\"\" srcset=\"https:\/\/www.meatprocessingmachine.org\/wp-content\/uploads\/2018\/10\/Brine-injector-machine-2.webp 720w, https:\/\/www.meatprocessingmachine.org\/wp-content\/uploads\/2018\/10\/Brine-injector-machine-2-300x225.webp 300w\" sizes=\"auto, (max-width: 720px) 100vw, 720px\" \/><figcaption class=\"wp-element-caption\">Detalhes da m\u00e1quina de inje\u00e7\u00e3o de salmoura<\/figcaption><\/figure>    <figure class=\"wp-block-image size-large\"><img loading=\"lazy\" decoding=\"async\" width=\"720\" height=\"540\" data-id=\"34213\" src=\"https:\/\/www.meatprocessingmachine.org\/wp-content\/uploads\/2018\/10\/Brine-injector-machine-1.webp\" alt=\"m\u00e1quina de inje\u00e7\u00e3o de salmoura\" class=\"wp-image-34213\" title=\"\" srcset=\"https:\/\/www.meatprocessingmachine.org\/wp-content\/uploads\/2018\/10\/Brine-injector-machine-1.webp 720w, https:\/\/www.meatprocessingmachine.org\/wp-content\/uploads\/2018\/10\/Brine-injector-machine-1-300x225.webp 300w\" sizes=\"auto, (max-width: 720px) 100vw, 720px\" \/><figcaption class=\"wp-element-caption\">M\u00e1quina de Inje\u00e7\u00e3o Salina<\/figcaption><\/figure> <\/figure>","protected":false},"excerpt":{"rendered":"<p>A m\u00e1quina de inje\u00e7\u00e3o de salmoura \u00e9 usada para injetar \u00e1gua salgada, amido, prote\u00edna e outros materiais auxiliares na carne para uma salga completa, promovendo uma salga r\u00e1pida, melhorando o sabor e preservando o valor nutricional da carne<\/p>","protected":false},"author":1,"featured_media":34211,"parent":0,"template":"","product-type":[598],"class_list":["post-53","product","type-product","status-publish","has-post-thumbnail","hentry","product-type-supporting-auxiliary-equipment"],"_links":{"self":[{"href":"https:\/\/www.meatprocessingmachine.org\/pt\/wp-json\/wp\/v2\/product\/53","targetHints":{"allow":["GET"]}}],"collection":[{"href":"https:\/\/www.meatprocessingmachine.org\/pt\/wp-json\/wp\/v2\/product"}],"about":[{"href":"https:\/\/www.meatprocessingmachine.org\/pt\/wp-json\/wp\/v2\/types\/product"}],"author":[{"embeddable":true,"href":"https:\/\/www.meatprocessingmachine.org\/pt\/wp-json\/wp\/v2\/users\/1"}],"wp:featuredmedia":[{"embeddable":true,"href":"https:\/\/www.meatprocessingmachine.org\/pt\/wp-json\/wp\/v2\/media\/34211"}],"wp:attachment":[{"href":"https:\/\/www.meatprocessingmachine.org\/pt\/wp-json\/wp\/v2\/media?parent=53"}],"wp:term":[{"taxonomy":"product-type","embeddable":true,"href":"https:\/\/www.meatprocessingmachine.org\/pt\/wp-json\/wp\/v2\/product-type?post=53"}],"curies":[{"name":"wp","href":"https:\/\/api.w.org\/{rel}","templated":true}]}}