{"id":764,"date":"2020-06-22T06:39:37","date_gmt":"2020-06-21T22:39:37","guid":{"rendered":"http:\/\/www.meatprocessingmachine.org\/?p=764"},"modified":"2026-02-12T16:40:44","modified_gmt":"2026-02-12T08:40:44","slug":"vacuum-stuffing-machine","status":"publish","type":"product","link":"https:\/\/www.meatprocessingmachine.org\/pt\/vacuum-stuffing-machine.html","title":{"rendered":"M\u00e1quina de Recheio a V\u00e1cuo"},"content":{"rendered":"<div class=\"kk-star-ratings kksr-auto kksr-align-right kksr-valign-top\"     data-payload='{&quot;align&quot;:&quot;right&quot;,&quot;id&quot;:&quot;764&quot;,&quot;slug&quot;:&quot;default&quot;,&quot;valign&quot;:&quot;top&quot;,&quot;ignore&quot;:&quot;&quot;,&quot;reference&quot;:&quot;auto&quot;,&quot;class&quot;:&quot;&quot;,&quot;count&quot;:&quot;0&quot;,&quot;legendonly&quot;:&quot;&quot;,&quot;readonly&quot;:&quot;&quot;,&quot;score&quot;:&quot;0&quot;,&quot;starsonly&quot;:&quot;&quot;,&quot;best&quot;:&quot;5&quot;,&quot;gap&quot;:&quot;5&quot;,&quot;greet&quot;:&quot;Rate this product&quot;,&quot;legend&quot;:&quot;0\\\/5 - (0 voto)&quot;,&quot;size&quot;:&quot;24&quot;,&quot;title&quot;:&quot;Vacuum Stuffing Machine&quot;,&quot;width&quot;:&quot;0&quot;,&quot;_legend&quot;:&quot;{score}\\\/{best} - ({count} {votes})&quot;,&quot;font_factor&quot;:&quot;1.25&quot;}'>              <div class=\"kksr-stars\">      <div class=\"kksr-stars-inactive\">             <div class=\"kksr-star\" data-star=\"1\" style=\"padding-right: 5px\">               <div class=\"kksr-icon\" style=\"width: 24px; height: 24px;\"><\/div>         <\/div>             <div class=\"kksr-star\" data-star=\"2\" style=\"padding-right: 5px\">               <div class=\"kksr-icon\" style=\"width: 24px; height: 24px;\"><\/div>         <\/div>             <div class=\"kksr-star\" data-star=\"3\" style=\"padding-right: 5px\">               <div class=\"kksr-icon\" style=\"width: 24px; height: 24px;\"><\/div>         <\/div>             <div class=\"kksr-star\" data-star=\"4\" style=\"padding-right: 5px\">               <div class=\"kksr-icon\" style=\"width: 24px; height: 24px;\"><\/div>         <\/div>             <div class=\"kksr-star\" data-star=\"5\" style=\"padding-right: 5px\">               <div class=\"kksr-icon\" style=\"width: 24px; height: 24px;\"><\/div>         <\/div>     <\/div>      <div class=\"kksr-stars-active\" style=\"width: 0px;\">             <div class=\"kksr-star\" style=\"padding-right: 5px\">               <div class=\"kksr-icon\" style=\"width: 24px; height: 24px;\"><\/div>         <\/div>             <div class=\"kksr-star\" style=\"padding-right: 5px\">               <div class=\"kksr-icon\" style=\"width: 24px; height: 24px;\"><\/div>         <\/div>             <div class=\"kksr-star\" style=\"padding-right: 5px\">               <div class=\"kksr-icon\" style=\"width: 24px; height: 24px;\"><\/div>         <\/div>             <div class=\"kksr-star\" style=\"padding-right: 5px\">               <div class=\"kksr-icon\" style=\"width: 24px; height: 24px;\"><\/div>         <\/div>             <div class=\"kksr-star\" style=\"padding-right: 5px\">               <div class=\"kksr-icon\" style=\"width: 24px; height: 24px;\"><\/div>         <\/div>     <\/div> <\/div>                   <div class=\"kksr-legend\" style=\"font-size: 19.2px;\">             <span class=\"kksr-muted\">Avalie este produto<\/span>     <\/div>     <\/div>  <p>Uma m\u00e1quina de enchimento a v\u00e1cuo \u00e9 um equipamento necess\u00e1rio para mistura, altamente eficiente e f\u00e1cil de operar. \u00c9 a primeira escolha para a fabrica\u00e7\u00e3o de produtos intestinais desidratados ao ar, produtos intestinais mistos granulares e pastosos, e produtos em pellet, al\u00e9m de ser um equipamento opcional para a produ\u00e7\u00e3o de bolinhos e wontons.<\/p>    <figure class=\"wp-block-image size-large\"><img loading=\"lazy\" decoding=\"async\" width=\"750\" height=\"750\" src=\"http:\/\/www.meatprocessingmachine.org\/wp-content\/uploads\/2020\/06\/vacuum-stuffing-machine-1-1.jpg\" alt=\"\" class=\"wp-image-768\" title=\"\" srcset=\"https:\/\/www.meatprocessingmachine.org\/wp-content\/uploads\/2020\/06\/vacuum-stuffing-machine-1-1.jpg 750w, https:\/\/www.meatprocessingmachine.org\/wp-content\/uploads\/2020\/06\/vacuum-stuffing-machine-1-1-300x300.jpg 300w, https:\/\/www.meatprocessingmachine.org\/wp-content\/uploads\/2020\/06\/vacuum-stuffing-machine-1-1-150x150.jpg 150w\" sizes=\"auto, (max-width: 750px) 100vw, 750px\" \/><figcaption><\/figcaption><\/figure>    <h2 class=\"wp-block-heading\" id=\"h-features-of-vacuum-stuffing-machine\">Caracter\u00edsticas da m\u00e1quina de recheio a v\u00e1cuo<\/h2>    <p>O material \u00e9 colocado sob press\u00e3o negativa por um dispositivo de v\u00e1cuo. Fa\u00e7a a log\u00edstica totalmente expandida, sem bolhas, com boa elasticidade e cor brilhante. E a extra\u00e7\u00e3o m\u00e1xima de prote\u00edna \u00e9 o equipamento ideal para melhorar a qualidade do produto.<\/p>    <figure class=\"wp-block-image size-large\"><img loading=\"lazy\" decoding=\"async\" width=\"550\" height=\"366\" src=\"http:\/\/www.meatprocessingmachine.org\/wp-content\/uploads\/2020\/06\/vacuum-stuffing-machine-2.jpg\" alt=\"\" class=\"wp-image-766\" title=\"\" srcset=\"https:\/\/www.meatprocessingmachine.org\/wp-content\/uploads\/2020\/06\/vacuum-stuffing-machine-2.jpg 550w, https:\/\/www.meatprocessingmachine.org\/wp-content\/uploads\/2020\/06\/vacuum-stuffing-machine-2-300x200.jpg 300w\" sizes=\"auto, (max-width: 550px) 100vw, 550px\" \/><figcaption><\/figcaption><\/figure>    <h2 class=\"wp-block-heading\" id=\"h-advantages-of-vacuum-stuffing-machine\">Vantagens da M\u00e1quina de Recheio a V\u00e1cuo<\/h2>    <p>1. Adote uma estrutura biaxial paralela para fazer com que todos os tipos de materiais sejam misturados de forma mais uniforme.<\/p>    <p>2. Use dupla velocidade e dupla pot\u00eancia, escolha diferentes velocidades de rota\u00e7\u00e3o e modos de opera\u00e7\u00e3o de acordo com o tipo e o processo do recheio misto.<\/p>    <p>3. Todos os dispositivos de veda\u00e7\u00e3o a v\u00e1cuo adotam selos de alta qualidade que atendem aos padr\u00f5es de sa\u00fade.<\/p>    <p>4. No estado de v\u00e1cuo, o recheio \u00e9 misturado uniformemente, totalmente expandido, com boa elasticidade e cor brilhante.<\/p>    <p>5. A veda\u00e7\u00e3o da tampa superior e da porta de descarga \u00e9 feita de uma tira de silicone de alta qualidade, que \u00e9 f\u00e1cil de operar, confi\u00e1vel e dur\u00e1vel.<\/p>    <p>6. A m\u00e1quina \u00e9 feita de a\u00e7o inoxid\u00e1vel de alta qualidade, f\u00e1cil de limpar e bonita. Em conformidade com os padr\u00f5es nacionais de sa\u00fade.<\/p>    <figure class=\"wp-block-image size-large\"><img loading=\"lazy\" decoding=\"async\" width=\"550\" height=\"366\" src=\"http:\/\/www.meatprocessingmachine.org\/wp-content\/uploads\/2020\/06\/vacuum-stuffing-machine3.jpg\" alt=\"\" class=\"wp-image-765\" title=\"\" srcset=\"https:\/\/www.meatprocessingmachine.org\/wp-content\/uploads\/2020\/06\/vacuum-stuffing-machine3.jpg 550w, https:\/\/www.meatprocessingmachine.org\/wp-content\/uploads\/2020\/06\/vacuum-stuffing-machine3-300x200.jpg 300w\" sizes=\"auto, (max-width: 550px) 100vw, 550px\" \/><figcaption><\/figcaption><\/figure>    <h2 class=\"wp-block-heading\" id=\"h-technical-parameter-of-vacuum-stuffing-machine\">Par\u00e2metro T\u00e9cnico da M\u00e1quina de Recheio a V\u00e1cuo<\/h2>    <figure class=\"wp-block-table\"><table><tbody><tr><td>N\u00e3o.<\/td><td>Capacidade\/kg<\/td><td>Peso\/kg<\/td><td>Tamanho\/mm<\/td><td>Pot\u00eancia\/kW<\/td><\/tr><tr><td>SL-50<\/td><td>50<\/td><td>100<\/td><td>820*380*760<\/td><td>1.1<\/td><\/tr><tr><td>SL-100<\/td><td>100<\/td><td>200<\/td><td>1300*510*910<\/td><td>1.5<\/td><\/tr><tr><td>SL-150<\/td><td>150<\/td><td>260<\/td><td>1470*520*910<\/td><td>1.75<\/td><\/tr><tr><td>SL-200<\/td><td>200<\/td><td>300<\/td><td>1550*690*1140<\/td><td>2.2<\/td><\/tr><tr><td>SL-300<\/td><td>300<\/td><td>350<\/td><td>1630*730*1250<\/td><td>3<\/td><\/tr><\/tbody><\/table><\/figure>    <h2 class=\"wp-block-heading\" id=\"h-installation-and-debugging-of-vacuum-stuffing-machine\">Instala\u00e7\u00e3o e depura\u00e7\u00e3o da m\u00e1quina de recheio a v\u00e1cuo<\/h2>    <p>1. Coloque a m\u00e1quina na posi\u00e7\u00e3o de trabalho suavemente.<\/p>    <p>2. Verifique se h\u00e1 algum corpo estranho no funil e limpe-o se necess\u00e1rio.<\/p>    <p>3. Ligue a energia. Se a luz de energia estiver acesa, a instala\u00e7\u00e3o est\u00e1 correta.<\/p>    <p>4. Pressione o bot\u00e3o de agita\u00e7\u00e3o para verificar se a dire\u00e7\u00e3o de rota\u00e7\u00e3o do agitador est\u00e1 correta.<\/p>    <p>5. Verifique se o mecanismo de acionamento do misturador de enchimento est\u00e1 funcionando normalmente e se h\u00e1 tremores \u00f3bvios e sons anormais.<\/p>","protected":false},"excerpt":{"rendered":"<p>A vacuum stuffing machine is necessary equipment for mixing, high efficient and easy to operate. It is the first choice for making air-dried intestinal products, granular and muddy mixed intestinal products, and pellet products, as well as the optional equipment for producing dumplings and wontons. Features of vacuum stuffing machine The material is placed under [&hellip;]<\/p>\n","protected":false},"author":1,"featured_media":763,"parent":0,"template":"","product-type":[598],"class_list":["post-764","product","type-product","status-publish","has-post-thumbnail","hentry","product-type-supporting-auxiliary-equipment"],"_links":{"self":[{"href":"https:\/\/www.meatprocessingmachine.org\/pt\/wp-json\/wp\/v2\/product\/764","targetHints":{"allow":["GET"]}}],"collection":[{"href":"https:\/\/www.meatprocessingmachine.org\/pt\/wp-json\/wp\/v2\/product"}],"about":[{"href":"https:\/\/www.meatprocessingmachine.org\/pt\/wp-json\/wp\/v2\/types\/product"}],"author":[{"embeddable":true,"href":"https:\/\/www.meatprocessingmachine.org\/pt\/wp-json\/wp\/v2\/users\/1"}],"wp:featuredmedia":[{"embeddable":true,"href":"https:\/\/www.meatprocessingmachine.org\/pt\/wp-json\/wp\/v2\/media\/763"}],"wp:attachment":[{"href":"https:\/\/www.meatprocessingmachine.org\/pt\/wp-json\/wp\/v2\/media?parent=764"}],"wp:term":[{"taxonomy":"product-type","embeddable":true,"href":"https:\/\/www.meatprocessingmachine.org\/pt\/wp-json\/wp\/v2\/product-type?post=764"}],"curies":[{"name":"wp","href":"https:\/\/api.w.org\/{rel}","templated":true}]}}