{"id":899,"date":"2020-11-27T10:07:52","date_gmt":"2020-11-27T02:07:52","guid":{"rendered":"http:\/\/www.meatprocessingmachine.org\/?p=899"},"modified":"2026-04-02T10:14:06","modified_gmt":"2026-04-02T02:14:06","slug":"bone-grinder-machine-meat-and-bone-grinder","status":"publish","type":"product","link":"https:\/\/www.meatprocessingmachine.org\/pt\/bone-grinder-machine-meat-and-bone-grinder.html","title":{"rendered":"M\u00e1quina Moedora de Ossos | M\u00e1quina de Moer Pasta de Ossos de Peixe e Carne"},"content":{"rendered":"<div class=\"kk-star-ratings kksr-auto kksr-align-right kksr-valign-top\"     data-payload='{&quot;align&quot;:&quot;right&quot;,&quot;id&quot;:&quot;899&quot;,&quot;slug&quot;:&quot;default&quot;,&quot;valign&quot;:&quot;top&quot;,&quot;ignore&quot;:&quot;&quot;,&quot;reference&quot;:&quot;auto&quot;,&quot;class&quot;:&quot;&quot;,&quot;count&quot;:&quot;2&quot;,&quot;legendonly&quot;:&quot;&quot;,&quot;readonly&quot;:&quot;&quot;,&quot;score&quot;:&quot;5&quot;,&quot;starsonly&quot;:&quot;&quot;,&quot;best&quot;:&quot;5&quot;,&quot;gap&quot;:&quot;5&quot;,&quot;greet&quot;:&quot;Rate this product&quot;,&quot;legend&quot;:&quot;5\\\/5 - (2 votos)&quot;,&quot;size&quot;:&quot;24&quot;,&quot;title&quot;:&quot;Bone Grinder Machine | Fish and Beef Bone Paste Grinding Machine&quot;,&quot;width&quot;:&quot;142.5&quot;,&quot;_legend&quot;:&quot;{score}\\\/{best} - ({count} {votes})&quot;,&quot;font_factor&quot;:&quot;1.25&quot;}'>              <div class=\"kksr-stars\">      <div class=\"kksr-stars-inactive\">             <div class=\"kksr-star\" data-star=\"1\" style=\"padding-right: 5px\">               <div class=\"kksr-icon\" style=\"width: 24px; height: 24px;\"><\/div>         <\/div>             <div class=\"kksr-star\" data-star=\"2\" style=\"padding-right: 5px\">               <div class=\"kksr-icon\" style=\"width: 24px; height: 24px;\"><\/div>         <\/div>             <div class=\"kksr-star\" data-star=\"3\" style=\"padding-right: 5px\">               <div class=\"kksr-icon\" style=\"width: 24px; height: 24px;\"><\/div>         <\/div>             <div class=\"kksr-star\" data-star=\"4\" style=\"padding-right: 5px\">               <div class=\"kksr-icon\" style=\"width: 24px; height: 24px;\"><\/div>         <\/div>             <div class=\"kksr-star\" data-star=\"5\" style=\"padding-right: 5px\">               <div class=\"kksr-icon\" style=\"width: 24px; height: 24px;\"><\/div>         <\/div>     <\/div>      <div class=\"kksr-stars-active\" style=\"width: 142.5px;\">             <div class=\"kksr-star\" style=\"padding-right: 5px\">               <div class=\"kksr-icon\" style=\"width: 24px; height: 24px;\"><\/div>         <\/div>             <div class=\"kksr-star\" style=\"padding-right: 5px\">               <div class=\"kksr-icon\" style=\"width: 24px; height: 24px;\"><\/div>         <\/div>             <div class=\"kksr-star\" style=\"padding-right: 5px\">               <div class=\"kksr-icon\" style=\"width: 24px; height: 24px;\"><\/div>         <\/div>             <div class=\"kksr-star\" style=\"padding-right: 5px\">               <div class=\"kksr-icon\" style=\"width: 24px; height: 24px;\"><\/div>         <\/div>             <div class=\"kksr-star\" style=\"padding-right: 5px\">               <div class=\"kksr-icon\" style=\"width: 24px; height: 24px;\"><\/div>         <\/div>     <\/div> <\/div>                   <div class=\"kksr-legend\" style=\"font-size: 19.2px;\">             5\/5 - (2 votos)    <\/div>     <\/div>  <p>A m\u00e1quina moedora de ossos \u00e9 um equipamento especial melhorado com base no moinho de col\u00f3ides. \u00c9 utilizada principalmente para moer a \u00e1gua de ossos quebrados em uma pasta e lama, e moer at\u00e9 uma finura de 100-200 mesh. O material \u00e9 pulverizado de forma ultra-fina, podendo pulverizar, emulsificar, homogeneizar e misturar v\u00e1rios corpos semi\u00famidos e subst\u00e2ncias emulsionadas. Os principais indicadores t\u00e9cnicos atingiram o n\u00edvel avan\u00e7ado de produtos similares estrangeiros.<\/p>    <figure class=\"wp-block-embed is-type-video is-provider-youtube wp-block-embed-youtube wp-embed-aspect-16-9 wp-has-aspect-ratio\"><div class=\"wp-block-embed__wrapper\"> <iframe loading=\"lazy\" title=\"M\u00e1quina Tritura Ossos | Equipamento de Alta Efici\u00eancia para Processamento de Pasta de Osso\ud83e\udd69\" width=\"500\" height=\"281\" src=\"https:\/\/www.youtube.com\/embed\/GVGE_Dk08ss?feature=oembed\" frameborder=\"0\" allow=\"accelerometer; autoplay; clipboard-write; encrypted-media; gyroscope; picture-in-picture; web-share\" referrerpolicy=\"strict-origin-when-cross-origin\" allowfullscreen><\/iframe> <\/div><\/figure>    <h2 class=\"wp-block-heading\">Quais mat\u00e9rias-primas a m\u00e1quina moedora de ossos pode processar?<\/h2>   <div class=\"wp-block-image\"> <figure class=\"aligncenter size-full\"><img loading=\"lazy\" decoding=\"async\" width=\"720\" height=\"540\" src=\"https:\/\/www.meatprocessingmachine.org\/wp-content\/uploads\/2020\/11\/raw-materials-of-the-bone-grinder.png\" alt=\"mat\u00e9rias-primas do moedor de ossos\" class=\"wp-image-33064\" title=\"\" srcset=\"https:\/\/www.meatprocessingmachine.org\/wp-content\/uploads\/2020\/11\/raw-materials-of-the-bone-grinder.png 720w, https:\/\/www.meatprocessingmachine.org\/wp-content\/uploads\/2020\/11\/raw-materials-of-the-bone-grinder-300x225.png 300w\" sizes=\"auto, (max-width: 720px) 100vw, 720px\" \/><figcaption class=\"wp-element-caption\">mat\u00e9rias-primas do moedor de ossos<\/figcaption><\/figure> <\/div>   <p><br>A m\u00e1quina moedora de ossos pode moer todos os tipos de ossos, principalmente todos os tipos de ossos de boi, ossos de cordeiro, ossos de peixe, ossos de frango, etc. Para moer, se os ossos e a carne forem muito grandes, como grandes peda\u00e7os de ossos de boi, ossos de porco, etc., \u00e9 necess\u00e1rio quebr\u00e1-los primeiro, e os ossos devem ser quebrados em gr\u00e2nulos. Isso n\u00e3o s\u00f3 pode melhorar a efici\u00eancia do trabalho, mas tamb\u00e9m proteger a m\u00e1quina de danos \u00e0 ferramenta devido ao excesso de ossos.<\/p>    <h2 class=\"wp-block-heading\" id=\"h-application-of-bone-grinder-machine\">Aplica\u00e7\u00e3o da m\u00e1quina moedora de ossos<\/h2>    <figure class=\"wp-block-gallery has-nested-images columns-default is-cropped wp-block-gallery-2 is-layout-flex wp-block-gallery-is-layout-flex\"> <figure class=\"wp-block-image size-large\"><img loading=\"lazy\" decoding=\"async\" width=\"720\" height=\"540\" data-id=\"33073\" src=\"https:\/\/www.meatprocessingmachine.org\/wp-content\/uploads\/2020\/11\/pet-food.png\" alt=\"ra\u00e7\u00e3o para pets\" class=\"wp-image-33073\" title=\"\" srcset=\"https:\/\/www.meatprocessingmachine.org\/wp-content\/uploads\/2020\/11\/pet-food.png 720w, https:\/\/www.meatprocessingmachine.org\/wp-content\/uploads\/2020\/11\/pet-food-300x225.png 300w\" sizes=\"auto, (max-width: 720px) 100vw, 720px\" \/><figcaption class=\"wp-element-caption\">Ra\u00e7\u00e3o para pets<\/figcaption><\/figure>    <figure class=\"wp-block-image size-large\"><img loading=\"lazy\" decoding=\"async\" width=\"720\" height=\"540\" data-id=\"33074\" src=\"https:\/\/www.meatprocessingmachine.org\/wp-content\/uploads\/2020\/11\/sausage.png\" alt=\"salsicha\" class=\"wp-image-33074\" title=\"\" srcset=\"https:\/\/www.meatprocessingmachine.org\/wp-content\/uploads\/2020\/11\/sausage.png 720w, https:\/\/www.meatprocessingmachine.org\/wp-content\/uploads\/2020\/11\/sausage-300x225.png 300w\" sizes=\"auto, (max-width: 720px) 100vw, 720px\" \/><figcaption class=\"wp-element-caption\">Salsicha<\/figcaption><\/figure>    <figure class=\"wp-block-image size-large\"><img loading=\"lazy\" decoding=\"async\" width=\"720\" height=\"540\" data-id=\"33075\" src=\"https:\/\/www.meatprocessingmachine.org\/wp-content\/uploads\/2020\/11\/soup-stock.png\" alt=\"caldo de sopa\" class=\"wp-image-33075\" title=\"\" srcset=\"https:\/\/www.meatprocessingmachine.org\/wp-content\/uploads\/2020\/11\/soup-stock.png 720w, https:\/\/www.meatprocessingmachine.org\/wp-content\/uploads\/2020\/11\/soup-stock-300x225.png 300w\" sizes=\"auto, (max-width: 720px) 100vw, 720px\" \/><figcaption class=\"wp-element-caption\">Caldo para sopa<\/figcaption><\/figure> <\/figure>    <p>De acordo com a composi\u00e7\u00e3o e caracter\u00edsticas dos ossos animais, adota-se um princ\u00edpio de tritura\u00e7\u00e3o especial para fazer a pasta de osso. Os ossos animais cont\u00eam muitos nutrientes, como prote\u00ednas e gorduras. \u00c9 um produto de alta nutri\u00e7\u00e3o e baixa caloria. Uma farinha de osso e uma pasta de osso feitas a partir de ossos animais cont\u00eam muitos nutrientes necess\u00e1rios ao corpo humano, como prote\u00ednas, gorduras, vitaminas, col\u00e1geno, c\u00e1lcio, etc. Atualmente, a pasta de osso \u00e9 usada principalmente como um aditivo alimentar ou diretamente utilizada para produzir temperos. A pasta de osso tem sido amplamente utilizada na Europa, Jap\u00e3o, Estados Unidos e outros pa\u00edses para fazer alm\u00f4ndegas, bolo de carne, carne desfiada para enema e outros produtos. Na China, a pasta de osso tamb\u00e9m \u00e9 amplamente utilizada em produtos c\u00e1rneos de alta temperatura, alimentos enlatados e outros alimentos, e tamb\u00e9m pode ser utilizada para fazer sopa.<\/p>    <h2 class=\"wp-block-heading\">Par\u00e2metros da m\u00e1quina moedora de ossos<\/h2>    <ul class=\"wp-block-list\"> <li>Modelo: TZ-80 M\u00e1quina de colagem de ossos<\/li>    <li>Fineness de processamento: 2-50\u03bcm<\/li>    <li>Produ\u00e7\u00e3o: 50-100kg\/h<\/li>    <li>Pot\u00eancia: 4kw<\/li>    <li>Peso: 150kg<\/li>    <li>Dimens\u00f5es: 600*410*930mm<\/li> <\/ul>    <h2 class=\"wp-block-heading\" id=\"h-bone-grinder-machine-working-principle\">Princ\u00edpio de funcionamento da m\u00e1quina moedora de ossos<\/h2>    <p class=\"translation-block\">Se sua mat\u00e9ria-prima for ossos grandes, voc\u00ea precisa de uma <a href=\"https:\/\/www.meatprocessingmachine.org\/pt\/animal-bone-crushing-machine.html\/\">m\u00e1quina trituradora de ossos<\/a> para triturar os ossos grandes em p\u00f3 de osso granular uniforme primeiro. Em seguida, moa as pequenas part\u00edculas em uma pasta com a m\u00e1quina moedora de ossos e carne. Isso reduzir\u00e1 os danos dos ossos duros aos dentes de moagem da m\u00e1quina moedora de ossos.<\/p>   <div class=\"wp-block-image\"> <figure class=\"aligncenter size-full\"><img loading=\"lazy\" decoding=\"async\" width=\"720\" height=\"540\" src=\"https:\/\/www.meatprocessingmachine.org\/wp-content\/uploads\/2020\/11\/beef-bone-paste-grinding.png\" alt=\"moedor de pasta de osso de boi\" class=\"wp-image-33065\" title=\"\" srcset=\"https:\/\/www.meatprocessingmachine.org\/wp-content\/uploads\/2020\/11\/beef-bone-paste-grinding.png 720w, https:\/\/www.meatprocessingmachine.org\/wp-content\/uploads\/2020\/11\/beef-bone-paste-grinding-300x225.png 300w\" sizes=\"auto, (max-width: 720px) 100vw, 720px\" \/><figcaption class=\"wp-element-caption\">moedor de pasta de osso de boi<\/figcaption><\/figure> <\/div>   <p>O moedor de carne e ossos tritura materiais atrav\u00e9s do movimento de alta velocidade de estatores e rotores de diferentes formas geom\u00e9tricas. Quando o estator e o rotor se movem em altas velocidades, eles geram v\u00e1rias for\u00e7as compostas, como vibra\u00e7\u00e3o de alta frequ\u00eancia, v\u00f3rtice de alta velocidade e for\u00e7a de cisalhamento. Sob a a\u00e7\u00e3o dessas for\u00e7as combinadas, a m\u00e1quina tritura o material e o refina. A m\u00e1quina moedora de ossos da Taizy adota um processamento refinado. Existem tr\u00eas zonas de moagem na c\u00e2mara de tritura\u00e7\u00e3o da m\u00e1quina. As tr\u00eas zonas de moagem s\u00e3o a zona de moagem grossa, a zona de moagem fina e a zona de moagem superfina. Atrav\u00e9s dessas tr\u00eas zonas de moagem, alcan\u00e7ar\u00e1 o maior grau de fragmenta\u00e7\u00e3o e atender\u00e1 aos requisitos de finura e suavidade.<\/p>    <h2 class=\"wp-block-heading\" id=\"h-fish-and-beef-bone-paste-grinding-machine-characteristics\">Caracter\u00edsticas da m\u00e1quina de moer pasta de ossos de peixe e carne bovina<\/h2>   <div class=\"wp-block-image\"> <figure class=\"aligncenter size-full\"><img loading=\"lazy\" decoding=\"async\" width=\"720\" height=\"540\" src=\"https:\/\/www.meatprocessingmachine.org\/wp-content\/uploads\/2020\/11\/bone-grinder-machine-1.jpg\" alt=\"m\u00e1quina moedora de ossos\" class=\"wp-image-33066\" title=\"\" srcset=\"https:\/\/www.meatprocessingmachine.org\/wp-content\/uploads\/2020\/11\/bone-grinder-machine-1.jpg 720w, https:\/\/www.meatprocessingmachine.org\/wp-content\/uploads\/2020\/11\/bone-grinder-machine-1-300x225.jpg 300w\" sizes=\"auto, (max-width: 720px) 100vw, 720px\" \/><figcaption class=\"wp-element-caption\">m\u00e1quina moedora de ossos<\/figcaption><\/figure> <\/div>   <ol style=\"list-style-type:1\" class=\"wp-block-list\"> <li>A m\u00e1quina de moer ossos possui especifica\u00e7\u00f5es verticais, horizontais, divididas e outras, e a m\u00e1quina tem uma variedade de sa\u00eddas.<\/li>    <li>A m\u00e1quina \u00e9 composta principalmente por uma tampa, cabe\u00e7a de moagem, man\u00edpulo de ajuste, mecanismo de resfriamento, motor e outras partes. Suas principais partes s\u00e3o feitas de a\u00e7o inoxid\u00e1vel de grau aliment\u00edcio, que \u00e9 resistente \u00e0 corros\u00e3o, seguro e eficiente.<\/li>    <li>Esta m\u00e1quina pode ser usada n\u00e3o apenas para fazer uma pasta de osso, mas tamb\u00e9m para fazer manteiga de amendoim, molho de pimenta, leite de soja e outras ind\u00fastrias aliment\u00edcias. Ela tamb\u00e9m \u00e9 amplamente aplicada em produtos de uso di\u00e1rio, na ind\u00fastria qu\u00edmica, na ind\u00fastria farmac\u00eautica e em outras ind\u00fastrias. De acordo com as diferentes caracter\u00edsticas dos materiais, voc\u00ea pode escolher m\u00e1quinas de diferentes especifica\u00e7\u00f5es e modelos para a produ\u00e7\u00e3o.<\/li>    <li>A m\u00e1quina moedora de ossos tem caracter\u00edsticas de estrutura compacta, apar\u00eancia bonita, desempenho est\u00e1vel e opera\u00e7\u00e3o conveniente.<\/li>    <li>A pasta de osso produzida por esta m\u00e1quina \u00e9 um material fino ideal. E pode controlar a finura da moagem ajustando a al\u00e7a de ajuste e aumentando o n\u00famero de moagens.<\/li>    <li>O disco de moagem da m\u00e1quina de moer pasta de ossos \u00e9 refor\u00e7ado para ter boa resist\u00eancia \u00e0 corros\u00e3o e ao desgaste.<\/li> <\/ol>    <h2 class=\"wp-block-heading\" id=\"h-precautions-of-fish-and-beef-bone-paste-grinding-machine\">Precau\u00e7\u00f5es da m\u00e1quina de moer pasta de ossos de peixe e carne bovina<\/h2>   <div class=\"wp-block-image\"> <figure class=\"aligncenter size-full\"><img loading=\"lazy\" decoding=\"async\" width=\"720\" height=\"540\" src=\"https:\/\/www.meatprocessingmachine.org\/wp-content\/uploads\/2020\/11\/bone-grinder-machine-1.png\" alt=\"m\u00e1quina moedora de ossos\" class=\"wp-image-33072\" title=\"\" srcset=\"https:\/\/www.meatprocessingmachine.org\/wp-content\/uploads\/2020\/11\/bone-grinder-machine-1.png 720w, https:\/\/www.meatprocessingmachine.org\/wp-content\/uploads\/2020\/11\/bone-grinder-machine-1-300x225.png 300w\" sizes=\"auto, (max-width: 720px) 100vw, 720px\" \/><figcaption class=\"wp-element-caption\">m\u00e1quina moedora de ossos<\/figcaption><\/figure> <\/div>   <ol style=\"list-style-type:1\" class=\"wp-block-list\"> <li>Voc\u00ea deve instalar a m\u00e1quina de moer pasta de ossos em um terreno nivelado para garantir uma opera\u00e7\u00e3o suave.<\/li>    <li>A m\u00e1quina realiza processamentos \u00famidos de forma inteligente e n\u00e3o pode processar materiais s\u00f3lidos secos.<\/li>    <li>Antes de usar a m\u00e1quina para moagem, verifique se os parafusos de cada parte da m\u00e1quina est\u00e3o apertados. E verifique se o rotor est\u00e1 em contato com o estator e se est\u00e1 preso.<\/li>    <li>&nbsp;Verifique se h\u00e1 impurezas dentro do funil e da m\u00e1quina. Ao colocar materiais, voc\u00ea deve controlar o material dentro de 1mm. E \u00e9 estritamente proibido colocar ferro e part\u00edculas duras na m\u00e1quina.<\/li>    <li>Conecte a fonte de energia e verifique se a dire\u00e7\u00e3o de rota\u00e7\u00e3o do rotor est\u00e1 consistente com a seta na base.<\/li>    <li>Ap\u00f3s ligar o motor, verifique se h\u00e1 anomalias, como ru\u00eddos.<\/li> <\/ol>    <h2 class=\"wp-block-heading\" id=\"h-how-to-adjust-the-bone-grinder-machine-gap\">Como ajustar o espa\u00e7o da m\u00e1quina moedora de ossos?<\/h2>   <div class=\"wp-block-image\"> <figure class=\"aligncenter size-full\"><img loading=\"lazy\" decoding=\"async\" width=\"720\" height=\"540\" src=\"https:\/\/www.meatprocessingmachine.org\/wp-content\/uploads\/2020\/11\/beef-bone-paste-grinding-machinel.png\" alt=\" m\u00e1quina de moer pasta de osso de boi\" class=\"wp-image-33090\" title=\"\" srcset=\"https:\/\/www.meatprocessingmachine.org\/wp-content\/uploads\/2020\/11\/beef-bone-paste-grinding-machinel.png 720w, https:\/\/www.meatprocessingmachine.org\/wp-content\/uploads\/2020\/11\/beef-bone-paste-grinding-machinel-300x225.png 300w\" sizes=\"auto, (max-width: 720px) 100vw, 720px\" \/><figcaption class=\"wp-element-caption\"> m\u00e1quina de moer pasta de osso de boi<\/figcaption><\/figure> <\/div>   <p>Pode haver um requisito diferente para a finura da pasta de osso mo\u00eddo para diferentes clientes. Ent\u00e3o, como ajustar a m\u00e1quina moedora de ossos para obter a finura desejada? Voc\u00ea pode ajustar o man\u00edpulo de ajuste para modificar a finura da pasta de osso mo\u00eddo. Gire o man\u00edpulo de ajuste no sentido hor\u00e1rio, e o espa\u00e7o entre o estator e o rotor fica menor. E a finura da moagem se torna mais fina. Ao ajustar o man\u00edpulo, gire o man\u00edpulo de ajuste no sentido hor\u00e1rio. Quando voc\u00ea sentir um pouco de atrito, gire na dire\u00e7\u00e3o oposta para que o espa\u00e7o entre as cabe\u00e7as de moagem seja maior que 0. Ap\u00f3s ajustar a finura, aperte o man\u00edpulo no anel de ajuste. Para atender aos requisitos de finura de processamento, fa\u00e7a com que o espa\u00e7o entre os discos de moagem seja o maior poss\u00edvel. Isso pode aumentar a vida \u00fatil da cabe\u00e7a de moagem.<\/p>    <h2 class=\"wp-block-heading\">Caso de cliente da m\u00e1quina moedora de ossos<\/h2>   <div class=\"wp-block-image\"> <figure class=\"aligncenter size-full\"><img loading=\"lazy\" decoding=\"async\" width=\"720\" height=\"540\" src=\"https:\/\/www.meatprocessingmachine.org\/wp-content\/uploads\/2020\/11\/bone-grinder-machine.png\" alt=\"m\u00e1quina moedora de ossos\" class=\"wp-image-33068\" title=\"\" srcset=\"https:\/\/www.meatprocessingmachine.org\/wp-content\/uploads\/2020\/11\/bone-grinder-machine.png 720w, https:\/\/www.meatprocessingmachine.org\/wp-content\/uploads\/2020\/11\/bone-grinder-machine-300x225.png 300w\" sizes=\"auto, (max-width: 720px) 100vw, 720px\" \/><figcaption class=\"wp-element-caption\">m\u00e1quina de moer ossos<\/figcaption><\/figure> <\/div>   <p><br>Recentemente, enviamos o triturador de ossos e o moedor de ossos e os entregamos ao cliente. O cliente precisa processar ra\u00e7\u00e3o para animais de estima\u00e7\u00e3o. A mat\u00e9ria-prima utilizada \u00e9 osso de porco, mas o osso \u00e9 relativamente grande, ent\u00e3o precisa ser quebrado primeiro e depois mo\u00eddo. Os ossos s\u00e3o adicionados \u00e0 ra\u00e7\u00e3o para animais de estima\u00e7\u00e3o, o que pode n\u00e3o apenas aumentar o aroma da ra\u00e7\u00e3o, mas tamb\u00e9m fornecer rica nutri\u00e7\u00e3o.<\/p>    <h2 class=\"wp-block-heading\">V\u00eddeo da m\u00e1quina de moer ossos<\/h2>    <figure class=\"wp-block-embed aligncenter is-type-video is-provider-youtube wp-block-embed-youtube\"><div class=\"wp-block-embed__wrapper\"> <iframe loading=\"lazy\" title=\"Que m\u00e1quina pode moer ossos? | m\u00e1quina de moer ossos de peixe e carne \u00e0 venda | m\u00e1quina moedora de ossos\" width=\"500\" height=\"281\" src=\"https:\/\/www.youtube.com\/embed\/aJFLYTwqDF0?feature=oembed\" frameborder=\"0\" allow=\"accelerometer; autoplay; clipboard-write; encrypted-media; gyroscope; picture-in-picture; web-share\" referrerpolicy=\"strict-origin-when-cross-origin\" allowfullscreen><\/iframe> <\/div><figcaption class=\"wp-element-caption\">m\u00e1quina de moer ossos<\/figcaption><\/figure>","protected":false},"excerpt":{"rendered":"<p>A m\u00e1quina moedora de ossos \u00e9 geralmente combinada com uma m\u00e1quina trituradora de ossos para triturar ossos de animais e fazer lama de ossos.<\/p>","protected":false},"author":1,"featured_media":33067,"parent":0,"template":"","product-type":[594],"class_list":["post-899","product","type-product","status-publish","has-post-thumbnail","hentry","product-type-bone-processing-equipment"],"_links":{"self":[{"href":"https:\/\/www.meatprocessingmachine.org\/pt\/wp-json\/wp\/v2\/product\/899","targetHints":{"allow":["GET"]}}],"collection":[{"href":"https:\/\/www.meatprocessingmachine.org\/pt\/wp-json\/wp\/v2\/product"}],"about":[{"href":"https:\/\/www.meatprocessingmachine.org\/pt\/wp-json\/wp\/v2\/types\/product"}],"author":[{"embeddable":true,"href":"https:\/\/www.meatprocessingmachine.org\/pt\/wp-json\/wp\/v2\/users\/1"}],"wp:featuredmedia":[{"embeddable":true,"href":"https:\/\/www.meatprocessingmachine.org\/pt\/wp-json\/wp\/v2\/media\/33067"}],"wp:attachment":[{"href":"https:\/\/www.meatprocessingmachine.org\/pt\/wp-json\/wp\/v2\/media?parent=899"}],"wp:term":[{"taxonomy":"product-type","embeddable":true,"href":"https:\/\/www.meatprocessingmachine.org\/pt\/wp-json\/wp\/v2\/product-type?post=899"}],"curies":[{"name":"wp","href":"https:\/\/api.w.org\/{rel}","templated":true}]}}