{"id":11,"date":"2018-10-25T02:48:44","date_gmt":"2018-10-25T02:48:44","guid":{"rendered":"http:\/\/www.meatprocessingmachine.org\/?page_id=11"},"modified":"2026-04-07T17:31:10","modified_gmt":"2026-04-07T09:31:10","slug":"about-us","status":"publish","type":"page","link":"https:\/\/www.meatprocessingmachine.org\/sv\/about-us\/","title":{"rendered":"Om oss"},"content":{"rendered":"<p class=\"translation-block\"><strong><mark class=\"has-inline-color has-luminous-vivid-amber-color\"><a href=\"https:\/\/www.meatprocessingmachine.org\/sv\/\">Zhengzhou Taizy Machinery Co., Ltd<\/a><\/mark><\/strong> \u00e4r en professionell tillverkare och export\u00f6r som specialiserar sig p\u00e5 k\u00f6ttbearbetningsmaskiner och integrerade livsmedelsbearbetningsl\u00f6sningar. Bel\u00e4get i Zhengzhou Economic and Technological Development Zone, kombinerar vi forskning, ingenj\u00f6rskonst, tillverkning och global f\u00f6rs\u00e4ljning i ett effektivt driftssystem.<\/p>    <p>Med en stark teknisk grund och \u00f6ver 100 skickliga anst\u00e4llda har vi byggt ett modernt produktions- och ledningssystem som s\u00e4kerst\u00e4ller stabil produktkvalitet och effektiv leverans till kunder v\u00e4rlden \u00f6ver.<\/p>   <div class=\"wp-block-image\"> <figure class=\"aligncenter size-full\"><img loading=\"lazy\" decoding=\"async\" width=\"720\" height=\"540\" src=\"https:\/\/www.meatprocessingmachine.org\/wp-content\/uploads\/2026\/04\/taizy-factory.webp\" alt=\"taizy-factory\" class=\"wp-image-35273\" title=\"\" srcset=\"https:\/\/www.meatprocessingmachine.org\/wp-content\/uploads\/2026\/04\/taizy-factory.webp 720w, https:\/\/www.meatprocessingmachine.org\/wp-content\/uploads\/2026\/04\/taizy-factory-300x225.webp 300w, https:\/\/www.meatprocessingmachine.org\/wp-content\/uploads\/2026\/04\/taizy-factory-16x12.webp 16w\" sizes=\"auto, (max-width: 720px) 100vw, 720px\" \/><figcaption class=\"wp-element-caption\">taizy-factory<\/figcaption><\/figure> <\/div>   <h2 class=\"wp-block-heading\">Vad Vi G\u00f6r<\/h2>    <p>Vi fokuserar p\u00e5 utveckling och produktion av ett komplett sortiment av k\u00f6ttbearbetningsutrustning, inklusive:<\/p>    <ul class=\"wp-block-list\"> <li><strong><a href=\"https:\/\/www.meatprocessingmachine.org\/sv\/products\/meat-cutting-machine\/\">K\u00f6ttsk\u00e4rnings- och skivningsmaskiner<\/a><\/strong><\/li>    <li>K\u00f6ttkross- och benbearbetningsutrustning<\/li>    <li>K\u00f6ttbulleproduktionslinjer<\/li>    <li><strong><a href=\"https:\/\/www.meatprocessingmachine.org\/sv\/products\/supporting-auxiliary-equipment\/\">Vakuumf\u00f6rpackning och hj\u00e4lputrustning<\/a><\/strong><\/li> <\/ul>    <p>V\u00e5ra maskiner anv\u00e4nds i stor utstr\u00e4ckning i slaktare, livsmedelsbearbetningsanl\u00e4ggningar, slakterier och industriella k\u00f6ttproduktionslinjer, och st\u00f6djer b\u00e5de sm\u00e5skaliga f\u00f6retag och stora fabriker.<\/p>    <figure class=\"wp-block-gallery has-nested-images columns-default is-cropped wp-block-gallery-2 is-layout-flex wp-block-gallery-is-layout-flex\"> <figure class=\"wp-block-image size-large\"><img loading=\"lazy\" decoding=\"async\" width=\"720\" height=\"540\" data-id=\"34581\" src=\"https:\/\/www.meatprocessingmachine.org\/wp-content\/uploads\/2020\/11\/Bone-Crusher-and-Colloid-Mill-Combination.webp\" alt=\"Bone Crusher and Colloid Mill Combination\" class=\"wp-image-34581\" title=\"\" srcset=\"https:\/\/www.meatprocessingmachine.org\/wp-content\/uploads\/2020\/11\/Bone-Crusher-and-Colloid-Mill-Combination.webp 720w, https:\/\/www.meatprocessingmachine.org\/wp-content\/uploads\/2020\/11\/Bone-Crusher-and-Colloid-Mill-Combination-300x225.webp 300w, https:\/\/www.meatprocessingmachine.org\/wp-content\/uploads\/2020\/11\/Bone-Crusher-and-Colloid-Mill-Combination-16x12.webp 16w\" sizes=\"auto, (max-width: 720px) 100vw, 720px\" \/><figcaption class=\"wp-element-caption\">Kombination av benkrossmaskin och kolloidm\u00f6l<\/figcaption><\/figure>    <figure class=\"wp-block-image size-large\"><img loading=\"lazy\" decoding=\"async\" width=\"720\" height=\"540\" data-id=\"34788\" src=\"https:\/\/www.meatprocessingmachine.org\/wp-content\/uploads\/2020\/11\/Bone-Crushing-Machine-1.webp\" alt=\"Benkrossmaskin\" class=\"wp-image-34788\" title=\"\" srcset=\"https:\/\/www.meatprocessingmachine.org\/wp-content\/uploads\/2020\/11\/Bone-Crushing-Machine-1.webp 720w, https:\/\/www.meatprocessingmachine.org\/wp-content\/uploads\/2020\/11\/Bone-Crushing-Machine-1-300x225.webp 300w, https:\/\/www.meatprocessingmachine.org\/wp-content\/uploads\/2020\/11\/Bone-Crushing-Machine-1-16x12.webp 16w\" sizes=\"auto, (max-width: 720px) 100vw, 720px\" \/><figcaption class=\"wp-element-caption\">Benkrossmaskin<\/figcaption><\/figure>    <figure class=\"wp-block-image size-large\"><img loading=\"lazy\" decoding=\"async\" width=\"720\" height=\"540\" data-id=\"34698\" src=\"https:\/\/www.meatprocessingmachine.org\/wp-content\/uploads\/2021\/01\/Fish-Dryer-Machine-Factory.webp\" alt=\"Fisktorkningsmaskinfabrik\" class=\"wp-image-34698\" title=\"\" srcset=\"https:\/\/www.meatprocessingmachine.org\/wp-content\/uploads\/2021\/01\/Fish-Dryer-Machine-Factory.webp 720w, https:\/\/www.meatprocessingmachine.org\/wp-content\/uploads\/2021\/01\/Fish-Dryer-Machine-Factory-300x225.webp 300w, https:\/\/www.meatprocessingmachine.org\/wp-content\/uploads\/2021\/01\/Fish-Dryer-Machine-Factory-16x12.webp 16w\" sizes=\"auto, (max-width: 720px) 100vw, 720px\" \/><figcaption class=\"wp-element-caption\">Fisktorkningsmaskinfabrik<\/figcaption><\/figure>    <figure class=\"wp-block-image size-large\"><img loading=\"lazy\" decoding=\"async\" width=\"720\" height=\"540\" data-id=\"34650\" src=\"https:\/\/www.meatprocessingmachine.org\/wp-content\/uploads\/2026\/02\/Meat-Slicing-Machine.webp\" alt=\"K\u00f6ttsk\u00e4rmaskin\" class=\"wp-image-34650\" title=\"\" srcset=\"https:\/\/www.meatprocessingmachine.org\/wp-content\/uploads\/2026\/02\/Meat-Slicing-Machine.webp 720w, https:\/\/www.meatprocessingmachine.org\/wp-content\/uploads\/2026\/02\/Meat-Slicing-Machine-300x225.webp 300w, https:\/\/www.meatprocessingmachine.org\/wp-content\/uploads\/2026\/02\/Meat-Slicing-Machine-16x12.webp 16w\" sizes=\"auto, (max-width: 720px) 100vw, 720px\" \/><figcaption class=\"wp-element-caption\">K\u00f6ttsk\u00e4rmaskin<\/figcaption><\/figure>    <figure class=\"wp-block-image size-large\"><img loading=\"lazy\" decoding=\"async\" width=\"720\" height=\"540\" data-id=\"35002\" src=\"https:\/\/www.meatprocessingmachine.org\/wp-content\/uploads\/2021\/11\/Triple-Row-Egg-Processing-Line.webp\" alt=\"Trippelrads \u00e4ggbehandlingslinje\" class=\"wp-image-35002\" title=\"\" srcset=\"https:\/\/www.meatprocessingmachine.org\/wp-content\/uploads\/2021\/11\/Triple-Row-Egg-Processing-Line.webp 720w, https:\/\/www.meatprocessingmachine.org\/wp-content\/uploads\/2021\/11\/Triple-Row-Egg-Processing-Line-300x225.webp 300w, https:\/\/www.meatprocessingmachine.org\/wp-content\/uploads\/2021\/11\/Triple-Row-Egg-Processing-Line-16x12.webp 16w\" sizes=\"auto, (max-width: 720px) 100vw, 720px\" \/><figcaption class=\"wp-element-caption\">Trippelrads \u00e4ggbehandlingslinje<\/figcaption><\/figure>    <figure class=\"wp-block-image size-large\"><img loading=\"lazy\" decoding=\"async\" width=\"720\" height=\"540\" data-id=\"35130\" src=\"https:\/\/www.meatprocessingmachine.org\/wp-content\/uploads\/2026\/03\/Chicken-Paw-Processing-Machine.webp\" alt=\"Kycklingfotbearbetningsmaskin\" class=\"wp-image-35130\" title=\"\" srcset=\"https:\/\/www.meatprocessingmachine.org\/wp-content\/uploads\/2026\/03\/Chicken-Paw-Processing-Machine.webp 720w, https:\/\/www.meatprocessingmachine.org\/wp-content\/uploads\/2026\/03\/Chicken-Paw-Processing-Machine-300x225.webp 300w, https:\/\/www.meatprocessingmachine.org\/wp-content\/uploads\/2026\/03\/Chicken-Paw-Processing-Machine-16x12.webp 16w\" sizes=\"auto, (max-width: 720px) 100vw, 720px\" \/><figcaption class=\"wp-element-caption\">Kycklingfotbearbetningsmaskin<\/figcaption><\/figure> <\/figure>    <h3 class=\"wp-block-heading\">Stark FoU- och tillverkningskapacitet<\/h3>    <p>Teknik driver v\u00e5r tillv\u00e4xt. Vi investerar kontinuerligt i forskning och utveckling, samarbetar med erfarna mekaniska ingenj\u00f6rer och branschexperter f\u00f6r att f\u00f6rb\u00e4ttra utrustningens prestanda och utveckla nya l\u00f6sningar.<\/p>    <p>Fr\u00e5n r\u00e5varuval till slutmontering tillverkas varje maskin under strikta kvalitetskontrollstandarder. V\u00e5r produktionsprocess betonar h\u00e5llbarhet, hygien och operativ effektivitet f\u00f6r att m\u00f6ta internationella krav f\u00f6r livsmedelsbearbetning.<\/p>   <div class=\"wp-block-image\"> <figure class=\"aligncenter size-full\"><img loading=\"lazy\" decoding=\"async\" width=\"720\" height=\"540\" src=\"https:\/\/www.meatprocessingmachine.org\/wp-content\/uploads\/2026\/04\/Processing-Workshop.webp\" alt=\"Bearbetningsverkstad\" class=\"wp-image-35277\" title=\"\" srcset=\"https:\/\/www.meatprocessingmachine.org\/wp-content\/uploads\/2026\/04\/Processing-Workshop.webp 720w, https:\/\/www.meatprocessingmachine.org\/wp-content\/uploads\/2026\/04\/Processing-Workshop-300x225.webp 300w, https:\/\/www.meatprocessingmachine.org\/wp-content\/uploads\/2026\/04\/Processing-Workshop-16x12.webp 16w\" sizes=\"auto, (max-width: 720px) 100vw, 720px\" \/><figcaption class=\"wp-element-caption\">Bearbetningsverkstad<\/figcaption><\/figure> <\/div>   <h3 class=\"wp-block-heading\">Global Marknadsn\u00e4rvaro<\/h3>    <p class=\"translation-block\">V\u00e5ra produkter har exporterats till <strong><a href=\"https:\/\/www.meatprocessingmachine.org\/sv\/Info\/bone-crusher-machine-france\/\">Europa<\/a><\/strong>, <strong><a href=\"https:\/\/www.meatprocessingmachine.org\/sv\/Info\/frozen-meat-dicer-machine-for-sale-in-usa\/\">Amerika<\/a><\/strong>, Afrika, Sydostasien och m\u00e5nga andra regioner, vilket har gett ett starkt rykte och en solid kundbas p\u00e5 den internationella marknaden. Som ett dotterbolag till Shuliy Group, utnyttjar Taizy gruppens mogna tillverkningssystem, v\u00e4letablerade leveranskedja och omfattande globala marknadserfarenhet f\u00f6r att leverera p\u00e5litlig utrustning och professionella tj\u00e4nster, och bygga l\u00e5ngsiktiga partnerskap med kunder v\u00e4rlden \u00f6ver.<\/p>   <div class=\"wp-block-image\"> <figure class=\"aligncenter size-full\"><img loading=\"lazy\" decoding=\"async\" width=\"720\" height=\"540\" src=\"https:\/\/www.meatprocessingmachine.org\/wp-content\/uploads\/2026\/04\/Shuliys-customers.webp\" alt=\"Shuliy\u2019s kunder\" class=\"wp-image-35281\" title=\"\" srcset=\"https:\/\/www.meatprocessingmachine.org\/wp-content\/uploads\/2026\/04\/Shuliys-customers.webp 720w, https:\/\/www.meatprocessingmachine.org\/wp-content\/uploads\/2026\/04\/Shuliys-customers-300x225.webp 300w, https:\/\/www.meatprocessingmachine.org\/wp-content\/uploads\/2026\/04\/Shuliys-customers-16x12.webp 16w\" sizes=\"auto, (max-width: 720px) 100vw, 720px\" \/><figcaption class=\"wp-element-caption\">Shuliy&#8217;s customers<\/figcaption><\/figure> <\/div>   <h3 class=\"wp-block-heading\">Kvalitetss\u00e4kring &amp; Service<\/h3>    <p>Vi f\u00f6ljer en \u201ckvalitet-f\u00f6rst, kundfokus\u201d filosofi i varje projekt.<\/p>    <ul class=\"wp-block-list\"> <li>Strikt kvalitetskontroll f\u00f6re leverans<\/li>    <li>Professionell f\u00f6rhandskonsultation och l\u00f6sningsdesign<\/li>    <li>Fullst\u00e4ndigt eftermarknadssupport inklusive installationsv\u00e4gledning och teknisk service<\/li> <\/ul>    <p>V\u00e5rt m\u00e5l \u00e4r inte bara att leverera maskiner, utan att erbjuda p\u00e5litliga, l\u00e5ngsiktiga l\u00f6sningar som hj\u00e4lper kunder att f\u00f6rb\u00e4ttra effektivitet och l\u00f6nsamhet.<\/p>   <div class=\"wp-block-image\"> <figure class=\"aligncenter size-full\"><img loading=\"lazy\" decoding=\"async\" width=\"720\" height=\"540\" src=\"https:\/\/www.meatprocessingmachine.org\/wp-content\/uploads\/2026\/03\/Our-Certifications.webp\" alt=\"V\u00e5ra certifieringar\" class=\"wp-image-35211\" title=\"\" srcset=\"https:\/\/www.meatprocessingmachine.org\/wp-content\/uploads\/2026\/03\/Our-Certifications.webp 720w, https:\/\/www.meatprocessingmachine.org\/wp-content\/uploads\/2026\/03\/Our-Certifications-300x225.webp 300w, https:\/\/www.meatprocessingmachine.org\/wp-content\/uploads\/2026\/03\/Our-Certifications-16x12.webp 16w\" sizes=\"auto, (max-width: 720px) 100vw, 720px\" \/><figcaption class=\"wp-element-caption\">V\u00e5ra certifieringar<\/figcaption><\/figure> <\/div>   <h2 class=\"wp-block-heading\">Certifieringar &amp; Kvalitetss\u00e4kring<\/h2>    <p class=\"translation-block\">Vi l\u00e4gger stor vikt vid produktkvalitet och efterlevnad av internationella standarder, och f\u00f6ljer strikta standardiserade tillverkningsprocesser. M\u00e5nga av v\u00e5ra maskiner har erh\u00e5llit <strong>CE-certifiering<\/strong>, vilket uppfyller europeiska s\u00e4kerhetskrav. V\u00e5rt f\u00f6retag har etablerat och implementerar ett omfattande <strong>ISO-kvalitetssystem<\/strong>, med strikt kontroll fr\u00e5n r\u00e5varuink\u00f6p till produktion, montering och slutlig inspektion, vilket s\u00e4kerst\u00e4ller stabil och h\u00e5llbar utrustning. Dessutom st\u00f6djer vi testning och fabriksrevisioner av internationella tredje part, s\u00e5som <strong>SGS<\/strong> och <strong>T\u00dcV<\/strong>, f\u00f6r att erbjuda kunder transparent och tillf\u00f6rlitlig kvalitetss\u00e4kring.<\/p>    <figure class=\"wp-block-gallery has-nested-images columns-default is-cropped wp-block-gallery-3 is-layout-flex wp-block-gallery-is-layout-flex\"> <figure class=\"wp-block-image size-large\"><img loading=\"lazy\" decoding=\"async\" width=\"540\" height=\"720\" data-id=\"35208\" src=\"https:\/\/www.meatprocessingmachine.org\/wp-content\/uploads\/2026\/03\/CE.webp\" alt=\"CE\" class=\"wp-image-35208\" title=\"\" srcset=\"https:\/\/www.meatprocessingmachine.org\/wp-content\/uploads\/2026\/03\/CE.webp 540w, https:\/\/www.meatprocessingmachine.org\/wp-content\/uploads\/2026\/03\/CE-225x300.webp 225w, https:\/\/www.meatprocessingmachine.org\/wp-content\/uploads\/2026\/03\/CE-9x12.webp 9w\" sizes=\"auto, (max-width: 540px) 100vw, 540px\" \/><figcaption class=\"wp-element-caption\">Ce<\/figcaption><\/figure>    <figure class=\"wp-block-image size-large\"><img loading=\"lazy\" decoding=\"async\" width=\"540\" height=\"720\" data-id=\"35210\" src=\"https:\/\/www.meatprocessingmachine.org\/wp-content\/uploads\/2026\/03\/ISO9001.webp\" alt=\"ISO9001\" class=\"wp-image-35210\" title=\"\" srcset=\"https:\/\/www.meatprocessingmachine.org\/wp-content\/uploads\/2026\/03\/ISO9001.webp 540w, https:\/\/www.meatprocessingmachine.org\/wp-content\/uploads\/2026\/03\/ISO9001-225x300.webp 225w, https:\/\/www.meatprocessingmachine.org\/wp-content\/uploads\/2026\/03\/ISO9001-9x12.webp 9w\" sizes=\"auto, (max-width: 540px) 100vw, 540px\" \/><figcaption class=\"wp-element-caption\">Iso9001<\/figcaption><\/figure>    <figure class=\"wp-block-image size-large\"><img loading=\"lazy\" decoding=\"async\" width=\"540\" height=\"720\" data-id=\"35209\" src=\"https:\/\/www.meatprocessingmachine.org\/wp-content\/uploads\/2026\/03\/EU-Test.webp\" alt=\"EU Test\" class=\"wp-image-35209\" title=\"\" srcset=\"https:\/\/www.meatprocessingmachine.org\/wp-content\/uploads\/2026\/03\/EU-Test.webp 540w, https:\/\/www.meatprocessingmachine.org\/wp-content\/uploads\/2026\/03\/EU-Test-225x300.webp 225w, https:\/\/www.meatprocessingmachine.org\/wp-content\/uploads\/2026\/03\/EU-Test-9x12.webp 9w\" sizes=\"auto, (max-width: 540px) 100vw, 540px\" \/><figcaption class=\"wp-element-caption\">Eu-test<\/figcaption><\/figure> <\/figure>    <h3 class=\"wp-block-heading\">V\u00e5r Mission<\/h3>    <p>Vi \u00e4r engagerade i att leverera h\u00f6gkvalitativa, effektiva och innovativa k\u00f6ttbearbetningsl\u00f6sningar f\u00f6r globala kunder. Genom kontinuerlig f\u00f6rb\u00e4ttring och ansvarsfull tillverkning str\u00e4var vi efter att bli en p\u00e5litlig partner inom livsmedelsmaskinindustrin.<\/p>    <h2 class=\"wp-block-heading\">Kontakta oss<\/h2>    <div class=\"wp-block-buttons is-layout-flex wp-container-core-buttons-is-layout-6b4e3324 wp-block-buttons-is-layout-flex\"> <div class=\"wp-block-button\"><a class=\"wp-block-button__link wp-element-button\" href=\"https:\/\/wa.me\/+8619139761487\" target=\"_blank\" rel=\"noopener\">WhatsApp:  86 19139761487<\/a><\/div>    <div class=\"wp-block-button\"><a class=\"wp-block-button__link wp-element-button\">Email: info@meatprocessingmachine.org<\/a><\/div> <\/div>    <blockquote class=\"wp-block-quote is-layout-flow wp-block-quote-is-layout-flow\"><\/blockquote>    <div class=\"wp-block-buttons is-layout-flex wp-block-buttons-is-layout-flex\"> <div class=\"wp-block-button\"><a class=\"wp-block-button__link wp-element-button\">Adress: Nautical Road East, Zhengzhou Economic Development Zone, Kina<\/a><\/div> <\/div>    <p><\/p>","protected":false},"excerpt":{"rendered":"<p>Zhengzhou Taizy Machinery Co., Ltd \u00e4r en professionell tillverkare och export\u00f6r som specialiserar sig p\u00e5 k\u00f6ttbearbetningsmaskiner och integrerade livsmedelsbearbetningsl\u00f6sningar. Bel\u00e4get i Zhengzhou Economic and Technological Development Zone, kombinerar vi forskning, ingenj\u00f6rskonst, tillverkning och global f\u00f6rs\u00e4ljning i ett effektivt driftssystem.<\/p>","protected":false},"author":1,"featured_media":35273,"parent":0,"menu_order":0,"comment_status":"open","ping_status":"closed","template":"","meta":{"footnotes":""},"class_list":["post-11","page","type-page","status-publish","has-post-thumbnail","hentry"],"_links":{"self":[{"href":"https:\/\/www.meatprocessingmachine.org\/sv\/wp-json\/wp\/v2\/pages\/11","targetHints":{"allow":["GET"]}}],"collection":[{"href":"https:\/\/www.meatprocessingmachine.org\/sv\/wp-json\/wp\/v2\/pages"}],"about":[{"href":"https:\/\/www.meatprocessingmachine.org\/sv\/wp-json\/wp\/v2\/types\/page"}],"author":[{"embeddable":true,"href":"https:\/\/www.meatprocessingmachine.org\/sv\/wp-json\/wp\/v2\/users\/1"}],"replies":[{"embeddable":true,"href":"https:\/\/www.meatprocessingmachine.org\/sv\/wp-json\/wp\/v2\/comments?post=11"}],"version-history":[{"count":17,"href":"https:\/\/www.meatprocessingmachine.org\/sv\/wp-json\/wp\/v2\/pages\/11\/revisions"}],"predecessor-version":[{"id":35299,"href":"https:\/\/www.meatprocessingmachine.org\/sv\/wp-json\/wp\/v2\/pages\/11\/revisions\/35299"}],"wp:featuredmedia":[{"embeddable":true,"href":"https:\/\/www.meatprocessingmachine.org\/sv\/wp-json\/wp\/v2\/media\/35273"}],"wp:attachment":[{"href":"https:\/\/www.meatprocessingmachine.org\/sv\/wp-json\/wp\/v2\/media?parent=11"}],"curies":[{"name":"wp","href":"https:\/\/api.w.org\/{rel}","templated":true}]}}