{"id":1018,"date":"2021-01-16T09:49:03","date_gmt":"2021-01-16T01:49:03","guid":{"rendered":"https:\/\/www.meatprocessingmachine.org\/?p=1018"},"modified":"2024-06-14T16:00:42","modified_gmt":"2024-06-14T08:00:42","slug":"commercial-fish-skinning-machine-for-sale","status":"publish","type":"product","link":"https:\/\/www.meatprocessingmachine.org\/sv\/commercial-fish-skinning-machine-for-sale.html","title":{"rendered":"Fiskskinnmaskin f\u00f6r kommersiell f\u00f6rs\u00e4ljning"},"content":{"rendered":"<div class=\"kk-star-ratings kksr-auto kksr-align-right kksr-valign-top\"     data-payload='{&quot;align&quot;:&quot;right&quot;,&quot;id&quot;:&quot;1018&quot;,&quot;slug&quot;:&quot;default&quot;,&quot;valign&quot;:&quot;top&quot;,&quot;ignore&quot;:&quot;&quot;,&quot;reference&quot;:&quot;auto&quot;,&quot;class&quot;:&quot;&quot;,&quot;count&quot;:&quot;0&quot;,&quot;legendonly&quot;:&quot;&quot;,&quot;readonly&quot;:&quot;&quot;,&quot;score&quot;:&quot;0&quot;,&quot;starsonly&quot;:&quot;&quot;,&quot;best&quot;:&quot;5&quot;,&quot;gap&quot;:&quot;5&quot;,&quot;greet&quot;:&quot;Rate this product&quot;,&quot;legend&quot;:&quot;0\\\/5 - (0 votes)&quot;,&quot;size&quot;:&quot;24&quot;,&quot;title&quot;:&quot;Commercial fish skinning machine for sale&quot;,&quot;width&quot;:&quot;0&quot;,&quot;_legend&quot;:&quot;{score}\\\/{best} - ({count} {votes})&quot;,&quot;font_factor&quot;:&quot;1.25&quot;}'>              <div class=\"kksr-stars\">      <div class=\"kksr-stars-inactive\">             <div class=\"kksr-star\" data-star=\"1\" style=\"padding-right: 5px\">               <div class=\"kksr-icon\" style=\"width: 24px; height: 24px;\"><\/div>         <\/div>             <div class=\"kksr-star\" data-star=\"2\" style=\"padding-right: 5px\">               <div class=\"kksr-icon\" style=\"width: 24px; height: 24px;\"><\/div>         <\/div>             <div class=\"kksr-star\" data-star=\"3\" style=\"padding-right: 5px\">               <div class=\"kksr-icon\" style=\"width: 24px; height: 24px;\"><\/div>         <\/div>             <div class=\"kksr-star\" data-star=\"4\" style=\"padding-right: 5px\">               <div class=\"kksr-icon\" style=\"width: 24px; height: 24px;\"><\/div>         <\/div>             <div class=\"kksr-star\" data-star=\"5\" style=\"padding-right: 5px\">               <div class=\"kksr-icon\" style=\"width: 24px; height: 24px;\"><\/div>         <\/div>     <\/div>      <div class=\"kksr-stars-active\" style=\"width: 0px;\">             <div class=\"kksr-star\" style=\"padding-right: 5px\">               <div class=\"kksr-icon\" style=\"width: 24px; height: 24px;\"><\/div>         <\/div>             <div class=\"kksr-star\" style=\"padding-right: 5px\">               <div class=\"kksr-icon\" style=\"width: 24px; height: 24px;\"><\/div>         <\/div>             <div class=\"kksr-star\" style=\"padding-right: 5px\">               <div class=\"kksr-icon\" style=\"width: 24px; height: 24px;\"><\/div>         <\/div>             <div class=\"kksr-star\" style=\"padding-right: 5px\">               <div class=\"kksr-icon\" style=\"width: 24px; height: 24px;\"><\/div>         <\/div>             <div class=\"kksr-star\" style=\"padding-right: 5px\">               <div class=\"kksr-icon\" style=\"width: 24px; height: 24px;\"><\/div>         <\/div>     <\/div> <\/div>                   <div class=\"kksr-legend\" style=\"font-size: 19.2px;\">             <span class=\"kksr-muted\">Betygs\u00e4tt denna produkt<\/span>     <\/div>     <\/div>  <p class=\"translation-block\">Den kommersiella <strong>fiskhudsk\u00e4rningsmaskinen<\/strong> \u00e4r en elektrisk maskin speciellt utformad f\u00f6r att ta bort fiskhud. Denna maskin anv\u00e4nds efter <a href=\"https:\/\/www.meatprocessingmachine.org\/sv\/automatic-fish-scaler-machine-fish-scale-remover-machine.html\/\">fiskfj\u00e4llborttagning<\/a>, fiskhuvud- och svansborttagning, samt <a href=\"https:\/\/www.meatprocessingmachine.org\/sv\/electric-fish-belly-splitting-cutting-machine.html\/\">fiskmagbrytning<\/a>. Fiskhudsk\u00e4rningsmaskinen kan automatiskt skala. Den har stor produktionskapacitet, h\u00f6g skalningseffektivitet och h\u00f6g avkastning.<\/p>    <h2 class=\"wp-block-heading\">Video av fiskhudsk\u00e4rningsmaskin<\/h2>    <figure class=\"wp-block-embed is-type-video is-provider-youtube wp-block-embed-youtube\"><div class=\"wp-block-embed__wrapper\"> <iframe loading=\"lazy\" title=\"Bl\u00e4ckfiskr\u00f6rskinnsk\u00e4rningsmaskin, fiskhudborttagare\" width=\"500\" height=\"281\" src=\"https:\/\/www.youtube.com\/embed\/FWiHdkLqavs?feature=oembed\" frameborder=\"0\" allow=\"accelerometer; autoplay; clipboard-write; encrypted-media; gyroscope; picture-in-picture; web-share\" referrerpolicy=\"strict-origin-when-cross-origin\" allowfullscreen><\/iframe> <\/div><figcaption class=\"wp-element-caption\">fiskhudsk\u00e4rningsmaskin<\/figcaption><\/figure>    <h2 class=\"wp-block-heading\" id=\"h-features-of-squid-fish-skinner-machine\">Funktioner hos bl\u00e4ckfiskfiskhudsk\u00e4rningsmaskin<\/h2>    <ol class=\"wp-block-list\"> <li>Fiskhudskrapningsmaskinen anv\u00e4nder rostfritt st\u00e5l, k\u00e4rndelen \u00e4r s\u00e4rskilt v\u00e4rmebehandlad, och bladet \u00e4r skarpt och h\u00e5llbart<\/li>    <li>Den \u00e4r l\u00e4tt att anv\u00e4nda och underh\u00e5lla samt har l\u00e5ng livsl\u00e4ngd<\/li>    <li>Den elektriska fiskhudskrapningsmaskinen har en stor produktionskapacitet, h\u00f6g produktivitet och ett bra skalningseffekt<\/li>    <li>Maskinens blad kan justeras, s\u00e5 den \u00e4r mycket anv\u00e4ndbar f\u00f6r att skala olika sorters fisk.<\/li> <\/ol>    <h2 class=\"wp-block-heading\" id=\"h-fish-skinning-machine-parameters\">Fiskhudsk\u00e4rningsmaskinens parametrar<\/h2>    <ul class=\"wp-block-list\"> <li>Effekt: 0,75 kW<\/li>    <li>Total effekt: 6,6 kW<\/li>    <li>Vikt: 120 kg<\/li>    <li>Storlek: 620*630*900 mm<\/li>    <li>Bearbetningshastighet: 40-80 st\/min<\/li>    <li>Kapacitet: 2000-2500 kg\/h<\/li> <\/ul>    <p>Fodra fisken med en tjocklek inom 3 cm, fisken med en bredd inom 40 cm.<\/p>    <h2 class=\"wp-block-heading\" id=\"h-commercial-fish-skinner-machine-application\">Anv\u00e4ndning av kommersiell fiskhudsk\u00e4rningsmaskin<\/h2>    <p class=\"translation-block\">Fiskhudsk\u00e4rningsmaskinen anv\u00e4nds i stor utstr\u00e4ckning f\u00f6r att skala fiskar av torsk, channel catfish, <a href=\"https:\/\/en.wikipedia.org\/wiki\/Salmon\" target=\"_blank\" rel=\"noopener\">lax<\/a>, ruda och andra fiskarter. Maskinen \u00e4r mycket anv\u00e4ndbar f\u00f6r att skala bl\u00e4ckfisk. Den passar f\u00f6r fiskerif\u00f6retag, livsmedelsbearbetningsanl\u00e4ggningar och cateringf\u00f6retag.<\/p>    <h2 class=\"wp-block-heading\" id=\"h-fish-skinning-machine-parameters\">Hur anv\u00e4nder man maskinen f\u00f6r att ta bort fiskhud?<\/h2>    <p>Den automatiska laxskinnsk\u00e4rningsmaskinen \u00e4r l\u00e4tt att anv\u00e4nda. Du beh\u00f6ver bara placera fisken i matningsporten och maskinen sk\u00f6ter skalningen automatiskt. Innan du anv\u00e4nder denna maskin f\u00f6r skalning, b\u00f6r du anv\u00e4nda en fiskbearbetningsmaskin f\u00f6r att dela fisken i segment. <\/p>    <p>Om ditt r\u00e5material \u00e4r hela fisken, m\u00e5ste du anv\u00e4nda en fiskbearbetningsmaskin f\u00f6r att bearbeta den. Det involverar fj\u00e4llborttagning, fiskmagbrytning, fiskhuvud- och svansbrytning. Genom dessa steg f\u00e5r du en fiskbit. L\u00e4gg sedan fisken med skinnsidan ned\u00e5t f\u00f6r skalning. <\/p>    <h2 class=\"wp-block-heading\" id=\"h-precautions-when-using-the-fish-skin-peeling-machine\">F\u00f6rsiktighets\u00e5tg\u00e4rder vid anv\u00e4ndning av fiskhudsk\u00e4rningsmaskinen<\/h2>    <ol class=\"wp-block-list\"> <li>N\u00e4r du anv\u00e4nder denna fiskhudsk\u00e4rningsmaskin f\u00f6r att ta bort fiskhud, b\u00f6r detta g\u00f6ras i n\u00e4rvaro av vatten f\u00f6r att s\u00e4kerst\u00e4lla skalningseffektiviteten. Anslut vattenslangen till maskinens vattenkran. Sl\u00e5 p\u00e5 str\u00f6mmen f\u00f6r att kontrollera att vattentillf\u00f6rseln \u00e4r normal. Se till att sl\u00e5 p\u00e5 maskinens vattentillf\u00f6rsel n\u00e4r du skalar.<\/li>    <li>Efter att ha anv\u00e4nt den ett tag, \u00f6ppna bladskyddet f\u00f6r att kontrollera bladets slitage. Om du beh\u00f6ver byta blad, \u00f6ppna bladskyddet och byt ut det direkt.<\/li>    <li>Om du beh\u00f6ver justera bladet upp och ner, anv\u00e4nd en skiftnyckel f\u00f6r att skruva loss muttern p\u00e5 v\u00e4nster och h\u00f6ger sida av knivh\u00e5llaren f\u00f6r att justera avst\u00e5ndet mellan bladet och trumman. Observera att avst\u00e5ndet mellan bladet och trumman ocks\u00e5 b\u00f6r anpassas, f\u00f6r stort eller f\u00f6r litet p\u00e5verkar direkt skalningseffekten.<\/li>    <li>Efter varje anv\u00e4ndning av fiskskalningsmaskinen, reng\u00f6r maskinen med rent vatten. Om du inte anv\u00e4nder maskinen under en l\u00e4ngre tid, placera den p\u00e5 en torr och ventilerad plats.<\/li> <\/ol>","protected":false},"excerpt":{"rendered":"<p>The commercial fish skinning machine is widely used in peeling salmon, squid, and other species of fish. It needs to use machines such as descaler, fish opener, and other machines to process the fish into segments before using the machine.<\/p>","protected":false},"author":1,"featured_media":1021,"parent":0,"template":"","product-type":[584],"class_list":["post-1018","product","type-product","status-publish","has-post-thumbnail","hentry","product-type-fish"],"_links":{"self":[{"href":"https:\/\/www.meatprocessingmachine.org\/sv\/wp-json\/wp\/v2\/product\/1018","targetHints":{"allow":["GET"]}}],"collection":[{"href":"https:\/\/www.meatprocessingmachine.org\/sv\/wp-json\/wp\/v2\/product"}],"about":[{"href":"https:\/\/www.meatprocessingmachine.org\/sv\/wp-json\/wp\/v2\/types\/product"}],"author":[{"embeddable":true,"href":"https:\/\/www.meatprocessingmachine.org\/sv\/wp-json\/wp\/v2\/users\/1"}],"wp:featuredmedia":[{"embeddable":true,"href":"https:\/\/www.meatprocessingmachine.org\/sv\/wp-json\/wp\/v2\/media\/1021"}],"wp:attachment":[{"href":"https:\/\/www.meatprocessingmachine.org\/sv\/wp-json\/wp\/v2\/media?parent=1018"}],"wp:term":[{"taxonomy":"product-type","embeddable":true,"href":"https:\/\/www.meatprocessingmachine.org\/sv\/wp-json\/wp\/v2\/product-type?post=1018"}],"curies":[{"name":"wp","href":"https:\/\/api.w.org\/{rel}","templated":true}]}}