{"id":103,"date":"2018-10-25T06:18:36","date_gmt":"2018-10-24T22:18:36","guid":{"rendered":"http:\/\/www.meatprocessingmachine.org\/?p=103"},"modified":"2022-08-15T09:50:35","modified_gmt":"2022-08-15T01:50:35","slug":"vegetable-and-meat-cutter-and-mixer","status":"publish","type":"product","link":"https:\/\/www.meatprocessingmachine.org\/sv\/vegetable-and-meat-cutter-and-mixer.html","title":{"rendered":"K\u00f6ttsk\u00e5lshackare | k\u00f6tt- och gr\u00f6nsaksstrimlare och mixer"},"content":{"rendered":"<div class=\"kk-star-ratings kksr-auto kksr-align-right kksr-valign-top\"     data-payload='{&quot;align&quot;:&quot;right&quot;,&quot;id&quot;:&quot;103&quot;,&quot;slug&quot;:&quot;default&quot;,&quot;valign&quot;:&quot;top&quot;,&quot;ignore&quot;:&quot;&quot;,&quot;reference&quot;:&quot;auto&quot;,&quot;class&quot;:&quot;&quot;,&quot;count&quot;:&quot;0&quot;,&quot;legendonly&quot;:&quot;&quot;,&quot;readonly&quot;:&quot;&quot;,&quot;score&quot;:&quot;0&quot;,&quot;starsonly&quot;:&quot;&quot;,&quot;best&quot;:&quot;5&quot;,&quot;gap&quot;:&quot;5&quot;,&quot;greet&quot;:&quot;Rate this product&quot;,&quot;legend&quot;:&quot;0\\\/5 - (0 votes)&quot;,&quot;size&quot;:&quot;24&quot;,&quot;title&quot;:&quot;Meat bowl chopper | meat vegetable cutter and mixer&quot;,&quot;width&quot;:&quot;0&quot;,&quot;_legend&quot;:&quot;{score}\\\/{best} - ({count} {votes})&quot;,&quot;font_factor&quot;:&quot;1.25&quot;}'>              <div class=\"kksr-stars\">      <div class=\"kksr-stars-inactive\">             <div class=\"kksr-star\" data-star=\"1\" style=\"padding-right: 5px\">               <div class=\"kksr-icon\" style=\"width: 24px; height: 24px;\"><\/div>         <\/div>             <div class=\"kksr-star\" data-star=\"2\" style=\"padding-right: 5px\">               <div class=\"kksr-icon\" style=\"width: 24px; height: 24px;\"><\/div>         <\/div>             <div class=\"kksr-star\" data-star=\"3\" style=\"padding-right: 5px\">               <div class=\"kksr-icon\" style=\"width: 24px; height: 24px;\"><\/div>         <\/div>             <div class=\"kksr-star\" data-star=\"4\" style=\"padding-right: 5px\">               <div class=\"kksr-icon\" style=\"width: 24px; height: 24px;\"><\/div>         <\/div>             <div class=\"kksr-star\" data-star=\"5\" style=\"padding-right: 5px\">               <div class=\"kksr-icon\" style=\"width: 24px; height: 24px;\"><\/div>         <\/div>     <\/div>      <div class=\"kksr-stars-active\" style=\"width: 0px;\">             <div class=\"kksr-star\" style=\"padding-right: 5px\">               <div class=\"kksr-icon\" style=\"width: 24px; height: 24px;\"><\/div>         <\/div>             <div class=\"kksr-star\" style=\"padding-right: 5px\">               <div class=\"kksr-icon\" style=\"width: 24px; height: 24px;\"><\/div>         <\/div>             <div class=\"kksr-star\" style=\"padding-right: 5px\">               <div class=\"kksr-icon\" style=\"width: 24px; height: 24px;\"><\/div>         <\/div>             <div class=\"kksr-star\" style=\"padding-right: 5px\">               <div class=\"kksr-icon\" style=\"width: 24px; height: 24px;\"><\/div>         <\/div>             <div class=\"kksr-star\" style=\"padding-right: 5px\">               <div class=\"kksr-icon\" style=\"width: 24px; height: 24px;\"><\/div>         <\/div>     <\/div> <\/div>                   <div class=\"kksr-legend\" style=\"font-size: 19.2px;\">             <span class=\"kksr-muted\">Betygs\u00e4tt denna produkt<\/span>     <\/div>     <\/div>  <p>Gr\u00f6nsaks- och k\u00f6ttbrytare och mixer kan sk\u00e4ra gr\u00f6nsaker eller k\u00f6tt till fina partiklar, vilket kan anv\u00e4ndas f\u00f6r att t\u00e4rna gr\u00f6nsaker och g\u00f6ra k\u00f6tt till en pur\u00e9. K\u00f6ttsk\u00e5lshackaren har funktioner som sk\u00e4rning, blandning och omr\u00f6rning. K\u00f6ttsk\u00e5lshackare kan fungera som hj\u00e4lpmedel i matlagningen. Kan anv\u00e4ndas i skolmatsalar, restauranger, korvproduktionsanl\u00e4ggningar, hamburgarefabriker.<\/p>   <h2><strong>Introduktion av k\u00f6tt- och gr\u00f6nsaksbrytare, mixer och malare<\/strong><\/h2> <p>Gr\u00f6nsaks- och k\u00f6ttsk\u00e4rare och mixer \u00e4r en ny design med turbin- och skruvdrift, vilket g\u00f6r strukturen mer kompakt. Sk\u00e5len p\u00e5 gr\u00f6nsaks- och k\u00f6ttsk\u00e4rmaskiner och blenders, alla material \u00e4r rostfritt st\u00e5l, h\u00e5llbart och vackert i form. Hastighetsreduceraren f\u00f6r k\u00f6ttskivaren best\u00e5r av h\u00f6gkvalitativ aluminiumlegering och koppar-typ skruvv\u00e4xlar med h\u00f6g kvalitet.<\/p> <p><span class=\"transSent\" data-group=\"0-1\">Den kan inte bara finhacka k\u00f6tt, malet k\u00f6tt och andra huvudingredienser, utan \u00e4ven andra ingredienser;<\/span><span class=\"transSent\" data-group=\"0-2\">Vatten, is, kryddor och tillbeh\u00f6r (fyllmedel) blandas med k\u00f6ttskum f\u00f6r att bilda en sl\u00e4t mj\u00f6lk.<\/span><span class=\"transSent\" data-group=\"0-3\">Speciellt genom emulgering f\u00f6rb\u00e4ttras den fina densiteten och elasticiteten hos tarmprodukterna avsev\u00e4rt.<\/span><span class=\"transSent\" data-group=\"0-4\">H\u00f6g och l\u00e5g knivhastighet och stegl\u00f6s hastighetsregleringshjul kan v\u00e4ljas f\u00f6r att g\u00f6ra hackning och blandning, malet k\u00f6tt, blandning och emulgering komplett i en process.<\/span><\/p> <figure id=\"attachment_32664\" aria-describedby=\"caption-attachment-32664\" style=\"width: 720px\" class=\"wp-caption alignnone\"><img loading=\"lazy\" decoding=\"async\" class=\"size-full wp-image-32664\" src=\"https:\/\/www.meatprocessingmachine.org\/wp-content\/uploads\/2018\/10\/vegetable-meat-cutter-and-mixer.png\" alt=\"vegetable meat cutter and mixer\" width=\"720\" height=\"540\" title=\"\" srcset=\"https:\/\/www.meatprocessingmachine.org\/wp-content\/uploads\/2018\/10\/vegetable-meat-cutter-and-mixer.png 720w, https:\/\/www.meatprocessingmachine.org\/wp-content\/uploads\/2018\/10\/vegetable-meat-cutter-and-mixer-300x225.png 300w\" sizes=\"auto, (max-width: 720px) 100vw, 720px\" \/><figcaption id=\"caption-attachment-32664\" class=\"wp-caption-text\">Vegetable Meat Cutting Machine&Nbsp;<\/figcaption><\/figure> <h2>Till\u00e4mpning av gr\u00f6nsaks- och k\u00f6ttsk\u00e4rmaskin och mixer<\/h2> <p class=\"translation-block\">Gr\u00f6nsaks- och k\u00f6ttsk\u00e4rmaskin och mixer kan bearbeta k\u00f6tt, fisk, frukt, gr\u00f6nsaker, n\u00f6tter och skaldjur, s\u00e4rskilt vid k\u00f6ttbearbetning, vilket \u00e4r mycket bekv\u00e4mt. Dessa livsmedel kan sk\u00e4ras i granulat eller pur\u00e9. Tjockleken p\u00e5 matlagningen \u00e4r relaterad till tiden och m\u00e5ste justeras efter egen produktion. Kan anv\u00e4ndas f\u00f6r att g\u00f6ra korvar, k\u00f6ttbullar, patties och gr\u00f6nsaksdicer. Naturligtvis kan du ocks\u00e5 anv\u00e4nda en <a href=\"https:\/\/www.meatprocessingmachine.org\/sv\/good-quality-meat-food-stuffing-mixer.html\/\">k\u00f6ttblandare<\/a> om du beh\u00f6ver blanda mycket k\u00f6tt samtidigt.<\/p>   <figure class=\"wp-block-image\"><img decoding=\"async\" src=\"http:\/\/www.meatprocessingmachine.org\/wp-content\/uploads\/2018\/10\/vegetable-and-meat-cutter09106.jpg\" alt=\"\" title=\"\"><\/figure>    <h2 class=\"wp-block-heading\">Varf\u00f6r anv\u00e4nda en k\u00f6ttsk\u00e5lshackare?<\/h2>    <p>F\u00f6r det f\u00f6rsta \u00e4r arbetskapaciteten f\u00f6r gr\u00f6nsaks- och k\u00f6ttbrytaren och mixern h\u00f6g. Maskinen kan slutf\u00f6ra k\u00f6ttbearbetningsarbetet p\u00e5 n\u00e5gra minuter, och arbetskapaciteten f\u00f6rb\u00e4ttras avsev\u00e4rt efter att ha anv\u00e4nt maskinen. F\u00f6r det andra \u00e4r strukturen p\u00e5 k\u00f6ttb\u00e5gs-hackaren fin. Knivhastigheten, potthastigheten och gapet mellan hackaren och potten kan uppn\u00e5 den b\u00e4sta kombinationen s\u00e5 att finheten p\u00e5 de hackade produkterna \u00e4r bra, temperatur\u00f6kningen \u00e4r liten och hackningstiden \u00e4r kort, s\u00e4rskilt finheten och elasticiteten hos korvprodukterna. F\u00f6rst\u00e4rkt f\u00f6r att maximera elasticiteten och finheten hos k\u00f6ttprodukterna. Dessutom har maskinen m\u00e5nga funktioner. Maskinen kan inte bara sk\u00e4ra k\u00f6tt utan ocks\u00e5 tills\u00e4tta kryddor och andra kryddor i ordning under matlagningen. Malningsprocessen fullbordar ocks\u00e5 marinering av k\u00f6ttet, vilket sparar tid.<\/p>    <figure class=\"wp-block-gallery has-nested-images columns-default is-cropped wp-block-gallery-2 is-layout-flex wp-block-gallery-is-layout-flex\"> <figure class=\"wp-block-image size-large\"><img loading=\"lazy\" decoding=\"async\" width=\"286\" height=\"220\" data-id=\"32665\" src=\"https:\/\/www.meatprocessingmachine.org\/wp-content\/uploads\/2018\/10\/meat-bowel-chopper-1.png\" alt=\"meat bowl chopper\" class=\"wp-image-32665\" title=\"\"><figcaption>K\u00f6ttsk\u00e5lshackare <\/figcaption><\/figure>    <figure class=\"wp-block-image size-large\"><img loading=\"lazy\" decoding=\"async\" width=\"286\" height=\"220\" data-id=\"32666\" src=\"https:\/\/www.meatprocessingmachine.org\/wp-content\/uploads\/2018\/10\/meat-bowel-chopper-.png\" alt=\"meat bowl chopper\" class=\"wp-image-32666\" title=\"\"><figcaption>K\u00f6ttsk\u00e5lshackare<\/figcaption><\/figure> <\/figure>    <h2 class=\"wp-block-heading\" id=\"h-specification-of-meat-vegetable-cutter-and-mixer\">Specifikation av k\u00f6tt- och gr\u00f6nsaksbrytare, mixer och malare<\/h2>    <figure class=\"wp-block-table\"><table><tbody><tr><td><strong>Modell<\/strong><\/td><td><strong>SL-20<\/strong><\/td><td><strong>SL-40<\/strong><\/td><td><strong>SL-80<\/strong><\/td><td><strong>SL-125<\/strong><\/td><td><strong>SL-200<\/strong><\/td><\/tr><tr><td><strong>Bearbetningskapacitet (kg\/per g\u00e5ng)<\/strong><\/td><td><strong>10-15<\/strong><\/td><td><strong>20-30<\/strong><\/td><td><strong>40-50<\/strong><\/td><td><strong>70-80<\/strong><\/td><td><strong>100-140<\/strong><\/td><\/tr><tr><td><strong>Kappvolym (L)<\/strong><\/td><td><strong>20<\/strong><\/td><td><strong>40<\/strong><\/td><td><strong>80<\/strong><\/td><td><strong>125<\/strong><\/td><td><strong>200<\/strong><\/td><\/tr><tr><td><strong>Effekt (KW)<\/strong><\/td><td><strong>2.55<\/strong><\/td><td><strong>6.25<\/strong><\/td><td><strong>23<\/strong><\/td><td><strong>27<\/strong><\/td><td><strong>63<\/strong><\/td><\/tr><tr><td><strong>Film\u00e4ngd<\/strong><\/td><td><strong>3<\/strong><\/td><td><strong>3<\/strong><\/td><td><strong>6<\/strong><\/td><td><strong>6<\/strong><\/td><td><strong>6<\/strong><\/td><\/tr><tr><td><strong>Hastighet p\u00e5 sk\u00e4rpottan (r\/min)<\/strong><\/td><td><strong>16<\/strong><\/td><td><strong>12<\/strong><\/td><td><strong>8\/12<\/strong><\/td><td><strong>8\/12<\/strong><\/td><td><strong>8\/12\/16<\/strong><\/td><\/tr><tr><td><strong>Filhastighet (r\/min)<\/strong><\/td><td><strong>1650\/3300<\/strong><\/td><td><strong>1800\/3600<\/strong><\/td><td><strong>126\/1800\/3600<\/strong><\/td><td><strong>126\/1800\/3600<\/strong><\/td><td><strong>200\/1900*3800<\/strong><\/td><\/tr><tr><td><strong>Dimension (r\/min)<\/strong><\/td><td><strong>770*650*980<\/strong><\/td><td><strong>1245*810*1094<\/strong><\/td><td><strong>2300*1020*1195<\/strong><\/td><td><strong>2400*1420*1300<\/strong><\/td><td><strong>2580*2400*1960<\/strong><\/td><\/tr><tr><td><strong>Vikt (KG)<\/strong><\/td><td><strong>215<\/strong><\/td><td><strong>480<\/strong><\/td><td><strong>1100<\/strong><\/td><td><strong>1300<\/strong><\/td><td><strong>&nbsp;3800<\/strong><\/td><\/tr><tr><td><strong>Str\u00f6mf\u00f6rs\u00f6rjning<\/strong><\/td><td><strong>380V<\/strong><\/td><td><strong>380V<\/strong><\/td><td><strong>380V<\/strong><\/td><td><strong>380V<\/strong><\/td><td><strong>380V<\/strong><\/td><\/tr><\/tbody><\/table><\/figure>    <p>Ovanst\u00e5ende \u00e4r parametrar f\u00f6r hackmaskinen. Det kan ses fr\u00e5n tabellen att maskinen har fem modeller. Modellens nummer baseras p\u00e5 volymen av pottan. Den minsta volymen \u00e4r 20L, och den st\u00f6rsta volymen \u00e4r 200L. Maskinens storlek \u00e4r olika, knivens hastighet vid k\u00f6ttsk\u00e4rning \u00e4r ocks\u00e5 olika, och storskaliga maskiner har olika kugghjul f\u00f6r justering.<\/p>    <figure class=\"wp-block-image is-resized\"><img loading=\"lazy\" decoding=\"async\" src=\"http:\/\/www.meatprocessingmachine.org\/wp-content\/uploads\/2018\/10\/vegetable-and-meat-cutter08105.jpg\" alt=\"K\u00f6tt- och gr\u00f6nsaksbrytare och mixer\" width=\"840\" height=\"853\" title=\"\"><figcaption>K\u00f6tt- och gr\u00f6nsaksbrytare och mixer<\/figcaption><\/figure>    <h2 class=\"wp-block-heading\">Arbetsprincipen f\u00f6r k\u00f6tt- och gr\u00f6nsaksbrytare, mixer och malare <\/h2>    <p>Genom att anv\u00e4nda hackningsverkan av den h\u00f6ghastighetsrotationen av hackkniven, finhackas huvudr\u00e5varorna som k\u00f6tt, malet k\u00f6tt och fett till k\u00f6ttfyllning eller k\u00f6ttpur\u00e9, och andra r\u00e5varor som vatten, borneol och hj\u00e4lp\u00e4mnen blandas j\u00e4mnt.<\/p>    <h2 class=\"wp-block-heading\">K\u00f6tt- och gr\u00f6nsaksbrytare, mixer och malningsfunktioner<\/h2>    <p>1. Frekvensomriktaren och frekvensomriktarmotorn \u00e4r valda s\u00e5 att sk\u00e4rhastigheten kan justeras fritt mellan 300-4500 rpm, bladet \u00e4r vass, och h\u00f6g hastighetsdrift \u00e4r stabil. Maskinen har l\u00e5g ljudniv\u00e5, h\u00f6g effektivitet.<\/p>    <p>2. Hackaren \u00e4r tillverkad av importerade material och bearbetad med hantverk, och hackaren bildas p\u00e5 en plats av bearbetningscentret. Den \u00e4r tillverkad av rostfritt st\u00e5l och har en \u00f6verfl\u00f6desfri kant f\u00f6r att f\u00f6rhindra materiall\u00e4ckage och \u00f6verfl\u00f6d.<\/p>    <p>3. Hackpottens tv\u00e5hastighetsfunktion kan matchas med hackkniven i valfri hastighet, kortare hack- och blandningstid, och liten temperatur\u00f6kning.<\/p>    <p>4. Under h\u00f6g hastighetsdrift \u00e4r driften stabil och ljudl\u00f6s, och gapet mellan hackaren och hackaren \u00e4r mindre \u00e4n 1,5 mm f\u00f6r att s\u00e4kerst\u00e4lla hackarens effekt.<\/p>    <p>6. Utrustad med en avl\u00e4gsnare, avl\u00e4gsningen \u00e4r bekv\u00e4m och ren. Hackaren kan utf\u00f6ra djupbearbetning av k\u00f6tt, frukt och gr\u00f6nsaker, skaldjur och kryddor. Den h\u00f6ghastighetsrotationen av kniven kan f\u00f6rkorta driftstiden, minska v\u00e4rmegenereringen i materialet och beh\u00e5lla f\u00e4rgen p\u00e5 fyllningen.<\/p>    <figure class=\"wp-block-image size-full\"><img loading=\"lazy\" decoding=\"async\" width=\"720\" height=\"340\" src=\"https:\/\/www.meatprocessingmachine.org\/wp-content\/uploads\/2018\/10\/Meat-vegetable-cutter-and-mixer.png\" alt=\"K\u00f6tt- och gr\u00f6nsaksbrytare och mixer\" class=\"wp-image-32668\" title=\"\" srcset=\"https:\/\/www.meatprocessingmachine.org\/wp-content\/uploads\/2018\/10\/Meat-vegetable-cutter-and-mixer.png 720w, https:\/\/www.meatprocessingmachine.org\/wp-content\/uploads\/2018\/10\/Meat-vegetable-cutter-and-mixer-300x142.png 300w\" sizes=\"auto, (max-width: 720px) 100vw, 720px\" \/><figcaption>K\u00f6tt- och gr\u00f6nsaks-hackning och mixer<\/figcaption><\/figure>    <h2 class=\"wp-block-heading\">K\u00f6ttsk\u00e5lens struktur<\/h2>    <p>K\u00f6tt- och gr\u00f6nsaksbrytare och mixer best\u00e5r av en hackare, en knivaxel, en ram och ett elektriskt styrsystem. Sk\u00e4rpottan roteras av motorn i l\u00e5g hastighet via v\u00e4xell\u00e5dan och matar kontinuerligt knivgruppen. Knivaxeln drivs av en tv\u00e5hastighetsmotor (eller frekvensomriktarmotor) f\u00f6r att rotera i h\u00f6g hastighet via b\u00e4ltet. Medan r\u00e5varorna r\u00f6r sig i en spiral i hackpottan, r\u00f6rs och hackas de av knivgruppen f\u00f6r att avl\u00e4gsna luft i det malda k\u00f6ttet. P\u00e5 grund av den h\u00f6ghastighets hackningen av kniven minskar separationen av v\u00e4tska och juice i produkten, och produktens elasticitet och finhet f\u00f6rb\u00e4ttras.<\/p>    <h2 class=\"wp-block-heading\">Produktkrav f\u00f6r gr\u00f6nsaks- och k\u00f6ttbrytare, mixer och malare<\/h2>    <figure class=\"wp-block-image size-full\"><img loading=\"lazy\" decoding=\"async\" width=\"720\" height=\"540\" src=\"https:\/\/www.meatprocessingmachine.org\/wp-content\/uploads\/2018\/10\/Meat-vegetable-cutter-and-mixer-1.png\" alt=\"K\u00f6tt- och gr\u00f6nsaksbrytare och mixer\" class=\"wp-image-32669\" title=\"\" srcset=\"https:\/\/www.meatprocessingmachine.org\/wp-content\/uploads\/2018\/10\/Meat-vegetable-cutter-and-mixer-1.png 720w, https:\/\/www.meatprocessingmachine.org\/wp-content\/uploads\/2018\/10\/Meat-vegetable-cutter-and-mixer-1-300x225.png 300w\" sizes=\"auto, (max-width: 720px) 100vw, 720px\" \/><figcaption>K\u00f6ttsk\u00e4rmaskin och mixer<\/figcaption><\/figure>    <p>1. H\u00e5ll insidan av den roterande pottan ren, och det \u00e4r strikt f\u00f6rbjudet att placera skr\u00e4p.&nbsp;<\/p>    <p>2. T\u00e4ck \u00f6ver pottan innan du startar hackaren. Annars kan hackaren inte fungera normalt.&nbsp;<\/p>    <p>3. Om det finns en gamble-plugg under matningen, g\u00e5 inte in i den roterande potten f\u00f6r att trycka p\u00e5 materialet f\u00f6r hand, annars \u00e4r det farligt att m\u00f6ta den roterande kniven. Om motorn f\u00f6r att rotera potten \u00e4r tydligt \u00f6verbelastad rekommenderas att man v\u00e4nder p\u00e5 potten i l\u00e5g hastighet och minskar knivhastigheten.&nbsp;<\/p>    <p>4. F\u00f6r att undvika k\u00f6ttklumpar i den roterande pottan, tills\u00e4tt inte f\u00f6r mycket material samtidigt vid matning. Under drift b\u00f6r vatten tills\u00e4ttas l\u00e4mpligt.&nbsp;<\/p>    <p>5. Var noga med fuktskydd och vattent\u00e4thet, s\u00e4rskilt f\u00f6r distributionsboxen, och tv\u00e4tta inte med vatten under h\u00f6gt tryck.<\/p>    <h2 class=\"wp-block-heading\">Video av k\u00f6tt- och gr\u00f6nsaksbrytare<\/h2>    <figure class=\"wp-block-embed is-type-video is-provider-youtube wp-block-embed-youtube\"><div class=\"wp-block-embed__wrapper\"> <iframe loading=\"lazy\" title=\"B\u00e4sta k\u00f6ttsk\u00e5lshackare | k\u00f6tt- och gr\u00f6nsaksbrytare och mixer | Chili-hackare och malningsmaskin\" width=\"500\" height=\"281\" src=\"https:\/\/www.youtube.com\/embed\/COlE_tG9eAs?feature=oembed\" frameborder=\"0\" allow=\"accelerometer; autoplay; clipboard-write; encrypted-media; gyroscope; picture-in-picture; web-share\" referrerpolicy=\"strict-origin-when-cross-origin\" allowfullscreen><\/iframe> <\/div><figcaption>k\u00f6tt- och gr\u00f6nsaksbrytare och mixer<\/figcaption><\/figure>","protected":false},"excerpt":{"rendered":"<p>ables and making meat into a puree. The meat bowl chopper has functions such as cutting, mixing, and stirring. Meat bowl choppers can act as helpers in the food processing process. Can be used in canteens, restaurants, sausage processing plants, hamburger patties processing plants.<\/p>","protected":false},"author":1,"featured_media":32707,"parent":0,"template":"","product-type":[589],"class_list":["post-103","product","type-product","status-publish","has-post-thumbnail","hentry","product-type-meat-cutting-machine"],"_links":{"self":[{"href":"https:\/\/www.meatprocessingmachine.org\/sv\/wp-json\/wp\/v2\/product\/103","targetHints":{"allow":["GET"]}}],"collection":[{"href":"https:\/\/www.meatprocessingmachine.org\/sv\/wp-json\/wp\/v2\/product"}],"about":[{"href":"https:\/\/www.meatprocessingmachine.org\/sv\/wp-json\/wp\/v2\/types\/product"}],"author":[{"embeddable":true,"href":"https:\/\/www.meatprocessingmachine.org\/sv\/wp-json\/wp\/v2\/users\/1"}],"wp:featuredmedia":[{"embeddable":true,"href":"https:\/\/www.meatprocessingmachine.org\/sv\/wp-json\/wp\/v2\/media\/32707"}],"wp:attachment":[{"href":"https:\/\/www.meatprocessingmachine.org\/sv\/wp-json\/wp\/v2\/media?parent=103"}],"wp:term":[{"taxonomy":"product-type","embeddable":true,"href":"https:\/\/www.meatprocessingmachine.org\/sv\/wp-json\/wp\/v2\/product-type?post=103"}],"curies":[{"name":"wp","href":"https:\/\/api.w.org\/{rel}","templated":true}]}}