{"id":122,"date":"2018-10-25T06:37:25","date_gmt":"2018-10-24T22:37:25","guid":{"rendered":"http:\/\/www.meatprocessingmachine.org\/?p=122"},"modified":"2026-02-12T16:41:47","modified_gmt":"2026-02-12T08:41:47","slug":"hydraulic-enema-machine","status":"publish","type":"product","link":"https:\/\/www.meatprocessingmachine.org\/sv\/hydraulic-enema-machine.html","title":{"rendered":"Hydraulisk lavemangsmaskin"},"content":{"rendered":"<div class=\"kk-star-ratings kksr-auto kksr-align-right kksr-valign-top\"     data-payload='{&quot;align&quot;:&quot;right&quot;,&quot;id&quot;:&quot;122&quot;,&quot;slug&quot;:&quot;default&quot;,&quot;valign&quot;:&quot;top&quot;,&quot;ignore&quot;:&quot;&quot;,&quot;reference&quot;:&quot;auto&quot;,&quot;class&quot;:&quot;&quot;,&quot;count&quot;:&quot;0&quot;,&quot;legendonly&quot;:&quot;&quot;,&quot;readonly&quot;:&quot;&quot;,&quot;score&quot;:&quot;0&quot;,&quot;starsonly&quot;:&quot;&quot;,&quot;best&quot;:&quot;5&quot;,&quot;gap&quot;:&quot;5&quot;,&quot;greet&quot;:&quot;Rate this product&quot;,&quot;legend&quot;:&quot;0\\\/5 - (0 votes)&quot;,&quot;size&quot;:&quot;24&quot;,&quot;title&quot;:&quot;Hydraulic Enema Machine&quot;,&quot;width&quot;:&quot;0&quot;,&quot;_legend&quot;:&quot;{score}\\\/{best} - ({count} {votes})&quot;,&quot;font_factor&quot;:&quot;1.25&quot;}'>              <div class=\"kksr-stars\">      <div class=\"kksr-stars-inactive\">             <div class=\"kksr-star\" data-star=\"1\" style=\"padding-right: 5px\">               <div class=\"kksr-icon\" style=\"width: 24px; height: 24px;\"><\/div>         <\/div>             <div class=\"kksr-star\" data-star=\"2\" style=\"padding-right: 5px\">               <div class=\"kksr-icon\" style=\"width: 24px; height: 24px;\"><\/div>         <\/div>             <div class=\"kksr-star\" data-star=\"3\" style=\"padding-right: 5px\">               <div class=\"kksr-icon\" style=\"width: 24px; height: 24px;\"><\/div>         <\/div>             <div class=\"kksr-star\" data-star=\"4\" style=\"padding-right: 5px\">               <div class=\"kksr-icon\" style=\"width: 24px; height: 24px;\"><\/div>         <\/div>             <div class=\"kksr-star\" data-star=\"5\" style=\"padding-right: 5px\">               <div class=\"kksr-icon\" style=\"width: 24px; height: 24px;\"><\/div>         <\/div>     <\/div>      <div class=\"kksr-stars-active\" style=\"width: 0px;\">             <div class=\"kksr-star\" style=\"padding-right: 5px\">               <div class=\"kksr-icon\" style=\"width: 24px; height: 24px;\"><\/div>         <\/div>             <div class=\"kksr-star\" style=\"padding-right: 5px\">               <div class=\"kksr-icon\" style=\"width: 24px; height: 24px;\"><\/div>         <\/div>             <div class=\"kksr-star\" style=\"padding-right: 5px\">               <div class=\"kksr-icon\" style=\"width: 24px; height: 24px;\"><\/div>         <\/div>             <div class=\"kksr-star\" style=\"padding-right: 5px\">               <div class=\"kksr-icon\" style=\"width: 24px; height: 24px;\"><\/div>         <\/div>             <div class=\"kksr-star\" style=\"padding-right: 5px\">               <div class=\"kksr-icon\" style=\"width: 24px; height: 24px;\"><\/div>         <\/div>     <\/div> <\/div>                   <div class=\"kksr-legend\" style=\"font-size: 19.2px;\">             <span class=\"kksr-muted\">Betygs\u00e4tt denna produkt<\/span>     <\/div>     <\/div> <h2>Kort introduktion<\/h2> <p class=\"translation-block\"><strong>Hydraulisk enema-maskin<\/strong> \u00e4r en n\u00f6dv\u00e4ndig korvfyllningsutrustning. Den<strong> Hydraulisk korvstoppare<\/strong> \u00e4r allm\u00e4nt till\u00e4mplig p\u00e5\u00a0 en m\u00e4ngd olika tarmfyllningssystem, s\u00e4rskilt f\u00f6r torrare fyllningar och k\u00f6ttfyllningar. Maskinens \u00f6vre del har en lagringshoper och skivventil, kontinuerligt roterande bevattningssystem, vilket f\u00f6rb\u00e4ttrar arbetseffektiviteten.<\/p>   <h2 class=\"wp-block-heading\"><strong>Funktioner<\/strong><\/h2>    <p class=\"translation-block\">1. Den kan tillverka stora, medelstora och sm\u00e5 tarmprodukter av olika specifikationer.<br>2. Denna produkt har vackert utseende, finhantverk, enkel drift och s\u00e4ker och p\u00e5litlig drift.<br>3.<strong>Hydraulisk korvmaskin<\/strong> hoppers, ventil, enema-r\u00f6r och ytterf\u00f6rpackning \u00e4r tillverkade av h\u00f6gkvalitativt rostfritt st\u00e5l.<br>4. Materialet i cylindern kan v\u00e4ljas enligt kundernas krav f\u00f6r att m\u00f6ta h\u00f6gre livsmedelshygienkrav.<br>5.<strong>Hydraulisk korvmaskin<\/strong> g\u00e4ller f\u00f6r f\u00e5rskinn, grishud, kollagenhudar, plasthudar.<\/p>    <figure class=\"wp-block-image\"><img decoding=\"async\" src=\"http:\/\/www.meatprocessingmachine.org\/wp-content\/uploads\/2018\/10\/hydraulic-sausage-stuffer8136.jpg\" alt=\"\" title=\"\"><\/figure>    <h2 class=\"wp-block-heading\"><strong>Specifikationer<\/strong><\/h2>    <p class=\"translation-block\"><strong> <\/strong>1. Rostfritt st\u00e5l g\u00f6r korvmaskin<br>2. Fin design, h\u00f6g kvalitet<br>3. Kapacitet: 100~500kg<br>4. Passar alla korvar<\/p>    <div class=\"wp-block-columns is-layout-flex wp-container-core-columns-is-layout-9d6595d7 wp-block-columns-is-layout-flex\"> <div class=\"wp-block-column is-layout-flow wp-block-column-is-layout-flow\"> <figure class=\"wp-block-image size-large\"><img loading=\"lazy\" decoding=\"async\" width=\"650\" height=\"433\" src=\"http:\/\/www.meatprocessingmachine.org\/wp-content\/uploads\/2020\/06\/details-of-Hydraulic-Enema-Machine.jpg\" alt=\"details of Hydraulic Enema Machine\" class=\"wp-image-733\" title=\"\" srcset=\"https:\/\/www.meatprocessingmachine.org\/wp-content\/uploads\/2020\/06\/details-of-Hydraulic-Enema-Machine.jpg 650w, https:\/\/www.meatprocessingmachine.org\/wp-content\/uploads\/2020\/06\/details-of-Hydraulic-Enema-Machine-300x200.jpg 300w\" sizes=\"auto, (max-width: 650px) 100vw, 650px\" \/><figcaption><\/figcaption><\/figure> <\/div>    <div class=\"wp-block-column is-layout-flow wp-block-column-is-layout-flow\"> <figure class=\"wp-block-image size-large\"><img loading=\"lazy\" decoding=\"async\" width=\"1024\" height=\"683\" src=\"http:\/\/www.meatprocessingmachine.org\/wp-content\/uploads\/2020\/06\/details-of-Hydraulic-Enema-Machine.-1024x683.jpg\" alt=\"details of Hydraulic Enema Machine\" class=\"wp-image-734\" title=\"\" srcset=\"https:\/\/www.meatprocessingmachine.org\/wp-content\/uploads\/2020\/06\/details-of-Hydraulic-Enema-Machine.-1024x683.jpg 1024w, https:\/\/www.meatprocessingmachine.org\/wp-content\/uploads\/2020\/06\/details-of-Hydraulic-Enema-Machine.-300x200.jpg 300w, https:\/\/www.meatprocessingmachine.org\/wp-content\/uploads\/2020\/06\/details-of-Hydraulic-Enema-Machine.-768x512.jpg 768w, https:\/\/www.meatprocessingmachine.org\/wp-content\/uploads\/2020\/06\/details-of-Hydraulic-Enema-Machine.-1536x1024.jpg 1536w, https:\/\/www.meatprocessingmachine.org\/wp-content\/uploads\/2020\/06\/details-of-Hydraulic-Enema-Machine.-2048x1365.jpg 2048w\" sizes=\"auto, (max-width: 1024px) 100vw, 1024px\" \/><figcaption><\/figcaption><\/figure>    <p><\/p> <\/div> <\/div>    <h2 class=\"wp-block-heading\"><strong>Teknologiska parametrar<\/strong><\/h2>    <figure class=\"wp-block-table\"><table><tbody><tr><td>Modell<\/td><td>SL-30<\/td><td>SL-50<\/td><\/tr><tr><td>Volym p\u00e5 cylindern(L)<\/td><td>30L<\/td><td>50L<\/td><\/tr><tr><td>Total effekt(kW)<\/td><td>1.5<\/td><td>1.5<\/td><\/tr><tr><td>Fyllningsdiameter(mm)<\/td><td>12-48<\/td><td>12-48<\/td><\/tr><tr><td>Vikt(kg)<\/td><td>360<\/td><td>400<\/td><\/tr><tr><td>\u00d6ver dimension(mm)<\/td><td>1050*670*1680<\/td><td>1150*700*1760<\/td><\/tr><\/tbody><\/table><\/figure>    <figure class=\"wp-block-image\"><img decoding=\"async\" src=\"http:\/\/www.meatprocessingmachine.org\/wp-content\/uploads\/2018\/10\/hydraulic-sausage-stuffer1129.jpg\" alt=\"\" title=\"\"><\/figure>    <h2 class=\"wp-block-heading\"><strong>F\u00f6rdel<\/strong><\/h2>    <ol class=\"wp-block-list\"><li>Huvudkomponenterna \u00e4r tillverkade av 304 h\u00f6gkvalitativ rostfritt st\u00e5l, vilket \u00e4r p\u00e5litligt och h\u00e5llbart, l\u00e4tt att reng\u00f6ra och uppfyller livsmedelss\u00e4kerhetskrav.<\/li><li> Avancerad teknik, stabil prestanda, enkel drift och l\u00e4tt underh\u00e5ll. Efter att ha justerat arbetstrycket f\u00f6r kolvhydraulisk transmission, expanderas materialet i cylindern under hydraulcylinderns verkan, s\u00e4rskilt torrpackningen, vilket \u00e4r mer effektivt \u00e4n andra korvar.<\/li><li>H\u00f6g grad av automation, sparar tid och anstr\u00e4ngning.<\/li><li>Speciell behandling av nyckelkomponenter, slitstarka, kontrolldelar \u00e4r importerade komponenter.<\/li><li>Utseendet anv\u00e4nder avancerad ytbehandlingsteknologi, vackert utseende, kompakt struktur, enkel drift och l\u00e4tt underh\u00e5ll.<\/li><li>Utrustad med s\u00e4kerhetsskydd, <strong>Hydraulisk korvmaskin<\/strong> \u00e4r idealisk f\u00f6r k\u00f6ttbearbetning.<\/li><li>Utsl\u00e4ppshastigheten \u00e4r snabb, tarmkroppen \u00e4r j\u00e4mn, k\u00f6ttliknande tarm kan fyllas, och tarmen kan fyllas, vilket \u00e4r flexibelt och bekv\u00e4mt. Det \u00e4r l\u00e4tt att mata, h\u00f6g effektivitet och god kontinuerlig produktionskapacitet.<strong>Hydraulisk korvmaskin\u00a0<\/strong>\u00e4r l\u00e4tt att reng\u00f6ra, och passar f\u00f6r olika produktionsf\u00f6retag.<\/li><li>Den hydrauliska korvfyllningsmaskinen \u00e4r kraftfullare \u00e4n den pneumatiska korvfyllningsmaskinen, vilket enkelt kan fylla k\u00f6ttkorven.<\/li><\/ol>","protected":false},"excerpt":{"rendered":"<p>Brief Introduce Hydraulic Enema Machine is a necessary sausage filling equipment. The Hydraulic Sausage Stuffer Machine is widely applicable to&nbsp; a variety of intestinal filling systems,especially to the drier fillings and meat fillings . The machine upper part has a storage hopper and disc valve,continuously&nbsp; flipping irrigation system, which improve the work efficiency. Features 1.It [&hellip;]<\/p>\n","protected":false},"author":1,"featured_media":43,"parent":0,"template":"","product-type":[598],"class_list":["post-122","product","type-product","status-publish","has-post-thumbnail","hentry","product-type-supporting-auxiliary-equipment"],"_links":{"self":[{"href":"https:\/\/www.meatprocessingmachine.org\/sv\/wp-json\/wp\/v2\/product\/122","targetHints":{"allow":["GET"]}}],"collection":[{"href":"https:\/\/www.meatprocessingmachine.org\/sv\/wp-json\/wp\/v2\/product"}],"about":[{"href":"https:\/\/www.meatprocessingmachine.org\/sv\/wp-json\/wp\/v2\/types\/product"}],"author":[{"embeddable":true,"href":"https:\/\/www.meatprocessingmachine.org\/sv\/wp-json\/wp\/v2\/users\/1"}],"wp:featuredmedia":[{"embeddable":true,"href":"https:\/\/www.meatprocessingmachine.org\/sv\/wp-json\/wp\/v2\/media\/43"}],"wp:attachment":[{"href":"https:\/\/www.meatprocessingmachine.org\/sv\/wp-json\/wp\/v2\/media?parent=122"}],"wp:term":[{"taxonomy":"product-type","embeddable":true,"href":"https:\/\/www.meatprocessingmachine.org\/sv\/wp-json\/wp\/v2\/product-type?post=122"}],"curies":[{"name":"wp","href":"https:\/\/api.w.org\/{rel}","templated":true}]}}