{"id":128,"date":"2018-10-25T06:51:15","date_gmt":"2018-10-24T22:51:15","guid":{"rendered":"http:\/\/www.meatprocessingmachine.org\/?p=128"},"modified":"2026-02-12T16:41:13","modified_gmt":"2026-02-12T08:41:13","slug":"sausage-binding-tying-machine","status":"publish","type":"product","link":"https:\/\/www.meatprocessingmachine.org\/sv\/sausage-binding-tying-machine.html","title":{"rendered":"Korvbindningstr\u00e5dsmaskin"},"content":{"rendered":"<div class=\"kk-star-ratings kksr-auto kksr-align-right kksr-valign-top\"     data-payload='{&quot;align&quot;:&quot;right&quot;,&quot;id&quot;:&quot;128&quot;,&quot;slug&quot;:&quot;default&quot;,&quot;valign&quot;:&quot;top&quot;,&quot;ignore&quot;:&quot;&quot;,&quot;reference&quot;:&quot;auto&quot;,&quot;class&quot;:&quot;&quot;,&quot;count&quot;:&quot;0&quot;,&quot;legendonly&quot;:&quot;&quot;,&quot;readonly&quot;:&quot;&quot;,&quot;score&quot;:&quot;0&quot;,&quot;starsonly&quot;:&quot;&quot;,&quot;best&quot;:&quot;5&quot;,&quot;gap&quot;:&quot;5&quot;,&quot;greet&quot;:&quot;Rate this product&quot;,&quot;legend&quot;:&quot;0\\\/5 - (0 votes)&quot;,&quot;size&quot;:&quot;24&quot;,&quot;title&quot;:&quot;Sausage Binding Wire Machine&quot;,&quot;width&quot;:&quot;0&quot;,&quot;_legend&quot;:&quot;{score}\\\/{best} - ({count} {votes})&quot;,&quot;font_factor&quot;:&quot;1.25&quot;}'>              <div class=\"kksr-stars\">      <div class=\"kksr-stars-inactive\">             <div class=\"kksr-star\" data-star=\"1\" style=\"padding-right: 5px\">               <div class=\"kksr-icon\" style=\"width: 24px; height: 24px;\"><\/div>         <\/div>             <div class=\"kksr-star\" data-star=\"2\" style=\"padding-right: 5px\">               <div class=\"kksr-icon\" style=\"width: 24px; height: 24px;\"><\/div>         <\/div>             <div class=\"kksr-star\" data-star=\"3\" style=\"padding-right: 5px\">               <div class=\"kksr-icon\" style=\"width: 24px; height: 24px;\"><\/div>         <\/div>             <div class=\"kksr-star\" data-star=\"4\" style=\"padding-right: 5px\">               <div class=\"kksr-icon\" style=\"width: 24px; height: 24px;\"><\/div>         <\/div>             <div class=\"kksr-star\" data-star=\"5\" style=\"padding-right: 5px\">               <div class=\"kksr-icon\" style=\"width: 24px; height: 24px;\"><\/div>         <\/div>     <\/div>      <div class=\"kksr-stars-active\" style=\"width: 0px;\">             <div class=\"kksr-star\" style=\"padding-right: 5px\">               <div class=\"kksr-icon\" style=\"width: 24px; height: 24px;\"><\/div>         <\/div>             <div class=\"kksr-star\" style=\"padding-right: 5px\">               <div class=\"kksr-icon\" style=\"width: 24px; height: 24px;\"><\/div>         <\/div>             <div class=\"kksr-star\" style=\"padding-right: 5px\">               <div class=\"kksr-icon\" style=\"width: 24px; height: 24px;\"><\/div>         <\/div>             <div class=\"kksr-star\" style=\"padding-right: 5px\">               <div class=\"kksr-icon\" style=\"width: 24px; height: 24px;\"><\/div>         <\/div>             <div class=\"kksr-star\" style=\"padding-right: 5px\">               <div class=\"kksr-icon\" style=\"width: 24px; height: 24px;\"><\/div>         <\/div>     <\/div> <\/div>                   <div class=\"kksr-legend\" style=\"font-size: 19.2px;\">             <span class=\"kksr-muted\">Betygs\u00e4tt denna produkt<\/span>     <\/div>     <\/div>  <p class=\"translation-block\"><span class=\"transSent\" data-group=\"0-0\">Taizy korvbindningstr\u00e5dsmaskin anv\u00e4nds f\u00f6r kvantitativ och segmentering av tarmprodukter.<\/span> <span class=\"transSent\" data-group=\"0-0\">Det finns automatiska och semi-automatiska i v\u00e5rt f\u00f6retag. Anv\u00e4ndare kan v\u00e4lja l\u00e4mplig utrustning baserat p\u00e5 produktens enhetlighet och h\u00f6lje.<\/span> Detta \u00e4r en n\u00f6dv\u00e4ndig maskin i <a href=\"https:\/\/www.meatprocessingmachine.org\/sv\/sausage-production-line-for-sausage-making.html\/\">korvtillverkningslinjen<\/a>.<\/p>    <h2 class=\"wp-block-heading\" id=\"h-introduction-of-the-sausage-binding-wire-machine\">Introduktion av korvbindningstr\u00e5dsmaskinen<\/h2>    <ol class=\"wp-block-list\"> <li>Korvbindningstr\u00e5dsmaskinen \u00e4r tillverkad av rostfritt st\u00e5l. Dess struktur \u00e4r kompakt, l\u00e4tt att anv\u00e4nda, praktisk och vacker. Det \u00e4r en idealisk utrustning f\u00f6r <a href=\"https:\/\/en.wikipedia.org\/wiki\/Sausage\" target=\"_blank\" rel=\"noopener\">korv<\/a>tarmar och tarmar.<\/li>    <li>Korvbindningstr\u00e5dsmaskinen anv\u00e4nder en avancerad importservomotor och det nya f\u00f6retags\u00e4gda m\u00e4nniska-maskin-gr\u00e4nssnittet, vilket har f\u00f6rdelar som h\u00f6g effektivitet, enkel kontroll och sparar produktionsmaterial.<\/li>    <li>L\u00e4ngden och diametern p\u00e5 produkten kan st\u00e4llas in enligt kundens krav.<\/li> <\/ol>    <figure class=\"wp-block-image size-full is-resized\"><img loading=\"lazy\" decoding=\"async\" width=\"800\" height=\"800\" src=\"https:\/\/www.meatprocessingmachine.org\/wp-content\/uploads\/2020\/06\/sausage-binding-wire-machine-1.jpg\" alt=\"Korvbindningstr\u00e5dsmaskin\" class=\"wp-image-534\" style=\"object-fit:cover;width:720px;height:540px\" title=\"\" srcset=\"https:\/\/www.meatprocessingmachine.org\/wp-content\/uploads\/2020\/06\/sausage-binding-wire-machine-1.jpg 800w, https:\/\/www.meatprocessingmachine.org\/wp-content\/uploads\/2020\/06\/sausage-binding-wire-machine-1-300x300.jpg 300w, https:\/\/www.meatprocessingmachine.org\/wp-content\/uploads\/2020\/06\/sausage-binding-wire-machine-1-150x150.jpg 150w, https:\/\/www.meatprocessingmachine.org\/wp-content\/uploads\/2020\/06\/sausage-binding-wire-machine-1-768x768.jpg 768w\" sizes=\"auto, (max-width: 800px) 100vw, 800px\" \/><figcaption class=\"wp-element-caption\">Korvbindningstr\u00e5dsmaskin<\/figcaption><\/figure>    <h2 class=\"wp-block-heading\" id=\"h-advantages-of-the-sausage-binding-wire-machine\">F\u00f6rdelar med korvbindningstr\u00e5dsmaskinen<\/h2>    <ol class=\"wp-block-list\"> <li>Arbetstakten f\u00f6r arbetare minskas. Operat\u00f6ren beh\u00f6ver bara l\u00e4gga fylltarmen i matningsporten p\u00e5 maskinen, och maskinen kommer automatiskt att slutf\u00f6ra matning och bindning av korven.<\/li>    <li>Mycket f\u00f6rb\u00e4ttrade produktiviteten f\u00f6r korv, som kan st\u00e4llas in fritt enligt kundens krav.<\/li>    <li>Det \u00e4r rent och milj\u00f6v\u00e4nligt eftersom utrustningen huvudsakligen \u00e4r tillverkad av rostfritt st\u00e5l som \u00e4r l\u00e4mpligt f\u00f6r livsmedel. Korven kommer inte i kontakt med andra metaller under tillverkningsprocessen.<\/li>    <li>Maskinen \u00e4r l\u00e4tt att anv\u00e4nda. Efter att ha st\u00e4llt in l\u00e4ngd och hastighet kan maskinen utf\u00f6ra allt arbete automatiskt och effektivt.<\/li>    <li>D\u00e4rf\u00f6r \u00e4r korvprocedurerna mer i linje med de allt str\u00e4ngare hygienkraven hos m\u00e4nniskor.<\/li> <\/ol>    <figure class=\"wp-block-image size-full is-resized\"><img loading=\"lazy\" decoding=\"async\" width=\"750\" height=\"750\" src=\"https:\/\/www.meatprocessingmachine.org\/wp-content\/uploads\/2018\/10\/sausage1.jpg\" alt=\"korvbindningsmaskin\" class=\"wp-image-147\" style=\"object-fit:cover;width:720px;height:540px\" title=\"\" srcset=\"https:\/\/www.meatprocessingmachine.org\/wp-content\/uploads\/2018\/10\/sausage1.jpg 750w, https:\/\/www.meatprocessingmachine.org\/wp-content\/uploads\/2018\/10\/sausage1-150x150.jpg 150w, https:\/\/www.meatprocessingmachine.org\/wp-content\/uploads\/2018\/10\/sausage1-300x300.jpg 300w\" sizes=\"auto, (max-width: 750px) 100vw, 750px\" \/><figcaption class=\"wp-element-caption\">Korvbindningsmaskin<\/figcaption><\/figure>    <h2 class=\"wp-block-heading\" id=\"h-technical-parameter-of-sausage-binding-wire-machine\">Teknisk parameter f\u00f6r korvbindningstr\u00e5dsmaskin<\/h2>    <figure class=\"wp-block-table\"><table><tbody><tr><td><strong>Modell<\/strong><\/td><td><strong>TZ-100<\/strong><\/td><td><strong>TZ-200<\/strong><\/td><\/tr><tr><td><strong>Operation<\/strong><\/td><td><strong>Halvautomatisk<\/strong><\/td><td><strong>Fullautomatisk<\/strong><\/td><\/tr><tr><td><strong>L\u00e4mplig korvdia<\/strong><\/td><td><strong>9~35mm<\/strong><\/td><td><strong>9~30mm<\/strong><\/td><\/tr><tr><td><strong>Korvkroppsl\u00e4ngd<\/strong><\/td><td><strong>30~300mm<\/strong><\/td><td><strong>Justering<\/strong><\/td><\/tr><tr><td><strong>Kapacitet<\/strong><\/td><td><strong>10~100st\/min<\/strong><\/td><td><strong>3600st\/Tim<\/strong><\/td><\/tr><tr><td><strong>Dimension<\/strong><\/td><td><strong>1100*500*900mm<\/strong><\/td><td><strong>1080*620*1125mm<\/strong><\/td><\/tr><tr><td><strong>Vikt<\/strong><\/td><td><strong>100kg<\/strong><\/td><td><strong>100kg<\/strong><\/td><\/tr><\/tbody><\/table><figcaption class=\"wp-element-caption\">korvbindningsmaskin<\/figcaption><\/figure>    <p>Proteinh\u00f6ljen \u00e4r l\u00e4mpliga f\u00f6r fullt automatiska knutmaskiner. Djurh\u00f6ljen \u00e4r mer l\u00e4mpliga f\u00f6r semi-automatiska knutmaskiner. Om du vill ha mer information om maskinen, tveka inte att kontakta oss.<\/p>","protected":false},"excerpt":{"rendered":"<p>Taizy k\u00f6ttbearbetningsmaskiner <\/p>","protected":false},"author":1,"featured_media":148,"parent":0,"template":"","product-type":[598],"class_list":["post-128","product","type-product","status-publish","has-post-thumbnail","hentry","product-type-supporting-auxiliary-equipment"],"_links":{"self":[{"href":"https:\/\/www.meatprocessingmachine.org\/sv\/wp-json\/wp\/v2\/product\/128","targetHints":{"allow":["GET"]}}],"collection":[{"href":"https:\/\/www.meatprocessingmachine.org\/sv\/wp-json\/wp\/v2\/product"}],"about":[{"href":"https:\/\/www.meatprocessingmachine.org\/sv\/wp-json\/wp\/v2\/types\/product"}],"author":[{"embeddable":true,"href":"https:\/\/www.meatprocessingmachine.org\/sv\/wp-json\/wp\/v2\/users\/1"}],"wp:featuredmedia":[{"embeddable":true,"href":"https:\/\/www.meatprocessingmachine.org\/sv\/wp-json\/wp\/v2\/media\/148"}],"wp:attachment":[{"href":"https:\/\/www.meatprocessingmachine.org\/sv\/wp-json\/wp\/v2\/media?parent=128"}],"wp:term":[{"taxonomy":"product-type","embeddable":true,"href":"https:\/\/www.meatprocessingmachine.org\/sv\/wp-json\/wp\/v2\/product-type?post=128"}],"curies":[{"name":"wp","href":"https:\/\/api.w.org\/{rel}","templated":true}]}}