{"id":1291,"date":"2021-05-28T18:15:06","date_gmt":"2021-05-28T10:15:06","guid":{"rendered":"https:\/\/www.meatprocessingmachine.org\/?p=1291"},"modified":"2026-02-12T16:05:54","modified_gmt":"2026-02-12T08:05:54","slug":"chicken-breast-slicer-machine","status":"publish","type":"product","link":"https:\/\/www.meatprocessingmachine.org\/sv\/chicken-breast-slicer-machine.html","title":{"rendered":"Kycklingbr\u00f6stskivare f\u00f6r k\u00f6ttskivor\/strimlor"},"content":{"rendered":"<div class=\"kk-star-ratings kksr-auto kksr-align-right kksr-valign-top\"     data-payload='{&quot;align&quot;:&quot;right&quot;,&quot;id&quot;:&quot;1291&quot;,&quot;slug&quot;:&quot;default&quot;,&quot;valign&quot;:&quot;top&quot;,&quot;ignore&quot;:&quot;&quot;,&quot;reference&quot;:&quot;auto&quot;,&quot;class&quot;:&quot;&quot;,&quot;count&quot;:&quot;0&quot;,&quot;legendonly&quot;:&quot;&quot;,&quot;readonly&quot;:&quot;&quot;,&quot;score&quot;:&quot;0&quot;,&quot;starsonly&quot;:&quot;&quot;,&quot;best&quot;:&quot;5&quot;,&quot;gap&quot;:&quot;5&quot;,&quot;greet&quot;:&quot;Rate this product&quot;,&quot;legend&quot;:&quot;0\\\/5 - (0 votes)&quot;,&quot;size&quot;:&quot;24&quot;,&quot;title&quot;:&quot;Chicken breast slicer machine for meat slices\\\/strips&quot;,&quot;width&quot;:&quot;0&quot;,&quot;_legend&quot;:&quot;{score}\\\/{best} - ({count} {votes})&quot;,&quot;font_factor&quot;:&quot;1.25&quot;}'>              <div class=\"kksr-stars\">      <div class=\"kksr-stars-inactive\">             <div class=\"kksr-star\" data-star=\"1\" style=\"padding-right: 5px\">               <div class=\"kksr-icon\" style=\"width: 24px; height: 24px;\"><\/div>         <\/div>             <div class=\"kksr-star\" data-star=\"2\" style=\"padding-right: 5px\">               <div class=\"kksr-icon\" style=\"width: 24px; height: 24px;\"><\/div>         <\/div>             <div class=\"kksr-star\" data-star=\"3\" style=\"padding-right: 5px\">               <div class=\"kksr-icon\" style=\"width: 24px; height: 24px;\"><\/div>         <\/div>             <div class=\"kksr-star\" data-star=\"4\" style=\"padding-right: 5px\">               <div class=\"kksr-icon\" style=\"width: 24px; height: 24px;\"><\/div>         <\/div>             <div class=\"kksr-star\" data-star=\"5\" style=\"padding-right: 5px\">               <div class=\"kksr-icon\" style=\"width: 24px; height: 24px;\"><\/div>         <\/div>     <\/div>      <div class=\"kksr-stars-active\" style=\"width: 0px;\">             <div class=\"kksr-star\" style=\"padding-right: 5px\">               <div class=\"kksr-icon\" style=\"width: 24px; height: 24px;\"><\/div>         <\/div>             <div class=\"kksr-star\" style=\"padding-right: 5px\">               <div class=\"kksr-icon\" style=\"width: 24px; height: 24px;\"><\/div>         <\/div>             <div class=\"kksr-star\" style=\"padding-right: 5px\">               <div class=\"kksr-icon\" style=\"width: 24px; height: 24px;\"><\/div>         <\/div>             <div class=\"kksr-star\" style=\"padding-right: 5px\">               <div class=\"kksr-icon\" style=\"width: 24px; height: 24px;\"><\/div>         <\/div>             <div class=\"kksr-star\" style=\"padding-right: 5px\">               <div class=\"kksr-icon\" style=\"width: 24px; height: 24px;\"><\/div>         <\/div>     <\/div> <\/div>                   <div class=\"kksr-legend\" style=\"font-size: 19.2px;\">             <span class=\"kksr-muted\">Betygs\u00e4tt denna produkt<\/span>     <\/div>     <\/div>  <p>Kycklingbr\u00f6stsk\u00e4rare maskin\u00a0kan bearbeta k\u00f6tt i skivor, och k\u00f6ttsk\u00e4rningsmaskiner f\u00f6r k\u00f6ttstrimlor bearbetar k\u00f6tt i strimlor. R\u00e5varorna kan vara kycklingbr\u00f6st, n\u00f6tk\u00f6tt, fl\u00e4sk osv. K\u00f6ttsk\u00e4rare maskiner kan bearbeta ett brett utbud av k\u00f6tt, vilket \u00e4r l\u00e4mpligt f\u00f6r de flesta benfria k\u00f6tt. <\/p>    <p>K\u00f6ttsk\u00e4rare maskin anv\u00e4nder en platt sk\u00e4rprocess under bearbetningen f\u00f6r att noggrant greppa storleken och tjockleken. Tjockleken p\u00e5 k\u00f6ttskivorna kan anpassas. Den \u00e4r l\u00e4mplig f\u00f6r livsmedelsbearbetningsanl\u00e4ggningar, restaurangk\u00f6k och stora matsalar.<\/p>    <figure class=\"wp-block-image size-large\"><img loading=\"lazy\" decoding=\"async\" width=\"720\" height=\"540\" src=\"https:\/\/www.meatprocessingmachine.org\/wp-content\/uploads\/2021\/05\/2-1.jpg\" alt=\"Korvbindingstr\u00e5dsmaskin\" class=\"wp-image-1296\" title=\"\" srcset=\"https:\/\/www.meatprocessingmachine.org\/wp-content\/uploads\/2021\/05\/2-1.jpg 720w, https:\/\/www.meatprocessingmachine.org\/wp-content\/uploads\/2021\/05\/2-1-300x225.jpg 300w\" sizes=\"auto, (max-width: 720px) 100vw, 720px\" \/><figcaption class=\"wp-element-caption\">Skivad kycklingbr\u00f6st<\/figcaption><\/figure>    <h2 class=\"wp-block-heading\" id=\"h-type-of-meat-cutting-machinery-for-meat-slices-strips\">Video av k\u00f6ttsk\u00e4rningsmaskiner f\u00f6r k\u00f6ttskivor\/strimlor<\/h2>    <figure class=\"wp-block-embed is-type-video is-provider-youtube wp-block-embed-youtube\"><div class=\"wp-block-embed__wrapper\"> <iframe loading=\"lazy\" title=\"kycklingbr\u00f6stsk\u00e4rare maskin\/K\u00f6ttsk\u00e4rningsmaskin f\u00f6r k\u00f6ttskivor\/Strimlor\" width=\"500\" height=\"281\" src=\"https:\/\/www.youtube.com\/embed\/2jjreRlvCKM?start=19&#038;feature=oembed\" frameborder=\"0\" allow=\"accelerometer; autoplay; clipboard-write; encrypted-media; gyroscope; picture-in-picture; web-share\" referrerpolicy=\"strict-origin-when-cross-origin\" allowfullscreen><\/iframe> <\/div><\/figure>    <h2 class=\"wp-block-heading\" id=\"h-introduction-of-chicken-breast-slicer-machine\">Introduktion av kycklingbr\u00f6stsk\u00e4rare maskin<\/h2>    <p class=\"translation-block\"><strong>Kycklingbr\u00f6stsk\u00e4rare maskin\u00a0<\/strong>sk\u00e4r k\u00f6ttet direkt i skivor, s\u00e5som kycklingbr\u00f6stskivor, n\u00f6tk\u00f6ttsskivor och fl\u00e4skk\u00f6ttsskivor. Kycklingbr\u00f6stsk\u00e4rare maskin\u00a0\u00e4r en oberoende maskin som kan slutf\u00f6ra sk\u00e4rningsarbetet ensam. F\u00f6r att anv\u00e4nda, placera k\u00f6ttet p\u00e5 transportbandet och v\u00e4nta n\u00e5gra sekunder. Kycklingbr\u00f6stsk\u00e4rare maskin\u00a0kan sk\u00e4ra ut tjockleken p\u00e5 k\u00f6ttskivorna med 2-8mm, och k\u00f6ttsk\u00e4rare maskin kan noggrant greppa storleken och tjockleken. <\/p>    <p class=\"translation-block\">Dessutom \u00e4r tjockleken p\u00e5 varje k\u00f6ttskiva densamma, <strong>kycklingbr\u00f6stsk\u00e4rare maskin<\/strong> \u00e4r l\u00e5ngt mer \u00e4n manuell, s\u00e5 maskinens f\u00f6rdel att sk\u00e4ra \u00e4r mycket uppenbar. Dessutom \u00e4r en annan f\u00f6rdel med sk\u00e4raren att maskinens hastighet kan justeras. Detta kan matcha bearbetningsfl\u00f6det.<\/p>    <figure class=\"wp-block-image size-full is-resized\"><img loading=\"lazy\" decoding=\"async\" width=\"680\" height=\"480\" src=\"https:\/\/www.meatprocessingmachine.org\/wp-content\/uploads\/2021\/09\/breast-slicer-machine.jpg\" alt=\"br\u00f6stsk\u00e4rare maskin\" class=\"wp-image-1993\" style=\"width:720px;height:540px\" title=\"\" srcset=\"https:\/\/www.meatprocessingmachine.org\/wp-content\/uploads\/2021\/09\/breast-slicer-machine.jpg 680w, https:\/\/www.meatprocessingmachine.org\/wp-content\/uploads\/2021\/09\/breast-slicer-machine-300x212.jpg 300w\" sizes=\"auto, (max-width: 680px) 100vw, 680px\" \/><figcaption class=\"wp-element-caption\"> <strong>br\u00f6stsk\u00e4rare maskin<\/strong> <\/figcaption><\/figure>    <h2 class=\"wp-block-heading\">Parameter f\u00f6r kycklingfil\u00e9 sk\u00e4rare maskin<\/h2>    <figure class=\"wp-block-table\"><table><tbody><tr><td>Modell<\/td><td>KSQPJ-100<\/td><\/tr><tr><td>Effekt(kW)<\/td><td>1.65KW<\/td><\/tr><tr><td>Bredd<\/td><td>260mm<\/td><\/tr><tr><td>Transportbands hastighetsomr\u00e5de<\/td><td>3-15m\/min (Frekvens)<\/td><\/tr><tr><td>Sp\u00e4nning (v)<strong>)<\/strong><\/td><td>380v<\/td><\/tr><tr><td>Maximal produktbredd<\/td><td>80-120mm (Justerbar)<\/td><\/tr><tr><td>In- och utg\u00e5ngsh\u00f6jd<\/td><td>30mm<\/td><\/tr><tr><td>Sk\u00e4rtjocklek<\/td><td>4-40mm<\/td><\/tr><tr><td>Storlek<\/td><td>1800x820x1580mm<\/td><\/tr><\/tbody><\/table><figcaption class=\"wp-element-caption\">Kycklingbr\u00f6stsk\u00e4rare maskin<\/figcaption><\/figure>    <p>Modell KSQPJ-100 har en effekt p\u00e5 1.65kw och en sp\u00e4nning p\u00e5 380v. Sk\u00e4rtjockleken kan justeras fr\u00e5n 4-40mm. Samtidigt \u00e4r hastigheten p\u00e5 transportbandet ocks\u00e5 justerbar (3-15m\/min). Om du vill veta mer om denna kycklingfil\u00e9 sk\u00e4rare maskin, v\u00e4nligen kontakta oss.<\/p>    <h2 class=\"wp-block-heading\" id=\"h-chicken-breast-slicer-machine-principle\">Arbetsprincip f\u00f6r kycklingbr\u00f6stsk\u00e4rare maskin<\/h2>    <p>The chicken breast slicer machine&nbsp;conveys the meat to the cutting place by the machine&#8217;s high-friction conveyor belt. The chicken breast slicer machine&nbsp;is composed of multiple horizontal sharp blades. The cut meat is sent out through the conveyor belt. <\/p>    <p>S\u00e5, sk\u00e4rningen av k\u00f6ttskivor. Tjockleken best\u00e4ms av avst\u00e5ndet mellan bladen. Detta avst\u00e5nd kan anpassas av fabriken enligt behoven n\u00e4r den l\u00e4mnar fabriken. Kan m\u00f6ta de flesta behov. <\/p>    <p>Och transportbandets hastighet kan justeras, vilket \u00e4r mycket intelligent. Detta beror p\u00e5 att n\u00e4r vi arbetar i en annan sektion kan det finnas manuell f\u00f6rpackning eller f\u00e4rdiga produkter. D\u00e5 kan vi justera transportbandet enligt arbetshastigheten f\u00f6r att uppn\u00e5 b\u00e4ttre. Detta \u00e4r ocks\u00e5 det faktum att designern tog h\u00e4nsyn till den faktiska situationen i arbetet n\u00e4r den designade, och var uppm\u00e4rksam.<\/p>    <figure class=\"wp-block-image size-large is-resized\"><img loading=\"lazy\" decoding=\"async\" width=\"720\" height=\"353\" src=\"https:\/\/www.meatprocessingmachine.org\/wp-content\/uploads\/2021\/05\/3.jpg\" alt=\"kycklingbr\u00f6stsk\u00e4rare maskin\" class=\"wp-image-1298\" style=\"width:720px;height:540px\" title=\"\" srcset=\"https:\/\/www.meatprocessingmachine.org\/wp-content\/uploads\/2021\/05\/3.jpg 720w, https:\/\/www.meatprocessingmachine.org\/wp-content\/uploads\/2021\/05\/3-300x147.jpg 300w\" sizes=\"auto, (max-width: 720px) 100vw, 720px\" \/><figcaption><\/figcaption><\/figure>    <h2 class=\"wp-block-heading\" id=\"h-finished-product-effect-of-chicken-breast-slicer-machine\">F\u00e4rdig produkt effekt av kycklingbr\u00f6stsk\u00e4rare maskin<\/h2>    <figure class=\"wp-block-image size-full is-resized\"><img loading=\"lazy\" decoding=\"async\" width=\"520\" height=\"390\" src=\"https:\/\/www.meatprocessingmachine.org\/wp-content\/uploads\/2021\/09\/chicken-breast-slicer-machine.png\" alt=\"kycklingbr\u00f6stsk\u00e4rare maskin\" class=\"wp-image-1994\" style=\"width:720px;height:540px\" title=\"\" srcset=\"https:\/\/www.meatprocessingmachine.org\/wp-content\/uploads\/2021\/09\/chicken-breast-slicer-machine.png 520w, https:\/\/www.meatprocessingmachine.org\/wp-content\/uploads\/2021\/09\/chicken-breast-slicer-machine-300x225.png 300w\" sizes=\"auto, (max-width: 520px) 100vw, 520px\" \/><figcaption class=\"wp-element-caption\"> <strong>kycklingbr\u00f6stsk\u00e4rare maskin<\/strong> <\/figcaption><\/figure>    <p>Kycklingbr\u00f6stsk\u00e4rare maskin\u00a0kan sk\u00e4ra 2-8mm k\u00f6ttskivor. Denna tjocklek kan f\u00f6rklaras vid k\u00f6p av maskinen s\u00e5 att en viss storlek blad kan anpassas. Tjockleken p\u00e5 de skurna k\u00f6ttskivorna \u00e4r enhetlig och ytan \u00e4r mycket sl\u00e4t. Bladet \u00e4r mycket skarpt och kommer inte att orsaka n\u00e5gra skador p\u00e5 k\u00f6ttet efter sk\u00e4rning, inte heller kommer det att orsaka f\u00f6rlust, vilket verkligen uppn\u00e5r h\u00f6g effektivitet och h\u00f6g avkastning.<\/p>    <h2 class=\"wp-block-heading\" id=\"h-meat-cutting-machinery-for-meat-strips-introduction\">K\u00f6ttsk\u00e4rningsmaskiner f\u00f6r k\u00f6ttstrimlor introduktion<\/h2>    <p class=\"translation-block\">Den <strong>K\u00f6ttsk\u00e4rningsmaskinen f\u00f6r k\u00f6ttstrimlor introduktionen<\/strong> har tv\u00e5 delar. F\u00f6rst sk\u00e4rs det i skivor av en sk\u00e4rare och passerar sedan genom en sk\u00e4rare. Produkten \u00e4r olika k\u00f6ttstrimlor. Sk\u00e4raren sk\u00e4rs i skivor av sk\u00e4raren horisontellt och sk\u00e4rs vertikalt av den efterf\u00f6ljande maskinen till strimlor. Kycklingbr\u00f6stsk\u00e4rningsmaskinen transporteras direkt genom transportbandet, utan behov av arbetskraft i processen fr\u00e5n ark till strimla. <\/p>    <figure class=\"wp-block-table\"><table><tbody><tr><td>Modell<\/td><td>KSQTJ-260<\/td><\/tr><tr><td>Effekt kW<\/td><td>0,75 kW<\/td><\/tr><tr><td>bredd<\/td><td>260mm<\/td><\/tr><tr><td>Transportbands hastighetsomr\u00e5de<\/td><td>3-15m\/min (Frekvens)<\/td><\/tr><tr><td>Str\u00f6mf\u00f6rs\u00f6rjningens sp\u00e4nning v<\/td><td>380v\/50Hz<\/td><\/tr><tr><td>Storlek<\/td><td>2200x650x1450mm<\/td><\/tr><\/tbody><\/table><figcaption class=\"wp-element-caption\"> <strong>K\u00f6ttsk\u00e4rningsmaskiner f\u00f6r k\u00f6ttstrimlor&nbsp;<\/strong> <\/figcaption><\/figure>    <p>Hela processen sparar tid och anstr\u00e4ngning och \u00e4r effektiv och snabb. Transportbandet har en speciell randdesign, vilket \u00f6kar friktionen s\u00e5 att\u00a0K\u00f6ttsk\u00e4rningsmaskiner f\u00f6r k\u00f6ttstrimlor transporteras \u00e4ven om det \u00e4r relativt stort. K\u00f6ttet kan ocks\u00e5 framg\u00e5ngsrikt transporteras smidigt. Tjockleken p\u00e5 de skurna k\u00f6ttstrimlorna kan ocks\u00e5 justeras.<\/p>    <figure class=\"wp-block-image size-full is-resized\"><img loading=\"lazy\" decoding=\"async\" width=\"680\" height=\"480\" src=\"https:\/\/www.meatprocessingmachine.org\/wp-content\/uploads\/2021\/09\/Meat-Cutting-Machinery-for-Meat-Strips-.jpg\" alt=\"K\u00f6ttsk\u00e4rningsmaskiner f\u00f6r k\u00f6ttstrimlor\u00a0\" class=\"wp-image-1995\" style=\"width:720px;height:540px\" title=\"\" srcset=\"https:\/\/www.meatprocessingmachine.org\/wp-content\/uploads\/2021\/09\/Meat-Cutting-Machinery-for-Meat-Strips-.jpg 680w, https:\/\/www.meatprocessingmachine.org\/wp-content\/uploads\/2021\/09\/Meat-Cutting-Machinery-for-Meat-Strips--300x212.jpg 300w\" sizes=\"auto, (max-width: 680px) 100vw, 680px\" \/><figcaption class=\"wp-element-caption\"> <strong>K\u00f6ttsk\u00e4rningsmaskiner f\u00f6r k\u00f6ttstrimlor&nbsp;<\/strong> <\/figcaption><\/figure>    <h3 class=\"wp-block-heading\" id=\"h-cutting-principle-of-meat-cutting-machinery-for-meat-strips\">Sk\u00e4rprincip f\u00f6r k\u00f6ttsk\u00e4rningsmaskiner f\u00f6r k\u00f6ttstrimlor<\/h3>    <p>The slicer is composed of two parts. The first is a slicer. The meat to be cut is first cut into slices by the slicer. The slicer&#8217;s blade cuts the meat slices horizontally and then continues to be conveyed by the conveyor belt to the next machine. , The cutting process is carried out by the chicken breast cutting machine, and the next step is the vertical cutting of the sliced \u200b\u200bmeat by the cutting machine, which becomes a meat strip<\/p>    <h3 class=\"wp-block-heading\" id=\"h-features-of-the-machine\">Funktioner hos kycklingbr\u00f6stsk\u00e4rningsmaskinen<\/h3>    <ol class=\"wp-block-list\"> <li>Maskinen kan sk\u00e4ra kycklingbr\u00f6st horisontellt, tjockleken p\u00e5 den skurna sektionen \u00e4r exakt, och sk\u00e4rytan \u00e4r sl\u00e4t.<\/li>    <li>Driften \u00e4r enkel och l\u00e4tt att l\u00e4ra sig, och produktspecifikationerna kan justeras.<\/li>    <li>Kycklingbr\u00f6stsk\u00e4rningsmaskinen \u00e4r gjord av st\u00e5l, vilket \u00e4r s\u00e4kert och p\u00e5litligt och rostar inte n\u00e4r den reng\u00f6rs.<\/li>    <li>Transportbandet anv\u00e4nder en randdesign f\u00f6r att \u00f6ka friktionen och transportera smidigt.<\/li>    <li>Produktens utsk\u00e4rning \u00e4r enhetlig och bekv\u00e4m f\u00f6r f\u00f6rs\u00e4ljning.<\/li> <\/ol>    <h2 class=\"wp-block-heading\" id=\"h-slicing-and-cutting-machine-is-easy-to-operate\">Hur anv\u00e4nder man sk\u00e4r- och sk\u00e4rmaskinen?<\/h2>    <p>Maskinen har en kontrollpanel, som styr maskinens str\u00f6mbrytare och hastigheten p\u00e5 transportbandet. N\u00e4r man sk\u00e4r och sk\u00e4r, \u00e4r det n\u00f6dv\u00e4ndigt att manuellt l\u00e4gga r\u00e5varorna p\u00e5 maskinen, transportbandet skickar ut kycklingbr\u00f6sten. <\/p>    <p>Maskinen k\u00f6rs mycket snabbt och kan bearbeta produkterna effektivt. Maskinens blad \u00e4r gjorda av st\u00e5l, vilket kan uppfylla kraven f\u00f6r standard livsmedelsmaskiner och producera f\u00e4rdiga produkter s\u00e4kert.<\/p>    <figure class=\"wp-block-image size-large\"><img loading=\"lazy\" decoding=\"async\" width=\"720\" height=\"540\" src=\"https:\/\/www.meatprocessingmachine.org\/wp-content\/uploads\/2021\/05\/\u672a\u6807\u9898-1.jpg\" alt=\"K\u00f6ttsk\u00e4rningsmaskiner f\u00f6r k\u00f6ttstrimlor\" class=\"wp-image-1301\" title=\"\" srcset=\"https:\/\/www.meatprocessingmachine.org\/wp-content\/uploads\/2021\/05\/\u672a\u6807\u9898-1.jpg 720w, https:\/\/www.meatprocessingmachine.org\/wp-content\/uploads\/2021\/05\/\u672a\u6807\u9898-1-300x225.jpg 300w\" sizes=\"auto, (max-width: 720px) 100vw, 720px\" \/><figcaption><\/figcaption><\/figure>    <h2 class=\"wp-block-heading\" id=\"h-some-precautions-for-chicken-breast-slicer-machine\">N\u00e5gra f\u00f6rsiktighets\u00e5tg\u00e4rder f\u00f6r kycklingbr\u00f6stsk\u00e4rare maskin<\/h2>    <ul class=\"wp-block-list\"> <li>N\u00e4r maskinen arbetar \u00e4r det str\u00e4ngt f\u00f6rbjudet att g\u00e5 djupt in i maskinen<\/li>    <li>N\u00e4r maskinen \u00e4r i drift \u00e4r det strikt f\u00f6rbjudet att g\u00e5 djupt in i maskinen<\/li>    <li>Var uppm\u00e4rksam p\u00e5 underh\u00e5ll och sk\u00f6tsel av maskinen, s\u00e5som oljning av maskinen och reng\u00f6ring efter anv\u00e4ndning.<\/li>    <li>Fryst k\u00f6ttt\u00e4rningsmaskin<\/li> <\/ul>    <figure class=\"wp-block-image size-large is-resized\"><img loading=\"lazy\" decoding=\"async\" width=\"1024\" height=\"1024\" src=\"https:\/\/www.meatprocessingmachine.org\/wp-content\/uploads\/2021\/09\/Meat-Cutting-Machinery-for-Meat-Strips-2-1024x1024.jpg\" alt=\"\" class=\"wp-image-1996\" style=\"width:720px;height:540px\" title=\"\" srcset=\"https:\/\/www.meatprocessingmachine.org\/wp-content\/uploads\/2021\/09\/Meat-Cutting-Machinery-for-Meat-Strips-2-1024x1024.jpg 1024w, https:\/\/www.meatprocessingmachine.org\/wp-content\/uploads\/2021\/09\/Meat-Cutting-Machinery-for-Meat-Strips-2-300x300.jpg 300w, https:\/\/www.meatprocessingmachine.org\/wp-content\/uploads\/2021\/09\/Meat-Cutting-Machinery-for-Meat-Strips-2-150x150.jpg 150w, https:\/\/www.meatprocessingmachine.org\/wp-content\/uploads\/2021\/09\/Meat-Cutting-Machinery-for-Meat-Strips-2-768x768.jpg 768w, https:\/\/www.meatprocessingmachine.org\/wp-content\/uploads\/2021\/09\/Meat-Cutting-Machinery-for-Meat-Strips-2.jpg 1080w\" sizes=\"auto, (max-width: 1024px) 100vw, 1024px\" \/><figcaption class=\"wp-element-caption\"> <strong>K\u00f6ttsk\u00e4rningsmaskiner f\u00f6r k\u00f6ttstrimlor&nbsp;<\/strong> <\/figcaption><\/figure>    <h2 class=\"wp-block-heading\" id=\"h-related-machine-provision\">Relaterad maskinleverans<\/h2>    <p class=\"translation-block\">I den faktiska k\u00f6ttbearbetningen och bearbetningsprocessen kan det bara vara n\u00f6dv\u00e4ndigt att sk\u00e4ra det s\u00e5sade k\u00f6ttet, och v\u00e5rt f\u00f6retags maskiner \u00e4r mycket omfattande. Vi kan ocks\u00e5 tillhandah\u00e5lla<a href=\"https:\/\/www.meatprocessingmachine.org\/sv\/commercial-frozen-fresh-meat-dicing-machine.html\/\"> kommersiella frysta f\u00e4rska k\u00f6ttt\u00e4rningsmaskiner<\/a>, <a href=\"https:\/\/www.meatprocessingmachine.org\/sv\/bone-grinder-machine-meat-and-bone-grinder.html\/\">benkvarnar\/k\u00f6ttkvarnar \/Benpasta kvarnar<\/a>.<\/p>    <div class=\"wp-block-columns is-layout-flex wp-container-core-columns-is-layout-9d6595d7 wp-block-columns-is-layout-flex\"> <div class=\"wp-block-column is-layout-flow wp-block-column-is-layout-flow\"> <figure class=\"wp-block-image size-full\"><a href=\"https:\/\/www.meatprocessingmachine.org\/sv\/commercial-frozen-fresh-meat-dicing-machine.html\/\"><img loading=\"lazy\" decoding=\"async\" width=\"720\" height=\"540\" src=\"https:\/\/www.meatprocessingmachine.org\/wp-content\/uploads\/2022\/01\/beef-dicing-machine.png\" alt=\"fryst k\u00f6ttsk\u00e4rmaskin\" class=\"wp-image-32559\" title=\"\" srcset=\"https:\/\/www.meatprocessingmachine.org\/wp-content\/uploads\/2022\/01\/beef-dicing-machine.png 720w, https:\/\/www.meatprocessingmachine.org\/wp-content\/uploads\/2022\/01\/beef-dicing-machine-300x225.png 300w\" sizes=\"auto, (max-width: 720px) 100vw, 720px\" \/><\/a><figcaption class=\"wp-element-caption\">Fryst k\u00f6ttsk\u00e4rmaskin<\/figcaption><\/figure> <\/div>    <div class=\"wp-block-column is-layout-flow wp-block-column-is-layout-flow\"> <figure class=\"wp-block-image size-full\"><a href=\"https:\/\/www.meatprocessingmachine.org\/sv\/bone-grinder-machine-meat-and-bone-grinder.html\/\"><img loading=\"lazy\" decoding=\"async\" width=\"720\" height=\"540\" src=\"https:\/\/www.meatprocessingmachine.org\/wp-content\/uploads\/2020\/11\/bone-grinder-machine.jpg\" alt=\"benkrossmaskin\" class=\"wp-image-911\" title=\"\" srcset=\"https:\/\/www.meatprocessingmachine.org\/wp-content\/uploads\/2020\/11\/bone-grinder-machine.jpg 720w, https:\/\/www.meatprocessingmachine.org\/wp-content\/uploads\/2020\/11\/bone-grinder-machine-300x225.jpg 300w\" sizes=\"auto, (max-width: 720px) 100vw, 720px\" \/><\/a><figcaption class=\"wp-element-caption\">Benkrossmaskin<\/figcaption><\/figure> <\/div> <\/div>","protected":false},"excerpt":{"rendered":"<p>The chicken breast slicer machine can process meat into slices , Meat Cutting Machinery for Meat Strips process meat into strips .The raw materials can be chicken breast, beef, pork, etc. Meat slicer machine can process a wide range of meats, which is suitable for most boneless meats. The meat slicer machine uses a flat cutting process during processing to accurately grasp the size and thickness. <\/p>","protected":false},"author":1,"featured_media":1991,"parent":0,"template":"","product-type":[583],"class_list":["post-1291","product","type-product","status-publish","has-post-thumbnail","hentry","product-type-chicken-turkey"],"_links":{"self":[{"href":"https:\/\/www.meatprocessingmachine.org\/sv\/wp-json\/wp\/v2\/product\/1291","targetHints":{"allow":["GET"]}}],"collection":[{"href":"https:\/\/www.meatprocessingmachine.org\/sv\/wp-json\/wp\/v2\/product"}],"about":[{"href":"https:\/\/www.meatprocessingmachine.org\/sv\/wp-json\/wp\/v2\/types\/product"}],"author":[{"embeddable":true,"href":"https:\/\/www.meatprocessingmachine.org\/sv\/wp-json\/wp\/v2\/users\/1"}],"wp:featuredmedia":[{"embeddable":true,"href":"https:\/\/www.meatprocessingmachine.org\/sv\/wp-json\/wp\/v2\/media\/1991"}],"wp:attachment":[{"href":"https:\/\/www.meatprocessingmachine.org\/sv\/wp-json\/wp\/v2\/media?parent=1291"}],"wp:term":[{"taxonomy":"product-type","embeddable":true,"href":"https:\/\/www.meatprocessingmachine.org\/sv\/wp-json\/wp\/v2\/product-type?post=1291"}],"curies":[{"name":"wp","href":"https:\/\/api.w.org\/{rel}","templated":true}]}}