{"id":1323,"date":"2021-06-04T16:36:50","date_gmt":"2021-06-04T08:36:50","guid":{"rendered":"https:\/\/www.meatprocessingmachine.org\/?p=1323"},"modified":"2026-02-12T16:05:15","modified_gmt":"2026-02-12T08:05:15","slug":"meat-roll-cutting-machine","status":"publish","type":"product","link":"https:\/\/www.meatprocessingmachine.org\/sv\/meat-roll-cutting-machine.html","title":{"rendered":"Lammskivningsmaskin | Fryst k\u00f6ttskivare"},"content":{"rendered":"<div class=\"kk-star-ratings kksr-auto kksr-align-right kksr-valign-top\"     data-payload='{&quot;align&quot;:&quot;right&quot;,&quot;id&quot;:&quot;1323&quot;,&quot;slug&quot;:&quot;default&quot;,&quot;valign&quot;:&quot;top&quot;,&quot;ignore&quot;:&quot;&quot;,&quot;reference&quot;:&quot;auto&quot;,&quot;class&quot;:&quot;&quot;,&quot;count&quot;:&quot;0&quot;,&quot;legendonly&quot;:&quot;&quot;,&quot;readonly&quot;:&quot;&quot;,&quot;score&quot;:&quot;0&quot;,&quot;starsonly&quot;:&quot;&quot;,&quot;best&quot;:&quot;5&quot;,&quot;gap&quot;:&quot;5&quot;,&quot;greet&quot;:&quot;Rate this product&quot;,&quot;legend&quot;:&quot;0\\\/5 - (0 votes)&quot;,&quot;size&quot;:&quot;24&quot;,&quot;title&quot;:&quot;Mutton slicing machine | Frozen meat slicer&quot;,&quot;width&quot;:&quot;0&quot;,&quot;_legend&quot;:&quot;{score}\\\/{best} - ({count} {votes})&quot;,&quot;font_factor&quot;:&quot;1.25&quot;}'>              <div class=\"kksr-stars\">      <div class=\"kksr-stars-inactive\">             <div class=\"kksr-star\" data-star=\"1\" style=\"padding-right: 5px\">               <div class=\"kksr-icon\" style=\"width: 24px; height: 24px;\"><\/div>         <\/div>             <div class=\"kksr-star\" data-star=\"2\" style=\"padding-right: 5px\">               <div class=\"kksr-icon\" style=\"width: 24px; height: 24px;\"><\/div>         <\/div>             <div class=\"kksr-star\" data-star=\"3\" style=\"padding-right: 5px\">               <div class=\"kksr-icon\" style=\"width: 24px; height: 24px;\"><\/div>         <\/div>             <div class=\"kksr-star\" data-star=\"4\" style=\"padding-right: 5px\">               <div class=\"kksr-icon\" style=\"width: 24px; height: 24px;\"><\/div>         <\/div>             <div class=\"kksr-star\" data-star=\"5\" style=\"padding-right: 5px\">               <div class=\"kksr-icon\" style=\"width: 24px; height: 24px;\"><\/div>         <\/div>     <\/div>      <div class=\"kksr-stars-active\" style=\"width: 0px;\">             <div class=\"kksr-star\" style=\"padding-right: 5px\">               <div class=\"kksr-icon\" style=\"width: 24px; height: 24px;\"><\/div>         <\/div>             <div class=\"kksr-star\" style=\"padding-right: 5px\">               <div class=\"kksr-icon\" style=\"width: 24px; height: 24px;\"><\/div>         <\/div>             <div class=\"kksr-star\" style=\"padding-right: 5px\">               <div class=\"kksr-icon\" style=\"width: 24px; height: 24px;\"><\/div>         <\/div>             <div class=\"kksr-star\" style=\"padding-right: 5px\">               <div class=\"kksr-icon\" style=\"width: 24px; height: 24px;\"><\/div>         <\/div>             <div class=\"kksr-star\" style=\"padding-right: 5px\">               <div class=\"kksr-icon\" style=\"width: 24px; height: 24px;\"><\/div>         <\/div>     <\/div> <\/div>                   <div class=\"kksr-legend\" style=\"font-size: 19.2px;\">             <span class=\"kksr-muted\">Betygs\u00e4tt denna produkt<\/span>     <\/div>     <\/div>  <p>F\u00e5rskivmaskinen kan sk\u00e4ra fryst k\u00f6tt i rullar och kan tillverka f\u00e5rskivor, n\u00f6trullar, fl\u00e4skrullar, etc. K\u00f6tt med en temperatur p\u00e5 1-8 grader under noll kan direkt bearbetas till rullar utan upptining. Och de skurna k\u00f6rrullarna \u00e4r garanterat hela. <\/p>    <figure class=\"wp-block-embed is-type-video is-provider-youtube wp-block-embed-youtube\"><div class=\"wp-block-embed__wrapper\"> <iframe loading=\"lazy\" title=\"Automatisk k\u00f6ttsk\u00e4rningsmaskin|F\u00e5rskiv- och rullmaskin| |k\u00f6ttskivare\" width=\"500\" height=\"281\" src=\"https:\/\/www.youtube.com\/embed\/P0T2Up3MetY?feature=oembed\" frameborder=\"0\" allow=\"accelerometer; autoplay; clipboard-write; encrypted-media; gyroscope; picture-in-picture; web-share\" referrerpolicy=\"strict-origin-when-cross-origin\" allowfullscreen><\/iframe> <\/div><figcaption class=\"wp-element-caption\">kommersiell fryst k\u00f6ttskivare video<\/figcaption><\/figure>    <p>F\u00e5rskivmaskinen har flera funktioner, men kan inte bara sk\u00e4ra k\u00f6tt i rullar utan \u00e4ven i skivor. Samtidigt kan maskinen hantera alla typer av benfria k\u00f6tt. F\u00e5rskivmaskinen kan anv\u00e4ndas i restauranger, stormarknader och livsmedelsindustrier.<\/p>    <h2 class=\"wp-block-heading\" id=\"h-mutton-cutting-machine-advantage\">F\u00f6rdelar med f\u00e5rskivmaskin<\/h2>    <ol class=\"wp-block-list\"> <li>K\u00f6ttskivaren \u00e4r ren, hygienisk och l\u00e4tt att reng\u00f6ra.<\/li>    <li>Skalet och bladet \u00e4r tillverkat av rostfritt st\u00e5l, vilket \u00e4r starkt och h\u00e5llbart, och inte l\u00e4tt att rosta.<\/li>    <li>Produktens tjocklek \u00e4r j\u00e4mn, och maskinens arbetseffektivitet \u00e4r h\u00f6g.<\/li>    <li>Stor sk\u00e4rm kontrollpanel, mer kontrollerbar.<\/li> <\/ol>    <figure class=\"wp-block-image size-full\"><img loading=\"lazy\" decoding=\"async\" width=\"750\" height=\"750\" src=\"https:\/\/www.meatprocessingmachine.org\/wp-content\/uploads\/2021\/09\/cutting-and-Rolling-Machine.jpg\" alt=\"mutton slicing machine\" class=\"wp-image-2006\" title=\"\" srcset=\"https:\/\/www.meatprocessingmachine.org\/wp-content\/uploads\/2021\/09\/cutting-and-Rolling-Machine.jpg 750w, https:\/\/www.meatprocessingmachine.org\/wp-content\/uploads\/2021\/09\/cutting-and-Rolling-Machine-300x300.jpg 300w, https:\/\/www.meatprocessingmachine.org\/wp-content\/uploads\/2021\/09\/cutting-and-Rolling-Machine-150x150.jpg 150w\" sizes=\"auto, (max-width: 750px) 100vw, 750px\" \/><figcaption class=\"wp-element-caption\">Sk\u00e4r- och rullmaskin<\/figcaption><\/figure>    <h2 class=\"wp-block-heading\" id=\"h-the-principle-of-mutton-slicing-machine\">Principen f\u00f6r f\u00e5rskivmaskinen<\/h2>    <p>F\u00e5rskiv- och rullmaskinen kan snabbt sk\u00e4ra det klumpiga frysta k\u00f6ttet i tunna skivor och tunna k\u00f6rrullar. Tjockleken kan justeras, dessutom, n\u00e4r k\u00f6ttets tjocklek \u00e4r under 3 mm, \u00e4r det rullformat. Om det \u00e4r mer \u00e4n 3 mm, sk\u00e4rs det i skivor. \u00c5 andra sidan \u00e4r k\u00f6ttets temperatur ocks\u00e5 mycket viktig. <\/p>    <p>Om k\u00f6ttets temperatur inte \u00e4r tillr\u00e4ckligt l\u00e5g, endast inom intervallet 0 \u2014 -7\u2103, kan det inte rullas. S\u00e5 temperatur och tjocklek \u00e4r avg\u00f6rande faktorer. Enligt experiment och forskning rekommenderas den optimala tjockleken f\u00f6r k\u00f6ttskivor vara 1,7 mm, och samtidigt b\u00f6r temperaturen p\u00e5 fryst k\u00f6tt inte vara f\u00f6r l\u00e5g, annars kan de skurna k\u00f6rrullarna l\u00e4tt g\u00e5 s\u00f6nder.<\/p>   <div class=\"wp-block-image\"> <figure class=\"aligncenter size-large is-resized\"><img loading=\"lazy\" decoding=\"async\" width=\"720\" height=\"540\" src=\"https:\/\/www.meatprocessingmachine.org\/wp-content\/uploads\/2021\/06\/02.jpg\" alt=\"Lamb Cutting \" class=\"wp-image-1326\" style=\"width:540px;height:405px\" title=\"\" srcset=\"https:\/\/www.meatprocessingmachine.org\/wp-content\/uploads\/2021\/06\/02.jpg 720w, https:\/\/www.meatprocessingmachine.org\/wp-content\/uploads\/2021\/06\/02-300x225.jpg 300w\" sizes=\"auto, (max-width: 720px) 100vw, 720px\" \/><\/figure> <\/div>   <h2 class=\"wp-block-heading\" id=\"h-mutton-cutting-machine-structure\">F\u00e5rskivmaskinens struktur<\/h2>    <p>F\u00e5rskivmaskinen best\u00e5r huvudsakligen av en k\u00f6ttlastningsbord, en \u00f6vre k\u00f6ttst\u00e5ng, ett rostfritt st\u00e5lsk\u00e4rset och en kontrollsk\u00e4rm. Sk\u00e4r- och rullmaskinen har en rimlig struktur och ett vass blad. N\u00e4r k\u00f6ttet sk\u00e4rs m\u00e5ste f\u00e5rskivorna f\u00e4stas p\u00e5 den fasta sp\u00e5ret. <\/p>    <p>Sedan kommer pushroden baktill att skjuta k\u00f6ttet fram\u00e5t, bladet sk\u00e4r i en konstant hastighet, och k\u00f6ttet sk\u00e4rs till tunna och j\u00e4mna k\u00f6rrullar. Den snabba skivningen kan s\u00e4kerst\u00e4lla att k\u00f6ttets rullar \u00e4r v\u00e4lformade och inte l\u00e4tt g\u00e5r s\u00f6nder. Dessutom har skivmaskinen ett vackert utseende, enkel drift, h\u00f6g effektivitet, l\u00e5g energif\u00f6rbrukning och l\u00e4tt att reng\u00f6ra och underh\u00e5lla.<\/p>    <figure class=\"wp-block-image size-full\"><img loading=\"lazy\" decoding=\"async\" width=\"720\" height=\"540\" src=\"https:\/\/www.meatprocessingmachine.org\/wp-content\/uploads\/2021\/09\/lamb-rolling-machine-2.jpg\" alt=\"mutton slicing machine\" class=\"wp-image-2003\" title=\"\" srcset=\"https:\/\/www.meatprocessingmachine.org\/wp-content\/uploads\/2021\/09\/lamb-rolling-machine-2.jpg 720w, https:\/\/www.meatprocessingmachine.org\/wp-content\/uploads\/2021\/09\/lamb-rolling-machine-2-300x225.jpg 300w\" sizes=\"auto, (max-width: 720px) 100vw, 720px\" \/><figcaption class=\"wp-element-caption\"> F\u00e5rskiv- och rullmaskin<\/figcaption><\/figure>    <h2 class=\"wp-block-heading\" id=\"h-frozen-meat-slicer-parameters-take-six-volumes-as-an-example\">Parametrar f\u00f6r fryst k\u00f6ttskivare (exempel med sex volymer)<\/h2>    <figure class=\"wp-block-table\"><table><tbody><tr><td>Effekt<\/td><td>Sp\u00e4nning<\/td><td>Skivl\u00e4ngd(mm)<\/td><td>Skivbredd(mm)<\/td><td>Effekt(kw)<\/td><td>Totalvikt(kg)<\/td><td>Kapacitet (kg\/h)<\/td><td>Bearbetningstjocklek(mm)<\/td><td>Sk\u00e4rh\u00f6jd(mm)<\/td><td>Utrustningsstorlek(mm)<\/td><\/tr><tr><td>CNC En rulle<\/td><td>220V\/50HZ<\/td><td>450<\/td><td>160<\/td><td>750<\/td><td>160<\/td><td>50<\/td><td>0-obegr\u00e4nsad<\/td><td>180<\/td><td>1150*410*960<\/td><\/tr><tr><td>CNC tv\u00e5 volymer<\/td><td>220V\/50HZ<\/td><td>600<\/td><td>270<\/td><td>2200<\/td><td>200<\/td><td>50-300<\/td><td>0-obegr\u00e4nsad<\/td><td>180<\/td><td>1200*560*1200<\/td><\/tr><tr><td>CNC fyra volymer<\/td><td>380\/50HZ<\/td><td>600<\/td><td>510<\/td><td>3000<\/td><td>320<\/td><td>50-600<\/td><td>0-obegr\u00e4nsad<\/td><td>180<\/td><td>1200*800*1200<\/td><\/tr><tr><td>CNC sex volymer<\/td><td>380\/50HZ<\/td><td>600<\/td><td>730<\/td><td>3000<\/td><td>400<\/td><td>50-900<\/td><td>0-obegr\u00e4nsad<\/td><td>180<\/td><td>1200*1010*1200<\/td><\/tr><tr><td>CNC \u00e5ttavolym<\/td><td>380\/50H<\/td><td>600<\/td><td>920<\/td><td>4000<\/td><td>500<\/td><td>50-1200<\/td><td>0-obegr\u00e4nsad<\/td><td>180<\/td><td>1200*1320*1200<\/td><\/tr><\/tbody><\/table><figcaption class=\"wp-element-caption\">kommersiell fryst k\u00f6ttskivare parameter<\/figcaption><\/figure>    <p>Vi kan ocks\u00e5 erbjuda tv\u00e5-, fyra-, sex- och \u00e5ttavolymers f\u00e5rskivmaskiner. Den \u00e5ttavolymers f\u00e5rskivmaskinen har h\u00f6gsta arbetseffektivitet och kan producera h\u00f6gsta output, vilket passar st\u00f6rre livsmedelsproduktionsanl\u00e4ggningar. S\u00e5 du kan k\u00f6pa maskiner enligt dina produktionsbehov.<\/p>    <figure class=\"wp-block-image size-large is-resized\"><img loading=\"lazy\" decoding=\"async\" width=\"1024\" height=\"769\" src=\"https:\/\/www.meatprocessingmachine.org\/wp-content\/uploads\/2021\/09\/Different-types-of-lamb-rolling-machine-1024x769.jpg\" alt=\"Benkn\u00e4ckningsmaskin f\u00f6r malning av n\u00f6tk\u00f6ttsben | Benbearbetningsmaskin\" class=\"wp-image-2001\" style=\"width:720px;height:540px\" title=\"\" srcset=\"https:\/\/www.meatprocessingmachine.org\/wp-content\/uploads\/2021\/09\/Different-types-of-lamb-rolling-machine-1024x769.jpg 1024w, https:\/\/www.meatprocessingmachine.org\/wp-content\/uploads\/2021\/09\/Different-types-of-lamb-rolling-machine-300x225.jpg 300w, https:\/\/www.meatprocessingmachine.org\/wp-content\/uploads\/2021\/09\/Different-types-of-lamb-rolling-machine-768x577.jpg 768w, https:\/\/www.meatprocessingmachine.org\/wp-content\/uploads\/2021\/09\/Different-types-of-lamb-rolling-machine-1536x1153.jpg 1536w, https:\/\/www.meatprocessingmachine.org\/wp-content\/uploads\/2021\/09\/Different-types-of-lamb-rolling-machine-2048x1538.jpg 2048w\" sizes=\"auto, (max-width: 1024px) 100vw, 1024px\" \/><figcaption class=\"wp-element-caption\">Olika typer av f\u00e5r- och k\u00f6rrullsmaskiner<\/figcaption><\/figure>    <h2 class=\"wp-block-heading\">F\u00f6rberedelse av r\u00e5varor<\/h2>    <p>Det finns mycket malet k\u00f6tt under k\u00f6ttbearbetning, s\u00e5 hur hanterar man det? K\u00f6ttet kan mosas f\u00f6rst, och k\u00f6ttet kan malas med en f\u00e4rsk k\u00f6ttkvarn och sedan f\u00f6rpackas. Efter frysning, ta ut det f\u00f6r skivning eller rullning, s\u00e5 att k\u00f6ttrester kan anv\u00e4ndas f\u00f6r att g\u00f6ra en komplett f\u00e4rdig produkt.<\/p>    <h2 class=\"wp-block-heading\" id=\"h-mutton-slicing-machine-precautions\">Varningar f\u00f6r f\u00e5rskivmaskin<\/h2>    <figure class=\"wp-block-image size-large is-resized\"><img loading=\"lazy\" decoding=\"async\" width=\"768\" height=\"1024\" src=\"https:\/\/www.meatprocessingmachine.org\/wp-content\/uploads\/2021\/09\/lamb-rolling-machine-1-768x1024.jpg\" alt=\"mutton slicing machine\" class=\"wp-image-2004\" style=\"width:720px;height:540px\" title=\"\" srcset=\"https:\/\/www.meatprocessingmachine.org\/wp-content\/uploads\/2021\/09\/lamb-rolling-machine-1-768x1024.jpg 768w, https:\/\/www.meatprocessingmachine.org\/wp-content\/uploads\/2021\/09\/lamb-rolling-machine-1-225x300.jpg 225w, https:\/\/www.meatprocessingmachine.org\/wp-content\/uploads\/2021\/09\/lamb-rolling-machine-1-1152x1536.jpg 1152w, https:\/\/www.meatprocessingmachine.org\/wp-content\/uploads\/2021\/09\/lamb-rolling-machine-1-1536x2048.jpg 1536w, https:\/\/www.meatprocessingmachine.org\/wp-content\/uploads\/2021\/09\/lamb-rolling-machine-1-scaled.jpg 1920w\" sizes=\"auto, (max-width: 768px) 100vw, 768px\" \/><figcaption class=\"wp-element-caption\">Sk\u00e4r- och rullmaskin<\/figcaption><\/figure>    <ol class=\"wp-block-list\"> <li>N\u00e4r du sk\u00e4r k\u00f6tt b\u00f6r k\u00f6ttets temperatur vara m\u00e5ttlig. F\u00f6r h\u00e5rt k\u00f6tt kan skada bladet.<\/li>    <li>Ben m\u00e5ste tas ut n\u00e4r man sk\u00e4r k\u00f6ttskivor och k\u00f6rrullar.<\/li>    <li>Var uppm\u00e4rksam p\u00e5 reng\u00f6ring och dagligt underh\u00e5ll efter anv\u00e4ndning.<\/li> <\/ol>    <h2 class=\"wp-block-heading\">Daglig anv\u00e4ndning och underh\u00e5ll av f\u00e5rskivmaskinen<\/h2>    <ul class=\"wp-block-list\"> <li>N\u00e4r f\u00e5rskivmaskinen \u00e4r i drift, kontrollera om det finns sm\u00f6rjolja i de tv\u00e5 oljekopparna. Om inte, tills\u00e4tt sm\u00f6rjolja.<\/li>    <li>Sl\u00e5 p\u00e5 str\u00f6mmen och kontrollera om motorrotationen \u00e4r i linje med maskinens krav.<\/li>    <li>Varje g\u00e5ng sk\u00e4raren stiger till h\u00f6gsta positionen, skjuts matplattan fram\u00e5t lite, och motorn roterar i r\u00e4tt riktning. Tv\u00e4rtom, n\u00e4r sk\u00e4raren faller till l\u00e4gsta positionen, skjuts matplattan fram\u00e5t, och motorrotationen \u00e4r omv\u00e4nd, det r\u00e4cker att korrigera motorrotationen, om sk\u00e4raren och matplattan inte \u00e4r koordinerade, \u00f6ppna skyddsplattan i motsatt riktning mot kontrollpanelen, justera l\u00e4tt lyftjusteringsplattan.<\/li>    <li>F\u00f6r remskivdelarna av maskiner och utrustning, anv\u00e4nd \u00e4tbar olja eller sm\u00f6rjolja efter reng\u00f6ring f\u00f6r att minska slitage och \u00f6ka utrustningens livsl\u00e4ngd.<\/li> <\/ul>    <figure class=\"wp-block-gallery has-nested-images columns-2 is-cropped wp-block-gallery-2 is-layout-flex wp-block-gallery-is-layout-flex\"> <figure class=\"wp-block-image size-large\"><img loading=\"lazy\" decoding=\"async\" width=\"719\" height=\"540\" data-id=\"2009\" src=\"https:\/\/www.meatprocessingmachine.org\/wp-content\/uploads\/2021\/09\/1.0.png\" alt=\"\" class=\"wp-image-2009\" title=\"\" srcset=\"https:\/\/www.meatprocessingmachine.org\/wp-content\/uploads\/2021\/09\/1.0.png 719w, https:\/\/www.meatprocessingmachine.org\/wp-content\/uploads\/2021\/09\/1.0-300x225.png 300w\" sizes=\"auto, (max-width: 719px) 100vw, 719px\" \/><figcaption><\/figcaption><\/figure>    <figure class=\"wp-block-image size-large\"><img loading=\"lazy\" decoding=\"async\" width=\"540\" height=\"540\" data-id=\"2013\" src=\"https:\/\/www.meatprocessingmachine.org\/wp-content\/uploads\/2021\/09\/3.0-1.png\" alt=\"\" class=\"wp-image-2013\" title=\"\" srcset=\"https:\/\/www.meatprocessingmachine.org\/wp-content\/uploads\/2021\/09\/3.0-1.png 540w, https:\/\/www.meatprocessingmachine.org\/wp-content\/uploads\/2021\/09\/3.0-1-300x300.png 300w, https:\/\/www.meatprocessingmachine.org\/wp-content\/uploads\/2021\/09\/3.0-1-150x150.png 150w\" sizes=\"auto, (max-width: 540px) 100vw, 540px\" \/><figcaption><\/figcaption><\/figure>    <figure class=\"wp-block-image size-large\"><img loading=\"lazy\" decoding=\"async\" width=\"720\" height=\"540\" data-id=\"2012\" src=\"https:\/\/www.meatprocessingmachine.org\/wp-content\/uploads\/2021\/09\/4.0.png\" alt=\"\" class=\"wp-image-2012\" title=\"\" srcset=\"https:\/\/www.meatprocessingmachine.org\/wp-content\/uploads\/2021\/09\/4.0.png 720w, https:\/\/www.meatprocessingmachine.org\/wp-content\/uploads\/2021\/09\/4.0-300x225.png 300w\" sizes=\"auto, (max-width: 720px) 100vw, 720px\" \/><figcaption><\/figcaption><\/figure>    <figure class=\"wp-block-image size-large\"><img loading=\"lazy\" decoding=\"async\" width=\"719\" height=\"540\" data-id=\"2010\" src=\"https:\/\/www.meatprocessingmachine.org\/wp-content\/uploads\/2021\/09\/2.0.png\" alt=\"\" class=\"wp-image-2010\" title=\"\" srcset=\"https:\/\/www.meatprocessingmachine.org\/wp-content\/uploads\/2021\/09\/2.0.png 719w, https:\/\/www.meatprocessingmachine.org\/wp-content\/uploads\/2021\/09\/2.0-300x225.png 300w\" sizes=\"auto, (max-width: 719px) 100vw, 719px\" \/><figcaption><\/figcaption><\/figure> <figcaption class=\"blocks-gallery-caption wp-element-caption\">Frysskivare f\u00f6r fryst k\u00f6tt <\/figcaption><\/figure>    <ul class=\"wp-block-list\"> <li>Kontrollera regelbundet om sm\u00f6rjoljan i turbindifferentialen \u00e4r slut. Om oljem\u00e4ngden \u00e4r l\u00e4gre \u00e4n den genomskinliga oljem\u00e4taren, m\u00e5ste den fyllas p\u00e5.<\/li>    <li>N\u00e4r knivarna inte anv\u00e4nds, ska de poleras med en slipare, sedan slipas med en whetstone, och sedan placeras plant med varmt vatten, varmt vatten och diskmedel, och m\u00e5ste anv\u00e4ndas n\u00e4sta g\u00e5ng.<\/li>    <li>N\u00e4r du arbetar, h\u00e5ll h\u00e4nderna borta f\u00f6r att undvika sk\u00e4rskador; undvik att placera brandfarliga material runt f\u00f6r att f\u00f6rhindra farliga olyckor.<\/li>    <li>Kontrollera under varje skift om det saknas Di i glidningen och om skruven f\u00f6r sk\u00e4raren \u00e4r l\u00f6s.<\/li> <\/ul>","protected":false},"excerpt":{"rendered":"<p>The lamb cutting and rolling machine can cut frozen meat into rolls, and can make mutton rolls, beef rolls, pork rolls, etc. Meat with a temperature of 1-8 degrees below zero can be directly processed into rolls without thawing\uff0cand the cut meat rolls are guaranteed to be complete.<\/p>","protected":false},"author":1,"featured_media":1987,"parent":0,"template":"","product-type":[582],"class_list":["post-1323","product","type-product","status-publish","has-post-thumbnail","hentry","product-type-cattle-sheep"],"_links":{"self":[{"href":"https:\/\/www.meatprocessingmachine.org\/sv\/wp-json\/wp\/v2\/product\/1323","targetHints":{"allow":["GET"]}}],"collection":[{"href":"https:\/\/www.meatprocessingmachine.org\/sv\/wp-json\/wp\/v2\/product"}],"about":[{"href":"https:\/\/www.meatprocessingmachine.org\/sv\/wp-json\/wp\/v2\/types\/product"}],"author":[{"embeddable":true,"href":"https:\/\/www.meatprocessingmachine.org\/sv\/wp-json\/wp\/v2\/users\/1"}],"wp:featuredmedia":[{"embeddable":true,"href":"https:\/\/www.meatprocessingmachine.org\/sv\/wp-json\/wp\/v2\/media\/1987"}],"wp:attachment":[{"href":"https:\/\/www.meatprocessingmachine.org\/sv\/wp-json\/wp\/v2\/media?parent=1323"}],"wp:term":[{"taxonomy":"product-type","embeddable":true,"href":"https:\/\/www.meatprocessingmachine.org\/sv\/wp-json\/wp\/v2\/product-type?post=1323"}],"curies":[{"name":"wp","href":"https:\/\/api.w.org\/{rel}","templated":true}]}}