{"id":1346,"date":"2021-06-10T17:20:03","date_gmt":"2021-06-10T09:20:03","guid":{"rendered":"https:\/\/www.meatprocessingmachine.org\/?p=1346"},"modified":"2026-02-12T16:03:33","modified_gmt":"2026-02-12T08:03:33","slug":"chicken-cutter-machinechicken-cubing-machine","status":"publish","type":"product","link":"https:\/\/www.meatprocessingmachine.org\/sv\/chicken-cutter-machinechicken-cubing-machine.html","title":{"rendered":"Kycklingkutter f\u00f6r f\u00f6rs\u00e4ljning | k\u00f6ttsk\u00e4rarmaskin"},"content":{"rendered":"<div class=\"kk-star-ratings kksr-auto kksr-align-right kksr-valign-top\"     data-payload='{&quot;align&quot;:&quot;right&quot;,&quot;id&quot;:&quot;1346&quot;,&quot;slug&quot;:&quot;default&quot;,&quot;valign&quot;:&quot;top&quot;,&quot;ignore&quot;:&quot;&quot;,&quot;reference&quot;:&quot;auto&quot;,&quot;class&quot;:&quot;&quot;,&quot;count&quot;:&quot;0&quot;,&quot;legendonly&quot;:&quot;&quot;,&quot;readonly&quot;:&quot;&quot;,&quot;score&quot;:&quot;0&quot;,&quot;starsonly&quot;:&quot;&quot;,&quot;best&quot;:&quot;5&quot;,&quot;gap&quot;:&quot;5&quot;,&quot;greet&quot;:&quot;Rate this product&quot;,&quot;legend&quot;:&quot;0\\\/5 - (0 votes)&quot;,&quot;size&quot;:&quot;24&quot;,&quot;title&quot;:&quot;Chicken cutting machine for sale | meat cutter machine&quot;,&quot;width&quot;:&quot;0&quot;,&quot;_legend&quot;:&quot;{score}\\\/{best} - ({count} {votes})&quot;,&quot;font_factor&quot;:&quot;1.25&quot;}'>              <div class=\"kksr-stars\">      <div class=\"kksr-stars-inactive\">             <div class=\"kksr-star\" data-star=\"1\" style=\"padding-right: 5px\">               <div class=\"kksr-icon\" style=\"width: 24px; height: 24px;\"><\/div>         <\/div>             <div class=\"kksr-star\" data-star=\"2\" style=\"padding-right: 5px\">               <div class=\"kksr-icon\" style=\"width: 24px; height: 24px;\"><\/div>         <\/div>             <div class=\"kksr-star\" data-star=\"3\" style=\"padding-right: 5px\">               <div class=\"kksr-icon\" style=\"width: 24px; height: 24px;\"><\/div>         <\/div>             <div class=\"kksr-star\" data-star=\"4\" style=\"padding-right: 5px\">               <div class=\"kksr-icon\" style=\"width: 24px; height: 24px;\"><\/div>         <\/div>             <div class=\"kksr-star\" data-star=\"5\" style=\"padding-right: 5px\">               <div class=\"kksr-icon\" style=\"width: 24px; height: 24px;\"><\/div>         <\/div>     <\/div>      <div class=\"kksr-stars-active\" style=\"width: 0px;\">             <div class=\"kksr-star\" style=\"padding-right: 5px\">               <div class=\"kksr-icon\" style=\"width: 24px; height: 24px;\"><\/div>         <\/div>             <div class=\"kksr-star\" style=\"padding-right: 5px\">               <div class=\"kksr-icon\" style=\"width: 24px; height: 24px;\"><\/div>         <\/div>             <div class=\"kksr-star\" style=\"padding-right: 5px\">               <div class=\"kksr-icon\" style=\"width: 24px; height: 24px;\"><\/div>         <\/div>             <div class=\"kksr-star\" style=\"padding-right: 5px\">               <div class=\"kksr-icon\" style=\"width: 24px; height: 24px;\"><\/div>         <\/div>             <div class=\"kksr-star\" style=\"padding-right: 5px\">               <div class=\"kksr-icon\" style=\"width: 24px; height: 24px;\"><\/div>         <\/div>     <\/div> <\/div>                   <div class=\"kksr-legend\" style=\"font-size: 19.2px;\">             <span class=\"kksr-muted\">Betygs\u00e4tt denna produkt<\/span>     <\/div>     <\/div>  <p>Kycklingsk\u00e4rmaskinen kan sk\u00e4ra kyckling, anka och fisk i bitar. Den sk\u00e4r inte bara f\u00e4rskt k\u00f6tt utan \u00e4ven fryst k\u00f6tt. Den efterliknar manuellt k\u00f6ttsk\u00e4rningstillst\u00e5ndet och producerar inte malet k\u00f6tt. Den \u00e4r ren, hygienisk och enkel att anv\u00e4nda.<\/p>    <p class=\"translation-block\">D\u00e4rf\u00f6r \u00e4r den l\u00e4mplig f\u00f6r anv\u00e4ndning i livsmedelsfabriker och stora kantiner. Slakterier, individuell bearbetning, <a href=\"https:\/\/en.wikipedia.org\/wiki\/Supermarket\" target=\"_blank\" rel=\"noopener\">stormarknader<\/a>, restauranger och andra platser kan ocks\u00e5 anv\u00e4nda den.<\/p>    <h2 class=\"wp-block-heading\">Arbetsvisning av kycklingsk\u00e4rmaskin<\/h2>    <figure class=\"wp-block-embed is-type-video is-provider-youtube wp-block-embed-youtube wp-embed-aspect-16-9 wp-has-aspect-ratio\"><div class=\"wp-block-embed__wrapper\"> <iframe loading=\"lazy\" title=\"kycklingsk\u00e4rmaskin|kycklingsk\u00e4rmaskin |kycklingkuberingsmaskin|kycklingskivare\" width=\"500\" height=\"281\" src=\"https:\/\/www.youtube.com\/embed\/H23aHETKtas?feature=oembed\" frameborder=\"0\" allow=\"accelerometer; autoplay; clipboard-write; encrypted-media; gyroscope; picture-in-picture; web-share\" referrerpolicy=\"strict-origin-when-cross-origin\" allowfullscreen><\/iframe> <\/div><figcaption class=\"wp-element-caption\">Kycklingsk\u00e4rmaskin<\/figcaption><\/figure>    <h2 class=\"wp-block-heading\" id=\"h-advantages-of-the-chicken-cutter-machine\">F\u00f6rdelar med kycklingsk\u00e4rmaskinen<\/h2>    <ol class=\"wp-block-list\"> <li>Kycklingsk\u00e4rmaskinen kan placera en hel kyckling, en hel anka eller en hel g\u00e5s direkt p\u00e5. Detta ger v\u00e5r bearbetningsfabrik stor bekv\u00e4mlighet, sparar bearbetningskostnader och sparar tid och anstr\u00e4ngning. Kan ge stor hj\u00e4lp i produktions- och bearbetningsprocessen.<\/li>    <li>Kycklingk\u00f6ttsk\u00e4rmaskinen \u00e4r tillverkad av 304 rostfritt st\u00e5l, vilket \u00e4r starkt och h\u00e5llbart.<\/li>    <li>Denna maskin kan inte bara sk\u00e4ra kyckling utan \u00e4ven lamm, fl\u00e4sk, n\u00f6tk\u00f6tt och m\u00e5nga andra k\u00f6tt.<\/li>    <li>Kycklingk\u00f6ttsk\u00e4raren anv\u00e4nder avancerad sk\u00e4rteknik, vilket kan sk\u00e4ra kycklingk\u00f6tt snabbt och exakt till j\u00e4mnstora bitar.<\/li>    <li>Kycklingk\u00f6ttskuberingsmaskinen \u00e4r enkel att anv\u00e4nda och l\u00e4tt att hantera. Endast en operat\u00f6r beh\u00f6vs f\u00f6r att manuellt placera kycklingen p\u00e5 transportbandet, och maskinen utf\u00f6r automatiskt sk\u00e4rning och transport.<\/li>    <li>Sk\u00e4rdelen av maskinen \u00e4r utformad med skydd, vilket effektivt kan f\u00f6rhindra olyckor under anv\u00e4ndning.<\/li> <\/ol>    <h2 class=\"wp-block-heading\">Parametrar f\u00f6r kycklingsk\u00e4rmaskin<\/h2>    <ul class=\"wp-block-list\"> <li>Kapacitet: 600-800kg\/h &nbsp;<\/li>    <li>Effekt: 2,2kw &nbsp;&nbsp;<\/li>    <li>Sp\u00e4nning: 220v &nbsp;<\/li>    <li>Dimension: 1300*600*1050mm &nbsp;&nbsp;<\/li>    <li>Vikt: 240 kg<\/li> <\/ul>    <h2 class=\"wp-block-heading\" id=\"h-advantages-of-the-chicken-cutter-machine\">Funktioner hos kycklingkuberingsmaskinen<\/h2>    <figure class=\"wp-block-image size-large is-resized\"><img loading=\"lazy\" decoding=\"async\" width=\"729\" height=\"774\" src=\"https:\/\/www.meatprocessingmachine.org\/wp-content\/uploads\/2021\/06\/d59431659ce79e1ceacf222d82589ce.png\" alt=\"\" class=\"wp-image-1364\" style=\"object-fit:cover;width:720px;height:540px\" title=\"\" srcset=\"https:\/\/www.meatprocessingmachine.org\/wp-content\/uploads\/2021\/06\/d59431659ce79e1ceacf222d82589ce.png 729w, https:\/\/www.meatprocessingmachine.org\/wp-content\/uploads\/2021\/06\/d59431659ce79e1ceacf222d82589ce-283x300.png 283w\" sizes=\"auto, (max-width: 729px) 100vw, 729px\" \/><figcaption><\/figcaption><\/figure>    <p>N\u00e4r maskinen sk\u00e4r r\u00e5varorna f\u00f6rloras inget k\u00f6tt, inget malet k\u00f6tt, och sk\u00e4rytan \u00e4r mycket j\u00e4mn och snygg. Det \u00e4r bekv\u00e4mt f\u00f6r direkt f\u00f6rs\u00e4ljning efter bearbetning. Dessutom efterliknar kycklingsk\u00e4rmaskinen manuellt sk\u00e4rning i sektioner, b\u00e4ttre \u00e4n manuellt, och sk\u00e4rl\u00e4ngden kan justeras, vilket \u00e4r mycket bekv\u00e4mt. Arbetshastigheten f\u00f6r kycklingsk\u00e4rmaskinen \u00e4r 60 g\u00e5nger per minut, vilket ger h\u00f6g arbetskapacitet.<\/p>    <h2 class=\"wp-block-heading\" id=\"h-the-structure-of-the-chicken-cubing-machine\">Strukturen hos kycklingkuberingsmaskinen<\/h2>    <figure class=\"wp-block-image size-full is-resized\"><img loading=\"lazy\" decoding=\"async\" width=\"714\" height=\"621\" src=\"https:\/\/www.meatprocessingmachine.org\/wp-content\/uploads\/2021\/09\/Chicken-Cutting-Machine.png\" alt=\"Chicken Cutting Machine details\" class=\"wp-image-1941\" style=\"object-fit:cover;width:720px;height:540px\" title=\"\" srcset=\"https:\/\/www.meatprocessingmachine.org\/wp-content\/uploads\/2021\/09\/Chicken-Cutting-Machine.png 714w, https:\/\/www.meatprocessingmachine.org\/wp-content\/uploads\/2021\/09\/Chicken-Cutting-Machine-300x261.png 300w\" sizes=\"auto, (max-width: 714px) 100vw, 714px\" \/><figcaption class=\"wp-element-caption\">Detaljer om kycklingsk\u00e4rmaskinen<\/figcaption><\/figure>    <p>Produkten best\u00e5r huvudsakligen av en huvudram, motor, transportband, knivar, etc. Materialet f\u00f6r kycklingk\u00e4rarmaskinens kniv \u00e4r 75cr1. Framf\u00f6r allt \u00e4r detta material s\u00e4kert och slitstarkt. Det kan till exempel anv\u00e4ndas under l\u00e5ng tid utan att rosta. Det finns tv\u00e5 olika typer av b\u00e4lten f\u00f6r kycklinghackarmaskiner.<\/p>    <h2 class=\"wp-block-heading\" id=\"h-chain-conveyor-belt\">Kycklingsk\u00e4rmaskin kedjeband <\/h2>    <p>Matkontaktb\u00e4ltet \u00e4r av PE-platta, vilket \u00e4r s\u00e4kert vid kontakt med mat. Dessutom \u00e4r skenorna sektionerade, och k\u00f6ttet kan separeras vid utmatningsporten f\u00f6r att f\u00f6rhindra adhesion.<\/p>    <figure class=\"wp-block-image size-full is-resized\"><img loading=\"lazy\" decoding=\"async\" width=\"720\" height=\"540\" src=\"https:\/\/www.meatprocessingmachine.org\/wp-content\/uploads\/2021\/09\/Chicken-Cutting-Machine-4.jpg\" alt=\"Kycklingsk\u00e4rmaskin\" class=\"wp-image-1940\" style=\"object-fit:cover;width:720px;height:540px\" title=\"\" srcset=\"https:\/\/www.meatprocessingmachine.org\/wp-content\/uploads\/2021\/09\/Chicken-Cutting-Machine-4.jpg 720w, https:\/\/www.meatprocessingmachine.org\/wp-content\/uploads\/2021\/09\/Chicken-Cutting-Machine-4-300x225.jpg 300w\" sizes=\"auto, (max-width: 720px) 100vw, 720px\" \/><figcaption class=\"wp-element-caption\">Kycklingsk\u00e4rmaskin<\/figcaption><\/figure>    <h2 class=\"wp-block-heading\" id=\"h-what-can-the-chicken-cutter-machine-cut\">Vad kan kycklingsk\u00e4rmaskinen sk\u00e4ra?<\/h2>    <p>Kycklingsk\u00e4rmaskinen \u00e4r huvudsakligen l\u00e4mplig f\u00f6r att sk\u00e4ra broskigt k\u00f6tt, som hel kyckling, anka och fisk. Dessutom olika frysta eller f\u00e4rska k\u00f6tt. S\u00e5 till\u00e4mpligheten f\u00f6r kycklingsk\u00e4rmaskinen \u00e4r mycket bred. Den kan direkt formas till block. Samtidigt som den sparar arbetskraft \u00e4r den ocks\u00e5 renare och hygienisk och har h\u00f6g arbetskapacitet.<\/p>    <figure class=\"wp-block-image size-large is-resized\"><img loading=\"lazy\" decoding=\"async\" width=\"1024\" height=\"768\" src=\"https:\/\/www.meatprocessingmachine.org\/wp-content\/uploads\/2021\/09\/Cut-chicken-stock-1024x768.jpg\" alt=\"D59431659ce79e1ceacf222d82589ce\" class=\"wp-image-1942\" style=\"object-fit:cover;width:720px;height:540px\" title=\"\" srcset=\"https:\/\/www.meatprocessingmachine.org\/wp-content\/uploads\/2021\/09\/Cut-chicken-stock-1024x768.jpg 1024w, https:\/\/www.meatprocessingmachine.org\/wp-content\/uploads\/2021\/09\/Cut-chicken-stock-300x225.jpg 300w, https:\/\/www.meatprocessingmachine.org\/wp-content\/uploads\/2021\/09\/Cut-chicken-stock-768x576.jpg 768w, https:\/\/www.meatprocessingmachine.org\/wp-content\/uploads\/2021\/09\/Cut-chicken-stock-1536x1152.jpg 1536w, https:\/\/www.meatprocessingmachine.org\/wp-content\/uploads\/2021\/09\/Cut-chicken-stock-2048x1536.jpg 2048w\" sizes=\"auto, (max-width: 1024px) 100vw, 1024px\" \/><figcaption class=\"wp-element-caption\">  Kycklingsk\u00e4rmaskin <\/figcaption><\/figure>    <h2 class=\"wp-block-heading\" id=\"h-advantages-of-the-chicken-cutter-machine\">F\u00f6rpackningen av kycklingsk\u00e4rmaskinen<\/h2>    <p class=\"translation-block\">Kycklingsk\u00e4rmaskiner packas i tr\u00e4l\u00e5dor under transporten f\u00f6r att skydda mot skador. V\u00e5rt f\u00f6retag har mycket god erfarenhet av export, och s\u00e4rskild personal f\u00f6ljer upp transportprocessen. Dessutom har v\u00e5rt f\u00f6retag m\u00e5nga andra maskiner, s\u00e5som stripmaskiner, <a href=\"https:\/\/www.meatprocessingmachine.org\/sv\/meat-roll-cutting-machine.html\/\" data-type=\"URL\" data-id=\"https:\/\/www.meatprocessingmachine.org\/meat-roll-cutting-machine.html\">k\u00f6ttrullnings- och sk\u00e4rmaskiner<\/a>, och <a href=\"https:\/\/www.meatprocessingmachine.org\/sv\/sausage-binding-tying-machine.html\/\" data-type=\"URL\" data-id=\"https:\/\/www.meatprocessingmachine.org\/sausage-binding-tying-machine.html\">korvmaskiner<\/a>. V\u00e4lkommen att kontakta oss.<\/p>","protected":false},"excerpt":{"rendered":"<p>The chicken cutter machine can cut chicken, duck, goose, fish, various frozen meat, and fresh meat into blocks, simulating the state of manual meat cutting, and will not produce minced meat. It is clean and hygienic, simple to operate, and suitable for food processing Used in factories, large canteens, slaughterhouses, individual processing, supermarkets, restaurants and other places.<\/p>","protected":false},"author":1,"featured_media":1938,"parent":0,"template":"","product-type":[583],"class_list":["post-1346","product","type-product","status-publish","has-post-thumbnail","hentry","product-type-chicken-turkey"],"_links":{"self":[{"href":"https:\/\/www.meatprocessingmachine.org\/sv\/wp-json\/wp\/v2\/product\/1346","targetHints":{"allow":["GET"]}}],"collection":[{"href":"https:\/\/www.meatprocessingmachine.org\/sv\/wp-json\/wp\/v2\/product"}],"about":[{"href":"https:\/\/www.meatprocessingmachine.org\/sv\/wp-json\/wp\/v2\/types\/product"}],"author":[{"embeddable":true,"href":"https:\/\/www.meatprocessingmachine.org\/sv\/wp-json\/wp\/v2\/users\/1"}],"wp:featuredmedia":[{"embeddable":true,"href":"https:\/\/www.meatprocessingmachine.org\/sv\/wp-json\/wp\/v2\/media\/1938"}],"wp:attachment":[{"href":"https:\/\/www.meatprocessingmachine.org\/sv\/wp-json\/wp\/v2\/media?parent=1346"}],"wp:term":[{"taxonomy":"product-type","embeddable":true,"href":"https:\/\/www.meatprocessingmachine.org\/sv\/wp-json\/wp\/v2\/product-type?post=1346"}],"curies":[{"name":"wp","href":"https:\/\/api.w.org\/{rel}","templated":true}]}}