{"id":1448,"date":"2021-06-25T09:52:29","date_gmt":"2021-06-25T01:52:29","guid":{"rendered":"https:\/\/www.meatprocessingmachine.org\/?p=1448"},"modified":"2026-02-12T16:44:14","modified_gmt":"2026-02-12T08:44:14","slug":"meatball-making-machinemeatball-forming-machine","status":"publish","type":"product","link":"https:\/\/www.meatprocessingmachine.org\/sv\/meatball-making-machinemeatball-forming-machine.html","title":{"rendered":"K\u00f6ttbulleformningsmaskin | K\u00f6ttbulleformningsmaskin"},"content":{"rendered":"<div class=\"kk-star-ratings kksr-auto kksr-align-right kksr-valign-top\"     data-payload='{&quot;align&quot;:&quot;right&quot;,&quot;id&quot;:&quot;1448&quot;,&quot;slug&quot;:&quot;default&quot;,&quot;valign&quot;:&quot;top&quot;,&quot;ignore&quot;:&quot;&quot;,&quot;reference&quot;:&quot;auto&quot;,&quot;class&quot;:&quot;&quot;,&quot;count&quot;:&quot;0&quot;,&quot;legendonly&quot;:&quot;&quot;,&quot;readonly&quot;:&quot;&quot;,&quot;score&quot;:&quot;0&quot;,&quot;starsonly&quot;:&quot;&quot;,&quot;best&quot;:&quot;5&quot;,&quot;gap&quot;:&quot;5&quot;,&quot;greet&quot;:&quot;Rate this product&quot;,&quot;legend&quot;:&quot;0\\\/5 - (0 votes)&quot;,&quot;size&quot;:&quot;24&quot;,&quot;title&quot;:&quot;Meatball Making Machine | Meatball Forming Machine&quot;,&quot;width&quot;:&quot;0&quot;,&quot;_legend&quot;:&quot;{score}\\\/{best} - ({count} {votes})&quot;,&quot;font_factor&quot;:&quot;1.25&quot;}'>              <div class=\"kksr-stars\">      <div class=\"kksr-stars-inactive\">             <div class=\"kksr-star\" data-star=\"1\" style=\"padding-right: 5px\">               <div class=\"kksr-icon\" style=\"width: 24px; height: 24px;\"><\/div>         <\/div>             <div class=\"kksr-star\" data-star=\"2\" style=\"padding-right: 5px\">               <div class=\"kksr-icon\" style=\"width: 24px; height: 24px;\"><\/div>         <\/div>             <div class=\"kksr-star\" data-star=\"3\" style=\"padding-right: 5px\">               <div class=\"kksr-icon\" style=\"width: 24px; height: 24px;\"><\/div>         <\/div>             <div class=\"kksr-star\" data-star=\"4\" style=\"padding-right: 5px\">               <div class=\"kksr-icon\" style=\"width: 24px; height: 24px;\"><\/div>         <\/div>             <div class=\"kksr-star\" data-star=\"5\" style=\"padding-right: 5px\">               <div class=\"kksr-icon\" style=\"width: 24px; height: 24px;\"><\/div>         <\/div>     <\/div>      <div class=\"kksr-stars-active\" style=\"width: 0px;\">             <div class=\"kksr-star\" style=\"padding-right: 5px\">               <div class=\"kksr-icon\" style=\"width: 24px; height: 24px;\"><\/div>         <\/div>             <div class=\"kksr-star\" style=\"padding-right: 5px\">               <div class=\"kksr-icon\" style=\"width: 24px; height: 24px;\"><\/div>         <\/div>             <div class=\"kksr-star\" style=\"padding-right: 5px\">               <div class=\"kksr-icon\" style=\"width: 24px; height: 24px;\"><\/div>         <\/div>             <div class=\"kksr-star\" style=\"padding-right: 5px\">               <div class=\"kksr-icon\" style=\"width: 24px; height: 24px;\"><\/div>         <\/div>             <div class=\"kksr-star\" style=\"padding-right: 5px\">               <div class=\"kksr-icon\" style=\"width: 24px; height: 24px;\"><\/div>         <\/div>     <\/div> <\/div>                   <div class=\"kksr-legend\" style=\"font-size: 19.2px;\">             <span class=\"kksr-muted\">Betygs\u00e4tt denna produkt<\/span>     <\/div>     <\/div>  <p>K\u00f6ttbulle-tillverkningsmaskinen \u00e4r en maskin som kan forma k\u00f6ttbullar till en bollform. Den kommersiella k\u00f6ttbullemaskinen kan anv\u00e4nda m\u00e5nga r\u00e5varor. Du kan anv\u00e4nda olika typer av k\u00f6tt, s\u00e5som fl\u00e4sk, n\u00f6tk\u00f6tt, lamm, fisk\/ skaldjur. Och du kan ocks\u00e5 l\u00e4gga till potatis och andra gr\u00f6nsaker. <\/p>    <p>Dessutom efterliknar k\u00f6ttbulle-tillverkningsmaskinen principen f\u00f6r artificiella k\u00f6ttbullar. Efter tillverkningen har den friterats i djupt eller \u00e5ngats f\u00f6r att g\u00f6ra maten. V\u00e5r kommersiella k\u00f6ttbulle-tillverkare kan hj\u00e4lpa dig att g\u00f6ra olika smaker av k\u00f6ttbullar. Vi kommer att beskriva denna maskin i detalj i denna artikel.<\/p>    <figure class=\"wp-block-image size-large\"><img loading=\"lazy\" decoding=\"async\" width=\"750\" height=\"750\" src=\"https:\/\/www.meatprocessingmachine.org\/wp-content\/uploads\/2021\/06\/6-1.jpg\" alt=\"K\u00f6ttbullemaskin\" class=\"wp-image-1460\" title=\"\" srcset=\"https:\/\/www.meatprocessingmachine.org\/wp-content\/uploads\/2021\/06\/6-1.jpg 750w, https:\/\/www.meatprocessingmachine.org\/wp-content\/uploads\/2021\/06\/6-1-300x300.jpg 300w, https:\/\/www.meatprocessingmachine.org\/wp-content\/uploads\/2021\/06\/6-1-150x150.jpg 150w\" sizes=\"auto, (max-width: 750px) 100vw, 750px\" \/><figcaption><\/figcaption><\/figure>    <h2 class=\"wp-block-heading\">F\u00f6rdelar med k\u00f6ttbulle-tillverkare<\/h2>    <figure class=\"wp-block-embed is-type-video is-provider-youtube wp-block-embed-youtube wp-embed-aspect-4-3 wp-has-aspect-ratio\"><div class=\"wp-block-embed__wrapper\"> <iframe loading=\"lazy\" title=\"logotyp\" width=\"500\" height=\"375\" src=\"https:\/\/www.youtube.com\/embed\/kp1zxVYV68g?feature=oembed\" frameborder=\"0\" allow=\"accelerometer; autoplay; clipboard-write; encrypted-media; gyroscope; picture-in-picture; web-share\" referrerpolicy=\"strict-origin-when-cross-origin\" allowfullscreen><\/iframe> <\/div><figcaption class=\"wp-element-caption\">Meatball Making <\/figcaption><\/figure>    <h2 class=\"wp-block-heading\" id=\"h-advantages-of-meatball-machine\">Vad \u00e4r r\u00e5varorna f\u00f6r att g\u00f6ra k\u00f6ttbullar?<\/h2>    <ol class=\"wp-block-list\"> <li>Kullens diameter kan justeras<\/li>    <li>Fartygens hastighet ut kommer justeras<\/li>    <li>Maskinen \u00e4r tillverkad av rostfritt st\u00e5l, vilket \u00e4r s\u00e4krare och mer h\u00e5llbart<\/li>    <li>Maskinen tar lite plats och kan placeras flexibelt<\/li>    <li>L\u00e4gg den f\u00f6rberedda k\u00f6ttfarsen i maskinens trumma och sl\u00e5 sedan p\u00e5 maskinen. Sedan kommer k\u00f6ttbullarna automatiskt ut ur utloppet. N\u00e4r k\u00f6ttbullarna kommer ut kan de direkt kopplas till grytan f\u00f6r direkt fritering eller kokning. Dessutom kan den kopplas till varmvattentanken f\u00f6r efterfrysning osv., vilket \u00e4r bekv\u00e4mt f\u00f6r senare f\u00f6rs\u00e4ljning.<\/li> <\/ol>    <figure class=\"wp-block-image size-large\"><img loading=\"lazy\" decoding=\"async\" width=\"750\" height=\"419\" src=\"https:\/\/www.meatprocessingmachine.org\/wp-content\/uploads\/2021\/06\/meatball-machine-9.jpg\" alt=\"\" class=\"wp-image-1469\" title=\"\" srcset=\"https:\/\/www.meatprocessingmachine.org\/wp-content\/uploads\/2021\/06\/meatball-machine-9.jpg 750w, https:\/\/www.meatprocessingmachine.org\/wp-content\/uploads\/2021\/06\/meatball-machine-9-300x168.jpg 300w\" sizes=\"auto, (max-width: 750px) 100vw, 750px\" \/><figcaption><\/figcaption><\/figure>    <h2 class=\"wp-block-heading\" id=\"h-what-are-the-raw-materials-for-making-meatballs\">K\u00f6ttbulle-tillverkningsmaskinen anv\u00e4nder stegvis.<\/h2>    <p class=\"translation-block\">R\u00e5varorna f\u00f6r att g\u00f6ra k\u00f6ttbullar \u00e4r mycket rika. De kan vara fl\u00e4sk, n\u00f6tk\u00f6tt, lamm, fisk etc som huvudingredienser. Du kan ocks\u00e5 l\u00e4gga till n\u00e5gra ingredienser, s\u00e5som br\u00f6dsmulor, l\u00f6k, <a href=\"https:\/\/en.wikipedia.org\/wiki\/Cheese\" target=\"_blank\" rel=\"noopener\">ost<\/a>, eller sm\u00f6r. Eftersom r\u00e5varorna som kan l\u00e4ggas till \u00e4r relativt fria kan k\u00f6ttbullarna g\u00f6ras enligt lokala k\u00e4nnetecken i varje region.<\/p>    <h2 class=\"wp-block-heading\" id=\"h-meatball-machine-use-steps\">Tv\u00e5 typer av k\u00f6ttbulle-formmaskiner<\/h2>    <p>Delsm\u00f6rg\u00e5s k\u00f6ttbulle-formmaskinen kan g\u00f6ra fyllningar och l\u00e4gga dem i bollarna. Skalet av bollarna kan skilja sig fr\u00e5n fyllningen i mitten. Denna typ av k\u00f6ttbulle har en rikare smak. Maskinen fungerar med tv\u00e5 sp\u00e5r samtidigt, s\u00e5 den kan realisera fyllningen.<\/p>   <div class=\"wp-block-image\"> <figure class=\"aligncenter size-full\"><img loading=\"lazy\" decoding=\"async\" width=\"980\" height=\"375\" src=\"https:\/\/www.meatprocessingmachine.org\/wp-content\/uploads\/2021\/06\/meatball-forming-machine-details.webp\" alt=\"Den fasta k\u00f6ttbulle-formningsmaskinen har endast en hink. Sj\u00e4lva k\u00f6ttbullarna som tillverkas \u00e4r naturligt r\u00e5material, s\u00e5 n\u00e4r du k\u00f6per maskinen kan du v\u00e4lja enligt dina produkter.\" class=\"wp-image-34396\" title=\"\" srcset=\"https:\/\/www.meatprocessingmachine.org\/wp-content\/uploads\/2021\/06\/meatball-forming-machine-details.webp 980w, https:\/\/www.meatprocessingmachine.org\/wp-content\/uploads\/2021\/06\/meatball-forming-machine-details-300x115.webp 300w, https:\/\/www.meatprocessingmachine.org\/wp-content\/uploads\/2021\/06\/meatball-forming-machine-details-768x294.webp 768w, https:\/\/www.meatprocessingmachine.org\/wp-content\/uploads\/2021\/06\/meatball-forming-machine-details-18x7.webp 18w\" sizes=\"auto, (max-width: 980px) 100vw, 980px\" \/><figcaption class=\"wp-element-caption\">Meatball Forming Machine Details<\/figcaption><\/figure> <\/div>   <h2 class=\"wp-block-heading\" id=\"h-two-types-of-meatball-machines\">Sm\u00f6rg\u00e5s-k\u00f6ttbullar<\/h2>    <h3 class=\"wp-block-heading\" id=\"h-1-sandwich-meatballs\">Fast k\u00f6ttbulle-maskin<\/h3>    <p>Storlek: 850*650*1750 mm<\/p>    <figure class=\"wp-block-image size-large\"><img loading=\"lazy\" decoding=\"async\" width=\"750\" height=\"617\" src=\"https:\/\/www.meatprocessingmachine.org\/wp-content\/uploads\/2021\/06\/meatball-machine-2.jpg\" alt=\"Fiskfj\u00e4llborttagningsmaskin | Fiskfj\u00e4llskrubbar ochutrinningsmaskin\" class=\"wp-image-1458\" title=\"\" srcset=\"https:\/\/www.meatprocessingmachine.org\/wp-content\/uploads\/2021\/06\/meatball-machine-2.jpg 750w, https:\/\/www.meatprocessingmachine.org\/wp-content\/uploads\/2021\/06\/meatball-machine-2-300x247.jpg 300w\" sizes=\"auto, (max-width: 750px) 100vw, 750px\" \/><figcaption><\/figcaption><\/figure>    <h3 class=\"wp-block-heading\" id=\"h-2-solid-meatball-machine\">K\u00f6ttbulle-tillverkningsmaskinparametrar<\/h3>    <p>Sp\u00e4nning: 220V\/380V 50Hz<\/p>    <h2 class=\"wp-block-heading\" id=\"h-meatball-machine-parameters\">F\u00f6rsiktighets\u00e5tg\u00e4rder vid tillverkning av k\u00f6ttbullar<\/h2>    <ul class=\"wp-block-list\"> <li>Effekt: 3 kW<\/li>    <li>Diameter: mindre \u00e4n 40 mm<\/li>    <li>Kan g\u00f6ra n\u00f6tk\u00f6tt k\u00f6ttbulle Kapacitet: 500-600 st\/min<\/li>    <li>Effekt: 3kw<\/li>    <li>K\u00f6ttbulle-tillverkningsmaskinen b\u00f6r placeras p\u00e5 en stabil plats, och str\u00f6mf\u00f6rs\u00f6rjningen och jordledningen b\u00f6r installeras f\u00f6r att s\u00e4kerst\u00e4lla s\u00e4kerheten.<\/li>    <li>Reng\u00f6r det f\u00f6re anv\u00e4ndning, starta maskinen tom och \u00f6vervaka normal drift innan den kan fungera.<\/li>    <li>Placera en stor bunke vid k\u00f6ttbullarnas mynning och fyll sedan med varmt vatten, l\u00e4mplig temperatur \u00e4r 60~70 grader Celsius.<\/li> <\/ul>    <h2 class=\"wp-block-heading\" id=\"h-precautions-for-making-meatballs\">Relaterade k\u00f6ttmaskiner<\/h2>    <ul class=\"wp-block-list\"> <li>Produktens vikt \u00e4r 8-25 gram per styck, m\u00e4ngden fyllning och produktionstakten kan justeras automatiskt. Den maximala produktionen kan n\u00e5 200-300 kg\/h, vilket motsvarar effektiviteten hos 12 till 18 arbetare samtidigt.<\/li>    <li>Automationsstrukturen \u00e4r rimlig och kan drivas av en eller tv\u00e5 personer.<\/li>    <li>Kycklingbr\u00f6stsk\u00e4rare maskin<\/li>    <li>Fiskfilmaskin<\/li>    <li>Sprid k\u00e4rleken<\/li> <\/ul>    <h2 class=\"wp-block-heading\" id=\"h-related-meat-machines\">k\u00f6ttbulle-tillverkning<\/h2>    <div class=\"wp-block-columns is-layout-flex wp-container-core-columns-is-layout-9d6595d7 wp-block-columns-is-layout-flex\"> <div class=\"wp-block-column is-layout-flow wp-block-column-is-layout-flow\"> <figure class=\"wp-block-image size-full\"><a href=\"https:\/\/www.meatprocessingmachine.org\/sv\/chicken-breast-slicer-machine-meat-cutting-machinery-for-meat-slices-strips.html\/\"><img loading=\"lazy\" decoding=\"async\" width=\"720\" height=\"540\" src=\"https:\/\/www.meatprocessingmachine.org\/wp-content\/uploads\/2021\/12\/Chicken-breast-cutter-machine.png\" alt=\"Helt automatisk \u00e4ggbearbetningslinje | \u00c4ggtv\u00e4ttlinje\" class=\"wp-image-32518\" title=\"\" srcset=\"https:\/\/www.meatprocessingmachine.org\/wp-content\/uploads\/2021\/12\/Chicken-breast-cutter-machine.png 720w, https:\/\/www.meatprocessingmachine.org\/wp-content\/uploads\/2021\/12\/Chicken-breast-cutter-machine-300x225.png 300w\" sizes=\"auto, (max-width: 720px) 100vw, 720px\" \/><\/a><figcaption class=\"wp-element-caption\">Shuliy<\/figcaption><\/figure> <\/div>    <div class=\"wp-block-column is-layout-flow wp-block-column-is-layout-flow\"> <figure class=\"wp-block-image size-full\"><a href=\"https:\/\/www.meatprocessingmachine.org\/sv\/how-about-fish-fillet-machine-for-salmon.html\/\"><img loading=\"lazy\" decoding=\"async\" width=\"720\" height=\"540\" src=\"https:\/\/www.meatprocessingmachine.org\/wp-content\/uploads\/2022\/01\/fish-filleting-machine-.png\" alt=\"fiskfil\u00e9ermaskin\" class=\"wp-image-32567\" title=\"\" srcset=\"https:\/\/www.meatprocessingmachine.org\/wp-content\/uploads\/2022\/01\/fish-filleting-machine-.png 720w, https:\/\/www.meatprocessingmachine.org\/wp-content\/uploads\/2022\/01\/fish-filleting-machine--300x225.png 300w\" sizes=\"auto, (max-width: 720px) 100vw, 720px\" \/><\/a><figcaption class=\"wp-element-caption\">Zhengzhou Taizy Machinery Co., Ltd \u00e4r huvudsakligen engagerad i k\u00f6ttbearbetningsmaskiner.<\/figcaption><\/figure> <\/div> <\/div>","protected":false},"excerpt":{"rendered":"<p>K\u00f6ttbullemakaren \u00e4r en maskin som kan forma k\u00f6ttbullar till en bollform. Du kan anv\u00e4nda olika k\u00f6tt- och gr\u00f6nsaksr\u00e5varor.<\/p>","protected":false},"author":1,"featured_media":1660,"parent":0,"template":"","product-type":[582,583,584,598],"class_list":["post-1448","product","type-product","status-publish","has-post-thumbnail","hentry","product-type-cattle-sheep","product-type-chicken-turkey","product-type-fish","product-type-supporting-auxiliary-equipment"],"_links":{"self":[{"href":"https:\/\/www.meatprocessingmachine.org\/sv\/wp-json\/wp\/v2\/product\/1448","targetHints":{"allow":["GET"]}}],"collection":[{"href":"https:\/\/www.meatprocessingmachine.org\/sv\/wp-json\/wp\/v2\/product"}],"about":[{"href":"https:\/\/www.meatprocessingmachine.org\/sv\/wp-json\/wp\/v2\/types\/product"}],"author":[{"embeddable":true,"href":"https:\/\/www.meatprocessingmachine.org\/sv\/wp-json\/wp\/v2\/users\/1"}],"wp:featuredmedia":[{"embeddable":true,"href":"https:\/\/www.meatprocessingmachine.org\/sv\/wp-json\/wp\/v2\/media\/1660"}],"wp:attachment":[{"href":"https:\/\/www.meatprocessingmachine.org\/sv\/wp-json\/wp\/v2\/media?parent=1448"}],"wp:term":[{"taxonomy":"product-type","embeddable":true,"href":"https:\/\/www.meatprocessingmachine.org\/sv\/wp-json\/wp\/v2\/product-type?post=1448"}],"curies":[{"name":"wp","href":"https:\/\/api.w.org\/{rel}","templated":true}]}}