{"id":152,"date":"2018-10-25T06:53:40","date_gmt":"2018-10-24T22:53:40","guid":{"rendered":"http:\/\/www.meatprocessingmachine.org\/?p=152"},"modified":"2026-02-12T16:11:00","modified_gmt":"2026-02-12T08:11:00","slug":"meat-smoking-oven","status":"publish","type":"product","link":"https:\/\/www.meatprocessingmachine.org\/sv\/meat-smoking-oven.html","title":{"rendered":"Automatisk k\u00f6ttr\u00f6kmaskin f\u00f6r r\u00f6kning av fisk, korv"},"content":{"rendered":"<div class=\"kk-star-ratings kksr-auto kksr-align-right kksr-valign-top\"     data-payload='{&quot;align&quot;:&quot;right&quot;,&quot;id&quot;:&quot;152&quot;,&quot;slug&quot;:&quot;default&quot;,&quot;valign&quot;:&quot;top&quot;,&quot;ignore&quot;:&quot;&quot;,&quot;reference&quot;:&quot;auto&quot;,&quot;class&quot;:&quot;&quot;,&quot;count&quot;:&quot;0&quot;,&quot;legendonly&quot;:&quot;&quot;,&quot;readonly&quot;:&quot;&quot;,&quot;score&quot;:&quot;0&quot;,&quot;starsonly&quot;:&quot;&quot;,&quot;best&quot;:&quot;5&quot;,&quot;gap&quot;:&quot;5&quot;,&quot;greet&quot;:&quot;Rate this product&quot;,&quot;legend&quot;:&quot;0\\\/5 - (0 votes)&quot;,&quot;size&quot;:&quot;24&quot;,&quot;title&quot;:&quot;Automatic meat smoking machine for smoking fish, sausage&quot;,&quot;width&quot;:&quot;0&quot;,&quot;_legend&quot;:&quot;{score}\\\/{best} - ({count} {votes})&quot;,&quot;font_factor&quot;:&quot;1.25&quot;}'>              <div class=\"kksr-stars\">      <div class=\"kksr-stars-inactive\">             <div class=\"kksr-star\" data-star=\"1\" style=\"padding-right: 5px\">               <div class=\"kksr-icon\" style=\"width: 24px; height: 24px;\"><\/div>         <\/div>             <div class=\"kksr-star\" data-star=\"2\" style=\"padding-right: 5px\">               <div class=\"kksr-icon\" style=\"width: 24px; height: 24px;\"><\/div>         <\/div>             <div class=\"kksr-star\" data-star=\"3\" style=\"padding-right: 5px\">               <div class=\"kksr-icon\" style=\"width: 24px; height: 24px;\"><\/div>         <\/div>             <div class=\"kksr-star\" data-star=\"4\" style=\"padding-right: 5px\">               <div class=\"kksr-icon\" style=\"width: 24px; height: 24px;\"><\/div>         <\/div>             <div class=\"kksr-star\" data-star=\"5\" style=\"padding-right: 5px\">               <div class=\"kksr-icon\" style=\"width: 24px; height: 24px;\"><\/div>         <\/div>     <\/div>      <div class=\"kksr-stars-active\" style=\"width: 0px;\">             <div class=\"kksr-star\" style=\"padding-right: 5px\">               <div class=\"kksr-icon\" style=\"width: 24px; height: 24px;\"><\/div>         <\/div>             <div class=\"kksr-star\" style=\"padding-right: 5px\">               <div class=\"kksr-icon\" style=\"width: 24px; height: 24px;\"><\/div>         <\/div>             <div class=\"kksr-star\" style=\"padding-right: 5px\">               <div class=\"kksr-icon\" style=\"width: 24px; height: 24px;\"><\/div>         <\/div>             <div class=\"kksr-star\" style=\"padding-right: 5px\">               <div class=\"kksr-icon\" style=\"width: 24px; height: 24px;\"><\/div>         <\/div>             <div class=\"kksr-star\" style=\"padding-right: 5px\">               <div class=\"kksr-icon\" style=\"width: 24px; height: 24px;\"><\/div>         <\/div>     <\/div> <\/div>                   <div class=\"kksr-legend\" style=\"font-size: 19.2px;\">             <span class=\"kksr-muted\">Betygs\u00e4tt denna produkt<\/span>     <\/div>     <\/div>  <p class=\"translation-block\">Den\u00a0automatisk <strong>k\u00f6tt\u00a0r\u00f6kmaskinen<\/strong>\u00a0har funktioner f\u00f6r tillagning, torkning, r\u00f6kning, reng\u00f6ring och s\u00e4kerhetsskydd. Det unika luftcirkulationssystemet i <a href=\"https:\/\/www.meatprocessingmachine.org\/sv\/info\/food-smoking-machine-introduction\/\" data-type=\"URL\" data-id=\"https:\/\/www.meatprocessingmachine.org\/info\/food-smoking-machine-introduction\/\">r\u00f6kugnen<\/a> s\u00e4kerst\u00e4ller effektivt temperatur- och fuktighetskontroll under bakning, tillagning, torkning, r\u00f6kning och andra processer, vilket garanterar f\u00e4rg och utseende p\u00e5 produkten. Denna k\u00f6ttr\u00f6kmaskin \u00e4r l\u00e4mplig f\u00f6r r\u00f6kning av fisk, kyckling, korv och andra k\u00f6tt.<\/p>    <h2 class=\"wp-block-heading\" id=\"h-industrial-meat-smoking-machine-overview\">\u00d6versikt \u00f6ver industriell k\u00f6ttr\u00f6kning<\/h2>    <p class=\"translation-block\"><strong>Ans\u00f6kan<\/strong>: R\u00f6kmaskinen f\u00f6r k\u00f6tt anv\u00e4nds huvudsakligen f\u00f6r att r\u00f6ka, f\u00e4rga och smaka olika typer av k\u00f6tt. <a href=\"https:\/\/www.meatprocessingmachine.org\/sv\/info\/what-food-items-can-you-smoke\/\" data-type=\"URL\" data-id=\"https:\/\/www.meatprocessingmachine.org\/info\/what-food-items-can-you-smoke\/\">Den kan till\u00e4mpas p\u00e5 olika korvar, fisk, kyckling, ost och andra produkter.<\/a><\/p>    <p class=\"translation-block\"><strong>V\u00e4rmemetod<\/strong>: elektrisk v\u00e4rme, \u00e5ngv\u00e4rme<\/p>    <p class=\"translation-block\"><strong>R\u00f6kmethode<\/strong>: inre r\u00f6k, yttre r\u00f6k<\/p>    <p class=\"translation-block\"><strong>R\u00f6kmethode<\/strong>: kallr\u00f6k, varm r\u00f6k, varm r\u00f6k<\/p>    <p class=\"translation-block\"><strong>Sammans\u00e4ttningsstruktur<\/strong>: Maskinen inkluderar huvudsakligen en ugnskropp, v\u00e4rmesystem, cirkulationsluftsystem och elektriskt styrsystem.<\/p>    <p class=\"translation-block\"><strong>Funktion<\/strong>: Maskinen har funktioner f\u00f6r v\u00e4rme, torkning, r\u00f6kning, utbl\u00e5sning etc.<\/p>    <figure class=\"wp-block-image size-full\"><img loading=\"lazy\" decoding=\"async\" width=\"750\" height=\"750\" src=\"https:\/\/www.meatprocessingmachine.org\/wp-content\/uploads\/2021\/08\/smoking-machine-2.jpg\" alt=\"R\u00f6kmaskinens frakt\" class=\"wp-image-1791\" title=\"\" srcset=\"https:\/\/www.meatprocessingmachine.org\/wp-content\/uploads\/2021\/08\/smoking-machine-2.jpg 750w, https:\/\/www.meatprocessingmachine.org\/wp-content\/uploads\/2021\/08\/smoking-machine-2-300x300.jpg 300w, https:\/\/www.meatprocessingmachine.org\/wp-content\/uploads\/2021\/08\/smoking-machine-2-150x150.jpg 150w\" sizes=\"auto, (max-width: 750px) 100vw, 750px\" \/><figcaption class=\"wp-element-caption\">R\u00f6kmaskin<\/figcaption><\/figure>    <h2 class=\"wp-block-heading\" id=\"h-automatic-meat-smoking-oven-working-principle\">Automatisk k\u00f6ttr\u00f6kugn arbetsprincip<\/h2>    <p>K\u00f6ttr\u00f6kugnen styrs av en dator. Den har flera parametrar som visas p\u00e5 gr\u00e4nssnittssk\u00e4rmen samtidigt f\u00f6r att \u00f6vervaka driftsstatusen. Den kan realisera fj\u00e4rrstyrning. Det finns ocks\u00e5 utskriftsrecept, temperatur- och fukkurvor, och den kan lagra 100 receptprocesser i maskinen.<\/p>    <h2 class=\"wp-block-heading\" id=\"h-commercial-fish-smoking-machine-technical\">Teknisk specifikation f\u00f6r kommersiell k\u00f6ttr\u00f6kning<\/h2>    <figure class=\"wp-block-table\"><table><tbody><tr><td>Modell<\/td><td>Storlek<\/td><td>Kapacitet<\/td><td>2000\u202fkg<\/td><td>Vikt<\/td><\/tr><tr><td>TZ30<\/td><td>800 * 800 * 1600<\/td><td>30kg<\/td><td>4,75kw<\/td><td>330kg<\/td><\/tr><tr><td>TZ50<\/td><td>1000 * 1000 * 1850<\/td><td>50kg<\/td><td>6,5kw<\/td><td>400kg<\/td><\/tr><tr><td>TZ100<\/td><td>1380 * 1340 * 1950<\/td><td>100kg<\/td><td>12,5kw<\/td><td>750kg<\/td><\/tr><tr><td>TZ250<\/td><td>1350 * 1510 * 3000<\/td><td>250kg<\/td><td>5,5kw<\/td><td>1900kg<\/td><\/tr><tr><td>TZ500<\/td><td>2400 * 1510 * 3000<\/td><td>500kg<\/td><td>10kw<\/td><td>2800kg<\/td><\/tr><\/tbody><\/table><figcaption class=\"wp-element-caption\">r\u00f6kmaskin f\u00f6r k\u00f6tt<\/figcaption><\/figure>    <hr class=\"wp-block-separator has-css-opacity\"\/>    <figure class=\"wp-block-image size-full is-resized\"><img loading=\"lazy\" decoding=\"async\" src=\"https:\/\/www.meatprocessingmachine.org\/wp-content\/uploads\/2021\/08\/smoking-food.jpg\" alt=\"r\u00f6kt mat\" class=\"wp-image-1792\" style=\"width:720px;height:540px\" width=\"720\" height=\"540\" title=\"\"><figcaption class=\"wp-element-caption\">R\u00f6kning av mat<\/figcaption><\/figure>    <h2 class=\"wp-block-heading\" id=\"h-industrial-meat-smoking-machine-advantages\">F\u00f6rdelar med industriell k\u00f6ttr\u00f6kning<\/h2>    <ul class=\"wp-block-list\"> <li>Den inneh\u00e5ller inte 3, 4-<a href=\"https:\/\/en.wikipedia.org\/wiki\/Benzopyrene\" target=\"_blank\" rel=\"noopener\">bensopyren <\/a>carcinogener, vilket g\u00f6r att det r\u00f6kta maten \u00e4r s\u00e4ker och tillf\u00f6rlitlig;<\/li>    <li>Minska investeringarna i traditionella metoder i anl\u00e4ggningen, utrustning och andra aspekter;<\/li>    <li>K\u00f6ttr\u00f6kugnen kan realisera mekanisering, elektrifiering, kontinuerlig produktion och avsev\u00e4rt f\u00f6rb\u00e4ttra produktiviteten;<\/li>    <li>Den <a href=\"https:\/\/www.meatprocessingmachine.org\/sv\/info\/price-of-meat-smoker-machine\/\">Pris p\u00e5 k\u00f6ttr\u00f6kmaskinen<\/a> \u00e4r kostnadseffektivt.<\/li>    <li>Dess produktionsteknologi \u00e4r enkel, l\u00e4tt att anv\u00e4nda, har kort r\u00f6kningstid och l\u00e5g arbetsintensitet, polluterar inte milj\u00f6n. R\u00f6kt k\u00f6tt har egenskaper som korrosionsbest\u00e4ndighet, fr\u00e4schhet och kvalitetsbevarande.<\/li> <\/ul>    <h2 class=\"wp-block-heading\" id=\"h-structure-description\">Strukturbeskrivning<\/h2>    <figure class=\"wp-block-image size-large is-resized\"><img loading=\"lazy\" decoding=\"async\" src=\"https:\/\/www.meatprocessingmachine.org\/wp-content\/uploads\/2021\/08\/smoking-machine-details-1-702x1024.jpg\" alt=\"R\u00f6kmaskindetaljer\" class=\"wp-image-1795\" style=\"width:735px;height:1072px\" width=\"735\" height=\"1072\" title=\"\" srcset=\"https:\/\/www.meatprocessingmachine.org\/wp-content\/uploads\/2021\/08\/smoking-machine-details-1-702x1024.jpg 702w, https:\/\/www.meatprocessingmachine.org\/wp-content\/uploads\/2021\/08\/smoking-machine-details-1-206x300.jpg 206w, https:\/\/www.meatprocessingmachine.org\/wp-content\/uploads\/2021\/08\/smoking-machine-details-1.jpg 750w\" sizes=\"auto, (max-width: 735px) 100vw, 735px\" \/><figcaption class=\"wp-element-caption\">R\u00f6kmaskinens detaljer<\/figcaption><\/figure>    <p>Maskinen best\u00e5r av en ugnskropp, elektriskt v\u00e4rmesystem, cirkulationsluftsystem, r\u00f6ksystem och elektriskt styrsystem.<\/p>    <p><br>1. Ugnskropp: alla komponenter i ugnskroppen och ytterv\u00e4ggen \u00e4r tillverkade av rostfritt st\u00e5l, korrosionsbest\u00e4ndigt.<\/p>    <p>2. Elektriskt v\u00e4rmesystem: best\u00e5r av tillagning och torkning. Torkdelen: aktiverar den elektriska v\u00e4rmen, den varma gasen utbyter v\u00e4rme via v\u00e4rmev\u00e4xlaren i ugnen, och produkterna i ugnen bakas. Tillagningsdelen: tillf\u00f6rs av det externa \u00e5ngsystemet och v\u00e4rmer direkt produkterna i ugnen.<\/p>    <p>3. Cirkulationsluftsystem: ugnens topp \u00e4r utrustad med en elektrisk fl\u00e4kt. H\u00f6g effekt och stort luftfl\u00f6de s\u00e4kerst\u00e4ller att temperaturen stiger i ugnen, g\u00f6r att temperaturen \u00e4r j\u00e4mn \u00f6verallt, och s\u00e4kerst\u00e4ller att produktkvaliteten \u00e4r stabil och tillf\u00f6rlitlig.<\/p>    <p>4. R\u00f6kssystem: l\u00e4gg de r\u00f6kningsbara tr\u00e4pellets i v\u00e4rmeplattan i r\u00f6kkammaren, och r\u00f6ken som genereras skickas till ugnen f\u00f6r att r\u00f6ka produkterna via r\u00f6kr\u00f6ret.<\/p>    <p>5. Elektriskt styrsystem: anv\u00e4nd avancerat m\u00e4nniska-maskin-gr\u00e4nssnitt och programmerbar styrenhet, fullt automatiserad kontroll och \u00f6vervakning av varje process, tillf\u00f6rlitlig drift och enkel anv\u00e4ndning, bra vattent\u00e4thet.<\/p>    <h2 class=\"wp-block-heading\" id=\"h-how-to-smoke-sausage-with-a-sausage-smoker\">Hur r\u00f6ker man korv med en korvr\u00f6k?<\/h2>    <figure class=\"wp-block-embed is-type-video is-provider-youtube wp-block-embed-youtube\"><div class=\"wp-block-embed__wrapper\"> <iframe loading=\"lazy\" title=\"Gillar du att r\u00f6ka mat | Automatisk mat- och k\u00f6tt-r\u00f6kmaskin f\u00f6r korv, kyckling och fisk\" width=\"500\" height=\"281\" src=\"https:\/\/www.youtube.com\/embed\/Cv3rWUK_TEc?start=2&#038;feature=oembed\" frameborder=\"0\" allow=\"accelerometer; autoplay; clipboard-write; encrypted-media; gyroscope; picture-in-picture; web-share\" referrerpolicy=\"strict-origin-when-cross-origin\" allowfullscreen><\/iframe> <\/div><\/figure>    <p>Att anv\u00e4nda k\u00f6ttr\u00f6kmaskinen f\u00f6r att r\u00f6ka korvar inneb\u00e4r huvudsakligen f\u00f6rberedelsearbetet och den formella produktionen. F\u00f6rberedelsearbetet innan start \u00e4r avg\u00f6rande f\u00f6r r\u00f6ken av hela korven.<\/p>    <h3 class=\"wp-block-heading\" id=\"h-preparation\">F\u00f6rberedelse<\/h3>    <ol class=\"wp-block-list\" type=\"1\"> <li>Innan du startar maskinen, kontrollera att alla delar \u00e4r l\u00f6sa och att det inte finns n\u00e5gra avvikelser. N\u00e4r du har bekr\u00e4ftat att delarna \u00e4r fasta och normala kan f\u00f6rberedelsearbetet starta.<\/li>    <li>L\u00e4gg in tr\u00e4et i r\u00f6kkammaren f\u00f6r att t\u00e4nda, och s\u00e4kerst\u00e4ll att r\u00f6ken passerar genom r\u00f6kkammaren.<\/li>    <li>L\u00e4gg till rent vatten i r\u00f6kkammarens reng\u00f6ringssystem, starta en reng\u00f6ringscykel, och reng\u00f6ringspumpen b\u00f6rjar arbeta.<\/li>    <li>Efter att ha rengjort hela insidan av r\u00f6kkammaren kan korven placeras i r\u00f6kkammaren f\u00f6r r\u00f6kning.<\/li> <\/ol>    <figure class=\"wp-block-image size-full is-resized\"><img loading=\"lazy\" decoding=\"async\" src=\"https:\/\/www.meatprocessingmachine.org\/wp-content\/uploads\/2021\/08\/smoking-machine-shipping.jpg\" alt=\"R\u00f6kmaskinens frakt\" class=\"wp-image-1794\" style=\"width:590px;height:673px\" width=\"590\" height=\"673\" title=\"\" srcset=\"https:\/\/www.meatprocessingmachine.org\/wp-content\/uploads\/2021\/08\/smoking-machine-shipping.jpg 750w, https:\/\/www.meatprocessingmachine.org\/wp-content\/uploads\/2021\/08\/smoking-machine-shipping-263x300.jpg 263w\" sizes=\"auto, (max-width: 590px) 100vw, 590px\" \/><figcaption class=\"wp-element-caption\">R\u00f6kmaskinens frakt<\/figcaption><\/figure>    <h3 class=\"wp-block-heading\" id=\"h-production-and-processing\">Produktion och bearbetning<\/h3>    <p>R\u00f6karen anv\u00e4nder en intelligent kontrollpanel f\u00f6r att styra maskinens olika steg. D\u00e4rf\u00f6r kan kunder st\u00e4lla in tid och steg f\u00f6r r\u00f6kning baserat p\u00e5 r\u00e5varornas egenskaper. Ange tid, temperatur och andra indikatorer p\u00e5 kontrollpanelen, och maskinen kommer att k\u00f6ra automatiskt. Efter att ha slutf\u00f6rt alla inst\u00e4llda r\u00f6kprogram st\u00e4ngs maskinen automatiskt av.<\/p>","protected":false},"excerpt":{"rendered":"<p>Den industriella k\u00f6ttr\u00f6kmaskinen anv\u00e4nds i stor utstr\u00e4ckning f\u00f6r r\u00f6kning, f\u00e4rg och smak av korv, fisk och andra k\u00f6ttprodukter. Den anv\u00e4nder en intelligent PLC-kontrollpanel f\u00f6r att styra hela r\u00f6kningen.<\/p>","protected":false},"author":1,"featured_media":1798,"parent":0,"template":"","product-type":[584],"class_list":["post-152","product","type-product","status-publish","has-post-thumbnail","hentry","product-type-fish"],"_links":{"self":[{"href":"https:\/\/www.meatprocessingmachine.org\/sv\/wp-json\/wp\/v2\/product\/152","targetHints":{"allow":["GET"]}}],"collection":[{"href":"https:\/\/www.meatprocessingmachine.org\/sv\/wp-json\/wp\/v2\/product"}],"about":[{"href":"https:\/\/www.meatprocessingmachine.org\/sv\/wp-json\/wp\/v2\/types\/product"}],"author":[{"embeddable":true,"href":"https:\/\/www.meatprocessingmachine.org\/sv\/wp-json\/wp\/v2\/users\/1"}],"wp:featuredmedia":[{"embeddable":true,"href":"https:\/\/www.meatprocessingmachine.org\/sv\/wp-json\/wp\/v2\/media\/1798"}],"wp:attachment":[{"href":"https:\/\/www.meatprocessingmachine.org\/sv\/wp-json\/wp\/v2\/media?parent=152"}],"wp:term":[{"taxonomy":"product-type","embeddable":true,"href":"https:\/\/www.meatprocessingmachine.org\/sv\/wp-json\/wp\/v2\/product-type?post=152"}],"curies":[{"name":"wp","href":"https:\/\/api.w.org\/{rel}","templated":true}]}}