{"id":1540,"date":"2021-08-03T16:30:38","date_gmt":"2021-08-03T08:30:38","guid":{"rendered":"https:\/\/www.meatprocessingmachine.org\/?p=1540"},"modified":"2026-03-25T10:50:32","modified_gmt":"2026-03-25T02:50:32","slug":"electronic-egg-grading-machine-for-sorting-egg","status":"publish","type":"product","link":"https:\/\/www.meatprocessingmachine.org\/sv\/electronic-egg-grading-machine-for-sorting-egg.html","title":{"rendered":"Elektronisk \u00e4ggbed\u00f6mningsmaskin"},"content":{"rendered":"<div class=\"kk-star-ratings kksr-auto kksr-align-right kksr-valign-top\"     data-payload='{&quot;align&quot;:&quot;right&quot;,&quot;id&quot;:&quot;1540&quot;,&quot;slug&quot;:&quot;default&quot;,&quot;valign&quot;:&quot;top&quot;,&quot;ignore&quot;:&quot;&quot;,&quot;reference&quot;:&quot;auto&quot;,&quot;class&quot;:&quot;&quot;,&quot;count&quot;:&quot;0&quot;,&quot;legendonly&quot;:&quot;&quot;,&quot;readonly&quot;:&quot;&quot;,&quot;score&quot;:&quot;0&quot;,&quot;starsonly&quot;:&quot;&quot;,&quot;best&quot;:&quot;5&quot;,&quot;gap&quot;:&quot;5&quot;,&quot;greet&quot;:&quot;Rate this product&quot;,&quot;legend&quot;:&quot;0\\\/5 - (0 votes)&quot;,&quot;size&quot;:&quot;24&quot;,&quot;title&quot;:&quot;Electronic Egg Grading Machine&quot;,&quot;width&quot;:&quot;0&quot;,&quot;_legend&quot;:&quot;{score}\\\/{best} - ({count} {votes})&quot;,&quot;font_factor&quot;:&quot;1.25&quot;}'>              <div class=\"kksr-stars\">      <div class=\"kksr-stars-inactive\">             <div class=\"kksr-star\" data-star=\"1\" style=\"padding-right: 5px\">               <div class=\"kksr-icon\" style=\"width: 24px; height: 24px;\"><\/div>         <\/div>             <div class=\"kksr-star\" data-star=\"2\" style=\"padding-right: 5px\">               <div class=\"kksr-icon\" style=\"width: 24px; height: 24px;\"><\/div>         <\/div>             <div class=\"kksr-star\" data-star=\"3\" style=\"padding-right: 5px\">               <div class=\"kksr-icon\" style=\"width: 24px; height: 24px;\"><\/div>         <\/div>             <div class=\"kksr-star\" data-star=\"4\" style=\"padding-right: 5px\">               <div class=\"kksr-icon\" style=\"width: 24px; height: 24px;\"><\/div>         <\/div>             <div class=\"kksr-star\" data-star=\"5\" style=\"padding-right: 5px\">               <div class=\"kksr-icon\" style=\"width: 24px; height: 24px;\"><\/div>         <\/div>     <\/div>      <div class=\"kksr-stars-active\" style=\"width: 0px;\">             <div class=\"kksr-star\" style=\"padding-right: 5px\">               <div class=\"kksr-icon\" style=\"width: 24px; height: 24px;\"><\/div>         <\/div>             <div class=\"kksr-star\" style=\"padding-right: 5px\">               <div class=\"kksr-icon\" style=\"width: 24px; height: 24px;\"><\/div>         <\/div>             <div class=\"kksr-star\" style=\"padding-right: 5px\">               <div class=\"kksr-icon\" style=\"width: 24px; height: 24px;\"><\/div>         <\/div>             <div class=\"kksr-star\" style=\"padding-right: 5px\">               <div class=\"kksr-icon\" style=\"width: 24px; height: 24px;\"><\/div>         <\/div>             <div class=\"kksr-star\" style=\"padding-right: 5px\">               <div class=\"kksr-icon\" style=\"width: 24px; height: 24px;\"><\/div>         <\/div>     <\/div> <\/div>                   <div class=\"kksr-legend\" style=\"font-size: 19.2px;\">             <span class=\"kksr-muted\">Betygs\u00e4tt denna produkt<\/span>     <\/div>     <\/div>  <p class=\"translation-block\">\u00c4ggrankningsmaskinen  \u00e4r utformad f\u00f6r automatisk v\u00e4gning och klassificering av f\u00e4rska \u00e4gg. TZ-5400-\u00e4ggrankningsmaskinen har en kapacitet p\u00e5 upp till  5 400 \u00e4gg per timme  och kan sortera \u00e4gg i  5  precisa grader med en noggrannhet av  \u00b11g . <\/p>   <div class=\"wp-block-image\"> <figure class=\"aligncenter size-full\"><img loading=\"lazy\" decoding=\"async\" width=\"720\" height=\"540\" src=\"https:\/\/www.meatprocessingmachine.org\/wp-content\/uploads\/2021\/08\/Egg-Grading-Machine.webp\" alt=\"\u00c4ggrankningsmaskin\" class=\"wp-image-34953\" title=\"\" srcset=\"https:\/\/www.meatprocessingmachine.org\/wp-content\/uploads\/2021\/08\/Egg-Grading-Machine.webp 720w, https:\/\/www.meatprocessingmachine.org\/wp-content\/uploads\/2021\/08\/Egg-Grading-Machine-300x225.webp 300w, https:\/\/www.meatprocessingmachine.org\/wp-content\/uploads\/2021\/08\/Egg-Grading-Machine-16x12.webp 16w\" sizes=\"auto, (max-width: 720px) 100vw, 720px\" \/><figcaption class=\"wp-element-caption\">\u00c4ggrankningsmaskin<\/figcaption><\/figure> <\/div>   <p>Tillverkad av 304 rostfritt st\u00e5l, maskinen har en stabil struktur, smidig drift och enkel hantering. Den \u00e4r en idealisk l\u00f6sning f\u00f6r \u00e4ggbehandlingsanl\u00e4ggningar, fj\u00e4derf\u00e4uppf\u00f6dningar och \u00e4ggf\u00f6rpackningsf\u00f6retag f\u00f6r att f\u00f6rb\u00e4ttra effektiviteten och uppn\u00e5 standardiserad klassificering.<\/p>    <p>Denna industriella \u00e4ggrankningsmaskin hj\u00e4lper till att f\u00f6rb\u00e4ttra \u00e4ggkvalitetskontrollen, vilket \u00f6kar produktens v\u00e4rde, marknadspriset och den totala varum\u00e4rkeskonkurrensen.<\/p>    <figure class=\"wp-block-embed is-type-video is-provider-youtube wp-block-embed-youtube wp-embed-aspect-16-9 wp-has-aspect-ratio\"><div class=\"wp-block-embed__wrapper\"> <iframe loading=\"lazy\" title=\"Egg Grading Machine | High-Speed &amp; Accurate Egg Sorting Solution\ud83e\udd5a\ud83e\udd5a\ud83e\udd5a\" width=\"500\" height=\"281\" src=\"https:\/\/www.youtube.com\/embed\/4KKWEKtXN6w?feature=oembed\" frameborder=\"0\" allow=\"accelerometer; autoplay; clipboard-write; encrypted-media; gyroscope; picture-in-picture; web-share\" referrerpolicy=\"strict-origin-when-cross-origin\" allowfullscreen><\/iframe> <\/div><\/figure>    <h2 class=\"wp-block-heading\">Funktioner hos \u00e4ggrankningsmaskinen<\/h2>    <ul class=\"wp-block-list\"> <li><strong><mark style=\"background-color:rgba(0, 0, 0, 0)\" class=\"has-inline-color has-luminous-vivid-amber-color\">Automatisk matning och transport:<\/mark><\/strong> S\u00e4kerst\u00e4ller smidig \u00e4ggtransport, minskar kollision och brott, samt m\u00f6jligg\u00f6r kontinuerlig matning f\u00f6r effektiv drift.<\/li>    <li><strong><mark style=\"background-color:rgba(0, 0, 0, 0)\" class=\"has-inline-color has-luminous-vivid-amber-color\">H\u00f6gprecisionsv\u00e4gning och klassificering:<\/mark><\/strong> Sorterar \u00e4gg noggrant efter vikt med ett felmarginal inom \u00b11g, vilket s\u00e4kerst\u00e4ller stabila och konsekventa klassificeringsresultat.<\/li>    <li><strong><mark style=\"background-color:rgba(0, 0, 0, 0)\" class=\"has-inline-color has-luminous-vivid-amber-color\">5-niv\u00e5 viktklassificering: <\/mark><\/strong>Klassificeringsstandarder kan st\u00e4llas in med ett enkelt knapptryck. Maskinen separerar automatiskt \u00e4ggen i fem viktkategorier, l\u00e4mpliga f\u00f6r stormarknader, grossistmarknader och bearbetningsanl\u00e4ggningar.<\/li>    <li><strong><mark style=\"background-color:rgba(0, 0, 0, 0)\" class=\"has-inline-color has-luminous-vivid-amber-color\">Automatisk insamling av grader:<\/mark><\/strong> Efter klassificering leds \u00e4ggen automatiskt till motsvarande utg\u00e5ngar f\u00f6r enkel packning och boxning, vilket f\u00f6rb\u00e4ttrar den totala produktiviteten.<\/li>    <li><mark style=\"background-color:rgba(0, 0, 0, 0)\" class=\"has-inline-color has-luminous-vivid-amber-color\"><strong>L\u00e5g energif\u00f6rbrukning och stabil drift:<\/strong> <\/mark>Designad med en 200W l\u00e5gstr\u00f6msmotor, som drivs av 220V enkelfas. Den har l\u00e5g energif\u00f6rbrukning och l\u00e5g felprocent f\u00f6r l\u00e5ngvarig stabil prestanda.<\/li> <\/ul>    <figure class=\"wp-block-gallery has-nested-images columns-default is-cropped wp-block-gallery-2 is-layout-flex wp-block-gallery-is-layout-flex\"> <figure class=\"wp-block-image size-large\"><img loading=\"lazy\" decoding=\"async\" width=\"720\" height=\"540\" data-id=\"34963\" src=\"https:\/\/www.meatprocessingmachine.org\/wp-content\/uploads\/2021\/08\/Stainless-steel-egg-grading-machine.webp\" alt=\"Kycklingbr\u00f6stskivare f\u00f6r k\u00f6ttskivor\/strimlor\" class=\"wp-image-34963\" title=\"\" srcset=\"https:\/\/www.meatprocessingmachine.org\/wp-content\/uploads\/2021\/08\/Stainless-steel-egg-grading-machine.webp 720w, https:\/\/www.meatprocessingmachine.org\/wp-content\/uploads\/2021\/08\/Stainless-steel-egg-grading-machine-300x225.webp 300w, https:\/\/www.meatprocessingmachine.org\/wp-content\/uploads\/2021\/08\/Stainless-steel-egg-grading-machine-16x12.webp 16w\" sizes=\"auto, (max-width: 720px) 100vw, 720px\" \/><figcaption class=\"wp-element-caption\">Rostfri \u00e4ggrankningsmaskin<\/figcaption><\/figure>    <figure class=\"wp-block-image size-large\"><img loading=\"lazy\" decoding=\"async\" width=\"720\" height=\"540\" data-id=\"34945\" src=\"https:\/\/www.meatprocessingmachine.org\/wp-content\/uploads\/2021\/08\/Automatic-Egg-Grader.webp\" alt=\"Automatisk \u00e4ggsorterare\" class=\"wp-image-34945\" title=\"\" srcset=\"https:\/\/www.meatprocessingmachine.org\/wp-content\/uploads\/2021\/08\/Automatic-Egg-Grader.webp 720w, https:\/\/www.meatprocessingmachine.org\/wp-content\/uploads\/2021\/08\/Automatic-Egg-Grader-300x225.webp 300w, https:\/\/www.meatprocessingmachine.org\/wp-content\/uploads\/2021\/08\/Automatic-Egg-Grader-16x12.webp 16w\" sizes=\"auto, (max-width: 720px) 100vw, 720px\" \/><figcaption class=\"wp-element-caption\">Automatisk \u00e4ggsorterare<\/figcaption><\/figure> <\/figure>    <h2 class=\"wp-block-heading\">L\u00e4mpliga material<\/h2>    <ul class=\"wp-block-list\"> <li>F\u00e4rska \u00e4gg<\/li>    <li>H\u00f6ns\u00e4gg<\/li>    <li>Anpassade duck\u00e4gg (med l\u00e4mpliga justeringar)<\/li> <\/ul>    <p>L\u00e4mplig f\u00f6r standardiserad klassificering och kvalitetskontroll i olika f\u00e4rska \u00e4ggbehandlings-, \u00e4gghandels- och fj\u00e4derf\u00e4uppf\u00f6dningsverksamheter.<\/p>    <figure class=\"wp-block-gallery has-nested-images columns-default is-cropped wp-block-gallery-3 is-layout-flex wp-block-gallery-is-layout-flex\"> <figure class=\"wp-block-image size-large\"><img loading=\"lazy\" decoding=\"async\" width=\"720\" height=\"540\" data-id=\"34964\" src=\"https:\/\/www.meatprocessingmachine.org\/wp-content\/uploads\/2021\/08\/Ungraded-Eggs.webp\" alt=\"Oklassificerade \u00e4gg\" class=\"wp-image-34964\" title=\"\" srcset=\"https:\/\/www.meatprocessingmachine.org\/wp-content\/uploads\/2021\/08\/Ungraded-Eggs.webp 720w, https:\/\/www.meatprocessingmachine.org\/wp-content\/uploads\/2021\/08\/Ungraded-Eggs-300x225.webp 300w, https:\/\/www.meatprocessingmachine.org\/wp-content\/uploads\/2021\/08\/Ungraded-Eggs-16x12.webp 16w\" sizes=\"auto, (max-width: 720px) 100vw, 720px\" \/><figcaption class=\"wp-element-caption\">Oklassificerade \u00e4gg<\/figcaption><\/figure>    <figure class=\"wp-block-image size-large\"><img loading=\"lazy\" decoding=\"async\" width=\"720\" height=\"540\" data-id=\"34959\" src=\"https:\/\/www.meatprocessingmachine.org\/wp-content\/uploads\/2021\/08\/Graded-Eggs.webp\" alt=\"Klassificerade \u00e4gg\" class=\"wp-image-34959\" title=\"\" srcset=\"https:\/\/www.meatprocessingmachine.org\/wp-content\/uploads\/2021\/08\/Graded-Eggs.webp 720w, https:\/\/www.meatprocessingmachine.org\/wp-content\/uploads\/2021\/08\/Graded-Eggs-300x225.webp 300w, https:\/\/www.meatprocessingmachine.org\/wp-content\/uploads\/2021\/08\/Graded-Eggs-16x12.webp 16w\" sizes=\"auto, (max-width: 720px) 100vw, 720px\" \/><figcaption class=\"wp-element-caption\">Klassificerade \u00e4gg<\/figcaption><\/figure> <\/figure>    <h2 class=\"wp-block-heading\">Vad \u00e4r f\u00f6rdelarna med \u00e4ggrankningsmaskinen?<\/h2>    <div class=\"wp-block-columns is-layout-flex wp-container-core-columns-is-layout-9d6595d7 wp-block-columns-is-layout-flex\"> <div class=\"wp-block-column is-layout-flow wp-block-column-is-layout-flow\"> <p class=\"has-text-align-center translation-block\"><strong><mark class=\"has-inline-color has-luminous-vivid-amber-color\">H\u00f6g Effektivitet<\/mark><\/strong><\/p>    <p>Med en timkapacitet p\u00e5 5 400 \u00e4gg kan den ers\u00e4tta flera arbetare, vilket avsev\u00e4rt minskar arbetskostnaderna.<\/p> <\/div>    <div class=\"wp-block-column is-layout-flow wp-block-column-is-layout-flow\"> <p class=\"has-text-align-center translation-block\"><strong><mark class=\"has-inline-color has-luminous-vivid-amber-color\">H\u00f6g noggrannhet<\/mark><\/strong><\/p>    <p>V\u00e4gningsnoggrannhet p\u00e5 \u00b11g s\u00e4kerst\u00e4ller enhetlig klassificering, f\u00f6rb\u00e4ttrar \u00e4ggpriss\u00e4ttning och varum\u00e4rkesv\u00e4rde.<\/p> <\/div> <\/div>    <div class=\"wp-block-columns is-layout-flex wp-container-core-columns-is-layout-9d6595d7 wp-block-columns-is-layout-flex\"> <div class=\"wp-block-column is-layout-flow wp-block-column-is-layout-flow\"> <p class=\"has-text-align-center translation-block\"><strong><mark class=\"has-inline-color has-luminous-vivid-amber-color\">Hygienisk och S\u00e4ker<\/mark><\/strong><\/p>    <p>Helt tillverkad av 304 rostfritt st\u00e5l, korrosionsbest\u00e4ndig, l\u00e4tt att reng\u00f6ra och f\u00f6ljer livsmedelsstandarder.<\/p> <\/div>    <div class=\"wp-block-column is-layout-flow wp-block-column-is-layout-flow\"> <p class=\"has-text-align-center translation-block\"><strong><mark class=\"has-inline-color has-luminous-vivid-amber-color\">L\u00e5g brottfrekvens<\/mark><\/strong><\/p>    <p>Flexibel transport- och v\u00e4gningsstruktur skyddar \u00e4ggskalen, minimerar skador.<\/p> <\/div> <\/div>    <div class=\"wp-block-columns is-layout-flex wp-container-core-columns-is-layout-9d6595d7 wp-block-columns-is-layout-flex\"> <div class=\"wp-block-column is-layout-flow wp-block-column-is-layout-flow\"> <p class=\"has-text-align-center translation-block\"><strong><mark class=\"has-inline-color has-luminous-vivid-amber-color\">Enkelt att anv\u00e4nda<\/mark><\/strong><\/p>    <p>Enknappsstart och justerbara parametrar g\u00f6r att \u00e4ven nyb\u00f6rjare kan anv\u00e4nda maskinen snabbt.<\/p> <\/div>    <div class=\"wp-block-column is-layout-flow wp-block-column-is-layout-flow\"> <p class=\"has-text-align-center translation-block\"><strong><mark class=\"has-inline-color has-luminous-vivid-amber-color\">Stabil och h\u00e5llbar<\/mark><\/strong><\/p>    <p>Solid konstruktion och smidig drift g\u00f6r den l\u00e4mplig f\u00f6r l\u00e5ngvarig kontinuerlig produktion.<\/p> <\/div> <\/div>   <div class=\"wp-block-image\"> <figure class=\"aligncenter size-full\"><img loading=\"lazy\" decoding=\"async\" width=\"720\" height=\"540\" src=\"https:\/\/www.meatprocessingmachine.org\/wp-content\/uploads\/2021\/08\/Industrial-egg-weight-sorting-machine.webp\" alt=\"Industriell \u00e4ggviktssorteringsmaskin\" class=\"wp-image-34961\" title=\"\" srcset=\"https:\/\/www.meatprocessingmachine.org\/wp-content\/uploads\/2021\/08\/Industrial-egg-weight-sorting-machine.webp 720w, https:\/\/www.meatprocessingmachine.org\/wp-content\/uploads\/2021\/08\/Industrial-egg-weight-sorting-machine-300x225.webp 300w, https:\/\/www.meatprocessingmachine.org\/wp-content\/uploads\/2021\/08\/Industrial-egg-weight-sorting-machine-16x12.webp 16w\" sizes=\"auto, (max-width: 720px) 100vw, 720px\" \/><figcaption class=\"wp-element-caption\">Industriell \u00e4ggviktssorteringsmaskin<\/figcaption><\/figure> <\/div>   <h2 class=\"wp-block-heading\">Tekniska parametrar <\/h2>    <figure class=\"wp-block-table\"><table class=\"has-fixed-layout\"><thead><tr><th>Maskindimensioner<\/th><th>Effekt<\/th><\/tr><\/thead><tbody><tr><td>Modell<\/td><td>TZ-5400<\/td><\/tr><tr><td><strong>Kapacitet<\/strong><\/td><td>5400 st\/h<\/td><\/tr><tr><td>2000\u202fkg<\/td><td>200W<\/td><\/tr><tr><td>Sp\u00e4nning<\/td><td>220V \/ 50Hz \/ Enkel fas<\/td><\/tr><tr><td>Dimensioner<\/td><td>1900 \u00d7 1600 \u00d7 1000 mm<\/td><\/tr><tr><td>Nettovikt<\/td><td>160 kg<\/td><\/tr><tr><td>Klassificeringsniv\u00e5er<\/td><td>5 grader<\/td><\/tr><tr><td>Klassificeringsnoggrannhet<\/td><td>\u00b11g<\/td><\/tr><tr><td>Material<\/td><td>304 rostfritt st\u00e5l<\/td><\/tr><\/tbody><\/table><\/figure>   <div class=\"wp-block-image\"> <figure class=\"aligncenter size-full\"><img loading=\"lazy\" decoding=\"async\" width=\"720\" height=\"540\" src=\"https:\/\/www.meatprocessingmachine.org\/wp-content\/uploads\/2021\/08\/Commercial-Egg-Grader.webp\" alt=\"Kommersiell \u00e4ggrankare\" class=\"wp-image-34948\" title=\"\" srcset=\"https:\/\/www.meatprocessingmachine.org\/wp-content\/uploads\/2021\/08\/Commercial-Egg-Grader.webp 720w, https:\/\/www.meatprocessingmachine.org\/wp-content\/uploads\/2021\/08\/Commercial-Egg-Grader-300x225.webp 300w, https:\/\/www.meatprocessingmachine.org\/wp-content\/uploads\/2021\/08\/Commercial-Egg-Grader-16x12.webp 16w\" sizes=\"auto, (max-width: 720px) 100vw, 720px\" \/><figcaption class=\"wp-element-caption\">Kommersiell \u00e4ggrankare<\/figcaption><\/figure> <\/div>   <h2 class=\"wp-block-heading\" id=\"h-working-principle-of-the-egg-grading-machine\">Arbetsprincip f\u00f6r \u00e4ggrankningsmaskinen<\/h2>    <p>Klassificering efter vikt \u00e4r den vanligaste metoden. \u00c4ggrankningsmaskinen anv\u00e4nder snabb v\u00e4gning f\u00f6r att klassificera \u00e4ggen och f\u00f6rdela dem i olika korgar baserat p\u00e5 \u00e4ggens olika vikter. Dessutom belyses ljusinspektionen av LED-lampor, med fokus p\u00e5 att plocka ut \u00e4gg med sprickor och skador f\u00f6r att undvika att underm\u00e5liga \u00e4gg hamnar p\u00e5 marknaden.<\/p>    <figure class=\"wp-block-gallery has-nested-images columns-default is-cropped wp-block-gallery-4 is-layout-flex wp-block-gallery-is-layout-flex\"> <figure class=\"wp-block-image size-large\"><img loading=\"lazy\" decoding=\"async\" width=\"720\" height=\"540\" data-id=\"34965\" src=\"https:\/\/www.meatprocessingmachine.org\/wp-content\/uploads\/2021\/08\/Vacuum-Egg-Lifter.webp\" alt=\"Vakuum\u00e4gglyftare\" class=\"wp-image-34965\" title=\"\" srcset=\"https:\/\/www.meatprocessingmachine.org\/wp-content\/uploads\/2021\/08\/Vacuum-Egg-Lifter.webp 720w, https:\/\/www.meatprocessingmachine.org\/wp-content\/uploads\/2021\/08\/Vacuum-Egg-Lifter-300x225.webp 300w, https:\/\/www.meatprocessingmachine.org\/wp-content\/uploads\/2021\/08\/Vacuum-Egg-Lifter-16x12.webp 16w\" sizes=\"auto, (max-width: 720px) 100vw, 720px\" \/><figcaption class=\"wp-element-caption\">Vakuum\u00e4gglyftare<\/figcaption><\/figure>    <figure class=\"wp-block-image size-large\"><img loading=\"lazy\" decoding=\"async\" width=\"720\" height=\"540\" data-id=\"34949\" src=\"https:\/\/www.meatprocessingmachine.org\/wp-content\/uploads\/2021\/08\/Egg-Candling.webp\" alt=\"\u00c4ggcandlering\" class=\"wp-image-34949\" title=\"\" srcset=\"https:\/\/www.meatprocessingmachine.org\/wp-content\/uploads\/2021\/08\/Egg-Candling.webp 720w, https:\/\/www.meatprocessingmachine.org\/wp-content\/uploads\/2021\/08\/Egg-Candling-300x225.webp 300w, https:\/\/www.meatprocessingmachine.org\/wp-content\/uploads\/2021\/08\/Egg-Candling-16x12.webp 16w\" sizes=\"auto, (max-width: 720px) 100vw, 720px\" \/><figcaption class=\"wp-element-caption\">\u00c4ggcandlering<\/figcaption><\/figure> <\/figure>    <h2 class=\"wp-block-heading\">Strukturkomponenter f\u00f6r \u00e4ggrankningsmaskinen<\/h2>    <p>\u00c4ggsugaren \u00e4r en del av \u00e4ggrankningsmaskinen. \u00c4ggsugarens funktion \u00e4r att snabbt placera \u00e4ggen p\u00e5 maskinen f\u00f6r n\u00e4sta ljusinspektion. Efter ljusinspektionen kan du plocka ut de trasiga \u00e4ggen. Ljusspelet \u00e4r ett av de snabbaste och mest effektiva s\u00e4tten att observera \u00e4ggskal, \u00e4ggvita, \u00e4ggula och embryots tillst\u00e5nd under ljuset. Det \u00e4r bekv\u00e4mt f\u00f6r en omfattande utv\u00e4rdering av \u00e4ggen. Ljuset \u00e4r en LED, som \u00e4r s\u00e4rskilt energisparande och har l\u00e5ng livsl\u00e4ngd.<\/p>   <div class=\"wp-block-image\"> <figure class=\"aligncenter size-full\"><img loading=\"lazy\" decoding=\"async\" width=\"720\" height=\"540\" src=\"https:\/\/www.meatprocessingmachine.org\/wp-content\/uploads\/2021\/08\/Automatic-Egg-Grading-Machine.webp\" alt=\"Automatisk \u00e4ggrankningsmaskin\" class=\"wp-image-34946\" title=\"\" srcset=\"https:\/\/www.meatprocessingmachine.org\/wp-content\/uploads\/2021\/08\/Automatic-Egg-Grading-Machine.webp 720w, https:\/\/www.meatprocessingmachine.org\/wp-content\/uploads\/2021\/08\/Automatic-Egg-Grading-Machine-300x225.webp 300w, https:\/\/www.meatprocessingmachine.org\/wp-content\/uploads\/2021\/08\/Automatic-Egg-Grading-Machine-16x12.webp 16w\" sizes=\"auto, (max-width: 720px) 100vw, 720px\" \/><figcaption class=\"wp-element-caption\">Automatisk \u00e4ggrankningsmaskin<\/figcaption><\/figure> <\/div>   <h2 class=\"wp-block-heading\">\u00c4ggfradringsstandard<\/h2>    <p>Denna 5400 st\/h \u00e4ggrankare kan klassificera \u00e4gg i fem olika grader. Det \u00e4r v\u00e4rt att n\u00e4mna att maskinens felmarginal \u00e4r \u00b11g. Precis f\u00f6rst\u00e5 klassificeringsstandarden. \u00c4ggrankningsmaskinen \u00e4r enkel och l\u00e4tt att anv\u00e4nda. Den \u00e4r en favorit bland m\u00e5nga g\u00e5rdar och stormarknader. Bli en exklusiv \u00e4ggf\u00f6rs\u00e4ljare.<\/p>   <div class=\"wp-block-image\"> <figure class=\"aligncenter size-full\"><img loading=\"lazy\" decoding=\"async\" width=\"720\" height=\"540\" src=\"https:\/\/www.meatprocessingmachine.org\/wp-content\/uploads\/2021\/08\/Industrial-Egg-Grading-Machine.webp\" alt=\"Industriell \u00e4ggrankningsmaskin\" class=\"wp-image-34960\" title=\"\" srcset=\"https:\/\/www.meatprocessingmachine.org\/wp-content\/uploads\/2021\/08\/Industrial-Egg-Grading-Machine.webp 720w, https:\/\/www.meatprocessingmachine.org\/wp-content\/uploads\/2021\/08\/Industrial-Egg-Grading-Machine-300x225.webp 300w, https:\/\/www.meatprocessingmachine.org\/wp-content\/uploads\/2021\/08\/Industrial-Egg-Grading-Machine-16x12.webp 16w\" sizes=\"auto, (max-width: 720px) 100vw, 720px\" \/><figcaption class=\"wp-element-caption\">Industriell \u00e4ggrankningsmaskin<\/figcaption><\/figure> <\/div>   <h2 class=\"wp-block-heading\">Varf\u00f6r v\u00e4lja Taizy?<\/h2>    <p class=\"translation-block\"><strong>Auktoritativa certifieringar<\/strong><\/p>    <p>Certifierad enligt ISO9001-kvalitetsledningssystem och CE-standarder, med SGS- och TUV-inspektionsgodk\u00e4nnanden. Produktkvalitet och s\u00e4kerhet f\u00f6ljer internationella standarder.<\/p>    <p class=\"translation-block\"><strong>P\u00e5litlig kvalitetsgaranti<\/strong><\/p>    <p>Hela maskinen levereras med 1 \u00e5rs garanti. K\u00e4rnkomponenter prioriteras f\u00f6r garantiservice, vilket s\u00e4kerst\u00e4ller problemfri drift.<\/p>    <p class=\"translation-block\"><strong>Omfattande eftermarknadsservice<\/strong><\/p>    <p>Gratis installationsmanual och instruktionsvideor tillhandah\u00e5lls. Fj\u00e4rrstyrd hj\u00e4lp f\u00f6r installation och drifts\u00e4ttning \u00e4r tillg\u00e4nglig. Ingenj\u00f6rer kan ocks\u00e5 skickas till platsen f\u00f6r installation och utbildning vid behov.<\/p>    <p class=\"translation-block\"><strong>Professionell anpassning<\/strong><\/p>    <p>Maskinen kan integreras med tv\u00e4tt-, bl\u00e4ckskrivnings- och f\u00f6rpackningsutrustning f\u00f6r att erbjuda en helhetsl\u00f6sning f\u00f6r \u00e4ggbehandling.<\/p>    <p class=\"translation-block\"><strong>Exportkvalitet<\/strong><\/p>    <p>Med m\u00e5nga \u00e5rs erfarenhet av tillverkning av \u00e4ggbehandlingsutrustning exporteras Taizy-produkter v\u00e4rlden \u00f6ver, vilket erbjuder stabil prestanda och ett starkt marknadsrykte.<\/p>   <div class=\"wp-block-image\"> <figure class=\"aligncenter size-full\"><img loading=\"lazy\" decoding=\"async\" width=\"720\" height=\"540\" src=\"https:\/\/www.meatprocessingmachine.org\/wp-content\/uploads\/2021\/08\/Egg-Grading-Machine-Packaging.webp\" alt=\"\u00c4ggrankningsmaskin f\u00f6rpackning\" class=\"wp-image-34952\" title=\"\" srcset=\"https:\/\/www.meatprocessingmachine.org\/wp-content\/uploads\/2021\/08\/Egg-Grading-Machine-Packaging.webp 720w, https:\/\/www.meatprocessingmachine.org\/wp-content\/uploads\/2021\/08\/Egg-Grading-Machine-Packaging-300x225.webp 300w, https:\/\/www.meatprocessingmachine.org\/wp-content\/uploads\/2021\/08\/Egg-Grading-Machine-Packaging-16x12.webp 16w\" sizes=\"auto, (max-width: 720px) 100vw, 720px\" \/><figcaption class=\"wp-element-caption\">\u00c4ggrankningsmaskin f\u00f6rpackning<\/figcaption><\/figure> <\/div>   <h2 class=\"wp-block-heading\">Relaterade maskinrekommendationer<\/h2>    <p>Med f\u00f6rb\u00e4ttrade hygienstandarder blir fler och fler konsumenter medvetna om \u00e4ggens renlighet, vilket g\u00f6r \u00e4ggbehandling allt viktigare.<\/p>    <p class=\"translation-block\">\u00c4ggbehandlingsutrustning inkluderar huvudsakligen en <strong><a href=\"https:\/\/www.meatprocessingmachine.org\/sv\/power-scrub-egg-washing-machine.html\/\">\u00e4ggtv\u00e4ttmaskin<\/a><\/strong>, en <a href=\"https:\/\/www.meatprocessingmachine.org\/sv\/egg-printing-machine-egg-stamping-systems.html\/\"><strong>\u00e4ggbl\u00e4ckskrivare<\/strong>,<\/a> och andra relaterade maskiner. Om du planerar att bygga en komplett \u00e4ggbehandlingslinje \u00e4r du v\u00e4lkommen att kontakta oss f\u00f6r en skr\u00e4ddarsydd l\u00f6sning.<\/p>   <div class=\"wp-block-image\"> <figure class=\"aligncenter size-full\"><img loading=\"lazy\" decoding=\"async\" width=\"720\" height=\"540\" src=\"https:\/\/www.meatprocessingmachine.org\/wp-content\/uploads\/2025\/12\/Egg-Printing-Machine.webp\" alt=\"\u00c4ggtryckmaskin till salu\" class=\"wp-image-34501\" title=\"\" srcset=\"https:\/\/www.meatprocessingmachine.org\/wp-content\/uploads\/2025\/12\/Egg-Printing-Machine.webp 720w, https:\/\/www.meatprocessingmachine.org\/wp-content\/uploads\/2025\/12\/Egg-Printing-Machine-300x225.webp 300w, https:\/\/www.meatprocessingmachine.org\/wp-content\/uploads\/2025\/12\/Egg-Printing-Machine-16x12.webp 16w\" sizes=\"auto, (max-width: 720px) 100vw, 720px\" \/><figcaption class=\"wp-element-caption\">\u00c4ggtryckmaskin till salu<\/figcaption><\/figure> <\/div>   <p><\/p>","protected":false},"excerpt":{"rendered":"<p>The egg grading machine classifies the eggs according to their weight. The egg sorting machine can not only classify the eggs into different grades but also perform a light inspection on the eggs. Pick out some bad eggs. The eggs are divided into several different grades through the rapid weighing of the machine. After the machine is weighed, the price of eggs of different sizes is different, and the price of eggs can be higher through grading and packaging.<\/p>","protected":false},"author":1,"featured_media":34967,"parent":0,"template":"","product-type":[583],"class_list":["post-1540","product","type-product","status-publish","has-post-thumbnail","hentry","product-type-chicken-turkey"],"_links":{"self":[{"href":"https:\/\/www.meatprocessingmachine.org\/sv\/wp-json\/wp\/v2\/product\/1540","targetHints":{"allow":["GET"]}}],"collection":[{"href":"https:\/\/www.meatprocessingmachine.org\/sv\/wp-json\/wp\/v2\/product"}],"about":[{"href":"https:\/\/www.meatprocessingmachine.org\/sv\/wp-json\/wp\/v2\/types\/product"}],"author":[{"embeddable":true,"href":"https:\/\/www.meatprocessingmachine.org\/sv\/wp-json\/wp\/v2\/users\/1"}],"wp:featuredmedia":[{"embeddable":true,"href":"https:\/\/www.meatprocessingmachine.org\/sv\/wp-json\/wp\/v2\/media\/34967"}],"wp:attachment":[{"href":"https:\/\/www.meatprocessingmachine.org\/sv\/wp-json\/wp\/v2\/media?parent=1540"}],"wp:term":[{"taxonomy":"product-type","embeddable":true,"href":"https:\/\/www.meatprocessingmachine.org\/sv\/wp-json\/wp\/v2\/product-type?post=1540"}],"curies":[{"name":"wp","href":"https:\/\/api.w.org\/{rel}","templated":true}]}}