{"id":1635,"date":"2021-08-10T17:09:29","date_gmt":"2021-08-10T09:09:29","guid":{"rendered":"https:\/\/www.meatprocessingmachine.org\/?p=1635"},"modified":"2026-02-12T16:09:05","modified_gmt":"2026-02-12T08:09:05","slug":"dz-260-desktop-vacuum-packing-machine-for-sealing","status":"publish","type":"product","link":"https:\/\/www.meatprocessingmachine.org\/sv\/dz-260-desktop-vacuum-packing-machine-for-sealing.html","title":{"rendered":"DZ-260 Bords vakuumpackningsmaskin f\u00f6r f\u00f6rsegling"},"content":{"rendered":"<div class=\"kk-star-ratings kksr-auto kksr-align-right kksr-valign-top\"     data-payload='{&quot;align&quot;:&quot;right&quot;,&quot;id&quot;:&quot;1635&quot;,&quot;slug&quot;:&quot;default&quot;,&quot;valign&quot;:&quot;top&quot;,&quot;ignore&quot;:&quot;&quot;,&quot;reference&quot;:&quot;auto&quot;,&quot;class&quot;:&quot;&quot;,&quot;count&quot;:&quot;0&quot;,&quot;legendonly&quot;:&quot;&quot;,&quot;readonly&quot;:&quot;&quot;,&quot;score&quot;:&quot;0&quot;,&quot;starsonly&quot;:&quot;&quot;,&quot;best&quot;:&quot;5&quot;,&quot;gap&quot;:&quot;5&quot;,&quot;greet&quot;:&quot;Rate this product&quot;,&quot;legend&quot;:&quot;0\\\/5 - (0 votes)&quot;,&quot;size&quot;:&quot;24&quot;,&quot;title&quot;:&quot;DZ-260 Desktop vacuum packing machine for sealing&quot;,&quot;width&quot;:&quot;0&quot;,&quot;_legend&quot;:&quot;{score}\\\/{best} - ({count} {votes})&quot;,&quot;font_factor&quot;:&quot;1.25&quot;}'>              <div class=\"kksr-stars\">      <div class=\"kksr-stars-inactive\">             <div class=\"kksr-star\" data-star=\"1\" style=\"padding-right: 5px\">               <div class=\"kksr-icon\" style=\"width: 24px; height: 24px;\"><\/div>         <\/div>             <div class=\"kksr-star\" data-star=\"2\" style=\"padding-right: 5px\">               <div class=\"kksr-icon\" style=\"width: 24px; height: 24px;\"><\/div>         <\/div>             <div class=\"kksr-star\" data-star=\"3\" style=\"padding-right: 5px\">               <div class=\"kksr-icon\" style=\"width: 24px; height: 24px;\"><\/div>         <\/div>             <div class=\"kksr-star\" data-star=\"4\" style=\"padding-right: 5px\">               <div class=\"kksr-icon\" style=\"width: 24px; height: 24px;\"><\/div>         <\/div>             <div class=\"kksr-star\" data-star=\"5\" style=\"padding-right: 5px\">               <div class=\"kksr-icon\" style=\"width: 24px; height: 24px;\"><\/div>         <\/div>     <\/div>      <div class=\"kksr-stars-active\" style=\"width: 0px;\">             <div class=\"kksr-star\" style=\"padding-right: 5px\">               <div class=\"kksr-icon\" style=\"width: 24px; height: 24px;\"><\/div>         <\/div>             <div class=\"kksr-star\" style=\"padding-right: 5px\">               <div class=\"kksr-icon\" style=\"width: 24px; height: 24px;\"><\/div>         <\/div>             <div class=\"kksr-star\" style=\"padding-right: 5px\">               <div class=\"kksr-icon\" style=\"width: 24px; height: 24px;\"><\/div>         <\/div>             <div class=\"kksr-star\" style=\"padding-right: 5px\">               <div class=\"kksr-icon\" style=\"width: 24px; height: 24px;\"><\/div>         <\/div>             <div class=\"kksr-star\" style=\"padding-right: 5px\">               <div class=\"kksr-icon\" style=\"width: 24px; height: 24px;\"><\/div>         <\/div>     <\/div> <\/div>                   <div class=\"kksr-legend\" style=\"font-size: 19.2px;\">             <span class=\"kksr-muted\">Betygs\u00e4tt denna produkt<\/span>     <\/div>     <\/div>  <p class=\"translation-block\"> Station\u00e4r vakuumf\u00f6rpackningsmaskin \u00e4r en maskin som kan vakuumf\u00f6rpacka material. Den station\u00e4ra vakuumf\u00f6rpackningsmaskinen kan anv\u00e4ndas f\u00f6r b\u00e5de torra och v\u00e5ta produkter, f\u00f6r fasta, flytande, pulver och pasta livsmedel, spannm\u00e5l, frukt, konserverad frukt och kemikalier. Elektroniska komponenter, precisionsinstrument, s\u00e4llsynta metaller, etc. f\u00f6r vakuumf\u00f6rpackning. Vakuumf\u00f6rpackning \u00e4r mycket vanligt i vardagen, denna metod \u00e4r ocks\u00e5 enkel och praktisk, och \u00e4lskas av m\u00e5nga tillverkare. Dessutom har vi m\u00e5nga typer av <a href=\"https:\/\/www.meatprocessingmachine.org\/sv\/vacuum-packing-machine.html\/\">vakuumf\u00f6rpackningsmaskiner<\/a> att v\u00e4lja mellan.<\/p>    <h2 class=\"wp-block-heading\" id=\"h-how-to-use-desktop-vacuum-packing-machine\">Hur man anv\u00e4nder station\u00e4r vakuumf\u00f6rpackningsmaskin<\/h2>    <figure class=\"wp-block-embed is-type-video is-provider-youtube wp-block-embed-youtube\"><div class=\"wp-block-embed__wrapper\"> <iframe loading=\"lazy\" title=\"vakuumf\u00f6rpackningsmaskin | matkammare vakuumf\u00f6rseglare\" width=\"500\" height=\"281\" src=\"https:\/\/www.youtube.com\/embed\/2CWP6Zl_GKg?start=8&#038;feature=oembed\" frameborder=\"0\" allow=\"accelerometer; autoplay; clipboard-write; encrypted-media; gyroscope; picture-in-picture; web-share\" referrerpolicy=\"strict-origin-when-cross-origin\" allowfullscreen><\/iframe> <\/div><\/figure>    <p>The use of vacuum packaging is very simple. First of all, you need to put the things to be packaged into the packaging bag, place the opening on the machine&#8217;s seal, and then turn on the switch, the machine will start working, and the machine will complete after extracting the air from the packaging bag. The predetermined vacuum degree, and finally the machine completes the sealing process.<\/p>    <h2 class=\"wp-block-heading\">Vakuumf\u00f6rpackningens roll<\/h2>    <figure class=\"wp-block-image size-full\"><img loading=\"lazy\" decoding=\"async\" width=\"750\" height=\"934\" src=\"https:\/\/www.meatprocessingmachine.org\/wp-content\/uploads\/2021\/08\/product-of-vacuum-packing.jpg\" alt=\"product of vacuum packing\" class=\"wp-image-1639\" title=\"\" srcset=\"https:\/\/www.meatprocessingmachine.org\/wp-content\/uploads\/2021\/08\/product-of-vacuum-packing.jpg 750w, https:\/\/www.meatprocessingmachine.org\/wp-content\/uploads\/2021\/08\/product-of-vacuum-packing-241x300.jpg 241w\" sizes=\"auto, (max-width: 750px) 100vw, 750px\" \/><figcaption>Produkt av vakuumf\u00f6rpackning<\/figcaption><\/figure>    <p>Huvudfunktionen f\u00f6r vakuumf\u00f6rpackning \u00e4r att f\u00f6rl\u00e4nga matens h\u00e5llbarhet och f\u00f6rhindra m\u00f6gel och f\u00f6rs\u00e4mring. Huvudfunktionen \u00e4r att ta bort syret i f\u00f6rpackningsp\u00e5sen s\u00e5 att maten exponeras f\u00f6r syre s\u00e5 lite som m\u00f6jligt, vilket minskar oxidationstakten. En annan aspekt \u00e4r att f\u00f6rhindra bakterietillv\u00e4xt. Det finns m\u00e5nga bakterier i luften. Om en l\u00e4mplig tillv\u00e4xtmilj\u00f6 skapas, kommer bakterierna att f\u00f6r\u00f6ka sig p\u00e5 kort tid. Accelerera matens f\u00f6rst\u00f6relse. P\u00e5 grund av vakuumf\u00f6rpackningens goda t\u00e4tning kan den f\u00f6rhindra att maten f\u00f6rlorar fukt till en viss grad och beh\u00e5lla den ursprungliga smaken av maten n\u00e4r den f\u00f6rst producerades. D\u00e4rf\u00f6r har vakuumf\u00f6rpackning blivit en oumb\u00e4rlig del av livet.<\/p>    <figure class=\"wp-block-image size-full\"><img loading=\"lazy\" decoding=\"async\" width=\"750\" height=\"750\" src=\"https:\/\/www.meatprocessingmachine.org\/wp-content\/uploads\/2021\/08\/vacuum-packing-machine-2.jpg\" alt=\"vakuumf\u00f6rpackningsmaskin\" class=\"wp-image-1641\" title=\"\" srcset=\"https:\/\/www.meatprocessingmachine.org\/wp-content\/uploads\/2021\/08\/vacuum-packing-machine-2.jpg 750w, https:\/\/www.meatprocessingmachine.org\/wp-content\/uploads\/2021\/08\/vacuum-packing-machine-2-300x300.jpg 300w, https:\/\/www.meatprocessingmachine.org\/wp-content\/uploads\/2021\/08\/vacuum-packing-machine-2-150x150.jpg 150w\" sizes=\"auto, (max-width: 750px) 100vw, 750px\" \/><figcaption>Vakuumf\u00f6rpackningsmaskin<\/figcaption><\/figure>    <h2 class=\"wp-block-heading\">Parametrar f\u00f6r station\u00e4r f\u00f6rpackningsmaskin<\/h2>    <figure class=\"wp-block-table\"><table><tbody><tr><td>modell<\/td><td>DZ260<\/td><\/tr><tr><td>str\u00f6mk\u00e4lla<\/td><td>220V \/ 110V 50\/60Hz<\/td><\/tr><tr><td>Vakuumpumpens effekt<\/td><td>370W<\/td><\/tr><tr><td>F\u00f6rslutningskraft<\/td><td>200 mm<\/td><\/tr><tr><td>L\u00e4gsta absoluta tryck<\/td><td>1Kpa<\/td><\/tr><tr><td>F\u00f6rslutningsposition<\/td><td>1 styck (f\u00f6rslutningsremsa)<\/td><\/tr><tr><td>Vakuumkammare storlek<\/td><td>340*300*50mm<\/td><\/tr><tr><td>F\u00f6rslutningsstorlek<\/td><td>260*8mm<\/td><\/tr><tr><td>vikt<\/td><td>35KG<\/td><\/tr><tr><td>Maskinens storlek<\/td><td>480*330*360mm<\/td><\/tr><\/tbody><\/table><figcaption>Station\u00e4r vakuumf\u00f6rpackningsmaskin<\/figcaption><\/figure>    <h2 class=\"wp-block-heading\">F\u00f6rdelar med station\u00e4r vakuumf\u00f6rpackningsmaskin<\/h2>    <figure class=\"wp-block-image size-full\"><img loading=\"lazy\" decoding=\"async\" width=\"750\" height=\"831\" src=\"https:\/\/www.meatprocessingmachine.org\/wp-content\/uploads\/2021\/08\/Vacuum-packaging-machine-details.jpg\" alt=\"Vakuumf\u00f6rpackningsmaskinens detaljer\" class=\"wp-image-1642\" title=\"\" srcset=\"https:\/\/www.meatprocessingmachine.org\/wp-content\/uploads\/2021\/08\/Vacuum-packaging-machine-details.jpg 750w, https:\/\/www.meatprocessingmachine.org\/wp-content\/uploads\/2021\/08\/Vacuum-packaging-machine-details-271x300.jpg 271w\" sizes=\"auto, (max-width: 750px) 100vw, 750px\" \/><figcaption>Vakuumf\u00f6rpackningsmaskinens detaljer<\/figcaption><\/figure>    <p>1. Denna serie av vakuumf\u00f6rpackningsmaskiner kan vakuum, f\u00f6rsluta, skriva ut och kyla samtidigt. Denna produkt \u00e4r l\u00e4mplig f\u00f6r vakuumf\u00f6rpackning av mat, medicin, vattenprodukter, kemiska r\u00e5varor, elektroniska komponenter och andra produkter f\u00f6r att f\u00f6rhindra oxidation och m\u00f6gel. Korrosionsskydd, fuktskydd, kvalitet och f\u00e4rskhet, f\u00f6rl\u00e4nga produktens lagringstid.<\/p>    <p>2. Den station\u00e4ra vakuumf\u00f6rpackningsmaskinen har egenskaper som liten storlek, l\u00e5g energif\u00f6rbrukning, kort pumpningstid, etc., vilket g\u00f6r den l\u00e4mplig f\u00f6r f\u00f6rpackning av sm\u00e5 f\u00f6rem\u00e5l.<\/p>    <p>3. Systemet har f\u00f6rdelar som exakt kontroll, stark st\u00f6rningsmotst\u00e5ndskraft och god stabilitet. Alla inst\u00e4llningar g\u00f6rs direkt p\u00e5 panelen utan att justera andra komponenter.<\/p>    <p>4. Den station\u00e4ra vakuumf\u00f6rpackningsmaskinen har egenskaper som liten storlek, l\u00e5g energif\u00f6rbrukning, kort pumpningstid, etc., vilket g\u00f6r den l\u00e4mplig f\u00f6r f\u00f6rpackning av sm\u00e5 f\u00f6rem\u00e5l.<\/p>","protected":false},"excerpt":{"rendered":"<p>The desktop vacuum packaging machine is a machine that can vacuum materials. The desktop vacuum packaging machine can be applied to both dry and wet products, for solid, liquid, powder, and paste foods, grains, fruits, preserved fruits, and chemicals. Electronic components, precision instruments, rare metals, etc. for vacuum packaging. Vacuum packaging is very common in life, this method is also simple and practical, and is loved by many manufacturers. In addition, we also have many types of vacuum packaging machines to choose.<\/p>","protected":false},"author":1,"featured_media":1638,"parent":0,"template":"","product-type":[596],"class_list":["post-1635","product","type-product","status-publish","has-post-thumbnail","hentry","product-type-meat-packaging-equipment"],"_links":{"self":[{"href":"https:\/\/www.meatprocessingmachine.org\/sv\/wp-json\/wp\/v2\/product\/1635","targetHints":{"allow":["GET"]}}],"collection":[{"href":"https:\/\/www.meatprocessingmachine.org\/sv\/wp-json\/wp\/v2\/product"}],"about":[{"href":"https:\/\/www.meatprocessingmachine.org\/sv\/wp-json\/wp\/v2\/types\/product"}],"author":[{"embeddable":true,"href":"https:\/\/www.meatprocessingmachine.org\/sv\/wp-json\/wp\/v2\/users\/1"}],"wp:featuredmedia":[{"embeddable":true,"href":"https:\/\/www.meatprocessingmachine.org\/sv\/wp-json\/wp\/v2\/media\/1638"}],"wp:attachment":[{"href":"https:\/\/www.meatprocessingmachine.org\/sv\/wp-json\/wp\/v2\/media?parent=1635"}],"wp:term":[{"taxonomy":"product-type","embeddable":true,"href":"https:\/\/www.meatprocessingmachine.org\/sv\/wp-json\/wp\/v2\/product-type?post=1635"}],"curies":[{"name":"wp","href":"https:\/\/api.w.org\/{rel}","templated":true}]}}