{"id":1646,"date":"2021-08-12T17:23:30","date_gmt":"2021-08-12T09:23:30","guid":{"rendered":"https:\/\/www.meatprocessingmachine.org\/?p=1646"},"modified":"2026-02-12T16:00:37","modified_gmt":"2026-02-12T08:00:37","slug":"single-chamber-vacuum-packaging-machine","status":"publish","type":"product","link":"https:\/\/www.meatprocessingmachine.org\/sv\/single-chamber-vacuum-packaging-machine.html","title":{"rendered":"Enkammars vakuumf\u00f6rpackningsmaskin | Vakuumf\u00f6rslutningsmaskin"},"content":{"rendered":"<div class=\"kk-star-ratings kksr-auto kksr-align-right kksr-valign-top\"     data-payload='{&quot;align&quot;:&quot;right&quot;,&quot;id&quot;:&quot;1646&quot;,&quot;slug&quot;:&quot;default&quot;,&quot;valign&quot;:&quot;top&quot;,&quot;ignore&quot;:&quot;&quot;,&quot;reference&quot;:&quot;auto&quot;,&quot;class&quot;:&quot;&quot;,&quot;count&quot;:&quot;0&quot;,&quot;legendonly&quot;:&quot;&quot;,&quot;readonly&quot;:&quot;&quot;,&quot;score&quot;:&quot;0&quot;,&quot;starsonly&quot;:&quot;&quot;,&quot;best&quot;:&quot;5&quot;,&quot;gap&quot;:&quot;5&quot;,&quot;greet&quot;:&quot;Rate this product&quot;,&quot;legend&quot;:&quot;0\\\/5 - (0 votes)&quot;,&quot;size&quot;:&quot;24&quot;,&quot;title&quot;:&quot;Single chamber vacuum packaging machine | Vacuum sealing machine&quot;,&quot;width&quot;:&quot;0&quot;,&quot;_legend&quot;:&quot;{score}\\\/{best} - ({count} {votes})&quot;,&quot;font_factor&quot;:&quot;1.25&quot;}'>              <div class=\"kksr-stars\">      <div class=\"kksr-stars-inactive\">             <div class=\"kksr-star\" data-star=\"1\" style=\"padding-right: 5px\">               <div class=\"kksr-icon\" style=\"width: 24px; height: 24px;\"><\/div>         <\/div>             <div class=\"kksr-star\" data-star=\"2\" style=\"padding-right: 5px\">               <div class=\"kksr-icon\" style=\"width: 24px; height: 24px;\"><\/div>         <\/div>             <div class=\"kksr-star\" data-star=\"3\" style=\"padding-right: 5px\">               <div class=\"kksr-icon\" style=\"width: 24px; height: 24px;\"><\/div>         <\/div>             <div class=\"kksr-star\" data-star=\"4\" style=\"padding-right: 5px\">               <div class=\"kksr-icon\" style=\"width: 24px; height: 24px;\"><\/div>         <\/div>             <div class=\"kksr-star\" data-star=\"5\" style=\"padding-right: 5px\">               <div class=\"kksr-icon\" style=\"width: 24px; height: 24px;\"><\/div>         <\/div>     <\/div>      <div class=\"kksr-stars-active\" style=\"width: 0px;\">             <div class=\"kksr-star\" style=\"padding-right: 5px\">               <div class=\"kksr-icon\" style=\"width: 24px; height: 24px;\"><\/div>         <\/div>             <div class=\"kksr-star\" style=\"padding-right: 5px\">               <div class=\"kksr-icon\" style=\"width: 24px; height: 24px;\"><\/div>         <\/div>             <div class=\"kksr-star\" style=\"padding-right: 5px\">               <div class=\"kksr-icon\" style=\"width: 24px; height: 24px;\"><\/div>         <\/div>             <div class=\"kksr-star\" style=\"padding-right: 5px\">               <div class=\"kksr-icon\" style=\"width: 24px; height: 24px;\"><\/div>         <\/div>             <div class=\"kksr-star\" style=\"padding-right: 5px\">               <div class=\"kksr-icon\" style=\"width: 24px; height: 24px;\"><\/div>         <\/div>     <\/div> <\/div>                   <div class=\"kksr-legend\" style=\"font-size: 19.2px;\">             <span class=\"kksr-muted\">Betygs\u00e4tt denna produkt<\/span>     <\/div>     <\/div>  <p class=\"translation-block\">Enkelskammars vakuumf\u00f6rpackningsmaskin kan ta ut syre ur f\u00f6rpackningsp\u00e5sen f\u00f6r att bilda vakuum. D\u00e4rf\u00f6r f\u00f6rl\u00e4ngs livsl\u00e4ngden f\u00f6r maten. En automatisk vakuumf\u00f6rseglar passar f\u00f6r f\u00f6rpackning av k\u00f6ttprodukter, <a href=\"https:\/\/en.wikipedia.org\/wiki\/Grain\" target=\"_blank\" rel=\"noopener\">korn<\/a>s, mediciner, etc. Industriell kammars vakuumtryck kan f\u00f6rhindra att maten blir m\u00f6gelbildning, samtidigt som den ursprungliga smaken bevaras och att fukten i maten inte f\u00f6rloras.<\/p>    <h2 class=\"wp-block-heading\">Arbetsvisning av enskammars vakuumf\u00f6rpackningsmaskin<\/h2>    <figure class=\"wp-block-embed is-type-video is-provider-youtube wp-block-embed-youtube\"><div class=\"wp-block-embed__wrapper\"> <iframe loading=\"lazy\" title=\"Kommersiella vakuumf\u00f6rsegare | Enkammars vakuumf\u00f6rpackningsmaskin | packmaskin\" width=\"500\" height=\"281\" src=\"https:\/\/www.youtube.com\/embed\/0tZFANYuKhw?feature=oembed\" frameborder=\"0\" allow=\"accelerometer; autoplay; clipboard-write; encrypted-media; gyroscope; picture-in-picture; web-share\" referrerpolicy=\"strict-origin-when-cross-origin\" allowfullscreen><\/iframe> <\/div><figcaption class=\"wp-element-caption\">vacuum f\u00f6rpackningsmaskin arbetsvisning<\/figcaption><\/figure>    <h2 class=\"wp-block-heading\">Funktioner hos industriell kammars vakuumtryckare<\/h2>    <ol class=\"wp-block-list\"> <li>Enskammars vakuumf\u00f6rpackningsmaskinen anv\u00e4nder helt transparent plexiglas, och f\u00f6rpackningssituation kan observeras under fromr\u00e5det.<\/li>    <li>Enskammars vakuumf\u00f6rpackningsmaskin kan slutf\u00f6ra flera steg som vakuum, f\u00f6rsegling och utskrift samtidigt.<\/li>    <li>Kroppen \u00e4r liten och enkel att flytta.<\/li>    <li>V\u00e4rme \u00f6verf\u00f6rs temperatur kontrollerbar under f\u00f6rsegling och kan justeras n\u00e4r som helst beroende p\u00e5 situationen.<\/li> <\/ol>    <h2 class=\"wp-block-heading\">Parametrar f\u00f6r enskammars vakuumf\u00f6rpackningsmaskin<\/h2>    <figure class=\"wp-block-table\"><table><tbody><tr><td>Modell<\/td><td>DZ400\/2E<\/td><td>DZ500\/2E<\/td><td>DZ600\/2E<\/td><\/tr><tr><td>Str\u00f6mf\u00f6rs\u00f6rjning<\/td><td>220V\/110V<\/td><td>220V\/110V<\/td><td>220V\/110V<\/td><\/tr><tr><td>Vakuumpumpens effekt<\/td><td>900W<\/td><td>900W<\/td><td>1800W<\/td><\/tr><tr><td>F\u00f6rslutningskraft<\/td><td>600W<\/td><td>750W<\/td><td>1200W<\/td><\/tr><tr><td>L\u00e4gsta absoluta tryck<\/td><td>1Kpa<\/td><td>1Kpa<\/td><td>1Kpa<\/td><\/tr><tr><td>F\u00f6rslutningsposition<\/td><td>2 (f\u00f6rseglingsrem)<\/td><td>2 (f\u00f6rseglingsrem)<\/td><td>2 (f\u00f6rseglingsrem)<\/td><\/tr><tr><td>Vakuumkammare storlek<\/td><td>430x420x75mm<\/td><td>530x520x75mm<\/td><td>650x620x100mm<\/td><\/tr><tr><td>F\u00f6rslutningsstorlek<\/td><td>400*10mm<\/td><td>500*10mm<\/td><td>600*10mm<\/td><\/tr><tr><td>Nettovikt<\/td><td>80KG<\/td><td>100KG<\/td><td>150KG<\/td><\/tr><tr><td>Maskinens storlek<\/td><td>540*500*950mm<\/td><td>580*630*1000mm<\/td><td>750*710*1000mm<\/td><\/tr><\/tbody><\/table><figcaption class=\"wp-element-caption\"> Parametrar f\u00f6r vakuumf\u00f6rpackningsmaskin <\/figcaption><\/figure>    <h2 class=\"wp-block-heading\" id=\"h-operation-steps-of-single-chamber-vacuum-packaging-machine\">Driftssteg f\u00f6r enskammars vakuumf\u00f6rpackningsmaskin<\/h2>    <figure class=\"wp-block-image size-full is-resized\"><img loading=\"lazy\" decoding=\"async\" width=\"750\" height=\"750\" src=\"https:\/\/www.meatprocessingmachine.org\/wp-content\/uploads\/2021\/08\/Automatic-Vacuum-Sealing-Machine.jpg\" alt=\"Automatic Vacuum Sealing Machine\" class=\"wp-image-1649\" title=\"\" srcset=\"https:\/\/www.meatprocessingmachine.org\/wp-content\/uploads\/2021\/08\/Automatic-Vacuum-Sealing-Machine.jpg 750w, https:\/\/www.meatprocessingmachine.org\/wp-content\/uploads\/2021\/08\/Automatic-Vacuum-Sealing-Machine-300x300.jpg 300w, https:\/\/www.meatprocessingmachine.org\/wp-content\/uploads\/2021\/08\/Automatic-Vacuum-Sealing-Machine-150x150.jpg 150w\" sizes=\"auto, (max-width: 750px) 100vw, 750px\" \/><figcaption class=\"wp-element-caption\"><br>automatisk vacuumf\u00f6rseglingmaskin<\/figcaption><\/figure>    <ol class=\"wp-block-list\"> <li>Enkelskammars vakuumf\u00f6rpackningsmaskin best\u00e5r huvudsakligen av ett vakuumsystem, ett gasuppsugnings- och f\u00f6rsegling system, ett v\u00e4rmepressf\u00f6rsegling system och ett elektriskt styrsystem. Driftprocessen f\u00f6r enskilda kammaren \u00e4r dock mycket enkel.<\/li>    <li>S\u00e4tt p\u00e5 str\u00f6mf\u00f6rs\u00f6rjningen: v\u00e4xla str\u00f6mvalet som beh\u00f6vs, det vill s\u00e4ga str\u00f6mindikatorn \u00e4r p\u00e5. Str\u00f6mvalet pekar mot vacuum f\u00f6r vakuumf\u00f6rsegling, och vakuumfyllning \u00e4r f\u00f6r vakuumfyllning och f\u00f6rsegling.<\/li>    <li>Put the packaging bag with the contents in the vacuum chamber, the bag&#8217;s mouth is neat.<\/li>    <li>Tryck ned locket, och fr\u00e5nvaron av utsug (vacuum) indikatorljuset p\u00e5 panelen t\u00e4nds. Vakuumpumpen b\u00f6rjar pumpa luft, och locket sugs automatiskt in. Vakuumreglaget kan justeras enligt f\u00f6rpackningskrav. Vid justering visas skalan fr\u00e5n l\u00e5g till h\u00f6g med liten amplitud.<\/li>    <li>N\u00e4r pumpningen n\u00e5r inst\u00e4lld tid, det kr\u00e4vd vakuumet uppn\u00e5s, upph\u00f6r pumpningen.<\/li>    <li>N\u00e4r pumpningen \u00e4r f\u00e4rdig, t\u00e4nds indikatorlampan, v\u00e4rmekryssindikatorn lyser, och uppsv\u00e4llningen b\u00f6rjar.<\/li>    <li>N\u00e4r parameterna justeras b\u00f6r vridningsomr\u00e5det vara litet f\u00f6r att f\u00f6rhindra att v\u00e4rmef\u00f6rseglingen pl\u00f6tsligt \u00f6kar och br\u00e4nner f\u00f6rseglingstillbeh\u00f6ren.<\/li>    <li>N\u00e4r f\u00f6rseglingstiden uppn\u00e5s t\u00e4nds v\u00e4rmef\u00f6rseglingenindikatorn f\u00f6r att indikera slutet av f\u00f6rseglingen, och vakuumkammaren kopplas automatiskt till atmosf\u00e4ren genom solenoidsventilen tills locket lyfts automatiskt, och vakuumf\u00f6rpackningsprocessen \u00e4r \u00f6ver, redo f\u00f6r n\u00e4sta f\u00f6rpackningscykel.<\/li> <\/ol>    <figure class=\"wp-block-image size-full is-resized\"><img loading=\"lazy\" decoding=\"async\" width=\"750\" height=\"934\" src=\"https:\/\/www.meatprocessingmachine.org\/wp-content\/uploads\/2021\/08\/product-of-vacuum-packing-1.jpg\" alt=\"product of Industrial Chamber vacuum sealer \" class=\"wp-image-1653\" title=\"\" srcset=\"https:\/\/www.meatprocessingmachine.org\/wp-content\/uploads\/2021\/08\/product-of-vacuum-packing-1.jpg 750w, https:\/\/www.meatprocessingmachine.org\/wp-content\/uploads\/2021\/08\/product-of-vacuum-packing-1-241x300.jpg 241w\" sizes=\"auto, (max-width: 750px) 100vw, 750px\" \/><figcaption class=\"wp-element-caption\"><br><br>produkt av industriell kammars vakuumf\u00f6rseglar<\/figcaption><\/figure>    <h2 class=\"wp-block-heading\">Om f\u00f6rpackningsp\u00e5sen<\/h2>    <p>M\u00e5nga kunder rapporterar att vakuump\u00e5sen g\u00e5r s\u00f6nder n\u00e4r man anv\u00e4nder enskammars vakuumf\u00f6rpackningsmaskin f\u00f6r att packa. Fr\u00e5ga v\u00e5ra tekniker varf\u00f6r detta h\u00e4nder. F\u00f6r att uttrycka det enkelt, \u00e4r tjockleken p\u00e5 vakuump\u00e5sen vi anv\u00e4nder inte tillr\u00e4ckligt h\u00f6g, eftersom vakuumet \u00e4r relativt stort, s\u00e5 om p\u00e5sen inte uppn\u00e5r tjockleken n\u00e4r vi vakuumerar, kan den skadas, s\u00e5 f\u00f6r f\u00f6rpackningsmaterial g\u00e4ller fortfarande v\u00e5ra krav f\u00f6r att s\u00e4kerst\u00e4lla normalt vakuumarbete.<\/p>   <div class=\"wp-block-image\"> <figure class=\"aligncenter size-full is-resized\"><img loading=\"lazy\" decoding=\"async\" width=\"720\" height=\"540\" src=\"https:\/\/www.meatprocessingmachine.org\/wp-content\/uploads\/2022\/03\/sausage-vacuum-packaging-machine-1-1.png\" alt=\"enkelskammars vakuumf\u00f6rpackningsmaskin\" class=\"wp-image-32950\" style=\"object-fit:cover;width:720px;height:540px\" title=\"\" srcset=\"https:\/\/www.meatprocessingmachine.org\/wp-content\/uploads\/2022\/03\/sausage-vacuum-packaging-machine-1-1.png 720w, https:\/\/www.meatprocessingmachine.org\/wp-content\/uploads\/2022\/03\/sausage-vacuum-packaging-machine-1-1-300x225.png 300w\" sizes=\"auto, (max-width: 720px) 100vw, 720px\" \/><figcaption class=\"wp-element-caption\">Enkelskammars vakuumf\u00f6rpackningsmaskin<\/figcaption><\/figure> <\/div>   <h2 class=\"wp-block-heading\">Typer av vakuumf\u00f6rpackningsmaskin<\/h2>    <p class=\"translation-block\">Det finns tv\u00e5 typer av vakuumpackningsmaskiner: enskammars och <a href=\"https:\/\/www.meatprocessingmachine.org\/sv\/dz-260-desktop-vacuum-packing-machine-for-sealing.html\/\">dubbellkamars vakuumf\u00f6rpackning<\/a>s. Funktionen och effekten \u00e4r desamma. Den st\u00f6rsta skillnaden \u00e4r f\u00f6rpackningshastigheten. Om du vill veta mer om denna maskin, v\u00e4nligen kontakta oss.<\/p>    <div class=\"wp-block-columns is-layout-flex wp-container-core-columns-is-layout-9d6595d7 wp-block-columns-is-layout-flex\"> <div class=\"wp-block-column is-layout-flow wp-block-column-is-layout-flow\"> <figure class=\"wp-block-image size-full\"><a href=\"https:\/\/www.meatprocessingmachine.org\/sv\/single-chamber-vacuum-packaging-machine-vacuum-sealing-machine.html\/\"><img loading=\"lazy\" decoding=\"async\" width=\"720\" height=\"540\" src=\"https:\/\/www.meatprocessingmachine.org\/wp-content\/uploads\/2018\/10\/single-chamber-meat-vacuum-packing-machine.webp\" alt=\"enkammars k\u00f6ttvakuumf\u00f6rpackningsmaskin\" class=\"wp-image-34424\" title=\"\" srcset=\"https:\/\/www.meatprocessingmachine.org\/wp-content\/uploads\/2018\/10\/single-chamber-meat-vacuum-packing-machine.webp 720w, https:\/\/www.meatprocessingmachine.org\/wp-content\/uploads\/2018\/10\/single-chamber-meat-vacuum-packing-machine-300x225.webp 300w, https:\/\/www.meatprocessingmachine.org\/wp-content\/uploads\/2018\/10\/single-chamber-meat-vacuum-packing-machine-16x12.webp 16w\" sizes=\"auto, (max-width: 720px) 100vw, 720px\" \/><\/a><figcaption class=\"wp-element-caption\">Enkammars k\u00f6ttvakuumf\u00f6rpackningsmaskin<\/figcaption><\/figure> <\/div>    <div class=\"wp-block-column is-layout-flow wp-block-column-is-layout-flow\"> <figure class=\"wp-block-image size-full\"><a href=\"https:\/\/www.meatprocessingmachine.org\/sv\/dz-260-desktop-vacuum-packing-machine-for-sealing.html\/\"><img loading=\"lazy\" decoding=\"async\" width=\"720\" height=\"540\" src=\"https:\/\/www.meatprocessingmachine.org\/wp-content\/uploads\/2018\/10\/meat-vacuum-packaging-machine.webp\" alt=\"K\u00f6ttf\u00f6rpackningsmaskin\" class=\"wp-image-34423\" title=\"\" srcset=\"https:\/\/www.meatprocessingmachine.org\/wp-content\/uploads\/2018\/10\/meat-vacuum-packaging-machine.webp 720w, https:\/\/www.meatprocessingmachine.org\/wp-content\/uploads\/2018\/10\/meat-vacuum-packaging-machine-300x225.webp 300w, https:\/\/www.meatprocessingmachine.org\/wp-content\/uploads\/2018\/10\/meat-vacuum-packaging-machine-16x12.webp 16w\" sizes=\"auto, (max-width: 720px) 100vw, 720px\" \/><\/a><figcaption class=\"wp-element-caption\">Dubbelkamars k\u00f6ttvakuumf\u00f6rpackningsmaskin<\/figcaption><\/figure> <\/div> <\/div>","protected":false},"excerpt":{"rendered":"<p>The single-chamber vacuum packaging machine can extract oxygen from the packaging bag to form a vacuum state. Thereby extending the shelf life of food. An automatic Vacuum Sealing Machine is suitable for packaging meat products, grains, medicines, etc. Industrial Chamber vacuum sealer can prevent the food from becoming moldy, while maintaining the original flavor of the food, ensuring that the moisture of the food will not be lost.<\/p>","protected":false},"author":1,"featured_media":1656,"parent":0,"template":"","product-type":[596],"class_list":["post-1646","product","type-product","status-publish","has-post-thumbnail","hentry","product-type-meat-packaging-equipment"],"_links":{"self":[{"href":"https:\/\/www.meatprocessingmachine.org\/sv\/wp-json\/wp\/v2\/product\/1646","targetHints":{"allow":["GET"]}}],"collection":[{"href":"https:\/\/www.meatprocessingmachine.org\/sv\/wp-json\/wp\/v2\/product"}],"about":[{"href":"https:\/\/www.meatprocessingmachine.org\/sv\/wp-json\/wp\/v2\/types\/product"}],"author":[{"embeddable":true,"href":"https:\/\/www.meatprocessingmachine.org\/sv\/wp-json\/wp\/v2\/users\/1"}],"wp:featuredmedia":[{"embeddable":true,"href":"https:\/\/www.meatprocessingmachine.org\/sv\/wp-json\/wp\/v2\/media\/1656"}],"wp:attachment":[{"href":"https:\/\/www.meatprocessingmachine.org\/sv\/wp-json\/wp\/v2\/media?parent=1646"}],"wp:term":[{"taxonomy":"product-type","embeddable":true,"href":"https:\/\/www.meatprocessingmachine.org\/sv\/wp-json\/wp\/v2\/product-type?post=1646"}],"curies":[{"name":"wp","href":"https:\/\/api.w.org\/{rel}","templated":true}]}}