{"id":1855,"date":"2021-08-31T17:22:25","date_gmt":"2021-08-31T09:22:25","guid":{"rendered":"https:\/\/www.meatprocessingmachine.org\/?p=1855"},"modified":"2023-02-17T15:16:02","modified_gmt":"2023-02-17T07:16:02","slug":"chicken-bone-grinder-best-meat-grinder-for-grinding-bones","status":"publish","type":"product","link":"https:\/\/www.meatprocessingmachine.org\/sv\/chicken-bone-grinder-best-meat-grinder-for-grinding-bones.html","title":{"rendered":"B\u00e4sta k\u00f6ttkvarn f\u00f6r att mala ben | Kycklingbenkvarn"},"content":{"rendered":"<div class=\"kk-star-ratings kksr-auto kksr-align-right kksr-valign-top\"     data-payload='{&quot;align&quot;:&quot;right&quot;,&quot;id&quot;:&quot;1855&quot;,&quot;slug&quot;:&quot;default&quot;,&quot;valign&quot;:&quot;top&quot;,&quot;ignore&quot;:&quot;&quot;,&quot;reference&quot;:&quot;auto&quot;,&quot;class&quot;:&quot;&quot;,&quot;count&quot;:&quot;0&quot;,&quot;legendonly&quot;:&quot;&quot;,&quot;readonly&quot;:&quot;&quot;,&quot;score&quot;:&quot;0&quot;,&quot;starsonly&quot;:&quot;&quot;,&quot;best&quot;:&quot;5&quot;,&quot;gap&quot;:&quot;5&quot;,&quot;greet&quot;:&quot;Rate this product&quot;,&quot;legend&quot;:&quot;0\\\/5 - (0 votes)&quot;,&quot;size&quot;:&quot;24&quot;,&quot;title&quot;:&quot;Best Meat Grinder for Grinding Bones | Chicken Bone Grinder&quot;,&quot;width&quot;:&quot;0&quot;,&quot;_legend&quot;:&quot;{score}\\\/{best} - ({count} {votes})&quot;,&quot;font_factor&quot;:&quot;1.25&quot;}'>              <div class=\"kksr-stars\">      <div class=\"kksr-stars-inactive\">             <div class=\"kksr-star\" data-star=\"1\" style=\"padding-right: 5px\">               <div class=\"kksr-icon\" style=\"width: 24px; height: 24px;\"><\/div>         <\/div>             <div class=\"kksr-star\" data-star=\"2\" style=\"padding-right: 5px\">               <div class=\"kksr-icon\" style=\"width: 24px; height: 24px;\"><\/div>         <\/div>             <div class=\"kksr-star\" data-star=\"3\" style=\"padding-right: 5px\">               <div class=\"kksr-icon\" style=\"width: 24px; height: 24px;\"><\/div>         <\/div>             <div class=\"kksr-star\" data-star=\"4\" style=\"padding-right: 5px\">               <div class=\"kksr-icon\" style=\"width: 24px; height: 24px;\"><\/div>         <\/div>             <div class=\"kksr-star\" data-star=\"5\" style=\"padding-right: 5px\">               <div class=\"kksr-icon\" style=\"width: 24px; height: 24px;\"><\/div>         <\/div>     <\/div>      <div class=\"kksr-stars-active\" style=\"width: 0px;\">             <div class=\"kksr-star\" style=\"padding-right: 5px\">               <div class=\"kksr-icon\" style=\"width: 24px; height: 24px;\"><\/div>         <\/div>             <div class=\"kksr-star\" style=\"padding-right: 5px\">               <div class=\"kksr-icon\" style=\"width: 24px; height: 24px;\"><\/div>         <\/div>             <div class=\"kksr-star\" style=\"padding-right: 5px\">               <div class=\"kksr-icon\" style=\"width: 24px; height: 24px;\"><\/div>         <\/div>             <div class=\"kksr-star\" style=\"padding-right: 5px\">               <div class=\"kksr-icon\" style=\"width: 24px; height: 24px;\"><\/div>         <\/div>             <div class=\"kksr-star\" style=\"padding-right: 5px\">               <div class=\"kksr-icon\" style=\"width: 24px; height: 24px;\"><\/div>         <\/div>     <\/div> <\/div>                   <div class=\"kksr-legend\" style=\"font-size: 19.2px;\">             <span class=\"kksr-muted\">Betygs\u00e4tt denna produkt<\/span>     <\/div>     <\/div>  <p>En f\u00e5gelbenkvarn \u00e4r en maskin som kan mala k\u00f6tt med ben. Vi kan direkt l\u00e4gga i lite kyckling, fisk, f\u00e5gel etc. f\u00f6r bearbetning, f\u00f6r att ge hundar eller andra tillskott. F\u00f6r n\u00e4ringsrik matproduktion \u00e4r denna k\u00f6ttkvarn mycket kraftfull, inte l\u00e4mplig f\u00f6r familjer med bara en husdjurshund, men mer l\u00e4mplig f\u00f6r k\u00f6ttbearbetningsfabriker, husdjursfoderfabriker, djuruppf\u00f6dningsinstitutioner etc.<\/p>    <h2 class=\"wp-block-heading\">Varf\u00f6r v\u00e4lja en f\u00e5gelk\u00f6ttkvarn<\/h2>    <p>There are many meat grinders on the market, but most of them can only process softer pure meat, so you can&#8217;t do anything about meat with bones, but some pets need to absorb some fat and protein in the bones, for convenience For consumption and preservation, bone grinders are used. The blade of this machine is hard enough, otherwise, it will not only be unable to grind the bones but will damage the tool.<\/p>    <h2 class=\"wp-block-heading\" id=\"h-bone-grinder-parameters\">Benkrossningsmaskin parametrar<\/h2>    <p>Modell: TZ-130<\/p>    <p>Storlek: 580*580*890mm<\/p>    <p>Sp\u00e4nning: 220v 50hz<\/p>    <p>Effekt: 5,5kw<\/p>    <p>Kapacitet: 300-500kg\/h<\/p>    <p>Vikt: 130kg<\/p>    <p>Krossningsfinhet: 5-15mm<\/p>    <h2 class=\"wp-block-heading\">Videovisning<\/h2>    <figure class=\"wp-block-embed is-type-video is-provider-youtube wp-block-embed-youtube\"><div class=\"wp-block-embed__wrapper\"> <iframe loading=\"lazy\" title=\"Mer\" width=\"500\" height=\"281\" src=\"https:\/\/www.youtube.com\/embed\/tNCGhNMxsIE?feature=oembed\" frameborder=\"0\" allow=\"accelerometer; autoplay; clipboard-write; encrypted-media; gyroscope; picture-in-picture; web-share\" referrerpolicy=\"strict-origin-when-cross-origin\" allowfullscreen><\/iframe> <\/div><figcaption class=\"wp-element-caption\">Hur fungerar benkvarnen<\/figcaption><\/figure>    <h2 class=\"wp-block-heading\">Princip f\u00f6r k\u00f6ttkvarn<\/h2>    <p>Arbetet f\u00f6r f\u00e5gelbenkrossaren f\u00f6rlitar sig huvudsakligen p\u00e5 den roterande skruven f\u00f6r att skjuta r\u00e5varorna i h\u00f6ljet till f\u00f6rsk\u00e4rningsplattan, och den sk\u00e4rande effekten som bildas av den roterande sk\u00e4rbladen och perforationskanten p\u00e5 f\u00f6rsk\u00e4rningsplattan anv\u00e4nds f\u00f6r att krossa r\u00e5varorna, och under tryckkraften av squeezen, avl\u00e4gsnas r\u00e5varorna kontinuerligt ur maskinen. Denna maskin kan utrustas med motsvarande sk\u00e4rare och perforeringsplattor enligt olika materialegenskaper och bearbetningskrav f\u00f6r att bearbeta partiklar av olika storlekar f\u00f6r att m\u00f6ta n\u00e4sta process krav.<\/p>    <figure class=\"wp-block-gallery has-nested-images columns-default is-cropped wp-block-gallery-2 is-layout-flex wp-block-gallery-is-layout-flex\"> <figure class=\"wp-block-image size-large\"><img loading=\"lazy\" decoding=\"async\" width=\"289\" height=\"174\" data-id=\"1879\" src=\"https:\/\/www.meatprocessingmachine.org\/wp-content\/uploads\/2021\/08\/Meat-Grider-2-3.jpg\" alt=\"\" class=\"wp-image-1879\" title=\"\"><figcaption class=\"wp-element-caption\">K\u00f6ttkvarn<\/figcaption><\/figure>    <figure class=\"wp-block-image size-large\"><img loading=\"lazy\" decoding=\"async\" width=\"595\" height=\"599\" data-id=\"1880\" src=\"https:\/\/www.meatprocessingmachine.org\/wp-content\/uploads\/2021\/08\/Meat-Grider-1.jpg\" alt=\"\" class=\"wp-image-1880\" title=\"\" srcset=\"https:\/\/www.meatprocessingmachine.org\/wp-content\/uploads\/2021\/08\/Meat-Grider-1.jpg 595w, https:\/\/www.meatprocessingmachine.org\/wp-content\/uploads\/2021\/08\/Meat-Grider-1-298x300.jpg 298w, https:\/\/www.meatprocessingmachine.org\/wp-content\/uploads\/2021\/08\/Meat-Grider-1-150x150.jpg 150w\" sizes=\"auto, (max-width: 595px) 100vw, 595px\" \/><figcaption class=\"wp-element-caption\">K\u00f6ttkvarn<\/figcaption><\/figure> <figcaption class=\"blocks-gallery-caption wp-element-caption\">Detaljer om k\u00f6ttkvarn<\/figcaption><\/figure>    <h2 class=\"wp-block-heading\">Maskiner involverade i djupbearbetning<\/h2>    <figure class=\"wp-block-gallery has-nested-images columns-default is-cropped wp-block-gallery-3 is-layout-flex wp-block-gallery-is-layout-flex\"> <figure class=\"wp-block-image size-large\"><img loading=\"lazy\" decoding=\"async\" width=\"300\" height=\"168\" data-id=\"1886\" src=\"https:\/\/www.meatprocessingmachine.org\/wp-content\/uploads\/2021\/08\/Application-of-meat-grinder-2.jpg\" alt=\"\" class=\"wp-image-1886\" title=\"\"><figcaption><\/figcaption><\/figure>    <figure class=\"wp-block-image size-large\"><img loading=\"lazy\" decoding=\"async\" width=\"275\" height=\"183\" data-id=\"1887\" src=\"https:\/\/www.meatprocessingmachine.org\/wp-content\/uploads\/2021\/08\/Application-of-meat-grinder.jpg\" alt=\"\" class=\"wp-image-1887\" title=\"\"><figcaption><\/figcaption><\/figure> <figcaption class=\"blocks-gallery-caption wp-element-caption\">Application Of Meat Grinder<\/figcaption><\/figure>    <h3 class=\"wp-block-heading\">Bearbetade k\u00f6ttbullar<\/h3>    <p>H\u00f6g arbetseffektivitet, upp till 500 kg per timme<\/p>    <h3 class=\"wp-block-heading\">Fiskbearbetning<\/h3>    <p class=\"translation-block\">Efter att ha tagits bort av fisk <a href=\"https:\/\/www.meatprocessingmachine.org\/sv\/electric-fish-belly-splitting-cutting-machine.html\/\" data-type=\"URL\" data-id=\"https:\/\/www.meatprocessingmachine.org\/electric-fish-belly-splitting-cutting-machine.html\">skalare<\/a>, kan den direkt l\u00e4ggas i denna k\u00f6ttkvarn f\u00f6r malning. Denna k\u00f6ttkvarn kan fullst\u00e4ndigt mala fiskk\u00f6tt och fiskben f\u00f6r att f\u00e5 fiskmossa, som anv\u00e4nds f\u00f6r att tillverka fiskk\u00f6ttsprodukter.<\/p>    <h2 class=\"wp-block-heading\">Maskinen har ett vackert utseende och liten fotavtryck<\/h2>    <p>L\u00e4tt att anv\u00e4nda, du kan l\u00e4ra dig att anv\u00e4nda den bara genom att titta p\u00e5 videon<\/p>    <p>Stark r\u00f6rlighet, maskinen \u00e4r utrustad med hjul<\/p>    <p>Benkrossare<\/p>    <p>1. Reng\u00f6r f\u00f6re anv\u00e4ndning<\/p>    <h2 class=\"wp-block-heading\">Eftermarknadsunderh\u00e5ll och reng\u00f6ring av k\u00f6ttkvarn f\u00f6r att mala ben<\/h2>    <figure class=\"wp-block-image size-full is-resized\"><img loading=\"lazy\" decoding=\"async\" src=\"https:\/\/www.meatprocessingmachine.org\/wp-content\/uploads\/2021\/08\/bone-grinder.png\" alt=\"\" class=\"wp-image-1885\" width=\"757\" height=\"568\" title=\"\"><figcaption class=\"wp-element-caption\"> 2. F\u00f6r den elektriska typen, kontrollera sp\u00e4nningsf\u00f6rs\u00f6rjningen, maskinens riktningstecken ska uppfylla de angivna kraven, och det ska finnas en fast jordningsledning<\/figcaption><\/figure>    <p>3. Om k\u00f6ttet inte \u00e4r j\u00e4mnt eller mosigt kan f\u00f6ljande orsaker finnas<\/p>    <p>(1) Den fr\u00e4mre l\u00e5smuttern \u00e4r f\u00f6r l\u00f6s och b\u00f6r justeras om<\/p>    <p>(2) K\u00f6ttplattan \u00e4r blockerad och b\u00f6r reng\u00f6ras<\/p>    <p>(3) Benkvarn \u00e4r f\u00f6r sl\u00f6 och b\u00f6r slipas eller bytas ut<\/p>    <p> 4. Det \u00e4r strikt f\u00f6rbjudet att mata direkt in i k\u00f6ttkvarnens kammare f\u00f6r att s\u00e4kerst\u00e4lla s\u00e4kerheten<\/p>    <p>Sprid k\u00e4rleken<\/p>    <p>Shuliy<\/p>    <h2 class=\"wp-block-heading\">Relaterad maskinintroduktion f\u00f6r k\u00f6ttkvarn f\u00f6r att mala ben<\/h2>    <p class=\"translation-block\">V\u00e5rt f\u00f6retag har ocks\u00e5 <a href=\"https:\/\/www.meatprocessingmachine.org\/sv\/frozen-meat-grinder.html\/\">frys k\u00f6ttkvarnar <\/a>och t\u00e4rningsmaskiner, som kan v\u00e4ljas beroende p\u00e5 de f\u00e4rdiga produkterna och r\u00e5materialen vi vill uppn\u00e5. Vi ser fram emot att erbjuda kunderna b\u00e4sta kvalitetstj\u00e4nst<\/p>","protected":false},"excerpt":{"rendered":"<p>Poultry bone grinder is a machine that can grind meat with bones. We can directly put some chicken, fish, some poultry, etc. into the poultry bone grinder for processing, so as to give dogs or other supplements. For nutritious food production, this meat grinder is very powerful, not suitable for families with only one pet dog, but more suitable for meat processing plants, pet food processing plants, pet breeding institutions, etc.<\/p>","protected":false},"author":1,"featured_media":1914,"parent":0,"template":"","product-type":[590],"class_list":["post-1855","product","type-product","status-publish","has-post-thumbnail","hentry","product-type-meat-grinding-machine"],"_links":{"self":[{"href":"https:\/\/www.meatprocessingmachine.org\/sv\/wp-json\/wp\/v2\/product\/1855","targetHints":{"allow":["GET"]}}],"collection":[{"href":"https:\/\/www.meatprocessingmachine.org\/sv\/wp-json\/wp\/v2\/product"}],"about":[{"href":"https:\/\/www.meatprocessingmachine.org\/sv\/wp-json\/wp\/v2\/types\/product"}],"author":[{"embeddable":true,"href":"https:\/\/www.meatprocessingmachine.org\/sv\/wp-json\/wp\/v2\/users\/1"}],"wp:featuredmedia":[{"embeddable":true,"href":"https:\/\/www.meatprocessingmachine.org\/sv\/wp-json\/wp\/v2\/media\/1914"}],"wp:attachment":[{"href":"https:\/\/www.meatprocessingmachine.org\/sv\/wp-json\/wp\/v2\/media?parent=1855"}],"wp:term":[{"taxonomy":"product-type","embeddable":true,"href":"https:\/\/www.meatprocessingmachine.org\/sv\/wp-json\/wp\/v2\/product-type?post=1855"}],"curies":[{"name":"wp","href":"https:\/\/api.w.org\/{rel}","templated":true}]}}