{"id":1911,"date":"2021-09-02T18:02:08","date_gmt":"2021-09-02T10:02:08","guid":{"rendered":"https:\/\/www.meatprocessingmachine.org\/?p=1911"},"modified":"2022-07-26T09:37:20","modified_gmt":"2022-07-26T01:37:20","slug":"chicken-feather-removal-machine","status":"publish","type":"product","link":"https:\/\/www.meatprocessingmachine.org\/sv\/chicken-feather-removal-machine.html","title":{"rendered":"Kycklingfj\u00e4derborttagningsmaskin | Fj\u00e4derplockningsmaskin f\u00f6r fj\u00e4derf\u00e4"},"content":{"rendered":"<div class=\"kk-star-ratings kksr-auto kksr-align-right kksr-valign-top\"     data-payload='{&quot;align&quot;:&quot;right&quot;,&quot;id&quot;:&quot;1911&quot;,&quot;slug&quot;:&quot;default&quot;,&quot;valign&quot;:&quot;top&quot;,&quot;ignore&quot;:&quot;&quot;,&quot;reference&quot;:&quot;auto&quot;,&quot;class&quot;:&quot;&quot;,&quot;count&quot;:&quot;0&quot;,&quot;legendonly&quot;:&quot;&quot;,&quot;readonly&quot;:&quot;&quot;,&quot;score&quot;:&quot;0&quot;,&quot;starsonly&quot;:&quot;&quot;,&quot;best&quot;:&quot;5&quot;,&quot;gap&quot;:&quot;5&quot;,&quot;greet&quot;:&quot;Rate this product&quot;,&quot;legend&quot;:&quot;0\\\/5 - (0 votes)&quot;,&quot;size&quot;:&quot;24&quot;,&quot;title&quot;:&quot;Chicken Feather Removal Machine | Poultry feather plucking machine&quot;,&quot;width&quot;:&quot;0&quot;,&quot;_legend&quot;:&quot;{score}\\\/{best} - ({count} {votes})&quot;,&quot;font_factor&quot;:&quot;1.25&quot;}'>              <div class=\"kksr-stars\">      <div class=\"kksr-stars-inactive\">             <div class=\"kksr-star\" data-star=\"1\" style=\"padding-right: 5px\">               <div class=\"kksr-icon\" style=\"width: 24px; height: 24px;\"><\/div>         <\/div>             <div class=\"kksr-star\" data-star=\"2\" style=\"padding-right: 5px\">               <div class=\"kksr-icon\" style=\"width: 24px; height: 24px;\"><\/div>         <\/div>             <div class=\"kksr-star\" data-star=\"3\" style=\"padding-right: 5px\">               <div class=\"kksr-icon\" style=\"width: 24px; height: 24px;\"><\/div>         <\/div>             <div class=\"kksr-star\" data-star=\"4\" style=\"padding-right: 5px\">               <div class=\"kksr-icon\" style=\"width: 24px; height: 24px;\"><\/div>         <\/div>             <div class=\"kksr-star\" data-star=\"5\" style=\"padding-right: 5px\">               <div class=\"kksr-icon\" style=\"width: 24px; height: 24px;\"><\/div>         <\/div>     <\/div>      <div class=\"kksr-stars-active\" style=\"width: 0px;\">             <div class=\"kksr-star\" style=\"padding-right: 5px\">               <div class=\"kksr-icon\" style=\"width: 24px; height: 24px;\"><\/div>         <\/div>             <div class=\"kksr-star\" style=\"padding-right: 5px\">               <div class=\"kksr-icon\" style=\"width: 24px; height: 24px;\"><\/div>         <\/div>             <div class=\"kksr-star\" style=\"padding-right: 5px\">               <div class=\"kksr-icon\" style=\"width: 24px; height: 24px;\"><\/div>         <\/div>             <div class=\"kksr-star\" style=\"padding-right: 5px\">               <div class=\"kksr-icon\" style=\"width: 24px; height: 24px;\"><\/div>         <\/div>             <div class=\"kksr-star\" style=\"padding-right: 5px\">               <div class=\"kksr-icon\" style=\"width: 24px; height: 24px;\"><\/div>         <\/div>     <\/div> <\/div>                   <div class=\"kksr-legend\" style=\"font-size: 19.2px;\">             <span class=\"kksr-muted\">Betygs\u00e4tt denna produkt<\/span>     <\/div>     <\/div>  <p class=\"translation-block\">Fj\u00e4derborttagningsmaskin f\u00f6r fj\u00e4derf\u00e4 kan automatiskt ta bort h\u00e5r fr\u00e5n fj\u00e4derf\u00e4, inklusive kycklingar, ankor, g\u00e4ss, kaniner och andra fj\u00e4derf\u00e4, vissa slakterier och kycklingleverant\u00f6rer hanterar kyckling? Det \u00e4r mycket orealistiskt att anv\u00e4nda manuella operationer. <a href=\"https:\/\/www.meatprocessingmachine.org\/sv\/the-fastest-way-to-remove-chicken-feathers.html\/\">Fj\u00e4derplockningsmaskinen<\/a> kan snabbt ta bort fj\u00e4drarna. Hur fungerar den?<\/p>    <h2 class=\"wp-block-heading\">Till\u00e4mpningsomr\u00e5det f\u00f6r kycklingfj\u00e4drar<\/h2>    <p>Kycklingh\u00e5rborttagningsmaskin anv\u00e4nds huvudsakligen f\u00f6r att ta bort f\u00e5gelfj\u00e4ll, s\u00e5som kycklingar, ankor, g\u00e4ss och duvor. B\u00e5de st\u00f6rre kycklingar och sm\u00e5 duvor kan fj\u00e4derborttages. Maskinen har h\u00f6g effektivitet och snabb arbetshastighet. Passar f\u00f6r vissa familjejordbruk och k\u00f6ttbearbetningsanl\u00e4ggningar.<\/p>    <h2 class=\"wp-block-heading\">Fj\u00e4derborttagningsmaskin f\u00f6r kycklingens egenskaper<\/h2>    <p>Fj\u00e4derborttagningsmaskinens egenskaper f\u00f6r denna fj\u00e4derf\u00e4 \u00e4r mycket tydliga. Maskinen \u00e4r relativt liten som helhet, och den \u00e4r mer l\u00e4mpad f\u00f6r att ta bort hundratals kycklingar varje dag, och maskinen kr\u00e4ver manuell hj\u00e4lp f\u00f6r att dra ut fj\u00e4drarna. Maskinen \u00e4r relativt fin, kompakt och kan flyttas flexibelt, och den \u00e4r ocks\u00e5 l\u00e4tt att reng\u00f6ra. Mer bekv\u00e4mt.<\/p>    <figure class=\"wp-block-gallery has-nested-images columns-default is-cropped wp-block-gallery-2 is-layout-flex wp-block-gallery-is-layout-flex\"> <figure class=\"wp-block-image size-large\"><img loading=\"lazy\" decoding=\"async\" width=\"640\" height=\"480\" data-id=\"1921\" src=\"https:\/\/www.meatprocessingmachine.org\/wp-content\/uploads\/2021\/09\/Chicken-Feather-Removal-Machine-details-4.jpg\" alt=\"\" class=\"wp-image-1921\" title=\"\" srcset=\"https:\/\/www.meatprocessingmachine.org\/wp-content\/uploads\/2021\/09\/Chicken-Feather-Removal-Machine-details-4.jpg 640w, https:\/\/www.meatprocessingmachine.org\/wp-content\/uploads\/2021\/09\/Chicken-Feather-Removal-Machine-details-4-300x225.jpg 300w\" sizes=\"auto, (max-width: 640px) 100vw, 640px\" \/><figcaption><\/figcaption><\/figure>    <figure class=\"wp-block-image size-large\"><img loading=\"lazy\" decoding=\"async\" width=\"1024\" height=\"768\" data-id=\"1922\" src=\"https:\/\/www.meatprocessingmachine.org\/wp-content\/uploads\/2021\/09\/Chicken-Feather-Removal-Machine-details-3-1024x768.jpg\" alt=\"\" class=\"wp-image-1922\" title=\"\" srcset=\"https:\/\/www.meatprocessingmachine.org\/wp-content\/uploads\/2021\/09\/Chicken-Feather-Removal-Machine-details-3-1024x768.jpg 1024w, https:\/\/www.meatprocessingmachine.org\/wp-content\/uploads\/2021\/09\/Chicken-Feather-Removal-Machine-details-3-300x225.jpg 300w, https:\/\/www.meatprocessingmachine.org\/wp-content\/uploads\/2021\/09\/Chicken-Feather-Removal-Machine-details-3-768x576.jpg 768w, https:\/\/www.meatprocessingmachine.org\/wp-content\/uploads\/2021\/09\/Chicken-Feather-Removal-Machine-details-3-1536x1152.jpg 1536w, https:\/\/www.meatprocessingmachine.org\/wp-content\/uploads\/2021\/09\/Chicken-Feather-Removal-Machine-details-3.jpg 1600w\" sizes=\"auto, (max-width: 1024px) 100vw, 1024px\" \/><figcaption><\/figcaption><\/figure> <figcaption class=\"blocks-gallery-caption\">Factory Inventory Of Feather Plucking Machine<\/figcaption><\/figure>    <p>Om du vill arbeta kontinuerligt beh\u00f6ver du en annan maskin, som \u00e4r kraftfullare och kan hantera tusentals kycklingar per dag. Naturligtvis, om det \u00e4r en vanlig produktion och bearbetning, kan denna lilla fj\u00e4derplockningsmaskin hantera det fullt ut.<\/p>    <h2 class=\"wp-block-heading\" id=\"h-blanching-machine\">Blancheringsmaskin<\/h2>    <p>The chicken needs to be blanched before putting it into the feather plucking machine. This is more conducive to the machine&#8217;s hair removal. You can use 70\u2103 water for blanching during blanching. The blanching temperature should not be too high. The skin of the chicken is damaged in the process of plucking. If the blanching water temperature is too low, the chicken will not be so clean during plucking.<\/p>    <h2 class=\"wp-block-heading\">Arbetsprincipen f\u00f6r kycklingh\u00e5rborttagningsmaskinen<\/h2>    <figure class=\"wp-block-gallery has-nested-images columns-default is-cropped wp-block-gallery-3 is-layout-flex wp-block-gallery-is-layout-flex\"> <figure class=\"wp-block-image size-large\"><img loading=\"lazy\" decoding=\"async\" width=\"800\" height=\"473\" data-id=\"1927\" src=\"https:\/\/www.meatprocessingmachine.org\/wp-content\/uploads\/2021\/09\/Chicken-Feather-Removal-Machine-details-5.jpg\" alt=\"\" class=\"wp-image-1927\" title=\"\" srcset=\"https:\/\/www.meatprocessingmachine.org\/wp-content\/uploads\/2021\/09\/Chicken-Feather-Removal-Machine-details-5.jpg 800w, https:\/\/www.meatprocessingmachine.org\/wp-content\/uploads\/2021\/09\/Chicken-Feather-Removal-Machine-details-5-300x177.jpg 300w, https:\/\/www.meatprocessingmachine.org\/wp-content\/uploads\/2021\/09\/Chicken-Feather-Removal-Machine-details-5-768x454.jpg 768w\" sizes=\"auto, (max-width: 800px) 100vw, 800px\" \/><figcaption><\/figcaption><\/figure>    <figure class=\"wp-block-image size-large\"><img loading=\"lazy\" decoding=\"async\" width=\"1024\" height=\"768\" data-id=\"1928\" src=\"https:\/\/www.meatprocessingmachine.org\/wp-content\/uploads\/2021\/09\/Chicken-Feather-Removal-Machine-details-2-2-1024x768.jpg\" alt=\"\" class=\"wp-image-1928\" title=\"\" srcset=\"https:\/\/www.meatprocessingmachine.org\/wp-content\/uploads\/2021\/09\/Chicken-Feather-Removal-Machine-details-2-2-1024x768.jpg 1024w, https:\/\/www.meatprocessingmachine.org\/wp-content\/uploads\/2021\/09\/Chicken-Feather-Removal-Machine-details-2-2-300x225.jpg 300w, https:\/\/www.meatprocessingmachine.org\/wp-content\/uploads\/2021\/09\/Chicken-Feather-Removal-Machine-details-2-2-768x576.jpg 768w, https:\/\/www.meatprocessingmachine.org\/wp-content\/uploads\/2021\/09\/Chicken-Feather-Removal-Machine-details-2-2-1536x1152.jpg 1536w, https:\/\/www.meatprocessingmachine.org\/wp-content\/uploads\/2021\/09\/Chicken-Feather-Removal-Machine-details-2-2-2048x1536.jpg 2048w\" sizes=\"auto, (max-width: 1024px) 100vw, 1024px\" \/><figcaption><\/figcaption><\/figure> <figcaption class=\"blocks-gallery-caption\"> Chicken Hair Removal Machine Details<\/figcaption><\/figure>    <p>Det finns m\u00e5nga gummistavar i beh\u00e5llaren p\u00e5 fj\u00e4derf\u00e4plockningsmaskinen. Maskinen driver beh\u00e5llaren och gummistaven att rotera kontinuerligt, vilket gnider mot kycklingen. Efter blanchering \u00e4r fj\u00e4drarna l\u00e4tt att dra av. Efter h\u00f6g hastighetsrotation och friktionen med gummistaven kan fj\u00e4drarna reng\u00f6ras fr\u00e5n kycklingen.<\/p>    <h2 class=\"wp-block-heading\">Specifika parametrar f\u00f6r fj\u00e4derf\u00e4plockare<\/h2>    <figure class=\"wp-block-image size-full is-resized\"><img loading=\"lazy\" decoding=\"async\" src=\"https:\/\/www.meatprocessingmachine.org\/wp-content\/uploads\/2021\/09\/Poultry-feather-removing-machine-4.png\" alt=\"Kycklingfj\u00e4derborttagningsmaskin\" class=\"wp-image-1935\" width=\"720\" height=\"540\" title=\"\"><figcaption> Fj\u00e4derborttagningsmaskin f\u00f6r fj\u00e4derf\u00e4 <\/figcaption><\/figure>    <figure class=\"wp-block-table\"><table><tbody><tr><td>modell<\/td><td>JQT500<\/td><td>JQT600<\/td><td>JQT800<\/td><\/tr><tr><td>storlek<\/td><td>700*620*850<\/td><td>800*720*900<\/td><td>&nbsp;\/<\/td><\/tr><tr><td>vikt<\/td><td>80<\/td><td>95<\/td><td>&nbsp;\/<\/td><\/tr><tr><td>kraft<\/td><td>0.75<\/td><td>0.75<\/td><td>7<\/td><\/tr><tr><td>Avkastning<\/td><td>1-2 st\/g\u00e5ng<\/td><td>2-3 st\/g\u00e5ng<\/td><td>101-2 st\/g\u00e5ng<\/td><\/tr><\/tbody><\/table><figcaption> Specifika parametrar f\u00f6r fj\u00e4derf\u00e4plockare <\/figcaption><\/figure>    <h2 class=\"wp-block-heading\">Anv\u00e4ndning av fj\u00e4derf\u00e4fjederborttagningsmaskin:<\/h2>    <figure class=\"wp-block-gallery has-nested-images columns-default is-cropped wp-block-gallery-4 is-layout-flex wp-block-gallery-is-layout-flex\"> <figure class=\"wp-block-image size-large\"><img loading=\"lazy\" decoding=\"async\" width=\"893\" height=\"525\" data-id=\"1929\" src=\"https:\/\/www.meatprocessingmachine.org\/wp-content\/uploads\/2021\/09\/Poultry-feather-removing-machine.png\" alt=\"\" class=\"wp-image-1929\" title=\"\" srcset=\"https:\/\/www.meatprocessingmachine.org\/wp-content\/uploads\/2021\/09\/Poultry-feather-removing-machine.png 893w, https:\/\/www.meatprocessingmachine.org\/wp-content\/uploads\/2021\/09\/Poultry-feather-removing-machine-300x176.png 300w, https:\/\/www.meatprocessingmachine.org\/wp-content\/uploads\/2021\/09\/Poultry-feather-removing-machine-768x452.png 768w\" sizes=\"auto, (max-width: 893px) 100vw, 893px\" \/><figcaption><\/figcaption><\/figure>    <figure class=\"wp-block-image size-large\"><img loading=\"lazy\" decoding=\"async\" width=\"922\" height=\"868\" data-id=\"1931\" src=\"https:\/\/www.meatprocessingmachine.org\/wp-content\/uploads\/2021\/09\/Poultry-feather-removing-machine-2.png\" alt=\"\" class=\"wp-image-1931\" title=\"\" srcset=\"https:\/\/www.meatprocessingmachine.org\/wp-content\/uploads\/2021\/09\/Poultry-feather-removing-machine-2.png 922w, https:\/\/www.meatprocessingmachine.org\/wp-content\/uploads\/2021\/09\/Poultry-feather-removing-machine-2-300x282.png 300w, https:\/\/www.meatprocessingmachine.org\/wp-content\/uploads\/2021\/09\/Poultry-feather-removing-machine-2-768x723.png 768w\" sizes=\"auto, (max-width: 922px) 100vw, 922px\" \/><figcaption><\/figcaption><\/figure>    <figure class=\"wp-block-image size-large\"><img loading=\"lazy\" decoding=\"async\" width=\"790\" height=\"510\" data-id=\"1932\" src=\"https:\/\/www.meatprocessingmachine.org\/wp-content\/uploads\/2021\/09\/Poultry-feather-removing-machine-3-1.png\" alt=\"\" class=\"wp-image-1932\" title=\"\" srcset=\"https:\/\/www.meatprocessingmachine.org\/wp-content\/uploads\/2021\/09\/Poultry-feather-removing-machine-3-1.png 790w, https:\/\/www.meatprocessingmachine.org\/wp-content\/uploads\/2021\/09\/Poultry-feather-removing-machine-3-1-300x194.png 300w, https:\/\/www.meatprocessingmachine.org\/wp-content\/uploads\/2021\/09\/Poultry-feather-removing-machine-3-1-768x496.png 768w\" sizes=\"auto, (max-width: 790px) 100vw, 790px\" \/><figcaption><\/figcaption><\/figure> <figcaption class=\"blocks-gallery-caption\"> Fj\u00e4derborttagningsmaskin f\u00f6r fj\u00e4derf\u00e4 <\/figcaption><\/figure>    <p>4. Koka de bl\u00f6tlagda kycklingarna och ankorna i varmt vatten vid cirka 75 grader, och r\u00f6r om med en tr\u00e4pinne f\u00f6r att g\u00f6ra hela kroppen j\u00e4mnt varm.<\/p>    <p>5. S\u00e4tt de sk\u00e5llade kycklingarna och ankorna i maskinen, du kan l\u00e4gga 1-5 \u00e5t g\u00e5ngen<\/p>    <p>6. Sl\u00e5 p\u00e5 knivstr\u00f6mbrytaren, starta maskinen, och medan den g\u00e5r, tills\u00e4tt vatten till fj\u00e4derf\u00e4et, helst varmt vatten. Fj\u00e4drar och smuts kommer att avl\u00e4gsnas tillsammans med vattnet. Vattnet kan \u00e5teranv\u00e4ndas, och fj\u00e4drarna kommer att avl\u00e4gsnas p\u00e5 en minut. Tar bort all hudsmuts fr\u00e5n hela kroppen.<\/p>    <p>Sprid k\u00e4rleken<\/p>    <p>Shuliy<\/p>    <p>Zhengzhou Taizy Machinery Co., Ltd \u00e4r huvudsakligen engagerad i k\u00f6ttbearbetningsmaskiner.<\/p>    <h2 class=\"wp-block-heading\">Video av fj\u00e4derf\u00e4fjederborttagningsmaskin <\/h2>    <figure class=\"wp-block-embed is-type-video is-provider-youtube wp-block-embed-youtube\"><div class=\"wp-block-embed__wrapper\"> <iframe loading=\"lazy\" title=\"Fj\u00e4derborttagningsmaskin f\u00f6r fj\u00e4derf\u00e4 3 1\" width=\"500\" height=\"281\" src=\"https:\/\/www.youtube.com\/embed\/KusHLiJCVtc?feature=oembed\" frameborder=\"0\" allow=\"accelerometer; autoplay; clipboard-write; encrypted-media; gyroscope; picture-in-picture; web-share\" referrerpolicy=\"strict-origin-when-cross-origin\" allowfullscreen><\/iframe> <\/div><\/figure>","protected":false},"excerpt":{"rendered":"<p>hine can automatically remove hair from poultry, including chickens, ducks, geese, rabbits and other poultry, some slaughterhouses and chicken suppliers handle chicken? It is very unrealistic to use manual operations. The feather plucking machine can quickly remove the feathers. So how does it work?<\/p>","protected":false},"author":1,"featured_media":1985,"parent":0,"template":"","product-type":[583],"class_list":["post-1911","product","type-product","status-publish","has-post-thumbnail","hentry","product-type-chicken-turkey"],"_links":{"self":[{"href":"https:\/\/www.meatprocessingmachine.org\/sv\/wp-json\/wp\/v2\/product\/1911","targetHints":{"allow":["GET"]}}],"collection":[{"href":"https:\/\/www.meatprocessingmachine.org\/sv\/wp-json\/wp\/v2\/product"}],"about":[{"href":"https:\/\/www.meatprocessingmachine.org\/sv\/wp-json\/wp\/v2\/types\/product"}],"author":[{"embeddable":true,"href":"https:\/\/www.meatprocessingmachine.org\/sv\/wp-json\/wp\/v2\/users\/1"}],"wp:featuredmedia":[{"embeddable":true,"href":"https:\/\/www.meatprocessingmachine.org\/sv\/wp-json\/wp\/v2\/media\/1985"}],"wp:attachment":[{"href":"https:\/\/www.meatprocessingmachine.org\/sv\/wp-json\/wp\/v2\/media?parent=1911"}],"wp:term":[{"taxonomy":"product-type","embeddable":true,"href":"https:\/\/www.meatprocessingmachine.org\/sv\/wp-json\/wp\/v2\/product-type?post=1911"}],"curies":[{"name":"wp","href":"https:\/\/api.w.org\/{rel}","templated":true}]}}