{"id":2138,"date":"2021-09-27T15:46:17","date_gmt":"2021-09-27T07:46:17","guid":{"rendered":"https:\/\/www.meatprocessingmachine.org\/?p=2138"},"modified":"2026-03-13T14:27:29","modified_gmt":"2026-03-13T06:27:29","slug":"automatic-bbq-meat-skewer-machine-kebab-making-machine","status":"publish","type":"product","link":"https:\/\/www.meatprocessingmachine.org\/sv\/automatic-bbq-meat-skewer-machine-kebab-making-machine.html","title":{"rendered":"Automatisk BBQ-k\u00f6ttspettmaskin | Stor kebabtillverkningsmaskin"},"content":{"rendered":"<div class=\"kk-star-ratings kksr-auto kksr-align-right kksr-valign-top\"     data-payload='{&quot;align&quot;:&quot;right&quot;,&quot;id&quot;:&quot;2138&quot;,&quot;slug&quot;:&quot;default&quot;,&quot;valign&quot;:&quot;top&quot;,&quot;ignore&quot;:&quot;&quot;,&quot;reference&quot;:&quot;auto&quot;,&quot;class&quot;:&quot;&quot;,&quot;count&quot;:&quot;1&quot;,&quot;legendonly&quot;:&quot;&quot;,&quot;readonly&quot;:&quot;&quot;,&quot;score&quot;:&quot;5&quot;,&quot;starsonly&quot;:&quot;&quot;,&quot;best&quot;:&quot;5&quot;,&quot;gap&quot;:&quot;5&quot;,&quot;greet&quot;:&quot;Rate this product&quot;,&quot;legend&quot;:&quot;5\\\/5 - (1 vote)&quot;,&quot;size&quot;:&quot;24&quot;,&quot;title&quot;:&quot;Automatic BBQ Meat Skewer Machine | Large Kebab Making Machine&quot;,&quot;width&quot;:&quot;142.5&quot;,&quot;_legend&quot;:&quot;{score}\\\/{best} - ({count} {votes})&quot;,&quot;font_factor&quot;:&quot;1.25&quot;}'>              <div class=\"kksr-stars\">      <div class=\"kksr-stars-inactive\">             <div class=\"kksr-star\" data-star=\"1\" style=\"padding-right: 5px\">               <div class=\"kksr-icon\" style=\"width: 24px; height: 24px;\"><\/div>         <\/div>             <div class=\"kksr-star\" data-star=\"2\" style=\"padding-right: 5px\">               <div class=\"kksr-icon\" style=\"width: 24px; height: 24px;\"><\/div>         <\/div>             <div class=\"kksr-star\" data-star=\"3\" style=\"padding-right: 5px\">               <div class=\"kksr-icon\" style=\"width: 24px; height: 24px;\"><\/div>         <\/div>             <div class=\"kksr-star\" data-star=\"4\" style=\"padding-right: 5px\">               <div class=\"kksr-icon\" style=\"width: 24px; height: 24px;\"><\/div>         <\/div>             <div class=\"kksr-star\" data-star=\"5\" style=\"padding-right: 5px\">               <div class=\"kksr-icon\" style=\"width: 24px; height: 24px;\"><\/div>         <\/div>     <\/div>      <div class=\"kksr-stars-active\" style=\"width: 142.5px;\">             <div class=\"kksr-star\" style=\"padding-right: 5px\">               <div class=\"kksr-icon\" style=\"width: 24px; height: 24px;\"><\/div>         <\/div>             <div class=\"kksr-star\" style=\"padding-right: 5px\">               <div class=\"kksr-icon\" style=\"width: 24px; height: 24px;\"><\/div>         <\/div>             <div class=\"kksr-star\" style=\"padding-right: 5px\">               <div class=\"kksr-icon\" style=\"width: 24px; height: 24px;\"><\/div>         <\/div>             <div class=\"kksr-star\" style=\"padding-right: 5px\">               <div class=\"kksr-icon\" style=\"width: 24px; height: 24px;\"><\/div>         <\/div>             <div class=\"kksr-star\" style=\"padding-right: 5px\">               <div class=\"kksr-icon\" style=\"width: 24px; height: 24px;\"><\/div>         <\/div>     <\/div> <\/div>                   <div class=\"kksr-legend\" style=\"font-size: 19.2px;\">             5\/5 - (1 r\u00f6st)    <\/div>     <\/div>  <p class=\"translation-block\">Den <strong><mark class=\"has-inline-color has-luminous-vivid-amber-color\">BBQ k\u00f6ttspettmaskinen<\/mark><\/strong> \u00e4r en maskin som kan automatiskt tr\u00e4 k\u00f6tt. Den kan tr\u00e4 n\u00f6tk\u00f6tt, lamm, kycklingspett, kycklingspett, kycklinghj\u00e4rtspett, bl\u00e4ckfiskspett, fisk <a href=\"https:\/\/en.wikipedia.org\/wiki\/Tofu\" target=\"_blank\" rel=\"noopener\">tofu<\/a> och t\u00e5ng, och den \u00e4r inte begr\u00e4nsad av ingredienser. <\/p>   <div class=\"wp-block-image\"> <figure class=\"aligncenter size-full\"><img loading=\"lazy\" decoding=\"async\" width=\"720\" height=\"540\" src=\"https:\/\/www.meatprocessingmachine.org\/wp-content\/uploads\/2021\/09\/Automatic-BBQ-Meat-Skewer-Machine.webp\" alt=\"Automatisk BBQ k\u00f6ttspettmaskin\" class=\"wp-image-34739\" title=\"\" srcset=\"https:\/\/www.meatprocessingmachine.org\/wp-content\/uploads\/2021\/09\/Automatic-BBQ-Meat-Skewer-Machine.webp 720w, https:\/\/www.meatprocessingmachine.org\/wp-content\/uploads\/2021\/09\/Automatic-BBQ-Meat-Skewer-Machine-300x225.webp 300w, https:\/\/www.meatprocessingmachine.org\/wp-content\/uploads\/2021\/09\/Automatic-BBQ-Meat-Skewer-Machine-16x12.webp 16w\" sizes=\"auto, (max-width: 720px) 100vw, 720px\" \/><figcaption class=\"wp-element-caption\">Automatisk BBQ k\u00f6ttspettmaskin<\/figcaption><\/figure> <\/div>   <p class=\"translation-block\">BBQ spettmaskin \u00e4r en automatisk k\u00f6tttr\u00e5dsutrustning som \u00e4r utformad f\u00f6r effektiv kebabproduktion. Med en kapacitet p\u00e5 <strong><mark class=\"has-inline-color has-luminous-vivid-amber-color\">1,800\u20133,500 spett per timme<\/mark><\/strong> f\u00f6rb\u00e4ttrar den avsev\u00e4rt bearbetningseffektiviteten och minskar arbetskostnaderna. Drivs av en 25W motor, fungerar maskinen stabilt och \u00e4r l\u00e4mplig f\u00f6r kontinuerlig kommersiell anv\u00e4ndning. Den st\u00f6der spettl\u00e4ngder fr\u00e5n <strong><mark class=\"has-inline-color has-luminous-vivid-amber-color\">6\u201345 cm<\/mark><\/strong>, vilket g\u00f6r den flexibel f\u00f6r olika produktstorlekar.<\/p>    <figure class=\"wp-block-gallery has-nested-images columns-default is-cropped wp-block-gallery-2 is-layout-flex wp-block-gallery-is-layout-flex\"> <figure class=\"wp-block-image size-large\"><img loading=\"lazy\" decoding=\"async\" width=\"720\" height=\"540\" data-id=\"34746\" src=\"https:\/\/www.meatprocessingmachine.org\/wp-content\/uploads\/2021\/09\/Grilled-Meat.webp\" alt=\"Grillad k\u00f6tt\" class=\"wp-image-34746\" title=\"\" srcset=\"https:\/\/www.meatprocessingmachine.org\/wp-content\/uploads\/2021\/09\/Grilled-Meat.webp 720w, https:\/\/www.meatprocessingmachine.org\/wp-content\/uploads\/2021\/09\/Grilled-Meat-300x225.webp 300w, https:\/\/www.meatprocessingmachine.org\/wp-content\/uploads\/2021\/09\/Grilled-Meat-16x12.webp 16w\" sizes=\"auto, (max-width: 720px) 100vw, 720px\" \/><figcaption class=\"wp-element-caption\">Grillad k\u00f6tt<\/figcaption><\/figure>    <figure class=\"wp-block-image size-large\"><img loading=\"lazy\" decoding=\"async\" width=\"720\" height=\"540\" data-id=\"34747\" src=\"https:\/\/www.meatprocessingmachine.org\/wp-content\/uploads\/2021\/09\/Grilled-Vegetables.webp\" alt=\"Grillade gr\u00f6nsaker\" class=\"wp-image-34747\" title=\"\" srcset=\"https:\/\/www.meatprocessingmachine.org\/wp-content\/uploads\/2021\/09\/Grilled-Vegetables.webp 720w, https:\/\/www.meatprocessingmachine.org\/wp-content\/uploads\/2021\/09\/Grilled-Vegetables-300x225.webp 300w, https:\/\/www.meatprocessingmachine.org\/wp-content\/uploads\/2021\/09\/Grilled-Vegetables-16x12.webp 16w\" sizes=\"auto, (max-width: 720px) 100vw, 720px\" \/><figcaption class=\"wp-element-caption\">Grillade gr\u00f6nsaker<\/figcaption><\/figure> <\/figure>    <p>Kompakt i struktur och v\u00e4ger 160 kg, \u00e4r denna maskin l\u00e4tt att anv\u00e4nda, platsbesparande och idealisk f\u00f6r livsmedelsfabriker, centralk\u00f6k och grillspettbearbetningsf\u00f6retag. Den s\u00e4kerst\u00e4ller enhetlig tr\u00e4ning, konsekvent produktutseende och h\u00f6gre produktivitet.<\/p>    <figure class=\"wp-block-embed is-type-video is-provider-youtube wp-block-embed-youtube wp-embed-aspect-16-9 wp-has-aspect-ratio\"><div class=\"wp-block-embed__wrapper\"> <iframe loading=\"lazy\" title=\"Automatisk BBQ K\u00f6ttspettmaskin | 3 500 spett per timme H\u00f6g effektivitet Kebabmaskin \ud83d\udd25\" width=\"500\" height=\"281\" src=\"https:\/\/www.youtube.com\/embed\/VY0mMTyTBhg?feature=oembed\" frameborder=\"0\" allow=\"accelerometer; autoplay; clipboard-write; encrypted-media; gyroscope; picture-in-picture; web-share\" referrerpolicy=\"strict-origin-when-cross-origin\" allowfullscreen><\/iframe> <\/div><\/figure>    <h2 class=\"wp-block-heading\">Varf\u00f6r anv\u00e4nda en BBQ k\u00f6ttspettmaskin?<\/h2>    <p>Varf\u00f6r anv\u00e4nda en k\u00f6ttspettmaskin? Du kan ocks\u00e5 tr\u00e4 f\u00f6r hand. Men l\u00e5ng erfarenhet visar oss att tr\u00e4ning \u00e4r en huvudv\u00e4rk i livsmedelsbearbetningsprocessen. F\u00f6rst \u00e4r hastighetsfr\u00e5gan. Vissa k\u00f6ttfibrer \u00e4r relativt n\u00e4ra, och det \u00e4r sv\u00e5rt att penetrera med bambuspett, vilket resulterar i en l\u00e5ngsammare hastighet. <\/p>    <p>Dessutom finns det ocks\u00e5 ett hygienproblem. Eftersom handh\u00e5llna spett \u00e4r i n\u00e4ra kontakt med k\u00f6ttet, blir det mycket ohygieniskt.<\/p>    <p>Det viktigaste \u00e4r s\u00e4kerhet. Vi vet alla att k\u00f6tt har en h\u00e5llbarhet. Om det l\u00e4mnas utomhus vid rumstemperatur under l\u00e5ng tid kommer det att orsaka att k\u00f6ttet f\u00f6rs\u00e4mras, s\u00e4rskilt under den varma sommaren. Tr\u00e5dmaskinen \u00e4r mycket effektiv, ren och hygienisk, vilket hj\u00e4lper till att l\u00f6sa en rad problem i produktionsprocessen.<\/p>   <div class=\"wp-block-image\"> <figure class=\"aligncenter size-full\"><img loading=\"lazy\" decoding=\"async\" width=\"720\" height=\"540\" src=\"https:\/\/www.meatprocessingmachine.org\/wp-content\/uploads\/2021\/09\/Large-Kebab-Making-Machine.webp\" alt=\"Stor kebabmaskin\" class=\"wp-image-34741\" title=\"\" srcset=\"https:\/\/www.meatprocessingmachine.org\/wp-content\/uploads\/2021\/09\/Large-Kebab-Making-Machine.webp 720w, https:\/\/www.meatprocessingmachine.org\/wp-content\/uploads\/2021\/09\/Large-Kebab-Making-Machine-300x225.webp 300w, https:\/\/www.meatprocessingmachine.org\/wp-content\/uploads\/2021\/09\/Large-Kebab-Making-Machine-16x12.webp 16w\" sizes=\"auto, (max-width: 720px) 100vw, 720px\" \/><figcaption class=\"wp-element-caption\">Stor kebabmaskin<\/figcaption><\/figure> <\/div>   <h2 class=\"wp-block-heading\">BBQ k\u00f6ttspettmaskin l\u00e4mpliga ingredienser<\/h2>    <ul class=\"wp-block-list\"> <li><strong>K\u00f6tt:<\/strong> n\u00f6tk\u00f6tt, lamm, fl\u00e4sk, kyckling, anka och mer<\/li>    <li><strong>Skaldjur:<\/strong> fiskbitar, r\u00e4kor, bl\u00e4ckfisk, pilgrimsmusslor, etc.<\/li>    <li><strong>Gr\u00f6nsaker:<\/strong> paprikor, l\u00f6kar, svampar, auberginer, majssegment, etc.<\/li>    <li><strong>Andra artiklar:<\/strong> tofu, korvar, riskakor och mer<\/li> <\/ul>    <p>Denna maskin kan j\u00e4mnt tr\u00e4 olika ingredienser, vilket s\u00e4kerst\u00e4ller enhetliga och attraktiva kebaber, l\u00e4mpliga f\u00f6r grillning, catering och livsmedelsbearbetning.<\/p>    <figure class=\"wp-block-gallery has-nested-images columns-default is-cropped wp-block-gallery-3 is-layout-flex wp-block-gallery-is-layout-flex\"> <figure class=\"wp-block-image size-large\"><img loading=\"lazy\" decoding=\"async\" width=\"720\" height=\"540\" data-id=\"34651\" src=\"https:\/\/www.meatprocessingmachine.org\/wp-content\/uploads\/2026\/02\/Fresh-Meat.webp\" alt=\"F\u00e4rskt k\u00f6tt\" class=\"wp-image-34651\" title=\"\" srcset=\"https:\/\/www.meatprocessingmachine.org\/wp-content\/uploads\/2026\/02\/Fresh-Meat.webp 720w, https:\/\/www.meatprocessingmachine.org\/wp-content\/uploads\/2026\/02\/Fresh-Meat-300x225.webp 300w, https:\/\/www.meatprocessingmachine.org\/wp-content\/uploads\/2026\/02\/Fresh-Meat-16x12.webp 16w\" sizes=\"auto, (max-width: 720px) 100vw, 720px\" \/><figcaption class=\"wp-element-caption\">F\u00e4rskt k\u00f6tt<\/figcaption><\/figure>    <figure class=\"wp-block-image size-large\"><img loading=\"lazy\" decoding=\"async\" width=\"720\" height=\"540\" data-id=\"34532\" src=\"https:\/\/www.meatprocessingmachine.org\/wp-content\/uploads\/2025\/12\/Back-cut-fish.webp\" alt=\"Back-cut fisk\" class=\"wp-image-34532\" title=\"\" srcset=\"https:\/\/www.meatprocessingmachine.org\/wp-content\/uploads\/2025\/12\/Back-cut-fish.webp 720w, https:\/\/www.meatprocessingmachine.org\/wp-content\/uploads\/2025\/12\/Back-cut-fish-300x225.webp 300w, https:\/\/www.meatprocessingmachine.org\/wp-content\/uploads\/2025\/12\/Back-cut-fish-16x12.webp 16w\" sizes=\"auto, (max-width: 720px) 100vw, 720px\" \/><figcaption class=\"wp-element-caption\">Bakskuren fisk<\/figcaption><\/figure>    <figure class=\"wp-block-image size-large\"><img loading=\"lazy\" decoding=\"async\" width=\"720\" height=\"540\" data-id=\"34725\" src=\"https:\/\/www.meatprocessingmachine.org\/wp-content\/uploads\/2026\/02\/Potato-Slices.webp\" alt=\"Potatisskivor\" class=\"wp-image-34725\" title=\"\" srcset=\"https:\/\/www.meatprocessingmachine.org\/wp-content\/uploads\/2026\/02\/Potato-Slices.webp 720w, https:\/\/www.meatprocessingmachine.org\/wp-content\/uploads\/2026\/02\/Potato-Slices-300x225.webp 300w, https:\/\/www.meatprocessingmachine.org\/wp-content\/uploads\/2026\/02\/Potato-Slices-16x12.webp 16w\" sizes=\"auto, (max-width: 720px) 100vw, 720px\" \/><figcaption class=\"wp-element-caption\">Potatisskivor<\/figcaption><\/figure> <\/figure>    <h2 class=\"wp-block-heading\">F\u00f6rdelar med BBQ k\u00f6tttr\u00e5dsmaskin<\/h2>    <div class=\"wp-block-columns is-layout-flex wp-container-core-columns-is-layout-9d6595d7 wp-block-columns-is-layout-flex\"> <div class=\"wp-block-column is-layout-flow wp-block-column-is-layout-flow\"> <p class=\"has-text-align-center translation-block\"><strong><mark class=\"has-inline-color has-luminous-vivid-amber-color\">H\u00f6g produktivitet och kontinuerlig drift<\/mark><\/strong><\/p>    <p>Producerar 1,800\u20133,500 spett per timme, idealisk f\u00f6r stora restauranger och livsmedelsbearbetningsfabriker.<\/p> <\/div>    <div class=\"wp-block-column is-layout-flow wp-block-column-is-layout-flow\"> <p class=\"has-text-align-center translation-block\"><strong><mark class=\"has-inline-color has-luminous-vivid-amber-color\">S\u00e4ker och hygienisk<\/mark><\/strong><\/p>    <p>Livsmedelskontakt delar \u00e4r tillverkade av PE-material, uppfyller livsmedelss\u00e4kerhetsstandarder och \u00e4r l\u00e4tta att reng\u00f6ra.<\/p> <\/div> <\/div>    <div class=\"wp-block-columns is-layout-flex wp-container-core-columns-is-layout-9d6595d7 wp-block-columns-is-layout-flex\"> <div class=\"wp-block-column is-layout-flow wp-block-column-is-layout-flow\"> <p class=\"has-text-align-center translation-block\"><strong><mark class=\"has-inline-color has-luminous-vivid-amber-color\">M\u00e5ngsidiga ingredienser<\/mark><\/strong><\/p>    <p>L\u00e4mplig f\u00f6r n\u00f6tk\u00f6tt, kyckling, lamm, fisk, r\u00e4kor, gr\u00f6nsaker och mer; spettl\u00e4ngd justerbar fr\u00e5n 6\u201345 cm.<\/p> <\/div>    <div class=\"wp-block-column is-layout-flow wp-block-column-is-layout-flow\"> <p class=\"has-text-align-center translation-block\"><strong><mark class=\"has-inline-color has-luminous-vivid-amber-color\">Besparingar i arbetskostnader<\/mark><\/strong><\/p>    <p>Automatiserad drift minskar manuellt arbete, \u00f6kar effektiviteten och s\u00e4nker driftskostnaderna.<\/p> <\/div> <\/div>    <div class=\"wp-block-columns is-layout-flex wp-container-core-columns-is-layout-9d6595d7 wp-block-columns-is-layout-flex\"> <div class=\"wp-block-column is-layout-flow wp-block-column-is-layout-flow\"> <p class=\"has-text-align-center translation-block\"><strong><mark class=\"has-inline-color has-luminous-vivid-amber-color\">Kompakt design<\/mark><\/strong><\/p>    <p>Dimensioner p\u00e5 200x200x110cm och en vikt p\u00e5 160 kg, sparar utrymme och m\u00f6jligg\u00f6r enkel drift.<\/p> <\/div>    <div class=\"wp-block-column is-layout-flow wp-block-column-is-layout-flow\"> <p class=\"has-text-align-center translation-block\"><strong><mark class=\"has-inline-color has-luminous-vivid-amber-color\">\u00d6kar l\u00f6nsamheten<\/mark><\/strong><\/p>    <p>H\u00f6g effektivitet, l\u00e5ga kostnader och stabil prestanda maximerar vinsterna f\u00f6r livsmedelsproducenter och restauranger.<\/p> <\/div> <\/div>   <div class=\"wp-block-image\"> <figure class=\"aligncenter size-full\"><img loading=\"lazy\" decoding=\"async\" width=\"720\" height=\"540\" src=\"https:\/\/www.meatprocessingmachine.org\/wp-content\/uploads\/2021\/09\/Automatic-BBQ-Meat-Skewer-Machine-for-sale.webp\" alt=\"Automatisk BBQ k\u00f6ttspettmaskin till salu\" class=\"wp-image-34738\" title=\"\" srcset=\"https:\/\/www.meatprocessingmachine.org\/wp-content\/uploads\/2021\/09\/Automatic-BBQ-Meat-Skewer-Machine-for-sale.webp 720w, https:\/\/www.meatprocessingmachine.org\/wp-content\/uploads\/2021\/09\/Automatic-BBQ-Meat-Skewer-Machine-for-sale-300x225.webp 300w, https:\/\/www.meatprocessingmachine.org\/wp-content\/uploads\/2021\/09\/Automatic-BBQ-Meat-Skewer-Machine-for-sale-16x12.webp 16w\" sizes=\"auto, (max-width: 720px) 100vw, 720px\" \/><figcaption class=\"wp-element-caption\">Automatisk BBQ k\u00f6ttspettmaskin till salu<\/figcaption><\/figure> <\/div>   <h2 class=\"wp-block-heading\">Tekniska parametrar f\u00f6r BBQ k\u00f6ttspettmaskin<\/h2>    <figure class=\"wp-block-table\"><table><tbody><tr><td>Modell<\/td><td>TZ-3500<\/td><\/tr><tr><td>Sp\u00e4nning<\/td><td>AC110V~220V\/50~60 HZ<\/td><\/tr><tr><td>2000\u202fkg<\/td><td>25W<\/td><\/tr><tr><td>Kapacitet<\/td><td>1800-3500 spett\/h<\/td><\/tr><tr><td>Luftkompressortryck<\/td><td>0.6mpa<\/td><\/tr><tr><td>Taggl\u00e4ngd<\/td><td>6~45cm<\/td><\/tr><tr><td>Taggdiameter<\/td><td>2~5mm<\/td><\/tr><tr><td>Skyltar<\/td><td>tr\u00e4spett, bambuspett, st\u00e5lbor<\/td><\/tr><tr><td>Nettovikt<\/td><td>160KG<\/td><\/tr><tr><td>Storlek<\/td><td>200x200x110cm<\/td><\/tr><\/tbody><\/table><figcaption class=\"wp-element-caption\">hett f\u00f6rs\u00e4ljning automatisk spettmaskin<\/figcaption><\/figure>   <div class=\"wp-block-image\"> <figure class=\"aligncenter size-full\"><img loading=\"lazy\" decoding=\"async\" width=\"720\" height=\"540\" src=\"https:\/\/www.meatprocessingmachine.org\/wp-content\/uploads\/2021\/09\/Meat-Skewering-Machine.webp\" alt=\"K\u00f6ttspettmaskin\" class=\"wp-image-34743\" title=\"\" srcset=\"https:\/\/www.meatprocessingmachine.org\/wp-content\/uploads\/2021\/09\/Meat-Skewering-Machine.webp 720w, https:\/\/www.meatprocessingmachine.org\/wp-content\/uploads\/2021\/09\/Meat-Skewering-Machine-300x225.webp 300w, https:\/\/www.meatprocessingmachine.org\/wp-content\/uploads\/2021\/09\/Meat-Skewering-Machine-16x12.webp 16w\" sizes=\"auto, (max-width: 720px) 100vw, 720px\" \/><figcaption class=\"wp-element-caption\">K\u00f6ttspettmaskin<\/figcaption><\/figure> <\/div>   <p>Tabellen ovan visar de tekniska uppgifterna f\u00f6r en av v\u00e5ra popul\u00e4ra automatiska spettmaskiner. Denna maskin kan tr\u00e4 1800-3500 spett p\u00e5 en timme. S\u00e5 mycket s\u00e5 att den uppfyller produktionsbehoven hos de flesta kunder.<\/p>    <p>\u00c5terigen har vi andra maskiner med produktionskapacitet till salu. Du kan tr\u00e4 sk\u00f6tt k\u00f6tt med tr\u00e4-, bambu- och rostfria sk\u00e4rspett. Om du \u00e4r intresserad av denna maskin, tveka inte att kontakta oss genom popup-f\u00f6nstret i det nedre h\u00f6gra h\u00f6rnet.<\/p>   <div class=\"wp-block-image\"> <figure class=\"aligncenter size-full\"><img loading=\"lazy\" decoding=\"async\" width=\"720\" height=\"540\" src=\"https:\/\/www.meatprocessingmachine.org\/wp-content\/uploads\/2021\/09\/Best-Automatic-Meat-Skewer-Machine.webp\" alt=\"B\u00e4sta automatiska k\u00f6ttspettmaskin\" class=\"wp-image-34740\" title=\"\" srcset=\"https:\/\/www.meatprocessingmachine.org\/wp-content\/uploads\/2021\/09\/Best-Automatic-Meat-Skewer-Machine.webp 720w, https:\/\/www.meatprocessingmachine.org\/wp-content\/uploads\/2021\/09\/Best-Automatic-Meat-Skewer-Machine-300x225.webp 300w, https:\/\/www.meatprocessingmachine.org\/wp-content\/uploads\/2021\/09\/Best-Automatic-Meat-Skewer-Machine-16x12.webp 16w\" sizes=\"auto, (max-width: 720px) 100vw, 720px\" \/><figcaption class=\"wp-element-caption\">B\u00e4sta automatiska k\u00f6ttspettmaskin<\/figcaption><\/figure> <\/div>   <h2 class=\"wp-block-heading\">F\u00f6rberedelse av r\u00e5material<\/h2>    <p class=\"translation-block\">Innan du anv\u00e4nder BBQ k\u00f6ttspettmaskinen kommer urvalet att genomf\u00f6ras i f\u00f6rv\u00e4g, som att sk\u00e4ra k\u00f6ttet i l\u00e4mpliga bitar. Om produktionen \u00e4r relativt stor kan den bearbetas av en <strong><a href=\"https:\/\/www.meatprocessingmachine.org\/sv\/fresh-meat-strip-cutting-machine.html\/\">maskin f\u00f6r sk\u00e4rning av f\u00e4rskt k\u00f6tt i remsor<\/a> <\/strong> f\u00f6r att bilda en komplett produktionskedja.<\/p>   <div class=\"wp-block-image\"> <figure class=\"aligncenter size-full\"><img loading=\"lazy\" decoding=\"async\" width=\"720\" height=\"540\" src=\"https:\/\/www.meatprocessingmachine.org\/wp-content\/uploads\/2026\/02\/Fresh-Strip-Meat-Cutting-Machine.webp\" alt=\"Maskin f\u00f6r sk\u00e4rning av f\u00e4rskt k\u00f6tt i remsor\" class=\"wp-image-34719\" title=\"\" srcset=\"https:\/\/www.meatprocessingmachine.org\/wp-content\/uploads\/2026\/02\/Fresh-Strip-Meat-Cutting-Machine.webp 720w, https:\/\/www.meatprocessingmachine.org\/wp-content\/uploads\/2026\/02\/Fresh-Strip-Meat-Cutting-Machine-300x225.webp 300w, https:\/\/www.meatprocessingmachine.org\/wp-content\/uploads\/2026\/02\/Fresh-Strip-Meat-Cutting-Machine-16x12.webp 16w\" sizes=\"auto, (max-width: 720px) 100vw, 720px\" \/><figcaption class=\"wp-element-caption\">Maskin f\u00f6r sk\u00e4rning av f\u00e4rskt k\u00f6tt i remsor<\/figcaption><\/figure> <\/div>   <h2 class=\"wp-block-heading\">Varf\u00f6r v\u00e4lja Taizy?<\/h2>    <p class=\"translation-block\"><strong>Auktoritativa certifieringar, p\u00e5litlig kvalitet<\/strong><\/p>    <ul class=\"wp-block-list\"> <li>Certifierad av <strong>ISO9001, CE, SGS och T\u00dcV<\/strong>, vilket s\u00e4kerst\u00e4ller s\u00e4ker drift, stabil prestanda och p\u00e5litlig kvalitet.<\/li> <\/ul>    <p class=\"translation-block\"><strong>Helt automatisk och h\u00f6g effektivitet<\/strong><\/p>    <ul class=\"wp-block-list\"> <li>H\u00f6g automatiseringsniv\u00e5 med stor produktionskapacitet. Sparar arbetskostnader och \u00e4r idealisk f\u00f6r kommersiell massproduktion.<\/li> <\/ul>    <p class=\"translation-block\"><strong>Livsmedelsklassat material, hygieniskt och s\u00e4kert<\/strong><\/p>    <ul class=\"wp-block-list\"> <li>Tillverkad av livsmedelsklassat rostfritt st\u00e5l. Korrosionsbest\u00e4ndig, l\u00e4tt att reng\u00f6ra och uppfyller standarder f\u00f6r livsmedelsbearbetning.<\/li> <\/ul>    <p class=\"translation-block\"><strong>M\u00e5ngsidig till\u00e4mpning<\/strong><\/p>    <ul class=\"wp-block-list\"> <li>L\u00e4mplig f\u00f6r bearbetning <strong>lammspett, kycklingspett, n\u00f6tk\u00f6ttsspett, k\u00f6ttbullar, gr\u00f6nsaker<\/strong>, och mer.<\/li> <\/ul>    <p class=\"translation-block\"><strong>Fullst\u00e4ndig garanti och eftermarknadsservice<\/strong><\/p>    <ul class=\"wp-block-list\"> <li>Ett \u00e5rs garanti f\u00f6r hela maskinen. Installationsmanual och fj\u00e4rrteknisk support tillhandah\u00e5lls. Ingenj\u00f6rer tillg\u00e4ngliga f\u00f6r installation och idrifttagning p\u00e5 plats om s\u00e5 kr\u00e4vs.<\/li> <\/ul>    <p class=\"translation-block\"><strong>L\u00e4tt drift och stabil prestanda<\/strong><\/p>    <ul class=\"wp-block-list\"> <li>Anv\u00e4ndarv\u00e4nlig design, l\u00e5g felaktighetsgrad, stabil l\u00e5ngsiktig drift och h\u00f6gre kostnadseffektivitet.<\/li> <\/ul>   <div class=\"wp-block-image\"> <figure class=\"aligncenter size-full\"><img loading=\"lazy\" decoding=\"async\" width=\"720\" height=\"540\" src=\"https:\/\/www.meatprocessingmachine.org\/wp-content\/uploads\/2021\/09\/Meat-Skewer-Machine-Ready-for-Shipment.webp\" alt=\"K\u00f6ttspettmaskin redo f\u00f6r frakt\" class=\"wp-image-34742\" title=\"\" srcset=\"https:\/\/www.meatprocessingmachine.org\/wp-content\/uploads\/2021\/09\/Meat-Skewer-Machine-Ready-for-Shipment.webp 720w, https:\/\/www.meatprocessingmachine.org\/wp-content\/uploads\/2021\/09\/Meat-Skewer-Machine-Ready-for-Shipment-300x225.webp 300w, https:\/\/www.meatprocessingmachine.org\/wp-content\/uploads\/2021\/09\/Meat-Skewer-Machine-Ready-for-Shipment-16x12.webp 16w\" sizes=\"auto, (max-width: 720px) 100vw, 720px\" \/><figcaption class=\"wp-element-caption\">K\u00f6ttspettmaskin redo f\u00f6r frakt<\/figcaption><\/figure> <\/div>   <h2 class=\"wp-block-heading\" id=\"h-faq\">Vanliga fr\u00e5gor<\/h2>   <div id=\"rank-math-faq\" class=\"rank-math-block\"> <div class=\"rank-math-list\"> <div id=\"faq-question-1704435305934\" class=\"rank-math-list-item\"> <h3 class=\"rank-math-question\">Vad \u00e4r temperaturintervallet f\u00f6r r\u00e5materialet?<\/h3> <div class=\"rank-math-answer\">  <p>F\u00e4rskt k\u00f6tt eller n\u00e5got fryst k\u00f6tt kan vara inom -10\u2103<\/p>  <\/div> <\/div> <div id=\"faq-question-1704435311249\" class=\"rank-math-list-item\"> <h3 class=\"rank-math-question\">Beh\u00f6ver BBQ k\u00f6ttspettmaskinen en luftkompressor?<\/h3> <div class=\"rank-math-answer\">  <p>beh\u00f6vs<\/p>  <\/div> <\/div> <div id=\"faq-question-1704435321038\" class=\"rank-math-list-item\"> <h3 class=\"rank-math-question\">\u00c4r det okej att tr\u00e4 k\u00f6ttbullar och korvar?<\/h3> <div class=\"rank-math-answer\">  <p>Ja, du kan ocks\u00e5 tr\u00e4 n\u00e5gra gr\u00f6nsaker<\/p>  <\/div> <\/div> <\/div> <\/div>","protected":false},"excerpt":{"rendered":"<p>BBQ Meat Skewer Machine can automatically skewers. Automatic skewer machine model TZ-2000 can skewer up to 2000 skewers in 1 hour.<\/p>","protected":false},"author":1,"featured_media":34750,"parent":0,"template":"","product-type":[582,583,584,598],"class_list":["post-2138","product","type-product","status-publish","has-post-thumbnail","hentry","product-type-cattle-sheep","product-type-chicken-turkey","product-type-fish","product-type-supporting-auxiliary-equipment"],"_links":{"self":[{"href":"https:\/\/www.meatprocessingmachine.org\/sv\/wp-json\/wp\/v2\/product\/2138","targetHints":{"allow":["GET"]}}],"collection":[{"href":"https:\/\/www.meatprocessingmachine.org\/sv\/wp-json\/wp\/v2\/product"}],"about":[{"href":"https:\/\/www.meatprocessingmachine.org\/sv\/wp-json\/wp\/v2\/types\/product"}],"author":[{"embeddable":true,"href":"https:\/\/www.meatprocessingmachine.org\/sv\/wp-json\/wp\/v2\/users\/1"}],"wp:featuredmedia":[{"embeddable":true,"href":"https:\/\/www.meatprocessingmachine.org\/sv\/wp-json\/wp\/v2\/media\/34750"}],"wp:attachment":[{"href":"https:\/\/www.meatprocessingmachine.org\/sv\/wp-json\/wp\/v2\/media?parent=2138"}],"wp:term":[{"taxonomy":"product-type","embeddable":true,"href":"https:\/\/www.meatprocessingmachine.org\/sv\/wp-json\/wp\/v2\/product-type?post=2138"}],"curies":[{"name":"wp","href":"https:\/\/api.w.org\/{rel}","templated":true}]}}