{"id":2220,"date":"2021-10-20T17:09:40","date_gmt":"2021-10-20T09:09:40","guid":{"rendered":"https:\/\/www.meatprocessingmachine.org\/?p=2220"},"modified":"2026-02-12T15:59:36","modified_gmt":"2026-02-12T07:59:36","slug":"frozen-meat-block-crushing-and-grinder-line","status":"publish","type":"product","link":"https:\/\/www.meatprocessingmachine.org\/sv\/frozen-meat-block-crushing-and-grinder-line.html","title":{"rendered":"Till salu kommersiell fryst k\u00f6ttblock krossnings- och malningslinje"},"content":{"rendered":"<div class=\"kk-star-ratings kksr-auto kksr-align-right kksr-valign-top\"     data-payload='{&quot;align&quot;:&quot;right&quot;,&quot;id&quot;:&quot;2220&quot;,&quot;slug&quot;:&quot;default&quot;,&quot;valign&quot;:&quot;top&quot;,&quot;ignore&quot;:&quot;&quot;,&quot;reference&quot;:&quot;auto&quot;,&quot;class&quot;:&quot;&quot;,&quot;count&quot;:&quot;0&quot;,&quot;legendonly&quot;:&quot;&quot;,&quot;readonly&quot;:&quot;&quot;,&quot;score&quot;:&quot;0&quot;,&quot;starsonly&quot;:&quot;&quot;,&quot;best&quot;:&quot;5&quot;,&quot;gap&quot;:&quot;5&quot;,&quot;greet&quot;:&quot;Rate this product&quot;,&quot;legend&quot;:&quot;0\\\/5 - (0 votes)&quot;,&quot;size&quot;:&quot;24&quot;,&quot;title&quot;:&quot;Commercial frozen meat block crushing and grinder line for sale&quot;,&quot;width&quot;:&quot;0&quot;,&quot;_legend&quot;:&quot;{score}\\\/{best} - ({count} {votes})&quot;,&quot;font_factor&quot;:&quot;1.25&quot;}'>              <div class=\"kksr-stars\">      <div class=\"kksr-stars-inactive\">             <div class=\"kksr-star\" data-star=\"1\" style=\"padding-right: 5px\">               <div class=\"kksr-icon\" style=\"width: 24px; height: 24px;\"><\/div>         <\/div>             <div class=\"kksr-star\" data-star=\"2\" style=\"padding-right: 5px\">               <div class=\"kksr-icon\" style=\"width: 24px; height: 24px;\"><\/div>         <\/div>             <div class=\"kksr-star\" data-star=\"3\" style=\"padding-right: 5px\">               <div class=\"kksr-icon\" style=\"width: 24px; height: 24px;\"><\/div>         <\/div>             <div class=\"kksr-star\" data-star=\"4\" style=\"padding-right: 5px\">               <div class=\"kksr-icon\" style=\"width: 24px; height: 24px;\"><\/div>         <\/div>             <div class=\"kksr-star\" data-star=\"5\" style=\"padding-right: 5px\">               <div class=\"kksr-icon\" style=\"width: 24px; height: 24px;\"><\/div>         <\/div>     <\/div>      <div class=\"kksr-stars-active\" style=\"width: 0px;\">             <div class=\"kksr-star\" style=\"padding-right: 5px\">               <div class=\"kksr-icon\" style=\"width: 24px; height: 24px;\"><\/div>         <\/div>             <div class=\"kksr-star\" style=\"padding-right: 5px\">               <div class=\"kksr-icon\" style=\"width: 24px; height: 24px;\"><\/div>         <\/div>             <div class=\"kksr-star\" style=\"padding-right: 5px\">               <div class=\"kksr-icon\" style=\"width: 24px; height: 24px;\"><\/div>         <\/div>             <div class=\"kksr-star\" style=\"padding-right: 5px\">               <div class=\"kksr-icon\" style=\"width: 24px; height: 24px;\"><\/div>         <\/div>             <div class=\"kksr-star\" style=\"padding-right: 5px\">               <div class=\"kksr-icon\" style=\"width: 24px; height: 24px;\"><\/div>         <\/div>     <\/div> <\/div>                   <div class=\"kksr-legend\" style=\"font-size: 19.2px;\">             <span class=\"kksr-muted\">Betygs\u00e4tt denna produkt<\/span>     <\/div>     <\/div>  <p class=\"translation-block\"><strong>Fryst k\u00f6ttblockkross och malningslinje<\/strong>\u00a0\u00e4r en process som kan krossa stora bitar av fryst k\u00f6tt f\u00f6rst, och sedan mala det till pur\u00e9. En <a href=\"https:\/\/www.meatprocessingmachine.org\/sv\/products\/meat-grinding-machine\/\" data-type=\"URL\" data-id=\"https:\/\/www.meatprocessingmachine.org\/products\/meat-grinding-machine\/\">k\u00f6ttkvarn<\/a> \u00e4r en n\u00f6dv\u00e4ndig maskin f\u00f6r k\u00f6ttproduktionsbearbetning, och maskinen kan bearbetas efter bearbetning. Produktion av k\u00f6ttbullar, korvpatties och andra produkter.<\/p>    <h2 class=\"wp-block-heading\" id=\"h-the-composition-of-the-frozen-meat-block-crushing-and-grinder-line\">Sammanst\u00e4llning av fryst k\u00f6ttblockkross och malningslinje<\/h2>    <figure class=\"wp-block-image size-full\"><img loading=\"lazy\" decoding=\"async\" width=\"720\" height=\"540\" src=\"https:\/\/www.meatprocessingmachine.org\/wp-content\/uploads\/2021\/10\/frozen-meat-block-crushing-and-grinder-line.webp\" alt=\"frozen meat block crushing and grinder line\" class=\"wp-image-34125\" title=\"\" srcset=\"https:\/\/www.meatprocessingmachine.org\/wp-content\/uploads\/2021\/10\/frozen-meat-block-crushing-and-grinder-line.webp 720w, https:\/\/www.meatprocessingmachine.org\/wp-content\/uploads\/2021\/10\/frozen-meat-block-crushing-and-grinder-line-300x225.webp 300w\" sizes=\"auto, (max-width: 720px) 100vw, 720px\" \/><figcaption class=\"wp-element-caption\">Fryst k\u00f6ttblockkross och malningslinje<\/figcaption><\/figure>    <p class=\"translation-block\">K\u00f6ttpur\u00e9produktionslinjen \u00e4r uppdelad i tre delar. Den f\u00f6rsta \u00e4r den <a href=\"https:\/\/www.meatprocessingmachine.org\/sv\/frozen-meat-cutting-machine.html\/\" data-type=\"URL\" data-id=\"https:\/\/www.meatprocessingmachine.org\/frozen-meat-cutting-machine.html\">frysta k\u00f6ttkrossen<\/a>. De stora bitarna av fryst k\u00f6tt krossas f\u00f6rst, sedan kopplas de samman med en hiss, och slutligen bearbetas de i en k\u00f6ttkvarn.<\/p>    <h2 class=\"wp-block-heading\">Fryst k\u00f6ttblocksk\u00e4rare<\/h2>   <div class=\"wp-block-image\"> <figure class=\"aligncenter\"><img loading=\"lazy\" decoding=\"async\" width=\"720\" height=\"540\" src=\"https:\/\/www.meatprocessingmachine.org\/wp-content\/uploads\/2021\/10\/Frozen-meat-blocker-cutter.jpg\" alt=\"twitter\" class=\"wp-image-2231\" title=\"\" srcset=\"https:\/\/www.meatprocessingmachine.org\/wp-content\/uploads\/2021\/10\/Frozen-meat-blocker-cutter.jpg 720w, https:\/\/www.meatprocessingmachine.org\/wp-content\/uploads\/2021\/10\/Frozen-meat-blocker-cutter-300x225.jpg 300w\" sizes=\"auto, (max-width: 720px) 100vw, 720px\" \/><figcaption class=\"wp-element-caption\">Fryst k\u00f6ttblocksk\u00e4rare<\/figcaption><\/figure> <\/div>   <p class=\"translation-block\">En fryst k\u00f6ttkross \u00e4r en maskin som kan sk\u00e4ra benfritt fryst k\u00f6tt i bitar eller skivor. K\u00f6ttets temperaturintervall som bearbetas av maskinen \u00e4r -18\u2103\u2014-24\u2103. Maskinen har mycket vassa blad och bladens h\u00e5rdhet \u00e4r mycket h\u00f6g, f\u00f6r att skydda maskinen mot skador vid bearbetning av stora bitar av fryst k\u00f6tt. N\u00e4r du k\u00f6per en maskin, m\u00e5ste du bekr\u00e4fta storleken p\u00e5 k\u00f6ttblocket med kunden. Vanligtvis kan maskinen hantera k\u00f6ttblock p\u00e5 780mm<em>510mm<\/em>180mm, men den kan ocks\u00e5 anpassas efter kundens \u00f6nskade storlek. <\/p>   <div class=\"wp-block-image\"> <figure class=\"aligncenter size-full\"><img loading=\"lazy\" decoding=\"async\" width=\"720\" height=\"540\" src=\"https:\/\/www.meatprocessingmachine.org\/wp-content\/uploads\/2021\/10\/Meat-Shredder-Test.png\" alt=\"K\u00f6ttstrimlare Test\" class=\"wp-image-32725\" title=\"\" srcset=\"https:\/\/www.meatprocessingmachine.org\/wp-content\/uploads\/2021\/10\/Meat-Shredder-Test.png 720w, https:\/\/www.meatprocessingmachine.org\/wp-content\/uploads\/2021\/10\/Meat-Shredder-Test-300x225.png 300w\" sizes=\"auto, (max-width: 720px) 100vw, 720px\" \/><figcaption class=\"wp-element-caption\">K\u00f6ttstrimlare Test<\/figcaption><\/figure> <\/div>   <p>Maskinens arbetsprincip \u00e4r att den skjuter fryst k\u00f6tt fram\u00e5t genom cylindern bakifr\u00e5n, och sedan passerar genom den h\u00f6gfrekventa roterande kniven, och hela frysta k\u00f6ttet kan brytas ner. Effektiviteten hos den frysta k\u00f6ttkrossen \u00e4r mycket h\u00f6g och kan n\u00e5 3-5 ton per timme. Den frysta k\u00f6ttkvarnen \u00e4r tillverkad av rostfritt st\u00e5l 304, vilket kan anv\u00e4ndas under l\u00e5ng tid och \u00e4r mycket stark.<br><\/p>    <h3 class=\"wp-block-heading\">Parametrar f\u00f6r fryst k\u00f6ttkross<\/h3>    <p>Total effekt: 6,6 kW<br>Effekt: 5,5kw<br>Produktivitet: 3-5 ton\/timme<br>Vikt: 600kg<br>Kroppsstorlek: 1750\u00d7945\u00d71220 mm<\/p>    <h2 class=\"wp-block-heading\">Frysta blockflingor hiss<\/h2>   <div class=\"wp-block-image\"> <figure class=\"aligncenter\"><img loading=\"lazy\" decoding=\"async\" width=\"720\" height=\"540\" src=\"https:\/\/www.meatprocessingmachine.org\/wp-content\/uploads\/2021\/10\/hoist.jpg\" alt=\"\" class=\"wp-image-2232\" title=\"\" srcset=\"https:\/\/www.meatprocessingmachine.org\/wp-content\/uploads\/2021\/10\/hoist.jpg 720w, https:\/\/www.meatprocessingmachine.org\/wp-content\/uploads\/2021\/10\/hoist-300x225.jpg 300w\" sizes=\"auto, (max-width: 720px) 100vw, 720px\" \/><figcaption class=\"wp-element-caption\">hiss<\/figcaption><\/figure> <\/div>   <p>Hissen \u00e4r att koppla samman fryst k\u00f6ttkrossen och k\u00f6ttkvarnen, vilket kan b\u00e4ttre m\u00f6jligg\u00f6ra automation, spara arbetskraft och m\u00f6jligg\u00f6ra automatisk matning av k\u00f6ttkvarnen. H\u00f6jden och lutningen p\u00e5 hissen kan anpassas efter produktionsplatsens egenskaper, med m\u00e5let att underl\u00e4tta matning.<\/p>    <h2 class=\"wp-block-heading\">Enkammar vakuumf\u00f6rpackningsmaskin | Vakuumf\u00f6rsegling<\/h2>   <div class=\"wp-block-image\"> <figure class=\"aligncenter size-full\"><img loading=\"lazy\" decoding=\"async\" width=\"720\" height=\"540\" src=\"https:\/\/www.meatprocessingmachine.org\/wp-content\/uploads\/2021\/10\/meat-grinder.png\" alt=\"k\u00f6ttkvarn\" class=\"wp-image-32723\" title=\"\" srcset=\"https:\/\/www.meatprocessingmachine.org\/wp-content\/uploads\/2021\/10\/meat-grinder.png 720w, https:\/\/www.meatprocessingmachine.org\/wp-content\/uploads\/2021\/10\/meat-grinder-300x225.png 300w\" sizes=\"auto, (max-width: 720px) 100vw, 720px\" \/><figcaption class=\"wp-element-caption\">k\u00f6ttkvarn<\/figcaption><\/figure> <\/div>   <p>En fryst k\u00f6ttkvarn \u00e4r en maskin efter den frysta k\u00f6ttkrossen. Efter att ha passerat genom k\u00f6ttkvarnen kan k\u00f6ttskivor eller sm\u00e5 k\u00f6ttbitar formas till k\u00f6ttf\u00e4rs, vilket \u00e4r l\u00e4mpligt f\u00f6r att tillverka k\u00f6ttprodukter som korv och k\u00f6ttbullar. Utg\u00e5ngen fr\u00e5n den frysta k\u00f6ttkvarnen best\u00e5r av en f\u00f6rsk\u00e4rningskniv, en perforerad platta och en reamer.<\/p>    <h3 class=\"wp-block-heading\">Fryst k\u00f6ttkrossparametrar<\/h3>    <figure class=\"wp-block-table\"><table><tbody><tr><td><strong>modell<\/strong><strong><\/strong><\/td><td><strong>Storlek (mm)<\/strong><strong><\/strong><\/td><td><strong>kraft<\/strong><strong><\/strong><\/td><td><strong>kapacitet<\/strong><strong><\/strong><\/td><\/tr><tr><td>&nbsp;SL-100<\/td><td>&nbsp;900*600*960<\/td><td>&nbsp;5,5kw<\/td><td>300-500kg<\/td><\/tr><tr><td>&nbsp;&nbsp;SL-120<\/td><td>&nbsp;1050*600*1100&nbsp;&nbsp;<\/td><td>&nbsp;7,5kw<\/td><td>500-800kg<\/td><\/tr><tr><td>&nbsp;SL-130&nbsp;&nbsp;<\/td><td>&nbsp;1280*700*1130<\/td><td>&nbsp;8KW<\/td><td>&nbsp;800-1300kg\/h<\/td><\/tr><\/tbody><\/table><\/figure>    <h2 class=\"wp-block-heading\">F\u00f6rsiktighets\u00e5tg\u00e4rder f\u00f6r fryst k\u00f6ttblockkross och malningslinje<\/h2>    <p>(1) Innan du anv\u00e4nder den nya maskinen f\u00f6r f\u00f6rsta g\u00e5ngen, \u00e4r det n\u00f6dv\u00e4ndigt att reng\u00f6ra den inre propellaxeln, sk\u00e4rkniven och utmatningskniven f\u00f6r att f\u00f6rhindra att industriolja l\u00e4mnas kvar.<\/p>    <p>(2) Innan du s\u00e4tter p\u00e5 str\u00f6mmen, kontrollera att sp\u00e4nningsniv\u00e5n p\u00e5 eluttaget st\u00e4mmer med maskinens namnskylt. Maskinens h\u00f6lje m\u00e5ste vara ordentligt jordad. Det rekommenderas att anv\u00e4nda en jordfelsbrytare f\u00f6r str\u00f6mbrytaren.<\/p>    <p>(3) Innan malning av k\u00f6ttet, sk\u00e4r k\u00f6ttet i sm\u00e5 bitar f\u00f6r att undvika att skada maskinen.<\/p>    <p>(4) Sl\u00e5 p\u00e5 str\u00f6mmen och tills\u00e4tt k\u00f6ttet efter att maskinen fungerar normalt. Det \u00e4r strikt f\u00f6rbjudet att stoppa handen i mataren n\u00e4r du tills\u00e4tter k\u00f6tt, annars kan det orsaka skada.<\/p>    <p>(5) K\u00f6ttbitarna m\u00e5ste tills\u00e4ttas j\u00e4mnt och inte f\u00f6r mycket f\u00f6r att inte skada motorn. Om du uppt\u00e4cker att motorn inte fungerar normalt, b\u00f6r du omedelbart st\u00e4nga av str\u00f6mmen och kontrollera orsaken efter att ha stoppat. <\/p>    <p>(6) St\u00e4ng av str\u00f6mmen efter anv\u00e4ndning, demontera huvudet och reng\u00f6r det med rent vatten, torka eller l\u00e5t det torka. Det \u00e4r b\u00e4st att v\u00e4nta tills vattnet har torkat innan du monterar ihop det igen f\u00f6r att uppn\u00e5 b\u00e4sta underh\u00e5llseffekt. Anv\u00e4nd de fyra knivarna efter att ha anv\u00e4nt kniven och torka av med lite \u00e4tbar olja f\u00f6r underh\u00e5ll.<\/p>    <h2 class=\"wp-block-heading\">F\u00f6rdelar med fryst k\u00f6ttblockkross och malningslinje<\/h2>    <p>Due to meat transportation and storage requirements, general meat will be frozen into a large piece of meat, which is very hard, and ordinary meat grinders cannot directly divide and mince. Therefore, the meat crusher needs to be advanced and crushed before it can be put into the meat grinder. Avoid multiple thawing, which will cause the loss of nutrients in the meat&#8217;s taste. The machine knife is very hard and can handle frozen meat at -18\u00b0C.<\/p>   <div class=\"wp-block-image\"> <figure class=\"aligncenter\"><img loading=\"lazy\" decoding=\"async\" width=\"720\" height=\"540\" src=\"https:\/\/www.meatprocessingmachine.org\/wp-content\/uploads\/2021\/10\/frozen-meat-block-crushing-and-grinder-line-application.jpg\" alt=\"fryst k\u00f6ttblockkross och malningslinje applikation \" class=\"wp-image-2235\" title=\"\" srcset=\"https:\/\/www.meatprocessingmachine.org\/wp-content\/uploads\/2021\/10\/frozen-meat-block-crushing-and-grinder-line-application.jpg 720w, https:\/\/www.meatprocessingmachine.org\/wp-content\/uploads\/2021\/10\/frozen-meat-block-crushing-and-grinder-line-application-300x225.jpg 300w\" sizes=\"auto, (max-width: 720px) 100vw, 720px\" \/><figcaption class=\"wp-element-caption\">fryst k\u00f6ttblockkross och malningslinje applikation<\/figcaption><\/figure> <\/div>   <p class=\"translation-block\"><strong>Fryst k\u00f6ttblockkross och malningslinje<\/strong>\u00a0\u00e4r en process som kan krossa stora bitar av fryst k\u00f6tt f\u00f6rst, och sedan mala det till pur\u00e9. En k\u00f6ttkvarn \u00e4r en n\u00f6dv\u00e4ndig maskin f\u00f6r k\u00f6ttproduktionsbearbetning, och maskinen kan bearbetas efter bearbetning. Produktion av k\u00f6ttbullar, korvpatties och andra produkter.<\/p>    <h2 class=\"wp-block-heading\">Video av fryst k\u00f6ttblockkross och malningslinje<\/h2>    <figure class=\"wp-block-embed is-type-video is-provider-youtube wp-block-embed-youtube wp-embed-aspect-16-9 wp-has-aspect-ratio\"><div class=\"wp-block-embed__wrapper\"> <iframe loading=\"lazy\" title=\"kommersiell fryst k\u00f6ttblockkrossare och krosslinje f\u00f6r f\u00f6rs\u00e4ljning |frysta k\u00f6ttblockflingor\" width=\"500\" height=\"281\" src=\"https:\/\/www.youtube.com\/embed\/ZRYqmhxR3_g?start=16&#038;feature=oembed\" frameborder=\"0\" allow=\"accelerometer; autoplay; clipboard-write; encrypted-media; gyroscope; picture-in-picture; web-share\" referrerpolicy=\"strict-origin-when-cross-origin\" allowfullscreen><\/iframe> <\/div><figcaption class=\"wp-element-caption\">Video av fryst k\u00f6ttblockkross och malningslinje<\/figcaption><\/figure>    <p><\/p>","protected":false},"excerpt":{"rendered":"<p>Frozen meat block crushing and grinder line&nbsp;is a process that can crush large pieces of frozen meat first, and then grind it into the mash. A meat grinder is a necessary machine for the production of meat food processing, and the machine can be processed after processing. Production of meatballs, sausage patties, and other products. [&hellip;]<\/p>\n","protected":false},"author":1,"featured_media":2230,"parent":0,"template":"","product-type":[597],"class_list":["post-2220","product","type-product","status-publish","has-post-thumbnail","hentry","product-type-production-line"],"_links":{"self":[{"href":"https:\/\/www.meatprocessingmachine.org\/sv\/wp-json\/wp\/v2\/product\/2220","targetHints":{"allow":["GET"]}}],"collection":[{"href":"https:\/\/www.meatprocessingmachine.org\/sv\/wp-json\/wp\/v2\/product"}],"about":[{"href":"https:\/\/www.meatprocessingmachine.org\/sv\/wp-json\/wp\/v2\/types\/product"}],"author":[{"embeddable":true,"href":"https:\/\/www.meatprocessingmachine.org\/sv\/wp-json\/wp\/v2\/users\/1"}],"wp:featuredmedia":[{"embeddable":true,"href":"https:\/\/www.meatprocessingmachine.org\/sv\/wp-json\/wp\/v2\/media\/2230"}],"wp:attachment":[{"href":"https:\/\/www.meatprocessingmachine.org\/sv\/wp-json\/wp\/v2\/media?parent=2220"}],"wp:term":[{"taxonomy":"product-type","embeddable":true,"href":"https:\/\/www.meatprocessingmachine.org\/sv\/wp-json\/wp\/v2\/product-type?post=2220"}],"curies":[{"name":"wp","href":"https:\/\/api.w.org\/{rel}","templated":true}]}}