{"id":32290,"date":"2021-11-04T11:48:54","date_gmt":"2021-11-04T03:48:54","guid":{"rendered":"https:\/\/www.meatprocessingmachine.org\/?p=32290"},"modified":"2024-06-14T15:33:32","modified_gmt":"2024-06-14T07:33:32","slug":"frozen-block-breaker-for-meat","status":"publish","type":"product","link":"https:\/\/www.meatprocessingmachine.org\/sv\/frozen-block-breaker-for-meat.html","title":{"rendered":"Fryst k\u00f6ttblockbrytare f\u00f6r k\u00f6ttskivare och kross"},"content":{"rendered":"<div class=\"kk-star-ratings kksr-auto kksr-align-right kksr-valign-top\"     data-payload='{&quot;align&quot;:&quot;right&quot;,&quot;id&quot;:&quot;32290&quot;,&quot;slug&quot;:&quot;default&quot;,&quot;valign&quot;:&quot;top&quot;,&quot;ignore&quot;:&quot;&quot;,&quot;reference&quot;:&quot;auto&quot;,&quot;class&quot;:&quot;&quot;,&quot;count&quot;:&quot;0&quot;,&quot;legendonly&quot;:&quot;&quot;,&quot;readonly&quot;:&quot;&quot;,&quot;score&quot;:&quot;0&quot;,&quot;starsonly&quot;:&quot;&quot;,&quot;best&quot;:&quot;5&quot;,&quot;gap&quot;:&quot;5&quot;,&quot;greet&quot;:&quot;Rate this product&quot;,&quot;legend&quot;:&quot;0\\\/5 - (0 votes)&quot;,&quot;size&quot;:&quot;24&quot;,&quot;title&quot;:&quot;Frozen meat block breaker for meat flaker and crusher&quot;,&quot;width&quot;:&quot;0&quot;,&quot;_legend&quot;:&quot;{score}\\\/{best} - ({count} {votes})&quot;,&quot;font_factor&quot;:&quot;1.25&quot;}'>              <div class=\"kksr-stars\">      <div class=\"kksr-stars-inactive\">             <div class=\"kksr-star\" data-star=\"1\" style=\"padding-right: 5px\">               <div class=\"kksr-icon\" style=\"width: 24px; height: 24px;\"><\/div>         <\/div>             <div class=\"kksr-star\" data-star=\"2\" style=\"padding-right: 5px\">               <div class=\"kksr-icon\" style=\"width: 24px; height: 24px;\"><\/div>         <\/div>             <div class=\"kksr-star\" data-star=\"3\" style=\"padding-right: 5px\">               <div class=\"kksr-icon\" style=\"width: 24px; height: 24px;\"><\/div>         <\/div>             <div class=\"kksr-star\" data-star=\"4\" style=\"padding-right: 5px\">               <div class=\"kksr-icon\" style=\"width: 24px; height: 24px;\"><\/div>         <\/div>             <div class=\"kksr-star\" data-star=\"5\" style=\"padding-right: 5px\">               <div class=\"kksr-icon\" style=\"width: 24px; height: 24px;\"><\/div>         <\/div>     <\/div>      <div class=\"kksr-stars-active\" style=\"width: 0px;\">             <div class=\"kksr-star\" style=\"padding-right: 5px\">               <div class=\"kksr-icon\" style=\"width: 24px; height: 24px;\"><\/div>         <\/div>             <div class=\"kksr-star\" style=\"padding-right: 5px\">               <div class=\"kksr-icon\" style=\"width: 24px; height: 24px;\"><\/div>         <\/div>             <div class=\"kksr-star\" style=\"padding-right: 5px\">               <div class=\"kksr-icon\" style=\"width: 24px; height: 24px;\"><\/div>         <\/div>             <div class=\"kksr-star\" style=\"padding-right: 5px\">               <div class=\"kksr-icon\" style=\"width: 24px; height: 24px;\"><\/div>         <\/div>             <div class=\"kksr-star\" style=\"padding-right: 5px\">               <div class=\"kksr-icon\" style=\"width: 24px; height: 24px;\"><\/div>         <\/div>     <\/div> <\/div>                   <div class=\"kksr-legend\" style=\"font-size: 19.2px;\">             <span class=\"kksr-muted\">Betygs\u00e4tt denna produkt<\/span>     <\/div>     <\/div>  <p>Fryst k\u00f6ttblockbrytaren \u00e4r en maskin som anv\u00e4nds f\u00f6r att dela hela frysta k\u00f6ttbitar och sk\u00e4ra dem i bitar. Maskinen bearbetar fryst benfritt k\u00f6tt. Det \u00e4r ett oumb\u00e4rligt verktyg i k\u00f6ttmatbearbetningsprocessen. Det kan anv\u00e4ndas f\u00f6r f\u00f6rbehandling av k\u00f6ttkrossare. Vid korv- och k\u00f6ttbollsproduktion anv\u00e4nds frysta k\u00f6ttkrossare f\u00f6r att bearbeta r\u00e5varor.<\/p>    <h2 class=\"wp-block-heading\" id=\"h-why-use-frozen-meat-block-breaker\">Varf\u00f6r anv\u00e4nda en fryst k\u00f6ttblockbrytare?<\/h2>    <p>Den frysta k\u00f6ttkrossaren kan s\u00e4kerst\u00e4lla k\u00f6ttets f\u00e4rskhet, undvika n\u00e4ringsf\u00f6rlust vid upprepad upptining, eliminera upptiningssteget och f\u00f6rkorta bearbetningstiden f\u00f6r k\u00f6ttprodukter. Dessutom \u00f6kar upprepad frysning belastningen p\u00e5 frysen under k\u00f6ttbearbetning. Den kan realisera en n\u00e4ra koppling mellan processerna, vilket m\u00f6jligg\u00f6r en fullst\u00e4ndig industriell kedja.<\/p>    <h2 class=\"wp-block-heading\">Effektsbeskrivning av fryst k\u00f6ttkross<\/h2>    <p class=\"translation-block\">Den frysta k\u00f6ttbrytaren kan sk\u00e4ra fryst k\u00f6tt i skivor p\u00e5 tio sekunder. Maskinens output \u00e4r mycket stor, vilket passar vissa livsmedelsfabriker. Dessutom \u00e4r den ocks\u00e5 oumb\u00e4rlig i oljeutvinningsproduktionen. De r\u00e5varor som bearbetas av fryst k\u00f6ttkrossaren b\u00f6r vara fryst k\u00f6tt vid -4\u00b0C till -18\u00b0C, som direkt mals till k\u00f6ttf\u00e4rs, vilket \u00e4r f\u00f6rbehandling f\u00f6r hackare och <a href=\"https:\/\/www.meatprocessingmachine.org\/sv\/frozen-meat-grinder.html\/\">k\u00f6ttkvarn<\/a>.<\/p>   <div class=\"wp-block-image\"> <figure class=\"aligncenter size-full\"><img loading=\"lazy\" decoding=\"async\" width=\"720\" height=\"540\" src=\"https:\/\/www.meatprocessingmachine.org\/wp-content\/uploads\/2021\/11\/meat-flaker-machine.jpg\" alt=\" fryst k\u00f6ttblockbrytare\" class=\"wp-image-32297\" title=\"\" srcset=\"https:\/\/www.meatprocessingmachine.org\/wp-content\/uploads\/2021\/11\/meat-flaker-machine.jpg 720w, https:\/\/www.meatprocessingmachine.org\/wp-content\/uploads\/2021\/11\/meat-flaker-machine-300x225.jpg 300w\" sizes=\"auto, (max-width: 720px) 100vw, 720px\" \/><figcaption class=\"wp-element-caption\"> fryst k\u00f6ttblockbrytare<\/figcaption><\/figure> <\/div>   <h2 class=\"wp-block-heading\">J\u00e4mf\u00f6relse mellan fryst k\u00f6tt och f\u00e4rskt k\u00f6tt<\/h2>    <p>M\u00e5nga tror att f\u00e4rskt k\u00f6tt \u00e4r mer n\u00e4ringsrikt \u00e4n fryst k\u00f6tt. Faktum \u00e4r att efter observation och forskning \u00e4r inte f\u00e4rskt k\u00f6tt mer n\u00e4ringsrikt och gott \u00e4n fryst k\u00f6tt. Tv\u00e4rtom, om det f\u00e4rska k\u00f6ttet inte tillagas eller fryses i tid, kommer ett stort antal bakterier att multiplicera sig. Och kallt f\u00e4rskt k\u00f6tt f\u00f6rvaras i tid vid -18\u00b0C. Efter upptining p\u00e5verkar det inte smaken men \u00e4r h\u00e4lsosammare.<\/p>    <h2 class=\"wp-block-heading\">Struktur och princip f\u00f6r fryst k\u00f6ttbrytare<\/h2>   <div class=\"wp-block-image\"> <figure class=\"aligncenter size-full\"><img loading=\"lazy\" decoding=\"async\" width=\"720\" height=\"540\" src=\"https:\/\/www.meatprocessingmachine.org\/wp-content\/uploads\/2021\/11\/frozen-meat-breaker.webp\" alt=\"fryst k\u00f6ttbrytare\" class=\"wp-image-34149\" title=\"\" srcset=\"https:\/\/www.meatprocessingmachine.org\/wp-content\/uploads\/2021\/11\/frozen-meat-breaker.webp 720w, https:\/\/www.meatprocessingmachine.org\/wp-content\/uploads\/2021\/11\/frozen-meat-breaker-300x225.webp 300w\" sizes=\"auto, (max-width: 720px) 100vw, 720px\" \/><figcaption class=\"wp-element-caption\">fryst k\u00f6ttbrytare<\/figcaption><\/figure> <\/div>   <p>Fryst k\u00f6ttbrytaren anv\u00e4nder \u00e5ngtryck som kraft. Det frysta k\u00f6ttet skjuts fram\u00e5t av cylindern, och kniven passerar genom krossaren med en j\u00e4mn hastighet. Kniven roterar i h\u00f6g hastighet f\u00f6r att bryta k\u00f6ttet. Hela fryst k\u00f6ttkrossaren \u00e4r svetsad. Hantverket ger vibrationsmotst\u00e5nd, maskinens prestanda \u00e4r stabil, och felprocenten \u00e4r l\u00e5g.<\/p>    <h2 class=\"wp-block-heading\">Parametrar f\u00f6r fryst k\u00f6ttblockbrytare<\/h2>    <p>Regulj\u00e4rt k\u00f6ttstorlek: 78*510*180mm<\/p>    <p>Produktivitet: 3-5 ton\/timme<\/p>    <p>Material: 304 rostfritt st\u00e5l<\/p>   <div class=\"wp-block-image\"> <figure class=\"aligncenter size-full\"><img loading=\"lazy\" decoding=\"async\" width=\"720\" height=\"540\" src=\"https:\/\/www.meatprocessingmachine.org\/wp-content\/uploads\/2021\/11\/details-of-frozen-block-breaker.jpg\" alt=\"details of frozen meat block breaker \" class=\"wp-image-32298\" title=\"\" srcset=\"https:\/\/www.meatprocessingmachine.org\/wp-content\/uploads\/2021\/11\/details-of-frozen-block-breaker.jpg 720w, https:\/\/www.meatprocessingmachine.org\/wp-content\/uploads\/2021\/11\/details-of-frozen-block-breaker-300x225.jpg 300w\" sizes=\"auto, (max-width: 720px) 100vw, 720px\" \/><figcaption class=\"wp-element-caption\">detaljer om fryst k\u00f6ttkross<\/figcaption><\/figure> <\/div>   <p>Den \u00f6vergripande arbetseffektiviteten hos den frysta k\u00f6ttkrossaren \u00e4r mycket h\u00f6g. Den genomsnittliga produktionen per timme \u00e4r 4 ton. Den \u00e4r s\u00e4rskilt l\u00e4mplig f\u00f6r vissa storskaliga livsmedels- och k\u00f6ttbearbetningsanl\u00e4ggningar. Maskinen \u00e4r tillverkad av rostfritt st\u00e5l, vilket g\u00f6r den l\u00e4tt att reng\u00f6ra och garanterar en l\u00e5ng livsl\u00e4ngd.<\/p>    <h2 class=\"wp-block-heading\">Egenskaper hos fryst k\u00f6ttskivare<\/h2>    <p>Maskinen bearbetas snabbt av maskinen, k\u00f6ttets temperatur \u00e4r l\u00e5g, och k\u00f6ttets f\u00e4rskhet \u00e4r garanterad<\/p>    <p>Stark krossf\u00f6rm\u00e5ga, komplett fryst k\u00f6ttkrossning p\u00e5 n\u00e5gra sekunder\uff0c3-5 ton per timme<\/p>    <p>Fryst k\u00f6ttkrossaren har l\u00e5g ljudniv\u00e5 och stabil drift<\/p>   <div class=\"wp-block-image\"> <figure class=\"aligncenter size-full\"><img loading=\"lazy\" decoding=\"async\" width=\"720\" height=\"540\" src=\"https:\/\/www.meatprocessingmachine.org\/wp-content\/uploads\/2021\/11\/frozen-meat-slicer.jpg\" alt=\" fryst k\u00f6ttskivare  \" class=\"wp-image-32299\" title=\"\" srcset=\"https:\/\/www.meatprocessingmachine.org\/wp-content\/uploads\/2021\/11\/frozen-meat-slicer.jpg 720w, https:\/\/www.meatprocessingmachine.org\/wp-content\/uploads\/2021\/11\/frozen-meat-slicer-300x225.jpg 300w\" sizes=\"auto, (max-width: 720px) 100vw, 720px\" \/><figcaption class=\"wp-element-caption\"> fryst k\u00f6ttskivare  <\/figcaption><\/figure> <\/div>   <h2 class=\"wp-block-heading\">F\u00f6rsiktighets\u00e5tg\u00e4rder vid installation och fels\u00f6kning av fryst k\u00f6ttkrossare<\/h2>    <p>Fryst k\u00f6ttblockbrytaren b\u00f6r placeras p\u00e5 j\u00e4mn och stabil mark.<\/p>    <p>K\u00f6ttremskrossaren m\u00e5ste vara utrustad med en mottagningsbeh\u00e5llare f\u00f6r k\u00f6tt<\/p>    <p>Sl\u00e5 p\u00e5 knivh\u00e5llarens kraft, som r\u00f6r sig upp och ner, tryck l\u00e5ngsamt ut det frysta k\u00f6ttet ur matningsh\u00e5let och observera k\u00f6ttskivornas tjocklek.<\/p>    <h2 class=\"wp-block-heading\">Video av fryst k\u00f6ttblockkrossare  <\/h2>    <figure class=\"wp-block-embed is-type-video is-provider-youtube wp-block-embed-youtube wp-embed-aspect-16-9 wp-has-aspect-ratio\"><div class=\"wp-block-embed__wrapper\"> <iframe loading=\"lazy\" title=\"kommersiell fryst k\u00f6ttblockkrossare och krosslinje f\u00f6r f\u00f6rs\u00e4ljning |frysta k\u00f6ttblockflingor\" width=\"500\" height=\"281\" src=\"https:\/\/www.youtube.com\/embed\/ZRYqmhxR3_g?start=8&#038;feature=oembed\" frameborder=\"0\" allow=\"accelerometer; autoplay; clipboard-write; encrypted-media; gyroscope; picture-in-picture; web-share\" referrerpolicy=\"strict-origin-when-cross-origin\" allowfullscreen><\/iframe> <\/div><\/figure>","protected":false},"excerpt":{"rendered":"<p>Fryst k\u00f6ttblockbrytaren \u00e4r en maskin som anv\u00e4nds f\u00f6r att dela hela frysta k\u00f6ttbitar och sk\u00e4ra dem i bitar. Maskinen bearbetar fryst benfritt k\u00f6tt. Det \u00e4r ett oumb\u00e4rligt verktyg i k\u00f6ttmatbearbetningsprocessen. Det kan anv\u00e4ndas f\u00f6r f\u00f6rbehandling av k\u00f6ttkrossare. Vid korv- och k\u00f6ttbollsproduktion anv\u00e4nds frysta k\u00f6ttkrossare f\u00f6r att bearbeta r\u00e5varor.<\/p>","protected":false},"author":1,"featured_media":32296,"parent":0,"template":"","product-type":[589],"class_list":["post-32290","product","type-product","status-publish","has-post-thumbnail","hentry","product-type-meat-cutting-machine"],"_links":{"self":[{"href":"https:\/\/www.meatprocessingmachine.org\/sv\/wp-json\/wp\/v2\/product\/32290","targetHints":{"allow":["GET"]}}],"collection":[{"href":"https:\/\/www.meatprocessingmachine.org\/sv\/wp-json\/wp\/v2\/product"}],"about":[{"href":"https:\/\/www.meatprocessingmachine.org\/sv\/wp-json\/wp\/v2\/types\/product"}],"author":[{"embeddable":true,"href":"https:\/\/www.meatprocessingmachine.org\/sv\/wp-json\/wp\/v2\/users\/1"}],"wp:featuredmedia":[{"embeddable":true,"href":"https:\/\/www.meatprocessingmachine.org\/sv\/wp-json\/wp\/v2\/media\/32296"}],"wp:attachment":[{"href":"https:\/\/www.meatprocessingmachine.org\/sv\/wp-json\/wp\/v2\/media?parent=32290"}],"wp:term":[{"taxonomy":"product-type","embeddable":true,"href":"https:\/\/www.meatprocessingmachine.org\/sv\/wp-json\/wp\/v2\/product-type?post=32290"}],"curies":[{"name":"wp","href":"https:\/\/api.w.org\/{rel}","templated":true}]}}