{"id":32791,"date":"2022-02-08T17:11:53","date_gmt":"2022-02-08T09:11:53","guid":{"rendered":"https:\/\/www.meatprocessingmachine.org\/?p=32791"},"modified":"2024-06-17T10:15:44","modified_gmt":"2024-06-17T02:15:44","slug":"power-scrub-egg-washing-machine","status":"publish","type":"product","link":"https:\/\/www.meatprocessingmachine.org\/sv\/power-scrub-egg-washing-machine.html","title":{"rendered":"Automatisk \u00e4ggtv\u00e4ttmaskin | kraftfull skrubb\u00e4ggtv\u00e4ttmaskin"},"content":{"rendered":"<div class=\"kk-star-ratings kksr-auto kksr-align-right kksr-valign-top\"     data-payload='{&quot;align&quot;:&quot;right&quot;,&quot;id&quot;:&quot;32791&quot;,&quot;slug&quot;:&quot;default&quot;,&quot;valign&quot;:&quot;top&quot;,&quot;ignore&quot;:&quot;&quot;,&quot;reference&quot;:&quot;auto&quot;,&quot;class&quot;:&quot;&quot;,&quot;count&quot;:&quot;0&quot;,&quot;legendonly&quot;:&quot;&quot;,&quot;readonly&quot;:&quot;&quot;,&quot;score&quot;:&quot;0&quot;,&quot;starsonly&quot;:&quot;&quot;,&quot;best&quot;:&quot;5&quot;,&quot;gap&quot;:&quot;5&quot;,&quot;greet&quot;:&quot;Rate this product&quot;,&quot;legend&quot;:&quot;0\\\/5 - (0 votes)&quot;,&quot;size&quot;:&quot;24&quot;,&quot;title&quot;:&quot;Automatic egg washing machine | power scrub egg cleaning machine&quot;,&quot;width&quot;:&quot;0&quot;,&quot;_legend&quot;:&quot;{score}\\\/{best} - ({count} {votes})&quot;,&quot;font_factor&quot;:&quot;1.25&quot;}'>              <div class=\"kksr-stars\">      <div class=\"kksr-stars-inactive\">             <div class=\"kksr-star\" data-star=\"1\" style=\"padding-right: 5px\">               <div class=\"kksr-icon\" style=\"width: 24px; height: 24px;\"><\/div>         <\/div>             <div class=\"kksr-star\" data-star=\"2\" style=\"padding-right: 5px\">               <div class=\"kksr-icon\" style=\"width: 24px; height: 24px;\"><\/div>         <\/div>             <div class=\"kksr-star\" data-star=\"3\" style=\"padding-right: 5px\">               <div class=\"kksr-icon\" style=\"width: 24px; height: 24px;\"><\/div>         <\/div>             <div class=\"kksr-star\" data-star=\"4\" style=\"padding-right: 5px\">               <div class=\"kksr-icon\" style=\"width: 24px; height: 24px;\"><\/div>         <\/div>             <div class=\"kksr-star\" data-star=\"5\" style=\"padding-right: 5px\">               <div class=\"kksr-icon\" style=\"width: 24px; height: 24px;\"><\/div>         <\/div>     <\/div>      <div class=\"kksr-stars-active\" style=\"width: 0px;\">             <div class=\"kksr-star\" style=\"padding-right: 5px\">               <div class=\"kksr-icon\" style=\"width: 24px; height: 24px;\"><\/div>         <\/div>             <div class=\"kksr-star\" style=\"padding-right: 5px\">               <div class=\"kksr-icon\" style=\"width: 24px; height: 24px;\"><\/div>         <\/div>             <div class=\"kksr-star\" style=\"padding-right: 5px\">               <div class=\"kksr-icon\" style=\"width: 24px; height: 24px;\"><\/div>         <\/div>             <div class=\"kksr-star\" style=\"padding-right: 5px\">               <div class=\"kksr-icon\" style=\"width: 24px; height: 24px;\"><\/div>         <\/div>             <div class=\"kksr-star\" style=\"padding-right: 5px\">               <div class=\"kksr-icon\" style=\"width: 24px; height: 24px;\"><\/div>         <\/div>     <\/div> <\/div>                   <div class=\"kksr-legend\" style=\"font-size: 19.2px;\">             <span class=\"kksr-muted\">Betygs\u00e4tt denna produkt<\/span>     <\/div>     <\/div>  <p>Transport\u00f6r f\u00f6r \u00e4ggtv\u00e4ttmaskinen <\/p>    <p class=\"translation-block\">\u00c4ggtv\u00e4ttmaskinen \u00e4r huvudsakligen uppdelad i tv\u00e5 delar, \u00e4ggtv\u00e4tt och \u00e4ggtorkning, samt l\u00e4tt inspektion. Vi kan ocks\u00e5 tillhandah\u00e5lla <a href=\"https:\/\/www.meatprocessingmachine.org\/sv\/egg-processing-line-for-washing-and-grading.html\/\">\u00e4ggklassificeringsviktutrustning<\/a> och kodningsmaskiner. \u00c4ggtv\u00e4ttutrustning \u00e4r l\u00e4mplig f\u00f6r g\u00e5rdar, \u00e4gggrossistmarknader och stormarknader.<\/p>    <figure class=\"wp-block-image size-full\"><img loading=\"lazy\" decoding=\"async\" width=\"720\" height=\"540\" src=\"https:\/\/www.meatprocessingmachine.org\/wp-content\/uploads\/2022\/02\/egg-cleaning.png\" alt=\"\u00e4ggtv\u00e4ttmaskin\" class=\"wp-image-32797\" title=\"\" srcset=\"https:\/\/www.meatprocessingmachine.org\/wp-content\/uploads\/2022\/02\/egg-cleaning.png 720w, https:\/\/www.meatprocessingmachine.org\/wp-content\/uploads\/2022\/02\/egg-cleaning-300x225.png 300w\" sizes=\"auto, (max-width: 720px) 100vw, 720px\" \/><figcaption class=\"wp-element-caption\">Inneh\u00e5ll<\/figcaption><\/figure>    <h2 class=\"wp-block-heading\">F\u00f6rdelar med \u00e4ggtv\u00e4ttutrustning<\/h2>    <figure class=\"wp-block-embed is-type-video is-provider-youtube wp-block-embed-youtube wp-embed-aspect-16-9 wp-has-aspect-ratio\"><div class=\"wp-block-embed__wrapper\"> <iframe loading=\"lazy\" title=\"Power scrub \u00e4ggtv\u00e4ttmaskin | \u00c4ggtv\u00e4ttproduktionslinje | Hur reng\u00f6r vi 5500 \u00e4gg per timme?\" width=\"500\" height=\"281\" src=\"https:\/\/www.youtube.com\/embed\/v77eyAo-Vbk?feature=oembed\" frameborder=\"0\" allow=\"accelerometer; autoplay; clipboard-write; encrypted-media; gyroscope; picture-in-picture; web-share\" referrerpolicy=\"strict-origin-when-cross-origin\" allowfullscreen><\/iframe> <\/div><figcaption class=\"wp-element-caption\">Med automatisk reng\u00f6ring, en person l\u00e4gger \u00e4gg, och h\u00f6g produktivitet.<\/figcaption><\/figure>    <h2 class=\"wp-block-heading\">Olika modeller av \u00e4ggtv\u00e4ttmaskin<\/h2>    <ul class=\"wp-block-list\"> <li>Solid struktur, stabil prestanda, inget \u00e4ggstopp, ingen \u00e4ggfalla, l\u00e5ng livsl\u00e4ngd.<\/li>    <li>Med hj\u00e4lp av en rostfri st\u00e5ltr\u00e5dsborste kan \u00e4ggtv\u00e4ttmaskinen automatiskt drivas och reng\u00f6ras.<\/li>    <li>Sprutning och reng\u00f6ring i l\u00e5dan, rent och utan skador.<\/li>    <li>Enkelt rad \u00e4ggtv\u00e4ttmaskin har en liten kapacitet, med i genomsnitt 6000 stycken per timme. \u00c4ggtv\u00e4ttmaskinen kan utf\u00f6ra den automatiska \u00e4ggl\u00e4ggningsfunktionen, vilket sparar arbetskraft. Gummihjulet f\u00f6r \u00e4ggl\u00e4ggning \u00e4r gjort av POM-material. Produkten av detta material \u00e4r hygienisk, s\u00e4ker och av h\u00f6g kvalitet, samt mycket slitstark.<\/li> <\/ul>    <h2 class=\"wp-block-heading\">Modell 1: enkelradig \u00e4ggtv\u00e4ttare<\/h2>    <h3 class=\"wp-block-heading\">Enkelradig \u00e4ggtv\u00e4ttutrustning parametrar<\/h3>    <p>Enkelt rad \u00e4ggtv\u00e4ttmaskin bes\u00f6ker fabrik<\/p>    <figure class=\"wp-block-image size-full\"><img loading=\"lazy\" decoding=\"async\" width=\"720\" height=\"540\" src=\"https:\/\/www.meatprocessingmachine.org\/wp-content\/uploads\/2022\/02\/Single-row-egg-washing-machine-visit-factory.png\" alt=\"Dubbelradig \u00e4ggtv\u00e4ttmaskin\" class=\"wp-image-32913\" title=\"\" srcset=\"https:\/\/www.meatprocessingmachine.org\/wp-content\/uploads\/2022\/02\/Single-row-egg-washing-machine-visit-factory.png 720w, https:\/\/www.meatprocessingmachine.org\/wp-content\/uploads\/2022\/02\/Single-row-egg-washing-machine-visit-factory-300x225.png 300w\" sizes=\"auto, (max-width: 720px) 100vw, 720px\" \/><figcaption class=\"wp-element-caption\">Utseende: 6000*1200*1500 mm<\/figcaption><\/figure>    <h4 class=\"wp-block-heading\"><strong>Modell 2: 2-radig \u00e4ggtv\u00e4ttmaskin<\/strong><\/h4>    <ul class=\"wp-block-list\"> <li>Effektivitet: 5000-7000 stycken\/timme<\/li>    <li>Sp\u00e4nning: 380V<\/li>    <li>Total effekt: 6,6 kW<\/li>    <li>J\u00e4mf\u00f6rt med enkelradig \u00e4ggtv\u00e4ttmaskin \u00e4r utg\u00e5ngen f\u00f6r dubbelradig \u00e4ggtv\u00e4ttmaskin f\u00f6rdubblad, men principen och strukturen f\u00f6r \u00e4ggtv\u00e4ttaren \u00e4r densamma s\u00e5 att maskinmodellen kan v\u00e4ljas utifr\u00e5n den utg\u00e5ng som beh\u00f6ver bearbetas varje dag.<\/li> <\/ul>    <h3 class=\"wp-block-heading\">Dubbelradig \u00e4ggtv\u00e4ttmaskinsparametrar<\/h3>    <p>Dubbelradig \u00e4ggtv\u00e4ttmaskin fabrikstestmaskin<\/p>    <figure class=\"wp-block-image size-full\"><img loading=\"lazy\" decoding=\"async\" width=\"720\" height=\"540\" src=\"https:\/\/www.meatprocessingmachine.org\/wp-content\/uploads\/2022\/02\/Double-row-egg-washing-machine-factory-test-machine.png\" alt=\"Smutsiga \u00e4gg\" class=\"wp-image-32912\" title=\"\" srcset=\"https:\/\/www.meatprocessingmachine.org\/wp-content\/uploads\/2022\/02\/Double-row-egg-washing-machine-factory-test-machine.png 720w, https:\/\/www.meatprocessingmachine.org\/wp-content\/uploads\/2022\/02\/Double-row-egg-washing-machine-factory-test-machine-300x225.png 300w\" sizes=\"auto, (max-width: 720px) 100vw, 720px\" \/><figcaption class=\"wp-element-caption\">Utseende: 6800*1600*1500 mm<\/figcaption><\/figure>    <h4 class=\"wp-block-heading\"><strong>Varf\u00f6r anv\u00e4nda en \u00e4ggtv\u00e4ttmaskin?<\/strong><\/h4>    <ul class=\"wp-block-list\"> <li>Effektivitet: 10000-14000 stycken\/timme<\/li>    <li>Total effekt: 12,5 kW<\/li>    <li>Total effekt: 6,6 kW<\/li>    <li>P\u00e5 grund av det stora antalet stomata som \u00e4r f\u00f6rdelade p\u00e5 \u00e4ggens yta, tr\u00e4nger dessa mikroorganismer och patogener in i \u00e4ggets insida genom stomata och multiplicerar sig i stor m\u00e4ngd. \u00c4ggkvaliteten p\u00e5verkas inte bara allvarligt, utan utg\u00f6r ocks\u00e5 en h\u00e4lsorisk f\u00f6r konsumenten.<\/li> <\/ul>    <h2 class=\"wp-block-heading\" id=\"h-why-use-an-egg-washing-machine\">Faran med att s\u00e4lja smutsiga \u00e4gg direkt<\/h2>    <p class=\"translation-block\">Because eggs are produced through the animal&#8217;s cloaca, many gut microbes are attached to the surface of the egg, and in a typical environment, they can be infected with a large number of disease-causing bacteria. The experiments showed that 10% of the eggs used in the experiment had <a href=\"https:\/\/en.wikipedia.org\/wiki\/Salmonella\" target=\"_blank\" rel=\"noopener\">Salmonella<\/a> on the surface, while 64% had Escherichia coli on the surface. <\/p>    <p>Smutsiga \u00e4gg<\/p>    <h2 class=\"wp-block-heading\">Hur anv\u00e4nder man \u00e4ggtv\u00e4ttmaskinen?<\/h2>    <figure class=\"wp-block-image size-full\"><img loading=\"lazy\" decoding=\"async\" width=\"720\" height=\"540\" src=\"https:\/\/www.meatprocessingmachine.org\/wp-content\/uploads\/2022\/02\/dirty-eggs.png\" alt=\"dirty eggs\" class=\"wp-image-32794\" title=\"\" srcset=\"https:\/\/www.meatprocessingmachine.org\/wp-content\/uploads\/2022\/02\/dirty-eggs.png 720w, https:\/\/www.meatprocessingmachine.org\/wp-content\/uploads\/2022\/02\/dirty-eggs-300x225.png 300w\" sizes=\"auto, (max-width: 720px) 100vw, 720px\" \/><figcaption class=\"wp-element-caption\">P\u00e5verkar f\u00f6rs\u00e4ljningen. M\u00e5nga \u00e4gg \u00e4r inte rengjorda och s\u00e4ljs direkt, ytan \u00e4r smutsig, och m\u00e5nga konsumenter \u00e4r ovilliga att k\u00f6pa s\u00e5dana \u00e4gg.<\/figcaption><\/figure>    <ul class=\"wp-block-list\"> <li>Kort lagringstid. Smutsiga \u00e4gg \u00e4r inte rena, och det finns ett stort antal mikroorganismer p\u00e5 ytan. Under lagringsperioden forts\u00e4tter insidan av \u00e4ggen att b\u00e4ra p\u00e5 mikroorganismer, vilket resulterar i en kontinuerlig \u00f6kning av antalet d\u00e5liga \u00e4gg. \u00c4gg tv\u00e4ttas f\u00f6r att \u00f6ka deras h\u00e5llbarhet.<\/li>    <li>Smutsiga \u00e4gg \u00e4r l\u00e4tt att sprida sjukdom. \u00c4gg kommer direkt fr\u00e5n kycklingarnas reproduktionsorgan. \u00c4ggens yta \u00e4r ofta ben\u00e4gen att f\u00e5 avf\u00f6ring, blodfl\u00e4ckar etc., vilket l\u00e4tt kan f\u00f6rorena milj\u00f6n och sprida sjukdomar.<\/li>    <li>Anv\u00e4nd \u00e4ggtv\u00e4ttmaskinen<\/li> <\/ul>    <h2 class=\"wp-block-heading\">Komponenter i \u00e4ggtv\u00e4ttmaskin<\/h2>    <figure class=\"wp-block-image size-full\"><img loading=\"lazy\" decoding=\"async\" width=\"720\" height=\"540\" src=\"https:\/\/www.meatprocessingmachine.org\/wp-content\/uploads\/2022\/02\/egg-washing-machine-2.png\" alt=\"use egg washing machine\" class=\"wp-image-32795\" title=\"\" srcset=\"https:\/\/www.meatprocessingmachine.org\/wp-content\/uploads\/2022\/02\/egg-washing-machine-2.png 720w, https:\/\/www.meatprocessingmachine.org\/wp-content\/uploads\/2022\/02\/egg-washing-machine-2-300x225.png 300w\" sizes=\"auto, (max-width: 720px) 100vw, 720px\" \/><figcaption class=\"wp-element-caption\">\u00c4ggtv\u00e4ttaren \u00e4r en helt automatiserad maskin. Det finns en stor vattentank vid \u00e4ggens ing\u00e5ng, och \u00e4ggen kan direkt h\u00e4llas i vattentanken. Genom vattnets flytkraft kan kollisionen mellan \u00e4ggen undvikas. \u00c4ggen faller p\u00e5 transportbandet och transporteras till \u00e4ggen via transportbandet. Borstreningsdelen av reng\u00f6ringsutrustningen, efter reng\u00f6ring, lufttorkas och utf\u00f6r sedan optisk inspektion, vilket kr\u00e4ver manuell inspektion.<\/figcaption><\/figure>    <p>\u00c4ggtv\u00e4ttmaskin<\/p>    <h2 class=\"wp-block-heading\">Kan mjuka skal-\u00e4gg anv\u00e4nda en \u00e4ggtv\u00e4ttare? <\/h2>    <figure class=\"wp-block-image size-full\"><img loading=\"lazy\" decoding=\"async\" width=\"720\" height=\"540\" src=\"https:\/\/www.meatprocessingmachine.org\/wp-content\/uploads\/2022\/02\/egg-cleaning-machine-.png\" alt=\"\u00c4ggtv\u00e4ttmaskinsborste \" class=\"wp-image-32796\" title=\"\" srcset=\"https:\/\/www.meatprocessingmachine.org\/wp-content\/uploads\/2022\/02\/egg-cleaning-machine-.png 720w, https:\/\/www.meatprocessingmachine.org\/wp-content\/uploads\/2022\/02\/egg-cleaning-machine--300x225.png 300w\" sizes=\"auto, (max-width: 720px) 100vw, 720px\" \/><figcaption class=\"wp-element-caption\">Den automatiska \u00e4ggtv\u00e4ttaren best\u00e5r av en vattentank, en \u00e4ggroll, en borste och ett transportband. Materialet i vattentanken \u00e4r 304 rostfritt st\u00e5l, vilket \u00e4r l\u00e4tt att reng\u00f6ra, korrosionsbest\u00e4ndigt och l\u00e4tt att reng\u00f6ra. Borsten \u00e4r tillverkad av ett speciellt utformat slitstarkt material, b\u00f6jt tr\u00e5d. Genom m\u00e5nga experiment har vi hittat ett material som har en viss h\u00e5rdhet utan att skada \u00e4ggets yta. Denna borste har en god reng\u00f6ringsf\u00f6rm\u00e5ga. Transportbandet \u00e4r av livsmedelskvalitet PVC-material. \u00c4ggtv\u00e4ttaren \u00e4r \u00f6vergripande s\u00e4ker och p\u00e5litlig. <\/figcaption><\/figure>    <p>\u00c4ggtv\u00e4ttmaskinsborste<\/p>    <h2 class=\"wp-block-heading\">\u00c4ggtv\u00e4ttmaskinsvideo<\/h2>    <figure class=\"wp-block-image size-full\"><img loading=\"lazy\" decoding=\"async\" width=\"720\" height=\"540\" src=\"https:\/\/www.meatprocessingmachine.org\/wp-content\/uploads\/2022\/02\/egg-washing-machine-brush.png\" alt=\"\u00e4ggtv\u00e4ttmaskin\" class=\"wp-image-32798\" title=\"\" srcset=\"https:\/\/www.meatprocessingmachine.org\/wp-content\/uploads\/2022\/02\/egg-washing-machine-brush.png 720w, https:\/\/www.meatprocessingmachine.org\/wp-content\/uploads\/2022\/02\/egg-washing-machine-brush-300x225.png 300w\" sizes=\"auto, (max-width: 720px) 100vw, 720px\" \/><figcaption class=\"wp-element-caption\">Det finns m\u00e5nga faktorer f\u00f6r bildandet av mjuka skal-ank-\u00e4gg. Om den kvinnliga anden blir skr\u00e4md, kan brist p\u00e5 kalcium, D3 och andra element i fodret ocks\u00e5 orsaka stora omr\u00e5den av mjuka skal-\u00e4gg. Kan detta mjuka skal-\u00e4gg tv\u00e4ttas med en \u00e4ggtv\u00e4ttare? Generellt sett \u00e4r mjuka skal-\u00e4gg mjuka, men kalciumet i dem \u00e4r verkligen d\u00e4r, och det finns fortfarande en viss h\u00e5rdhet. Men n\u00e4r du anv\u00e4nder duck-\u00e4ggtv\u00e4ttmaskinen \u00e4r det fortfarande n\u00f6dv\u00e4ndigt att minska effekten f\u00f6r att f\u00f6rhindra att ank-\u00e4ggen g\u00e5r s\u00f6nder.<\/figcaption><\/figure>    <p>Mjuka skal-ank-\u00e4gg b\u00f6r reng\u00f6ras f\u00f6r hand om skalet \u00e4r mycket tunt. Eftersom \u00e4ggtv\u00e4ttmaskinen anv\u00e4nder \u00e4ggets egen h\u00e5rdhet f\u00f6r att anv\u00e4nda borstrull f\u00f6r reng\u00f6ring, kan det vara l\u00e4tt att punktera om skalet \u00e4r f\u00f6r mjukt.<\/p>    <p>Mjuka skal-\u00e4gg<\/p>    <figure class=\"wp-block-image size-full\"><img loading=\"lazy\" decoding=\"async\" width=\"720\" height=\"540\" src=\"https:\/\/www.meatprocessingmachine.org\/wp-content\/uploads\/2022\/02\/soft-skin-eggs.png\" alt=\"soft-skin eggs\" class=\"wp-image-32801\" title=\"\" srcset=\"https:\/\/www.meatprocessingmachine.org\/wp-content\/uploads\/2022\/02\/soft-skin-eggs.png 720w, https:\/\/www.meatprocessingmachine.org\/wp-content\/uploads\/2022\/02\/soft-skin-eggs-300x225.png 300w\" sizes=\"auto, (max-width: 720px) 100vw, 720px\" \/><figcaption class=\"wp-element-caption\">Sprid k\u00e4rlek<\/figcaption><\/figure>","protected":false},"excerpt":{"rendered":"<p>Egg washing machine is a machine used to remove dirt and mud on the surface of eggs. Machine cleaning can achieve the standard of cleaning eggs. Egg washing machines can not only clean remember that, but also clean duck eggs, goose eggs, and other poultry eggs. The machine is mainly divided into two parts, egg washing and egg drying, and light inspection. We can also provide egg grading weighing equipment and coding machines. Egg cleaning equipment is suitable for farms, egg wholesale markets, and large supermarkets.<\/p>","protected":false},"author":1,"featured_media":32793,"parent":0,"template":"","product-type":[583],"class_list":["post-32791","product","type-product","status-publish","has-post-thumbnail","hentry","product-type-chicken-turkey"],"_links":{"self":[{"href":"https:\/\/www.meatprocessingmachine.org\/sv\/wp-json\/wp\/v2\/product\/32791","targetHints":{"allow":["GET"]}}],"collection":[{"href":"https:\/\/www.meatprocessingmachine.org\/sv\/wp-json\/wp\/v2\/product"}],"about":[{"href":"https:\/\/www.meatprocessingmachine.org\/sv\/wp-json\/wp\/v2\/types\/product"}],"author":[{"embeddable":true,"href":"https:\/\/www.meatprocessingmachine.org\/sv\/wp-json\/wp\/v2\/users\/1"}],"wp:featuredmedia":[{"embeddable":true,"href":"https:\/\/www.meatprocessingmachine.org\/sv\/wp-json\/wp\/v2\/media\/32793"}],"wp:attachment":[{"href":"https:\/\/www.meatprocessingmachine.org\/sv\/wp-json\/wp\/v2\/media?parent=32791"}],"wp:term":[{"taxonomy":"product-type","embeddable":true,"href":"https:\/\/www.meatprocessingmachine.org\/sv\/wp-json\/wp\/v2\/product-type?post=32791"}],"curies":[{"name":"wp","href":"https:\/\/api.w.org\/{rel}","templated":true}]}}