{"id":33820,"date":"2022-07-05T09:26:10","date_gmt":"2022-07-05T01:26:10","guid":{"rendered":"https:\/\/www.meatprocessingmachine.org\/?p=33820"},"modified":"2026-02-12T16:48:50","modified_gmt":"2026-02-12T08:48:50","slug":"burger-meat-patty-making-machine-meatloaf-forming-machine","status":"publish","type":"product","link":"https:\/\/www.meatprocessingmachine.org\/sv\/burger-meat-patty-making-machine-meatloaf-forming-machine.html","title":{"rendered":"Burgerm\u00e5tt- Patty-tillverkningsmaskin | k\u00f6ttf\u00e4rslimformande maskin"},"content":{"rendered":"<div class=\"kk-star-ratings kksr-auto kksr-align-right kksr-valign-top\"     data-payload='{&quot;align&quot;:&quot;right&quot;,&quot;id&quot;:&quot;33820&quot;,&quot;slug&quot;:&quot;default&quot;,&quot;valign&quot;:&quot;top&quot;,&quot;ignore&quot;:&quot;&quot;,&quot;reference&quot;:&quot;auto&quot;,&quot;class&quot;:&quot;&quot;,&quot;count&quot;:&quot;0&quot;,&quot;legendonly&quot;:&quot;&quot;,&quot;readonly&quot;:&quot;&quot;,&quot;score&quot;:&quot;0&quot;,&quot;starsonly&quot;:&quot;&quot;,&quot;best&quot;:&quot;5&quot;,&quot;gap&quot;:&quot;5&quot;,&quot;greet&quot;:&quot;Rate this product&quot;,&quot;legend&quot;:&quot;0\\\/5 - (0 votes)&quot;,&quot;size&quot;:&quot;24&quot;,&quot;title&quot;:&quot;Burger meat patty-making machine | meatloaf forming machine&quot;,&quot;width&quot;:&quot;0&quot;,&quot;_legend&quot;:&quot;{score}\\\/{best} - ({count} {votes})&quot;,&quot;font_factor&quot;:&quot;1.25&quot;}'>              <div class=\"kksr-stars\">      <div class=\"kksr-stars-inactive\">             <div class=\"kksr-star\" data-star=\"1\" style=\"padding-right: 5px\">               <div class=\"kksr-icon\" style=\"width: 24px; height: 24px;\"><\/div>         <\/div>             <div class=\"kksr-star\" data-star=\"2\" style=\"padding-right: 5px\">               <div class=\"kksr-icon\" style=\"width: 24px; height: 24px;\"><\/div>         <\/div>             <div class=\"kksr-star\" data-star=\"3\" style=\"padding-right: 5px\">               <div class=\"kksr-icon\" style=\"width: 24px; height: 24px;\"><\/div>         <\/div>             <div class=\"kksr-star\" data-star=\"4\" style=\"padding-right: 5px\">               <div class=\"kksr-icon\" style=\"width: 24px; height: 24px;\"><\/div>         <\/div>             <div class=\"kksr-star\" data-star=\"5\" style=\"padding-right: 5px\">               <div class=\"kksr-icon\" style=\"width: 24px; height: 24px;\"><\/div>         <\/div>     <\/div>      <div class=\"kksr-stars-active\" style=\"width: 0px;\">             <div class=\"kksr-star\" style=\"padding-right: 5px\">               <div class=\"kksr-icon\" style=\"width: 24px; height: 24px;\"><\/div>         <\/div>             <div class=\"kksr-star\" style=\"padding-right: 5px\">               <div class=\"kksr-icon\" style=\"width: 24px; height: 24px;\"><\/div>         <\/div>             <div class=\"kksr-star\" style=\"padding-right: 5px\">               <div class=\"kksr-icon\" style=\"width: 24px; height: 24px;\"><\/div>         <\/div>             <div class=\"kksr-star\" style=\"padding-right: 5px\">               <div class=\"kksr-icon\" style=\"width: 24px; height: 24px;\"><\/div>         <\/div>             <div class=\"kksr-star\" style=\"padding-right: 5px\">               <div class=\"kksr-icon\" style=\"width: 24px; height: 24px;\"><\/div>         <\/div>     <\/div> <\/div>                   <div class=\"kksr-legend\" style=\"font-size: 19.2px;\">             <span class=\"kksr-muted\">Betygs\u00e4tt denna produkt<\/span>     <\/div>     <\/div>  <p>Den automatiska burgerk\u00f6ttpatty-tillverkningsmaskinen \u00e4r en maskin f\u00f6r att forma hamburgerbollar. Den kan snabbt forma bollarna, och deras form kan anpassas. Till exempel kan den bearbeta stj\u00e4rnformade och kycklingl\u00e5rformade bollar. Det kan uppn\u00e5s genom att byta maskinens formar. Hamburgarpatty-formningsmaskinen kan bearbeta n\u00f6tk\u00f6ttspatty, kycklingpatty, fiskpatty, r\u00e4kbatt, potatis- och pumpabollar samt andra ingredienser, l\u00e4mpliga f\u00f6r k\u00f6ttbearbetning, restauranger, skolor, hamburgerbutiker och andra platser. <\/p>    <figure class=\"wp-block-gallery has-nested-images columns-default is-cropped wp-block-gallery-2 is-layout-flex wp-block-gallery-is-layout-flex\"> <figure class=\"wp-block-image size-large\"><img loading=\"lazy\" decoding=\"async\" width=\"720\" height=\"540\" data-id=\"33833\" src=\"https:\/\/www.meatprocessingmachine.org\/wp-content\/uploads\/2022\/07\/SPB51005-raw-stacked-burgers-1.png\" alt=\"\" class=\"wp-image-33833\" title=\"\"><figcaption><\/figcaption><\/figure>    <figure class=\"wp-block-image size-large\"><img loading=\"lazy\" decoding=\"async\" width=\"720\" height=\"540\" data-id=\"33834\" src=\"https:\/\/www.meatprocessingmachine.org\/wp-content\/uploads\/2022\/07\/\u56fe\u72478.png\" alt=\"\" class=\"wp-image-33834\" title=\"\"><figcaption><\/figcaption><\/figure>    <figure class=\"wp-block-image size-large\"><img loading=\"lazy\" decoding=\"async\" width=\"720\" height=\"540\" data-id=\"33835\" src=\"https:\/\/www.meatprocessingmachine.org\/wp-content\/uploads\/2022\/07\/OIP.png\" alt=\"\" class=\"wp-image-33835\" title=\"\"><figcaption><\/figcaption><\/figure>    <figure class=\"wp-block-image size-large\"><img loading=\"lazy\" decoding=\"async\" width=\"720\" height=\"540\" data-id=\"33836\" src=\"https:\/\/www.meatprocessingmachine.org\/wp-content\/uploads\/2022\/07\/O1CN01l84kae1SohFGTSCiS_845992294.jpg_400x400-\u526f\u672c.png\" alt=\"\" class=\"wp-image-33836\" title=\"\"><figcaption><\/figcaption><\/figure>    <figure class=\"wp-block-image size-large\"><img loading=\"lazy\" decoding=\"async\" width=\"720\" height=\"540\" data-id=\"33837\" src=\"https:\/\/www.meatprocessingmachine.org\/wp-content\/uploads\/2022\/07\/\u56fe\u72471.png\" alt=\"\" class=\"wp-image-33837\" title=\"\"><figcaption><\/figcaption><\/figure>    <figure class=\"wp-block-image size-large\"><img loading=\"lazy\" decoding=\"async\" width=\"720\" height=\"540\" data-id=\"33838\" src=\"https:\/\/www.meatprocessingmachine.org\/wp-content\/uploads\/2022\/07\/u2057661609210569391fm199app68fPNG.png\" alt=\"\" class=\"wp-image-33838\" title=\"\"><figcaption><\/figcaption><\/figure> <\/figure>    <h2 class=\"wp-block-heading\" id=\"h-ingredients-for-burger-meat-patty-making-machine\">Ingredienser f\u00f6r burgerk\u00f6ttpatty-tillverkningsmaskin<\/h2>   <div class=\"wp-block-image\"> <figure class=\"aligncenter size-full is-resized\"><img decoding=\"async\" src=\"https:\/\/www.meatprocessingmachine.org\/wp-content\/uploads\/2022\/07\/058fc544f0069cfd5496d497c978d99.jpg\" alt=\"n\u00f6tk\u00f6ttspattypressmaskin\" class=\"wp-image-33824\" width=\"720\" title=\"\"><figcaption class=\"wp-element-caption\">Burger Meat Patty-Making Machine<\/figcaption><\/figure> <\/div>   <p>R\u00e5varorna \u00e4r l\u00e4mpliga f\u00f6r formningsmaskinen: olika typer av k\u00f6tt, inklusive kyckling, n\u00f6tk\u00f6tt, lamm och fl\u00e4sk; skaldjursprodukter, fisk, r\u00e4kor, bl\u00e4ckfisk och lax; den kan ocks\u00e5 bearbeta gr\u00f6nsaksbollar, s\u00e5som potatis, s\u00f6tpotatis, pumpa, mor\u00f6tter, gr\u00f6na b\u00f6nor, r\u00f6da b\u00f6nor, bondb\u00f6nor, sojab\u00f6nor, f\u00f6r n\u00e4ringsbalans, kan den ocks\u00e5 blandas med k\u00f6tt, fisk och gr\u00f6nsaker. De bearbetade bollarna kan anv\u00e4ndas i hamburgare.<\/p>    <h2 class=\"wp-block-heading\">Hur anv\u00e4nder man en burgerk\u00f6ttpatty-tillverkningsmaskin?<\/h2>   <div class=\"wp-block-image\"> <figure class=\"aligncenter size-full\"><img loading=\"lazy\" decoding=\"async\" width=\"720\" height=\"540\" src=\"https:\/\/www.meatprocessingmachine.org\/wp-content\/uploads\/2022\/07\/u19631668031616309069fm199app68fPNG.png\" alt=\"n\u00f6tk\u00f6ttspattypressmaskin\" class=\"wp-image-33825\" title=\"\"><figcaption class=\"wp-element-caption\">n\u00f6tk\u00f6ttspattypressmaskin<\/figcaption><\/figure> <\/div>   <p>Innan burgerk\u00f6ttpatty-tillverkningsmaskinen fungerar, installera f\u00f6rst den n\u00f6dv\u00e4ndiga k\u00f6ttpattytrumman, \u00f6ppna locket till materialbeh\u00e5llaren, installera k\u00f6ttpressningspaddeln i materialbeh\u00e5llaren, och tills\u00e4tt den f\u00f6rberedda k\u00f6ttfyllningen i beh\u00e5llaren. Starta sedan formningsmaskinen. N\u00e4r maskinen \u00e4r ig\u00e5ng roterar k\u00f6ttpressningsbladet i beh\u00e5llaren och trycker kontinuerligt ner k\u00f6ttmaterialet i formningsformen. Formen sk\u00e4rs sedan av p\u00e5 transportbandet med st\u00e5ltr\u00e5d f\u00f6r att bilda en arbetscykel av formning och utmatning av k\u00f6ttpatty.<\/p>    <h2 class=\"wp-block-heading\">Hamburg patty formningsutrustning<\/h2>   <div class=\"wp-block-image\"> <figure class=\"aligncenter size-full\"><img loading=\"lazy\" decoding=\"async\" width=\"720\" height=\"540\" src=\"https:\/\/www.meatprocessingmachine.org\/wp-content\/uploads\/2022\/07\/u15355109621088436437fm199app68fJPEG.png\" alt=\"burgerk\u00f6ttpatty-tillverkningsmaskin\" class=\"wp-image-33826\" title=\"\"><figcaption class=\"wp-element-caption\">burger k\u00f6ttf\u00e4rspatty tillverkare <\/figcaption><\/figure> <\/div>   <p class=\"translation-block\">Den automatiska hamburgerpatty-formningsmaskinen bearbetar det malda k\u00f6ttet till den designade formen och vikten, vilket kan g\u00f6ras till trianglar, rektanglar, cirklar, hj\u00e4rtan och specialformer, och fullf\u00f6ljer automatiskt fyllning, formning och utmatning av k\u00f6ttet. En <a href=\"https:\/\/www.meatprocessingmachine.org\/sv\/chicken-bone-grinder-best-meat-grinder-for-grinding-bones.html\/\">k\u00f6ttkvarn<\/a> kan placeras framf\u00f6r formningsmaskinen f\u00f6r att mala k\u00f6ttet, och sedan kan det l\u00e4ggas i <a href=\"https:\/\/www.meatprocessingmachine.org\/sv\/good-quality-meat-food-stuffing-mixer.html\/\">k\u00f6ttblandaren<\/a>, och kryddor och andra gr\u00f6nsaker kan tills\u00e4ttas, och maskinen kan automatiskt blanda. Det kan stekas eller snabbfrysa, och efter bearbetningen kan det ocks\u00e5 vakuumf\u00f6rpackas, och <a href=\"https:\/\/www.meatprocessingmachine.org\/sv\/single-chamber-vacuum-packaging-machine.html\/\">vakuumf\u00f6rpackning<\/a> kan anv\u00e4ndas f\u00f6r att f\u00f6rl\u00e4nga livsl\u00e4ngden p\u00e5 maten. P\u00e5 detta s\u00e4tt kan anv\u00e4ndning av maskiner ist\u00e4llet f\u00f6r arbetskraft snabba upp produktionsprocessen.<\/p>    <h2 class=\"wp-block-heading\">Varf\u00f6r kan k\u00f6ttpattypressmaskinen producera olika former av bollar<\/h2>    <figure class=\"wp-block-gallery has-nested-images columns-2 is-cropped wp-block-gallery-3 is-layout-flex wp-block-gallery-is-layout-flex\"> <figure class=\"wp-block-image size-large\"><img loading=\"lazy\" decoding=\"async\" width=\"720\" height=\"540\" data-id=\"33827\" src=\"https:\/\/www.meatprocessingmachine.org\/wp-content\/uploads\/2022\/07\/422919056768911247.png\" alt=\"meatloaf forming machine mold\" class=\"wp-image-33827\" title=\"\"><figcaption class=\"wp-element-caption\">K\u00f6ttf\u00e4rsformningsmaskinform<\/figcaption><\/figure>    <figure class=\"wp-block-image size-large\"><img loading=\"lazy\" decoding=\"async\" width=\"720\" height=\"540\" data-id=\"33828\" src=\"https:\/\/www.meatprocessingmachine.org\/wp-content\/uploads\/2022\/07\/542820201130200308.png\" alt=\"meatloaf forming machine mold\" class=\"wp-image-33828\" title=\"\"><figcaption class=\"wp-element-caption\">K\u00f6ttf\u00e4rsformningsmaskinform<\/figcaption><\/figure>    <figure class=\"wp-block-image size-large\"><img loading=\"lazy\" decoding=\"async\" width=\"720\" height=\"540\" data-id=\"33829\" src=\"https:\/\/www.meatprocessingmachine.org\/wp-content\/uploads\/2022\/07\/\u5fae\u4fe1\u622a\u56fe_20220704102149.png\" alt=\"heart shape meat patty\" class=\"wp-image-33829\" title=\"\"><figcaption class=\"wp-element-caption\">Hj\u00e4rtformad k\u00f6ttf\u00e4rspatty<\/figcaption><\/figure>    <figure class=\"wp-block-image size-large\"><img loading=\"lazy\" decoding=\"async\" width=\"720\" height=\"540\" data-id=\"33830\" src=\"https:\/\/www.meatprocessingmachine.org\/wp-content\/uploads\/2022\/07\/0.147.png\" alt=\"round meat patty\" class=\"wp-image-33830\" title=\"\"><figcaption class=\"wp-element-caption\">Rund k\u00f6ttf\u00e4rspatty<\/figcaption><\/figure> <\/figure>    <p>Burgerk\u00f6ttpatty-tillverkningsmaskiner kan producera runda, triangul\u00e4ra, kvadratiska, hj\u00e4rtformade och stj\u00e4rnformade bollar. Varf\u00f6r kan en maskin skapa s\u00e5 m\u00e5nga olika former av bollar? Anledningen \u00e4r att maskinens formar kan bytas ut genom att byta olika formar, och k\u00f6ttf\u00e4rsformningsmaskinen kan g\u00f6ra k\u00f6ttpatty av olika former.<\/p>    <h2 class=\"wp-block-heading\">Parametrarna f\u00f6r k\u00f6ttf\u00e4rsformningsmaskinen<\/h2>    <p>Storlek: 850*600*1400mm<\/p>    <p>Vikt: 100kg<\/p>    <p>Sp\u00e4nning: 380V 50hz trefas, 220V sp\u00e4nning kan \u00e4ndras, trefas kr\u00e4vs;<\/p>    <p>Effekt: 0,55kw<\/p>    <h2 class=\"wp-block-heading\">F\u00f6rdelen med k\u00f6ttf\u00e4rspattyformningsmaskinen<\/h2>   <div class=\"wp-block-image\"> <figure class=\"aligncenter size-full\"><img loading=\"lazy\" decoding=\"async\" width=\"720\" height=\"540\" src=\"https:\/\/www.meatprocessingmachine.org\/wp-content\/uploads\/2022\/07\/\u5fae\u4fe1\u622a\u56fe_20220704102242.png\" alt=\"K\u00f6ttf\u00e4rspattybearbetningsmaskin\" class=\"wp-image-33832\" title=\"\"><figcaption class=\"wp-element-caption\">K\u00f6ttf\u00e4rspattybearbetningsmaskin<\/figcaption><\/figure> <\/div>   <p>1. Burgerk\u00f6ttpatty-tillverkningsmaskinen anv\u00e4nder en plc-styrning, som kan tilldela relaterade funktioner sj\u00e4lv<\/p>    <p>2. R\u00e5st\u00e5lskropp, inte l\u00e4tt att rosta, kan anv\u00e4ndas under l\u00e5ng tid<\/p>    <p>3. K\u00f6ttpattypressmaskinen har h\u00f6g effektivitet, stabil hastighet och j\u00e4mn form och storlek p\u00e5 k\u00f6ttf\u00e4rsbollarna.<\/p>    <p>4. Anpassad pattyform, som kan producera olika former, vacker och kreativ<\/p>   <div class=\"wp-block-image\"> <figure class=\"aligncenter size-full\"><img loading=\"lazy\" decoding=\"async\" width=\"720\" height=\"540\" src=\"https:\/\/www.meatprocessingmachine.org\/wp-content\/uploads\/2022\/07\/\u5fae\u4fe1\u622a\u56fe_20220704102020.png\" alt=\"K\u00f6ttf\u00e4rspattybearbetningsmaskin\" class=\"wp-image-33839\" title=\"\"><figcaption class=\"wp-element-caption\">K\u00f6ttf\u00e4rspattybearbetningsmaskin<\/figcaption><\/figure> <\/div>   <h2 class=\"wp-block-heading\">Video av burgerk\u00f6ttpatty-tillverkningsmaskin<\/h2>    <figure class=\"wp-block-embed aligncenter is-type-video is-provider-youtube wp-block-embed-youtube\"><div class=\"wp-block-embed__wrapper\"> <iframe loading=\"lazy\" title=\"2022 ny hamburgerk\u00f6ttpatty-tillverkningsmaskin | automatisk burgerformningsmaskin | k\u00f6ttbearbetning\" width=\"500\" height=\"281\" src=\"https:\/\/www.youtube.com\/embed\/4TSWc6f6DOY?feature=oembed\" frameborder=\"0\" allow=\"accelerometer; autoplay; clipboard-write; encrypted-media; gyroscope; picture-in-picture; web-share\" referrerpolicy=\"strict-origin-when-cross-origin\" allowfullscreen><\/iframe> <\/div><\/figure>","protected":false},"excerpt":{"rendered":"<p>Den automatiska burgerk\u00f6ttpatty-tillverkningsmaskinen \u00e4r en maskin f\u00f6r att forma hamburgerbollar. Den kan snabbt forma bollarna, och deras form kan anpassas. Till exempel kan den bearbeta stj\u00e4rnformade och kycklingl\u00e5rformade bollar. Det kan uppn\u00e5s genom att byta maskinens formar. Hamburgarpatty-formningsmaskinen kan bearbeta n\u00f6tk\u00f6ttspatty, kycklingpatty, fiskpatty, r\u00e4kbatt, potatis- och pumpabollar samt andra ingredienser, l\u00e4mpliga f\u00f6r k\u00f6ttbearbetning, restauranger, skolor, hamburgerbutiker och andra platser. <\/p>","protected":false},"author":1,"featured_media":34114,"parent":0,"template":"","product-type":[582,583,584],"class_list":["post-33820","product","type-product","status-publish","has-post-thumbnail","hentry","product-type-cattle-sheep","product-type-chicken-turkey","product-type-fish"],"_links":{"self":[{"href":"https:\/\/www.meatprocessingmachine.org\/sv\/wp-json\/wp\/v2\/product\/33820","targetHints":{"allow":["GET"]}}],"collection":[{"href":"https:\/\/www.meatprocessingmachine.org\/sv\/wp-json\/wp\/v2\/product"}],"about":[{"href":"https:\/\/www.meatprocessingmachine.org\/sv\/wp-json\/wp\/v2\/types\/product"}],"author":[{"embeddable":true,"href":"https:\/\/www.meatprocessingmachine.org\/sv\/wp-json\/wp\/v2\/users\/1"}],"wp:featuredmedia":[{"embeddable":true,"href":"https:\/\/www.meatprocessingmachine.org\/sv\/wp-json\/wp\/v2\/media\/34114"}],"wp:attachment":[{"href":"https:\/\/www.meatprocessingmachine.org\/sv\/wp-json\/wp\/v2\/media?parent=33820"}],"wp:term":[{"taxonomy":"product-type","embeddable":true,"href":"https:\/\/www.meatprocessingmachine.org\/sv\/wp-json\/wp\/v2\/product-type?post=33820"}],"curies":[{"name":"wp","href":"https:\/\/api.w.org\/{rel}","templated":true}]}}