{"id":34047,"date":"2023-01-04T17:53:56","date_gmt":"2023-01-04T09:53:56","guid":{"rendered":"https:\/\/www.meatprocessingmachine.org\/?post_type=product&#038;p=34047"},"modified":"2024-06-20T15:54:25","modified_gmt":"2024-06-20T07:54:25","slug":"frozen-meat-slicer-machine","status":"publish","type":"product","link":"https:\/\/www.meatprocessingmachine.org\/sv\/frozen-meat-slicer-machine.html","title":{"rendered":"Frysd meat slicer maskin f\u00f6r k\u00f6ttflingor | k\u00f6ttplanerare"},"content":{"rendered":"<div class=\"kk-star-ratings kksr-auto kksr-align-right kksr-valign-top\"     data-payload='{&quot;align&quot;:&quot;right&quot;,&quot;id&quot;:&quot;34047&quot;,&quot;slug&quot;:&quot;default&quot;,&quot;valign&quot;:&quot;top&quot;,&quot;ignore&quot;:&quot;&quot;,&quot;reference&quot;:&quot;auto&quot;,&quot;class&quot;:&quot;&quot;,&quot;count&quot;:&quot;0&quot;,&quot;legendonly&quot;:&quot;&quot;,&quot;readonly&quot;:&quot;&quot;,&quot;score&quot;:&quot;0&quot;,&quot;starsonly&quot;:&quot;&quot;,&quot;best&quot;:&quot;5&quot;,&quot;gap&quot;:&quot;5&quot;,&quot;greet&quot;:&quot;Rate this product&quot;,&quot;legend&quot;:&quot;0\\\/5 - (0 votes)&quot;,&quot;size&quot;:&quot;24&quot;,&quot;title&quot;:&quot;Frozen meat slicer machine for meat flake | meat planer&quot;,&quot;width&quot;:&quot;0&quot;,&quot;_legend&quot;:&quot;{score}\\\/{best} - ({count} {votes})&quot;,&quot;font_factor&quot;:&quot;1.25&quot;}'>              <div class=\"kksr-stars\">      <div class=\"kksr-stars-inactive\">             <div class=\"kksr-star\" data-star=\"1\" style=\"padding-right: 5px\">               <div class=\"kksr-icon\" style=\"width: 24px; height: 24px;\"><\/div>         <\/div>             <div class=\"kksr-star\" data-star=\"2\" style=\"padding-right: 5px\">               <div class=\"kksr-icon\" style=\"width: 24px; height: 24px;\"><\/div>         <\/div>             <div class=\"kksr-star\" data-star=\"3\" style=\"padding-right: 5px\">               <div class=\"kksr-icon\" style=\"width: 24px; height: 24px;\"><\/div>         <\/div>             <div class=\"kksr-star\" data-star=\"4\" style=\"padding-right: 5px\">               <div class=\"kksr-icon\" style=\"width: 24px; height: 24px;\"><\/div>         <\/div>             <div class=\"kksr-star\" data-star=\"5\" style=\"padding-right: 5px\">               <div class=\"kksr-icon\" style=\"width: 24px; height: 24px;\"><\/div>         <\/div>     <\/div>      <div class=\"kksr-stars-active\" style=\"width: 0px;\">             <div class=\"kksr-star\" style=\"padding-right: 5px\">               <div class=\"kksr-icon\" style=\"width: 24px; height: 24px;\"><\/div>         <\/div>             <div class=\"kksr-star\" style=\"padding-right: 5px\">               <div class=\"kksr-icon\" style=\"width: 24px; height: 24px;\"><\/div>         <\/div>             <div class=\"kksr-star\" style=\"padding-right: 5px\">               <div class=\"kksr-icon\" style=\"width: 24px; height: 24px;\"><\/div>         <\/div>             <div class=\"kksr-star\" style=\"padding-right: 5px\">               <div class=\"kksr-icon\" style=\"width: 24px; height: 24px;\"><\/div>         <\/div>             <div class=\"kksr-star\" style=\"padding-right: 5px\">               <div class=\"kksr-icon\" style=\"width: 24px; height: 24px;\"><\/div>         <\/div>     <\/div> <\/div>                   <div class=\"kksr-legend\" style=\"font-size: 19.2px;\">             <span class=\"kksr-muted\">Betygs\u00e4tt denna produkt<\/span>     <\/div>     <\/div>  <p>Taizy fryssk\u00e4rmaskin \u00e4r utrustning som kan sk\u00e4ra fryst k\u00f6tt i skivor i fryst tillst\u00e5nd. Det \u00e4r en maskin speciellt utformad f\u00f6r k\u00f6ttskivor. Den kan sk\u00e4ra fryst fl\u00e4skhuvud, fisk, kycklingbr\u00f6st, etc.<\/p>    <figure class=\"wp-block-embed is-type-video is-provider-youtube wp-block-embed-youtube wp-embed-aspect-16-9 wp-has-aspect-ratio\"><div class=\"wp-block-embed__wrapper\"> <iframe loading=\"lazy\" title=\"Perfekt automatisk fryssk\u00e4rmaskin | Vad \u00e4r den b\u00e4sta fryssk\u00e4rmaskinen? | k\u00f6ttsk\u00e4rning\" width=\"500\" height=\"281\" src=\"https:\/\/www.youtube.com\/embed\/YSpmDnh6B7w?feature=oembed\" frameborder=\"0\" allow=\"accelerometer; autoplay; clipboard-write; encrypted-media; gyroscope; picture-in-picture; web-share\" referrerpolicy=\"strict-origin-when-cross-origin\" allowfullscreen><\/iframe> <\/div><figcaption class=\"wp-element-caption\">K\u00f6ttsk\u00e4rmaskin<\/figcaption><\/figure>    <h2 class=\"wp-block-heading\">Funktionen hos fryssk\u00e4rmaskinen f\u00f6r k\u00f6tt<\/h2>    <figure class=\"wp-block-gallery has-nested-images columns-4 is-cropped wp-block-gallery-2 is-layout-flex wp-block-gallery-is-layout-flex\"> <figure class=\"wp-block-image size-large\"><img loading=\"lazy\" decoding=\"async\" width=\"720\" height=\"540\" data-id=\"34052\" src=\"https:\/\/www.meatprocessingmachine.org\/wp-content\/uploads\/2023\/01\/meat-flake-3.webp\" alt=\"k\u00f6ttflaga\" class=\"wp-image-34052\" title=\"\" srcset=\"https:\/\/www.meatprocessingmachine.org\/wp-content\/uploads\/2023\/01\/meat-flake-3.webp 720w, https:\/\/www.meatprocessingmachine.org\/wp-content\/uploads\/2023\/01\/meat-flake-3-300x225.webp 300w\" sizes=\"auto, (max-width: 720px) 100vw, 720px\" \/><figcaption class=\"wp-element-caption\">K\u00f6ttflinga<\/figcaption><\/figure>    <figure class=\"wp-block-image size-large\"><img loading=\"lazy\" decoding=\"async\" width=\"720\" height=\"540\" data-id=\"34051\" src=\"https:\/\/www.meatprocessingmachine.org\/wp-content\/uploads\/2023\/01\/meat-flake-2.webp\" alt=\"k\u00f6ttflaga\" class=\"wp-image-34051\" title=\"\" srcset=\"https:\/\/www.meatprocessingmachine.org\/wp-content\/uploads\/2023\/01\/meat-flake-2.webp 720w, https:\/\/www.meatprocessingmachine.org\/wp-content\/uploads\/2023\/01\/meat-flake-2-300x225.webp 300w\" sizes=\"auto, (max-width: 720px) 100vw, 720px\" \/><figcaption class=\"wp-element-caption\">K\u00f6ttflinga<\/figcaption><\/figure>    <figure class=\"wp-block-image size-large\"><img loading=\"lazy\" decoding=\"async\" width=\"720\" height=\"540\" data-id=\"34050\" src=\"https:\/\/www.meatprocessingmachine.org\/wp-content\/uploads\/2023\/01\/meat-flake-1.webp\" alt=\"k\u00f6ttflaga\" class=\"wp-image-34050\" title=\"\" srcset=\"https:\/\/www.meatprocessingmachine.org\/wp-content\/uploads\/2023\/01\/meat-flake-1.webp 720w, https:\/\/www.meatprocessingmachine.org\/wp-content\/uploads\/2023\/01\/meat-flake-1-300x225.webp 300w\" sizes=\"auto, (max-width: 720px) 100vw, 720px\" \/><figcaption class=\"wp-element-caption\">K\u00f6ttflinga<\/figcaption><\/figure>    <figure class=\"wp-block-image size-large\"><img loading=\"lazy\" decoding=\"async\" width=\"720\" height=\"540\" data-id=\"34049\" src=\"https:\/\/www.meatprocessingmachine.org\/wp-content\/uploads\/2023\/01\/meat-flake.webp\" alt=\"k\u00f6ttflaga\" class=\"wp-image-34049\" title=\"\" srcset=\"https:\/\/www.meatprocessingmachine.org\/wp-content\/uploads\/2023\/01\/meat-flake.webp 720w, https:\/\/www.meatprocessingmachine.org\/wp-content\/uploads\/2023\/01\/meat-flake-300x225.webp 300w\" sizes=\"auto, (max-width: 720px) 100vw, 720px\" \/><figcaption class=\"wp-element-caption\">K\u00f6ttflinga<\/figcaption><\/figure> <\/figure>    <p>Inom k\u00f6ttbearbetning \u00e4r det n\u00f6dv\u00e4ndigt att krossa fryst k\u00f6tt, men det \u00e4r om\u00f6jligt att direkt malda fryst k\u00f6tt till k\u00f6ttpur\u00e9. Det beror troligen p\u00e5 att f\u00f6r stort fryst k\u00f6tt kan skada maskinen direkt, men denna k\u00f6ttplanerare \u00e4r f\u00f6r maskiner som hanterar fryst k\u00f6tt.<\/p>    <h2 class=\"wp-block-heading\">Funktioner hos fryssk\u00e4rmaskinen f\u00f6r k\u00f6tt<\/h2>    <div class=\"wp-block-media-text alignwide is-stacked-on-mobile is-vertically-aligned-center\"><figure class=\"wp-block-media-text__media\"><img loading=\"lazy\" decoding=\"async\" width=\"720\" height=\"540\" src=\"https:\/\/www.meatprocessingmachine.org\/wp-content\/uploads\/2023\/01\/meat-slicer-machine-4.webp\" alt=\"K\u00f6ttsk\u00e4rmaskin\" class=\"wp-image-34065 size-full\" title=\"\" srcset=\"https:\/\/www.meatprocessingmachine.org\/wp-content\/uploads\/2023\/01\/meat-slicer-machine-4.webp 720w, https:\/\/www.meatprocessingmachine.org\/wp-content\/uploads\/2023\/01\/meat-slicer-machine-4-300x225.webp 300w\" sizes=\"auto, (max-width: 720px) 100vw, 720px\" \/><\/figure><div class=\"wp-block-media-text__content\"> <h3 class=\"wp-block-heading\">Enkelt styrsystem<\/h3>    <p>Maskinen har fyra knappar, en startknapp, en stoppknapp, en n\u00f6dstoppknapp och en indikatorlampa f\u00f6r str\u00f6m.<\/p> <\/div><\/div>    <div class=\"wp-block-media-text alignwide has-media-on-the-right is-stacked-on-mobile\"><div class=\"wp-block-media-text__content\"> <h3 class=\"wp-block-heading\">L\u00e4tt att anv\u00e4nda<\/h3>    <p> Efter leverans skickas en specifik bruksanvisning, och tekniker hj\u00e4lper kunder<\/p> <\/div><figure class=\"wp-block-media-text__media\"><img loading=\"lazy\" decoding=\"async\" width=\"720\" height=\"540\" src=\"https:\/\/www.meatprocessingmachine.org\/wp-content\/uploads\/2023\/01\/meat-slicer-machine-5.webp\" alt=\"K\u00f6ttsk\u00e4rmaskin\" class=\"wp-image-34066 size-full\" title=\"\" srcset=\"https:\/\/www.meatprocessingmachine.org\/wp-content\/uploads\/2023\/01\/meat-slicer-machine-5.webp 720w, https:\/\/www.meatprocessingmachine.org\/wp-content\/uploads\/2023\/01\/meat-slicer-machine-5-300x225.webp 300w\" sizes=\"auto, (max-width: 720px) 100vw, 720px\" \/><\/figure><\/div>    <div class=\"wp-block-media-text alignwide is-stacked-on-mobile\"><figure class=\"wp-block-media-text__media\"><img loading=\"lazy\" decoding=\"async\" width=\"720\" height=\"540\" src=\"https:\/\/www.meatprocessingmachine.org\/wp-content\/uploads\/2023\/01\/frozen-meat-slicer.webp\" alt=\"fryst k\u00f6ttskivare\" class=\"wp-image-34067 size-full\" title=\"\" srcset=\"https:\/\/www.meatprocessingmachine.org\/wp-content\/uploads\/2023\/01\/frozen-meat-slicer.webp 720w, https:\/\/www.meatprocessingmachine.org\/wp-content\/uploads\/2023\/01\/frozen-meat-slicer-300x225.webp 300w\" sizes=\"auto, (max-width: 720px) 100vw, 720px\" \/><\/figure><div class=\"wp-block-media-text__content\"> <h3 class=\"wp-block-heading\">L\u00e4tt att reng\u00f6ra <\/h3>    <p class=\"translation-block\">K\u00f6ttplaneraren kan reng\u00f6ras direkt med vatten. Tillverkad av <a href=\"https:\/\/en.wikipedia.org\/wiki\/Stainless_steel\" data-type=\"URL\" data-id=\"https:\/\/en.wikipedia.org\/wiki\/Stainless_steel\" target=\"_blank\" rel=\"noopener\">rostfritt st\u00e5l<\/a>, inte l\u00e4tt att rosta.<\/p> <\/div><\/div>    <div class=\"wp-block-media-text alignwide has-media-on-the-right is-stacked-on-mobile\"><div class=\"wp-block-media-text__content\"> <h3 class=\"wp-block-heading\">L\u00e4tt att flytta<\/h3>    <p>Maskinens botten \u00e4r installerad och har hjul<\/p> <\/div><figure class=\"wp-block-media-text__media\"><img loading=\"lazy\" decoding=\"async\" width=\"720\" height=\"540\" src=\"https:\/\/www.meatprocessingmachine.org\/wp-content\/uploads\/2023\/01\/meat-cutting-machine.webp\" alt=\"Stor f\u00e4rsk k\u00f6ttsk\u00e4rare\" class=\"wp-image-34068 size-full\" title=\"\" srcset=\"https:\/\/www.meatprocessingmachine.org\/wp-content\/uploads\/2023\/01\/meat-cutting-machine.webp 720w, https:\/\/www.meatprocessingmachine.org\/wp-content\/uploads\/2023\/01\/meat-cutting-machine-300x225.webp 300w\" sizes=\"auto, (max-width: 720px) 100vw, 720px\" \/><\/figure><\/div>    <div class=\"wp-block-media-text alignwide is-stacked-on-mobile\"><figure class=\"wp-block-media-text__media\"><img loading=\"lazy\" decoding=\"async\" width=\"720\" height=\"540\" src=\"https:\/\/www.meatprocessingmachine.org\/wp-content\/uploads\/2023\/01\/meat-slicer-machine-6.webp\" alt=\"K\u00f6ttsk\u00e4rmaskin\" class=\"wp-image-34069 size-full\" title=\"\" srcset=\"https:\/\/www.meatprocessingmachine.org\/wp-content\/uploads\/2023\/01\/meat-slicer-machine-6.webp 720w, https:\/\/www.meatprocessingmachine.org\/wp-content\/uploads\/2023\/01\/meat-slicer-machine-6-300x225.webp 300w\" sizes=\"auto, (max-width: 720px) 100vw, 720px\" \/><\/figure><div class=\"wp-block-media-text__content\"> <h3 class=\"wp-block-heading\">Starka knivar<\/h3>    <p>Knivarna kan snabbt sk\u00e4ra fryst k\u00f6tt till k\u00f6ttflingor, och utg\u00e5ngen \u00e4r j\u00e4mn.<\/p> <\/div><\/div>    <h2 class=\"wp-block-heading\">Parametrar f\u00f6r fryssk\u00e4rmaskin f\u00f6r k\u00f6tt<\/h2>    <figure class=\"wp-block-table\"><table><tbody><tr><td>Modell<\/td><td>&nbsp;BR-960<\/td><\/tr><tr><td>2000\u202fkg<\/td><td>4<\/td><\/tr><tr><td>Produktionskapacitet (kg)<\/td><td>600-1200<\/td><\/tr><tr><td>Skivtjocklek (mm)<\/td><td>5-10<\/td><\/tr><tr><td>F\u00f6rs\u00f6rjningssp\u00e4nning (V)<\/td><td>380<\/td><\/tr><tr><td>Storlek (mm)<\/td><td>1350x650x1350<\/td><\/tr><\/tbody><\/table><figcaption class=\"wp-element-caption\">Fryssk\u00e4rmaskin f\u00f6r k\u00f6tt<\/figcaption><\/figure>    <figure class=\"wp-block-gallery has-nested-images columns-4 is-cropped wp-block-gallery-3 is-layout-flex wp-block-gallery-is-layout-flex\"> <figure class=\"wp-block-image size-large\"><img loading=\"lazy\" decoding=\"async\" width=\"720\" height=\"540\" data-id=\"34053\" src=\"https:\/\/www.meatprocessingmachine.org\/wp-content\/uploads\/2023\/01\/meat-slicer-machine.webp\" alt=\"meat slicing machine\" class=\"wp-image-34053\" title=\"\" srcset=\"https:\/\/www.meatprocessingmachine.org\/wp-content\/uploads\/2023\/01\/meat-slicer-machine.webp 720w, https:\/\/www.meatprocessingmachine.org\/wp-content\/uploads\/2023\/01\/meat-slicer-machine-300x225.webp 300w\" sizes=\"auto, (max-width: 720px) 100vw, 720px\" \/><figcaption class=\"wp-element-caption\">K\u00f6ttsk\u00e4rmaskin<\/figcaption><\/figure>    <figure class=\"wp-block-image size-large\"><img loading=\"lazy\" decoding=\"async\" width=\"720\" height=\"540\" data-id=\"34054\" src=\"https:\/\/www.meatprocessingmachine.org\/wp-content\/uploads\/2023\/01\/meat-slicer-machine-1.webp\" alt=\"meat slicer equipment\" class=\"wp-image-34054\" title=\"\" srcset=\"https:\/\/www.meatprocessingmachine.org\/wp-content\/uploads\/2023\/01\/meat-slicer-machine-1.webp 720w, https:\/\/www.meatprocessingmachine.org\/wp-content\/uploads\/2023\/01\/meat-slicer-machine-1-300x225.webp 300w\" sizes=\"auto, (max-width: 720px) 100vw, 720px\" \/><figcaption class=\"wp-element-caption\">K\u00f6ttsk\u00e4rmaskin<\/figcaption><\/figure>    <figure class=\"wp-block-image size-large\"><img loading=\"lazy\" decoding=\"async\" width=\"720\" height=\"540\" data-id=\"34055\" src=\"https:\/\/www.meatprocessingmachine.org\/wp-content\/uploads\/2023\/01\/meat-slicer-machine-2.webp\" alt=\"K\u00f6ttsk\u00e4rmaskin\" class=\"wp-image-34055\" title=\"\" srcset=\"https:\/\/www.meatprocessingmachine.org\/wp-content\/uploads\/2023\/01\/meat-slicer-machine-2.webp 720w, https:\/\/www.meatprocessingmachine.org\/wp-content\/uploads\/2023\/01\/meat-slicer-machine-2-300x225.webp 300w\" sizes=\"auto, (max-width: 720px) 100vw, 720px\" \/><figcaption class=\"wp-element-caption\">K\u00f6ttsk\u00e4rmaskin<\/figcaption><\/figure>    <figure class=\"wp-block-image size-large\"><img loading=\"lazy\" decoding=\"async\" width=\"720\" height=\"540\" data-id=\"34056\" src=\"https:\/\/www.meatprocessingmachine.org\/wp-content\/uploads\/2023\/01\/meat-slicer-machine-3.webp\" alt=\"K\u00f6ttsk\u00e4rmaskin\" class=\"wp-image-34056\" title=\"\" srcset=\"https:\/\/www.meatprocessingmachine.org\/wp-content\/uploads\/2023\/01\/meat-slicer-machine-3.webp 720w, https:\/\/www.meatprocessingmachine.org\/wp-content\/uploads\/2023\/01\/meat-slicer-machine-3-300x225.webp 300w\" sizes=\"auto, (max-width: 720px) 100vw, 720px\" \/><figcaption class=\"wp-element-caption\">K\u00f6ttplanerare<\/figcaption><\/figure> <\/figure>    <h2 class=\"wp-block-heading\">K\u00f6ttplaneraren kan utrustas med en hiss<\/h2>    <figure class=\"wp-block-gallery has-nested-images columns-default is-cropped wp-block-gallery-4 is-layout-flex wp-block-gallery-is-layout-flex\"> <figure class=\"wp-block-image size-large\"><img loading=\"lazy\" decoding=\"async\" width=\"720\" height=\"540\" data-id=\"34057\" src=\"https:\/\/www.meatprocessingmachine.org\/wp-content\/uploads\/2023\/01\/Frozen-meat-slicer-elevator.webp\" alt=\"Fryssk\u00e4rmaskin f\u00f6r k\u00f6ttlift\" class=\"wp-image-34057\" title=\"\" srcset=\"https:\/\/www.meatprocessingmachine.org\/wp-content\/uploads\/2023\/01\/Frozen-meat-slicer-elevator.webp 720w, https:\/\/www.meatprocessingmachine.org\/wp-content\/uploads\/2023\/01\/Frozen-meat-slicer-elevator-300x225.webp 300w\" sizes=\"auto, (max-width: 720px) 100vw, 720px\" \/><figcaption class=\"wp-element-caption\">Fryssk\u00e4rmaskin f\u00f6r k\u00f6ttlift<\/figcaption><\/figure>    <figure class=\"wp-block-image size-large\"><img loading=\"lazy\" decoding=\"async\" width=\"720\" height=\"540\" data-id=\"34058\" src=\"https:\/\/www.meatprocessingmachine.org\/wp-content\/uploads\/2023\/01\/Frozen-meat-slicer-elevator-1.webp\" alt=\"meat slicer machine elevator\" class=\"wp-image-34058\" title=\"\" srcset=\"https:\/\/www.meatprocessingmachine.org\/wp-content\/uploads\/2023\/01\/Frozen-meat-slicer-elevator-1.webp 720w, https:\/\/www.meatprocessingmachine.org\/wp-content\/uploads\/2023\/01\/Frozen-meat-slicer-elevator-1-300x225.webp 300w\" sizes=\"auto, (max-width: 720px) 100vw, 720px\" \/><figcaption class=\"wp-element-caption\">K\u00f6ttsk\u00e4rmaskin lift<\/figcaption><\/figure>    <figure class=\"wp-block-image size-large\"><img loading=\"lazy\" decoding=\"async\" width=\"720\" height=\"540\" data-id=\"34059\" src=\"https:\/\/www.meatprocessingmachine.org\/wp-content\/uploads\/2023\/01\/Frozen-meat-slicer-elevator-2.webp\" alt=\"hiss\" class=\"wp-image-34059\" title=\"\" srcset=\"https:\/\/www.meatprocessingmachine.org\/wp-content\/uploads\/2023\/01\/Frozen-meat-slicer-elevator-2.webp 720w, https:\/\/www.meatprocessingmachine.org\/wp-content\/uploads\/2023\/01\/Frozen-meat-slicer-elevator-2-300x225.webp 300w\" sizes=\"auto, (max-width: 720px) 100vw, 720px\" \/><figcaption class=\"wp-element-caption\">Hiss<\/figcaption><\/figure> <\/figure>    <p>Varf\u00f6r beh\u00f6ver fryssk\u00e4rmaskinen f\u00f6r k\u00f6ttflingor en lyft? Eftersom k\u00f6ttutloppet p\u00e5 fryssk\u00e4rmaskinen \u00e4r l\u00e4ngst ner, kan det skurna k\u00f6ttet direkt transporteras till operationsbordet eller flyttas till n\u00e4sta maskin f\u00f6r vidare bearbetning, vilket minskar arbetsbelastningen.<\/p>    <h2 class=\"wp-block-heading\">Vilken utrustning finns f\u00f6r k\u00f6ttbearbetning?<\/h2>    <p>Det finns mycket k\u00f6ttbearbetningsutrustning, och generellt sett \u00e4r maskinerna f\u00f6r fryst k\u00f6tt och f\u00e4rskt k\u00f6tt olika. Och olika k\u00f6tttyper har ocks\u00e5 olika maskiner. Att v\u00e4lja r\u00e4tt maskin kan g\u00f6ra k\u00f6tthantering enklare.<\/p>    <figure class=\"wp-block-image size-full\"><img loading=\"lazy\" decoding=\"async\" width=\"720\" height=\"540\" src=\"https:\/\/www.meatprocessingmachine.org\/wp-content\/uploads\/2023\/01\/meat-equipment.webp\" alt=\"meat equipment\" class=\"wp-image-34070\" title=\"\" srcset=\"https:\/\/www.meatprocessingmachine.org\/wp-content\/uploads\/2023\/01\/meat-equipment.webp 720w, https:\/\/www.meatprocessingmachine.org\/wp-content\/uploads\/2023\/01\/meat-equipment-300x225.webp 300w\" sizes=\"auto, (max-width: 720px) 100vw, 720px\" \/><figcaption class=\"wp-element-caption\">K\u00f6ttutrustning<\/figcaption><\/figure>    <h3 class=\"wp-block-heading\">Frysa och f\u00e4rska k\u00f6ttskivare<\/h3>    <p class=\"translation-block\">Oavsett om du vill <a href=\"https:\/\/www.meatprocessingmachine.org\/sv\/products\/meat-cutting-machine\/\" data-type=\"URL\" data-id=\"https:\/\/www.meatprocessingmachine.org\/products\/meat-cutting-machine\/\">sk\u00e4ra k\u00f6tt<\/a> eller <a href=\"https:\/\/www.meatprocessingmachine.org\/sv\/products\/meat-grinding-machine\/\" data-type=\"URL\" data-id=\"https:\/\/www.meatprocessingmachine.org\/products\/meat-grinding-machine\/\">mal k\u00f6tt<\/a>, \u00e4r maskinerna f\u00f6r fryst k\u00f6tt och f\u00e4rskt k\u00f6tt olika, s\u00e5 n\u00e4r du k\u00f6per en maskin m\u00e5ste du vara s\u00e4rskilt uppm\u00e4rksam p\u00e5 om maskinen bearbetar fryst k\u00f6tt eller f\u00e4rskt k\u00f6tt.<\/p>    <h3 class=\"wp-block-heading\">Bearbetning av olika k\u00f6tttyper<\/h3>    <p class=\"translation-block\">De olika typerna h\u00e4r h\u00e4nvisar till <a href=\"https:\/\/www.meatprocessingmachine.org\/sv\/category\/products\/fish\/\" data-type=\"URL\" data-id=\"https:\/\/www.meatprocessingmachine.org\/category\/products\/fish\/\">fisk<\/a> eller fl\u00e4sk, <a href=\"https:\/\/www.meatprocessingmachine.org\/sv\/category\/products\/chicken-turkey\/\" data-type=\"URL\" data-id=\"https:\/\/www.meatprocessingmachine.org\/category\/products\/chicken-turkey\/\">kyckling<\/a> eller <a href=\"https:\/\/www.meatprocessingmachine.org\/sv\/meat-roll-cutting-machine.html\/\" data-type=\"URL\" data-id=\"https:\/\/www.meatprocessingmachine.org\/meat-roll-cutting-machine.html\">mutton<\/a>. Den st\u00f6rsta skillnaden \u00e4r om k\u00f6ttet har ben eller inte. Detta \u00e4r en annan viktig punkt n\u00e4r du k\u00f6per en k\u00f6ttmaskin. Du kan klicka p\u00e5 l\u00e4nkarna i artikeln f\u00f6r att l\u00e4ra dig om maskinerna som anv\u00e4nds f\u00f6r olika k\u00f6ttbearbetningar.<\/p>","protected":false},"excerpt":{"rendered":"<p>A frozen meat slicer machine is equipment that can cut frozen meat into slices in a frozen state. It is a machine specially designed for meat slices. Can cut frozen pork head, fish, chicken breast, etc.<\/p>","protected":false},"author":1,"featured_media":34048,"parent":0,"template":"","product-type":[589],"class_list":["post-34047","product","type-product","status-publish","has-post-thumbnail","hentry","product-type-meat-cutting-machine"],"_links":{"self":[{"href":"https:\/\/www.meatprocessingmachine.org\/sv\/wp-json\/wp\/v2\/product\/34047","targetHints":{"allow":["GET"]}}],"collection":[{"href":"https:\/\/www.meatprocessingmachine.org\/sv\/wp-json\/wp\/v2\/product"}],"about":[{"href":"https:\/\/www.meatprocessingmachine.org\/sv\/wp-json\/wp\/v2\/types\/product"}],"author":[{"embeddable":true,"href":"https:\/\/www.meatprocessingmachine.org\/sv\/wp-json\/wp\/v2\/users\/1"}],"wp:featuredmedia":[{"embeddable":true,"href":"https:\/\/www.meatprocessingmachine.org\/sv\/wp-json\/wp\/v2\/media\/34048"}],"wp:attachment":[{"href":"https:\/\/www.meatprocessingmachine.org\/sv\/wp-json\/wp\/v2\/media?parent=34047"}],"wp:term":[{"taxonomy":"product-type","embeddable":true,"href":"https:\/\/www.meatprocessingmachine.org\/sv\/wp-json\/wp\/v2\/product-type?post=34047"}],"curies":[{"name":"wp","href":"https:\/\/api.w.org\/{rel}","templated":true}]}}