{"id":34591,"date":"2026-02-12T15:51:35","date_gmt":"2026-02-12T07:51:35","guid":{"rendered":"https:\/\/www.meatprocessingmachine.org\/?post_type=product&#038;p=34591"},"modified":"2026-02-26T11:06:09","modified_gmt":"2026-02-26T03:06:09","slug":"rib-cutting-machine","status":"publish","type":"product","link":"https:\/\/www.meatprocessingmachine.org\/sv\/rib-cutting-machine.html","title":{"rendered":"Fullautomatiskt revbenssk\u00e4rarmaskin"},"content":{"rendered":"<div class=\"kk-star-ratings kksr-auto kksr-align-right kksr-valign-top\"     data-payload='{&quot;align&quot;:&quot;right&quot;,&quot;id&quot;:&quot;34591&quot;,&quot;slug&quot;:&quot;default&quot;,&quot;valign&quot;:&quot;top&quot;,&quot;ignore&quot;:&quot;&quot;,&quot;reference&quot;:&quot;auto&quot;,&quot;class&quot;:&quot;&quot;,&quot;count&quot;:&quot;0&quot;,&quot;legendonly&quot;:&quot;&quot;,&quot;readonly&quot;:&quot;&quot;,&quot;score&quot;:&quot;0&quot;,&quot;starsonly&quot;:&quot;&quot;,&quot;best&quot;:&quot;5&quot;,&quot;gap&quot;:&quot;5&quot;,&quot;greet&quot;:&quot;Rate this product&quot;,&quot;legend&quot;:&quot;0\\\/5 - (0 votes)&quot;,&quot;size&quot;:&quot;24&quot;,&quot;title&quot;:&quot;Fully Automatic Rib Cutting Machine&quot;,&quot;width&quot;:&quot;0&quot;,&quot;_legend&quot;:&quot;{score}\\\/{best} - ({count} {votes})&quot;,&quot;font_factor&quot;:&quot;1.25&quot;}'>              <div class=\"kksr-stars\">      <div class=\"kksr-stars-inactive\">             <div class=\"kksr-star\" data-star=\"1\" style=\"padding-right: 5px\">               <div class=\"kksr-icon\" style=\"width: 24px; height: 24px;\"><\/div>         <\/div>             <div class=\"kksr-star\" data-star=\"2\" style=\"padding-right: 5px\">               <div class=\"kksr-icon\" style=\"width: 24px; height: 24px;\"><\/div>         <\/div>             <div class=\"kksr-star\" data-star=\"3\" style=\"padding-right: 5px\">               <div class=\"kksr-icon\" style=\"width: 24px; height: 24px;\"><\/div>         <\/div>             <div class=\"kksr-star\" data-star=\"4\" style=\"padding-right: 5px\">               <div class=\"kksr-icon\" style=\"width: 24px; height: 24px;\"><\/div>         <\/div>             <div class=\"kksr-star\" data-star=\"5\" style=\"padding-right: 5px\">               <div class=\"kksr-icon\" style=\"width: 24px; height: 24px;\"><\/div>         <\/div>     <\/div>      <div class=\"kksr-stars-active\" style=\"width: 0px;\">             <div class=\"kksr-star\" style=\"padding-right: 5px\">               <div class=\"kksr-icon\" style=\"width: 24px; height: 24px;\"><\/div>         <\/div>             <div class=\"kksr-star\" style=\"padding-right: 5px\">               <div class=\"kksr-icon\" style=\"width: 24px; height: 24px;\"><\/div>         <\/div>             <div class=\"kksr-star\" style=\"padding-right: 5px\">               <div class=\"kksr-icon\" style=\"width: 24px; height: 24px;\"><\/div>         <\/div>             <div class=\"kksr-star\" style=\"padding-right: 5px\">               <div class=\"kksr-icon\" style=\"width: 24px; height: 24px;\"><\/div>         <\/div>             <div class=\"kksr-star\" style=\"padding-right: 5px\">               <div class=\"kksr-icon\" style=\"width: 24px; height: 24px;\"><\/div>         <\/div>     <\/div> <\/div>                   <div class=\"kksr-legend\" style=\"font-size: 19.2px;\">             <span class=\"kksr-muted\">Betygs\u00e4tt denna produkt<\/span>     <\/div>     <\/div>  <p class=\"translation-block\">Den <strong><mark class=\"has-inline-color has-luminous-vivid-amber-color\">fullautomatiska revbenssk\u00e4rmaskinen<\/mark><\/strong> \u00e4r utformad f\u00f6r att effektivt sk\u00e4ra <strong><mark class=\"has-inline-color has-luminous-vivid-amber-color\">stora k\u00f6ttiga revben, fryst k\u00f6tt, r\u00f6kt k\u00f6tt, fisk och korvar i strimlor<\/mark><\/strong> eller j\u00e4mna skivor. Den \u00e4r idealisk f\u00f6r centralk\u00f6k, k\u00f6ttbearbetningsanl\u00e4ggningar och kylsk\u00e4rsverkst\u00e4der.<\/p>   <div class=\"wp-block-image\"> <figure class=\"aligncenter size-full\"><img loading=\"lazy\" decoding=\"async\" width=\"720\" height=\"540\" src=\"https:\/\/www.meatprocessingmachine.org\/wp-content\/uploads\/2026\/02\/rib-cutting-machine.webp\" alt=\"revbenssk\u00e4rare\" class=\"wp-image-34598\" title=\"\" srcset=\"https:\/\/www.meatprocessingmachine.org\/wp-content\/uploads\/2026\/02\/rib-cutting-machine.webp 720w, https:\/\/www.meatprocessingmachine.org\/wp-content\/uploads\/2026\/02\/rib-cutting-machine-300x225.webp 300w, https:\/\/www.meatprocessingmachine.org\/wp-content\/uploads\/2026\/02\/rib-cutting-machine-16x12.webp 16w\" sizes=\"auto, (max-width: 720px) 100vw, 720px\" \/><figcaption class=\"wp-element-caption\">revbenssk\u00e4rare<\/figcaption><\/figure> <\/div>   <p class=\"translation-block\">Maskinen har ett intelligent peksk\u00e4rmskontrollsystem, justerbar sk\u00e4rningstjocklek och kontinuerlig h\u00f6gpresterande drift, upp till<strong><mark class=\"has-inline-color has-luminous-vivid-amber-color\"> 210 <\/mark><\/strong> skivor per minut.<\/p>    <figure class=\"wp-block-gallery has-nested-images columns-default is-cropped wp-block-gallery-2 is-layout-flex wp-block-gallery-is-layout-flex\"> <figure class=\"wp-block-image size-large\"><img loading=\"lazy\" decoding=\"async\" width=\"720\" height=\"540\" data-id=\"34601\" src=\"https:\/\/www.meatprocessingmachine.org\/wp-content\/uploads\/2026\/02\/uncut-meaty-ribs.webp\" alt=\"uncut meaty ribs\" class=\"wp-image-34601\" title=\"\" srcset=\"https:\/\/www.meatprocessingmachine.org\/wp-content\/uploads\/2026\/02\/uncut-meaty-ribs.webp 720w, https:\/\/www.meatprocessingmachine.org\/wp-content\/uploads\/2026\/02\/uncut-meaty-ribs-300x225.webp 300w, https:\/\/www.meatprocessingmachine.org\/wp-content\/uploads\/2026\/02\/uncut-meaty-ribs-16x12.webp 16w\" sizes=\"auto, (max-width: 720px) 100vw, 720px\" \/><figcaption class=\"wp-element-caption\">Oskurna k\u00f6ttiga revben<\/figcaption><\/figure>    <figure class=\"wp-block-image size-large\"><img loading=\"lazy\" decoding=\"async\" width=\"720\" height=\"540\" data-id=\"34600\" src=\"https:\/\/www.meatprocessingmachine.org\/wp-content\/uploads\/2026\/02\/rib-strips.webp\" alt=\"rib strips\" class=\"wp-image-34600\" title=\"\" srcset=\"https:\/\/www.meatprocessingmachine.org\/wp-content\/uploads\/2026\/02\/rib-strips.webp 720w, https:\/\/www.meatprocessingmachine.org\/wp-content\/uploads\/2026\/02\/rib-strips-300x225.webp 300w, https:\/\/www.meatprocessingmachine.org\/wp-content\/uploads\/2026\/02\/rib-strips-16x12.webp 16w\" sizes=\"auto, (max-width: 720px) 100vw, 720px\" \/><figcaption class=\"wp-element-caption\">Revbensstrimlor<\/figcaption><\/figure> <\/figure>    <p>Tillverkad av SUS304 rostfritt st\u00e5l med importerade k\u00e4rnkomponenter, erbjuder exakt sk\u00e4rning, stabil prestanda och l\u00e5ng h\u00e5llbarhet \u2014 vilket g\u00f6r den till den perfekta l\u00f6sningen f\u00f6r standardiserad revbensbearbetning med revbenssk\u00e4rare.<\/p>    <figure class=\"wp-block-embed is-type-video is-provider-youtube wp-block-embed-youtube wp-embed-aspect-16-9 wp-has-aspect-ratio\"><div class=\"wp-block-embed__wrapper\"> <iframe loading=\"lazy\" title=\"Fully Automatic Rib Cutting Machine | High Speed &amp; Precision Meat Cutting\" width=\"500\" height=\"281\" src=\"https:\/\/www.youtube.com\/embed\/cJ745tKPq-I?feature=oembed\" frameborder=\"0\" allow=\"accelerometer; autoplay; clipboard-write; encrypted-media; gyroscope; picture-in-picture; web-share\" referrerpolicy=\"strict-origin-when-cross-origin\" allowfullscreen><\/iframe> <\/div><\/figure>    <h2 class=\"wp-block-heading\">Revbenssk\u00e4rmaskinens funktioner<\/h2>    <ul class=\"wp-block-list\"> <li><strong>Smart Touch Control:<\/strong> Utrustad med en peksk\u00e4rm f\u00f6r att exakt st\u00e4lla in sk\u00e4rningstjocklek fr\u00e5n 1\u201330mm. Frekvensstyrning s\u00e4kerst\u00e4ller att varje skiva \u00e4r j\u00e4mn, vilket g\u00f6r revbenssk\u00e4rmaskinen idealisk f\u00f6r h\u00f6gvolymproduktion.<\/li>    <li><strong>One-Touch Reverse:<\/strong> Material kan snabbt v\u00e4ndas via kontrollpanelen f\u00f6r att f\u00f6rhindra stopp och m\u00f6jligg\u00f6ra enkel justering, vilket s\u00e4kerst\u00e4ller smidig drift f\u00f6r den automatiska revbenssk\u00e4raren.<\/li>    <li><strong>H\u00f6g effektivitet kontinuerlig matning<\/strong> Extra stor 250\u00d7230 mm matnings\u00f6ppning rymmer stora bitar, vilket f\u00f6rb\u00e4ttrar arbetsfl\u00f6det och kontinuiteten.<\/li>    <li><strong>Multifunktionell sk\u00e4rning:<\/strong> Hantera h\u00e5rda benrika revben och \u00e4r ocks\u00e5 l\u00e4mplig f\u00f6r fryst k\u00f6tt, r\u00f6kt k\u00f6tt och andra ingredienser, vilket visar p\u00e5 revbenssk\u00e4rmaskinens m\u00e5ngsidighet.<\/li> <\/ul>   <div class=\"wp-block-image\"> <figure class=\"aligncenter size-full\"><img loading=\"lazy\" decoding=\"async\" width=\"720\" height=\"540\" src=\"https:\/\/www.meatprocessingmachine.org\/wp-content\/uploads\/2026\/02\/rib-slicing-machine-for-sale.webp\" alt=\"Revbensskivare till salu\" class=\"wp-image-34599\" title=\"\" srcset=\"https:\/\/www.meatprocessingmachine.org\/wp-content\/uploads\/2026\/02\/rib-slicing-machine-for-sale.webp 720w, https:\/\/www.meatprocessingmachine.org\/wp-content\/uploads\/2026\/02\/rib-slicing-machine-for-sale-300x225.webp 300w, https:\/\/www.meatprocessingmachine.org\/wp-content\/uploads\/2026\/02\/rib-slicing-machine-for-sale-16x12.webp 16w\" sizes=\"auto, (max-width: 720px) 100vw, 720px\" \/><figcaption class=\"wp-element-caption\">Revbensskivare till salu<\/figcaption><\/figure> <\/div>   <h2 class=\"wp-block-heading\">L\u00e4mpliga material<\/h2>    <p>Denna revbenssk\u00e4rare \u00e4r utformad f\u00f6r benrika revben och fungerar \u00e4ven med:<\/p>    <ul class=\"wp-block-list\"> <li>korvproduktionslinje<\/li>    <li>Kylsk\u00e5psk\u00f6tt<\/li>    <li>R\u00f6kt k\u00f6tt<\/li>    <li>Fisk<\/li>    <li>Korv<\/li>    <li>Andra k\u00f6ttprodukter<\/li> <\/ul>    <p>Den kan hantera material upp till 680mm i l\u00e4ngd med en maximal tv\u00e4rsektion p\u00e5 250\u00d7230mm.<\/p>    <figure class=\"wp-block-gallery has-nested-images columns-default is-cropped wp-block-gallery-3 is-layout-flex wp-block-gallery-is-layout-flex\"> <figure class=\"wp-block-image size-large\"><img loading=\"lazy\" decoding=\"async\" width=\"720\" height=\"540\" data-id=\"34602\" src=\"https:\/\/www.meatprocessingmachine.org\/wp-content\/uploads\/2026\/02\/Chilled-meat.webp\" alt=\"Kylsk\u00e5psk\u00f6tt\" class=\"wp-image-34602\" title=\"\" srcset=\"https:\/\/www.meatprocessingmachine.org\/wp-content\/uploads\/2026\/02\/Chilled-meat.webp 720w, https:\/\/www.meatprocessingmachine.org\/wp-content\/uploads\/2026\/02\/Chilled-meat-300x225.webp 300w, https:\/\/www.meatprocessingmachine.org\/wp-content\/uploads\/2026\/02\/Chilled-meat-16x12.webp 16w\" sizes=\"auto, (max-width: 720px) 100vw, 720px\" \/><figcaption class=\"wp-element-caption\">Kylsk\u00e5psk\u00f6tt<\/figcaption><\/figure>    <figure class=\"wp-block-image size-large\"><img loading=\"lazy\" decoding=\"async\" width=\"720\" height=\"540\" data-id=\"34603\" src=\"https:\/\/www.meatprocessingmachine.org\/wp-content\/uploads\/2026\/02\/Ribs.webp\" alt=\"Revben\" class=\"wp-image-34603\" title=\"\" srcset=\"https:\/\/www.meatprocessingmachine.org\/wp-content\/uploads\/2026\/02\/Ribs.webp 720w, https:\/\/www.meatprocessingmachine.org\/wp-content\/uploads\/2026\/02\/Ribs-300x225.webp 300w, https:\/\/www.meatprocessingmachine.org\/wp-content\/uploads\/2026\/02\/Ribs-16x12.webp 16w\" sizes=\"auto, (max-width: 720px) 100vw, 720px\" \/><figcaption class=\"wp-element-caption\">Revben<\/figcaption><\/figure>    <figure class=\"wp-block-image size-large\"><img loading=\"lazy\" decoding=\"async\" width=\"720\" height=\"540\" data-id=\"34604\" src=\"https:\/\/www.meatprocessingmachine.org\/wp-content\/uploads\/2026\/02\/Sausages.webp\" alt=\"Korv\" class=\"wp-image-34604\" title=\"\" srcset=\"https:\/\/www.meatprocessingmachine.org\/wp-content\/uploads\/2026\/02\/Sausages.webp 720w, https:\/\/www.meatprocessingmachine.org\/wp-content\/uploads\/2026\/02\/Sausages-300x225.webp 300w, https:\/\/www.meatprocessingmachine.org\/wp-content\/uploads\/2026\/02\/Sausages-16x12.webp 16w\" sizes=\"auto, (max-width: 720px) 100vw, 720px\" \/><figcaption class=\"wp-element-caption\">Korv<\/figcaption><\/figure> <\/figure>    <h2 class=\"wp-block-heading\">F\u00f6rdelar med revbenssk\u00e4rmaskinen<\/h2>    <div class=\"wp-block-columns is-layout-flex wp-container-core-columns-is-layout-9d6595d7 wp-block-columns-is-layout-flex\"> <div class=\"wp-block-column is-layout-flow wp-block-column-is-layout-flow\"> <p class=\"has-text-align-center translation-block\"><strong><mark class=\"has-inline-color has-luminous-vivid-amber-color\">Premium importerade k\u00e4rnkomponenter<\/mark><\/strong><\/p>    <p>K25 revbenssk\u00e4rmaskin anv\u00e4nder toppm\u00e4rkesdelar globalt f\u00f6r stabil, exakt och h\u00e5llbar drift:<\/p>    <ul class=\"wp-block-list\"> <li><strong>Energisystem:<\/strong> Tyska NORD-motorer och v\u00e4xell\u00e5dor ger stabil vridmoment, l\u00e5g ljudniv\u00e5 och kontinuerlig h\u00f6gbelastningsprestanda.<\/li>    <li><strong>Sk\u00e4rsystem:<\/strong> Tyska BE-stora blad \u00e4r vassa, slitstarka och s\u00e4kerst\u00e4ller konsekventa snitt samtidigt som de minskar bytestiden.<\/li>    <li><strong>Transmission System:<\/strong> U.S. GATES-band med importerade kulskruvar ger millimeterprecision och synkroniserad utmatning.<\/li>    <li><strong>Kontrollsystem:<\/strong> Tyska Siemens-komponenter   Taiwan Delta PLC\/servosystem m\u00f6jligg\u00f6r snabb respons, stabil kontroll och precis h\u00f6ghastighetsklippning f\u00f6r den automatiska revbenssk\u00e4raren.<\/li> <\/ul> <\/div>    <div class=\"wp-block-column is-layout-flow wp-block-column-is-layout-flow\"> <p class=\"has-text-align-center translation-block\"><strong><mark class=\"has-inline-color has-luminous-vivid-amber-color\">Kompatibel med flera materialtyper<\/mark><\/strong><\/p>    <p>Maskinen erbjuder skr\u00e4ddarsydda l\u00f6sningar f\u00f6r olika k\u00f6ttformer och bearbetningsbehov:<\/p>    <ul class=\"wp-block-list\"> <li><strong>Lutande kammare (Standard):<\/strong> Gravity-assisterad matning s\u00e4kerst\u00e4ller smidig drift, stabil sk\u00e4rning och kontinuerlig produktion. F\u00f6redras av \u00f6ver 90 % av kunderna som anv\u00e4nder en revbenssk\u00e4rare.<\/li>    <li><strong>Platt kammare (Anpassad):<\/strong> Designad f\u00f6r platta skivor som slabk\u00f6tt, f\u00f6r att f\u00f6rhindra v\u00e4ndning eller skiftning f\u00f6r att s\u00e4kerst\u00e4lla j\u00e4mna skivor.<\/li>    <li><strong>Kylkedjeanpassning:<\/strong> Fungerar p\u00e5litligt vid temperaturer p\u00e5 -4\u2103 och \u00f6ver, med en kapacitet p\u00e5 upp till 210 skivor per minut, l\u00e4mplig f\u00f6r kyl- eller f\u00f6rkylsk\u00f6ttbearbetning med revbenssk\u00e4rmaskinen.<\/li> <\/ul> <\/div> <\/div>   <div class=\"wp-block-image\"> <figure class=\"aligncenter size-full\"><img loading=\"lazy\" decoding=\"async\" width=\"720\" height=\"540\" src=\"https:\/\/www.meatprocessingmachine.org\/wp-content\/uploads\/2026\/02\/bone\u2011in-rib-cutting-machine.webp\" alt=\"ben\u2011in revbenssk\u00e4rare\" class=\"wp-image-34593\" title=\"\" srcset=\"https:\/\/www.meatprocessingmachine.org\/wp-content\/uploads\/2026\/02\/bone\u2011in-rib-cutting-machine.webp 720w, https:\/\/www.meatprocessingmachine.org\/wp-content\/uploads\/2026\/02\/bone\u2011in-rib-cutting-machine-300x225.webp 300w, https:\/\/www.meatprocessingmachine.org\/wp-content\/uploads\/2026\/02\/bone\u2011in-rib-cutting-machine-16x12.webp 16w\" sizes=\"auto, (max-width: 720px) 100vw, 720px\" \/><figcaption class=\"wp-element-caption\">ben\u2011in revbenssk\u00e4rare<\/figcaption><\/figure> <\/div>   <div class=\"wp-block-columns is-layout-flex wp-container-core-columns-is-layout-9d6595d7 wp-block-columns-is-layout-flex\"> <div class=\"wp-block-column is-layout-flow wp-block-column-is-layout-flow\"> <p class=\"has-text-align-center translation-block\"><strong><mark class=\"has-inline-color has-luminous-vivid-amber-color\">Livsmedelsstandarder<\/mark><\/strong><\/p>    <ul class=\"wp-block-list\"> <li>H\u00f6lje, matnings- och utmatningskammare samt nyckelkomponenter \u00e4r alla av SUS304 rostfritt st\u00e5l.<\/li>    <li>Korrosions- och oxidationsbest\u00e4ndig, l\u00e4mplig f\u00f6r h\u00f6gfuktiga, kylda bearbetningsmilj\u00f6er.<\/li>    <li>\u00d6ppna, rationell design minskar hygieniska d\u00f6da zoner f\u00f6r enkel reng\u00f6ring och underh\u00e5ll.<\/li>    <li>Uppfyller moderna krav f\u00f6r k\u00f6ttbearbetning f\u00f6r b\u00e5de livsmedelss\u00e4kerhet och utrustningens h\u00e5llbarhet, vilket g\u00f6r den till en idealisk industriell revbenssk\u00e4rmaskin.<\/li> <\/ul> <\/div>    <div class=\"wp-block-column is-layout-flow wp-block-column-is-layout-flow\"> <p class=\"has-text-align-center translation-block\"><strong><mark class=\"has-inline-color has-luminous-vivid-amber-color\">St\u00f6der h\u00f6gintensiv kontinuerlig drift<\/mark><\/strong><\/p>    <ul class=\"wp-block-list\"> <li>Maskinen v\u00e4ger 520 kg, och dess kraftiga chassi minskar effektivt vibrationer under h\u00f6g hastighet.<\/li>    <li>Total effekt p\u00e5 5,0 kW ger tillr\u00e4cklig energi f\u00f6r l\u00e5ngvarig kontinuerlig anv\u00e4ndning.<\/li>    <li>Designad f\u00f6r h\u00f6gfrekvent, h\u00f6gbelastningsproduktion i stora k\u00f6ttbearbetningsanl\u00e4ggningar.<\/li>    <li>Byggd p\u00e5 principen om \u201ch\u00f6gprecisionssk\u00e4rning   robust drift,\u201d vilket s\u00e4kerst\u00e4ller stabil, l\u00e5ngvarig prestanda i industriell revbenssk\u00e4rning.<\/li> <\/ul> <\/div> <\/div>    <figure class=\"wp-block-gallery has-nested-images columns-default is-cropped wp-block-gallery-4 is-layout-flex wp-block-gallery-is-layout-flex\"> <figure class=\"wp-block-image size-large\"><img loading=\"lazy\" decoding=\"async\" width=\"720\" height=\"540\" data-id=\"34595\" src=\"https:\/\/www.meatprocessingmachine.org\/wp-content\/uploads\/2026\/02\/internal-structure-of-the-rib-cutting-machine.webp\" alt=\"internal structure of the rib cutting machine\" class=\"wp-image-34595\" title=\"\" srcset=\"https:\/\/www.meatprocessingmachine.org\/wp-content\/uploads\/2026\/02\/internal-structure-of-the-rib-cutting-machine.webp 720w, https:\/\/www.meatprocessingmachine.org\/wp-content\/uploads\/2026\/02\/internal-structure-of-the-rib-cutting-machine-300x225.webp 300w, https:\/\/www.meatprocessingmachine.org\/wp-content\/uploads\/2026\/02\/internal-structure-of-the-rib-cutting-machine-16x12.webp 16w\" sizes=\"auto, (max-width: 720px) 100vw, 720px\" \/><figcaption class=\"wp-element-caption\">Intern struktur av revbenssk\u00e4rmaskinen<\/figcaption><\/figure>    <figure class=\"wp-block-image size-large\"><img loading=\"lazy\" decoding=\"async\" width=\"720\" height=\"540\" data-id=\"34594\" src=\"https:\/\/www.meatprocessingmachine.org\/wp-content\/uploads\/2026\/02\/control-panel-design-of-the-rib-cutting-machine.webp\" alt=\"F\u00e4rsk fryst k\u00f6ttblockkross- och malningslinje till salu\" class=\"wp-image-34594\" title=\"\" srcset=\"https:\/\/www.meatprocessingmachine.org\/wp-content\/uploads\/2026\/02\/control-panel-design-of-the-rib-cutting-machine.webp 720w, https:\/\/www.meatprocessingmachine.org\/wp-content\/uploads\/2026\/02\/control-panel-design-of-the-rib-cutting-machine-300x225.webp 300w, https:\/\/www.meatprocessingmachine.org\/wp-content\/uploads\/2026\/02\/control-panel-design-of-the-rib-cutting-machine-16x12.webp 16w\" sizes=\"auto, (max-width: 720px) 100vw, 720px\" \/><figcaption class=\"wp-element-caption\">Kontrollpaneldesign f\u00f6r revbenssk\u00e4rmaskinen<\/figcaption><\/figure> <\/figure>    <h2 class=\"wp-block-heading\">Tekniska specifikationer<\/h2>    <figure class=\"wp-block-table\"><table class=\"has-fixed-layout\"><thead><tr><th>Maskindimensioner<\/th><th>Effekt<\/th><\/tr><\/thead><tbody><tr><td>Modell<\/td><td>Skivning \/ Revbenssk\u00e4rning<\/td><\/tr><tr><td>Uppskattad sp\u00e4nning<\/td><td>380V<\/td><\/tr><tr><td>Huvudmotorens effekt<\/td><td>4,0 kW<\/td><\/tr><tr><td>Total effekt<\/td><td>5,0 kW<\/td><\/tr><tr><td>Sk\u00e4rningstjocklek<\/td><td>1\u201330 mm<\/td><\/tr><tr><td>Max materiall\u00e4ngd<\/td><td>680 mm<\/td><\/tr><tr><td>Max material tv\u00e4rsnitt<\/td><td>250 \u00d7 230 mm<\/td><\/tr><tr><td>Driftstemperatur<\/td><td>\u2265 -4\u2103<\/td><\/tr><tr><td>Antal portioner<\/td><td>1\u201399 skivor<\/td><\/tr><tr><td>Produktionskapacitet<\/td><td>Upp till 210 skivor\/min<\/td><\/tr><tr><td>Maskinvikt<\/td><td>520 kg<\/td><\/tr><tr><td>Dimensioner (lutande kammare)<\/td><td>2280 \u00d7 1050 \u00d7 1530 mm<\/td><\/tr><tr><td>Dimensioner (Platt kammare)<\/td><td>2280 \u00d7 1050 \u00d7 1250 mm<\/td><\/tr><\/tbody><\/table><\/figure>    <p>Vi erbjuder anpassning f\u00f6r str\u00f6mf\u00f6rs\u00f6rjning, sp\u00e4nning och kontaktstyper. Om du \u00e4r intresserad, kontakta oss via popup-f\u00f6nstret till h\u00f6ger.<\/p>    <figure class=\"wp-block-gallery has-nested-images columns-default is-cropped wp-block-gallery-5 is-layout-flex wp-block-gallery-is-layout-flex\"> <figure class=\"wp-block-image size-full\"><img loading=\"lazy\" decoding=\"async\" width=\"720\" height=\"540\" data-id=\"34597\" src=\"https:\/\/www.meatprocessingmachine.org\/wp-content\/uploads\/2026\/02\/rib-cutting-machine-packaging.webp\" alt=\"rib cutting machine packaging\" class=\"wp-image-34597\" title=\"\" srcset=\"https:\/\/www.meatprocessingmachine.org\/wp-content\/uploads\/2026\/02\/rib-cutting-machine-packaging.webp 720w, https:\/\/www.meatprocessingmachine.org\/wp-content\/uploads\/2026\/02\/rib-cutting-machine-packaging-300x225.webp 300w, https:\/\/www.meatprocessingmachine.org\/wp-content\/uploads\/2026\/02\/rib-cutting-machine-packaging-16x12.webp 16w\" sizes=\"auto, (max-width: 720px) 100vw, 720px\" \/><figcaption class=\"wp-element-caption\">Revbenssk\u00e4rmaskin f\u00f6rpackning<\/figcaption><\/figure>    <figure class=\"wp-block-image size-large\"><img loading=\"lazy\" decoding=\"async\" width=\"720\" height=\"540\" data-id=\"34592\" src=\"https:\/\/www.meatprocessingmachine.org\/wp-content\/uploads\/2026\/02\/automatic-rib-cutting-machine.webp\" alt=\"automatic rib cutting machine\" class=\"wp-image-34592\" title=\"\" srcset=\"https:\/\/www.meatprocessingmachine.org\/wp-content\/uploads\/2026\/02\/automatic-rib-cutting-machine.webp 720w, https:\/\/www.meatprocessingmachine.org\/wp-content\/uploads\/2026\/02\/automatic-rib-cutting-machine-300x225.webp 300w, https:\/\/www.meatprocessingmachine.org\/wp-content\/uploads\/2026\/02\/automatic-rib-cutting-machine-16x12.webp 16w\" sizes=\"auto, (max-width: 720px) 100vw, 720px\" \/><figcaption class=\"wp-element-caption\">Automatisk revbenssk\u00e4rmaskin<\/figcaption><\/figure> <\/figure>    <h2 class=\"wp-block-heading\">Varf\u00f6r v\u00e4lja Taizy?<\/h2>    <p>Att v\u00e4lja Taizy inneb\u00e4r att f\u00e5 inte bara en maskin, utan en komplett industriell bearbetningsl\u00f6sning.<\/p>    <ul class=\"wp-block-list\"> <li><strong>Certifierad kvalitet:<\/strong> V\u00e5r fabrik och produkter \u00e4r fullt certifierade med ISO9001 kvalitetsledning, CE-s\u00e4kerhetsstandarder och officiellt verifierade av SGS och TUV. Alla uppfyller internationella exportstandarder.<\/li>    <li><strong>Ut\u00f6kad garanti:<\/strong> Ett\u00e5rs kvalitetsgaranti f\u00f6r problemfri k\u00f6p<\/li>    <li><strong>Omfattande eftermarknadstj\u00e4nst:<\/strong> <ul class=\"wp-block-list\"> <li>Detaljerade installationsmanualer och driftvideor tillhandah\u00e5lls.<\/li>    <li>Det professionella supportteamet erbjuder fj\u00e4rrvideoguide f\u00f6r installation.<\/li>    <li>F\u00f6r stora projekt eller s\u00e4rskilda krav kan erfarna ingenj\u00f6rer skickas till plats f\u00f6r installation, drifts\u00e4ttning och personalutbildning.<\/li> <\/ul> <\/li> <\/ul>   <div class=\"wp-block-image\"> <figure class=\"aligncenter size-full\"><img loading=\"lazy\" decoding=\"async\" width=\"720\" height=\"540\" src=\"https:\/\/www.meatprocessingmachine.org\/wp-content\/uploads\/2026\/02\/rib-cutter-machine.webp\" alt=\"Revbenssk\u00e4rare\" class=\"wp-image-34596\" title=\"\" srcset=\"https:\/\/www.meatprocessingmachine.org\/wp-content\/uploads\/2026\/02\/rib-cutter-machine.webp 720w, https:\/\/www.meatprocessingmachine.org\/wp-content\/uploads\/2026\/02\/rib-cutter-machine-300x225.webp 300w, https:\/\/www.meatprocessingmachine.org\/wp-content\/uploads\/2026\/02\/rib-cutter-machine-16x12.webp 16w\" sizes=\"auto, (max-width: 720px) 100vw, 720px\" \/><figcaption class=\"wp-element-caption\">Revbenssk\u00e4rare<\/figcaption><\/figure> <\/div>   <p class=\"translation-block\">F\u00f6rutom revbenssk\u00e4rmaskinen erbjuder vi ocks\u00e5 <strong><a href=\"https:\/\/www.meatprocessingmachine.org\/sv\/meat-roll-cutting-machine.html\/\">f\u00e4rsk k\u00f6ttskivare<\/a>, <a href=\"https:\/\/www.meatprocessingmachine.org\/sv\/animal-bone-crushing-machine.html\/\">benbrytare<\/a> och annan k\u00f6ttbearbetningsutrustning<\/strong>.<\/p>   <div class=\"wp-block-image\"> <figure class=\"aligncenter size-full\"><img loading=\"lazy\" decoding=\"async\" width=\"720\" height=\"540\" src=\"https:\/\/www.meatprocessingmachine.org\/wp-content\/uploads\/2026\/01\/Bone-Crusher.webp\" alt=\"N\u00f6tk\u00f6ttsbenkrossmaskin\" class=\"wp-image-34559\" title=\"\" srcset=\"https:\/\/www.meatprocessingmachine.org\/wp-content\/uploads\/2026\/01\/Bone-Crusher.webp 720w, https:\/\/www.meatprocessingmachine.org\/wp-content\/uploads\/2026\/01\/Bone-Crusher-300x225.webp 300w, https:\/\/www.meatprocessingmachine.org\/wp-content\/uploads\/2026\/01\/Bone-Crusher-16x12.webp 16w\" sizes=\"auto, (max-width: 720px) 100vw, 720px\" \/><figcaption class=\"wp-element-caption\">N\u00f6tk\u00f6ttsbenkrossmaskin<\/figcaption><\/figure> <\/div>","protected":false},"excerpt":{"rendered":"<p>The fully automatic rib cutting machine is designed to efficiently cut large meaty ribs, frozen meat, smoked meat, fish, and sausages into strips or uniform slices. It is ideal for central kitchens, meat processing plants, and chilled meat cutting workshops. The machine features an intelligent touchscreen control system, adjustable cutting thickness, and continuous high-efficiency operation, [&hellip;]<\/p>\n","protected":false},"author":1,"featured_media":34613,"parent":0,"template":"","product-type":[582,589],"class_list":["post-34591","product","type-product","status-publish","has-post-thumbnail","hentry","product-type-cattle-sheep","product-type-meat-cutting-machine"],"_links":{"self":[{"href":"https:\/\/www.meatprocessingmachine.org\/sv\/wp-json\/wp\/v2\/product\/34591","targetHints":{"allow":["GET"]}}],"collection":[{"href":"https:\/\/www.meatprocessingmachine.org\/sv\/wp-json\/wp\/v2\/product"}],"about":[{"href":"https:\/\/www.meatprocessingmachine.org\/sv\/wp-json\/wp\/v2\/types\/product"}],"author":[{"embeddable":true,"href":"https:\/\/www.meatprocessingmachine.org\/sv\/wp-json\/wp\/v2\/users\/1"}],"wp:featuredmedia":[{"embeddable":true,"href":"https:\/\/www.meatprocessingmachine.org\/sv\/wp-json\/wp\/v2\/media\/34613"}],"wp:attachment":[{"href":"https:\/\/www.meatprocessingmachine.org\/sv\/wp-json\/wp\/v2\/media?parent=34591"}],"wp:term":[{"taxonomy":"product-type","embeddable":true,"href":"https:\/\/www.meatprocessingmachine.org\/sv\/wp-json\/wp\/v2\/product-type?post=34591"}],"curies":[{"name":"wp","href":"https:\/\/api.w.org\/{rel}","templated":true}]}}