{"id":34646,"date":"2026-02-13T16:04:51","date_gmt":"2026-02-13T08:04:51","guid":{"rendered":"https:\/\/www.meatprocessingmachine.org\/?post_type=product&#038;p=34646"},"modified":"2026-02-27T10:50:04","modified_gmt":"2026-02-27T02:50:04","slug":"meat-slicing-machine","status":"publish","type":"product","link":"https:\/\/www.meatprocessingmachine.org\/sv\/meat-slicing-machine.html","title":{"rendered":"K\u00f6ttskivare | F\u00e4rskt k\u00f6ttskivare"},"content":{"rendered":"<div class=\"kk-star-ratings kksr-auto kksr-align-right kksr-valign-top\"     data-payload='{&quot;align&quot;:&quot;right&quot;,&quot;id&quot;:&quot;34646&quot;,&quot;slug&quot;:&quot;default&quot;,&quot;valign&quot;:&quot;top&quot;,&quot;ignore&quot;:&quot;&quot;,&quot;reference&quot;:&quot;auto&quot;,&quot;class&quot;:&quot;&quot;,&quot;count&quot;:&quot;0&quot;,&quot;legendonly&quot;:&quot;&quot;,&quot;readonly&quot;:&quot;&quot;,&quot;score&quot;:&quot;0&quot;,&quot;starsonly&quot;:&quot;&quot;,&quot;best&quot;:&quot;5&quot;,&quot;gap&quot;:&quot;5&quot;,&quot;greet&quot;:&quot;Rate this product&quot;,&quot;legend&quot;:&quot;0\\\/5 - (0 votes)&quot;,&quot;size&quot;:&quot;24&quot;,&quot;title&quot;:&quot;Meat Slicing Machine | Fresh Meat Slicer&quot;,&quot;width&quot;:&quot;0&quot;,&quot;_legend&quot;:&quot;{score}\\\/{best} - ({count} {votes})&quot;,&quot;font_factor&quot;:&quot;1.25&quot;}'>              <div class=\"kksr-stars\">      <div class=\"kksr-stars-inactive\">             <div class=\"kksr-star\" data-star=\"1\" style=\"padding-right: 5px\">               <div class=\"kksr-icon\" style=\"width: 24px; height: 24px;\"><\/div>         <\/div>             <div class=\"kksr-star\" data-star=\"2\" style=\"padding-right: 5px\">               <div class=\"kksr-icon\" style=\"width: 24px; height: 24px;\"><\/div>         <\/div>             <div class=\"kksr-star\" data-star=\"3\" style=\"padding-right: 5px\">               <div class=\"kksr-icon\" style=\"width: 24px; height: 24px;\"><\/div>         <\/div>             <div class=\"kksr-star\" data-star=\"4\" style=\"padding-right: 5px\">               <div class=\"kksr-icon\" style=\"width: 24px; height: 24px;\"><\/div>         <\/div>             <div class=\"kksr-star\" data-star=\"5\" style=\"padding-right: 5px\">               <div class=\"kksr-icon\" style=\"width: 24px; height: 24px;\"><\/div>         <\/div>     <\/div>      <div class=\"kksr-stars-active\" style=\"width: 0px;\">             <div class=\"kksr-star\" style=\"padding-right: 5px\">               <div class=\"kksr-icon\" style=\"width: 24px; height: 24px;\"><\/div>         <\/div>             <div class=\"kksr-star\" style=\"padding-right: 5px\">               <div class=\"kksr-icon\" style=\"width: 24px; height: 24px;\"><\/div>         <\/div>             <div class=\"kksr-star\" style=\"padding-right: 5px\">               <div class=\"kksr-icon\" style=\"width: 24px; height: 24px;\"><\/div>         <\/div>             <div class=\"kksr-star\" style=\"padding-right: 5px\">               <div class=\"kksr-icon\" style=\"width: 24px; height: 24px;\"><\/div>         <\/div>             <div class=\"kksr-star\" style=\"padding-right: 5px\">               <div class=\"kksr-icon\" style=\"width: 24px; height: 24px;\"><\/div>         <\/div>     <\/div> <\/div>                   <div class=\"kksr-legend\" style=\"font-size: 19.2px;\">             <span class=\"kksr-muted\">Betygs\u00e4tt denna produkt<\/span>     <\/div>     <\/div>  <p class=\"translation-block\">Taizy <strong><mark class=\"has-inline-color has-luminous-vivid-amber-color\">k\u00f6ttsk\u00e4rare<\/mark><\/strong> \u00e4r en automatiserad enhet designad f\u00f6r k\u00f6ttbearbetning. Den sk\u00e4r snabbt f\u00e4rskt k\u00f6tt i j\u00e4mna tunna skivor, tjocka skivor eller remsor, l\u00e4mpliga f\u00f6r b\u00e5de kommersiell produktion och sm\u00e5 till medelstora bearbetningar. Denna automatiska k\u00f6ttsk\u00e4rare \u00e4r idealisk f\u00f6r f\u00f6retag som s\u00f6ker precision och effektivitet.<\/p>   <div class=\"wp-block-image\"> <figure class=\"aligncenter size-full\"><img loading=\"lazy\" decoding=\"async\" width=\"720\" height=\"540\" src=\"https:\/\/www.meatprocessingmachine.org\/wp-content\/uploads\/2026\/02\/Meat-Slicing-Machine.webp\" alt=\"K\u00f6ttsk\u00e4rmaskin\" class=\"wp-image-34650\" title=\"\" srcset=\"https:\/\/www.meatprocessingmachine.org\/wp-content\/uploads\/2026\/02\/Meat-Slicing-Machine.webp 720w, https:\/\/www.meatprocessingmachine.org\/wp-content\/uploads\/2026\/02\/Meat-Slicing-Machine-300x225.webp 300w, https:\/\/www.meatprocessingmachine.org\/wp-content\/uploads\/2026\/02\/Meat-Slicing-Machine-16x12.webp 16w\" sizes=\"auto, (max-width: 720px) 100vw, 720px\" \/><figcaption class=\"wp-element-caption\">K\u00f6ttsk\u00e4rmaskin<\/figcaption><\/figure> <\/div>   <p class=\"translation-block\">Den finns i tv\u00e5 modeller, SYFT-340 och SYFT-500, med justerbar sk\u00e4rtjocklek fr\u00e5n <strong><mark class=\"has-inline-color has-luminous-vivid-amber-color\">5 till 100 mm<\/mark><\/strong>. Utmatningen n\u00e5r <strong><mark class=\"has-inline-color has-luminous-vivid-amber-color\">400\u2013500 kg\/h<\/mark><\/strong> f\u00f6r SYFT-340 och <strong><mark class=\"has-inline-color has-luminous-vivid-amber-color\">600\u2013800 kg\/h<\/mark><\/strong> f\u00f6r SYFT-500, vilket uppfyller olika produktionsbehov. <\/p>    <figure class=\"wp-block-gallery has-nested-images columns-default is-cropped wp-block-gallery-2 is-layout-flex wp-block-gallery-is-layout-flex\"> <figure class=\"wp-block-image size-large\"><img loading=\"lazy\" decoding=\"async\" width=\"720\" height=\"540\" data-id=\"34651\" src=\"https:\/\/www.meatprocessingmachine.org\/wp-content\/uploads\/2026\/02\/Fresh-Meat.webp\" alt=\"F\u00e4rskt k\u00f6tt\" class=\"wp-image-34651\" title=\"\" srcset=\"https:\/\/www.meatprocessingmachine.org\/wp-content\/uploads\/2026\/02\/Fresh-Meat.webp 720w, https:\/\/www.meatprocessingmachine.org\/wp-content\/uploads\/2026\/02\/Fresh-Meat-300x225.webp 300w, https:\/\/www.meatprocessingmachine.org\/wp-content\/uploads\/2026\/02\/Fresh-Meat-16x12.webp 16w\" sizes=\"auto, (max-width: 720px) 100vw, 720px\" \/><figcaption class=\"wp-element-caption\">F\u00e4rskt k\u00f6tt<\/figcaption><\/figure>    <figure class=\"wp-block-image size-large\"><img loading=\"lazy\" decoding=\"async\" width=\"720\" height=\"540\" data-id=\"34652\" src=\"https:\/\/www.meatprocessingmachine.org\/wp-content\/uploads\/2026\/02\/Meat-Slice.webp\" alt=\"K\u00f6ttskiva\" class=\"wp-image-34652\" title=\"\" srcset=\"https:\/\/www.meatprocessingmachine.org\/wp-content\/uploads\/2026\/02\/Meat-Slice.webp 720w, https:\/\/www.meatprocessingmachine.org\/wp-content\/uploads\/2026\/02\/Meat-Slice-300x225.webp 300w, https:\/\/www.meatprocessingmachine.org\/wp-content\/uploads\/2026\/02\/Meat-Slice-16x12.webp 16w\" sizes=\"auto, (max-width: 720px) 100vw, 720px\" \/><figcaption class=\"wp-element-caption\">K\u00f6ttskiva<\/figcaption><\/figure> <\/figure>    <p>Maskinen har precis sk\u00e4rning, h\u00f6g effektivitet, stabil drift, justerbar tjocklek och anpassningsbar matningsstorlek. Den \u00e4r l\u00e4tt att anv\u00e4nda och underh\u00e5lla, vilket g\u00f6r den till en idealisk kommersiell k\u00f6ttsk\u00e4rare f\u00f6r att f\u00f6rb\u00e4ttra k\u00f6ttbearbetningens effektivitet och standardisering.<\/p>    <figure class=\"wp-block-embed is-type-video is-provider-youtube wp-block-embed-youtube wp-embed-aspect-16-9 wp-has-aspect-ratio\"><div class=\"wp-block-embed__wrapper\"> <iframe loading=\"lazy\" title=\"Industriell k\u00f6ttsk\u00e4rare | 400\u2013800 kg\/h h\u00f6g utmatning\" width=\"500\" height=\"281\" src=\"https:\/\/www.youtube.com\/embed\/clWkEdqFP-I?feature=oembed\" frameborder=\"0\" allow=\"accelerometer; autoplay; clipboard-write; encrypted-media; gyroscope; picture-in-picture; web-share\" referrerpolicy=\"strict-origin-when-cross-origin\" allowfullscreen><\/iframe> <\/div><\/figure>    <h2 class=\"wp-block-heading\">Funktioner hos k\u00f6ttsk\u00e4rare<\/h2>    <div class=\"wp-block-columns is-layout-flex wp-container-core-columns-is-layout-9d6595d7 wp-block-columns-is-layout-flex\"> <div class=\"wp-block-column is-layout-flow wp-block-column-is-layout-flow\"> <p class=\"has-text-align-center translation-block\"><strong><mark class=\"has-inline-color has-luminous-vivid-amber-color\">Precisionssk\u00e4rning<\/mark><\/strong><\/p>    <p>Utrustad med h\u00f6gkvalitativa blad och ett stabilt matningssystem, sk\u00e4r den exakt utan oj\u00e4mna kanter eller klibbighet, vilket s\u00e4kerst\u00e4ller enhetliga skivor f\u00f6r standardiserad bearbetning. Denna k\u00f6ttbearbetningsmaskin s\u00e4kerst\u00e4ller konsekvent produktkvalitet.<\/p> <\/div>    <div class=\"wp-block-column is-layout-flow wp-block-column-is-layout-flow\"> <p class=\"has-text-align-center translation-block\"><strong><mark class=\"has-inline-color has-luminous-vivid-amber-color\">Justerbar tjocklek<\/mark><\/strong><\/p>    <p>Sk\u00e4rtjockleken varierar fr\u00e5n 5 till 100 mm. Olika tjocklekar och former kan v\u00e4ljas f\u00f6r att passa olika produktionsbehov.<\/p> <\/div> <\/div>    <div class=\"wp-block-columns is-layout-flex wp-container-core-columns-is-layout-9d6595d7 wp-block-columns-is-layout-flex\"> <div class=\"wp-block-column is-layout-flow wp-block-column-is-layout-flow\"> <p class=\"has-text-align-center translation-block\"><strong><mark class=\"has-inline-color has-luminous-vivid-amber-color\">H\u00f6g Effektivitet<\/mark><\/strong><\/p>    <p>St\u00f6der kontinuerlig drift. SYFT-340 producerar 400\u2013500 kg\/h, medan SYFT-500 n\u00e5r 600\u2013800 kg\/h, vilket kraftigt f\u00f6rb\u00e4ttrar produktiviteten och minskar arbetskraften. Idealisk f\u00f6r f\u00f6retag som s\u00f6ker en h\u00f6g effektivitet k\u00f6ttsk\u00e4rare.<\/p> <\/div>    <div class=\"wp-block-column is-layout-flow wp-block-column-is-layout-flow\"> <p class=\"has-text-align-center translation-block\"><strong><mark class=\"has-inline-color has-luminous-vivid-amber-color\">S\u00e4ker och bekv\u00e4m<\/mark><\/strong><\/p>    <p>Kommer med fulla s\u00e4kerhetsskydd och en intuitiv kontrollpanel. Tillverkad av livsmedelsklass 304 rostfritt st\u00e5l med en avtagbar design f\u00f6r enkel reng\u00f6ring och underh\u00e5ll.<\/p> <\/div> <\/div>    <div class=\"wp-block-columns is-layout-flex wp-container-core-columns-is-layout-9d6595d7 wp-block-columns-is-layout-flex\"> <div class=\"wp-block-column is-layout-flow wp-block-column-is-layout-flow\"> <p class=\"has-text-align-center translation-block\"><strong><mark class=\"has-inline-color has-luminous-vivid-amber-color\">Fr\u00e4sch\u00f6rbevarande<\/mark><\/strong><\/p>    <p>Sk\u00e4r utan att skada k\u00f6ttfibrerna, beh\u00e5ller naturliga juicer och ursprunglig kvalitet, vilket f\u00f6rb\u00e4ttrar utseendet och marknadskonkurrenskraften.<\/p> <\/div>    <div class=\"wp-block-column is-layout-flow wp-block-column-is-layout-flow\"> <p class=\"has-text-align-center translation-block\"><strong><mark class=\"has-inline-color has-luminous-vivid-amber-color\">Anpassningsbar matning<\/mark><\/strong><\/p>    <p>Matningsbredd kan anpassas f\u00f6r att matcha r\u00e5materialstorlek, vilket f\u00f6rb\u00e4ttrar anpassningsf\u00f6rm\u00e5gan.<\/p> <\/div> <\/div>   <div class=\"wp-block-image\"> <figure class=\"aligncenter size-full\"><img loading=\"lazy\" decoding=\"async\" width=\"720\" height=\"540\" src=\"https:\/\/www.meatprocessingmachine.org\/wp-content\/uploads\/2026\/02\/Meat-Slicing-Machine-For-Sale.webp\" alt=\"K\u00f6ttsk\u00e4rare Maskin Till Salu\" class=\"wp-image-34649\" title=\"\" srcset=\"https:\/\/www.meatprocessingmachine.org\/wp-content\/uploads\/2026\/02\/Meat-Slicing-Machine-For-Sale.webp 720w, https:\/\/www.meatprocessingmachine.org\/wp-content\/uploads\/2026\/02\/Meat-Slicing-Machine-For-Sale-300x225.webp 300w, https:\/\/www.meatprocessingmachine.org\/wp-content\/uploads\/2026\/02\/Meat-Slicing-Machine-For-Sale-16x12.webp 16w\" sizes=\"auto, (max-width: 720px) 100vw, 720px\" \/><figcaption class=\"wp-element-caption\">K\u00f6ttsk\u00e4rare Maskin Till Salu<\/figcaption><\/figure> <\/div>   <h2 class=\"wp-block-heading\">L\u00e4mpliga r\u00e5varor<\/h2>    <p>Taizy k\u00f6ttsk\u00e4rare hanterar olika f\u00e4rska k\u00f6tt utan att frysa. Nyckelr\u00e5varor inkluderar:<\/p>    <ul class=\"wp-block-list\"> <li><strong>R\u00f6tt k\u00f6tt:<\/strong> F\u00e4rsk n\u00f6tk\u00f6tt, fl\u00e4skk\u00f6tt, lamm, inklusive fil\u00e9, buk och benstycken.<\/li>    <li><strong>Fj\u00e4derf\u00e4:<\/strong> F\u00e4rsk kyckling, anka, g\u00e5s, inklusive br\u00f6st- och benk\u00f6tt.<\/li>    <li><strong>Andra:<\/strong> Viss f\u00e4rsk skaldjur, s\u00e5som fiskfil\u00e9er.<\/li> <\/ul>    <p>Den \u00e4r idealisk f\u00f6r hot pot-skivor, BBQ-skivor, snabbmatk\u00f6tt och f\u00f6rberedd m\u00e5ltidsingredienser. Anv\u00e4nds i stor utstr\u00e4ckning inom catering, detaljhandel och livsmedelsbearbetningsindustrier. Denna automatiska k\u00f6ttsk\u00e4rare s\u00e4kerst\u00e4ller konsekvent tjocklek och h\u00f6gkvalitativa skivor.<\/p>    <figure class=\"wp-block-gallery has-nested-images columns-default is-cropped wp-block-gallery-3 is-layout-flex wp-block-gallery-is-layout-flex\"> <figure class=\"wp-block-image size-large\"><img loading=\"lazy\" decoding=\"async\" width=\"720\" height=\"540\" data-id=\"34653\" src=\"https:\/\/www.meatprocessingmachine.org\/wp-content\/uploads\/2026\/02\/Fresh-Beef.webp\" alt=\"F\u00e4rskt n\u00f6tk\u00f6tt\" class=\"wp-image-34653\" title=\"\" srcset=\"https:\/\/www.meatprocessingmachine.org\/wp-content\/uploads\/2026\/02\/Fresh-Beef.webp 720w, https:\/\/www.meatprocessingmachine.org\/wp-content\/uploads\/2026\/02\/Fresh-Beef-300x225.webp 300w, https:\/\/www.meatprocessingmachine.org\/wp-content\/uploads\/2026\/02\/Fresh-Beef-16x12.webp 16w\" sizes=\"auto, (max-width: 720px) 100vw, 720px\" \/><figcaption class=\"wp-element-caption\">F\u00e4rskt n\u00f6tk\u00f6tt<\/figcaption><\/figure>    <figure class=\"wp-block-image size-large\"><img loading=\"lazy\" decoding=\"async\" width=\"720\" height=\"540\" data-id=\"34655\" src=\"https:\/\/www.meatprocessingmachine.org\/wp-content\/uploads\/2026\/02\/Fresh-Pork.webp\" alt=\"F\u00e4rskt fl\u00e4sk\" class=\"wp-image-34655\" title=\"\" srcset=\"https:\/\/www.meatprocessingmachine.org\/wp-content\/uploads\/2026\/02\/Fresh-Pork.webp 720w, https:\/\/www.meatprocessingmachine.org\/wp-content\/uploads\/2026\/02\/Fresh-Pork-300x225.webp 300w, https:\/\/www.meatprocessingmachine.org\/wp-content\/uploads\/2026\/02\/Fresh-Pork-16x12.webp 16w\" sizes=\"auto, (max-width: 720px) 100vw, 720px\" \/><figcaption class=\"wp-element-caption\">F\u00e4rskt fl\u00e4sk<\/figcaption><\/figure>    <figure class=\"wp-block-image size-large\"><img loading=\"lazy\" decoding=\"async\" width=\"720\" height=\"540\" data-id=\"34654\" src=\"https:\/\/www.meatprocessingmachine.org\/wp-content\/uploads\/2026\/02\/Fresh-Chicken-Breast.webp\" alt=\"F\u00e4rsk kycklingbr\u00f6st\" class=\"wp-image-34654\" title=\"\" srcset=\"https:\/\/www.meatprocessingmachine.org\/wp-content\/uploads\/2026\/02\/Fresh-Chicken-Breast.webp 720w, https:\/\/www.meatprocessingmachine.org\/wp-content\/uploads\/2026\/02\/Fresh-Chicken-Breast-300x225.webp 300w, https:\/\/www.meatprocessingmachine.org\/wp-content\/uploads\/2026\/02\/Fresh-Chicken-Breast-16x12.webp 16w\" sizes=\"auto, (max-width: 720px) 100vw, 720px\" \/><figcaption class=\"wp-element-caption\">F\u00e4rsk kycklingbr\u00f6st<\/figcaption><\/figure> <\/figure>    <h2 class=\"wp-block-heading has-text-align-left\">F\u00f6rdelar med k\u00f6ttsk\u00e4rare<\/h2>    <div class=\"wp-block-columns is-layout-flex wp-container-core-columns-is-layout-9d6595d7 wp-block-columns-is-layout-flex\"> <div class=\"wp-block-column is-layout-flow wp-block-column-is-layout-flow\"> <p class=\"translation-block\"><mark class=\"has-inline-color has-luminous-vivid-amber-color\"><strong>H\u00f6g effektivitet och arbetsbesparing:<\/strong> <\/mark> Sk\u00e4r 5\u20138 g\u00e5nger snabbare \u00e4n manuell sk\u00e4rning, vilket minskar arbetsbehov och f\u00f6rvaltningskostnader, samtidigt som den f\u00f6rb\u00e4ttrar den \u00f6vergripande produktions effektiviteten.<\/p> <\/div>    <div class=\"wp-block-column is-layout-flow wp-block-column-is-layout-flow\"> <p class=\"translation-block\"><strong><mark class=\"has-inline-color has-luminous-vivid-amber-color\">Exakta och enhetliga skivor:<\/mark><\/strong> Minimal tjockleksvariation och konsekventa satser s\u00e4kerst\u00e4ller enhetlig produktstorlek, vilket f\u00f6rb\u00e4ttrar kvalitet och marknadskonkurrenskraft.<\/p> <\/div> <\/div>    <div class=\"wp-block-columns is-layout-flex wp-container-core-columns-is-layout-9d6595d7 wp-block-columns-is-layout-flex\"> <div class=\"wp-block-column is-layout-flow wp-block-column-is-layout-flow\"> <p class=\"translation-block\"><strong><mark class=\"has-inline-color has-luminous-vivid-amber-color\">H\u00e5llbar konstruktion:<\/mark><\/strong> Tillverkad av livsmedelsklass 304 rostfritt st\u00e5l, korrosionsbest\u00e4ndig och l\u00e4tt att reng\u00f6ra. Nyckelkomponenter \u00e4r p\u00e5litliga, vilket s\u00e4kerst\u00e4ller l\u00e5ng livsl\u00e4ngd.<\/p> <\/div>    <div class=\"wp-block-column is-layout-flow wp-block-column-is-layout-flow\"> <p class=\"translation-block\"><strong><mark class=\"has-inline-color has-luminous-vivid-amber-color\">L\u00e4tt underh\u00e5ll och stabil drift:<\/mark><\/strong> V\u00e4l utformad struktur ger smidig drift, l\u00e5g felaktighetsgrad och enkel daglig underh\u00e5ll, vilket minskar l\u00e5ngsiktiga kostnader.<\/p> <\/div> <\/div>    <div class=\"wp-block-columns is-layout-flex wp-container-core-columns-is-layout-9d6595d7 wp-block-columns-is-layout-flex\"> <div class=\"wp-block-column is-layout-flow wp-block-column-is-layout-flow\"> <p class=\"translation-block\"><strong><mark class=\"has-inline-color has-luminous-vivid-amber-color\">Flexibla modeller och bred kompatibilitet:<\/mark><\/strong> Finns i modellerna SYFT-340 och SYFT-500 f\u00f6r att matcha produktionskapacitet. L\u00e4mplig f\u00f6r olika k\u00f6tt och olika sk\u00e4rspecifikationer.<\/p> <\/div>    <div class=\"wp-block-column is-layout-flow wp-block-column-is-layout-flow\"> <p class=\"translation-block\"><mark class=\"has-inline-color has-luminous-vivid-amber-color\"><strong>S\u00e4ker och anv\u00e4ndarv\u00e4nlig:<\/strong> <\/mark> Utrustad med n\u00f6dstopp och skyddsanordningar. Intuitiv kontrollpanel med justerbara inst\u00e4llningar s\u00e4kerst\u00e4ller s\u00e4ker, effektiv och bekymmersfri drift. Denna kommersiella k\u00f6ttsk\u00e4rare \u00e4r ett p\u00e5litligt val f\u00f6r h\u00f6gvolymoperationer.<\/p> <\/div> <\/div>   <div class=\"wp-block-image\"> <figure class=\"aligncenter size-full\"><img loading=\"lazy\" decoding=\"async\" width=\"720\" height=\"540\" src=\"https:\/\/www.meatprocessingmachine.org\/wp-content\/uploads\/2026\/02\/Industrial-Meat-Slicing-Machine.webp\" alt=\"Industriell k\u00f6ttskivningsmaskin\" class=\"wp-image-34648\" title=\"\" srcset=\"https:\/\/www.meatprocessingmachine.org\/wp-content\/uploads\/2026\/02\/Industrial-Meat-Slicing-Machine.webp 720w, https:\/\/www.meatprocessingmachine.org\/wp-content\/uploads\/2026\/02\/Industrial-Meat-Slicing-Machine-300x225.webp 300w, https:\/\/www.meatprocessingmachine.org\/wp-content\/uploads\/2026\/02\/Industrial-Meat-Slicing-Machine-16x12.webp 16w\" sizes=\"auto, (max-width: 720px) 100vw, 720px\" \/><figcaption class=\"wp-element-caption\">Industriell k\u00f6ttskivningsmaskin<\/figcaption><\/figure> <\/div>   <h2 class=\"wp-block-heading\">Tekniska specifikationer<\/h2>    <figure class=\"wp-block-table\"><table class=\"has-fixed-layout\"><thead><tr><th>Parameter<\/th><th>SYFT-340<\/th><th>SYFT-500<\/th><\/tr><\/thead><tbody><tr><td>Modell<\/td><td>SYFT-340<\/td><td>SYFT-500<\/td><\/tr><tr><td>Sk\u00e4rningstjocklek<\/td><td>5\u2013100 mm<\/td><td>5\u2013100 mm<\/td><\/tr><tr><td>Matningsstorlek<\/td><td>340 mm (B) \u00d7 75 mm (H) (anpassningsbar)<\/td><td>500 mm (B) \u00d7 75 mm (H) (anpassningsbar)<\/td><\/tr><tr><td>Utmatning<\/td><td>400\u2013500 kg\/h<\/td><td>600\u2013800 kg\/h<\/td><\/tr><tr><td>Arbetssp\u00e4nning<\/td><td>380 V<\/td><td>380 V<\/td><\/tr><tr><td>2000\u202fkg<\/td><td>0,75 kW<\/td><td>1,1 kW<\/td><\/tr><tr><td>Vikt<\/td><td>160 kg<\/td><td>206 kg<\/td><\/tr><tr><td>Dimensioner (L \u00d7 B \u00d7 H)<\/td><td>1980 \u00d7 630 \u00d7 1210 mm<\/td><td>1980 \u00d7 780 \u00d7 1210 mm<\/td><\/tr><\/tbody><\/table><\/figure>   <div class=\"wp-block-image\"> <figure class=\"aligncenter size-full\"><img loading=\"lazy\" decoding=\"async\" width=\"720\" height=\"540\" src=\"https:\/\/www.meatprocessingmachine.org\/wp-content\/uploads\/2026\/02\/Fresh-Meat-Slicer.webp\" alt=\"F\u00e4rsk k\u00f6ttsk\u00e4rare\" class=\"wp-image-34647\" title=\"\" srcset=\"https:\/\/www.meatprocessingmachine.org\/wp-content\/uploads\/2026\/02\/Fresh-Meat-Slicer.webp 720w, https:\/\/www.meatprocessingmachine.org\/wp-content\/uploads\/2026\/02\/Fresh-Meat-Slicer-300x225.webp 300w, https:\/\/www.meatprocessingmachine.org\/wp-content\/uploads\/2026\/02\/Fresh-Meat-Slicer-16x12.webp 16w\" sizes=\"auto, (max-width: 720px) 100vw, 720px\" \/><figcaption class=\"wp-element-caption\">F\u00e4rsk k\u00f6ttsk\u00e4rare<\/figcaption><\/figure> <\/div>   <h2 class=\"wp-block-heading\">Varf\u00f6r v\u00e4lja Taizy?<\/h2>    <p>Att v\u00e4lja Taizy inneb\u00e4r mer \u00e4n att v\u00e4lja en k\u00f6ttsk\u00e4rare\u2014det \u00e4r att v\u00e4lja p\u00e5litlig kvalitet och professionellt st\u00f6d. Nyckelf\u00f6rdelar inkluderar:<\/p>    <ul class=\"wp-block-list\"> <li><strong>Internationell certifiering och kvalitetsgaranti:<\/strong> ISO9001 och CE-certifierad, testad av SGS och TUV, uppfyller internationella standarder med stabil och p\u00e5litlig prestanda.<\/li>    <li><strong>Ett \u00e5rs garanti och bekymmersfri service:<\/strong> Full maskin garanti i ett \u00e5r, med snabb respons efter f\u00f6rs\u00e4ljning f\u00f6r att minska driftsrisker.<\/li>    <li><strong>Installationsv\u00e4gledning och omfattande st\u00f6d:<\/strong> Kommer med en installationsmanual, st\u00f6der fj\u00e4rrv\u00e4gledning, och ingenj\u00f6rer kan ordnas f\u00f6r utbildning p\u00e5 plats om det beh\u00f6vs.<\/li>    <li><strong>Direkt fabriksleverans och anpassning:<\/strong> \u00c5r av branscherfarenhet m\u00f6jligg\u00f6r anpassade l\u00f6sningar baserade p\u00e5 produktionskapacitet och r\u00e5material, skr\u00e4ddarsydda f\u00f6r verkliga produktionsbehov.<\/li> <\/ul>    <p>Taizy industriella k\u00f6ttsk\u00e4rare levererar effektiva, s\u00e4kra och standardiserade k\u00f6ttbearbetningsl\u00f6sningar med stabil kvalitet, certifierad tillf\u00f6rlitlighet och komplett servicest\u00f6d.<\/p>    <h2 class=\"wp-block-heading\">Relaterade produkter<\/h2>    <p>F\u00f6r att m\u00f6ta olika stadier av k\u00f6ttbearbetning erbjuder Taizy ett sortiment av kompletterande livsmedelsbearbetningsutrustning som kan anv\u00e4ndas tillsammans med k\u00f6ttsk\u00e4rare f\u00f6r att bygga en effektiv, standardiserad produktionslinje.<\/p>    <p>Dessa inkluderar:<\/p>    <ul class=\"wp-block-list\"> <li><strong>K\u00f6ttkvarnar och maskiner f\u00f6r malet k\u00f6tt<\/strong> \u2013 f\u00f6r r\u00e5materialf\u00f6rberedelse och sk\u00e4rning.<\/li>    <li><strong><a href=\"https:\/\/www.meatprocessingmachine.org\/sv\/frozen-block-breaker-for-meat.html\/\">Kommersiella frysta k\u00f6ttsk\u00e4rare <\/a><\/strong>\u2013 f\u00f6r bearbetning av fryst k\u00f6tt.<\/li>    <li><strong>K\u00f6tttumbler, vakuummixrar och automatiska korvfyllare<\/strong> \u2013 f\u00f6r att f\u00f6rb\u00e4ttra textur, smak och produktions effektivitet.<\/li> <\/ul>    <p>All utrustning \u00e4r tillverkad av livsmedelsklassade material med industriell stabilitet. De st\u00f6der modul\u00e4ra kombinationer och anpassningar, vilket hj\u00e4lper f\u00f6retag att automatisera hela produktionsprocessen fr\u00e5n r\u00e5material till f\u00e4rdiga produkter, vilket f\u00f6rb\u00e4ttrar kapacitet och produktkonsistens.<\/p>   <div class=\"wp-block-image\"> <figure class=\"aligncenter size-full\"><img loading=\"lazy\" decoding=\"async\" width=\"720\" height=\"540\" src=\"https:\/\/www.meatprocessingmachine.org\/wp-content\/uploads\/2021\/11\/Frozen-block-breaker.jpg\" alt=\"Fryst k\u00f6ttskivare\" class=\"wp-image-32296\" title=\"\" srcset=\"https:\/\/www.meatprocessingmachine.org\/wp-content\/uploads\/2021\/11\/Frozen-block-breaker.jpg 720w, https:\/\/www.meatprocessingmachine.org\/wp-content\/uploads\/2021\/11\/Frozen-block-breaker-300x225.jpg 300w\" sizes=\"auto, (max-width: 720px) 100vw, 720px\" \/><figcaption class=\"wp-element-caption\">Fryst k\u00f6ttskivare<\/figcaption><\/figure> <\/div>","protected":false},"excerpt":{"rendered":"<p>The Taizy meat slicing machine is an automated device designed for meat processing. It quickly cuts fresh meat into uniform thin slices, thick slices, or strips, suitable for both commercial-scale production and small-to-medium processing. This automatic meat slicer is ideal for businesses looking for precision and efficiency. It comes in two models, SYFT-340 and SYFT-500, [&hellip;]<\/p>\n","protected":false},"author":1,"featured_media":34656,"parent":0,"template":"","product-type":[582,583,589],"class_list":["post-34646","product","type-product","status-publish","has-post-thumbnail","hentry","product-type-cattle-sheep","product-type-chicken-turkey","product-type-meat-cutting-machine"],"_links":{"self":[{"href":"https:\/\/www.meatprocessingmachine.org\/sv\/wp-json\/wp\/v2\/product\/34646","targetHints":{"allow":["GET"]}}],"collection":[{"href":"https:\/\/www.meatprocessingmachine.org\/sv\/wp-json\/wp\/v2\/product"}],"about":[{"href":"https:\/\/www.meatprocessingmachine.org\/sv\/wp-json\/wp\/v2\/types\/product"}],"author":[{"embeddable":true,"href":"https:\/\/www.meatprocessingmachine.org\/sv\/wp-json\/wp\/v2\/users\/1"}],"wp:featuredmedia":[{"embeddable":true,"href":"https:\/\/www.meatprocessingmachine.org\/sv\/wp-json\/wp\/v2\/media\/34656"}],"wp:attachment":[{"href":"https:\/\/www.meatprocessingmachine.org\/sv\/wp-json\/wp\/v2\/media?parent=34646"}],"wp:term":[{"taxonomy":"product-type","embeddable":true,"href":"https:\/\/www.meatprocessingmachine.org\/sv\/wp-json\/wp\/v2\/product-type?post=34646"}],"curies":[{"name":"wp","href":"https:\/\/api.w.org\/{rel}","templated":true}]}}