{"id":34714,"date":"2026-02-24T16:23:05","date_gmt":"2026-02-24T08:23:05","guid":{"rendered":"https:\/\/www.meatprocessingmachine.org\/?post_type=product&#038;p=34714"},"modified":"2026-03-06T09:58:31","modified_gmt":"2026-03-06T01:58:31","slug":"fresh-meat-strip-cutting-machine","status":"publish","type":"product","link":"https:\/\/www.meatprocessingmachine.org\/sv\/fresh-meat-strip-cutting-machine.html","title":{"rendered":"F\u00e4rskt k\u00f6ttskivningsmaskin"},"content":{"rendered":"<div class=\"kk-star-ratings kksr-auto kksr-align-right kksr-valign-top\"     data-payload='{&quot;align&quot;:&quot;right&quot;,&quot;id&quot;:&quot;34714&quot;,&quot;slug&quot;:&quot;default&quot;,&quot;valign&quot;:&quot;top&quot;,&quot;ignore&quot;:&quot;&quot;,&quot;reference&quot;:&quot;auto&quot;,&quot;class&quot;:&quot;&quot;,&quot;count&quot;:&quot;0&quot;,&quot;legendonly&quot;:&quot;&quot;,&quot;readonly&quot;:&quot;&quot;,&quot;score&quot;:&quot;0&quot;,&quot;starsonly&quot;:&quot;&quot;,&quot;best&quot;:&quot;5&quot;,&quot;gap&quot;:&quot;5&quot;,&quot;greet&quot;:&quot;Rate this product&quot;,&quot;legend&quot;:&quot;0\\\/5 - (0 votes)&quot;,&quot;size&quot;:&quot;24&quot;,&quot;title&quot;:&quot;Fresh Meat Strip Cutting Machine&quot;,&quot;width&quot;:&quot;0&quot;,&quot;_legend&quot;:&quot;{score}\\\/{best} - ({count} {votes})&quot;,&quot;font_factor&quot;:&quot;1.25&quot;}'>              <div class=\"kksr-stars\">      <div class=\"kksr-stars-inactive\">             <div class=\"kksr-star\" data-star=\"1\" style=\"padding-right: 5px\">               <div class=\"kksr-icon\" style=\"width: 24px; height: 24px;\"><\/div>         <\/div>             <div class=\"kksr-star\" data-star=\"2\" style=\"padding-right: 5px\">               <div class=\"kksr-icon\" style=\"width: 24px; height: 24px;\"><\/div>         <\/div>             <div class=\"kksr-star\" data-star=\"3\" style=\"padding-right: 5px\">               <div class=\"kksr-icon\" style=\"width: 24px; height: 24px;\"><\/div>         <\/div>             <div class=\"kksr-star\" data-star=\"4\" style=\"padding-right: 5px\">               <div class=\"kksr-icon\" style=\"width: 24px; height: 24px;\"><\/div>         <\/div>             <div class=\"kksr-star\" data-star=\"5\" style=\"padding-right: 5px\">               <div class=\"kksr-icon\" style=\"width: 24px; height: 24px;\"><\/div>         <\/div>     <\/div>      <div class=\"kksr-stars-active\" style=\"width: 0px;\">             <div class=\"kksr-star\" style=\"padding-right: 5px\">               <div class=\"kksr-icon\" style=\"width: 24px; height: 24px;\"><\/div>         <\/div>             <div class=\"kksr-star\" style=\"padding-right: 5px\">               <div class=\"kksr-icon\" style=\"width: 24px; height: 24px;\"><\/div>         <\/div>             <div class=\"kksr-star\" style=\"padding-right: 5px\">               <div class=\"kksr-icon\" style=\"width: 24px; height: 24px;\"><\/div>         <\/div>             <div class=\"kksr-star\" style=\"padding-right: 5px\">               <div class=\"kksr-icon\" style=\"width: 24px; height: 24px;\"><\/div>         <\/div>             <div class=\"kksr-star\" style=\"padding-right: 5px\">               <div class=\"kksr-icon\" style=\"width: 24px; height: 24px;\"><\/div>         <\/div>     <\/div> <\/div>                   <div class=\"kksr-legend\" style=\"font-size: 19.2px;\">             <span class=\"kksr-muted\">Betygs\u00e4tt denna produkt<\/span>     <\/div>     <\/div>  <p class=\"translation-block\">Den  f\u00e4rska k\u00f6tt  remsskivmaskinen  \u00e4r en professionell k\u00f6ttbearbetningsmaskin avsedd f\u00f6r att skiva f\u00e4rskt k\u00f6tt till  remor, skivor, kuber eller bitar .<\/p>    <figure class=\"wp-block-gallery has-nested-images columns-default is-cropped wp-block-gallery-2 is-layout-flex wp-block-gallery-is-layout-flex\"> <figure class=\"wp-block-image size-large\"><img loading=\"lazy\" decoding=\"async\" width=\"720\" height=\"540\" data-id=\"34716\" src=\"https:\/\/www.meatprocessingmachine.org\/wp-content\/uploads\/2026\/02\/Strip-Cut-Fresh-Meat.webp\" alt=\"Remskivad f\u00e4rsk k\u00f6tt\" class=\"wp-image-34716\" title=\"\" srcset=\"https:\/\/www.meatprocessingmachine.org\/wp-content\/uploads\/2026\/02\/Strip-Cut-Fresh-Meat.webp 720w, https:\/\/www.meatprocessingmachine.org\/wp-content\/uploads\/2026\/02\/Strip-Cut-Fresh-Meat-300x225.webp 300w, https:\/\/www.meatprocessingmachine.org\/wp-content\/uploads\/2026\/02\/Strip-Cut-Fresh-Meat-16x12.webp 16w\" sizes=\"auto, (max-width: 720px) 100vw, 720px\" \/><figcaption class=\"wp-element-caption\">Remskivad f\u00e4rsk k\u00f6tt<\/figcaption><\/figure>    <figure class=\"wp-block-image size-large\"><img loading=\"lazy\" decoding=\"async\" width=\"720\" height=\"540\" data-id=\"34715\" src=\"https:\/\/www.meatprocessingmachine.org\/wp-content\/uploads\/2026\/02\/Chunk-Cut-Fresh-Meat.webp\" alt=\"Kubskivad f\u00e4rsk k\u00f6tt\" class=\"wp-image-34715\" title=\"\" srcset=\"https:\/\/www.meatprocessingmachine.org\/wp-content\/uploads\/2026\/02\/Chunk-Cut-Fresh-Meat.webp 720w, https:\/\/www.meatprocessingmachine.org\/wp-content\/uploads\/2026\/02\/Chunk-Cut-Fresh-Meat-300x225.webp 300w, https:\/\/www.meatprocessingmachine.org\/wp-content\/uploads\/2026\/02\/Chunk-Cut-Fresh-Meat-16x12.webp 16w\" sizes=\"auto, (max-width: 720px) 100vw, 720px\" \/><figcaption class=\"wp-element-caption\">Kubskivad f\u00e4rsk k\u00f6tt<\/figcaption><\/figure> <\/figure>    <p class=\"translation-block\">Taizy erbjuder 340- och 500-modellerna, med Produktionskapaciteter anpassade till olika bearbetningsbehov \u2014 340-modellen n\u00e5r <strong><mark class=\"has-inline-color has-luminous-vivid-amber-color\">0\u2013600 kg\/h<\/mark><\/strong>, medan 500-modellen kan upp till <strong><mark class=\"has-inline-color has-luminous-vivid-amber-color\">0\u20131000 kg\/h<\/mark><\/strong>.<\/p>   <div class=\"wp-block-image\"> <figure class=\"aligncenter size-full\"><img loading=\"lazy\" decoding=\"async\" width=\"720\" height=\"540\" src=\"https:\/\/www.meatprocessingmachine.org\/wp-content\/uploads\/2026\/02\/Fresh-Meat-Strip-Cutting-Machine.webp\" alt=\"F\u00e4rskt k\u00f6ttskivningsmaskin\" class=\"wp-image-34721\" title=\"\" srcset=\"https:\/\/www.meatprocessingmachine.org\/wp-content\/uploads\/2026\/02\/Fresh-Meat-Strip-Cutting-Machine.webp 720w, https:\/\/www.meatprocessingmachine.org\/wp-content\/uploads\/2026\/02\/Fresh-Meat-Strip-Cutting-Machine-300x225.webp 300w, https:\/\/www.meatprocessingmachine.org\/wp-content\/uploads\/2026\/02\/Fresh-Meat-Strip-Cutting-Machine-16x12.webp 16w\" sizes=\"auto, (max-width: 720px) 100vw, 720px\" \/><figcaption class=\"wp-element-caption\">F\u00e4rskt k\u00f6ttskivningsmaskin<\/figcaption><\/figure> <\/div>   <p class=\"translation-block\">Tillverkad av h\u00f6gkvalitativt rostfritt st\u00e5l och utrustad med <strong><mark class=\"has-inline-color has-luminous-vivid-amber-color\">440C<\/mark><\/strong> rostfritt st\u00e5lbladen med h\u00f6g h\u00e5rdhet, maskinen s\u00e4kerst\u00e4ller skarp, effektiv sk\u00e4rning. Bladsatsen kan snabbt bytas inom 1 minut, vilket m\u00f6jligg\u00f6r m\u00e5ngsidig bearbetning i ett steg f\u00f6r remsor\/skivor och ett andra steg f\u00f6r kuber\/bitar.<\/p>    <figure class=\"wp-block-embed is-type-video is-provider-youtube wp-block-embed-youtube wp-embed-aspect-16-9 wp-has-aspect-ratio\"><div class=\"wp-block-embed__wrapper\"> <iframe loading=\"lazy\" title=\"Kraftfull f\u00e4rsk k\u00f6ttr\u00e5skivmaskin f\u00f6r effektiv k\u00f6ttbearbetning\" width=\"500\" height=\"281\" src=\"https:\/\/www.youtube.com\/embed\/HYhztLgd1_U?feature=oembed\" frameborder=\"0\" allow=\"accelerometer; autoplay; clipboard-write; encrypted-media; gyroscope; picture-in-picture; web-share\" referrerpolicy=\"strict-origin-when-cross-origin\" allowfullscreen><\/iframe> <\/div><\/figure>    <h2 class=\"wp-block-heading\">Funktioner hos f\u00e4rsk k\u00f6ttr\u00e5skivare<\/h2>    <p class=\"translation-block\"><strong><mark class=\"has-inline-color has-luminous-vivid-amber-color\">Flerstorleks-skivning, en maskin f\u00f6r flera anv\u00e4ndningar<\/mark><\/strong><\/p>    <p>Maskinen kan sk\u00e4ra k\u00f6tt i remsor eller skivor i ett steg med j\u00e4mn storlek och sl\u00e4ta ytor. Den st\u00f6der ocks\u00e5 ett andra steg f\u00f6r t\u00e4rning eller bitning, vilket uppfyller olika produktkrav och f\u00f6rb\u00e4ttrar produktionsflexibiliteten.<\/p>    <p class=\"translation-block\"><strong><mark class=\"has-inline-color has-luminous-vivid-amber-color\">Snabb bladbytesdesign<\/mark><\/strong><\/p>    <p>Den modul\u00e4ra bladsatsen kan tas bort och bytas ut inom 1 minut, vilket i h\u00f6g grad minimerar stillest\u00e5nd och m\u00f6jligg\u00f6r snabb v\u00e4xling mellan olika produktstorlekar.<\/p>    <p class=\"translation-block\"><strong><mark class=\"has-inline-color has-luminous-vivid-amber-color\">Anpassade sk\u00e4ralternativ<\/mark><\/strong><\/p>    <p>St\u00f6der skr\u00e4ddarsydda blad f\u00f6r att hantera olika r\u00e5varor, inklusive benin k\u00f6tt som kyckling, g\u00e5s och fisk, vilket m\u00f6jligg\u00f6r exakt sk\u00e4rning.<\/p>   <div class=\"wp-block-image\"> <figure class=\"aligncenter size-full\"><img loading=\"lazy\" decoding=\"async\" width=\"720\" height=\"540\" src=\"https:\/\/www.meatprocessingmachine.org\/wp-content\/uploads\/2026\/02\/Meat-Slicing-Cutting-Machine.webp\" alt=\"K\u00f6ttskivningsmaskin\" class=\"wp-image-34720\" title=\"\" srcset=\"https:\/\/www.meatprocessingmachine.org\/wp-content\/uploads\/2026\/02\/Meat-Slicing-Cutting-Machine.webp 720w, https:\/\/www.meatprocessingmachine.org\/wp-content\/uploads\/2026\/02\/Meat-Slicing-Cutting-Machine-300x225.webp 300w, https:\/\/www.meatprocessingmachine.org\/wp-content\/uploads\/2026\/02\/Meat-Slicing-Cutting-Machine-16x12.webp 16w\" sizes=\"auto, (max-width: 720px) 100vw, 720px\" \/><figcaption class=\"wp-element-caption\">K\u00f6ttskivningsmaskin<\/figcaption><\/figure> <\/div>   <h2 class=\"wp-block-heading\">L\u00e4mpliga r\u00e5varor<\/h2>    <p>K\u00f6ttstrimskivaren hanterar fyra huvudkategorier av r\u00e5varor och bearbetar effektivt b\u00e5de benfria och anpassade ben-in-produkter:<\/p>    <ul class=\"wp-block-list\"> <li><strong>F\u00e4rskt k\u00f6tt:<\/strong> Benfri svin-, n\u00f6tk\u00f6tt, lamm och andra f\u00e4rska k\u00f6ttprodukter<\/li>    <li><strong>Bakverkdeg:<\/strong> Remsor, skivor eller kuber av olika degprodukter<\/li>    <li><strong>Gr\u00f6nsaker:<\/strong> Rot- och l\u00f6vgr\u00f6nsaker som r\u00e4disa, potatis, lotusrot och bladgr\u00f6nsaker<\/li>    <li><strong>Specialprodukter:<\/strong> Tillagade livsmedel, samt benin f\u00e5gel och fisk (kyckling, g\u00e5s, fisk) med anpassade blad<\/li> <\/ul>    <figure class=\"wp-block-gallery has-nested-images columns-default is-cropped wp-block-gallery-3 is-layout-flex wp-block-gallery-is-layout-flex\"> <figure class=\"wp-block-image size-large\"><img loading=\"lazy\" decoding=\"async\" width=\"720\" height=\"540\" data-id=\"34724\" src=\"https:\/\/www.meatprocessingmachine.org\/wp-content\/uploads\/2026\/02\/Lamb.webp\" alt=\"Varje sats kan lasta \u00f6ver 2000\u202fkg, l\u00e4mplig f\u00f6r storskalig produktion.\" class=\"wp-image-34724\" title=\"\" srcset=\"https:\/\/www.meatprocessingmachine.org\/wp-content\/uploads\/2026\/02\/Lamb.webp 720w, https:\/\/www.meatprocessingmachine.org\/wp-content\/uploads\/2026\/02\/Lamb-300x225.webp 300w, https:\/\/www.meatprocessingmachine.org\/wp-content\/uploads\/2026\/02\/Lamb-16x12.webp 16w\" sizes=\"auto, (max-width: 720px) 100vw, 720px\" \/><figcaption class=\"wp-element-caption\">Varje sats kan lasta \u00f6ver 2000\u202fkg, l\u00e4mplig f\u00f6r storskalig produktion.<\/figcaption><\/figure>    <figure class=\"wp-block-image size-large\"><img loading=\"lazy\" decoding=\"async\" width=\"720\" height=\"540\" data-id=\"34723\" src=\"https:\/\/www.meatprocessingmachine.org\/wp-content\/uploads\/2026\/02\/Beef.webp\" alt=\"N\u00f6tk\u00f6tt\" class=\"wp-image-34723\" title=\"\" srcset=\"https:\/\/www.meatprocessingmachine.org\/wp-content\/uploads\/2026\/02\/Beef.webp 720w, https:\/\/www.meatprocessingmachine.org\/wp-content\/uploads\/2026\/02\/Beef-300x225.webp 300w, https:\/\/www.meatprocessingmachine.org\/wp-content\/uploads\/2026\/02\/Beef-16x12.webp 16w\" sizes=\"auto, (max-width: 720px) 100vw, 720px\" \/><figcaption class=\"wp-element-caption\">N\u00f6tk\u00f6tt<\/figcaption><\/figure>    <figure class=\"wp-block-image size-large\"><img loading=\"lazy\" decoding=\"async\" width=\"720\" height=\"540\" data-id=\"34725\" src=\"https:\/\/www.meatprocessingmachine.org\/wp-content\/uploads\/2026\/02\/Potato-Slices.webp\" alt=\"Potatisskivor\" class=\"wp-image-34725\" title=\"\" srcset=\"https:\/\/www.meatprocessingmachine.org\/wp-content\/uploads\/2026\/02\/Potato-Slices.webp 720w, https:\/\/www.meatprocessingmachine.org\/wp-content\/uploads\/2026\/02\/Potato-Slices-300x225.webp 300w, https:\/\/www.meatprocessingmachine.org\/wp-content\/uploads\/2026\/02\/Potato-Slices-16x12.webp 16w\" sizes=\"auto, (max-width: 720px) 100vw, 720px\" \/><figcaption class=\"wp-element-caption\">Potatisskivor<\/figcaption><\/figure> <\/figure>    <h2 class=\"wp-block-heading\">Vad \u00e4r k\u00e4rnf\u00f6rdelarna med f\u00e4rsk k\u00f6ttr\u00e5skivare?<\/h2>    <div class=\"wp-block-columns is-layout-flex wp-container-core-columns-is-layout-9d6595d7 wp-block-columns-is-layout-flex\"> <div class=\"wp-block-column is-layout-flow wp-block-column-is-layout-flow\"> <p class=\"has-text-align-center translation-block\"><strong><mark class=\"has-inline-color has-luminous-vivid-amber-color\">H\u00f6g produktionskapacitet<\/mark><\/strong><\/p>    <p>340-modellen n\u00e5r 0\u2013600 kg\/h, och 500-modellen upp till 0\u20131000 kg\/h, vilket m\u00f6ter behoven hos sm\u00e5 till stora bearbetningsanl\u00e4ggningar och m\u00f6jligg\u00f6r effektiv partiell bearbetning.<\/p> <\/div>    <div class=\"wp-block-column is-layout-flow wp-block-column-is-layout-flow\"> <p class=\"has-text-align-center translation-block\"><strong><mark class=\"has-inline-color has-luminous-vivid-amber-color\">Kraftfullt motor System<\/mark><\/strong><\/p>    <p>Utrustad med en 1,5 kW motor, maskinen g\u00e5r smidigt med tillr\u00e4cklig kraft, st\u00f6der l\u00e5ng kontinuerlig drift och stabil produktion.<\/p> <\/div> <\/div>    <div class=\"wp-block-columns is-layout-flex wp-container-core-columns-is-layout-9d6595d7 wp-block-columns-is-layout-flex\"> <div class=\"wp-block-column is-layout-flow wp-block-column-is-layout-flow\"> <p class=\"has-text-align-center translation-block\"><strong><mark class=\"has-inline-color has-luminous-vivid-amber-color\">Stor matningskapacitet<\/mark><\/strong><\/p>    <p>Kan hantera stora stycken f\u00e4rskt k\u00f6tt eller deg med l\u00e4tthet, vilket f\u00f6rb\u00e4ttrar r\u00e5materialutnyttjandet.<\/p> <\/div>    <div class=\"wp-block-column is-layout-flow wp-block-column-is-layout-flow\"> <p class=\"has-text-align-center translation-block\"><strong><mark class=\"has-inline-color has-luminous-vivid-amber-color\">L\u00e5ngvariga, h\u00f6gkvalitativa material<\/mark><\/strong><\/p>    <p>Tillverkad av premiumrostfritt st\u00e5l, korrosionsbest\u00e4ndig och l\u00e4tt att reng\u00f6ra, uppfyller livsmedelshygieniska standarder. Bladen \u00e4r av 440C rostfritt st\u00e5l, skarpa och starka f\u00f6r l\u00e5ngvarig sk\u00e4regenskaper.<\/p> <\/div> <\/div>    <div class=\"wp-block-columns is-layout-flex wp-container-core-columns-is-layout-9d6595d7 wp-block-columns-is-layout-flex\"> <div class=\"wp-block-column is-layout-flow wp-block-column-is-layout-flow\"> <p class=\"has-text-align-center translation-block\"><strong><mark class=\"has-inline-color has-luminous-vivid-amber-color\">Enkelt att anv\u00e4nda<\/mark><\/strong><\/p>    <p>Integrerad design med snabb bladbyte och m\u00e5ngfunktionell sk\u00e4rning minskar manuella steg och \u00f6kar bearbetningseffektiviteten.<\/p> <\/div>    <div class=\"wp-block-column is-layout-flow wp-block-column-is-layout-flow\"> <p class=\"has-text-align-center translation-block\"><strong><mark class=\"has-inline-color has-luminous-vivid-amber-color\">Allsidiga sk\u00e4ruppgifter<\/mark><\/strong><\/p>    <p>St\u00f6der sk\u00e4rning i remsor, skivor, kuber och bitar. Ett-stegs rems- eller skiverbrytning och andra stegs t\u00e4rning ger flexibla bearbetningsalternativ f\u00f6r olika produktkrav.<\/p> <\/div> <\/div>   <div class=\"wp-block-image\"> <figure class=\"aligncenter size-full\"><img loading=\"lazy\" decoding=\"async\" width=\"720\" height=\"540\" src=\"https:\/\/www.meatprocessingmachine.org\/wp-content\/uploads\/2026\/02\/Fresh-Meat-Strip-Cutting-Machine-For-Sale.webp\" alt=\"F\u00e4rsk k\u00f6ttr\u00e5skivare till salu\" class=\"wp-image-34718\" title=\"\" srcset=\"https:\/\/www.meatprocessingmachine.org\/wp-content\/uploads\/2026\/02\/Fresh-Meat-Strip-Cutting-Machine-For-Sale.webp 720w, https:\/\/www.meatprocessingmachine.org\/wp-content\/uploads\/2026\/02\/Fresh-Meat-Strip-Cutting-Machine-For-Sale-300x225.webp 300w, https:\/\/www.meatprocessingmachine.org\/wp-content\/uploads\/2026\/02\/Fresh-Meat-Strip-Cutting-Machine-For-Sale-16x12.webp 16w\" sizes=\"auto, (max-width: 720px) 100vw, 720px\" \/><figcaption class=\"wp-element-caption\">F\u00e4rsk k\u00f6ttr\u00e5skivare till salu<\/figcaption><\/figure> <\/div>   <h2 class=\"wp-block-heading\">Tekniska parametrar<\/h2>    <figure class=\"wp-block-table\"><table class=\"has-fixed-layout\"><thead><tr><th>Parameter<\/th><th>340-modell f\u00e4rsk k\u00f6ttr\u00e5sknivare<\/th><th>500-modell f\u00e4rsk k\u00f6ttstrimskivare<\/th><\/tr><\/thead><tbody><tr><td>Motorkraft<\/td><td>1,5 kW<\/td><td>1,5 kW<\/td><\/tr><tr><td>Sp\u00e4nning<\/td><td>380 V<\/td><td>380 V<\/td><\/tr><tr><td>Maximal matningsstorlek<\/td><td>1000 \u00d7 330 \u00d7 70 mm<\/td><td>1000 \u00d7 480 \u00d7 70 mm<\/td><\/tr><tr><td>Produktionskapacitet<\/td><td>0\u2013600 kg\/h<\/td><td>0\u20131000 kg\/h<\/td><\/tr><tr><td>Maskinvikt<\/td><td>180 kg<\/td><td>200 kg<\/td><\/tr><tr><td>Dimensioner (L \u00d7 B \u00d7 H)<\/td><td>1680 \u00d7 680 \u00d7 1160 mm<\/td><td>1680 \u00d7 860 \u00d7 1160 mm<\/td><\/tr><\/tbody><\/table><\/figure>   <div class=\"wp-block-image\"> <figure class=\"aligncenter size-full\"><img loading=\"lazy\" decoding=\"async\" width=\"720\" height=\"540\" src=\"https:\/\/www.meatprocessingmachine.org\/wp-content\/uploads\/2026\/02\/Fresh-Meat-Strip-Cutter.webp\" alt=\"F\u00e4rsk k\u00f6ttr\u00e5skivare\" class=\"wp-image-34717\" title=\"\" srcset=\"https:\/\/www.meatprocessingmachine.org\/wp-content\/uploads\/2026\/02\/Fresh-Meat-Strip-Cutter.webp 720w, https:\/\/www.meatprocessingmachine.org\/wp-content\/uploads\/2026\/02\/Fresh-Meat-Strip-Cutter-300x225.webp 300w, https:\/\/www.meatprocessingmachine.org\/wp-content\/uploads\/2026\/02\/Fresh-Meat-Strip-Cutter-16x12.webp 16w\" sizes=\"auto, (max-width: 720px) 100vw, 720px\" \/><figcaption class=\"wp-element-caption\">F\u00e4rsk k\u00f6ttr\u00e5skivare<\/figcaption><\/figure> <\/div>   <h2 class=\"wp-block-heading\">Varf\u00f6r v\u00e4lja Taizy f\u00e4rsk k\u00f6ttr\u00e5skivare?<\/h2>    <p class=\"translation-block\"><strong>P\u00e5litlig certifiering, garanterad kvalitet<\/strong><\/p>    <p>Taizy f\u00e4rska k\u00f6ttr\u00e5skivaremaskiner har flera internationella certifieringar, inklusive ISO9001 kvalitetsledning, CE och tester av SGS och TUV. Varje steg fr\u00e5n design och produktion till leverans uppfyller internationella kvalitets- och s\u00e4kerhetsstandarder och s\u00e4kerst\u00e4ller globalt erk\u00e4nd prestanda.<\/p>    <p class=\"translation-block\"><strong>Omfattande eftermarknadsservice<\/strong><\/p>    <ul class=\"wp-block-list\"> <li><strong>Ut\u00f6kad garanti:<\/strong> Alla maskiner levereras med ett \u00e5rs fri garanti. Icke-m\u00e4nskliga skador repareras eller byts ut utan kostnad.<\/li>    <li><strong>Full installationsguide:<\/strong> Standardiserade manualer och professionell fj\u00e4rrsupport hj\u00e4lper f\u00f6retag att snabbt installera maskinen.<\/li>    <li><strong>P\u00e5 plats-st\u00f6d:<\/strong> F\u00f6r komplexa installationer kan ingenj\u00f6rer skickas f\u00f6r att hantera installation, drifts\u00e4ttning och operat\u00f6rstr\u00e4ning, vilket s\u00e4kerst\u00e4ller snabb produktionsstart.<\/li> <\/ul>    <p>Fr\u00e5n k\u00e4rn Design och certifierad kvalitet till komplett eftermarknadssupport, ger Taizy f\u00e4rska k\u00f6ttstrimskivmaskiner livsmedelsbearbetningsf\u00f6retag kraften och \u00e4r det f\u00f6redragna valet inom k\u00f6ttsk\u00e4rning och bearbetning.<\/p>    <p class=\"translation-block\">F\u00f6rutom den f\u00e4rska k\u00f6ttr\u00e5skivaren erbjuder vi \u00e4ven <strong><a href=\"https:\/\/www.meatprocessingmachine.org\/sv\/products\/meat-cutting-machine\/\">f\u00e4rska k\u00f6ttskivmaskiner<\/a><\/strong> och annan k\u00f6ttbearbetningsutrustning f\u00f6r att st\u00f6dja din produktionsbehov. Om du \u00e4r intresserad, v\u00e4nligen kontakta oss f\u00f6r mer information.<\/p>   <div class=\"wp-block-image\"> <figure class=\"aligncenter size-full\"><img loading=\"lazy\" decoding=\"async\" width=\"720\" height=\"540\" src=\"https:\/\/www.meatprocessingmachine.org\/wp-content\/uploads\/2026\/02\/Industrial-Meat-Slicing-Machine.webp\" alt=\"Industriell k\u00f6ttskivningsmaskin\" class=\"wp-image-34648\" title=\"\" srcset=\"https:\/\/www.meatprocessingmachine.org\/wp-content\/uploads\/2026\/02\/Industrial-Meat-Slicing-Machine.webp 720w, https:\/\/www.meatprocessingmachine.org\/wp-content\/uploads\/2026\/02\/Industrial-Meat-Slicing-Machine-300x225.webp 300w, https:\/\/www.meatprocessingmachine.org\/wp-content\/uploads\/2026\/02\/Industrial-Meat-Slicing-Machine-16x12.webp 16w\" sizes=\"auto, (max-width: 720px) 100vw, 720px\" \/><figcaption class=\"wp-element-caption\">Industriell k\u00f6ttskivningsmaskin<\/figcaption><\/figure> <\/div>","protected":false},"excerpt":{"rendered":"<p>The fresh meat strip cutting machine is a professional meat processing machine designed for cutting fresh meat into strips, slices, cubes, or chunks. Taizy offers the 340 and 500 models, with production capacities tailored to different processing needs \u2014 the 340 model reaches 0\u2013600\u202fkg\/h, while the 500 model can go up to 0\u20131000\u202fkg\/h. Made of [&hellip;]<\/p>\n","protected":false},"author":1,"featured_media":34727,"parent":0,"template":"","product-type":[582,583,589],"class_list":["post-34714","product","type-product","status-publish","has-post-thumbnail","hentry","product-type-cattle-sheep","product-type-chicken-turkey","product-type-meat-cutting-machine"],"_links":{"self":[{"href":"https:\/\/www.meatprocessingmachine.org\/sv\/wp-json\/wp\/v2\/product\/34714","targetHints":{"allow":["GET"]}}],"collection":[{"href":"https:\/\/www.meatprocessingmachine.org\/sv\/wp-json\/wp\/v2\/product"}],"about":[{"href":"https:\/\/www.meatprocessingmachine.org\/sv\/wp-json\/wp\/v2\/types\/product"}],"author":[{"embeddable":true,"href":"https:\/\/www.meatprocessingmachine.org\/sv\/wp-json\/wp\/v2\/users\/1"}],"wp:featuredmedia":[{"embeddable":true,"href":"https:\/\/www.meatprocessingmachine.org\/sv\/wp-json\/wp\/v2\/media\/34727"}],"wp:attachment":[{"href":"https:\/\/www.meatprocessingmachine.org\/sv\/wp-json\/wp\/v2\/media?parent=34714"}],"wp:term":[{"taxonomy":"product-type","embeddable":true,"href":"https:\/\/www.meatprocessingmachine.org\/sv\/wp-json\/wp\/v2\/product-type?post=34714"}],"curies":[{"name":"wp","href":"https:\/\/api.w.org\/{rel}","templated":true}]}}