{"id":34827,"date":"2026-02-28T16:51:49","date_gmt":"2026-02-28T08:51:49","guid":{"rendered":"https:\/\/www.meatprocessingmachine.org\/?post_type=product&#038;p=34827"},"modified":"2026-02-28T16:51:50","modified_gmt":"2026-02-28T08:51:50","slug":"large-fresh-meat-slicer","status":"publish","type":"product","link":"https:\/\/www.meatprocessingmachine.org\/sv\/large-fresh-meat-slicer.html","title":{"rendered":"Stor f\u00e4rsk k\u00f6ttsk\u00e4rare"},"content":{"rendered":"<div class=\"kk-star-ratings kksr-auto kksr-align-right kksr-valign-top\"     data-payload='{&quot;align&quot;:&quot;right&quot;,&quot;id&quot;:&quot;34827&quot;,&quot;slug&quot;:&quot;default&quot;,&quot;valign&quot;:&quot;top&quot;,&quot;ignore&quot;:&quot;&quot;,&quot;reference&quot;:&quot;auto&quot;,&quot;class&quot;:&quot;&quot;,&quot;count&quot;:&quot;2&quot;,&quot;legendonly&quot;:&quot;&quot;,&quot;readonly&quot;:&quot;&quot;,&quot;score&quot;:&quot;5&quot;,&quot;starsonly&quot;:&quot;&quot;,&quot;best&quot;:&quot;5&quot;,&quot;gap&quot;:&quot;5&quot;,&quot;greet&quot;:&quot;Rate this product&quot;,&quot;legend&quot;:&quot;5\\\/5 - (2 votes)&quot;,&quot;size&quot;:&quot;24&quot;,&quot;title&quot;:&quot;Large Fresh Meat Slicer&quot;,&quot;width&quot;:&quot;142.5&quot;,&quot;_legend&quot;:&quot;{score}\\\/{best} - ({count} {votes})&quot;,&quot;font_factor&quot;:&quot;1.25&quot;}'>              <div class=\"kksr-stars\">      <div class=\"kksr-stars-inactive\">             <div class=\"kksr-star\" data-star=\"1\" style=\"padding-right: 5px\">               <div class=\"kksr-icon\" style=\"width: 24px; height: 24px;\"><\/div>         <\/div>             <div class=\"kksr-star\" data-star=\"2\" style=\"padding-right: 5px\">               <div class=\"kksr-icon\" style=\"width: 24px; height: 24px;\"><\/div>         <\/div>             <div class=\"kksr-star\" data-star=\"3\" style=\"padding-right: 5px\">               <div class=\"kksr-icon\" style=\"width: 24px; height: 24px;\"><\/div>         <\/div>             <div class=\"kksr-star\" data-star=\"4\" style=\"padding-right: 5px\">               <div class=\"kksr-icon\" style=\"width: 24px; height: 24px;\"><\/div>         <\/div>             <div class=\"kksr-star\" data-star=\"5\" style=\"padding-right: 5px\">               <div class=\"kksr-icon\" style=\"width: 24px; height: 24px;\"><\/div>         <\/div>     <\/div>      <div class=\"kksr-stars-active\" style=\"width: 142.5px;\">             <div class=\"kksr-star\" style=\"padding-right: 5px\">               <div class=\"kksr-icon\" style=\"width: 24px; height: 24px;\"><\/div>         <\/div>             <div class=\"kksr-star\" style=\"padding-right: 5px\">               <div class=\"kksr-icon\" style=\"width: 24px; height: 24px;\"><\/div>         <\/div>             <div class=\"kksr-star\" style=\"padding-right: 5px\">               <div class=\"kksr-icon\" style=\"width: 24px; height: 24px;\"><\/div>         <\/div>             <div class=\"kksr-star\" style=\"padding-right: 5px\">               <div class=\"kksr-icon\" style=\"width: 24px; height: 24px;\"><\/div>         <\/div>             <div class=\"kksr-star\" style=\"padding-right: 5px\">               <div class=\"kksr-icon\" style=\"width: 24px; height: 24px;\"><\/div>         <\/div>     <\/div> <\/div>                   <div class=\"kksr-legend\" style=\"font-size: 19.2px;\">             5\/5 - (2 r\u00f6ster)    <\/div>     <\/div>  <p class=\"translation-block\">Den <strong><mark class=\"has-inline-color has-luminous-vivid-amber-color\">stora f\u00e4rskk\u00f6ttssk\u00e4rare<\/mark><\/strong> \u00e4r en industriell livsmedelsbearbetningsmaskin utformad f\u00f6r att effektivt sk\u00e4ra f\u00e4rskt k\u00f6tt i j\u00e4mn tjocklek.<\/p>   <div class=\"wp-block-image\"> <figure class=\"aligncenter size-full\"><img loading=\"lazy\" decoding=\"async\" width=\"720\" height=\"540\" src=\"https:\/\/www.meatprocessingmachine.org\/wp-content\/uploads\/2026\/02\/Large-Fresh-Meat-Slicer.webp\" alt=\"Stor f\u00e4rsk k\u00f6ttsk\u00e4rare\" class=\"wp-image-34832\" title=\"\" srcset=\"https:\/\/www.meatprocessingmachine.org\/wp-content\/uploads\/2026\/02\/Large-Fresh-Meat-Slicer.webp 720w, https:\/\/www.meatprocessingmachine.org\/wp-content\/uploads\/2026\/02\/Large-Fresh-Meat-Slicer-300x225.webp 300w, https:\/\/www.meatprocessingmachine.org\/wp-content\/uploads\/2026\/02\/Large-Fresh-Meat-Slicer-16x12.webp 16w\" sizes=\"auto, (max-width: 720px) 100vw, 720px\" \/><figcaption class=\"wp-element-caption\">Stor f\u00e4rsk k\u00f6ttsk\u00e4rare<\/figcaption><\/figure> <\/div>   <p class=\"translation-block\">Taizy erbjuder tv\u00e5 k\u00e4rnmodeller: CY-QP180 och CY-QP200, med produktionskapaciteter p\u00e5 <strong><mark class=\"has-inline-color has-luminous-vivid-amber-color\">500\u202fkg\/h<\/mark><\/strong> och <strong><mark class=\"has-inline-color has-luminous-vivid-amber-color\">800\u20131000\u202fkg\/h<\/mark>,<\/strong> respektive. Sk\u00e4rmaskinen st\u00f6der justerbar tjocklek fr\u00e5n <strong><mark class=\"has-inline-color has-luminous-vivid-amber-color\">2\u201330\u202fmm<\/mark><\/strong>, och kan utf\u00f6ra multifunktionell bearbetning, inklusive sk\u00e4rning och sekund\u00e4r sk\u00e4rning till strimlor.<\/p>    <p>Maskinen \u00e4r helt tillverkad av 304 rostfritt st\u00e5l och har en modul\u00e4r design med utbytbara knivavst\u00e5nd, vilket m\u00f6ter behoven f\u00f6r storskalig k\u00f6ttbearbetning och f\u00f6rb\u00e4ttrar effektivitet och produktstandardisering.<\/p>    <h2 class=\"wp-block-heading\">Funktioner hos den stora f\u00e4rskk\u00f6ttssk\u00e4rare<\/h2>    <ul class=\"wp-block-list\"> <li><strong>H\u00f6g produktionskapacitet<\/strong>: Processar upp till 1000\u202fkg k\u00f6tt per timme, \u00f6kar effektiviteten med 8\u201310 g\u00e5nger j\u00e4mf\u00f6rt med manuell sk\u00e4rning.<\/li>    <li><strong>Multifunktionell<\/strong>: L\u00e4mplig f\u00f6r sk\u00e4rning av fl\u00e4sk, n\u00f6tk\u00f6tt, lamm och annat f\u00e4rskt k\u00f6tt.<\/li>    <li><strong>Flera sk\u00e4rstilar<\/strong>: St\u00f6der prim\u00e4r sk\u00e4rning och sekund\u00e4r sk\u00e4rning till strimlor i en kontinuerlig process. Ingen extra utrustning beh\u00f6vs.<\/li>    <li><strong>Just\u00e9rbar skivtjocklek<\/strong>: Knivavst\u00e5nd \u00e4r utbytbar. Skivtjocklek kan flexibelt justeras fr\u00e5n 2 till 30\u202fmm.<\/li>    <li><strong>L\u00e4tt att anv\u00e4nda<\/strong>: Anv\u00e4ndarv\u00e4nligt kontrollsystem f\u00f6r stabil och kontinuerlig drift.<\/li> <\/ul>   <div class=\"wp-block-image\"> <figure class=\"aligncenter size-full\"><img loading=\"lazy\" decoding=\"async\" width=\"720\" height=\"540\" src=\"https:\/\/www.meatprocessingmachine.org\/wp-content\/uploads\/2026\/02\/Large-Fresh-Meat-Slicer-for-Beef-Pork-Lamb-and-Chicken.webp\" alt=\"Stor f\u00e4rskk\u00f6ttssk\u00e4rare f\u00f6r n\u00f6tk\u00f6tt, fl\u00e4sk, lamm och kyckling\" class=\"wp-image-34831\" title=\"\" srcset=\"https:\/\/www.meatprocessingmachine.org\/wp-content\/uploads\/2026\/02\/Large-Fresh-Meat-Slicer-for-Beef-Pork-Lamb-and-Chicken.webp 720w, https:\/\/www.meatprocessingmachine.org\/wp-content\/uploads\/2026\/02\/Large-Fresh-Meat-Slicer-for-Beef-Pork-Lamb-and-Chicken-300x225.webp 300w, https:\/\/www.meatprocessingmachine.org\/wp-content\/uploads\/2026\/02\/Large-Fresh-Meat-Slicer-for-Beef-Pork-Lamb-and-Chicken-16x12.webp 16w\" sizes=\"auto, (max-width: 720px) 100vw, 720px\" \/><figcaption class=\"wp-element-caption\">Stor f\u00e4rskk\u00f6ttssk\u00e4rare f\u00f6r n\u00f6tk\u00f6tt, fl\u00e4sk, lamm och kyckling<\/figcaption><\/figure> <\/div>   <h2 class=\"wp-block-heading\">L\u00e4mpliga r\u00e5varor<\/h2>    <p>L\u00e4mplig f\u00f6r sk\u00e4rning av olika typer av f\u00e4rskt k\u00f6tt, inklusive:<\/p>    <ul class=\"wp-block-list\"> <li>N\u00f6tk\u00f6tt och lamm<\/li>    <li>Fl\u00e4skk\u00f6tt<\/li>    <li>Kyckling och annat fj\u00e4derf\u00e4<\/li>    <li>Frysta eller kylda k\u00f6ttblock<\/li>    <li>Andra kommersiella eller industriella processade k\u00f6ttprodukter<\/li> <\/ul>    <figure class=\"wp-block-gallery has-nested-images columns-default is-cropped wp-block-gallery-2 is-layout-flex wp-block-gallery-is-layout-flex\"> <figure class=\"wp-block-image size-large\"><img loading=\"lazy\" decoding=\"async\" width=\"720\" height=\"540\" data-id=\"34723\" src=\"https:\/\/www.meatprocessingmachine.org\/wp-content\/uploads\/2026\/02\/Beef.webp\" alt=\"N\u00f6tk\u00f6tt\" class=\"wp-image-34723\" title=\"\" srcset=\"https:\/\/www.meatprocessingmachine.org\/wp-content\/uploads\/2026\/02\/Beef.webp 720w, https:\/\/www.meatprocessingmachine.org\/wp-content\/uploads\/2026\/02\/Beef-300x225.webp 300w, https:\/\/www.meatprocessingmachine.org\/wp-content\/uploads\/2026\/02\/Beef-16x12.webp 16w\" sizes=\"auto, (max-width: 720px) 100vw, 720px\" \/><figcaption class=\"wp-element-caption\">N\u00f6tk\u00f6tt<\/figcaption><\/figure>    <figure class=\"wp-block-image size-large\"><img loading=\"lazy\" decoding=\"async\" width=\"720\" height=\"540\" data-id=\"34724\" src=\"https:\/\/www.meatprocessingmachine.org\/wp-content\/uploads\/2026\/02\/Lamb.webp\" alt=\"Varje sats kan lasta \u00f6ver 2000\u202fkg, l\u00e4mplig f\u00f6r storskalig produktion.\" class=\"wp-image-34724\" title=\"\" srcset=\"https:\/\/www.meatprocessingmachine.org\/wp-content\/uploads\/2026\/02\/Lamb.webp 720w, https:\/\/www.meatprocessingmachine.org\/wp-content\/uploads\/2026\/02\/Lamb-300x225.webp 300w, https:\/\/www.meatprocessingmachine.org\/wp-content\/uploads\/2026\/02\/Lamb-16x12.webp 16w\" sizes=\"auto, (max-width: 720px) 100vw, 720px\" \/><figcaption class=\"wp-element-caption\">Varje sats kan lasta \u00f6ver 2000\u202fkg, l\u00e4mplig f\u00f6r storskalig produktion.<\/figcaption><\/figure>    <figure class=\"wp-block-image size-large\"><img loading=\"lazy\" decoding=\"async\" width=\"720\" height=\"540\" data-id=\"34772\" src=\"https:\/\/www.meatprocessingmachine.org\/wp-content\/uploads\/2026\/02\/Frozen-Meat.webp\" alt=\"F\u00e4rskt k\u00f6tt\" class=\"wp-image-34772\" title=\"\" srcset=\"https:\/\/www.meatprocessingmachine.org\/wp-content\/uploads\/2026\/02\/Frozen-Meat.webp 720w, https:\/\/www.meatprocessingmachine.org\/wp-content\/uploads\/2026\/02\/Frozen-Meat-300x225.webp 300w, https:\/\/www.meatprocessingmachine.org\/wp-content\/uploads\/2026\/02\/Frozen-Meat-16x12.webp 16w\" sizes=\"auto, (max-width: 720px) 100vw, 720px\" \/><figcaption class=\"wp-element-caption\">F\u00e4rskt k\u00f6tt<\/figcaption><\/figure> <\/figure>    <h2 class=\"wp-block-heading\">F\u00f6rdelar med den stora industriella f\u00e4rskk\u00f6ttssk\u00e4rare<\/h2>    <div class=\"wp-block-columns is-layout-flex wp-container-core-columns-is-layout-9d6595d7 wp-block-columns-is-layout-flex\"> <div class=\"wp-block-column is-layout-flow wp-block-column-is-layout-flow\"> <p class=\"has-text-align-center translation-block\"><strong><mark class=\"has-inline-color has-luminous-vivid-amber-color\">S\u00e4kra och h\u00e5llbara material<\/mark><\/strong><\/p>    <p>Tillverkas helt av livsmedelsklassad 304 rostfritt st\u00e5l. Uppfyller livsmedelshygienstandarder, korrosionsbest\u00e4ndigt, l\u00e4tt att reng\u00f6ra, minskar k\u00f6ttrester och bakterietillv\u00e4xt, och f\u00f6rl\u00e4nger livsl\u00e4ngden. Idealisk f\u00f6r h\u00f6gfrekvent industriell produktion.<\/p> <\/div>    <div class=\"wp-block-column is-layout-flow wp-block-column-is-layout-flow\"> <p class=\"has-text-align-center translation-block\"><strong><mark class=\"has-inline-color has-luminous-vivid-amber-color\">H\u00f6g effektivitet och energibesparing<\/mark><\/strong><\/p>    <p>Tv\u00e5 modeller med kapacitet p\u00e5 500\u202fkg\/h och 800\u20131000\u202fkg\/h, f\u00f6rbrukar endast 750\u202fW respektive 1500\u202fW. St\u00f6der 24-timmars kontinuerlig drift, ger h\u00f6g utg\u00e5ng och sparar energi.<\/p> <\/div> <\/div>    <div class=\"wp-block-columns is-layout-flex wp-container-core-columns-is-layout-9d6595d7 wp-block-columns-is-layout-flex\"> <div class=\"wp-block-column is-layout-flow wp-block-column-is-layout-flow\"> <p class=\"has-text-align-center translation-block\"><strong><mark class=\"has-inline-color has-luminous-vivid-amber-color\">Flexibel drift<\/mark><\/strong><\/p>    <p>Knivavst\u00e5ndet \u00e4r justerbart. Skivtjockleken kan kontrolleras exakt. Enkel att installera och anv\u00e4nda utan specialpersonal. L\u00e4mplig f\u00f6r k\u00f6ttbearbetningsfabriker och stork\u00f6k.<\/p> <\/div>    <div class=\"wp-block-column is-layout-flow wp-block-column-is-layout-flow\"> <p class=\"has-text-align-center translation-block\"><strong><mark class=\"has-inline-color has-luminous-vivid-amber-color\">Kompakt struktur och enkel underh\u00e5llning<\/mark><\/strong><\/p>    <p>Platsbesparande design. Modulkopplade komponenter m\u00f6jligg\u00f6r enkel demontering och reng\u00f6ring, vilket minskar underh\u00e5llskostnader och driftstopp.<\/p> <\/div> <\/div>    <div class=\"wp-block-columns is-layout-flex wp-container-core-columns-is-layout-9d6595d7 wp-block-columns-is-layout-flex\"> <div class=\"wp-block-column is-layout-flow wp-block-column-is-layout-flow\"> <p class=\"has-text-align-center translation-block\"><strong><mark class=\"has-inline-color has-luminous-vivid-amber-color\">Stabil och s\u00e4ker drift<\/mark><\/strong><\/p>    <p>Mogen mekanisk transmission s\u00e4kerst\u00e4ller smidig, l\u00e5gbrusig drift. Flera s\u00e4kerhetsskydd garanterar operat\u00f6rens s\u00e4kerhet.<\/p> <\/div>    <div class=\"wp-block-column is-layout-flow wp-block-column-is-layout-flow\"> <p class=\"has-text-align-center translation-block\"><strong><mark class=\"has-inline-color has-luminous-vivid-amber-color\">H\u00f6g effektivitet och energibesparing<\/mark><\/strong><\/p>    <p>Den stora f\u00e4rskk\u00f6ttssk\u00e4rare ger h\u00f6g utg\u00e5ng med l\u00e5g energif\u00f6rbrukning, st\u00f6der kontinuerlig 24-timmars drift, vilket maximerar produktiviteten samtidigt som energikostnaderna minskar.<\/p> <\/div> <\/div>   <div class=\"wp-block-image\"> <figure class=\"aligncenter size-full\"><img loading=\"lazy\" decoding=\"async\" width=\"720\" height=\"540\" src=\"https:\/\/www.meatprocessingmachine.org\/wp-content\/uploads\/2026\/02\/Industrial-Fresh-Meat-Slicer.webp\" alt=\"Industriell f\u00e4rskk\u00f6ttssk\u00e4rare\" class=\"wp-image-34830\" title=\"\" srcset=\"https:\/\/www.meatprocessingmachine.org\/wp-content\/uploads\/2026\/02\/Industrial-Fresh-Meat-Slicer.webp 720w, https:\/\/www.meatprocessingmachine.org\/wp-content\/uploads\/2026\/02\/Industrial-Fresh-Meat-Slicer-300x225.webp 300w, https:\/\/www.meatprocessingmachine.org\/wp-content\/uploads\/2026\/02\/Industrial-Fresh-Meat-Slicer-16x12.webp 16w\" sizes=\"auto, (max-width: 720px) 100vw, 720px\" \/><figcaption class=\"wp-element-caption\">Industriell f\u00e4rskk\u00f6ttssk\u00e4rare<\/figcaption><\/figure> <\/div>   <h2 class=\"wp-block-heading\">Technical Specifications &#8211; Large Fresh Meat Slicer<\/h2>    <figure class=\"wp-block-table\"><table class=\"has-fixed-layout\"><thead><tr><th>Modell<\/th><th>CY-QP180<\/th><th>CY-QP200<\/th><\/tr><\/thead><tbody><tr><td>Dimensioner (L\u00d7W\u00d7H mm)<\/td><td>430 \u00d7 533 \u00d7 860<\/td><td>490 \u00d7 600 \u00d7 1025<\/td><\/tr><tr><td>F\u00f6rpackningsstorlek (mm)<\/td><td>587 \u00d7 490 \u00d7 1028<\/td><td>565 \u00d7 685 \u00d7 1210<\/td><\/tr><tr><td>Sp\u00e4nning \/ Frekvens<\/td><td>220\/380\u202fV 50\u202fHz<\/td><td>220\/380\u202fV 50\u202fHz<\/td><\/tr><tr><td>Kapacitet<\/td><td>500\u202fkg\/h<\/td><td>800\u20131000\u202fkg\/h<\/td><\/tr><tr><td>2000\u202fkg<\/td><td>750\u202fW<\/td><td>1500\u202fW<\/td><\/tr><tr><td>Nettovikt<\/td><td>70\u202fkg<\/td><td>90\u202fkg<\/td><\/tr><tr><td>Bruttovikt<\/td><td>91.5\u202fkg<\/td><td>115\u202fkg<\/td><\/tr><tr><td>Skivtjocklek<\/td><td>2\u201330\u202fmm<\/td><td>2\u201330\u202fmm<\/td><\/tr><\/tbody><\/table><\/figure>    <ul class=\"wp-block-list\"> <li><strong>CY-QP180<\/strong>: Kapacitet 500\u202fkg\/h, effekt 750\u202fW, kompakt storlek, l\u00e4mplig f\u00f6r sm\u00e5 till medelstora bearbetningsanl\u00e4ggningar.<\/li>    <li><strong>CY-QP200<\/strong>: Kapacitet 800\u20131000\u202fkg\/h, effekt 1500\u202fW, st\u00f6rre kropp, l\u00e4mplig f\u00f6r h\u00f6gvolymbehov.<\/li>    <li><strong>Vanliga funktioner<\/strong>: Justerbar skivtjocklek 2\u201330\u202fmm, samma material och funktioner; de huvudsakliga skillnaderna \u00e4r kapacitet, effekt och storlek.<\/li> <\/ul>    <figure class=\"wp-block-gallery has-nested-images columns-default is-cropped wp-block-gallery-3 is-layout-flex wp-block-gallery-is-layout-flex\"> <figure class=\"wp-block-image size-large\"><img loading=\"lazy\" decoding=\"async\" width=\"720\" height=\"540\" data-id=\"34829\" src=\"https:\/\/www.meatprocessingmachine.org\/wp-content\/uploads\/2026\/02\/Commercial-Meat-Sliceing-Machine.webp\" alt=\"Kommersiell k\u00f6ttsk\u00e4rmaskin\" class=\"wp-image-34829\" title=\"\" srcset=\"https:\/\/www.meatprocessingmachine.org\/wp-content\/uploads\/2026\/02\/Commercial-Meat-Sliceing-Machine.webp 720w, https:\/\/www.meatprocessingmachine.org\/wp-content\/uploads\/2026\/02\/Commercial-Meat-Sliceing-Machine-300x225.webp 300w, https:\/\/www.meatprocessingmachine.org\/wp-content\/uploads\/2026\/02\/Commercial-Meat-Sliceing-Machine-16x12.webp 16w\" sizes=\"auto, (max-width: 720px) 100vw, 720px\" \/><figcaption class=\"wp-element-caption\">Kommersiell k\u00f6ttsk\u00e4rmaskin<\/figcaption><\/figure>    <figure class=\"wp-block-image size-large\"><img loading=\"lazy\" decoding=\"async\" width=\"720\" height=\"540\" data-id=\"34828\" src=\"https:\/\/www.meatprocessingmachine.org\/wp-content\/uploads\/2026\/02\/Automatic-Large-Meat-Slicer-for-Fresh-or-Frozen-Meat.webp\" alt=\"Kycklingsk\u00e4rmaskin till salu | k\u00f6ttsk\u00e4rare\" class=\"wp-image-34828\" title=\"\" srcset=\"https:\/\/www.meatprocessingmachine.org\/wp-content\/uploads\/2026\/02\/Automatic-Large-Meat-Slicer-for-Fresh-or-Frozen-Meat.webp 720w, https:\/\/www.meatprocessingmachine.org\/wp-content\/uploads\/2026\/02\/Automatic-Large-Meat-Slicer-for-Fresh-or-Frozen-Meat-300x225.webp 300w, https:\/\/www.meatprocessingmachine.org\/wp-content\/uploads\/2026\/02\/Automatic-Large-Meat-Slicer-for-Fresh-or-Frozen-Meat-16x12.webp 16w\" sizes=\"auto, (max-width: 720px) 100vw, 720px\" \/><figcaption class=\"wp-element-caption\">Automatisk stor k\u00f6ttsk\u00e4rare f\u00f6r f\u00e4rskt eller fryst k\u00f6tt<\/figcaption><\/figure> <\/figure>    <h2 class=\"wp-block-heading\">Varf\u00f6r v\u00e4lja Taizy?<\/h2>    <p>Taizy \u00e4r engagerat i att tillhandah\u00e5lla h\u00f6gkvalitativ och p\u00e5litlig utrustning f\u00f6r livsmedelsbearbetning. F\u00f6rdelarna med den stora f\u00e4rskk\u00f6ttssk\u00e4rare inkluderar:<\/p>    <p class=\"translation-block\"><strong>Internationella certifieringar<\/strong><\/p>    <ul class=\"wp-block-list\"> <li>Certifierad med <strong>ISO9001, CE, SGS och TUV<\/strong>, m\u00f6ter globala standarder f\u00f6r livsmedelsutrustning.<\/li> <\/ul>    <p class=\"translation-block\"><strong>Ett\u00e5rs garanti<\/strong><\/p>    <ul class=\"wp-block-list\"> <li>S\u00e4kerst\u00e4ller p\u00e5litlig prestanda och l\u00e5ngsiktig stabilitet f\u00f6r utrustningen.<\/li> <\/ul>    <p class=\"translation-block\"><strong>Omfattande eftermarknadsservice<\/strong><\/p>    <ul class=\"wp-block-list\"> <li>: Inkluderar detaljerade installationsmanualer, fj\u00e4rrinstallationshj\u00e4lp och support p\u00e5 plats vid behov.<\/li> <\/ul>    <p class=\"translation-block\"><strong>H\u00e5llbar och s\u00e4ker<\/strong><\/p>    <ul class=\"wp-block-list\"> <li>: Utformad f\u00f6r att m\u00f6ta alla livsmedelss\u00e4kerhets- och hygienstandarder, s\u00e4kerst\u00e4ller effektiv och s\u00e4ker industriell k\u00f6ttbearbetning.<\/li> <\/ul>   <div class=\"wp-block-image\"> <figure class=\"aligncenter size-full\"><img loading=\"lazy\" decoding=\"async\" width=\"720\" height=\"540\" src=\"https:\/\/www.meatprocessingmachine.org\/wp-content\/uploads\/2026\/02\/Meat-Slicing-Machine-2.webp\" alt=\"K\u00f6ttsk\u00e4rmaskin\" class=\"wp-image-34834\" title=\"\" srcset=\"https:\/\/www.meatprocessingmachine.org\/wp-content\/uploads\/2026\/02\/Meat-Slicing-Machine-2.webp 720w, https:\/\/www.meatprocessingmachine.org\/wp-content\/uploads\/2026\/02\/Meat-Slicing-Machine-2-300x225.webp 300w, https:\/\/www.meatprocessingmachine.org\/wp-content\/uploads\/2026\/02\/Meat-Slicing-Machine-2-16x12.webp 16w\" sizes=\"auto, (max-width: 720px) 100vw, 720px\" \/><figcaption class=\"wp-element-caption\">K\u00f6ttsk\u00e4rmaskin<\/figcaption><\/figure> <\/div>   <h2 class=\"wp-block-heading\">Relaterade produktrekommendationer<\/h2>    <p class=\"translation-block\">Om du beh\u00f6ver en mindre kapacitet<strong><a href=\"https:\/\/www.meatprocessingmachine.org\/sv\/meat-slicing-machine.html\/\"> f\u00e4rskk\u00f6ttssk\u00e4rare<\/a><\/strong>, tveka inte att kontakta oss f\u00f6r fler alternativ. Vi erbjuder olika modeller f\u00f6r att m\u00f6ta olika produktionsbehov.<\/p>   <div class=\"wp-block-image\"> <figure class=\"aligncenter size-full\"><img loading=\"lazy\" decoding=\"async\" width=\"720\" height=\"540\" src=\"https:\/\/www.meatprocessingmachine.org\/wp-content\/uploads\/2026\/02\/Meat-Slicing-Machine.webp\" alt=\"K\u00f6ttsk\u00e4rmaskin\" class=\"wp-image-34650\" title=\"\" srcset=\"https:\/\/www.meatprocessingmachine.org\/wp-content\/uploads\/2026\/02\/Meat-Slicing-Machine.webp 720w, https:\/\/www.meatprocessingmachine.org\/wp-content\/uploads\/2026\/02\/Meat-Slicing-Machine-300x225.webp 300w, https:\/\/www.meatprocessingmachine.org\/wp-content\/uploads\/2026\/02\/Meat-Slicing-Machine-16x12.webp 16w\" sizes=\"auto, (max-width: 720px) 100vw, 720px\" \/><figcaption class=\"wp-element-caption\">K\u00f6ttsk\u00e4rmaskin<\/figcaption><\/figure> <\/div>   <p>Alla v\u00e5ra maskiner st\u00f6djer anpassning, inklusive sp\u00e4nning, kontakt typ, materialkrav och andra specifikationer. V\u00e4lkommen att kontakta oss f\u00f6r professionella rekommendationer och skr\u00e4ddarsydda l\u00f6sningar.<\/p>    <p><\/p>","protected":false},"excerpt":{"rendered":"<p>The large fresh meat slicer is an industrial-grade food processing machine designed for efficiently slicing fresh meat into uniform thickness.<\/p>","protected":false},"author":1,"featured_media":34835,"parent":0,"template":"","product-type":[582,583,589],"class_list":["post-34827","product","type-product","status-publish","has-post-thumbnail","hentry","product-type-cattle-sheep","product-type-chicken-turkey","product-type-meat-cutting-machine"],"_links":{"self":[{"href":"https:\/\/www.meatprocessingmachine.org\/sv\/wp-json\/wp\/v2\/product\/34827","targetHints":{"allow":["GET"]}}],"collection":[{"href":"https:\/\/www.meatprocessingmachine.org\/sv\/wp-json\/wp\/v2\/product"}],"about":[{"href":"https:\/\/www.meatprocessingmachine.org\/sv\/wp-json\/wp\/v2\/types\/product"}],"author":[{"embeddable":true,"href":"https:\/\/www.meatprocessingmachine.org\/sv\/wp-json\/wp\/v2\/users\/1"}],"wp:featuredmedia":[{"embeddable":true,"href":"https:\/\/www.meatprocessingmachine.org\/sv\/wp-json\/wp\/v2\/media\/34835"}],"wp:attachment":[{"href":"https:\/\/www.meatprocessingmachine.org\/sv\/wp-json\/wp\/v2\/media?parent=34827"}],"wp:term":[{"taxonomy":"product-type","embeddable":true,"href":"https:\/\/www.meatprocessingmachine.org\/sv\/wp-json\/wp\/v2\/product-type?post=34827"}],"curies":[{"name":"wp","href":"https:\/\/api.w.org\/{rel}","templated":true}]}}