{"id":839,"date":"2020-10-29T15:43:39","date_gmt":"2020-10-29T07:43:39","guid":{"rendered":"http:\/\/www.meatprocessingmachine.org\/?p=839"},"modified":"2026-02-12T16:12:05","modified_gmt":"2026-02-12T08:12:05","slug":"sausage-production-line-for-sausage-making","status":"publish","type":"product","link":"https:\/\/www.meatprocessingmachine.org\/sv\/sausage-production-line-for-sausage-making.html","title":{"rendered":"Korvproduktionslinje"},"content":{"rendered":"<div class=\"kk-star-ratings kksr-auto kksr-align-right kksr-valign-top\"     data-payload='{&quot;align&quot;:&quot;right&quot;,&quot;id&quot;:&quot;839&quot;,&quot;slug&quot;:&quot;default&quot;,&quot;valign&quot;:&quot;top&quot;,&quot;ignore&quot;:&quot;&quot;,&quot;reference&quot;:&quot;auto&quot;,&quot;class&quot;:&quot;&quot;,&quot;count&quot;:&quot;0&quot;,&quot;legendonly&quot;:&quot;&quot;,&quot;readonly&quot;:&quot;&quot;,&quot;score&quot;:&quot;0&quot;,&quot;starsonly&quot;:&quot;&quot;,&quot;best&quot;:&quot;5&quot;,&quot;gap&quot;:&quot;5&quot;,&quot;greet&quot;:&quot;Rate this product&quot;,&quot;legend&quot;:&quot;0\\\/5 - (0 votes)&quot;,&quot;size&quot;:&quot;24&quot;,&quot;title&quot;:&quot;Sausage Production Line&quot;,&quot;width&quot;:&quot;0&quot;,&quot;_legend&quot;:&quot;{score}\\\/{best} - ({count} {votes})&quot;,&quot;font_factor&quot;:&quot;1.25&quot;}'>              <div class=\"kksr-stars\">      <div class=\"kksr-stars-inactive\">             <div class=\"kksr-star\" data-star=\"1\" style=\"padding-right: 5px\">               <div class=\"kksr-icon\" style=\"width: 24px; height: 24px;\"><\/div>         <\/div>             <div class=\"kksr-star\" data-star=\"2\" style=\"padding-right: 5px\">               <div class=\"kksr-icon\" style=\"width: 24px; height: 24px;\"><\/div>         <\/div>             <div class=\"kksr-star\" data-star=\"3\" style=\"padding-right: 5px\">               <div class=\"kksr-icon\" style=\"width: 24px; height: 24px;\"><\/div>         <\/div>             <div class=\"kksr-star\" data-star=\"4\" style=\"padding-right: 5px\">               <div class=\"kksr-icon\" style=\"width: 24px; height: 24px;\"><\/div>         <\/div>             <div class=\"kksr-star\" data-star=\"5\" style=\"padding-right: 5px\">               <div class=\"kksr-icon\" style=\"width: 24px; height: 24px;\"><\/div>         <\/div>     <\/div>      <div class=\"kksr-stars-active\" style=\"width: 0px;\">             <div class=\"kksr-star\" style=\"padding-right: 5px\">               <div class=\"kksr-icon\" style=\"width: 24px; height: 24px;\"><\/div>         <\/div>             <div class=\"kksr-star\" style=\"padding-right: 5px\">               <div class=\"kksr-icon\" style=\"width: 24px; height: 24px;\"><\/div>         <\/div>             <div class=\"kksr-star\" style=\"padding-right: 5px\">               <div class=\"kksr-icon\" style=\"width: 24px; height: 24px;\"><\/div>         <\/div>             <div class=\"kksr-star\" style=\"padding-right: 5px\">               <div class=\"kksr-icon\" style=\"width: 24px; height: 24px;\"><\/div>         <\/div>             <div class=\"kksr-star\" style=\"padding-right: 5px\">               <div class=\"kksr-icon\" style=\"width: 24px; height: 24px;\"><\/div>         <\/div>     <\/div> <\/div>                   <div class=\"kksr-legend\" style=\"font-size: 19.2px;\">             <span class=\"kksr-muted\">Betygs\u00e4tt denna produkt<\/span>     <\/div>     <\/div>  <p>Korvproduktionslinjen inneh\u00e5ller en serie korvtillverkningsmaskiner f\u00f6r korvtillverkning. Den inkluderar en k\u00f6ttkvarn, k\u00f6ttsk\u00e4rare, vakuummixer, korvfyllningsmaskin, k\u00f6tt-r\u00f6kare, vakuumf\u00f6rpackare och andra maskiner. Dessa korvbehandlingsmaskiner har en stabil struktur och enkel drift, det \u00e4r den b\u00e4sta maskinen f\u00f6r korvtillverkning.<\/p>    <h2 class=\"wp-block-heading\" id=\"h-brief-introduction-of-sausage\">Kort introduktion av korv<\/h2>    <p>Korv \u00e4r en mycket gammal matproduktions- och k\u00f6ttbevarningsteknik. Den bildades genom att l\u00e4gga k\u00f6tt i grisskinn eller f\u00e5rskinn och sedan r\u00f6ka. Den r\u00f6kta korven har en ljusr\u00f6d f\u00e4rg och en rik smak. Det \u00e4r en mycket popul\u00e4r mat.<\/p>    <h2 class=\"wp-block-heading\" id=\"h-types-of-sausages\">Typer av korvar<\/h2>    <p>Det finns tv\u00e5 vanliga korvar p\u00e5 marknaden, en \u00e4r k\u00f6ttmoskorv och den andra \u00e4r k\u00f6ttpartikelskorv.<\/p>    <p>Den huvudsakliga skillnaden mellan de tv\u00e5 typerna av korvar ligger i r\u00e5varorna som anv\u00e4nds f\u00f6r att tillverka dem. De f\u00e4rdiga korvarna \u00e4r ocks\u00e5 olika.<\/p>    <div class=\"wp-block-columns is-layout-flex wp-container-core-columns-is-layout-9d6595d7 wp-block-columns-is-layout-flex\"> <div class=\"wp-block-column is-layout-flow wp-block-column-is-layout-flow\"> <figure class=\"wp-block-image size-large\"><img loading=\"lazy\" decoding=\"async\" width=\"550\" height=\"350\" src=\"http:\/\/www.meatprocessingmachine.org\/wp-content\/uploads\/2020\/10\/mashed-meat-sausage.jpg\" alt=\"mashed meat sausage\" class=\"wp-image-851\" title=\"\" srcset=\"https:\/\/www.meatprocessingmachine.org\/wp-content\/uploads\/2020\/10\/mashed-meat-sausage.jpg 550w, https:\/\/www.meatprocessingmachine.org\/wp-content\/uploads\/2020\/10\/mashed-meat-sausage-300x191.jpg 300w\" sizes=\"auto, (max-width: 550px) 100vw, 550px\" \/><figcaption class=\"wp-element-caption\">Mosad k\u00f6ttkorv<\/figcaption><\/figure> <\/div>    <div class=\"wp-block-column is-layout-flow wp-block-column-is-layout-flow\"> <figure class=\"wp-block-image size-large\"><img loading=\"lazy\" decoding=\"async\" width=\"550\" height=\"350\" src=\"http:\/\/www.meatprocessingmachine.org\/wp-content\/uploads\/2020\/10\/pellets-meat-sausage.png\" alt=\"pellets meat sausage\" class=\"wp-image-852\" title=\"\" srcset=\"https:\/\/www.meatprocessingmachine.org\/wp-content\/uploads\/2020\/10\/pellets-meat-sausage.png 550w, https:\/\/www.meatprocessingmachine.org\/wp-content\/uploads\/2020\/10\/pellets-meat-sausage-300x191.png 300w\" sizes=\"auto, (max-width: 550px) 100vw, 550px\" \/><figcaption class=\"wp-element-caption\">Pelletskorv<\/figcaption><\/figure> <\/div> <\/div>    <p>Korvar gjorda med k\u00f6ttpellets \u00e4r h\u00e5rdare \u00e4n korvar gjorda med mosat k\u00f6tt. Beroende p\u00e5 de olika r\u00e5varorna f\u00f6r de tv\u00e5 typerna av korvar, \u00e4r de maskiner som kr\u00e4vs f\u00f6r att tillverka dem n\u00e5got olika.<\/p>    <h2 class=\"wp-block-heading\" id=\"h-sausage-processing-steps\">Korvbehandlingssteg<\/h2>    <div class=\"wp-block-group\"><div class=\"wp-block-group__inner-container is-layout-flow wp-block-group-is-layout-flow\"><\/div><\/div>    <div class=\"wp-block-group\"><div class=\"wp-block-group__inner-container is-layout-flow wp-block-group-is-layout-flow\"> <div class=\"wp-block-columns is-layout-flex wp-container-core-columns-is-layout-9d6595d7 wp-block-columns-is-layout-flex\"> <div class=\"wp-block-column is-layout-flow wp-block-column-is-layout-flow\"> <figure class=\"wp-block-image size-large\"><img loading=\"lazy\" decoding=\"async\" width=\"720\" height=\"540\" src=\"http:\/\/www.meatprocessingmachine.org\/wp-content\/uploads\/2020\/10\/mashed-sausage-making-machines.jpg\" alt=\"mashed sausage making machines\" class=\"wp-image-843\" title=\"\" srcset=\"https:\/\/www.meatprocessingmachine.org\/wp-content\/uploads\/2020\/10\/mashed-sausage-making-machines.jpg 720w, https:\/\/www.meatprocessingmachine.org\/wp-content\/uploads\/2020\/10\/mashed-sausage-making-machines-300x225.jpg 300w\" sizes=\"auto, (max-width: 720px) 100vw, 720px\" \/><figcaption class=\"wp-element-caption\">Mosad korvtillverkningsmaskiner<\/figcaption><\/figure>    <p style=\"font-size:18px\">Masade korvbehandlingssteg: k\u00f6ttkrossning, k\u00f6ttsk\u00e4rning, k\u00f6ttblandning, fyllning, r\u00f6kning och f\u00f6rpackning.<\/p> <\/div>    <div class=\"wp-block-column is-layout-flow wp-block-column-is-layout-flow\"> <figure class=\"wp-block-image size-large\"><img loading=\"lazy\" decoding=\"async\" width=\"720\" height=\"540\" src=\"http:\/\/www.meatprocessingmachine.org\/wp-content\/uploads\/2020\/10\/meat-pellets-sausage-making-machines.jpg\" alt=\"meat pellets sausage making machines\" class=\"wp-image-844\" title=\"\" srcset=\"https:\/\/www.meatprocessingmachine.org\/wp-content\/uploads\/2020\/10\/meat-pellets-sausage-making-machines.jpg 720w, https:\/\/www.meatprocessingmachine.org\/wp-content\/uploads\/2020\/10\/meat-pellets-sausage-making-machines-300x225.jpg 300w\" sizes=\"auto, (max-width: 720px) 100vw, 720px\" \/><figcaption class=\"wp-element-caption\">K\u00f6ttpelletkorvsmaskiner<\/figcaption><\/figure>    <p style=\"font-size:18px\">K\u00f6ttpelletkorvbehandlingssteg: k\u00f6ttkrossning, k\u00f6ttblandning, fyllning, r\u00f6kning och f\u00f6rpackning.<\/p> <\/div> <\/div> <\/div><\/div>    <p>Tillverkningsprocessen f\u00f6r mosade korvar \u00e4r ungef\u00e4r densamma som f\u00f6r pelletkorvar, och mosade korvar har ett steg mer av k\u00f6ttsk\u00e4rning och emulgering \u00e4n k\u00f6ttpelletkorvar. H\u00e4r \u00e4r ett exempel p\u00e5 en mosad korvproduktionslinje f\u00f6r att introducera korvproduktionsprocessen.<\/p>    <ul class=\"wp-block-list\"> <li><strong>Val av r\u00e5varor<\/strong> &nbsp;  Korvens r\u00e5varor b\u00f6r v\u00e4ljas fr\u00e5n kvalificerad fl\u00e4sk- eller n\u00f6tk\u00f6tt.<\/li>    <li><strong>K\u00f6ttkrossning&nbsp;&nbsp;<\/strong>      L\u00e4gg in den frusna k\u00f6ttmassan i k\u00f6ttkvarnen, som vanligtvis anv\u00e4nder en 6-8mm \u00f6ppningsplatta f\u00f6r att g\u00f6ra tunna remsor.<\/li>    <li><strong>n\u00f6tk\u00f6ttsk\u00e4rningsmaskin<\/strong> &nbsp;        K\u00f6ttsk\u00e4rningsmaskinens blad sk\u00e4r k\u00f6ttet till en pur\u00e9 vid h\u00f6g hastighet.<\/li>    <li><strong>Vakuumk\u00f6ttblandning&nbsp;<\/strong>&nbsp;   L\u00e4gg den hackade k\u00f6ttmassan och kryddorna i vakuummixer och r\u00f6r om. I en vakuumomgivning tr\u00e4nger kryddorna in i k\u00f6ttet s\u00e5 mycket som m\u00f6jligt f\u00f6r att s\u00e4kerst\u00e4lla k\u00f6ttets kvalitet.<\/li>    <li><strong>Korvfyllning<\/strong> &nbsp;      &nbsp;Sk\u00f6lj den inre v\u00e4ggen av den torra skinnet med varmt vatten vid 30-35\u2103. Efter att ha dr\u00e4nerat vattnet, anv\u00e4nd en vakuumkorvstoppare f\u00f6r att h\u00e4lla k\u00f6ttet i skinnet. N\u00e4r du fyller k\u00f6ttet, se till att enema \u00e4r full, det finns ingen luft i tarmen, och de tv\u00e5 \u00e4ndarna ska knytas t\u00e4tt.<\/li>    <li><strong><a href=\"http:\/\/www.meatprocessingmachine.org\/sv\/sausage-binding-tying-machine.html\/\">Korstvinnning<\/a><\/strong>          &nbsp;I korvproduktionslinjen anv\u00e4nds en bindningsmaskin f\u00f6r att binda korvarna i sektioner. Knut sn\u00f6ret enligt en specifik l\u00e4ngd f\u00f6r att s\u00e4kerst\u00e4lla en j\u00e4mn balans av korven.<\/li>    <li><strong>Korv r\u00f6kning<\/strong>&nbsp;   &nbsp;R\u00f6karen har funktioner f\u00f6r bakning, \u00e5ngning och r\u00f6kning. Den kan utf\u00f6ra alla steg av korvr\u00f6kning. Den r\u00f6kta korven har en gl\u00e4nsande kropp.<\/li>    <li><strong>Vakuumf\u00f6rpackning <\/strong>  &nbsp;Generellt sett v\u00e4ljs en vakuumf\u00f6rpackningsmaskin f\u00f6r att packa korvar. D\u00e4rf\u00f6r \u00e4r det bekv\u00e4mt att transportera och lagra.<\/li> <\/ul>    <h2 class=\"wp-block-heading\" id=\"h-sausage-making-machines-parameters\">Korvmakarmaskin<\/h2>    <figure class=\"wp-block-table\"><table><tbody><tr><td><strong>Nummer<\/strong><strong><\/strong><\/td><td><strong>Namn<\/strong><strong><\/strong><\/td><td><strong>Bild<\/strong><strong><\/strong><\/td><td><strong>Parameter<\/strong><strong><\/strong><\/td><\/tr><tr><td>1<\/td><td>K\u00f6ttkvarn<\/td><td>&nbsp;         <img loading=\"lazy\" decoding=\"async\" width=\"150\" height=\"95\" class=\"wp-image-845\" style=\"width: 150px;\" src=\"http:\/\/www.meatprocessingmachine.org\/wp-content\/uploads\/2020\/10\/meat-grinding-machine.jpg\" alt=\"meat grinding machine\" title=\"\" srcset=\"https:\/\/www.meatprocessingmachine.org\/wp-content\/uploads\/2020\/10\/meat-grinding-machine.jpg 550w, https:\/\/www.meatprocessingmachine.org\/wp-content\/uploads\/2020\/10\/meat-grinding-machine-300x191.jpg 300w\" sizes=\"auto, (max-width: 150px) 100vw, 150px\" \/>           <\/td><td>Kapacitet: 500kg\/h<br>Effekt: 3,0kw<br>Sp\u00e4nning: 380V\/50Hz<br>Storlek: 980*580*940mm<br>Vikt: 180kg&nbsp;<\/td><\/tr><tr><td>2<\/td><td>K\u00f6ttsk\u00e4rmaskin<\/td><td>&nbsp;<img loading=\"lazy\" decoding=\"async\" width=\"150\" height=\"95\" class=\"wp-image-846\" style=\"width: 150px;\" src=\"http:\/\/www.meatprocessingmachine.org\/wp-content\/uploads\/2020\/10\/meat-cutting-machine.jpg\" alt=\"Stor f\u00e4rsk k\u00f6ttsk\u00e4rare\" title=\"\" srcset=\"https:\/\/www.meatprocessingmachine.org\/wp-content\/uploads\/2020\/10\/meat-cutting-machine.jpg 550w, https:\/\/www.meatprocessingmachine.org\/wp-content\/uploads\/2020\/10\/meat-cutting-machine-300x191.jpg 300w\" sizes=\"auto, (max-width: 150px) 100vw, 150px\" \/><\/td><td>Kapacitet: 40kg\/timme<br>Effekt: 13,17kw<br>Sp\u00e4nning: 380V\/50Hz<br>Storlek: 1250*1415*1610mm<br>Vikt: 480kg&nbsp;<\/td><\/tr><tr><td>3<\/td><td><a href=\"http:\/\/www.meatprocessingmachine.org\/sv\/vacuum-stuffing-machine.html\/\">K\u00f6ttblandare<\/a><\/td><td>&nbsp;<img loading=\"lazy\" decoding=\"async\" width=\"150\" height=\"95\" class=\"wp-image-847\" style=\"width: 150px;\" src=\"http:\/\/www.meatprocessingmachine.org\/wp-content\/uploads\/2020\/10\/vacuum-meat-mixer-machine.jpg\" alt=\"vacuum meat mixer machine\" title=\"\" srcset=\"https:\/\/www.meatprocessingmachine.org\/wp-content\/uploads\/2020\/10\/vacuum-meat-mixer-machine.jpg 550w, https:\/\/www.meatprocessingmachine.org\/wp-content\/uploads\/2020\/10\/vacuum-meat-mixer-machine-300x191.jpg 300w\" sizes=\"auto, (max-width: 150px) 100vw, 150px\" \/><\/td><td>Kinkhastighet: 100 g\u00e5nger\/min<br>Produktion: 200-300kg\/h<br>Kvantitativt intervall: 20-500g<br>Sp\u00e4nning: 220V \/ 50Hz<br>Arbetscentrets h\u00f6jd: 850mm<br>Total storlek 650*640*1430(mm)<br>Vikt: 145kg&nbsp;<\/td><\/tr><tr><td>4<\/td><td>Korvfyllningsmaskin<\/td><td>&nbsp;<img loading=\"lazy\" decoding=\"async\" width=\"150\" height=\"95\" class=\"wp-image-848\" style=\"width: 150px;\" src=\"http:\/\/www.meatprocessingmachine.org\/wp-content\/uploads\/2020\/10\/sausage-filling-machine.jpg\" alt=\"korvfyllningsmaskin\" title=\"\" srcset=\"https:\/\/www.meatprocessingmachine.org\/wp-content\/uploads\/2020\/10\/sausage-filling-machine.jpg 550w, https:\/\/www.meatprocessingmachine.org\/wp-content\/uploads\/2020\/10\/sausage-filling-machine-300x191.jpg 300w\" sizes=\"auto, (max-width: 150px) 100vw, 150px\" \/><\/td><td>Kinkhastighet: 100 g\u00e5nger\/min<br>Produktion: 200-300kg\/h<br>Kvantitativt intervall: 20-500g<br>Sp\u00e4nning: 220V \/ 50Hz<br>Arbetscentrets h\u00f6jd: 850mm<br>Total storlek 650*640*1430(mm)<br>Vikt: 145kg&nbsp;<\/td><\/tr><tr><td>5<\/td><td><a href=\"http:\/\/www.meatprocessingmachine.org\/sv\/meat-smoking-oven.html\/\">Korvr\u00f6kmaskin<\/a><\/td><td>&nbsp;<img loading=\"lazy\" decoding=\"async\" width=\"150\" height=\"95\" class=\"wp-image-849\" style=\"width: 150px;\" src=\"http:\/\/www.meatprocessingmachine.org\/wp-content\/uploads\/2020\/10\/sausage-smoking-machine.jpg\" alt=\"sausage smoking machine\" title=\"\" srcset=\"https:\/\/www.meatprocessingmachine.org\/wp-content\/uploads\/2020\/10\/sausage-smoking-machine.jpg 550w, https:\/\/www.meatprocessingmachine.org\/wp-content\/uploads\/2020\/10\/sausage-smoking-machine-300x191.jpg 300w\" sizes=\"auto, (max-width: 150px) 100vw, 150px\" \/><\/td><td>Kapacitet: 300-400kg\/h<br>Volym: 200L<br>Drivkraft: 2,75kw<br>Sp\u00e4nning: 380V 50Hz<br>Total storlek: 1400*670*1150mm&nbsp;<\/td><\/tr><tr><td>6<\/td><td>Vakuumf\u00f6rpackningsmaskin<\/td><td>&nbsp;<img loading=\"lazy\" decoding=\"async\" width=\"150\" height=\"95\" class=\"wp-image-850\" style=\"width: 150px;\" src=\"http:\/\/www.meatprocessingmachine.org\/wp-content\/uploads\/2020\/10\/sausage-packaging-machine.jpg\" alt=\"sausage packaging machine\" title=\"\" srcset=\"https:\/\/www.meatprocessingmachine.org\/wp-content\/uploads\/2020\/10\/sausage-packaging-machine.jpg 550w, https:\/\/www.meatprocessingmachine.org\/wp-content\/uploads\/2020\/10\/sausage-packaging-machine-300x191.jpg 300w\" sizes=\"auto, (max-width: 150px) 100vw, 150px\" \/><\/td><td>Pumpkraft: 2,25KW<br>V\u00e4rmef\u00f6rseglingseffekt: 1,5KW<br>Storlek: 1460*750*960mm<br>Vikt: 185kg<\/td><\/tr><\/tbody><\/table><\/figure>    <h2 class=\"wp-block-heading\" id=\"h-advantages-of-the-sausage-production-line\">F\u00f6rdelar med korvproduktionslinjen<\/h2>    <ol class=\"wp-block-list\"> <li>Korvbehandlingsanl\u00e4ggningen har h\u00f6g kapacitet, enkel drift och h\u00f6g investeringsavkastning.<\/li>    <li>Alla korvbehandlingsmaskiner \u00e4r tillverkade av livsmedelsklassad rostfri st\u00e5l, vilket uppfyller livsmedelss\u00e4kerhets- och sanit\u00e4ra standarder.<\/li>    <li>Alla maskiner f\u00f6r korvtillverkning i produktionslinjen styrs av automatiska peksk\u00e4rmar, och de elektriska komponenterna \u00e4r importerade f\u00f6r att s\u00e4kerst\u00e4lla maskinernas h\u00e5llbarhet.<\/li>    <li>Det slutgiltiga korvprodukten har bra f\u00e4rg och h\u00f6g kvalitet.<\/li>    <li>Sk\u00e4rmaskinen och enema-maskinen \u00e4r utrustade med s\u00e4kerhetsanordningar f\u00f6r att s\u00e4kerst\u00e4lla s\u00e4ker drift.<\/li>    <li>Korvproduktionslinjen har en kontinuerlig produktionskapacitet, snabb urladdningshastighet och stor produktionsutg\u00e5ng. Det \u00e4r en idealisk utrustning f\u00f6r korvtillverkning.<\/li> <\/ol>","protected":false},"excerpt":{"rendered":"<p>Salsuproduktionslinjen inneh\u00e5ller en serie salsatillverkningsmaskiner f\u00f6r att tillverka korv. Den har egenskaper som enkel drift, h\u00f6g produktion och l\u00e5ga investeringskostnader.<\/p>","protected":false},"author":1,"featured_media":853,"parent":0,"template":"","product-type":[597],"class_list":["post-839","product","type-product","status-publish","has-post-thumbnail","hentry","product-type-production-line"],"_links":{"self":[{"href":"https:\/\/www.meatprocessingmachine.org\/sv\/wp-json\/wp\/v2\/product\/839","targetHints":{"allow":["GET"]}}],"collection":[{"href":"https:\/\/www.meatprocessingmachine.org\/sv\/wp-json\/wp\/v2\/product"}],"about":[{"href":"https:\/\/www.meatprocessingmachine.org\/sv\/wp-json\/wp\/v2\/types\/product"}],"author":[{"embeddable":true,"href":"https:\/\/www.meatprocessingmachine.org\/sv\/wp-json\/wp\/v2\/users\/1"}],"wp:featuredmedia":[{"embeddable":true,"href":"https:\/\/www.meatprocessingmachine.org\/sv\/wp-json\/wp\/v2\/media\/853"}],"wp:attachment":[{"href":"https:\/\/www.meatprocessingmachine.org\/sv\/wp-json\/wp\/v2\/media?parent=839"}],"wp:term":[{"taxonomy":"product-type","embeddable":true,"href":"https:\/\/www.meatprocessingmachine.org\/sv\/wp-json\/wp\/v2\/product-type?post=839"}],"curies":[{"name":"wp","href":"https:\/\/api.w.org\/{rel}","templated":true}]}}